{"id":2443,"date":"2025-12-19T13:31:51","date_gmt":"2025-12-19T13:31:51","guid":{"rendered":"https:\/\/svpchem.eu\/produktas\/svp-feesto-aerosol-acrylic-paints-various-colours\/"},"modified":"2026-04-10T10:00:16","modified_gmt":"2026-04-10T10:00:16","slug":"svp-feesto-aerosol-acrylic-paints-various-colours","status":"publish","type":"product","link":"https:\/\/svpchem.eu\/en\/produktas\/svp-feesto-aerosol-acrylic-paints-various-colours\/","title":{"rendered":"SVP Feesto aerosol acrylic paints, various colours"},"content":{"rendered":"","protected":false},"excerpt":{"rendered":"<p><strong>Description:<br \/>\n<\/strong><br \/>\n Aerosol acrylic paints, based on synthetic acrylic polymers, are a convenient and effective solution. They are designed for the removal of minor car body defects, refurbishment and decoration of parts, guaranteeing a quality result without the need for special equipment.<br \/>\n<strong><br \/>\nKey features:<br \/>\n<\/strong><br \/>\n &#8211; Superior aesthetics &#8211; bright colour and high gloss.<br \/>\n&#8211; Colour stability &#8211; highly UV resistant, long lasting and non-fading.<br \/>\n&#8211; Fast drying &#8211; shortens repair times and reduces the likelihood of dust adhesion.<br \/>\n&#8211; Optimum adhesion &#8211; excellent adhesion to properly prepared surfaces (primer, metal, plastic).<\/p>\n<p><strong>Usage:<\/strong><\/p>\n<p>Simple aerosol dispensing allows easy and even distribution of the paint. Use on clean, prepared surfaces. <\/p>\n<p><strong>Advantages:<br \/>\n<\/strong><br \/>\n &#8211; Easy to use &#8211; no special painting equipment required.<br \/>\n&#8211; For precision refinishing &#8211; ideal for spot refurbishment of body elements.<br \/>\n&#8211; Reduced pollution &#8211; minimal environmental pollution, no cleaning waste.<br \/>\n&#8211; Complies with the standards &#8211; manufactured in compliance with EU directives for low VOC content.<\/p>\n<p><strong>Technical information:<br \/>\n<\/strong><br \/>\n &#8211; Capacity: 400 ml<br \/>\n&#8211; Base: Synthetic acrylic polymer base.<br \/>\n&#8211; Purpose: Removal of minor defects, refurbishment of parts (automotive and decor).<br \/>\n&#8211; Surface effect: High gloss is possible without additional varnish.<br \/>\n&#8211; Resistance: to UV rays and fading.<\/p>\n[svpral title=\"SVP Feesto aerosol acrylic paint\" size=\"28\" items=\"SVP Feesto, baltos spalvos, Nr. 40|9010; SVP Feesto, baltos spalvos, matiniai, Nr. 1007|9010; SVP Feesto, juodos spalvos, blizgantys, Nr. 39|9005; SVP Feesto, juodos spalvos, matiniai, Nr. 4|9005; SVP Feesto, sidabro spalvos, Nr. 36|9006; SVP Feesto, aukso spalvos, Nr. 35|1036; SVP Feesto, bespalvis lakas|SK; SVP Feesto, bronzin\u0117s spalvos, Nr. 132|8029; SVP Feesto, ry\u0161kiai geltonos spalvos, Nr. 25|1003; SVP Feesto, \u0161iltos geltonos spalvos, Nr. 41|1018; SVP Feesto, tamsiai geltonos spalvos, Nr. 31|1028; SVP Feesto, geltonos kremin\u0117s spalvos, Nr. 33|1017; SVP Feesto, raudonos marso spalvos, Nr. 8|3013; SVP Feesto, raudonos spalvos, Nr. 14|2002; SVP Feesto, raudonos oran\u017ein\u0117s spalvos, Nr. 6|3000; SVP Feesto, raudonos purpurin\u0117s spalvos, Nr. 23|3003; SVP Feesto, tamsiai raudonos spalvos, Nr. 137|3004; SVP Feesto, \u0161viesiai rudos spalvos, Nr. 135|8017; SVP Feesto, deimantin\u0117s m\u0117lynos spalvos, Nr. 133|5015; SVP Feesto, tamsiai m\u0117lynos spalvos, Nr. 21|5010; SVP Feesto, m\u0117lynos Isuzu spalvos, Nr. 312|5005; SVP Feesto, ultramarinin\u0117s m\u0117lynos spalvos, Nr. 15|5002; SVP Feesto safyrin\u0117s m\u0117lynos Nr. 219|5003; SVP Feesto, pilkos spalvos, Nr. 301|7031; SVP Feesto, \u0161viesiai pilkos spalvos, Nr. 335|7000; SVP Feesto, \u017ealios kelinink\u0173 spalvos, Nr. 13|6024; SVP Feesto, ry\u0161kiai \u017ealios spalvos, Nr. 27|6018; SVP Feesto, sodriai \u017ealios spalvos, Nr. 37|6026; SVP Feesto, tamsiai \u017ealios spalvos, Nr. 77|6005; SVP Feesto, antracito pilkos spalvos|7016; SVP Feesto, grafito pilkos spalvos|7024\"]\n<p><strong><br \/>\nRemark.<\/strong>  We can produce any RAL colour you wish.<\/p>\n","protected":false},"featured_media":2487,"template":"","meta":[],"product_brand":[],"product_cat":[155],"product_tag":[],"class_list":{"0":"post-2443","1":"product","2":"type-product","3":"status-publish","4":"has-post-thumbnail","6":"product_cat-aerosol-acrylic-paints","7":"pa_brand-svp","8":"pa_kiekis_dz-172","9":"pa_kiekis_pk-173","10":"pa_talpa-400ml","12":"first","13":"instock","14":"shipping-taxable","15":"product-type-variable"},"yoast_head":"<!-- This site is optimized with the Yoast SEO plugin v27.3 - https:\/\/yoast.com\/product\/yoast-seo-wordpress\/ -->\n<title>SVP Feesto aerosol acrylic paints, various colours - svpchem.eu<\/title>\n<meta name=\"description\" content=\"SVP FEESTO aerosol acrylic paints - multi-colour spray paints for metal, wood, plastic and other surfaces. Quick drying, good coverage and a smooth, durable and aesthetic finish.\" \/>\n<meta name=\"robots\" content=\"index, follow, max-snippet:-1, max-image-preview:large, max-video-preview:-1\" \/>\n<link rel=\"canonical\" href=\"https:\/\/svpchem.eu\/en\/produktas\/svp-feesto-aerosol-acrylic-paints-various-colours\/\" \/>\n<meta property=\"og:locale\" content=\"en_US\" \/>\n<meta property=\"og:type\" content=\"article\" \/>\n<meta property=\"og:title\" content=\"SVP Feesto aerosol acrylic paints, various colours - svpchem.eu\" \/>\n<meta property=\"og:description\" content=\"SVP FEESTO aerosol acrylic paints - multi-colour spray paints for metal, wood, plastic and other surfaces. Quick drying, good coverage and a smooth, durable and aesthetic finish.\" \/>\n<meta property=\"og:url\" content=\"https:\/\/svpchem.eu\/en\/produktas\/svp-feesto-aerosol-acrylic-paints-various-colours\/\" \/>\n<meta property=\"og:site_name\" content=\"svpchem.eu\" \/>\n<meta property=\"article:modified_time\" content=\"2026-04-10T10:00:16+00:00\" \/>\n<meta property=\"og:image\" content=\"https:\/\/svpchem.eu\/wp-content\/uploads\/2025\/12\/SVP-Feesto-raudonos-purpurines-spalvos-Nr.-23-N.jpg\" \/>\n\t<meta property=\"og:image:width\" content=\"1300\" \/>\n\t<meta property=\"og:image:height\" content=\"1300\" \/>\n\t<meta property=\"og:image:type\" content=\"image\/jpeg\" \/>\n<meta name=\"twitter:card\" content=\"summary_large_image\" \/>\n<script type=\"application\/ld+json\" class=\"yoast-schema-graph\">{\"@context\":\"https:\\\/\\\/schema.org\",\"@graph\":[{\"@type\":\"WebPage\",\"@id\":\"https:\\\/\\\/svpchem.eu\\\/en\\\/produktas\\\/svp-feesto-aerosol-acrylic-paints-various-colours\\\/\",\"url\":\"https:\\\/\\\/svpchem.eu\\\/en\\\/produktas\\\/svp-feesto-aerosol-acrylic-paints-various-colours\\\/\",\"name\":\"SVP Feesto aerosol acrylic paints, various colours - svpchem.eu\",\"isPartOf\":{\"@id\":\"https:\\\/\\\/svpchem.eu\\\/en\\\/#website\"},\"primaryImageOfPage\":{\"@id\":\"https:\\\/\\\/svpchem.eu\\\/en\\\/produktas\\\/svp-feesto-aerosol-acrylic-paints-various-colours\\\/#primaryimage\"},\"image\":{\"@id\":\"https:\\\/\\\/svpchem.eu\\\/en\\\/produktas\\\/svp-feesto-aerosol-acrylic-paints-various-colours\\\/#primaryimage\"},\"thumbnailUrl\":\"https:\\\/\\\/svpchem.eu\\\/wp-content\\\/uploads\\\/2025\\\/12\\\/SVP-Feesto-raudonos-purpurines-spalvos-Nr.-23-N.jpg\",\"datePublished\":\"2025-12-19T13:31:51+00:00\",\"dateModified\":\"2026-04-10T10:00:16+00:00\",\"description\":\"SVP FEESTO aerosol acrylic paints - multi-colour spray paints for metal, wood, plastic and other surfaces. Quick drying, good coverage and a smooth, durable and aesthetic finish.\",\"breadcrumb\":{\"@id\":\"https:\\\/\\\/svpchem.eu\\\/en\\\/produktas\\\/svp-feesto-aerosol-acrylic-paints-various-colours\\\/#breadcrumb\"},\"inLanguage\":\"en-US\",\"potentialAction\":[{\"@type\":\"ReadAction\",\"target\":[\"https:\\\/\\\/svpchem.eu\\\/en\\\/produktas\\\/svp-feesto-aerosol-acrylic-paints-various-colours\\\/\"]}]},{\"@type\":\"ImageObject\",\"inLanguage\":\"en-US\",\"@id\":\"https:\\\/\\\/svpchem.eu\\\/en\\\/produktas\\\/svp-feesto-aerosol-acrylic-paints-various-colours\\\/#primaryimage\",\"url\":\"https:\\\/\\\/svpchem.eu\\\/wp-content\\\/uploads\\\/2025\\\/12\\\/SVP-Feesto-raudonos-purpurines-spalvos-Nr.-23-N.jpg\",\"contentUrl\":\"https:\\\/\\\/svpchem.eu\\\/wp-content\\\/uploads\\\/2025\\\/12\\\/SVP-Feesto-raudonos-purpurines-spalvos-Nr.-23-N.jpg\",\"width\":1300,\"height\":1300},{\"@type\":\"BreadcrumbList\",\"@id\":\"https:\\\/\\\/svpchem.eu\\\/en\\\/produktas\\\/svp-feesto-aerosol-acrylic-paints-various-colours\\\/#breadcrumb\",\"itemListElement\":[{\"@type\":\"ListItem\",\"position\":1,\"name\":\"Home\",\"item\":\"https:\\\/\\\/svpchem.eu\\\/en\\\/about-us\\\/\"},{\"@type\":\"ListItem\",\"position\":2,\"name\":\"Shop\",\"item\":\"https:\\\/\\\/svpchem.eu\\\/en\\\/shop\\\/\"},{\"@type\":\"ListItem\",\"position\":3,\"name\":\"SVP Feesto aerosol acrylic paints, various colours\"}]},{\"@type\":\"WebSite\",\"@id\":\"https:\\\/\\\/svpchem.eu\\\/en\\\/#website\",\"url\":\"https:\\\/\\\/svpchem.eu\\\/en\\\/\",\"name\":\"svpchem.eu\",\"description\":\"\",\"publisher\":{\"@id\":\"https:\\\/\\\/svpchem.eu\\\/en\\\/#organization\"},\"potentialAction\":[{\"@type\":\"SearchAction\",\"target\":{\"@type\":\"EntryPoint\",\"urlTemplate\":\"https:\\\/\\\/svpchem.eu\\\/en\\\/?s={search_term_string}\"},\"query-input\":{\"@type\":\"PropertyValueSpecification\",\"valueRequired\":true,\"valueName\":\"search_term_string\"}}],\"inLanguage\":\"en-US\"},{\"@type\":\"Organization\",\"@id\":\"https:\\\/\\\/svpchem.eu\\\/en\\\/#organization\",\"name\":\"svpchem.eu\",\"url\":\"https:\\\/\\\/svpchem.eu\\\/en\\\/\",\"logo\":{\"@type\":\"ImageObject\",\"inLanguage\":\"en-US\",\"@id\":\"https:\\\/\\\/svpchem.eu\\\/en\\\/#\\\/schema\\\/logo\\\/image\\\/\",\"url\":\"https:\\\/\\\/svpchem.eu\\\/wp-content\\\/uploads\\\/2025\\\/12\\\/logo_cropped_no_bg_20251217-1.png\",\"contentUrl\":\"https:\\\/\\\/svpchem.eu\\\/wp-content\\\/uploads\\\/2025\\\/12\\\/logo_cropped_no_bg_20251217-1.png\",\"width\":851,\"height\":430,\"caption\":\"svpchem.eu\"},\"image\":{\"@id\":\"https:\\\/\\\/svpchem.eu\\\/en\\\/#\\\/schema\\\/logo\\\/image\\\/\"}}]}<\/script>\n<!-- \/ Yoast SEO plugin. -->","yoast_head_json":{"title":"SVP Feesto aerosol acrylic paints, various colours - svpchem.eu","description":"SVP FEESTO aerosol acrylic paints - multi-colour spray paints for metal, wood, plastic and other surfaces. Quick drying, good coverage and a smooth, durable and aesthetic finish.","robots":{"index":"index","follow":"follow","max-snippet":"max-snippet:-1","max-image-preview":"max-image-preview:large","max-video-preview":"max-video-preview:-1"},"canonical":"https:\/\/svpchem.eu\/en\/produktas\/svp-feesto-aerosol-acrylic-paints-various-colours\/","og_locale":"en_US","og_type":"article","og_title":"SVP Feesto aerosol acrylic paints, various colours - svpchem.eu","og_description":"SVP FEESTO aerosol acrylic paints - multi-colour spray paints for metal, wood, plastic and other surfaces. Quick drying, good coverage and a smooth, durable and aesthetic finish.","og_url":"https:\/\/svpchem.eu\/en\/produktas\/svp-feesto-aerosol-acrylic-paints-various-colours\/","og_site_name":"svpchem.eu","article_modified_time":"2026-04-10T10:00:16+00:00","og_image":[{"width":1300,"height":1300,"url":"https:\/\/svpchem.eu\/wp-content\/uploads\/2025\/12\/SVP-Feesto-raudonos-purpurines-spalvos-Nr.-23-N.jpg","type":"image\/jpeg"}],"twitter_card":"summary_large_image","schema":{"@context":"https:\/\/schema.org","@graph":[{"@type":"WebPage","@id":"https:\/\/svpchem.eu\/en\/produktas\/svp-feesto-aerosol-acrylic-paints-various-colours\/","url":"https:\/\/svpchem.eu\/en\/produktas\/svp-feesto-aerosol-acrylic-paints-various-colours\/","name":"SVP Feesto aerosol acrylic paints, various colours - svpchem.eu","isPartOf":{"@id":"https:\/\/svpchem.eu\/en\/#website"},"primaryImageOfPage":{"@id":"https:\/\/svpchem.eu\/en\/produktas\/svp-feesto-aerosol-acrylic-paints-various-colours\/#primaryimage"},"image":{"@id":"https:\/\/svpchem.eu\/en\/produktas\/svp-feesto-aerosol-acrylic-paints-various-colours\/#primaryimage"},"thumbnailUrl":"https:\/\/svpchem.eu\/wp-content\/uploads\/2025\/12\/SVP-Feesto-raudonos-purpurines-spalvos-Nr.-23-N.jpg","datePublished":"2025-12-19T13:31:51+00:00","dateModified":"2026-04-10T10:00:16+00:00","description":"SVP FEESTO aerosol acrylic paints - multi-colour spray paints for metal, wood, plastic and other surfaces. Quick drying, good coverage and a smooth, durable and aesthetic finish.","breadcrumb":{"@id":"https:\/\/svpchem.eu\/en\/produktas\/svp-feesto-aerosol-acrylic-paints-various-colours\/#breadcrumb"},"inLanguage":"en-US","potentialAction":[{"@type":"ReadAction","target":["https:\/\/svpchem.eu\/en\/produktas\/svp-feesto-aerosol-acrylic-paints-various-colours\/"]}]},{"@type":"ImageObject","inLanguage":"en-US","@id":"https:\/\/svpchem.eu\/en\/produktas\/svp-feesto-aerosol-acrylic-paints-various-colours\/#primaryimage","url":"https:\/\/svpchem.eu\/wp-content\/uploads\/2025\/12\/SVP-Feesto-raudonos-purpurines-spalvos-Nr.-23-N.jpg","contentUrl":"https:\/\/svpchem.eu\/wp-content\/uploads\/2025\/12\/SVP-Feesto-raudonos-purpurines-spalvos-Nr.-23-N.jpg","width":1300,"height":1300},{"@type":"BreadcrumbList","@id":"https:\/\/svpchem.eu\/en\/produktas\/svp-feesto-aerosol-acrylic-paints-various-colours\/#breadcrumb","itemListElement":[{"@type":"ListItem","position":1,"name":"Home","item":"https:\/\/svpchem.eu\/en\/about-us\/"},{"@type":"ListItem","position":2,"name":"Shop","item":"https:\/\/svpchem.eu\/en\/shop\/"},{"@type":"ListItem","position":3,"name":"SVP Feesto aerosol acrylic paints, various colours"}]},{"@type":"WebSite","@id":"https:\/\/svpchem.eu\/en\/#website","url":"https:\/\/svpchem.eu\/en\/","name":"svpchem.eu","description":"","publisher":{"@id":"https:\/\/svpchem.eu\/en\/#organization"},"potentialAction":[{"@type":"SearchAction","target":{"@type":"EntryPoint","urlTemplate":"https:\/\/svpchem.eu\/en\/?s={search_term_string}"},"query-input":{"@type":"PropertyValueSpecification","valueRequired":true,"valueName":"search_term_string"}}],"inLanguage":"en-US"},{"@type":"Organization","@id":"https:\/\/svpchem.eu\/en\/#organization","name":"svpchem.eu","url":"https:\/\/svpchem.eu\/en\/","logo":{"@type":"ImageObject","inLanguage":"en-US","@id":"https:\/\/svpchem.eu\/en\/#\/schema\/logo\/image\/","url":"https:\/\/svpchem.eu\/wp-content\/uploads\/2025\/12\/logo_cropped_no_bg_20251217-1.png","contentUrl":"https:\/\/svpchem.eu\/wp-content\/uploads\/2025\/12\/logo_cropped_no_bg_20251217-1.png","width":851,"height":430,"caption":"svpchem.eu"},"image":{"@id":"https:\/\/svpchem.eu\/en\/#\/schema\/logo\/image\/"}}]}},"_links":{"self":[{"href":"https:\/\/svpchem.eu\/en\/wp-json\/wp\/v2\/product\/2443","targetHints":{"allow":["GET"]}}],"collection":[{"href":"https:\/\/svpchem.eu\/en\/wp-json\/wp\/v2\/product"}],"about":[{"href":"https:\/\/svpchem.eu\/en\/wp-json\/wp\/v2\/types\/product"}],"wp:featuredmedia":[{"embeddable":true,"href":"https:\/\/svpchem.eu\/en\/wp-json\/wp\/v2\/media\/2487"}],"wp:attachment":[{"href":"https:\/\/svpchem.eu\/en\/wp-json\/wp\/v2\/media?parent=2443"}],"wp:term":[{"taxonomy":"product_brand","embeddable":true,"href":"https:\/\/svpchem.eu\/en\/wp-json\/wp\/v2\/product_brand?post=2443"},{"taxonomy":"product_cat","embeddable":true,"href":"https:\/\/svpchem.eu\/en\/wp-json\/wp\/v2\/product_cat?post=2443"},{"taxonomy":"product_tag","embeddable":true,"href":"https:\/\/svpchem.eu\/en\/wp-json\/wp\/v2\/product_tag?post=2443"}],"curies":[{"name":"wp","href":"https:\/\/api.w.org\/{rel}","templated":true}]}}