{"id":2229,"date":"2025-12-19T13:31:55","date_gmt":"2025-12-19T13:31:55","guid":{"rendered":"https:\/\/svpchem.eu\/produktas\/svp-feesto-aerosoolfluorestseeruvad-varvid-erinevad-varvid\/"},"modified":"2026-04-10T09:59:06","modified_gmt":"2026-04-10T09:59:06","slug":"svp-feesto-aerosoolfluorestseeruvad-varvid-erinevad-varvid","status":"publish","type":"product","link":"https:\/\/svpchem.eu\/et\/produktas\/svp-feesto-aerosoolfluorestseeruvad-varvid-erinevad-varvid\/","title":{"rendered":"SVP Feesto aerosoolfluorestseeruvad v\u00e4rvid, erinevad v\u00e4rvid"},"content":{"rendered":"<p>\ud83c\udfa8 Saadaolevad v\u00e4rvid:<\/p>\n<p>\u25b8 Oran\u017e<br \/>\n\u25b8 Kollane<\/p>\n","protected":false},"excerpt":{"rendered":"<p><strong>Kirjeldus:<br \/>\n<\/strong><br \/>\n \u00c4\u00e4rmiselt erksad v\u00e4rvid, mis on n\u00e4htavad ka h\u00e4maras. Nii ohutusm\u00e4rgistuse kui ka dekoratiivsete v\u00f5i kunstiliste projektide jaoks. <\/p>\n<p><strong>Peamised omadused:<br \/>\n<\/strong><br \/>\n &#8211; Intensiivsed, helendavad v\u00e4rvid.<br \/>\n&#8211; UV-aktiveeritud, n\u00e4htav pimedas.<br \/>\n&#8211; Kiiresti kuivav ja kergesti pihustatav.<br \/>\n&#8211; Vastupidav keskkonnateguritele.<\/p>\n<p><strong>Kasutamine:<br \/>\n<\/strong><br \/>\n Kasutage puhastele, krunditud pindadele. Pihustage 25 cm kauguselt \u00f5hukese kihina. Heledama efekti saavutamiseks on soovitatav kasutada valget aluspinda.<br \/>\n<strong><br \/>\nEelised:<br \/>\n<\/strong><br \/>\n &#8211; Hea n\u00e4htavus \u00f6\u00f6sel v\u00f5i h\u00e4daolukordades.<br \/>\n&#8211; Sobib autodele, jalgratastele, spordivahenditele, dekoratsioonile.<br \/>\n&#8211; Vastupidav &#8211; vastupidav kulumisele ja pleekimisele.<\/p>\n<p><strong>Tehniline teave:<\/strong><\/p>\n<p>&#8211; Mahutavus: 400 ml.<br \/>\n&#8211; Kuivamisaeg: ~15 min.<br \/>\n&#8211; Soovitatav on kasutada kaitselakki, et efekt s\u00e4iliks kauem.<\/p>\n","protected":false},"featured_media":2239,"template":"","meta":[],"product_brand":[],"product_cat":[176],"product_tag":[],"class_list":{"0":"post-2229","1":"product","2":"type-product","3":"status-publish","4":"has-post-thumbnail","6":"product_cat-fluorestseeruvad-aerosoolvarvid","7":"pa_brand-svp","8":"pa_kiekis_dz-162","9":"pa_kiekis_pk-164","10":"pa_talpa-400ml","12":"first","13":"instock","14":"shipping-taxable","15":"product-type-simple"},"yoast_head":"<!-- This site is optimized with the Yoast SEO plugin v27.3 - https:\/\/yoast.com\/product\/yoast-seo-wordpress\/ -->\n<title>SVP Feesto aerosoolfluorestseeruvad v\u00e4rvid, erinevad v\u00e4rvid - svpchem.eu<\/title>\n<meta name=\"description\" content=\"SVP FEESTO fluorestseeruvad aerosoolv\u00e4rvid on intensiivse helendava efektiga erksav\u00e4rvilised pihustusv\u00e4rvid. Kiiresti kuivavad, hea katvusega ja sobivad kaunistamiseks, m\u00e4rgistamiseks ja loomingulisteks projektideks.\" \/>\n<meta name=\"robots\" content=\"index, follow, max-snippet:-1, max-image-preview:large, max-video-preview:-1\" \/>\n<link rel=\"canonical\" href=\"https:\/\/svpchem.eu\/et\/produktas\/svp-feesto-aerosoolfluorestseeruvad-varvid-erinevad-varvid\/\" \/>\n<meta property=\"og:locale\" content=\"et_EE\" \/>\n<meta property=\"og:type\" content=\"article\" \/>\n<meta property=\"og:title\" content=\"SVP Feesto aerosoolfluorestseeruvad v\u00e4rvid, erinevad v\u00e4rvid - svpchem.eu\" \/>\n<meta property=\"og:description\" content=\"SVP FEESTO fluorestseeruvad aerosoolv\u00e4rvid on intensiivse helendava efektiga erksav\u00e4rvilised pihustusv\u00e4rvid. Kiiresti kuivavad, hea katvusega ja sobivad kaunistamiseks, m\u00e4rgistamiseks ja loomingulisteks projektideks.\" \/>\n<meta property=\"og:url\" content=\"https:\/\/svpchem.eu\/et\/produktas\/svp-feesto-aerosoolfluorestseeruvad-varvid-erinevad-varvid\/\" \/>\n<meta property=\"og:site_name\" content=\"svpchem.eu\" \/>\n<meta property=\"article:modified_time\" content=\"2026-04-10T09:59:06+00:00\" \/>\n<meta property=\"og:image\" content=\"https:\/\/svpchem.eu\/wp-content\/uploads\/2025\/12\/SVP-Feesto-fluorescenciniai-dazai-oranzines-spalvos-Nr.-1006-N.jpg\" \/>\n\t<meta property=\"og:image:width\" content=\"1300\" \/>\n\t<meta property=\"og:image:height\" content=\"1300\" \/>\n\t<meta property=\"og:image:type\" content=\"image\/jpeg\" \/>\n<meta name=\"twitter:card\" content=\"summary_large_image\" \/>\n<script type=\"application\/ld+json\" class=\"yoast-schema-graph\">{\"@context\":\"https:\\\/\\\/schema.org\",\"@graph\":[{\"@type\":\"WebPage\",\"@id\":\"https:\\\/\\\/svpchem.eu\\\/et\\\/produktas\\\/svp-feesto-aerosoolfluorestseeruvad-varvid-erinevad-varvid\\\/\",\"url\":\"https:\\\/\\\/svpchem.eu\\\/et\\\/produktas\\\/svp-feesto-aerosoolfluorestseeruvad-varvid-erinevad-varvid\\\/\",\"name\":\"SVP Feesto aerosoolfluorestseeruvad v\u00e4rvid, erinevad v\u00e4rvid - svpchem.eu\",\"isPartOf\":{\"@id\":\"https:\\\/\\\/svpchem.eu\\\/et\\\/#website\"},\"primaryImageOfPage\":{\"@id\":\"https:\\\/\\\/svpchem.eu\\\/et\\\/produktas\\\/svp-feesto-aerosoolfluorestseeruvad-varvid-erinevad-varvid\\\/#primaryimage\"},\"image\":{\"@id\":\"https:\\\/\\\/svpchem.eu\\\/et\\\/produktas\\\/svp-feesto-aerosoolfluorestseeruvad-varvid-erinevad-varvid\\\/#primaryimage\"},\"thumbnailUrl\":\"https:\\\/\\\/svpchem.eu\\\/wp-content\\\/uploads\\\/2025\\\/12\\\/SVP-Feesto-fluorescenciniai-dazai-oranzines-spalvos-Nr.-1006-N.jpg\",\"datePublished\":\"2025-12-19T13:31:55+00:00\",\"dateModified\":\"2026-04-10T09:59:06+00:00\",\"description\":\"SVP FEESTO fluorestseeruvad aerosoolv\u00e4rvid on intensiivse helendava efektiga erksav\u00e4rvilised pihustusv\u00e4rvid. Kiiresti kuivavad, hea katvusega ja sobivad kaunistamiseks, m\u00e4rgistamiseks ja loomingulisteks projektideks.\",\"breadcrumb\":{\"@id\":\"https:\\\/\\\/svpchem.eu\\\/et\\\/produktas\\\/svp-feesto-aerosoolfluorestseeruvad-varvid-erinevad-varvid\\\/#breadcrumb\"},\"inLanguage\":\"et\",\"potentialAction\":[{\"@type\":\"ReadAction\",\"target\":[\"https:\\\/\\\/svpchem.eu\\\/et\\\/produktas\\\/svp-feesto-aerosoolfluorestseeruvad-varvid-erinevad-varvid\\\/\"]}]},{\"@type\":\"ImageObject\",\"inLanguage\":\"et\",\"@id\":\"https:\\\/\\\/svpchem.eu\\\/et\\\/produktas\\\/svp-feesto-aerosoolfluorestseeruvad-varvid-erinevad-varvid\\\/#primaryimage\",\"url\":\"https:\\\/\\\/svpchem.eu\\\/wp-content\\\/uploads\\\/2025\\\/12\\\/SVP-Feesto-fluorescenciniai-dazai-oranzines-spalvos-Nr.-1006-N.jpg\",\"contentUrl\":\"https:\\\/\\\/svpchem.eu\\\/wp-content\\\/uploads\\\/2025\\\/12\\\/SVP-Feesto-fluorescenciniai-dazai-oranzines-spalvos-Nr.-1006-N.jpg\",\"width\":1300,\"height\":1300},{\"@type\":\"BreadcrumbList\",\"@id\":\"https:\\\/\\\/svpchem.eu\\\/et\\\/produktas\\\/svp-feesto-aerosoolfluorestseeruvad-varvid-erinevad-varvid\\\/#breadcrumb\",\"itemListElement\":[{\"@type\":\"ListItem\",\"position\":1,\"name\":\"Kodu\",\"item\":\"https:\\\/\\\/svpchem.eu\\\/et\\\/meie-kohta\\\/\"},{\"@type\":\"ListItem\",\"position\":2,\"name\":\"Pood\",\"item\":\"https:\\\/\\\/svpchem.eu\\\/et\\\/pood\\\/\"},{\"@type\":\"ListItem\",\"position\":3,\"name\":\"SVP Feesto aerosoolfluorestseeruvad v\u00e4rvid, erinevad v\u00e4rvid\"}]},{\"@type\":\"WebSite\",\"@id\":\"https:\\\/\\\/svpchem.eu\\\/et\\\/#website\",\"url\":\"https:\\\/\\\/svpchem.eu\\\/et\\\/\",\"name\":\"svpchem.eu\",\"description\":\"\",\"publisher\":{\"@id\":\"https:\\\/\\\/svpchem.eu\\\/et\\\/#organization\"},\"potentialAction\":[{\"@type\":\"SearchAction\",\"target\":{\"@type\":\"EntryPoint\",\"urlTemplate\":\"https:\\\/\\\/svpchem.eu\\\/et\\\/?s={search_term_string}\"},\"query-input\":{\"@type\":\"PropertyValueSpecification\",\"valueRequired\":true,\"valueName\":\"search_term_string\"}}],\"inLanguage\":\"et\"},{\"@type\":\"Organization\",\"@id\":\"https:\\\/\\\/svpchem.eu\\\/et\\\/#organization\",\"name\":\"svpchem.eu\",\"url\":\"https:\\\/\\\/svpchem.eu\\\/et\\\/\",\"logo\":{\"@type\":\"ImageObject\",\"inLanguage\":\"et\",\"@id\":\"https:\\\/\\\/svpchem.eu\\\/et\\\/#\\\/schema\\\/logo\\\/image\\\/\",\"url\":\"https:\\\/\\\/svpchem.eu\\\/wp-content\\\/uploads\\\/2025\\\/12\\\/logo_cropped_no_bg_20251217-1.png\",\"contentUrl\":\"https:\\\/\\\/svpchem.eu\\\/wp-content\\\/uploads\\\/2025\\\/12\\\/logo_cropped_no_bg_20251217-1.png\",\"width\":851,\"height\":430,\"caption\":\"svpchem.eu\"},\"image\":{\"@id\":\"https:\\\/\\\/svpchem.eu\\\/et\\\/#\\\/schema\\\/logo\\\/image\\\/\"}}]}<\/script>\n<!-- \/ Yoast SEO plugin. -->","yoast_head_json":{"title":"SVP Feesto aerosoolfluorestseeruvad v\u00e4rvid, erinevad v\u00e4rvid - svpchem.eu","description":"SVP FEESTO fluorestseeruvad aerosoolv\u00e4rvid on intensiivse helendava efektiga erksav\u00e4rvilised pihustusv\u00e4rvid. Kiiresti kuivavad, hea katvusega ja sobivad kaunistamiseks, m\u00e4rgistamiseks ja loomingulisteks projektideks.","robots":{"index":"index","follow":"follow","max-snippet":"max-snippet:-1","max-image-preview":"max-image-preview:large","max-video-preview":"max-video-preview:-1"},"canonical":"https:\/\/svpchem.eu\/et\/produktas\/svp-feesto-aerosoolfluorestseeruvad-varvid-erinevad-varvid\/","og_locale":"et_EE","og_type":"article","og_title":"SVP Feesto aerosoolfluorestseeruvad v\u00e4rvid, erinevad v\u00e4rvid - svpchem.eu","og_description":"SVP FEESTO fluorestseeruvad aerosoolv\u00e4rvid on intensiivse helendava efektiga erksav\u00e4rvilised pihustusv\u00e4rvid. Kiiresti kuivavad, hea katvusega ja sobivad kaunistamiseks, m\u00e4rgistamiseks ja loomingulisteks projektideks.","og_url":"https:\/\/svpchem.eu\/et\/produktas\/svp-feesto-aerosoolfluorestseeruvad-varvid-erinevad-varvid\/","og_site_name":"svpchem.eu","article_modified_time":"2026-04-10T09:59:06+00:00","og_image":[{"width":1300,"height":1300,"url":"https:\/\/svpchem.eu\/wp-content\/uploads\/2025\/12\/SVP-Feesto-fluorescenciniai-dazai-oranzines-spalvos-Nr.-1006-N.jpg","type":"image\/jpeg"}],"twitter_card":"summary_large_image","schema":{"@context":"https:\/\/schema.org","@graph":[{"@type":"WebPage","@id":"https:\/\/svpchem.eu\/et\/produktas\/svp-feesto-aerosoolfluorestseeruvad-varvid-erinevad-varvid\/","url":"https:\/\/svpchem.eu\/et\/produktas\/svp-feesto-aerosoolfluorestseeruvad-varvid-erinevad-varvid\/","name":"SVP Feesto aerosoolfluorestseeruvad v\u00e4rvid, erinevad v\u00e4rvid - svpchem.eu","isPartOf":{"@id":"https:\/\/svpchem.eu\/et\/#website"},"primaryImageOfPage":{"@id":"https:\/\/svpchem.eu\/et\/produktas\/svp-feesto-aerosoolfluorestseeruvad-varvid-erinevad-varvid\/#primaryimage"},"image":{"@id":"https:\/\/svpchem.eu\/et\/produktas\/svp-feesto-aerosoolfluorestseeruvad-varvid-erinevad-varvid\/#primaryimage"},"thumbnailUrl":"https:\/\/svpchem.eu\/wp-content\/uploads\/2025\/12\/SVP-Feesto-fluorescenciniai-dazai-oranzines-spalvos-Nr.-1006-N.jpg","datePublished":"2025-12-19T13:31:55+00:00","dateModified":"2026-04-10T09:59:06+00:00","description":"SVP FEESTO fluorestseeruvad aerosoolv\u00e4rvid on intensiivse helendava efektiga erksav\u00e4rvilised pihustusv\u00e4rvid. Kiiresti kuivavad, hea katvusega ja sobivad kaunistamiseks, m\u00e4rgistamiseks ja loomingulisteks projektideks.","breadcrumb":{"@id":"https:\/\/svpchem.eu\/et\/produktas\/svp-feesto-aerosoolfluorestseeruvad-varvid-erinevad-varvid\/#breadcrumb"},"inLanguage":"et","potentialAction":[{"@type":"ReadAction","target":["https:\/\/svpchem.eu\/et\/produktas\/svp-feesto-aerosoolfluorestseeruvad-varvid-erinevad-varvid\/"]}]},{"@type":"ImageObject","inLanguage":"et","@id":"https:\/\/svpchem.eu\/et\/produktas\/svp-feesto-aerosoolfluorestseeruvad-varvid-erinevad-varvid\/#primaryimage","url":"https:\/\/svpchem.eu\/wp-content\/uploads\/2025\/12\/SVP-Feesto-fluorescenciniai-dazai-oranzines-spalvos-Nr.-1006-N.jpg","contentUrl":"https:\/\/svpchem.eu\/wp-content\/uploads\/2025\/12\/SVP-Feesto-fluorescenciniai-dazai-oranzines-spalvos-Nr.-1006-N.jpg","width":1300,"height":1300},{"@type":"BreadcrumbList","@id":"https:\/\/svpchem.eu\/et\/produktas\/svp-feesto-aerosoolfluorestseeruvad-varvid-erinevad-varvid\/#breadcrumb","itemListElement":[{"@type":"ListItem","position":1,"name":"Kodu","item":"https:\/\/svpchem.eu\/et\/meie-kohta\/"},{"@type":"ListItem","position":2,"name":"Pood","item":"https:\/\/svpchem.eu\/et\/pood\/"},{"@type":"ListItem","position":3,"name":"SVP Feesto aerosoolfluorestseeruvad v\u00e4rvid, erinevad v\u00e4rvid"}]},{"@type":"WebSite","@id":"https:\/\/svpchem.eu\/et\/#website","url":"https:\/\/svpchem.eu\/et\/","name":"svpchem.eu","description":"","publisher":{"@id":"https:\/\/svpchem.eu\/et\/#organization"},"potentialAction":[{"@type":"SearchAction","target":{"@type":"EntryPoint","urlTemplate":"https:\/\/svpchem.eu\/et\/?s={search_term_string}"},"query-input":{"@type":"PropertyValueSpecification","valueRequired":true,"valueName":"search_term_string"}}],"inLanguage":"et"},{"@type":"Organization","@id":"https:\/\/svpchem.eu\/et\/#organization","name":"svpchem.eu","url":"https:\/\/svpchem.eu\/et\/","logo":{"@type":"ImageObject","inLanguage":"et","@id":"https:\/\/svpchem.eu\/et\/#\/schema\/logo\/image\/","url":"https:\/\/svpchem.eu\/wp-content\/uploads\/2025\/12\/logo_cropped_no_bg_20251217-1.png","contentUrl":"https:\/\/svpchem.eu\/wp-content\/uploads\/2025\/12\/logo_cropped_no_bg_20251217-1.png","width":851,"height":430,"caption":"svpchem.eu"},"image":{"@id":"https:\/\/svpchem.eu\/et\/#\/schema\/logo\/image\/"}}]}},"_links":{"self":[{"href":"https:\/\/svpchem.eu\/et\/wp-json\/wp\/v2\/product\/2229","targetHints":{"allow":["GET"]}}],"collection":[{"href":"https:\/\/svpchem.eu\/et\/wp-json\/wp\/v2\/product"}],"about":[{"href":"https:\/\/svpchem.eu\/et\/wp-json\/wp\/v2\/types\/product"}],"wp:featuredmedia":[{"embeddable":true,"href":"https:\/\/svpchem.eu\/et\/wp-json\/wp\/v2\/media\/2239"}],"wp:attachment":[{"href":"https:\/\/svpchem.eu\/et\/wp-json\/wp\/v2\/media?parent=2229"}],"wp:term":[{"taxonomy":"product_brand","embeddable":true,"href":"https:\/\/svpchem.eu\/et\/wp-json\/wp\/v2\/product_brand?post=2229"},{"taxonomy":"product_cat","embeddable":true,"href":"https:\/\/svpchem.eu\/et\/wp-json\/wp\/v2\/product_cat?post=2229"},{"taxonomy":"product_tag","embeddable":true,"href":"https:\/\/svpchem.eu\/et\/wp-json\/wp\/v2\/product_tag?post=2229"}],"curies":[{"name":"wp","href":"https:\/\/api.w.org\/{rel}","templated":true}]}}