{"id":2272,"date":"2025-12-19T13:31:54","date_gmt":"2025-12-19T13:31:54","guid":{"rendered":"https:\/\/svpchem.eu\/produktas\/svp-feesto-kummivarv-dip-kooritav-erinevad-varvid\/"},"modified":"2026-04-10T09:59:13","modified_gmt":"2026-04-10T09:59:13","slug":"svp-feesto-kummivarv-dip-kooritav-erinevad-varvid","status":"publish","type":"product","link":"https:\/\/svpchem.eu\/et\/produktas\/svp-feesto-kummivarv-dip-kooritav-erinevad-varvid\/","title":{"rendered":"SVP Feesto kummiv\u00e4rv DIP (kooritav), erinevad v\u00e4rvid"},"content":{"rendered":"<p>\ud83c\udfa8 Saadaolevad v\u00e4rvid:<\/p>\n<p>\u25b8 Oran\u017eikas v\u00e4rv<br \/>\n\u25b8 Valge v\u00e4rv<br \/>\n\u25b8 Kollane v\u00e4rv \u25b8 Kollane v\u00e4rv<\/p>\n","protected":false},"excerpt":{"rendered":"<p><strong>Kirjeldus:<br \/>\n<\/strong><br \/>\n Kummi aerosoolv\u00e4rvid &#8211; need ei v\u00f5imalda mitte ainult muuta pinna v\u00e4rvi, vaid neid on ka lihtne hiljem eemaldada. Pakub t\u00e4iendavat kaitset keskkonnam\u00f5jude eest. <\/p>\n<p><strong>Peamised omadused:<br \/>\n<\/strong><br \/>\n &#8211; Paindlik kate &#8211; pragudele vastupidav.<br \/>\n&#8211; Kaitseb ajutiselt pinda kriimustuste, korrosiooni ja niiskuse eest.<br \/>\n&#8211; Saab kergesti maha koorida, kahjustamata aluspinda.<br \/>\n&#8211; Sobib kasutamiseks metalli-, klaas- ja plastpindadel.<\/p>\n<p><strong>Kasutamine:<br \/>\n<\/strong><br \/>\n Kandke \u00f5hukese, \u00fchtlase kihina (soovitatav on 4-5 kihti). Loksutada h\u00e4sti, kuivada kihide vahel 10-15 minutit. Kanda ainult kuivale, puhtale pinnale.  <\/p>\n<p><strong>Eelised:<br \/>\n<\/strong><br \/>\n &#8211; Lihtne v\u00e4rvimuutus ilma lihvimise v\u00f5i lakkimiseta.<br \/>\n&#8211; Ohutu viis autoosade kaitsmiseks keskkonna eest.<br \/>\n&#8211; Saab kasutada hooajaliste projektide puhul.<br \/>\n<strong><br \/>\nTehniline teave:<br \/>\n<\/strong><br \/>\n &#8211; Mahutavus: 400 ml.<br \/>\n&#8211; Pinnaefekt: matt.<br \/>\n&#8211; Eemaldamine: saab maha koorida nagu kile.<\/p>\n","protected":false},"featured_media":2276,"template":"","meta":[],"product_brand":[],"product_cat":[182],"product_tag":[],"class_list":{"0":"post-2272","1":"product","2":"type-product","3":"status-publish","4":"has-post-thumbnail","6":"product_cat-aerosoolkummivarv-dip-kooritav","7":"pa_brand-svp","8":"pa_kiekis_dz-162","9":"pa_kiekis_pk-164","10":"pa_talpa-400ml","12":"first","13":"instock","14":"shipping-taxable","15":"product-type-simple"},"yoast_head":"<!-- This site is optimized with the Yoast SEO plugin v27.3 - https:\/\/yoast.com\/product\/yoast-seo-wordpress\/ -->\n<title>SVP Feesto kummiv\u00e4rv DIP (kooritav), erinevad v\u00e4rvid - svpchem.eu<\/title>\n<meta name=\"description\" content=\"SVP FEESTO Kummiv\u00e4rv DIP - kooritav aerosoolv\u00e4rv ajutiste katete tegemiseks. Moodustab paindliku, eemaldatava katte, mis kaitseb pinda ja v\u00f5imaldab lihtsat v\u00e4rvimuutust ilma pikaajalise kohustuseta.\" \/>\n<meta name=\"robots\" content=\"index, follow, max-snippet:-1, max-image-preview:large, max-video-preview:-1\" \/>\n<link rel=\"canonical\" href=\"https:\/\/svpchem.eu\/et\/produktas\/svp-feesto-kummivarv-dip-kooritav-erinevad-varvid\/\" \/>\n<meta property=\"og:locale\" content=\"et_EE\" \/>\n<meta property=\"og:type\" content=\"article\" \/>\n<meta property=\"og:title\" content=\"SVP Feesto kummiv\u00e4rv DIP (kooritav), erinevad v\u00e4rvid - svpchem.eu\" \/>\n<meta property=\"og:description\" content=\"SVP FEESTO Kummiv\u00e4rv DIP - kooritav aerosoolv\u00e4rv ajutiste katete tegemiseks. Moodustab paindliku, eemaldatava katte, mis kaitseb pinda ja v\u00f5imaldab lihtsat v\u00e4rvimuutust ilma pikaajalise kohustuseta.\" \/>\n<meta property=\"og:url\" content=\"https:\/\/svpchem.eu\/et\/produktas\/svp-feesto-kummivarv-dip-kooritav-erinevad-varvid\/\" \/>\n<meta property=\"og:site_name\" content=\"svpchem.eu\" \/>\n<meta property=\"article:modified_time\" content=\"2026-04-10T09:59:13+00:00\" \/>\n<meta property=\"og:image\" content=\"https:\/\/svpchem.eu\/wp-content\/uploads\/2025\/12\/SVP-Feesto-gumos-dazai-DIP-oranzines-spalvos.png\" \/>\n\t<meta property=\"og:image:width\" content=\"1300\" \/>\n\t<meta property=\"og:image:height\" content=\"1300\" \/>\n\t<meta property=\"og:image:type\" content=\"image\/png\" \/>\n<meta name=\"twitter:card\" content=\"summary_large_image\" \/>\n<script type=\"application\/ld+json\" class=\"yoast-schema-graph\">{\"@context\":\"https:\\\/\\\/schema.org\",\"@graph\":[{\"@type\":\"WebPage\",\"@id\":\"https:\\\/\\\/svpchem.eu\\\/et\\\/produktas\\\/svp-feesto-kummivarv-dip-kooritav-erinevad-varvid\\\/\",\"url\":\"https:\\\/\\\/svpchem.eu\\\/et\\\/produktas\\\/svp-feesto-kummivarv-dip-kooritav-erinevad-varvid\\\/\",\"name\":\"SVP Feesto kummiv\u00e4rv DIP (kooritav), erinevad v\u00e4rvid - svpchem.eu\",\"isPartOf\":{\"@id\":\"https:\\\/\\\/svpchem.eu\\\/et\\\/#website\"},\"primaryImageOfPage\":{\"@id\":\"https:\\\/\\\/svpchem.eu\\\/et\\\/produktas\\\/svp-feesto-kummivarv-dip-kooritav-erinevad-varvid\\\/#primaryimage\"},\"image\":{\"@id\":\"https:\\\/\\\/svpchem.eu\\\/et\\\/produktas\\\/svp-feesto-kummivarv-dip-kooritav-erinevad-varvid\\\/#primaryimage\"},\"thumbnailUrl\":\"https:\\\/\\\/svpchem.eu\\\/wp-content\\\/uploads\\\/2025\\\/12\\\/SVP-Feesto-gumos-dazai-DIP-oranzines-spalvos.png\",\"datePublished\":\"2025-12-19T13:31:54+00:00\",\"dateModified\":\"2026-04-10T09:59:13+00:00\",\"description\":\"SVP FEESTO Kummiv\u00e4rv DIP - kooritav aerosoolv\u00e4rv ajutiste katete tegemiseks. Moodustab paindliku, eemaldatava katte, mis kaitseb pinda ja v\u00f5imaldab lihtsat v\u00e4rvimuutust ilma pikaajalise kohustuseta.\",\"breadcrumb\":{\"@id\":\"https:\\\/\\\/svpchem.eu\\\/et\\\/produktas\\\/svp-feesto-kummivarv-dip-kooritav-erinevad-varvid\\\/#breadcrumb\"},\"inLanguage\":\"et\",\"potentialAction\":[{\"@type\":\"ReadAction\",\"target\":[\"https:\\\/\\\/svpchem.eu\\\/et\\\/produktas\\\/svp-feesto-kummivarv-dip-kooritav-erinevad-varvid\\\/\"]}]},{\"@type\":\"ImageObject\",\"inLanguage\":\"et\",\"@id\":\"https:\\\/\\\/svpchem.eu\\\/et\\\/produktas\\\/svp-feesto-kummivarv-dip-kooritav-erinevad-varvid\\\/#primaryimage\",\"url\":\"https:\\\/\\\/svpchem.eu\\\/wp-content\\\/uploads\\\/2025\\\/12\\\/SVP-Feesto-gumos-dazai-DIP-oranzines-spalvos.png\",\"contentUrl\":\"https:\\\/\\\/svpchem.eu\\\/wp-content\\\/uploads\\\/2025\\\/12\\\/SVP-Feesto-gumos-dazai-DIP-oranzines-spalvos.png\",\"width\":1300,\"height\":1300},{\"@type\":\"BreadcrumbList\",\"@id\":\"https:\\\/\\\/svpchem.eu\\\/et\\\/produktas\\\/svp-feesto-kummivarv-dip-kooritav-erinevad-varvid\\\/#breadcrumb\",\"itemListElement\":[{\"@type\":\"ListItem\",\"position\":1,\"name\":\"Kodu\",\"item\":\"https:\\\/\\\/svpchem.eu\\\/et\\\/meie-kohta\\\/\"},{\"@type\":\"ListItem\",\"position\":2,\"name\":\"Pood\",\"item\":\"https:\\\/\\\/svpchem.eu\\\/et\\\/pood\\\/\"},{\"@type\":\"ListItem\",\"position\":3,\"name\":\"SVP Feesto kummiv\u00e4rv DIP (kooritav), erinevad v\u00e4rvid\"}]},{\"@type\":\"WebSite\",\"@id\":\"https:\\\/\\\/svpchem.eu\\\/et\\\/#website\",\"url\":\"https:\\\/\\\/svpchem.eu\\\/et\\\/\",\"name\":\"svpchem.eu\",\"description\":\"\",\"publisher\":{\"@id\":\"https:\\\/\\\/svpchem.eu\\\/et\\\/#organization\"},\"potentialAction\":[{\"@type\":\"SearchAction\",\"target\":{\"@type\":\"EntryPoint\",\"urlTemplate\":\"https:\\\/\\\/svpchem.eu\\\/et\\\/?s={search_term_string}\"},\"query-input\":{\"@type\":\"PropertyValueSpecification\",\"valueRequired\":true,\"valueName\":\"search_term_string\"}}],\"inLanguage\":\"et\"},{\"@type\":\"Organization\",\"@id\":\"https:\\\/\\\/svpchem.eu\\\/et\\\/#organization\",\"name\":\"svpchem.eu\",\"url\":\"https:\\\/\\\/svpchem.eu\\\/et\\\/\",\"logo\":{\"@type\":\"ImageObject\",\"inLanguage\":\"et\",\"@id\":\"https:\\\/\\\/svpchem.eu\\\/et\\\/#\\\/schema\\\/logo\\\/image\\\/\",\"url\":\"https:\\\/\\\/svpchem.eu\\\/wp-content\\\/uploads\\\/2025\\\/12\\\/logo_cropped_no_bg_20251217-1.png\",\"contentUrl\":\"https:\\\/\\\/svpchem.eu\\\/wp-content\\\/uploads\\\/2025\\\/12\\\/logo_cropped_no_bg_20251217-1.png\",\"width\":851,\"height\":430,\"caption\":\"svpchem.eu\"},\"image\":{\"@id\":\"https:\\\/\\\/svpchem.eu\\\/et\\\/#\\\/schema\\\/logo\\\/image\\\/\"}}]}<\/script>\n<!-- \/ Yoast SEO plugin. -->","yoast_head_json":{"title":"SVP Feesto kummiv\u00e4rv DIP (kooritav), erinevad v\u00e4rvid - svpchem.eu","description":"SVP FEESTO Kummiv\u00e4rv DIP - kooritav aerosoolv\u00e4rv ajutiste katete tegemiseks. Moodustab paindliku, eemaldatava katte, mis kaitseb pinda ja v\u00f5imaldab lihtsat v\u00e4rvimuutust ilma pikaajalise kohustuseta.","robots":{"index":"index","follow":"follow","max-snippet":"max-snippet:-1","max-image-preview":"max-image-preview:large","max-video-preview":"max-video-preview:-1"},"canonical":"https:\/\/svpchem.eu\/et\/produktas\/svp-feesto-kummivarv-dip-kooritav-erinevad-varvid\/","og_locale":"et_EE","og_type":"article","og_title":"SVP Feesto kummiv\u00e4rv DIP (kooritav), erinevad v\u00e4rvid - svpchem.eu","og_description":"SVP FEESTO Kummiv\u00e4rv DIP - kooritav aerosoolv\u00e4rv ajutiste katete tegemiseks. Moodustab paindliku, eemaldatava katte, mis kaitseb pinda ja v\u00f5imaldab lihtsat v\u00e4rvimuutust ilma pikaajalise kohustuseta.","og_url":"https:\/\/svpchem.eu\/et\/produktas\/svp-feesto-kummivarv-dip-kooritav-erinevad-varvid\/","og_site_name":"svpchem.eu","article_modified_time":"2026-04-10T09:59:13+00:00","og_image":[{"width":1300,"height":1300,"url":"https:\/\/svpchem.eu\/wp-content\/uploads\/2025\/12\/SVP-Feesto-gumos-dazai-DIP-oranzines-spalvos.png","type":"image\/png"}],"twitter_card":"summary_large_image","schema":{"@context":"https:\/\/schema.org","@graph":[{"@type":"WebPage","@id":"https:\/\/svpchem.eu\/et\/produktas\/svp-feesto-kummivarv-dip-kooritav-erinevad-varvid\/","url":"https:\/\/svpchem.eu\/et\/produktas\/svp-feesto-kummivarv-dip-kooritav-erinevad-varvid\/","name":"SVP Feesto kummiv\u00e4rv DIP (kooritav), erinevad v\u00e4rvid - svpchem.eu","isPartOf":{"@id":"https:\/\/svpchem.eu\/et\/#website"},"primaryImageOfPage":{"@id":"https:\/\/svpchem.eu\/et\/produktas\/svp-feesto-kummivarv-dip-kooritav-erinevad-varvid\/#primaryimage"},"image":{"@id":"https:\/\/svpchem.eu\/et\/produktas\/svp-feesto-kummivarv-dip-kooritav-erinevad-varvid\/#primaryimage"},"thumbnailUrl":"https:\/\/svpchem.eu\/wp-content\/uploads\/2025\/12\/SVP-Feesto-gumos-dazai-DIP-oranzines-spalvos.png","datePublished":"2025-12-19T13:31:54+00:00","dateModified":"2026-04-10T09:59:13+00:00","description":"SVP FEESTO Kummiv\u00e4rv DIP - kooritav aerosoolv\u00e4rv ajutiste katete tegemiseks. Moodustab paindliku, eemaldatava katte, mis kaitseb pinda ja v\u00f5imaldab lihtsat v\u00e4rvimuutust ilma pikaajalise kohustuseta.","breadcrumb":{"@id":"https:\/\/svpchem.eu\/et\/produktas\/svp-feesto-kummivarv-dip-kooritav-erinevad-varvid\/#breadcrumb"},"inLanguage":"et","potentialAction":[{"@type":"ReadAction","target":["https:\/\/svpchem.eu\/et\/produktas\/svp-feesto-kummivarv-dip-kooritav-erinevad-varvid\/"]}]},{"@type":"ImageObject","inLanguage":"et","@id":"https:\/\/svpchem.eu\/et\/produktas\/svp-feesto-kummivarv-dip-kooritav-erinevad-varvid\/#primaryimage","url":"https:\/\/svpchem.eu\/wp-content\/uploads\/2025\/12\/SVP-Feesto-gumos-dazai-DIP-oranzines-spalvos.png","contentUrl":"https:\/\/svpchem.eu\/wp-content\/uploads\/2025\/12\/SVP-Feesto-gumos-dazai-DIP-oranzines-spalvos.png","width":1300,"height":1300},{"@type":"BreadcrumbList","@id":"https:\/\/svpchem.eu\/et\/produktas\/svp-feesto-kummivarv-dip-kooritav-erinevad-varvid\/#breadcrumb","itemListElement":[{"@type":"ListItem","position":1,"name":"Kodu","item":"https:\/\/svpchem.eu\/et\/meie-kohta\/"},{"@type":"ListItem","position":2,"name":"Pood","item":"https:\/\/svpchem.eu\/et\/pood\/"},{"@type":"ListItem","position":3,"name":"SVP Feesto kummiv\u00e4rv DIP (kooritav), erinevad v\u00e4rvid"}]},{"@type":"WebSite","@id":"https:\/\/svpchem.eu\/et\/#website","url":"https:\/\/svpchem.eu\/et\/","name":"svpchem.eu","description":"","publisher":{"@id":"https:\/\/svpchem.eu\/et\/#organization"},"potentialAction":[{"@type":"SearchAction","target":{"@type":"EntryPoint","urlTemplate":"https:\/\/svpchem.eu\/et\/?s={search_term_string}"},"query-input":{"@type":"PropertyValueSpecification","valueRequired":true,"valueName":"search_term_string"}}],"inLanguage":"et"},{"@type":"Organization","@id":"https:\/\/svpchem.eu\/et\/#organization","name":"svpchem.eu","url":"https:\/\/svpchem.eu\/et\/","logo":{"@type":"ImageObject","inLanguage":"et","@id":"https:\/\/svpchem.eu\/et\/#\/schema\/logo\/image\/","url":"https:\/\/svpchem.eu\/wp-content\/uploads\/2025\/12\/logo_cropped_no_bg_20251217-1.png","contentUrl":"https:\/\/svpchem.eu\/wp-content\/uploads\/2025\/12\/logo_cropped_no_bg_20251217-1.png","width":851,"height":430,"caption":"svpchem.eu"},"image":{"@id":"https:\/\/svpchem.eu\/et\/#\/schema\/logo\/image\/"}}]}},"_links":{"self":[{"href":"https:\/\/svpchem.eu\/et\/wp-json\/wp\/v2\/product\/2272","targetHints":{"allow":["GET"]}}],"collection":[{"href":"https:\/\/svpchem.eu\/et\/wp-json\/wp\/v2\/product"}],"about":[{"href":"https:\/\/svpchem.eu\/et\/wp-json\/wp\/v2\/types\/product"}],"wp:featuredmedia":[{"embeddable":true,"href":"https:\/\/svpchem.eu\/et\/wp-json\/wp\/v2\/media\/2276"}],"wp:attachment":[{"href":"https:\/\/svpchem.eu\/et\/wp-json\/wp\/v2\/media?parent=2272"}],"wp:term":[{"taxonomy":"product_brand","embeddable":true,"href":"https:\/\/svpchem.eu\/et\/wp-json\/wp\/v2\/product_brand?post=2272"},{"taxonomy":"product_cat","embeddable":true,"href":"https:\/\/svpchem.eu\/et\/wp-json\/wp\/v2\/product_cat?post=2272"},{"taxonomy":"product_tag","embeddable":true,"href":"https:\/\/svpchem.eu\/et\/wp-json\/wp\/v2\/product_tag?post=2272"}],"curies":[{"name":"wp","href":"https:\/\/api.w.org\/{rel}","templated":true}]}}