{"id":2341,"date":"2025-12-19T13:31:54","date_gmt":"2025-12-19T13:31:54","guid":{"rendered":"https:\/\/svpchem.eu\/produktas\/svp-plastist-spoilerivarv-must\/"},"modified":"2026-04-10T09:59:12","modified_gmt":"2026-04-10T09:59:12","slug":"svp-plastist-spoilerivarv-must","status":"publish","type":"product","link":"https:\/\/svpchem.eu\/et\/produktas\/svp-plastist-spoilerivarv-must\/","title":{"rendered":"SVP plastist spoileriv\u00e4rv, must"},"content":{"rendered":"<p data-start=\"0\" data-end=\"19\">\ud83c\udfa8 Saadaolevad v\u00e4rvid:<\/p>\n<p data-start=\"21\" data-end=\"85\" data-is-last-node=\"\" data-is-only-node=\"\">\u25b8 Musta v\u00e4rvi<\/p>\n","protected":false},"excerpt":{"rendered":"<p><strong>Kirjeldus:<br \/>\n<\/strong><br \/>\n Aerosoolv\u00e4rvid, mis on spetsiaalselt loodud plastpindade katmiseks &#8211; alates autoosadest kuni v\u00e4lism\u00f6\u00f6blini. Tagab suurep\u00e4rase haardumise ja kauakestva esteetilise tulemuse.<br \/>\n<strong><br \/>\nPeamised omadused:<br \/>\n<\/strong><br \/>\n &#8211; Elastne koostis &#8211; ei pragune vibratsiooni v\u00f5i painutamise korral.<br \/>\n&#8211; Kandub h\u00e4sti plastile ilma t\u00e4iendava kruntimisvahendita.<br \/>\n&#8211; Vastupidav UV-kiirguse, niiskuse ja kemikaalide suhtes.<br \/>\n&#8211; Kiiresti kuivav ja saadaval on mitu l\u00e4ikivusastet.<br \/>\n<strong><br \/>\nKasutamine:<br \/>\n<\/strong><br \/>\n Pind peab olema puhas, kuiv ja rasvatustatud. Pihustada 20-30 cm kauguselt. Kanda \u00f5hukese kihina 2-3 korda, lastes pihustuste vahel kuivada.  <\/p>\n<p><strong>Eelised:<br \/>\n<\/strong><br \/>\n &#8211; Uuendab pleekinud plastosad.<br \/>\n&#8211; Pikaajaline v\u00e4rv ja kaitse.<br \/>\n&#8211; Sobib nii autodele kui ka siseruumidele ja aedadele.<\/p>\n<p><strong>Tehniline teave:<br \/>\n<\/strong><br \/>\n &#8211; Mahutavus: 400 ml.<br \/>\n&#8211; Saadaval l\u00e4ikiv, pooll\u00e4ikiv, matt.<br \/>\n&#8211; V\u00e4rvid: must, hall, antratsiit jne.<\/p>\n","protected":false},"featured_media":2350,"template":"","meta":[],"product_brand":[],"product_cat":[190],"product_tag":[],"class_list":{"0":"post-2341","1":"product","2":"type-product","3":"status-publish","4":"has-post-thumbnail","6":"product_cat-aerosoolvarv-plastist-spoilerite-jaoks","7":"pa_brand-svp","8":"pa_ean-4779032961226-0","9":"pa_kiekis_dz-162","10":"pa_kiekis_pk-164","11":"pa_talpa-400ml","13":"first","14":"instock","15":"shipping-taxable","16":"product-type-simple"},"yoast_head":"<!-- This site is optimized with the Yoast SEO plugin v27.3 - https:\/\/yoast.com\/product\/yoast-seo-wordpress\/ -->\n<title>SVP plastist spoileriv\u00e4rv, must - svpchem.eu<\/title>\n<meta name=\"description\" content=\"SVP Plastic Spoiler Paint (must) - spetsiaalne aerosoolv\u00e4rv autode plastosadele. See kleepub h\u00e4sti pinnale, taastab rikkaliku musta v\u00e4rvi ja annab vastupidava, kauakestva katte.\" \/>\n<meta name=\"robots\" content=\"index, follow, max-snippet:-1, max-image-preview:large, max-video-preview:-1\" \/>\n<link rel=\"canonical\" href=\"https:\/\/svpchem.eu\/et\/produktas\/svp-plastist-spoilerivarv-must\/\" \/>\n<meta property=\"og:locale\" content=\"et_EE\" \/>\n<meta property=\"og:type\" content=\"article\" \/>\n<meta property=\"og:title\" content=\"SVP plastist spoileriv\u00e4rv, must - svpchem.eu\" \/>\n<meta property=\"og:description\" content=\"SVP Plastic Spoiler Paint (must) - spetsiaalne aerosoolv\u00e4rv autode plastosadele. See kleepub h\u00e4sti pinnale, taastab rikkaliku musta v\u00e4rvi ja annab vastupidava, kauakestva katte.\" \/>\n<meta property=\"og:url\" content=\"https:\/\/svpchem.eu\/et\/produktas\/svp-plastist-spoilerivarv-must\/\" \/>\n<meta property=\"og:site_name\" content=\"svpchem.eu\" \/>\n<meta property=\"article:modified_time\" content=\"2026-04-10T09:59:12+00:00\" \/>\n<meta property=\"og:image\" content=\"https:\/\/svpchem.eu\/wp-content\/uploads\/2025\/12\/Plastiko-ir-spoileriu-dazai-RAL-9005-semi-gloss.jpg\" \/>\n\t<meta property=\"og:image:width\" content=\"1300\" \/>\n\t<meta property=\"og:image:height\" content=\"1300\" \/>\n\t<meta property=\"og:image:type\" content=\"image\/jpeg\" \/>\n<meta name=\"twitter:card\" content=\"summary_large_image\" \/>\n<script type=\"application\/ld+json\" class=\"yoast-schema-graph\">{\"@context\":\"https:\\\/\\\/schema.org\",\"@graph\":[{\"@type\":\"WebPage\",\"@id\":\"https:\\\/\\\/svpchem.eu\\\/et\\\/produktas\\\/svp-plastist-spoilerivarv-must\\\/\",\"url\":\"https:\\\/\\\/svpchem.eu\\\/et\\\/produktas\\\/svp-plastist-spoilerivarv-must\\\/\",\"name\":\"SVP plastist spoileriv\u00e4rv, must - svpchem.eu\",\"isPartOf\":{\"@id\":\"https:\\\/\\\/svpchem.eu\\\/et\\\/#website\"},\"primaryImageOfPage\":{\"@id\":\"https:\\\/\\\/svpchem.eu\\\/et\\\/produktas\\\/svp-plastist-spoilerivarv-must\\\/#primaryimage\"},\"image\":{\"@id\":\"https:\\\/\\\/svpchem.eu\\\/et\\\/produktas\\\/svp-plastist-spoilerivarv-must\\\/#primaryimage\"},\"thumbnailUrl\":\"https:\\\/\\\/svpchem.eu\\\/wp-content\\\/uploads\\\/2025\\\/12\\\/Plastiko-ir-spoileriu-dazai-RAL-9005-semi-gloss.jpg\",\"datePublished\":\"2025-12-19T13:31:54+00:00\",\"dateModified\":\"2026-04-10T09:59:12+00:00\",\"description\":\"SVP Plastic Spoiler Paint (must) - spetsiaalne aerosoolv\u00e4rv autode plastosadele. See kleepub h\u00e4sti pinnale, taastab rikkaliku musta v\u00e4rvi ja annab vastupidava, kauakestva katte.\",\"breadcrumb\":{\"@id\":\"https:\\\/\\\/svpchem.eu\\\/et\\\/produktas\\\/svp-plastist-spoilerivarv-must\\\/#breadcrumb\"},\"inLanguage\":\"et\",\"potentialAction\":[{\"@type\":\"ReadAction\",\"target\":[\"https:\\\/\\\/svpchem.eu\\\/et\\\/produktas\\\/svp-plastist-spoilerivarv-must\\\/\"]}]},{\"@type\":\"ImageObject\",\"inLanguage\":\"et\",\"@id\":\"https:\\\/\\\/svpchem.eu\\\/et\\\/produktas\\\/svp-plastist-spoilerivarv-must\\\/#primaryimage\",\"url\":\"https:\\\/\\\/svpchem.eu\\\/wp-content\\\/uploads\\\/2025\\\/12\\\/Plastiko-ir-spoileriu-dazai-RAL-9005-semi-gloss.jpg\",\"contentUrl\":\"https:\\\/\\\/svpchem.eu\\\/wp-content\\\/uploads\\\/2025\\\/12\\\/Plastiko-ir-spoileriu-dazai-RAL-9005-semi-gloss.jpg\",\"width\":1300,\"height\":1300},{\"@type\":\"BreadcrumbList\",\"@id\":\"https:\\\/\\\/svpchem.eu\\\/et\\\/produktas\\\/svp-plastist-spoilerivarv-must\\\/#breadcrumb\",\"itemListElement\":[{\"@type\":\"ListItem\",\"position\":1,\"name\":\"Kodu\",\"item\":\"https:\\\/\\\/svpchem.eu\\\/et\\\/meie-kohta\\\/\"},{\"@type\":\"ListItem\",\"position\":2,\"name\":\"Pood\",\"item\":\"https:\\\/\\\/svpchem.eu\\\/et\\\/pood\\\/\"},{\"@type\":\"ListItem\",\"position\":3,\"name\":\"SVP plastist spoileriv\u00e4rv, must\"}]},{\"@type\":\"WebSite\",\"@id\":\"https:\\\/\\\/svpchem.eu\\\/et\\\/#website\",\"url\":\"https:\\\/\\\/svpchem.eu\\\/et\\\/\",\"name\":\"svpchem.eu\",\"description\":\"\",\"publisher\":{\"@id\":\"https:\\\/\\\/svpchem.eu\\\/et\\\/#organization\"},\"potentialAction\":[{\"@type\":\"SearchAction\",\"target\":{\"@type\":\"EntryPoint\",\"urlTemplate\":\"https:\\\/\\\/svpchem.eu\\\/et\\\/?s={search_term_string}\"},\"query-input\":{\"@type\":\"PropertyValueSpecification\",\"valueRequired\":true,\"valueName\":\"search_term_string\"}}],\"inLanguage\":\"et\"},{\"@type\":\"Organization\",\"@id\":\"https:\\\/\\\/svpchem.eu\\\/et\\\/#organization\",\"name\":\"svpchem.eu\",\"url\":\"https:\\\/\\\/svpchem.eu\\\/et\\\/\",\"logo\":{\"@type\":\"ImageObject\",\"inLanguage\":\"et\",\"@id\":\"https:\\\/\\\/svpchem.eu\\\/et\\\/#\\\/schema\\\/logo\\\/image\\\/\",\"url\":\"https:\\\/\\\/svpchem.eu\\\/wp-content\\\/uploads\\\/2025\\\/12\\\/logo_cropped_no_bg_20251217-1.png\",\"contentUrl\":\"https:\\\/\\\/svpchem.eu\\\/wp-content\\\/uploads\\\/2025\\\/12\\\/logo_cropped_no_bg_20251217-1.png\",\"width\":851,\"height\":430,\"caption\":\"svpchem.eu\"},\"image\":{\"@id\":\"https:\\\/\\\/svpchem.eu\\\/et\\\/#\\\/schema\\\/logo\\\/image\\\/\"}}]}<\/script>\n<!-- \/ Yoast SEO plugin. -->","yoast_head_json":{"title":"SVP plastist spoileriv\u00e4rv, must - svpchem.eu","description":"SVP Plastic Spoiler Paint (must) - spetsiaalne aerosoolv\u00e4rv autode plastosadele. See kleepub h\u00e4sti pinnale, taastab rikkaliku musta v\u00e4rvi ja annab vastupidava, kauakestva katte.","robots":{"index":"index","follow":"follow","max-snippet":"max-snippet:-1","max-image-preview":"max-image-preview:large","max-video-preview":"max-video-preview:-1"},"canonical":"https:\/\/svpchem.eu\/et\/produktas\/svp-plastist-spoilerivarv-must\/","og_locale":"et_EE","og_type":"article","og_title":"SVP plastist spoileriv\u00e4rv, must - svpchem.eu","og_description":"SVP Plastic Spoiler Paint (must) - spetsiaalne aerosoolv\u00e4rv autode plastosadele. See kleepub h\u00e4sti pinnale, taastab rikkaliku musta v\u00e4rvi ja annab vastupidava, kauakestva katte.","og_url":"https:\/\/svpchem.eu\/et\/produktas\/svp-plastist-spoilerivarv-must\/","og_site_name":"svpchem.eu","article_modified_time":"2026-04-10T09:59:12+00:00","og_image":[{"width":1300,"height":1300,"url":"https:\/\/svpchem.eu\/wp-content\/uploads\/2025\/12\/Plastiko-ir-spoileriu-dazai-RAL-9005-semi-gloss.jpg","type":"image\/jpeg"}],"twitter_card":"summary_large_image","schema":{"@context":"https:\/\/schema.org","@graph":[{"@type":"WebPage","@id":"https:\/\/svpchem.eu\/et\/produktas\/svp-plastist-spoilerivarv-must\/","url":"https:\/\/svpchem.eu\/et\/produktas\/svp-plastist-spoilerivarv-must\/","name":"SVP plastist spoileriv\u00e4rv, must - svpchem.eu","isPartOf":{"@id":"https:\/\/svpchem.eu\/et\/#website"},"primaryImageOfPage":{"@id":"https:\/\/svpchem.eu\/et\/produktas\/svp-plastist-spoilerivarv-must\/#primaryimage"},"image":{"@id":"https:\/\/svpchem.eu\/et\/produktas\/svp-plastist-spoilerivarv-must\/#primaryimage"},"thumbnailUrl":"https:\/\/svpchem.eu\/wp-content\/uploads\/2025\/12\/Plastiko-ir-spoileriu-dazai-RAL-9005-semi-gloss.jpg","datePublished":"2025-12-19T13:31:54+00:00","dateModified":"2026-04-10T09:59:12+00:00","description":"SVP Plastic Spoiler Paint (must) - spetsiaalne aerosoolv\u00e4rv autode plastosadele. See kleepub h\u00e4sti pinnale, taastab rikkaliku musta v\u00e4rvi ja annab vastupidava, kauakestva katte.","breadcrumb":{"@id":"https:\/\/svpchem.eu\/et\/produktas\/svp-plastist-spoilerivarv-must\/#breadcrumb"},"inLanguage":"et","potentialAction":[{"@type":"ReadAction","target":["https:\/\/svpchem.eu\/et\/produktas\/svp-plastist-spoilerivarv-must\/"]}]},{"@type":"ImageObject","inLanguage":"et","@id":"https:\/\/svpchem.eu\/et\/produktas\/svp-plastist-spoilerivarv-must\/#primaryimage","url":"https:\/\/svpchem.eu\/wp-content\/uploads\/2025\/12\/Plastiko-ir-spoileriu-dazai-RAL-9005-semi-gloss.jpg","contentUrl":"https:\/\/svpchem.eu\/wp-content\/uploads\/2025\/12\/Plastiko-ir-spoileriu-dazai-RAL-9005-semi-gloss.jpg","width":1300,"height":1300},{"@type":"BreadcrumbList","@id":"https:\/\/svpchem.eu\/et\/produktas\/svp-plastist-spoilerivarv-must\/#breadcrumb","itemListElement":[{"@type":"ListItem","position":1,"name":"Kodu","item":"https:\/\/svpchem.eu\/et\/meie-kohta\/"},{"@type":"ListItem","position":2,"name":"Pood","item":"https:\/\/svpchem.eu\/et\/pood\/"},{"@type":"ListItem","position":3,"name":"SVP plastist spoileriv\u00e4rv, must"}]},{"@type":"WebSite","@id":"https:\/\/svpchem.eu\/et\/#website","url":"https:\/\/svpchem.eu\/et\/","name":"svpchem.eu","description":"","publisher":{"@id":"https:\/\/svpchem.eu\/et\/#organization"},"potentialAction":[{"@type":"SearchAction","target":{"@type":"EntryPoint","urlTemplate":"https:\/\/svpchem.eu\/et\/?s={search_term_string}"},"query-input":{"@type":"PropertyValueSpecification","valueRequired":true,"valueName":"search_term_string"}}],"inLanguage":"et"},{"@type":"Organization","@id":"https:\/\/svpchem.eu\/et\/#organization","name":"svpchem.eu","url":"https:\/\/svpchem.eu\/et\/","logo":{"@type":"ImageObject","inLanguage":"et","@id":"https:\/\/svpchem.eu\/et\/#\/schema\/logo\/image\/","url":"https:\/\/svpchem.eu\/wp-content\/uploads\/2025\/12\/logo_cropped_no_bg_20251217-1.png","contentUrl":"https:\/\/svpchem.eu\/wp-content\/uploads\/2025\/12\/logo_cropped_no_bg_20251217-1.png","width":851,"height":430,"caption":"svpchem.eu"},"image":{"@id":"https:\/\/svpchem.eu\/et\/#\/schema\/logo\/image\/"}}]}},"_links":{"self":[{"href":"https:\/\/svpchem.eu\/et\/wp-json\/wp\/v2\/product\/2341","targetHints":{"allow":["GET"]}}],"collection":[{"href":"https:\/\/svpchem.eu\/et\/wp-json\/wp\/v2\/product"}],"about":[{"href":"https:\/\/svpchem.eu\/et\/wp-json\/wp\/v2\/types\/product"}],"wp:featuredmedia":[{"embeddable":true,"href":"https:\/\/svpchem.eu\/et\/wp-json\/wp\/v2\/media\/2350"}],"wp:attachment":[{"href":"https:\/\/svpchem.eu\/et\/wp-json\/wp\/v2\/media?parent=2341"}],"wp:term":[{"taxonomy":"product_brand","embeddable":true,"href":"https:\/\/svpchem.eu\/et\/wp-json\/wp\/v2\/product_brand?post=2341"},{"taxonomy":"product_cat","embeddable":true,"href":"https:\/\/svpchem.eu\/et\/wp-json\/wp\/v2\/product_cat?post=2341"},{"taxonomy":"product_tag","embeddable":true,"href":"https:\/\/svpchem.eu\/et\/wp-json\/wp\/v2\/product_tag?post=2341"}],"curies":[{"name":"wp","href":"https:\/\/api.w.org\/{rel}","templated":true}]}}