{"id":2519,"date":"2025-12-19T13:31:50","date_gmt":"2025-12-19T13:31:50","guid":{"rendered":"https:\/\/svpchem.eu\/produktas\/svp-kontsentreeritud-sampoon-car-wash\/"},"modified":"2026-04-10T09:59:35","modified_gmt":"2026-04-10T09:59:35","slug":"svp-kontsentreeritud-sampoon-car-wash","status":"publish","type":"product","link":"https:\/\/svpchem.eu\/et\/produktas\/svp-kontsentreeritud-sampoon-car-wash\/","title":{"rendered":"SVP kontsentreeritud \u0161ampoon CAR WASH"},"content":{"rendered":"","protected":false},"excerpt":{"rendered":"<p><strong>Kirjeldus:<br \/>\n<\/strong><br \/>\n Kvaliteetne kontsentreeritud \u0161ampoon t\u00f5husaks autopesuks. \u0160ampoon tekitab kiiresti rikkaliku vahu ja eemaldab t\u00f5husalt maanteel tekkiva mustuse, tolmu ja mustuse, kaitstes samal ajal v\u00e4rvitud pinda.<br \/>\n<strong><br \/>\nPeamised omadused:<br \/>\n<\/strong><br \/>\n &#8211; Kontsentreeritud koostis &#8211; s\u00e4\u00e4stlikuks kasutamiseks.<br \/>\n&#8211; Neutraalne pH (pH 7) &#8211; ohutu v\u00e4rvitud pinnale ja keskkonnale.<br \/>\n&#8211; Vahalisandid &#8211; lisakiiltuse ja kaitse tagamiseks.<br \/>\n&#8211; T\u00f5hus puhastus &#8211; sisaldab anioonilisi pindaktiivseid aineid (&lt;15%).<br \/>\n<strong><br \/>\nKasutamine:<br \/>\n<\/strong><br \/>\n Enne kasutamist loksutada. Lisage 2-3 korgit\u00e4it \u0161ampooni 10 liitrile veele. Peske autot k\u00e4sna v\u00f5i pehme harjaga, seej\u00e4rel loputage rohke veega. Peske varjus, et \u0161ampoon ei kuivaks pinnale.   <\/p>\n<p><strong>Eelised:<br \/>\n<\/strong><br \/>\n &#8211; Kulut\u00f5hus &#8211; suur lahjendusm\u00e4\u00e4r.<br \/>\n&#8211; Ohutu pinnakatetele &#8211; neutraalne pH ei kahjusta lakki.<br \/>\n&#8211; Kiire tulemus &#8211; pestakse kergesti maha, ei j\u00e4ta j\u00e4\u00e4ke.<\/p>\n<p><strong>Tehniline teave:<br \/>\n<\/strong><br \/>\n &#8211; Mahutavus: 500 ml<br \/>\n&#8211; pH tase: pH 7.<br \/>\n&#8211; Koostisosad: pindaktiivsed ained (anioonsed &lt;15%), vaha, vesi.<br \/>\n&#8211; Annustamine: 2-3 kapslit 10 liitri vee kohta.<br \/>\n&#8211; Ohutusn\u00f5uded (S2\/S25\/S26): Hoida lastele k\u00e4ttesaamatus kohas. V\u00e4ltida kokkupuudet silmadega. Silmadesse sattumise korral loputada kohe veega ja p\u00f6\u00f6rduda arsti poole. Allaneelamise korral p\u00f6\u00f6rduda viivitamatult arsti poole ja n\u00e4idata pakendit\/etiketti.   <\/p>\n","protected":false},"featured_media":2521,"template":"","meta":[],"product_brand":[],"product_cat":[195,356],"product_tag":[],"class_list":{"0":"post-2519","1":"product","2":"type-product","3":"status-publish","4":"has-post-thumbnail","6":"product_cat-autohooldustooted-ja-tarbekaubad","7":"product_cat-tellimuse-jargi-tootmine","8":"pa_brand-svp","9":"pa_ean-4779032960144-0","10":"pa_kiekis_dz-193","11":"pa_kiekis_pk-164","12":"pa_talpa-500ml","14":"first","15":"instock","16":"shipping-taxable","17":"product-type-simple"},"yoast_head":"<!-- This site is optimized with the Yoast SEO plugin v27.3 - https:\/\/yoast.com\/product\/yoast-seo-wordpress\/ -->\n<title>SVP kontsentreeritud \u0161ampoon CAR WASH - svpchem.eu<\/title>\n<meta name=\"description\" content=\"SVP Concentrated Shampoo Car Wash on v\u00f5imas autopesu, mis eemaldab t\u00f5husalt mustuse, rasva ja maantee mustuse. See loob v\u00e4rske vahu ja aitab s\u00e4ilitada puhta ja l\u00e4ikiva kere.\" \/>\n<meta name=\"robots\" content=\"index, follow, max-snippet:-1, max-image-preview:large, max-video-preview:-1\" \/>\n<link rel=\"canonical\" href=\"https:\/\/svpchem.eu\/et\/produktas\/svp-kontsentreeritud-sampoon-car-wash\/\" \/>\n<meta property=\"og:locale\" content=\"et_EE\" \/>\n<meta property=\"og:type\" content=\"article\" \/>\n<meta property=\"og:title\" content=\"SVP kontsentreeritud \u0161ampoon CAR WASH - svpchem.eu\" \/>\n<meta property=\"og:description\" content=\"SVP Concentrated Shampoo Car Wash on v\u00f5imas autopesu, mis eemaldab t\u00f5husalt mustuse, rasva ja maantee mustuse. See loob v\u00e4rske vahu ja aitab s\u00e4ilitada puhta ja l\u00e4ikiva kere.\" \/>\n<meta property=\"og:url\" content=\"https:\/\/svpchem.eu\/et\/produktas\/svp-kontsentreeritud-sampoon-car-wash\/\" \/>\n<meta property=\"og:site_name\" content=\"svpchem.eu\" \/>\n<meta property=\"article:modified_time\" content=\"2026-04-10T09:59:35+00:00\" \/>\n<meta property=\"og:image\" content=\"https:\/\/svpchem.eu\/wp-content\/uploads\/2025\/12\/SVP-Koncentruotas-sampunas-CAR-WASH.jpg\" \/>\n\t<meta property=\"og:image:width\" content=\"1300\" \/>\n\t<meta property=\"og:image:height\" content=\"1300\" \/>\n\t<meta property=\"og:image:type\" content=\"image\/jpeg\" \/>\n<meta name=\"twitter:card\" content=\"summary_large_image\" \/>\n<script type=\"application\/ld+json\" class=\"yoast-schema-graph\">{\"@context\":\"https:\\\/\\\/schema.org\",\"@graph\":[{\"@type\":\"WebPage\",\"@id\":\"https:\\\/\\\/svpchem.eu\\\/et\\\/produktas\\\/svp-kontsentreeritud-sampoon-car-wash\\\/\",\"url\":\"https:\\\/\\\/svpchem.eu\\\/et\\\/produktas\\\/svp-kontsentreeritud-sampoon-car-wash\\\/\",\"name\":\"SVP kontsentreeritud \u0161ampoon CAR WASH - svpchem.eu\",\"isPartOf\":{\"@id\":\"https:\\\/\\\/svpchem.eu\\\/et\\\/#website\"},\"primaryImageOfPage\":{\"@id\":\"https:\\\/\\\/svpchem.eu\\\/et\\\/produktas\\\/svp-kontsentreeritud-sampoon-car-wash\\\/#primaryimage\"},\"image\":{\"@id\":\"https:\\\/\\\/svpchem.eu\\\/et\\\/produktas\\\/svp-kontsentreeritud-sampoon-car-wash\\\/#primaryimage\"},\"thumbnailUrl\":\"https:\\\/\\\/svpchem.eu\\\/wp-content\\\/uploads\\\/2025\\\/12\\\/SVP-Koncentruotas-sampunas-CAR-WASH.jpg\",\"datePublished\":\"2025-12-19T13:31:50+00:00\",\"dateModified\":\"2026-04-10T09:59:35+00:00\",\"description\":\"SVP Concentrated Shampoo Car Wash on v\u00f5imas autopesu, mis eemaldab t\u00f5husalt mustuse, rasva ja maantee mustuse. See loob v\u00e4rske vahu ja aitab s\u00e4ilitada puhta ja l\u00e4ikiva kere.\",\"breadcrumb\":{\"@id\":\"https:\\\/\\\/svpchem.eu\\\/et\\\/produktas\\\/svp-kontsentreeritud-sampoon-car-wash\\\/#breadcrumb\"},\"inLanguage\":\"et\",\"potentialAction\":[{\"@type\":\"ReadAction\",\"target\":[\"https:\\\/\\\/svpchem.eu\\\/et\\\/produktas\\\/svp-kontsentreeritud-sampoon-car-wash\\\/\"]}]},{\"@type\":\"ImageObject\",\"inLanguage\":\"et\",\"@id\":\"https:\\\/\\\/svpchem.eu\\\/et\\\/produktas\\\/svp-kontsentreeritud-sampoon-car-wash\\\/#primaryimage\",\"url\":\"https:\\\/\\\/svpchem.eu\\\/wp-content\\\/uploads\\\/2025\\\/12\\\/SVP-Koncentruotas-sampunas-CAR-WASH.jpg\",\"contentUrl\":\"https:\\\/\\\/svpchem.eu\\\/wp-content\\\/uploads\\\/2025\\\/12\\\/SVP-Koncentruotas-sampunas-CAR-WASH.jpg\",\"width\":1300,\"height\":1300},{\"@type\":\"BreadcrumbList\",\"@id\":\"https:\\\/\\\/svpchem.eu\\\/et\\\/produktas\\\/svp-kontsentreeritud-sampoon-car-wash\\\/#breadcrumb\",\"itemListElement\":[{\"@type\":\"ListItem\",\"position\":1,\"name\":\"Kodu\",\"item\":\"https:\\\/\\\/svpchem.eu\\\/et\\\/meie-kohta\\\/\"},{\"@type\":\"ListItem\",\"position\":2,\"name\":\"Pood\",\"item\":\"https:\\\/\\\/svpchem.eu\\\/et\\\/pood\\\/\"},{\"@type\":\"ListItem\",\"position\":3,\"name\":\"SVP kontsentreeritud \u0161ampoon CAR WASH\"}]},{\"@type\":\"WebSite\",\"@id\":\"https:\\\/\\\/svpchem.eu\\\/et\\\/#website\",\"url\":\"https:\\\/\\\/svpchem.eu\\\/et\\\/\",\"name\":\"svpchem.eu\",\"description\":\"\",\"publisher\":{\"@id\":\"https:\\\/\\\/svpchem.eu\\\/et\\\/#organization\"},\"potentialAction\":[{\"@type\":\"SearchAction\",\"target\":{\"@type\":\"EntryPoint\",\"urlTemplate\":\"https:\\\/\\\/svpchem.eu\\\/et\\\/?s={search_term_string}\"},\"query-input\":{\"@type\":\"PropertyValueSpecification\",\"valueRequired\":true,\"valueName\":\"search_term_string\"}}],\"inLanguage\":\"et\"},{\"@type\":\"Organization\",\"@id\":\"https:\\\/\\\/svpchem.eu\\\/et\\\/#organization\",\"name\":\"svpchem.eu\",\"url\":\"https:\\\/\\\/svpchem.eu\\\/et\\\/\",\"logo\":{\"@type\":\"ImageObject\",\"inLanguage\":\"et\",\"@id\":\"https:\\\/\\\/svpchem.eu\\\/et\\\/#\\\/schema\\\/logo\\\/image\\\/\",\"url\":\"https:\\\/\\\/svpchem.eu\\\/wp-content\\\/uploads\\\/2025\\\/12\\\/logo_cropped_no_bg_20251217-1.png\",\"contentUrl\":\"https:\\\/\\\/svpchem.eu\\\/wp-content\\\/uploads\\\/2025\\\/12\\\/logo_cropped_no_bg_20251217-1.png\",\"width\":851,\"height\":430,\"caption\":\"svpchem.eu\"},\"image\":{\"@id\":\"https:\\\/\\\/svpchem.eu\\\/et\\\/#\\\/schema\\\/logo\\\/image\\\/\"}}]}<\/script>\n<!-- \/ Yoast SEO plugin. -->","yoast_head_json":{"title":"SVP kontsentreeritud \u0161ampoon CAR WASH - svpchem.eu","description":"SVP Concentrated Shampoo Car Wash on v\u00f5imas autopesu, mis eemaldab t\u00f5husalt mustuse, rasva ja maantee mustuse. See loob v\u00e4rske vahu ja aitab s\u00e4ilitada puhta ja l\u00e4ikiva kere.","robots":{"index":"index","follow":"follow","max-snippet":"max-snippet:-1","max-image-preview":"max-image-preview:large","max-video-preview":"max-video-preview:-1"},"canonical":"https:\/\/svpchem.eu\/et\/produktas\/svp-kontsentreeritud-sampoon-car-wash\/","og_locale":"et_EE","og_type":"article","og_title":"SVP kontsentreeritud \u0161ampoon CAR WASH - svpchem.eu","og_description":"SVP Concentrated Shampoo Car Wash on v\u00f5imas autopesu, mis eemaldab t\u00f5husalt mustuse, rasva ja maantee mustuse. See loob v\u00e4rske vahu ja aitab s\u00e4ilitada puhta ja l\u00e4ikiva kere.","og_url":"https:\/\/svpchem.eu\/et\/produktas\/svp-kontsentreeritud-sampoon-car-wash\/","og_site_name":"svpchem.eu","article_modified_time":"2026-04-10T09:59:35+00:00","og_image":[{"width":1300,"height":1300,"url":"https:\/\/svpchem.eu\/wp-content\/uploads\/2025\/12\/SVP-Koncentruotas-sampunas-CAR-WASH.jpg","type":"image\/jpeg"}],"twitter_card":"summary_large_image","schema":{"@context":"https:\/\/schema.org","@graph":[{"@type":"WebPage","@id":"https:\/\/svpchem.eu\/et\/produktas\/svp-kontsentreeritud-sampoon-car-wash\/","url":"https:\/\/svpchem.eu\/et\/produktas\/svp-kontsentreeritud-sampoon-car-wash\/","name":"SVP kontsentreeritud \u0161ampoon CAR WASH - svpchem.eu","isPartOf":{"@id":"https:\/\/svpchem.eu\/et\/#website"},"primaryImageOfPage":{"@id":"https:\/\/svpchem.eu\/et\/produktas\/svp-kontsentreeritud-sampoon-car-wash\/#primaryimage"},"image":{"@id":"https:\/\/svpchem.eu\/et\/produktas\/svp-kontsentreeritud-sampoon-car-wash\/#primaryimage"},"thumbnailUrl":"https:\/\/svpchem.eu\/wp-content\/uploads\/2025\/12\/SVP-Koncentruotas-sampunas-CAR-WASH.jpg","datePublished":"2025-12-19T13:31:50+00:00","dateModified":"2026-04-10T09:59:35+00:00","description":"SVP Concentrated Shampoo Car Wash on v\u00f5imas autopesu, mis eemaldab t\u00f5husalt mustuse, rasva ja maantee mustuse. See loob v\u00e4rske vahu ja aitab s\u00e4ilitada puhta ja l\u00e4ikiva kere.","breadcrumb":{"@id":"https:\/\/svpchem.eu\/et\/produktas\/svp-kontsentreeritud-sampoon-car-wash\/#breadcrumb"},"inLanguage":"et","potentialAction":[{"@type":"ReadAction","target":["https:\/\/svpchem.eu\/et\/produktas\/svp-kontsentreeritud-sampoon-car-wash\/"]}]},{"@type":"ImageObject","inLanguage":"et","@id":"https:\/\/svpchem.eu\/et\/produktas\/svp-kontsentreeritud-sampoon-car-wash\/#primaryimage","url":"https:\/\/svpchem.eu\/wp-content\/uploads\/2025\/12\/SVP-Koncentruotas-sampunas-CAR-WASH.jpg","contentUrl":"https:\/\/svpchem.eu\/wp-content\/uploads\/2025\/12\/SVP-Koncentruotas-sampunas-CAR-WASH.jpg","width":1300,"height":1300},{"@type":"BreadcrumbList","@id":"https:\/\/svpchem.eu\/et\/produktas\/svp-kontsentreeritud-sampoon-car-wash\/#breadcrumb","itemListElement":[{"@type":"ListItem","position":1,"name":"Kodu","item":"https:\/\/svpchem.eu\/et\/meie-kohta\/"},{"@type":"ListItem","position":2,"name":"Pood","item":"https:\/\/svpchem.eu\/et\/pood\/"},{"@type":"ListItem","position":3,"name":"SVP kontsentreeritud \u0161ampoon CAR WASH"}]},{"@type":"WebSite","@id":"https:\/\/svpchem.eu\/et\/#website","url":"https:\/\/svpchem.eu\/et\/","name":"svpchem.eu","description":"","publisher":{"@id":"https:\/\/svpchem.eu\/et\/#organization"},"potentialAction":[{"@type":"SearchAction","target":{"@type":"EntryPoint","urlTemplate":"https:\/\/svpchem.eu\/et\/?s={search_term_string}"},"query-input":{"@type":"PropertyValueSpecification","valueRequired":true,"valueName":"search_term_string"}}],"inLanguage":"et"},{"@type":"Organization","@id":"https:\/\/svpchem.eu\/et\/#organization","name":"svpchem.eu","url":"https:\/\/svpchem.eu\/et\/","logo":{"@type":"ImageObject","inLanguage":"et","@id":"https:\/\/svpchem.eu\/et\/#\/schema\/logo\/image\/","url":"https:\/\/svpchem.eu\/wp-content\/uploads\/2025\/12\/logo_cropped_no_bg_20251217-1.png","contentUrl":"https:\/\/svpchem.eu\/wp-content\/uploads\/2025\/12\/logo_cropped_no_bg_20251217-1.png","width":851,"height":430,"caption":"svpchem.eu"},"image":{"@id":"https:\/\/svpchem.eu\/et\/#\/schema\/logo\/image\/"}}]}},"_links":{"self":[{"href":"https:\/\/svpchem.eu\/et\/wp-json\/wp\/v2\/product\/2519","targetHints":{"allow":["GET"]}}],"collection":[{"href":"https:\/\/svpchem.eu\/et\/wp-json\/wp\/v2\/product"}],"about":[{"href":"https:\/\/svpchem.eu\/et\/wp-json\/wp\/v2\/types\/product"}],"wp:featuredmedia":[{"embeddable":true,"href":"https:\/\/svpchem.eu\/et\/wp-json\/wp\/v2\/media\/2521"}],"wp:attachment":[{"href":"https:\/\/svpchem.eu\/et\/wp-json\/wp\/v2\/media?parent=2519"}],"wp:term":[{"taxonomy":"product_brand","embeddable":true,"href":"https:\/\/svpchem.eu\/et\/wp-json\/wp\/v2\/product_brand?post=2519"},{"taxonomy":"product_cat","embeddable":true,"href":"https:\/\/svpchem.eu\/et\/wp-json\/wp\/v2\/product_cat?post=2519"},{"taxonomy":"product_tag","embeddable":true,"href":"https:\/\/svpchem.eu\/et\/wp-json\/wp\/v2\/product_tag?post=2519"}],"curies":[{"name":"wp","href":"https:\/\/api.w.org\/{rel}","templated":true}]}}