{"id":2548,"date":"2025-12-19T13:31:50","date_gmt":"2025-12-19T13:31:50","guid":{"rendered":"https:\/\/svpchem.eu\/produktas\/svp-aerosoolvahupuhastusvahend-autoakendele-windows-blic\/"},"modified":"2026-04-10T09:59:43","modified_gmt":"2026-04-10T09:59:43","slug":"svp-aerosoolvahupuhastusvahend-autoakendele-windows-blic","status":"publish","type":"product","link":"https:\/\/svpchem.eu\/et\/produktas\/svp-aerosoolvahupuhastusvahend-autoakendele-windows-blic\/","title":{"rendered":"SVP aerosoolvahupuhastusvahend autoakendele WINDOWS BLIC"},"content":{"rendered":"","protected":false},"excerpt":{"rendered":"<p><strong>Kirjeldus:<br \/>\n<\/strong><br \/>\n Aerosoolvahupuhastusvahend klaaside, peeglite, klaaskeraamika, l\u00e4ikiva plasti ja muude k\u00f5vade, mittepoorsete pindade t\u00f5husaks ja kiireks puhastamiseks. Vaht kleepub paremini vertikaalsetele pindadele, ei keeda ja laseb mustusel kauem m\u00f5juda.<br \/>\n<strong><br \/>\nPeamised omadused:<br \/>\n<\/strong><br \/>\n &#8211; Triibuvaba &#8211; koostisesse kuuluvad lenduvad lahustid (isopropanool) tagavad \u00e4\u00e4rmiselt kiire kuivamise.<br \/>\n&#8211; Vahutav toime &#8211; tagab parema haardumise vertikaalsetele pindadele.<br \/>\n&#8211; T\u00f5hus puhastus &#8211; eemaldab rasvaj\u00e4ljed, s\u00f5rmej\u00e4ljed, tolmu, putukaj\u00e4\u00e4gid ja teekatte.<br \/>\n&#8211; \u00dchtlane hajutamine &#8211; aerosoolpihustuss\u00fcsteem v\u00f5imaldab \u00fchtlast jaotamist.<br \/>\n<strong><br \/>\nKasutamine:<br \/>\n<\/strong><br \/>\n Sobib klaasile, peeglitele ja l\u00e4ikivatele plastpindadele. Puhastusvahendit pihustatakse pinnale, lastakse veidi aega m\u00f5juda ja seej\u00e4rel p\u00fchitakse puhta mikrokiudlapiga maha.<br \/>\n<strong><br \/>\nEelised:<br \/>\n<\/strong><br \/>\n &#8211; Maksimaalne selgus &#8211; ideaalne professionaalsete ja kiirete tulemuste saavutamiseks.<br \/>\n&#8211; Kiire kuivamine &#8211; ei vaja pikka poleerimist.<br \/>\n&#8211; Lihtne kasutada &#8211; j\u00f5uab h\u00f5lpsasti ka raskesti ligip\u00e4\u00e4setavatesse kohtadesse.<br \/>\n&#8211; Eemaldab orgaanilised saasteained &#8211; t\u00f5hus putukaprahile ja muule teedel olevale mustusele.<br \/>\n<strong><br \/>\nTehniline teave:<br \/>\n<\/strong><br \/>\n &#8211; Mahutavus: 300 ml<br \/>\n&#8211; Kasutamine: klaas, peeglid, klaaskeraamika, l\u00e4ikivad plastid.<br \/>\n&#8211; Lahusti: alkoholi derivaadid (isopropanool).<br \/>\n&#8211; Kuju: vaht (aerosool).<br \/>\n&#8211; Tulemus: maksimaalne triibuvaba selgus.<\/p>\n","protected":false},"featured_media":2549,"template":"","meta":[],"product_brand":[],"product_cat":[195,356],"product_tag":[],"class_list":{"0":"post-2548","1":"product","2":"type-product","3":"status-publish","4":"has-post-thumbnail","6":"product_cat-autohooldustooted-ja-tarbekaubad","7":"product_cat-tellimuse-jargi-tootmine","8":"pa_brand-svp","9":"pa_ean-4779032960625-0","10":"pa_kiekis_dz-193","11":"pa_kiekis_pk-164","12":"pa_talpa-300ml","14":"first","15":"instock","16":"shipping-taxable","17":"product-type-simple"},"yoast_head":"<!-- This site is optimized with the Yoast SEO plugin v27.3 - https:\/\/yoast.com\/product\/yoast-seo-wordpress\/ -->\n<title>SVP aerosoolvahupuhastusvahend autoakendele WINDOWS BLIC - svpchem.eu<\/title>\n<meta name=\"description\" content=\"SVP aerosoolvahuga autoakende puhastusvahend WINDOWS BLIC - eemaldab t\u00f5husalt mustuse, rasva ja tolmu aknapindadelt. Tagab parema n\u00e4htavuse, kaitseb klaasi ja h\u00f5lbustab puhastamist.\" \/>\n<meta name=\"robots\" content=\"index, follow, max-snippet:-1, max-image-preview:large, max-video-preview:-1\" \/>\n<link rel=\"canonical\" href=\"https:\/\/svpchem.eu\/et\/produktas\/svp-aerosoolvahupuhastusvahend-autoakendele-windows-blic\/\" \/>\n<meta property=\"og:locale\" content=\"et_EE\" \/>\n<meta property=\"og:type\" content=\"article\" \/>\n<meta property=\"og:title\" content=\"SVP aerosoolvahupuhastusvahend autoakendele WINDOWS BLIC - svpchem.eu\" \/>\n<meta property=\"og:description\" content=\"SVP aerosoolvahuga autoakende puhastusvahend WINDOWS BLIC - eemaldab t\u00f5husalt mustuse, rasva ja tolmu aknapindadelt. Tagab parema n\u00e4htavuse, kaitseb klaasi ja h\u00f5lbustab puhastamist.\" \/>\n<meta property=\"og:url\" content=\"https:\/\/svpchem.eu\/et\/produktas\/svp-aerosoolvahupuhastusvahend-autoakendele-windows-blic\/\" \/>\n<meta property=\"og:site_name\" content=\"svpchem.eu\" \/>\n<meta property=\"article:modified_time\" content=\"2026-04-10T09:59:43+00:00\" \/>\n<meta property=\"og:image\" content=\"https:\/\/svpchem.eu\/wp-content\/uploads\/2025\/12\/SVP-Aerozolinis-putu-valiklis-automobilio-stiklams-WINDOWS-BLIC.jpg\" \/>\n\t<meta property=\"og:image:width\" content=\"1300\" \/>\n\t<meta property=\"og:image:height\" content=\"1300\" \/>\n\t<meta property=\"og:image:type\" content=\"image\/jpeg\" \/>\n<meta name=\"twitter:card\" content=\"summary_large_image\" \/>\n<script type=\"application\/ld+json\" class=\"yoast-schema-graph\">{\"@context\":\"https:\\\/\\\/schema.org\",\"@graph\":[{\"@type\":\"WebPage\",\"@id\":\"https:\\\/\\\/svpchem.eu\\\/et\\\/produktas\\\/svp-aerosoolvahupuhastusvahend-autoakendele-windows-blic\\\/\",\"url\":\"https:\\\/\\\/svpchem.eu\\\/et\\\/produktas\\\/svp-aerosoolvahupuhastusvahend-autoakendele-windows-blic\\\/\",\"name\":\"SVP aerosoolvahupuhastusvahend autoakendele WINDOWS BLIC - svpchem.eu\",\"isPartOf\":{\"@id\":\"https:\\\/\\\/svpchem.eu\\\/et\\\/#website\"},\"primaryImageOfPage\":{\"@id\":\"https:\\\/\\\/svpchem.eu\\\/et\\\/produktas\\\/svp-aerosoolvahupuhastusvahend-autoakendele-windows-blic\\\/#primaryimage\"},\"image\":{\"@id\":\"https:\\\/\\\/svpchem.eu\\\/et\\\/produktas\\\/svp-aerosoolvahupuhastusvahend-autoakendele-windows-blic\\\/#primaryimage\"},\"thumbnailUrl\":\"https:\\\/\\\/svpchem.eu\\\/wp-content\\\/uploads\\\/2025\\\/12\\\/SVP-Aerozolinis-putu-valiklis-automobilio-stiklams-WINDOWS-BLIC.jpg\",\"datePublished\":\"2025-12-19T13:31:50+00:00\",\"dateModified\":\"2026-04-10T09:59:43+00:00\",\"description\":\"SVP aerosoolvahuga autoakende puhastusvahend WINDOWS BLIC - eemaldab t\u00f5husalt mustuse, rasva ja tolmu aknapindadelt. Tagab parema n\u00e4htavuse, kaitseb klaasi ja h\u00f5lbustab puhastamist.\",\"breadcrumb\":{\"@id\":\"https:\\\/\\\/svpchem.eu\\\/et\\\/produktas\\\/svp-aerosoolvahupuhastusvahend-autoakendele-windows-blic\\\/#breadcrumb\"},\"inLanguage\":\"et\",\"potentialAction\":[{\"@type\":\"ReadAction\",\"target\":[\"https:\\\/\\\/svpchem.eu\\\/et\\\/produktas\\\/svp-aerosoolvahupuhastusvahend-autoakendele-windows-blic\\\/\"]}]},{\"@type\":\"ImageObject\",\"inLanguage\":\"et\",\"@id\":\"https:\\\/\\\/svpchem.eu\\\/et\\\/produktas\\\/svp-aerosoolvahupuhastusvahend-autoakendele-windows-blic\\\/#primaryimage\",\"url\":\"https:\\\/\\\/svpchem.eu\\\/wp-content\\\/uploads\\\/2025\\\/12\\\/SVP-Aerozolinis-putu-valiklis-automobilio-stiklams-WINDOWS-BLIC.jpg\",\"contentUrl\":\"https:\\\/\\\/svpchem.eu\\\/wp-content\\\/uploads\\\/2025\\\/12\\\/SVP-Aerozolinis-putu-valiklis-automobilio-stiklams-WINDOWS-BLIC.jpg\",\"width\":1300,\"height\":1300},{\"@type\":\"BreadcrumbList\",\"@id\":\"https:\\\/\\\/svpchem.eu\\\/et\\\/produktas\\\/svp-aerosoolvahupuhastusvahend-autoakendele-windows-blic\\\/#breadcrumb\",\"itemListElement\":[{\"@type\":\"ListItem\",\"position\":1,\"name\":\"Kodu\",\"item\":\"https:\\\/\\\/svpchem.eu\\\/et\\\/meie-kohta\\\/\"},{\"@type\":\"ListItem\",\"position\":2,\"name\":\"Pood\",\"item\":\"https:\\\/\\\/svpchem.eu\\\/et\\\/pood\\\/\"},{\"@type\":\"ListItem\",\"position\":3,\"name\":\"SVP aerosoolvahupuhastusvahend autoakendele WINDOWS BLIC\"}]},{\"@type\":\"WebSite\",\"@id\":\"https:\\\/\\\/svpchem.eu\\\/et\\\/#website\",\"url\":\"https:\\\/\\\/svpchem.eu\\\/et\\\/\",\"name\":\"svpchem.eu\",\"description\":\"\",\"publisher\":{\"@id\":\"https:\\\/\\\/svpchem.eu\\\/et\\\/#organization\"},\"potentialAction\":[{\"@type\":\"SearchAction\",\"target\":{\"@type\":\"EntryPoint\",\"urlTemplate\":\"https:\\\/\\\/svpchem.eu\\\/et\\\/?s={search_term_string}\"},\"query-input\":{\"@type\":\"PropertyValueSpecification\",\"valueRequired\":true,\"valueName\":\"search_term_string\"}}],\"inLanguage\":\"et\"},{\"@type\":\"Organization\",\"@id\":\"https:\\\/\\\/svpchem.eu\\\/et\\\/#organization\",\"name\":\"svpchem.eu\",\"url\":\"https:\\\/\\\/svpchem.eu\\\/et\\\/\",\"logo\":{\"@type\":\"ImageObject\",\"inLanguage\":\"et\",\"@id\":\"https:\\\/\\\/svpchem.eu\\\/et\\\/#\\\/schema\\\/logo\\\/image\\\/\",\"url\":\"https:\\\/\\\/svpchem.eu\\\/wp-content\\\/uploads\\\/2025\\\/12\\\/logo_cropped_no_bg_20251217-1.png\",\"contentUrl\":\"https:\\\/\\\/svpchem.eu\\\/wp-content\\\/uploads\\\/2025\\\/12\\\/logo_cropped_no_bg_20251217-1.png\",\"width\":851,\"height\":430,\"caption\":\"svpchem.eu\"},\"image\":{\"@id\":\"https:\\\/\\\/svpchem.eu\\\/et\\\/#\\\/schema\\\/logo\\\/image\\\/\"}}]}<\/script>\n<!-- \/ Yoast SEO plugin. -->","yoast_head_json":{"title":"SVP aerosoolvahupuhastusvahend autoakendele WINDOWS BLIC - svpchem.eu","description":"SVP aerosoolvahuga autoakende puhastusvahend WINDOWS BLIC - eemaldab t\u00f5husalt mustuse, rasva ja tolmu aknapindadelt. Tagab parema n\u00e4htavuse, kaitseb klaasi ja h\u00f5lbustab puhastamist.","robots":{"index":"index","follow":"follow","max-snippet":"max-snippet:-1","max-image-preview":"max-image-preview:large","max-video-preview":"max-video-preview:-1"},"canonical":"https:\/\/svpchem.eu\/et\/produktas\/svp-aerosoolvahupuhastusvahend-autoakendele-windows-blic\/","og_locale":"et_EE","og_type":"article","og_title":"SVP aerosoolvahupuhastusvahend autoakendele WINDOWS BLIC - svpchem.eu","og_description":"SVP aerosoolvahuga autoakende puhastusvahend WINDOWS BLIC - eemaldab t\u00f5husalt mustuse, rasva ja tolmu aknapindadelt. Tagab parema n\u00e4htavuse, kaitseb klaasi ja h\u00f5lbustab puhastamist.","og_url":"https:\/\/svpchem.eu\/et\/produktas\/svp-aerosoolvahupuhastusvahend-autoakendele-windows-blic\/","og_site_name":"svpchem.eu","article_modified_time":"2026-04-10T09:59:43+00:00","og_image":[{"width":1300,"height":1300,"url":"https:\/\/svpchem.eu\/wp-content\/uploads\/2025\/12\/SVP-Aerozolinis-putu-valiklis-automobilio-stiklams-WINDOWS-BLIC.jpg","type":"image\/jpeg"}],"twitter_card":"summary_large_image","schema":{"@context":"https:\/\/schema.org","@graph":[{"@type":"WebPage","@id":"https:\/\/svpchem.eu\/et\/produktas\/svp-aerosoolvahupuhastusvahend-autoakendele-windows-blic\/","url":"https:\/\/svpchem.eu\/et\/produktas\/svp-aerosoolvahupuhastusvahend-autoakendele-windows-blic\/","name":"SVP aerosoolvahupuhastusvahend autoakendele WINDOWS BLIC - svpchem.eu","isPartOf":{"@id":"https:\/\/svpchem.eu\/et\/#website"},"primaryImageOfPage":{"@id":"https:\/\/svpchem.eu\/et\/produktas\/svp-aerosoolvahupuhastusvahend-autoakendele-windows-blic\/#primaryimage"},"image":{"@id":"https:\/\/svpchem.eu\/et\/produktas\/svp-aerosoolvahupuhastusvahend-autoakendele-windows-blic\/#primaryimage"},"thumbnailUrl":"https:\/\/svpchem.eu\/wp-content\/uploads\/2025\/12\/SVP-Aerozolinis-putu-valiklis-automobilio-stiklams-WINDOWS-BLIC.jpg","datePublished":"2025-12-19T13:31:50+00:00","dateModified":"2026-04-10T09:59:43+00:00","description":"SVP aerosoolvahuga autoakende puhastusvahend WINDOWS BLIC - eemaldab t\u00f5husalt mustuse, rasva ja tolmu aknapindadelt. Tagab parema n\u00e4htavuse, kaitseb klaasi ja h\u00f5lbustab puhastamist.","breadcrumb":{"@id":"https:\/\/svpchem.eu\/et\/produktas\/svp-aerosoolvahupuhastusvahend-autoakendele-windows-blic\/#breadcrumb"},"inLanguage":"et","potentialAction":[{"@type":"ReadAction","target":["https:\/\/svpchem.eu\/et\/produktas\/svp-aerosoolvahupuhastusvahend-autoakendele-windows-blic\/"]}]},{"@type":"ImageObject","inLanguage":"et","@id":"https:\/\/svpchem.eu\/et\/produktas\/svp-aerosoolvahupuhastusvahend-autoakendele-windows-blic\/#primaryimage","url":"https:\/\/svpchem.eu\/wp-content\/uploads\/2025\/12\/SVP-Aerozolinis-putu-valiklis-automobilio-stiklams-WINDOWS-BLIC.jpg","contentUrl":"https:\/\/svpchem.eu\/wp-content\/uploads\/2025\/12\/SVP-Aerozolinis-putu-valiklis-automobilio-stiklams-WINDOWS-BLIC.jpg","width":1300,"height":1300},{"@type":"BreadcrumbList","@id":"https:\/\/svpchem.eu\/et\/produktas\/svp-aerosoolvahupuhastusvahend-autoakendele-windows-blic\/#breadcrumb","itemListElement":[{"@type":"ListItem","position":1,"name":"Kodu","item":"https:\/\/svpchem.eu\/et\/meie-kohta\/"},{"@type":"ListItem","position":2,"name":"Pood","item":"https:\/\/svpchem.eu\/et\/pood\/"},{"@type":"ListItem","position":3,"name":"SVP aerosoolvahupuhastusvahend autoakendele WINDOWS BLIC"}]},{"@type":"WebSite","@id":"https:\/\/svpchem.eu\/et\/#website","url":"https:\/\/svpchem.eu\/et\/","name":"svpchem.eu","description":"","publisher":{"@id":"https:\/\/svpchem.eu\/et\/#organization"},"potentialAction":[{"@type":"SearchAction","target":{"@type":"EntryPoint","urlTemplate":"https:\/\/svpchem.eu\/et\/?s={search_term_string}"},"query-input":{"@type":"PropertyValueSpecification","valueRequired":true,"valueName":"search_term_string"}}],"inLanguage":"et"},{"@type":"Organization","@id":"https:\/\/svpchem.eu\/et\/#organization","name":"svpchem.eu","url":"https:\/\/svpchem.eu\/et\/","logo":{"@type":"ImageObject","inLanguage":"et","@id":"https:\/\/svpchem.eu\/et\/#\/schema\/logo\/image\/","url":"https:\/\/svpchem.eu\/wp-content\/uploads\/2025\/12\/logo_cropped_no_bg_20251217-1.png","contentUrl":"https:\/\/svpchem.eu\/wp-content\/uploads\/2025\/12\/logo_cropped_no_bg_20251217-1.png","width":851,"height":430,"caption":"svpchem.eu"},"image":{"@id":"https:\/\/svpchem.eu\/et\/#\/schema\/logo\/image\/"}}]}},"_links":{"self":[{"href":"https:\/\/svpchem.eu\/et\/wp-json\/wp\/v2\/product\/2548","targetHints":{"allow":["GET"]}}],"collection":[{"href":"https:\/\/svpchem.eu\/et\/wp-json\/wp\/v2\/product"}],"about":[{"href":"https:\/\/svpchem.eu\/et\/wp-json\/wp\/v2\/types\/product"}],"wp:featuredmedia":[{"embeddable":true,"href":"https:\/\/svpchem.eu\/et\/wp-json\/wp\/v2\/media\/2549"}],"wp:attachment":[{"href":"https:\/\/svpchem.eu\/et\/wp-json\/wp\/v2\/media?parent=2548"}],"wp:term":[{"taxonomy":"product_brand","embeddable":true,"href":"https:\/\/svpchem.eu\/et\/wp-json\/wp\/v2\/product_brand?post=2548"},{"taxonomy":"product_cat","embeddable":true,"href":"https:\/\/svpchem.eu\/et\/wp-json\/wp\/v2\/product_cat?post=2548"},{"taxonomy":"product_tag","embeddable":true,"href":"https:\/\/svpchem.eu\/et\/wp-json\/wp\/v2\/product_tag?post=2548"}],"curies":[{"name":"wp","href":"https:\/\/api.w.org\/{rel}","templated":true}]}}