{"id":2579,"date":"2025-12-19T13:31:50","date_gmt":"2025-12-19T13:31:50","guid":{"rendered":"https:\/\/svpchem.eu\/produktas\/svp-aerosoolne-pidurite-ja-osade-puhastusvahend\/"},"modified":"2026-04-10T09:57:50","modified_gmt":"2026-04-10T09:57:50","slug":"svp-aerosoolne-pidurite-ja-osade-puhastusvahend","status":"publish","type":"product","link":"https:\/\/svpchem.eu\/et\/produktas\/svp-aerosoolne-pidurite-ja-osade-puhastusvahend\/","title":{"rendered":"SVP aerosoolne pidurite ja osade puhastusvahend"},"content":{"rendered":"","protected":false},"excerpt":{"rendered":"<p><strong>Kirjeldus:<br \/>\n<\/strong><br \/>\n V\u00f5imas aerosoolpuhastusvahend rasva, \u00f5li, tolmu ja muu mustuse eemaldamiseks piduritelt ja mitmesugustelt mehaanilistelt osadelt. Aitab tagada puhta, ohutu ja t\u00f5husa s\u00fcsteemi.<br \/>\n<strong><br \/>\nPeamised omadused:<br \/>\n<\/strong><br \/>\n &#8211; Lahustab kiiresti rasva, \u00f5li, pidurivedeliku.<br \/>\n&#8211; Takistab j\u00e4\u00e4kide v\u00f5i tolmu tekkimist.<br \/>\n&#8211; Ei ole agressiivne metallide, kummi, plastosade suhtes.<br \/>\n&#8211; Aurustub kiiresti &#8211; ei vaja p\u00e4rast kasutamist pinda puhastada.<\/p>\n<p><strong>Kasutamine:<\/strong><\/p>\n<p>Pihustage otse puhastatavale pinnale. Vajaduse korral kasutage harja. Laske tootel aurustuda. T\u00e4iendavat loputamist v\u00f5i p\u00fchkimist ei ole vaja.<br \/>\n<strong><br \/>\nEelised:<br \/>\n<\/strong><br \/>\n &#8211; Ohutu ja kiire hooldus nii professionaalidele kui ka amat\u00f6\u00f6ridele.<br \/>\n&#8211; Pikendab osade kasutusiga.<br \/>\n&#8211; Sobib igat t\u00fc\u00fcpi piduris\u00fcsteemide ja mehaaniliste \u00fchenduste jaoks.<br \/>\n<strong><br \/>\nTehniline teave:<br \/>\n<\/strong><br \/>\n &#8211; Mahutavus: 500 ml.<br \/>\n&#8211; Vorm: selge aerosoolpihusti.<br \/>\n&#8211; Toimeaeg: aurustub 1-2 minuti jooksul.<\/p>\n","protected":false},"featured_media":2583,"template":"","meta":[],"product_brand":[],"product_cat":[195,352],"product_tag":[],"class_list":{"0":"post-2579","1":"product","2":"type-product","3":"status-publish","4":"has-post-thumbnail","6":"product_cat-autohooldustooted-ja-tarbekaubad","7":"product_cat-standard-sortiment","8":"pa_brand-svp","9":"pa_ean-4779032961110-0","10":"pa_kiekis_dz-193","11":"pa_kiekis_pk-164","12":"pa_talpa-500ml","14":"first","15":"instock","16":"shipping-taxable","17":"product-type-simple"},"yoast_head":"<!-- This site is optimized with the Yoast SEO plugin v27.3 - https:\/\/yoast.com\/product\/yoast-seo-wordpress\/ -->\n<title>SVP aerosoolne pidurite ja osade puhastusvahend - svpchem.eu<\/title>\n<meta name=\"description\" content=\"SVP aerosoolne pidurite ja osade puhastusvahend on professionaalne vahend piduritolmu, rasva, \u00f5li ja muu mustuse t\u00f5husaks eemaldamiseks piduris\u00fcsteemidest ja muudest auto osadest. Toimib kiiresti, puhastab s\u00fcgavuti ja aitab s\u00e4ilitada optimaalset j\u00f5udlust.\" \/>\n<meta name=\"robots\" content=\"index, follow, max-snippet:-1, max-image-preview:large, max-video-preview:-1\" \/>\n<link rel=\"canonical\" href=\"https:\/\/svpchem.eu\/et\/produktas\/svp-aerosoolne-pidurite-ja-osade-puhastusvahend\/\" \/>\n<meta property=\"og:locale\" content=\"et_EE\" \/>\n<meta property=\"og:type\" content=\"article\" \/>\n<meta property=\"og:title\" content=\"SVP aerosoolne pidurite ja osade puhastusvahend - svpchem.eu\" \/>\n<meta property=\"og:description\" content=\"SVP aerosoolne pidurite ja osade puhastusvahend on professionaalne vahend piduritolmu, rasva, \u00f5li ja muu mustuse t\u00f5husaks eemaldamiseks piduris\u00fcsteemidest ja muudest auto osadest. Toimib kiiresti, puhastab s\u00fcgavuti ja aitab s\u00e4ilitada optimaalset j\u00f5udlust.\" \/>\n<meta property=\"og:url\" content=\"https:\/\/svpchem.eu\/et\/produktas\/svp-aerosoolne-pidurite-ja-osade-puhastusvahend\/\" \/>\n<meta property=\"og:site_name\" content=\"svpchem.eu\" \/>\n<meta property=\"article:modified_time\" content=\"2026-04-10T09:57:50+00:00\" \/>\n<meta property=\"og:image\" content=\"https:\/\/svpchem.eu\/wp-content\/uploads\/2025\/12\/SVP-Aerozolinis-stabdziu-ir-detaliu-valiklis-N2.png\" \/>\n\t<meta property=\"og:image:width\" content=\"1024\" \/>\n\t<meta property=\"og:image:height\" content=\"1024\" \/>\n\t<meta property=\"og:image:type\" content=\"image\/png\" \/>\n<meta name=\"twitter:card\" content=\"summary_large_image\" \/>\n<script type=\"application\/ld+json\" class=\"yoast-schema-graph\">{\"@context\":\"https:\\\/\\\/schema.org\",\"@graph\":[{\"@type\":\"WebPage\",\"@id\":\"https:\\\/\\\/svpchem.eu\\\/et\\\/produktas\\\/svp-aerosoolne-pidurite-ja-osade-puhastusvahend\\\/\",\"url\":\"https:\\\/\\\/svpchem.eu\\\/et\\\/produktas\\\/svp-aerosoolne-pidurite-ja-osade-puhastusvahend\\\/\",\"name\":\"SVP aerosoolne pidurite ja osade puhastusvahend - svpchem.eu\",\"isPartOf\":{\"@id\":\"https:\\\/\\\/svpchem.eu\\\/et\\\/#website\"},\"primaryImageOfPage\":{\"@id\":\"https:\\\/\\\/svpchem.eu\\\/et\\\/produktas\\\/svp-aerosoolne-pidurite-ja-osade-puhastusvahend\\\/#primaryimage\"},\"image\":{\"@id\":\"https:\\\/\\\/svpchem.eu\\\/et\\\/produktas\\\/svp-aerosoolne-pidurite-ja-osade-puhastusvahend\\\/#primaryimage\"},\"thumbnailUrl\":\"https:\\\/\\\/svpchem.eu\\\/wp-content\\\/uploads\\\/2025\\\/12\\\/SVP-Aerozolinis-stabdziu-ir-detaliu-valiklis-N2.jpg\",\"datePublished\":\"2025-12-19T13:31:50+00:00\",\"dateModified\":\"2026-04-10T09:57:50+00:00\",\"description\":\"SVP aerosoolne pidurite ja osade puhastusvahend on professionaalne vahend piduritolmu, rasva, \u00f5li ja muu mustuse t\u00f5husaks eemaldamiseks piduris\u00fcsteemidest ja muudest auto osadest. Toimib kiiresti, puhastab s\u00fcgavuti ja aitab s\u00e4ilitada optimaalset j\u00f5udlust.\",\"breadcrumb\":{\"@id\":\"https:\\\/\\\/svpchem.eu\\\/et\\\/produktas\\\/svp-aerosoolne-pidurite-ja-osade-puhastusvahend\\\/#breadcrumb\"},\"inLanguage\":\"et\",\"potentialAction\":[{\"@type\":\"ReadAction\",\"target\":[\"https:\\\/\\\/svpchem.eu\\\/et\\\/produktas\\\/svp-aerosoolne-pidurite-ja-osade-puhastusvahend\\\/\"]}]},{\"@type\":\"ImageObject\",\"inLanguage\":\"et\",\"@id\":\"https:\\\/\\\/svpchem.eu\\\/et\\\/produktas\\\/svp-aerosoolne-pidurite-ja-osade-puhastusvahend\\\/#primaryimage\",\"url\":\"https:\\\/\\\/svpchem.eu\\\/wp-content\\\/uploads\\\/2025\\\/12\\\/SVP-Aerozolinis-stabdziu-ir-detaliu-valiklis-N2.jpg\",\"contentUrl\":\"https:\\\/\\\/svpchem.eu\\\/wp-content\\\/uploads\\\/2025\\\/12\\\/SVP-Aerozolinis-stabdziu-ir-detaliu-valiklis-N2.jpg\",\"width\":1300,\"height\":1300},{\"@type\":\"BreadcrumbList\",\"@id\":\"https:\\\/\\\/svpchem.eu\\\/et\\\/produktas\\\/svp-aerosoolne-pidurite-ja-osade-puhastusvahend\\\/#breadcrumb\",\"itemListElement\":[{\"@type\":\"ListItem\",\"position\":1,\"name\":\"Kodu\",\"item\":\"https:\\\/\\\/svpchem.eu\\\/et\\\/meie-kohta\\\/\"},{\"@type\":\"ListItem\",\"position\":2,\"name\":\"Pood\",\"item\":\"https:\\\/\\\/svpchem.eu\\\/et\\\/pood\\\/\"},{\"@type\":\"ListItem\",\"position\":3,\"name\":\"SVP aerosoolne pidurite ja osade puhastusvahend\"}]},{\"@type\":\"WebSite\",\"@id\":\"https:\\\/\\\/svpchem.eu\\\/et\\\/#website\",\"url\":\"https:\\\/\\\/svpchem.eu\\\/et\\\/\",\"name\":\"svpchem.eu\",\"description\":\"\",\"publisher\":{\"@id\":\"https:\\\/\\\/svpchem.eu\\\/et\\\/#organization\"},\"potentialAction\":[{\"@type\":\"SearchAction\",\"target\":{\"@type\":\"EntryPoint\",\"urlTemplate\":\"https:\\\/\\\/svpchem.eu\\\/et\\\/?s={search_term_string}\"},\"query-input\":{\"@type\":\"PropertyValueSpecification\",\"valueRequired\":true,\"valueName\":\"search_term_string\"}}],\"inLanguage\":\"et\"},{\"@type\":\"Organization\",\"@id\":\"https:\\\/\\\/svpchem.eu\\\/et\\\/#organization\",\"name\":\"svpchem.eu\",\"url\":\"https:\\\/\\\/svpchem.eu\\\/et\\\/\",\"logo\":{\"@type\":\"ImageObject\",\"inLanguage\":\"et\",\"@id\":\"https:\\\/\\\/svpchem.eu\\\/et\\\/#\\\/schema\\\/logo\\\/image\\\/\",\"url\":\"https:\\\/\\\/svpchem.eu\\\/wp-content\\\/uploads\\\/2025\\\/12\\\/logo_cropped_no_bg_20251217-1.png\",\"contentUrl\":\"https:\\\/\\\/svpchem.eu\\\/wp-content\\\/uploads\\\/2025\\\/12\\\/logo_cropped_no_bg_20251217-1.png\",\"width\":851,\"height\":430,\"caption\":\"svpchem.eu\"},\"image\":{\"@id\":\"https:\\\/\\\/svpchem.eu\\\/et\\\/#\\\/schema\\\/logo\\\/image\\\/\"}}]}<\/script>\n<!-- \/ Yoast SEO plugin. -->","yoast_head_json":{"title":"SVP aerosoolne pidurite ja osade puhastusvahend - svpchem.eu","description":"SVP aerosoolne pidurite ja osade puhastusvahend on professionaalne vahend piduritolmu, rasva, \u00f5li ja muu mustuse t\u00f5husaks eemaldamiseks piduris\u00fcsteemidest ja muudest auto osadest. Toimib kiiresti, puhastab s\u00fcgavuti ja aitab s\u00e4ilitada optimaalset j\u00f5udlust.","robots":{"index":"index","follow":"follow","max-snippet":"max-snippet:-1","max-image-preview":"max-image-preview:large","max-video-preview":"max-video-preview:-1"},"canonical":"https:\/\/svpchem.eu\/et\/produktas\/svp-aerosoolne-pidurite-ja-osade-puhastusvahend\/","og_locale":"et_EE","og_type":"article","og_title":"SVP aerosoolne pidurite ja osade puhastusvahend - svpchem.eu","og_description":"SVP aerosoolne pidurite ja osade puhastusvahend on professionaalne vahend piduritolmu, rasva, \u00f5li ja muu mustuse t\u00f5husaks eemaldamiseks piduris\u00fcsteemidest ja muudest auto osadest. Toimib kiiresti, puhastab s\u00fcgavuti ja aitab s\u00e4ilitada optimaalset j\u00f5udlust.","og_url":"https:\/\/svpchem.eu\/et\/produktas\/svp-aerosoolne-pidurite-ja-osade-puhastusvahend\/","og_site_name":"svpchem.eu","article_modified_time":"2026-04-10T09:57:50+00:00","og_image":[{"width":1024,"height":1024,"url":"https:\/\/svpchem.eu\/wp-content\/uploads\/2025\/12\/SVP-Aerozolinis-stabdziu-ir-detaliu-valiklis-N2.png","type":"image\/png"}],"twitter_card":"summary_large_image","schema":{"@context":"https:\/\/schema.org","@graph":[{"@type":"WebPage","@id":"https:\/\/svpchem.eu\/et\/produktas\/svp-aerosoolne-pidurite-ja-osade-puhastusvahend\/","url":"https:\/\/svpchem.eu\/et\/produktas\/svp-aerosoolne-pidurite-ja-osade-puhastusvahend\/","name":"SVP aerosoolne pidurite ja osade puhastusvahend - svpchem.eu","isPartOf":{"@id":"https:\/\/svpchem.eu\/et\/#website"},"primaryImageOfPage":{"@id":"https:\/\/svpchem.eu\/et\/produktas\/svp-aerosoolne-pidurite-ja-osade-puhastusvahend\/#primaryimage"},"image":{"@id":"https:\/\/svpchem.eu\/et\/produktas\/svp-aerosoolne-pidurite-ja-osade-puhastusvahend\/#primaryimage"},"thumbnailUrl":"https:\/\/svpchem.eu\/wp-content\/uploads\/2025\/12\/SVP-Aerozolinis-stabdziu-ir-detaliu-valiklis-N2.jpg","datePublished":"2025-12-19T13:31:50+00:00","dateModified":"2026-04-10T09:57:50+00:00","description":"SVP aerosoolne pidurite ja osade puhastusvahend on professionaalne vahend piduritolmu, rasva, \u00f5li ja muu mustuse t\u00f5husaks eemaldamiseks piduris\u00fcsteemidest ja muudest auto osadest. Toimib kiiresti, puhastab s\u00fcgavuti ja aitab s\u00e4ilitada optimaalset j\u00f5udlust.","breadcrumb":{"@id":"https:\/\/svpchem.eu\/et\/produktas\/svp-aerosoolne-pidurite-ja-osade-puhastusvahend\/#breadcrumb"},"inLanguage":"et","potentialAction":[{"@type":"ReadAction","target":["https:\/\/svpchem.eu\/et\/produktas\/svp-aerosoolne-pidurite-ja-osade-puhastusvahend\/"]}]},{"@type":"ImageObject","inLanguage":"et","@id":"https:\/\/svpchem.eu\/et\/produktas\/svp-aerosoolne-pidurite-ja-osade-puhastusvahend\/#primaryimage","url":"https:\/\/svpchem.eu\/wp-content\/uploads\/2025\/12\/SVP-Aerozolinis-stabdziu-ir-detaliu-valiklis-N2.jpg","contentUrl":"https:\/\/svpchem.eu\/wp-content\/uploads\/2025\/12\/SVP-Aerozolinis-stabdziu-ir-detaliu-valiklis-N2.jpg","width":1300,"height":1300},{"@type":"BreadcrumbList","@id":"https:\/\/svpchem.eu\/et\/produktas\/svp-aerosoolne-pidurite-ja-osade-puhastusvahend\/#breadcrumb","itemListElement":[{"@type":"ListItem","position":1,"name":"Kodu","item":"https:\/\/svpchem.eu\/et\/meie-kohta\/"},{"@type":"ListItem","position":2,"name":"Pood","item":"https:\/\/svpchem.eu\/et\/pood\/"},{"@type":"ListItem","position":3,"name":"SVP aerosoolne pidurite ja osade puhastusvahend"}]},{"@type":"WebSite","@id":"https:\/\/svpchem.eu\/et\/#website","url":"https:\/\/svpchem.eu\/et\/","name":"svpchem.eu","description":"","publisher":{"@id":"https:\/\/svpchem.eu\/et\/#organization"},"potentialAction":[{"@type":"SearchAction","target":{"@type":"EntryPoint","urlTemplate":"https:\/\/svpchem.eu\/et\/?s={search_term_string}"},"query-input":{"@type":"PropertyValueSpecification","valueRequired":true,"valueName":"search_term_string"}}],"inLanguage":"et"},{"@type":"Organization","@id":"https:\/\/svpchem.eu\/et\/#organization","name":"svpchem.eu","url":"https:\/\/svpchem.eu\/et\/","logo":{"@type":"ImageObject","inLanguage":"et","@id":"https:\/\/svpchem.eu\/et\/#\/schema\/logo\/image\/","url":"https:\/\/svpchem.eu\/wp-content\/uploads\/2025\/12\/logo_cropped_no_bg_20251217-1.png","contentUrl":"https:\/\/svpchem.eu\/wp-content\/uploads\/2025\/12\/logo_cropped_no_bg_20251217-1.png","width":851,"height":430,"caption":"svpchem.eu"},"image":{"@id":"https:\/\/svpchem.eu\/et\/#\/schema\/logo\/image\/"}}]}},"_links":{"self":[{"href":"https:\/\/svpchem.eu\/et\/wp-json\/wp\/v2\/product\/2579","targetHints":{"allow":["GET"]}}],"collection":[{"href":"https:\/\/svpchem.eu\/et\/wp-json\/wp\/v2\/product"}],"about":[{"href":"https:\/\/svpchem.eu\/et\/wp-json\/wp\/v2\/types\/product"}],"wp:featuredmedia":[{"embeddable":true,"href":"https:\/\/svpchem.eu\/et\/wp-json\/wp\/v2\/media\/2583"}],"wp:attachment":[{"href":"https:\/\/svpchem.eu\/et\/wp-json\/wp\/v2\/media?parent=2579"}],"wp:term":[{"taxonomy":"product_brand","embeddable":true,"href":"https:\/\/svpchem.eu\/et\/wp-json\/wp\/v2\/product_brand?post=2579"},{"taxonomy":"product_cat","embeddable":true,"href":"https:\/\/svpchem.eu\/et\/wp-json\/wp\/v2\/product_cat?post=2579"},{"taxonomy":"product_tag","embeddable":true,"href":"https:\/\/svpchem.eu\/et\/wp-json\/wp\/v2\/product_tag?post=2579"}],"curies":[{"name":"wp","href":"https:\/\/api.w.org\/{rel}","templated":true}]}}