{"id":2596,"date":"2025-12-19T13:31:50","date_gmt":"2025-12-19T13:31:50","guid":{"rendered":"https:\/\/svpchem.eu\/produktas\/svp-lahti-kruvimise-abivahend-korrosioonivastane-maardeoli-sr80\/"},"modified":"2026-04-10T09:58:03","modified_gmt":"2026-04-10T09:58:03","slug":"svp-lahti-kruvimise-abivahend-korrosioonivastane-maardeoli-sr80","status":"publish","type":"product","link":"https:\/\/svpchem.eu\/et\/produktas\/svp-lahti-kruvimise-abivahend-korrosioonivastane-maardeoli-sr80\/","title":{"rendered":"SVP lahti kruvimise abivahend &#8211; korrosioonivastane m\u00e4\u00e4rde\u00f5li SR80"},"content":{"rendered":"","protected":false},"excerpt":{"rendered":"<p><strong>Kirjeldus:<br \/>\n<\/strong><br \/>\n SR80 on mitmeotstarbeline aerosoolsprei kinni j\u00e4\u00e4nud osade lahti kruvimiseks, niiskuse eemaldamiseks ja rooste eest kaitsmiseks. Alternatiiv WD-40-le &#8211; kuid lisaomadustega.<br \/>\n<strong><br \/>\nPeamised omadused:<br \/>\n<\/strong><br \/>\n &#8211; tungib kinni j\u00e4\u00e4nud kohtadesse, vabastades masinad.<br \/>\n&#8211; Eemaldab niiskuse &#8211; kaitseb elektri\u00fchendusi.<br \/>\n&#8211; Loob kaitsekihi korrosiooni ja soola eest.<br \/>\n&#8211; M\u00e4\u00e4rib liikuvaid osi &#8211; v\u00e4hendab h\u00f5\u00f5rdumist.<br \/>\n<strong><br \/>\nKasutamine:<br \/>\n<\/strong><br \/>\n Pihustada 20-30 cm kauguselt. Vajaduse korral laske 5-10 minutit joosta, et lahtikleepuda. P\u00fchkige \u00fcleliigsed j\u00e4\u00e4gid \u00e4ra. V\u00f5ib kasutada ennetava kaitsena.   <\/p>\n<p><strong>Eelised:<br \/>\n<\/strong><br \/>\n &#8211; Asendab mitu toodet \u00fche tootega.<br \/>\n&#8211; Sobib kasutamiseks autodes, kodumajapidamistes ja t\u00f6\u00f6stuses.<br \/>\n&#8211; Toimib ka m\u00e4rjalt v\u00f5i m\u00e4\u00e4rdunult.<\/p>\n<p><strong>Tehniline teave:<br \/>\n<\/strong><br \/>\n &#8211; Mahutavus: 400 ml ja 200 ml<br \/>\n&#8211; Vorm: l\u00e4bipaistev pihusti.<br \/>\n&#8211; Vastab: REACH, RoHS.<\/p>\n","protected":false},"featured_media":2599,"template":"","meta":[],"product_brand":[],"product_cat":[195,352],"product_tag":[],"class_list":{"0":"post-2596","1":"product","2":"type-product","3":"status-publish","4":"has-post-thumbnail","6":"product_cat-autohooldustooted-ja-tarbekaubad","7":"product_cat-standard-sortiment","8":"pa_brand-svp","9":"pa_ean-11315704-0","10":"pa_kiekis_dz-193","11":"pa_kiekis_pk-164","12":"pa_talpa-200ml","14":"first","15":"instock","16":"shipping-taxable","17":"product-type-simple"},"yoast_head":"<!-- This site is optimized with the Yoast SEO plugin v27.3 - https:\/\/yoast.com\/product\/yoast-seo-wordpress\/ -->\n<title>SVP lahti kruvimise abivahend - korrosioonivastane m\u00e4\u00e4rde\u00f5li SR80 - svpchem.eu<\/title>\n<meta name=\"description\" content=\"SR80, m\u00e4\u00e4rde- ja korrosioonivastane \u00f5li, mis lihtsustab SVP lahti kruvimist - roostetanud, kinni j\u00e4\u00e4nud v\u00f5i lekkivate kinnitusdetailide ja kruvide lihtsaks lahti keeramiseks. Pakub h\u00f5\u00f5rdumise v\u00e4hendamist, korrosioonikaitset ja lihtsat lahtiv\u00f5tmist.\" \/>\n<meta name=\"robots\" content=\"index, follow, max-snippet:-1, max-image-preview:large, max-video-preview:-1\" \/>\n<link rel=\"canonical\" href=\"https:\/\/svpchem.eu\/et\/produktas\/svp-lahti-kruvimise-abivahend-korrosioonivastane-maardeoli-sr80\/\" \/>\n<meta property=\"og:locale\" content=\"et_EE\" \/>\n<meta property=\"og:type\" content=\"article\" \/>\n<meta property=\"og:title\" content=\"SVP lahti kruvimise abivahend - korrosioonivastane m\u00e4\u00e4rde\u00f5li SR80 - svpchem.eu\" \/>\n<meta property=\"og:description\" content=\"SR80, m\u00e4\u00e4rde- ja korrosioonivastane \u00f5li, mis lihtsustab SVP lahti kruvimist - roostetanud, kinni j\u00e4\u00e4nud v\u00f5i lekkivate kinnitusdetailide ja kruvide lihtsaks lahti keeramiseks. Pakub h\u00f5\u00f5rdumise v\u00e4hendamist, korrosioonikaitset ja lihtsat lahtiv\u00f5tmist.\" \/>\n<meta property=\"og:url\" content=\"https:\/\/svpchem.eu\/et\/produktas\/svp-lahti-kruvimise-abivahend-korrosioonivastane-maardeoli-sr80\/\" \/>\n<meta property=\"og:site_name\" content=\"svpchem.eu\" \/>\n<meta property=\"article:modified_time\" content=\"2026-04-10T09:58:03+00:00\" \/>\n<meta property=\"og:image\" content=\"https:\/\/svpchem.eu\/wp-content\/uploads\/2025\/12\/sutepanti-antikorozine-alyva-SR80_2.jpg\" \/>\n\t<meta property=\"og:image:width\" content=\"1300\" \/>\n\t<meta property=\"og:image:height\" content=\"1300\" \/>\n\t<meta property=\"og:image:type\" content=\"image\/jpeg\" \/>\n<meta name=\"twitter:card\" content=\"summary_large_image\" \/>\n<script type=\"application\/ld+json\" class=\"yoast-schema-graph\">{\"@context\":\"https:\\\/\\\/schema.org\",\"@graph\":[{\"@type\":\"WebPage\",\"@id\":\"https:\\\/\\\/svpchem.eu\\\/et\\\/produktas\\\/svp-lahti-kruvimise-abivahend-korrosioonivastane-maardeoli-sr80\\\/\",\"url\":\"https:\\\/\\\/svpchem.eu\\\/et\\\/produktas\\\/svp-lahti-kruvimise-abivahend-korrosioonivastane-maardeoli-sr80\\\/\",\"name\":\"SVP lahti kruvimise abivahend - korrosioonivastane m\u00e4\u00e4rde\u00f5li SR80 - svpchem.eu\",\"isPartOf\":{\"@id\":\"https:\\\/\\\/svpchem.eu\\\/et\\\/#website\"},\"primaryImageOfPage\":{\"@id\":\"https:\\\/\\\/svpchem.eu\\\/et\\\/produktas\\\/svp-lahti-kruvimise-abivahend-korrosioonivastane-maardeoli-sr80\\\/#primaryimage\"},\"image\":{\"@id\":\"https:\\\/\\\/svpchem.eu\\\/et\\\/produktas\\\/svp-lahti-kruvimise-abivahend-korrosioonivastane-maardeoli-sr80\\\/#primaryimage\"},\"thumbnailUrl\":\"https:\\\/\\\/svpchem.eu\\\/wp-content\\\/uploads\\\/2025\\\/12\\\/sutepanti-antikorozine-alyva-SR80_2.jpg\",\"datePublished\":\"2025-12-19T13:31:50+00:00\",\"dateModified\":\"2026-04-10T09:58:03+00:00\",\"description\":\"SR80, m\u00e4\u00e4rde- ja korrosioonivastane \u00f5li, mis lihtsustab SVP lahti kruvimist - roostetanud, kinni j\u00e4\u00e4nud v\u00f5i lekkivate kinnitusdetailide ja kruvide lihtsaks lahti keeramiseks. Pakub h\u00f5\u00f5rdumise v\u00e4hendamist, korrosioonikaitset ja lihtsat lahtiv\u00f5tmist.\",\"breadcrumb\":{\"@id\":\"https:\\\/\\\/svpchem.eu\\\/et\\\/produktas\\\/svp-lahti-kruvimise-abivahend-korrosioonivastane-maardeoli-sr80\\\/#breadcrumb\"},\"inLanguage\":\"et\",\"potentialAction\":[{\"@type\":\"ReadAction\",\"target\":[\"https:\\\/\\\/svpchem.eu\\\/et\\\/produktas\\\/svp-lahti-kruvimise-abivahend-korrosioonivastane-maardeoli-sr80\\\/\"]}]},{\"@type\":\"ImageObject\",\"inLanguage\":\"et\",\"@id\":\"https:\\\/\\\/svpchem.eu\\\/et\\\/produktas\\\/svp-lahti-kruvimise-abivahend-korrosioonivastane-maardeoli-sr80\\\/#primaryimage\",\"url\":\"https:\\\/\\\/svpchem.eu\\\/wp-content\\\/uploads\\\/2025\\\/12\\\/sutepanti-antikorozine-alyva-SR80_2.jpg\",\"contentUrl\":\"https:\\\/\\\/svpchem.eu\\\/wp-content\\\/uploads\\\/2025\\\/12\\\/sutepanti-antikorozine-alyva-SR80_2.jpg\",\"width\":1300,\"height\":1300},{\"@type\":\"BreadcrumbList\",\"@id\":\"https:\\\/\\\/svpchem.eu\\\/et\\\/produktas\\\/svp-lahti-kruvimise-abivahend-korrosioonivastane-maardeoli-sr80\\\/#breadcrumb\",\"itemListElement\":[{\"@type\":\"ListItem\",\"position\":1,\"name\":\"Kodu\",\"item\":\"https:\\\/\\\/svpchem.eu\\\/et\\\/meie-kohta\\\/\"},{\"@type\":\"ListItem\",\"position\":2,\"name\":\"Pood\",\"item\":\"https:\\\/\\\/svpchem.eu\\\/et\\\/pood\\\/\"},{\"@type\":\"ListItem\",\"position\":3,\"name\":\"SVP lahti kruvimise abivahend &#8211; korrosioonivastane m\u00e4\u00e4rde\u00f5li SR80\"}]},{\"@type\":\"WebSite\",\"@id\":\"https:\\\/\\\/svpchem.eu\\\/et\\\/#website\",\"url\":\"https:\\\/\\\/svpchem.eu\\\/et\\\/\",\"name\":\"svpchem.eu\",\"description\":\"\",\"publisher\":{\"@id\":\"https:\\\/\\\/svpchem.eu\\\/et\\\/#organization\"},\"potentialAction\":[{\"@type\":\"SearchAction\",\"target\":{\"@type\":\"EntryPoint\",\"urlTemplate\":\"https:\\\/\\\/svpchem.eu\\\/et\\\/?s={search_term_string}\"},\"query-input\":{\"@type\":\"PropertyValueSpecification\",\"valueRequired\":true,\"valueName\":\"search_term_string\"}}],\"inLanguage\":\"et\"},{\"@type\":\"Organization\",\"@id\":\"https:\\\/\\\/svpchem.eu\\\/et\\\/#organization\",\"name\":\"svpchem.eu\",\"url\":\"https:\\\/\\\/svpchem.eu\\\/et\\\/\",\"logo\":{\"@type\":\"ImageObject\",\"inLanguage\":\"et\",\"@id\":\"https:\\\/\\\/svpchem.eu\\\/et\\\/#\\\/schema\\\/logo\\\/image\\\/\",\"url\":\"https:\\\/\\\/svpchem.eu\\\/wp-content\\\/uploads\\\/2025\\\/12\\\/logo_cropped_no_bg_20251217-1.png\",\"contentUrl\":\"https:\\\/\\\/svpchem.eu\\\/wp-content\\\/uploads\\\/2025\\\/12\\\/logo_cropped_no_bg_20251217-1.png\",\"width\":851,\"height\":430,\"caption\":\"svpchem.eu\"},\"image\":{\"@id\":\"https:\\\/\\\/svpchem.eu\\\/et\\\/#\\\/schema\\\/logo\\\/image\\\/\"}}]}<\/script>\n<!-- \/ Yoast SEO plugin. -->","yoast_head_json":{"title":"SVP lahti kruvimise abivahend - korrosioonivastane m\u00e4\u00e4rde\u00f5li SR80 - svpchem.eu","description":"SR80, m\u00e4\u00e4rde- ja korrosioonivastane \u00f5li, mis lihtsustab SVP lahti kruvimist - roostetanud, kinni j\u00e4\u00e4nud v\u00f5i lekkivate kinnitusdetailide ja kruvide lihtsaks lahti keeramiseks. Pakub h\u00f5\u00f5rdumise v\u00e4hendamist, korrosioonikaitset ja lihtsat lahtiv\u00f5tmist.","robots":{"index":"index","follow":"follow","max-snippet":"max-snippet:-1","max-image-preview":"max-image-preview:large","max-video-preview":"max-video-preview:-1"},"canonical":"https:\/\/svpchem.eu\/et\/produktas\/svp-lahti-kruvimise-abivahend-korrosioonivastane-maardeoli-sr80\/","og_locale":"et_EE","og_type":"article","og_title":"SVP lahti kruvimise abivahend - korrosioonivastane m\u00e4\u00e4rde\u00f5li SR80 - svpchem.eu","og_description":"SR80, m\u00e4\u00e4rde- ja korrosioonivastane \u00f5li, mis lihtsustab SVP lahti kruvimist - roostetanud, kinni j\u00e4\u00e4nud v\u00f5i lekkivate kinnitusdetailide ja kruvide lihtsaks lahti keeramiseks. Pakub h\u00f5\u00f5rdumise v\u00e4hendamist, korrosioonikaitset ja lihtsat lahtiv\u00f5tmist.","og_url":"https:\/\/svpchem.eu\/et\/produktas\/svp-lahti-kruvimise-abivahend-korrosioonivastane-maardeoli-sr80\/","og_site_name":"svpchem.eu","article_modified_time":"2026-04-10T09:58:03+00:00","og_image":[{"width":1300,"height":1300,"url":"https:\/\/svpchem.eu\/wp-content\/uploads\/2025\/12\/sutepanti-antikorozine-alyva-SR80_2.jpg","type":"image\/jpeg"}],"twitter_card":"summary_large_image","schema":{"@context":"https:\/\/schema.org","@graph":[{"@type":"WebPage","@id":"https:\/\/svpchem.eu\/et\/produktas\/svp-lahti-kruvimise-abivahend-korrosioonivastane-maardeoli-sr80\/","url":"https:\/\/svpchem.eu\/et\/produktas\/svp-lahti-kruvimise-abivahend-korrosioonivastane-maardeoli-sr80\/","name":"SVP lahti kruvimise abivahend - korrosioonivastane m\u00e4\u00e4rde\u00f5li SR80 - svpchem.eu","isPartOf":{"@id":"https:\/\/svpchem.eu\/et\/#website"},"primaryImageOfPage":{"@id":"https:\/\/svpchem.eu\/et\/produktas\/svp-lahti-kruvimise-abivahend-korrosioonivastane-maardeoli-sr80\/#primaryimage"},"image":{"@id":"https:\/\/svpchem.eu\/et\/produktas\/svp-lahti-kruvimise-abivahend-korrosioonivastane-maardeoli-sr80\/#primaryimage"},"thumbnailUrl":"https:\/\/svpchem.eu\/wp-content\/uploads\/2025\/12\/sutepanti-antikorozine-alyva-SR80_2.jpg","datePublished":"2025-12-19T13:31:50+00:00","dateModified":"2026-04-10T09:58:03+00:00","description":"SR80, m\u00e4\u00e4rde- ja korrosioonivastane \u00f5li, mis lihtsustab SVP lahti kruvimist - roostetanud, kinni j\u00e4\u00e4nud v\u00f5i lekkivate kinnitusdetailide ja kruvide lihtsaks lahti keeramiseks. Pakub h\u00f5\u00f5rdumise v\u00e4hendamist, korrosioonikaitset ja lihtsat lahtiv\u00f5tmist.","breadcrumb":{"@id":"https:\/\/svpchem.eu\/et\/produktas\/svp-lahti-kruvimise-abivahend-korrosioonivastane-maardeoli-sr80\/#breadcrumb"},"inLanguage":"et","potentialAction":[{"@type":"ReadAction","target":["https:\/\/svpchem.eu\/et\/produktas\/svp-lahti-kruvimise-abivahend-korrosioonivastane-maardeoli-sr80\/"]}]},{"@type":"ImageObject","inLanguage":"et","@id":"https:\/\/svpchem.eu\/et\/produktas\/svp-lahti-kruvimise-abivahend-korrosioonivastane-maardeoli-sr80\/#primaryimage","url":"https:\/\/svpchem.eu\/wp-content\/uploads\/2025\/12\/sutepanti-antikorozine-alyva-SR80_2.jpg","contentUrl":"https:\/\/svpchem.eu\/wp-content\/uploads\/2025\/12\/sutepanti-antikorozine-alyva-SR80_2.jpg","width":1300,"height":1300},{"@type":"BreadcrumbList","@id":"https:\/\/svpchem.eu\/et\/produktas\/svp-lahti-kruvimise-abivahend-korrosioonivastane-maardeoli-sr80\/#breadcrumb","itemListElement":[{"@type":"ListItem","position":1,"name":"Kodu","item":"https:\/\/svpchem.eu\/et\/meie-kohta\/"},{"@type":"ListItem","position":2,"name":"Pood","item":"https:\/\/svpchem.eu\/et\/pood\/"},{"@type":"ListItem","position":3,"name":"SVP lahti kruvimise abivahend &#8211; korrosioonivastane m\u00e4\u00e4rde\u00f5li SR80"}]},{"@type":"WebSite","@id":"https:\/\/svpchem.eu\/et\/#website","url":"https:\/\/svpchem.eu\/et\/","name":"svpchem.eu","description":"","publisher":{"@id":"https:\/\/svpchem.eu\/et\/#organization"},"potentialAction":[{"@type":"SearchAction","target":{"@type":"EntryPoint","urlTemplate":"https:\/\/svpchem.eu\/et\/?s={search_term_string}"},"query-input":{"@type":"PropertyValueSpecification","valueRequired":true,"valueName":"search_term_string"}}],"inLanguage":"et"},{"@type":"Organization","@id":"https:\/\/svpchem.eu\/et\/#organization","name":"svpchem.eu","url":"https:\/\/svpchem.eu\/et\/","logo":{"@type":"ImageObject","inLanguage":"et","@id":"https:\/\/svpchem.eu\/et\/#\/schema\/logo\/image\/","url":"https:\/\/svpchem.eu\/wp-content\/uploads\/2025\/12\/logo_cropped_no_bg_20251217-1.png","contentUrl":"https:\/\/svpchem.eu\/wp-content\/uploads\/2025\/12\/logo_cropped_no_bg_20251217-1.png","width":851,"height":430,"caption":"svpchem.eu"},"image":{"@id":"https:\/\/svpchem.eu\/et\/#\/schema\/logo\/image\/"}}]}},"_links":{"self":[{"href":"https:\/\/svpchem.eu\/et\/wp-json\/wp\/v2\/product\/2596","targetHints":{"allow":["GET"]}}],"collection":[{"href":"https:\/\/svpchem.eu\/et\/wp-json\/wp\/v2\/product"}],"about":[{"href":"https:\/\/svpchem.eu\/et\/wp-json\/wp\/v2\/types\/product"}],"wp:featuredmedia":[{"embeddable":true,"href":"https:\/\/svpchem.eu\/et\/wp-json\/wp\/v2\/media\/2599"}],"wp:attachment":[{"href":"https:\/\/svpchem.eu\/et\/wp-json\/wp\/v2\/media?parent=2596"}],"wp:term":[{"taxonomy":"product_brand","embeddable":true,"href":"https:\/\/svpchem.eu\/et\/wp-json\/wp\/v2\/product_brand?post=2596"},{"taxonomy":"product_cat","embeddable":true,"href":"https:\/\/svpchem.eu\/et\/wp-json\/wp\/v2\/product_cat?post=2596"},{"taxonomy":"product_tag","embeddable":true,"href":"https:\/\/svpchem.eu\/et\/wp-json\/wp\/v2\/product_tag?post=2596"}],"curies":[{"name":"wp","href":"https:\/\/api.w.org\/{rel}","templated":true}]}}