{"id":2615,"date":"2025-12-19T13:31:50","date_gmt":"2025-12-19T13:31:50","guid":{"rendered":"https:\/\/svpchem.eu\/produktas\/svp-armatuurlaua-puhastusvahend-laikiv-koos-lohnaga-sidrun-kirss-vanilje-cockpit\/"},"modified":"2026-04-10T09:57:55","modified_gmt":"2026-04-10T09:57:55","slug":"svp-armatuurlaua-puhastusvahend-laikiv-koos-lohnaga-sidrun-kirss-vanilje-cockpit","status":"publish","type":"product","link":"https:\/\/svpchem.eu\/et\/produktas\/svp-armatuurlaua-puhastusvahend-laikiv-koos-lohnaga-sidrun-kirss-vanilje-cockpit\/","title":{"rendered":"SVP armatuurlaua puhastusvahend l\u00e4ikiv koos l\u00f5hnaga (sidrun, kirss, vanilje) COCKPIT"},"content":{"rendered":"","protected":false},"excerpt":{"rendered":"<p><strong>Kirjeldus:<br \/>\n<\/strong><br \/>\n Mitmeotstarbeline toode autode plast- ja kummipindade sise- ja v\u00e4lispinna hooldamiseks. Eemaldab t\u00f5husalt tolmu, mustuse, s\u00f5rmej\u00e4ljed ja annab kauakestva l\u00e4ike, muutes pinna justkui \u00e4sja tehtud. Sobib kasutamiseks vin\u00fc\u00fclkattele, erinevatele plastelementidele (liistud, kaitserauad, \u00f5hufiltrikarbid jne).<br \/>\n<strong><br \/>\nPeamised omadused:<br \/>\n<\/strong><br \/>\n &#8211; Puhastab kiiresti ja t\u00f5husalt tolmust, rasvast ja muust mustusest.<br \/>\n&#8211; Taastab pinna v\u00e4rvirikkuse v\u00e4rske v\u00e4limuse saavutamiseks.<br \/>\n&#8211; Antistaatiline koostis v\u00e4hendab tolmu kogunemist.<br \/>\n&#8211; Kaitseb UV-kiirguse ja tuhmumise eest.<br \/>\n&#8211; Sobib nii autode sise- kui ka v\u00e4lispinnale, plast- ja kummist elementidele.<br \/>\n&#8211; Annab meeldiva, v\u00e4rske l\u00f5hna.<br \/>\n<strong><br \/>\nKasutamine:<br \/>\n<\/strong><br \/>\n Pihustage otse pinnale v\u00f5i lapile. Levitage \u00fchtlaselt ja p\u00fchkige kuiva puhta lapiga. Ei vaja t\u00e4iendavat poleerimist. V\u00e4ltida klaas- ja ekraanipindu.<br \/>\n<strong><br \/>\nEelised:<br \/>\n<\/strong><br \/>\n &#8211; Pinnad n\u00e4evad v\u00e4lja nagu uued &#8211; s\u00e4ravad ja v\u00e4rsked.<br \/>\n&#8211; Sobib vin\u00fc\u00fcl-, plast- ja kummipindadele.<br \/>\n&#8211; Mugav kasutada &#8211; kiire tulemus.<br \/>\n&#8211; Saadaval kolmes meeldivas l\u00f5hnas: sidrun, kirss, vanilje.<br \/>\n<strong><br \/>\nTehniline teave:<br \/>\n<\/strong><br \/>\n &#8211; Mahutavus: 750 ml<br \/>\n&#8211; L\u00f5hnad: Sidrun, Kirss, Vanilje<br \/>\n&#8211; Kasutussagedus: vastavalt vajadusele, soovitatav iga paari n\u00e4dala tagant.<\/p>\n","protected":false},"featured_media":3449,"template":"","meta":[],"product_brand":[],"product_cat":[195,352],"product_tag":[],"class_list":{"0":"post-2615","1":"product","2":"type-product","3":"status-publish","4":"has-post-thumbnail","6":"product_cat-autohooldustooted-ja-tarbekaubad","7":"product_cat-standard-sortiment","8":"pa_brand-svp","9":"pa_ean-2000013316516-0","10":"pa_kiekis_dz-193","11":"pa_kiekis_pk-164","12":"pa_talpa-750ml","14":"first","15":"instock","16":"shipping-taxable","17":"product-type-simple"},"yoast_head":"<!-- This site is optimized with the Yoast SEO plugin v27.3 - https:\/\/yoast.com\/product\/yoast-seo-wordpress\/ -->\n<title>SVP armatuurlaua puhastusvahend l\u00e4ikiv koos l\u00f5hnaga (sidrun, kirss, vanilje) COCKPIT - svpchem.eu<\/title>\n<meta name=\"description\" content=\"SVP Armatuurlaua puhastaja-l\u00f5hnastaja l\u00f5hnaga (sidrun\/kirss\/vanilje) - puhastab t\u00f5husalt, hooldab ja annab v\u00e4rsket l\u00f5hna auto sisemuse plastpindadele. Eemaldab tolmu ja s\u00f5rmej\u00e4ljed ning j\u00e4tab peene, meeldiva l\u00f5hna.\" \/>\n<meta name=\"robots\" content=\"index, follow, max-snippet:-1, max-image-preview:large, max-video-preview:-1\" \/>\n<link rel=\"canonical\" href=\"https:\/\/svpchem.eu\/et\/produktas\/svp-armatuurlaua-puhastusvahend-laikiv-koos-lohnaga-sidrun-kirss-vanilje-cockpit\/\" \/>\n<meta property=\"og:locale\" content=\"et_EE\" \/>\n<meta property=\"og:type\" content=\"article\" \/>\n<meta property=\"og:title\" content=\"SVP armatuurlaua puhastusvahend l\u00e4ikiv koos l\u00f5hnaga (sidrun, kirss, vanilje) COCKPIT - svpchem.eu\" \/>\n<meta property=\"og:description\" content=\"SVP Armatuurlaua puhastaja-l\u00f5hnastaja l\u00f5hnaga (sidrun\/kirss\/vanilje) - puhastab t\u00f5husalt, hooldab ja annab v\u00e4rsket l\u00f5hna auto sisemuse plastpindadele. Eemaldab tolmu ja s\u00f5rmej\u00e4ljed ning j\u00e4tab peene, meeldiva l\u00f5hna.\" \/>\n<meta property=\"og:url\" content=\"https:\/\/svpchem.eu\/et\/produktas\/svp-armatuurlaua-puhastusvahend-laikiv-koos-lohnaga-sidrun-kirss-vanilje-cockpit\/\" \/>\n<meta property=\"og:site_name\" content=\"svpchem.eu\" \/>\n<meta property=\"article:modified_time\" content=\"2026-04-10T09:57:55+00:00\" \/>\n<meta property=\"og:image\" content=\"https:\/\/svpchem.eu\/wp-content\/uploads\/2025\/12\/SVP-Prietaisu-skydelio-valiklis-blizgiklis-su-kvapu-citrinos-vysnios-vaniles-COCKPIT-N2.png\" \/>\n\t<meta property=\"og:image:width\" content=\"1024\" \/>\n\t<meta property=\"og:image:height\" content=\"1024\" \/>\n\t<meta property=\"og:image:type\" content=\"image\/png\" \/>\n<meta name=\"twitter:card\" content=\"summary_large_image\" \/>\n<script type=\"application\/ld+json\" class=\"yoast-schema-graph\">{\"@context\":\"https:\\\/\\\/schema.org\",\"@graph\":[{\"@type\":\"WebPage\",\"@id\":\"https:\\\/\\\/svpchem.eu\\\/et\\\/produktas\\\/svp-armatuurlaua-puhastusvahend-laikiv-koos-lohnaga-sidrun-kirss-vanilje-cockpit\\\/\",\"url\":\"https:\\\/\\\/svpchem.eu\\\/et\\\/produktas\\\/svp-armatuurlaua-puhastusvahend-laikiv-koos-lohnaga-sidrun-kirss-vanilje-cockpit\\\/\",\"name\":\"SVP armatuurlaua puhastusvahend l\u00e4ikiv koos l\u00f5hnaga (sidrun, kirss, vanilje) COCKPIT - svpchem.eu\",\"isPartOf\":{\"@id\":\"https:\\\/\\\/svpchem.eu\\\/et\\\/#website\"},\"primaryImageOfPage\":{\"@id\":\"https:\\\/\\\/svpchem.eu\\\/et\\\/produktas\\\/svp-armatuurlaua-puhastusvahend-laikiv-koos-lohnaga-sidrun-kirss-vanilje-cockpit\\\/#primaryimage\"},\"image\":{\"@id\":\"https:\\\/\\\/svpchem.eu\\\/et\\\/produktas\\\/svp-armatuurlaua-puhastusvahend-laikiv-koos-lohnaga-sidrun-kirss-vanilje-cockpit\\\/#primaryimage\"},\"thumbnailUrl\":\"https:\\\/\\\/svpchem.eu\\\/wp-content\\\/uploads\\\/2025\\\/12\\\/SVP-Prietaisu-skydelio-valiklis-blizgiklis-su-kvapu-citrinos-vysnios-vaniles-COCKPIT-N2.png\",\"datePublished\":\"2025-12-19T13:31:50+00:00\",\"dateModified\":\"2026-04-10T09:57:55+00:00\",\"description\":\"SVP Armatuurlaua puhastaja-l\u00f5hnastaja l\u00f5hnaga (sidrun\\\/kirss\\\/vanilje) - puhastab t\u00f5husalt, hooldab ja annab v\u00e4rsket l\u00f5hna auto sisemuse plastpindadele. Eemaldab tolmu ja s\u00f5rmej\u00e4ljed ning j\u00e4tab peene, meeldiva l\u00f5hna.\",\"breadcrumb\":{\"@id\":\"https:\\\/\\\/svpchem.eu\\\/et\\\/produktas\\\/svp-armatuurlaua-puhastusvahend-laikiv-koos-lohnaga-sidrun-kirss-vanilje-cockpit\\\/#breadcrumb\"},\"inLanguage\":\"et\",\"potentialAction\":[{\"@type\":\"ReadAction\",\"target\":[\"https:\\\/\\\/svpchem.eu\\\/et\\\/produktas\\\/svp-armatuurlaua-puhastusvahend-laikiv-koos-lohnaga-sidrun-kirss-vanilje-cockpit\\\/\"]}]},{\"@type\":\"ImageObject\",\"inLanguage\":\"et\",\"@id\":\"https:\\\/\\\/svpchem.eu\\\/et\\\/produktas\\\/svp-armatuurlaua-puhastusvahend-laikiv-koos-lohnaga-sidrun-kirss-vanilje-cockpit\\\/#primaryimage\",\"url\":\"https:\\\/\\\/svpchem.eu\\\/wp-content\\\/uploads\\\/2025\\\/12\\\/SVP-Prietaisu-skydelio-valiklis-blizgiklis-su-kvapu-citrinos-vysnios-vaniles-COCKPIT-N2.png\",\"contentUrl\":\"https:\\\/\\\/svpchem.eu\\\/wp-content\\\/uploads\\\/2025\\\/12\\\/SVP-Prietaisu-skydelio-valiklis-blizgiklis-su-kvapu-citrinos-vysnios-vaniles-COCKPIT-N2.png\",\"width\":1024,\"height\":1024},{\"@type\":\"BreadcrumbList\",\"@id\":\"https:\\\/\\\/svpchem.eu\\\/et\\\/produktas\\\/svp-armatuurlaua-puhastusvahend-laikiv-koos-lohnaga-sidrun-kirss-vanilje-cockpit\\\/#breadcrumb\",\"itemListElement\":[{\"@type\":\"ListItem\",\"position\":1,\"name\":\"Kodu\",\"item\":\"https:\\\/\\\/svpchem.eu\\\/et\\\/meie-kohta\\\/\"},{\"@type\":\"ListItem\",\"position\":2,\"name\":\"Pood\",\"item\":\"https:\\\/\\\/svpchem.eu\\\/et\\\/pood\\\/\"},{\"@type\":\"ListItem\",\"position\":3,\"name\":\"SVP armatuurlaua puhastusvahend l\u00e4ikiv koos l\u00f5hnaga (sidrun, kirss, vanilje) COCKPIT\"}]},{\"@type\":\"WebSite\",\"@id\":\"https:\\\/\\\/svpchem.eu\\\/et\\\/#website\",\"url\":\"https:\\\/\\\/svpchem.eu\\\/et\\\/\",\"name\":\"svpchem.eu\",\"description\":\"\",\"publisher\":{\"@id\":\"https:\\\/\\\/svpchem.eu\\\/et\\\/#organization\"},\"potentialAction\":[{\"@type\":\"SearchAction\",\"target\":{\"@type\":\"EntryPoint\",\"urlTemplate\":\"https:\\\/\\\/svpchem.eu\\\/et\\\/?s={search_term_string}\"},\"query-input\":{\"@type\":\"PropertyValueSpecification\",\"valueRequired\":true,\"valueName\":\"search_term_string\"}}],\"inLanguage\":\"et\"},{\"@type\":\"Organization\",\"@id\":\"https:\\\/\\\/svpchem.eu\\\/et\\\/#organization\",\"name\":\"svpchem.eu\",\"url\":\"https:\\\/\\\/svpchem.eu\\\/et\\\/\",\"logo\":{\"@type\":\"ImageObject\",\"inLanguage\":\"et\",\"@id\":\"https:\\\/\\\/svpchem.eu\\\/et\\\/#\\\/schema\\\/logo\\\/image\\\/\",\"url\":\"https:\\\/\\\/svpchem.eu\\\/wp-content\\\/uploads\\\/2025\\\/12\\\/logo_cropped_no_bg_20251217-1.png\",\"contentUrl\":\"https:\\\/\\\/svpchem.eu\\\/wp-content\\\/uploads\\\/2025\\\/12\\\/logo_cropped_no_bg_20251217-1.png\",\"width\":851,\"height\":430,\"caption\":\"svpchem.eu\"},\"image\":{\"@id\":\"https:\\\/\\\/svpchem.eu\\\/et\\\/#\\\/schema\\\/logo\\\/image\\\/\"}}]}<\/script>\n<!-- \/ Yoast SEO plugin. -->","yoast_head_json":{"title":"SVP armatuurlaua puhastusvahend l\u00e4ikiv koos l\u00f5hnaga (sidrun, kirss, vanilje) COCKPIT - svpchem.eu","description":"SVP Armatuurlaua puhastaja-l\u00f5hnastaja l\u00f5hnaga (sidrun\/kirss\/vanilje) - puhastab t\u00f5husalt, hooldab ja annab v\u00e4rsket l\u00f5hna auto sisemuse plastpindadele. Eemaldab tolmu ja s\u00f5rmej\u00e4ljed ning j\u00e4tab peene, meeldiva l\u00f5hna.","robots":{"index":"index","follow":"follow","max-snippet":"max-snippet:-1","max-image-preview":"max-image-preview:large","max-video-preview":"max-video-preview:-1"},"canonical":"https:\/\/svpchem.eu\/et\/produktas\/svp-armatuurlaua-puhastusvahend-laikiv-koos-lohnaga-sidrun-kirss-vanilje-cockpit\/","og_locale":"et_EE","og_type":"article","og_title":"SVP armatuurlaua puhastusvahend l\u00e4ikiv koos l\u00f5hnaga (sidrun, kirss, vanilje) COCKPIT - svpchem.eu","og_description":"SVP Armatuurlaua puhastaja-l\u00f5hnastaja l\u00f5hnaga (sidrun\/kirss\/vanilje) - puhastab t\u00f5husalt, hooldab ja annab v\u00e4rsket l\u00f5hna auto sisemuse plastpindadele. Eemaldab tolmu ja s\u00f5rmej\u00e4ljed ning j\u00e4tab peene, meeldiva l\u00f5hna.","og_url":"https:\/\/svpchem.eu\/et\/produktas\/svp-armatuurlaua-puhastusvahend-laikiv-koos-lohnaga-sidrun-kirss-vanilje-cockpit\/","og_site_name":"svpchem.eu","article_modified_time":"2026-04-10T09:57:55+00:00","og_image":[{"width":1024,"height":1024,"url":"https:\/\/svpchem.eu\/wp-content\/uploads\/2025\/12\/SVP-Prietaisu-skydelio-valiklis-blizgiklis-su-kvapu-citrinos-vysnios-vaniles-COCKPIT-N2.png","type":"image\/png"}],"twitter_card":"summary_large_image","schema":{"@context":"https:\/\/schema.org","@graph":[{"@type":"WebPage","@id":"https:\/\/svpchem.eu\/et\/produktas\/svp-armatuurlaua-puhastusvahend-laikiv-koos-lohnaga-sidrun-kirss-vanilje-cockpit\/","url":"https:\/\/svpchem.eu\/et\/produktas\/svp-armatuurlaua-puhastusvahend-laikiv-koos-lohnaga-sidrun-kirss-vanilje-cockpit\/","name":"SVP armatuurlaua puhastusvahend l\u00e4ikiv koos l\u00f5hnaga (sidrun, kirss, vanilje) COCKPIT - svpchem.eu","isPartOf":{"@id":"https:\/\/svpchem.eu\/et\/#website"},"primaryImageOfPage":{"@id":"https:\/\/svpchem.eu\/et\/produktas\/svp-armatuurlaua-puhastusvahend-laikiv-koos-lohnaga-sidrun-kirss-vanilje-cockpit\/#primaryimage"},"image":{"@id":"https:\/\/svpchem.eu\/et\/produktas\/svp-armatuurlaua-puhastusvahend-laikiv-koos-lohnaga-sidrun-kirss-vanilje-cockpit\/#primaryimage"},"thumbnailUrl":"https:\/\/svpchem.eu\/wp-content\/uploads\/2025\/12\/SVP-Prietaisu-skydelio-valiklis-blizgiklis-su-kvapu-citrinos-vysnios-vaniles-COCKPIT-N2.png","datePublished":"2025-12-19T13:31:50+00:00","dateModified":"2026-04-10T09:57:55+00:00","description":"SVP Armatuurlaua puhastaja-l\u00f5hnastaja l\u00f5hnaga (sidrun\/kirss\/vanilje) - puhastab t\u00f5husalt, hooldab ja annab v\u00e4rsket l\u00f5hna auto sisemuse plastpindadele. Eemaldab tolmu ja s\u00f5rmej\u00e4ljed ning j\u00e4tab peene, meeldiva l\u00f5hna.","breadcrumb":{"@id":"https:\/\/svpchem.eu\/et\/produktas\/svp-armatuurlaua-puhastusvahend-laikiv-koos-lohnaga-sidrun-kirss-vanilje-cockpit\/#breadcrumb"},"inLanguage":"et","potentialAction":[{"@type":"ReadAction","target":["https:\/\/svpchem.eu\/et\/produktas\/svp-armatuurlaua-puhastusvahend-laikiv-koos-lohnaga-sidrun-kirss-vanilje-cockpit\/"]}]},{"@type":"ImageObject","inLanguage":"et","@id":"https:\/\/svpchem.eu\/et\/produktas\/svp-armatuurlaua-puhastusvahend-laikiv-koos-lohnaga-sidrun-kirss-vanilje-cockpit\/#primaryimage","url":"https:\/\/svpchem.eu\/wp-content\/uploads\/2025\/12\/SVP-Prietaisu-skydelio-valiklis-blizgiklis-su-kvapu-citrinos-vysnios-vaniles-COCKPIT-N2.png","contentUrl":"https:\/\/svpchem.eu\/wp-content\/uploads\/2025\/12\/SVP-Prietaisu-skydelio-valiklis-blizgiklis-su-kvapu-citrinos-vysnios-vaniles-COCKPIT-N2.png","width":1024,"height":1024},{"@type":"BreadcrumbList","@id":"https:\/\/svpchem.eu\/et\/produktas\/svp-armatuurlaua-puhastusvahend-laikiv-koos-lohnaga-sidrun-kirss-vanilje-cockpit\/#breadcrumb","itemListElement":[{"@type":"ListItem","position":1,"name":"Kodu","item":"https:\/\/svpchem.eu\/et\/meie-kohta\/"},{"@type":"ListItem","position":2,"name":"Pood","item":"https:\/\/svpchem.eu\/et\/pood\/"},{"@type":"ListItem","position":3,"name":"SVP armatuurlaua puhastusvahend l\u00e4ikiv koos l\u00f5hnaga (sidrun, kirss, vanilje) COCKPIT"}]},{"@type":"WebSite","@id":"https:\/\/svpchem.eu\/et\/#website","url":"https:\/\/svpchem.eu\/et\/","name":"svpchem.eu","description":"","publisher":{"@id":"https:\/\/svpchem.eu\/et\/#organization"},"potentialAction":[{"@type":"SearchAction","target":{"@type":"EntryPoint","urlTemplate":"https:\/\/svpchem.eu\/et\/?s={search_term_string}"},"query-input":{"@type":"PropertyValueSpecification","valueRequired":true,"valueName":"search_term_string"}}],"inLanguage":"et"},{"@type":"Organization","@id":"https:\/\/svpchem.eu\/et\/#organization","name":"svpchem.eu","url":"https:\/\/svpchem.eu\/et\/","logo":{"@type":"ImageObject","inLanguage":"et","@id":"https:\/\/svpchem.eu\/et\/#\/schema\/logo\/image\/","url":"https:\/\/svpchem.eu\/wp-content\/uploads\/2025\/12\/logo_cropped_no_bg_20251217-1.png","contentUrl":"https:\/\/svpchem.eu\/wp-content\/uploads\/2025\/12\/logo_cropped_no_bg_20251217-1.png","width":851,"height":430,"caption":"svpchem.eu"},"image":{"@id":"https:\/\/svpchem.eu\/et\/#\/schema\/logo\/image\/"}}]}},"_links":{"self":[{"href":"https:\/\/svpchem.eu\/et\/wp-json\/wp\/v2\/product\/2615","targetHints":{"allow":["GET"]}}],"collection":[{"href":"https:\/\/svpchem.eu\/et\/wp-json\/wp\/v2\/product"}],"about":[{"href":"https:\/\/svpchem.eu\/et\/wp-json\/wp\/v2\/types\/product"}],"wp:featuredmedia":[{"embeddable":true,"href":"https:\/\/svpchem.eu\/et\/wp-json\/wp\/v2\/media\/3449"}],"wp:attachment":[{"href":"https:\/\/svpchem.eu\/et\/wp-json\/wp\/v2\/media?parent=2615"}],"wp:term":[{"taxonomy":"product_brand","embeddable":true,"href":"https:\/\/svpchem.eu\/et\/wp-json\/wp\/v2\/product_brand?post=2615"},{"taxonomy":"product_cat","embeddable":true,"href":"https:\/\/svpchem.eu\/et\/wp-json\/wp\/v2\/product_cat?post=2615"},{"taxonomy":"product_tag","embeddable":true,"href":"https:\/\/svpchem.eu\/et\/wp-json\/wp\/v2\/product_tag?post=2615"}],"curies":[{"name":"wp","href":"https:\/\/api.w.org\/{rel}","templated":true}]}}