{"id":2873,"date":"2025-12-19T13:31:54","date_gmt":"2025-12-19T13:31:54","guid":{"rendered":"https:\/\/svpchem.eu\/produktas\/svp-korrosioonivastased-varvid-erinevad-varvid\/"},"modified":"2026-04-10T09:59:19","modified_gmt":"2026-04-10T09:59:19","slug":"svp-korrosioonivastased-varvid-erinevad-varvid","status":"publish","type":"product","link":"https:\/\/svpchem.eu\/et\/produktas\/svp-korrosioonivastased-varvid-erinevad-varvid\/","title":{"rendered":"SVP korrosioonivastased v\u00e4rvid, erinevad v\u00e4rvid"},"content":{"rendered":"<p data-start=\"0\" data-end=\"19\">\ud83c\udfa8 Saadaolevad v\u00e4rvid:<\/p>\n<p data-start=\"21\" data-end=\"99\" data-is-last-node=\"\" data-is-only-node=\"\">\u25b8 H\u00f5bedane v\u00e4rv<br data-start=\"39\" data-end=\"42\">\u25b8 Must matt v\u00e4rv<br data-start=\"63\" data-end=\"66\">\u25b8 Must v\u00e4rv<br data-start=\"80\" data-end=\"83\">\u25b8 Valge v\u00e4rv \u25b8 Valge v\u00e4rv<\/p>\n","protected":false},"excerpt":{"rendered":"<p><strong>Kirjeldus:<br \/>\n<\/strong><br \/>\n Spetsiaalsed aerosoolv\u00e4rvid metallpindade pikaajaliseks korrosioonikaitseks. Ideaalne autode kereosadele, taradele, t\u00f6\u00f6riistadele jne.<br \/>\n<strong><br \/>\nPeamised omadused:<\/strong><\/p>\n<p>&#8211; Pol\u00fcuretaanip\u00f5hine, elastne, mittekleepuv kate.<br \/>\n&#8211; Niiskus-, soola-, rasva- ja UV-kindel.<br \/>\n&#8211; Kiiresti kuivav, sobib nii sise- kui ka v\u00e4listingimustes kasutamiseks.<br \/>\n&#8211; Tugev haardumine isegi kergelt niiskel pinnal.<br \/>\n<strong><br \/>\nKasutamine:<br \/>\n<\/strong><br \/>\n Pihustada 20-30 cm kauguselt. Soovitatav on 2 kihti. V\u00f5ib peale kanda lisav\u00e4rvi p\u00e4rast t\u00e4ielikku kuivamist (vajalik ~24 tundi).  <\/p>\n<p><strong>Eelised:<br \/>\n<\/strong><br \/>\n &#8211; Sobib ekstreemsetes tingimustes (-30\u00b0C kuni +120\u00b0C).<br \/>\n&#8211; Saadaval mitmes toonis &#8211; l\u00e4ikiv, matt, h\u00f5bedane.<br \/>\n&#8211; Moodustab suletud kaitsekile ilmastikum\u00f5jude eest.<\/p>\n<p><strong>Tehniline teave:<br \/>\n<\/strong><br \/>\n &#8211; Kuivamisaeg: 15-30 min.<br \/>\n&#8211; Mahutavus: 400 ml.<br \/>\n&#8211; P\u00e4rast kuivamist \u00fchildub teiste v\u00e4rvidega.<\/p>\n","protected":false},"featured_media":2875,"template":"","meta":[],"product_brand":[],"product_cat":[285],"product_tag":[],"class_list":{"0":"post-2873","1":"product","2":"type-product","3":"status-publish","4":"has-post-thumbnail","6":"product_cat-aerosool-korrosioonivastased-varvid","7":"pa_brand-svp","8":"pa_kiekis_dz-162","9":"pa_kiekis_pk-164","10":"pa_talpa-400ml","12":"first","13":"instock","14":"shipping-taxable","15":"product-type-simple"},"yoast_head":"<!-- This site is optimized with the Yoast SEO plugin v27.3 - https:\/\/yoast.com\/product\/yoast-seo-wordpress\/ -->\n<title>SVP korrosioonivastased v\u00e4rvid, erinevad v\u00e4rvid - svpchem.eu<\/title>\n<meta name=\"description\" content=\"SVP korrosioonivastased v\u00e4rvid - usaldusv\u00e4\u00e4rne kaitse metallpindadele rooste ja keskkonnam\u00f5jude eest. Kiire kuivamine, hea katvus ja vastupidav, kauakestev kate sise- ja v\u00e4listingimustes kasutamiseks.\" \/>\n<meta name=\"robots\" content=\"index, follow, max-snippet:-1, max-image-preview:large, max-video-preview:-1\" \/>\n<link rel=\"canonical\" href=\"https:\/\/svpchem.eu\/et\/produktas\/svp-korrosioonivastased-varvid-erinevad-varvid\/\" \/>\n<meta property=\"og:locale\" content=\"et_EE\" \/>\n<meta property=\"og:type\" content=\"article\" \/>\n<meta property=\"og:title\" content=\"SVP korrosioonivastased v\u00e4rvid, erinevad v\u00e4rvid - svpchem.eu\" \/>\n<meta property=\"og:description\" content=\"SVP korrosioonivastased v\u00e4rvid - usaldusv\u00e4\u00e4rne kaitse metallpindadele rooste ja keskkonnam\u00f5jude eest. Kiire kuivamine, hea katvus ja vastupidav, kauakestev kate sise- ja v\u00e4listingimustes kasutamiseks.\" \/>\n<meta property=\"og:url\" content=\"https:\/\/svpchem.eu\/et\/produktas\/svp-korrosioonivastased-varvid-erinevad-varvid\/\" \/>\n<meta property=\"og:site_name\" content=\"svpchem.eu\" \/>\n<meta property=\"article:modified_time\" content=\"2026-04-10T09:59:19+00:00\" \/>\n<meta property=\"og:image\" content=\"https:\/\/svpchem.eu\/wp-content\/uploads\/2025\/12\/Antikoroziniai-dazai.jpg\" \/>\n\t<meta property=\"og:image:width\" content=\"1300\" \/>\n\t<meta property=\"og:image:height\" content=\"1300\" \/>\n\t<meta property=\"og:image:type\" content=\"image\/jpeg\" \/>\n<meta name=\"twitter:card\" content=\"summary_large_image\" \/>\n<script type=\"application\/ld+json\" class=\"yoast-schema-graph\">{\"@context\":\"https:\\\/\\\/schema.org\",\"@graph\":[{\"@type\":\"WebPage\",\"@id\":\"https:\\\/\\\/svpchem.eu\\\/et\\\/produktas\\\/svp-korrosioonivastased-varvid-erinevad-varvid\\\/\",\"url\":\"https:\\\/\\\/svpchem.eu\\\/et\\\/produktas\\\/svp-korrosioonivastased-varvid-erinevad-varvid\\\/\",\"name\":\"SVP korrosioonivastased v\u00e4rvid, erinevad v\u00e4rvid - svpchem.eu\",\"isPartOf\":{\"@id\":\"https:\\\/\\\/svpchem.eu\\\/et\\\/#website\"},\"primaryImageOfPage\":{\"@id\":\"https:\\\/\\\/svpchem.eu\\\/et\\\/produktas\\\/svp-korrosioonivastased-varvid-erinevad-varvid\\\/#primaryimage\"},\"image\":{\"@id\":\"https:\\\/\\\/svpchem.eu\\\/et\\\/produktas\\\/svp-korrosioonivastased-varvid-erinevad-varvid\\\/#primaryimage\"},\"thumbnailUrl\":\"https:\\\/\\\/svpchem.eu\\\/wp-content\\\/uploads\\\/2025\\\/12\\\/Antikoroziniai-dazai.jpg\",\"datePublished\":\"2025-12-19T13:31:54+00:00\",\"dateModified\":\"2026-04-10T09:59:19+00:00\",\"description\":\"SVP korrosioonivastased v\u00e4rvid - usaldusv\u00e4\u00e4rne kaitse metallpindadele rooste ja keskkonnam\u00f5jude eest. Kiire kuivamine, hea katvus ja vastupidav, kauakestev kate sise- ja v\u00e4listingimustes kasutamiseks.\",\"breadcrumb\":{\"@id\":\"https:\\\/\\\/svpchem.eu\\\/et\\\/produktas\\\/svp-korrosioonivastased-varvid-erinevad-varvid\\\/#breadcrumb\"},\"inLanguage\":\"et\",\"potentialAction\":[{\"@type\":\"ReadAction\",\"target\":[\"https:\\\/\\\/svpchem.eu\\\/et\\\/produktas\\\/svp-korrosioonivastased-varvid-erinevad-varvid\\\/\"]}]},{\"@type\":\"ImageObject\",\"inLanguage\":\"et\",\"@id\":\"https:\\\/\\\/svpchem.eu\\\/et\\\/produktas\\\/svp-korrosioonivastased-varvid-erinevad-varvid\\\/#primaryimage\",\"url\":\"https:\\\/\\\/svpchem.eu\\\/wp-content\\\/uploads\\\/2025\\\/12\\\/Antikoroziniai-dazai.jpg\",\"contentUrl\":\"https:\\\/\\\/svpchem.eu\\\/wp-content\\\/uploads\\\/2025\\\/12\\\/Antikoroziniai-dazai.jpg\",\"width\":1300,\"height\":1300},{\"@type\":\"BreadcrumbList\",\"@id\":\"https:\\\/\\\/svpchem.eu\\\/et\\\/produktas\\\/svp-korrosioonivastased-varvid-erinevad-varvid\\\/#breadcrumb\",\"itemListElement\":[{\"@type\":\"ListItem\",\"position\":1,\"name\":\"Kodu\",\"item\":\"https:\\\/\\\/svpchem.eu\\\/et\\\/meie-kohta\\\/\"},{\"@type\":\"ListItem\",\"position\":2,\"name\":\"Pood\",\"item\":\"https:\\\/\\\/svpchem.eu\\\/et\\\/pood\\\/\"},{\"@type\":\"ListItem\",\"position\":3,\"name\":\"SVP korrosioonivastased v\u00e4rvid, erinevad v\u00e4rvid\"}]},{\"@type\":\"WebSite\",\"@id\":\"https:\\\/\\\/svpchem.eu\\\/et\\\/#website\",\"url\":\"https:\\\/\\\/svpchem.eu\\\/et\\\/\",\"name\":\"svpchem.eu\",\"description\":\"\",\"publisher\":{\"@id\":\"https:\\\/\\\/svpchem.eu\\\/et\\\/#organization\"},\"potentialAction\":[{\"@type\":\"SearchAction\",\"target\":{\"@type\":\"EntryPoint\",\"urlTemplate\":\"https:\\\/\\\/svpchem.eu\\\/et\\\/?s={search_term_string}\"},\"query-input\":{\"@type\":\"PropertyValueSpecification\",\"valueRequired\":true,\"valueName\":\"search_term_string\"}}],\"inLanguage\":\"et\"},{\"@type\":\"Organization\",\"@id\":\"https:\\\/\\\/svpchem.eu\\\/et\\\/#organization\",\"name\":\"svpchem.eu\",\"url\":\"https:\\\/\\\/svpchem.eu\\\/et\\\/\",\"logo\":{\"@type\":\"ImageObject\",\"inLanguage\":\"et\",\"@id\":\"https:\\\/\\\/svpchem.eu\\\/et\\\/#\\\/schema\\\/logo\\\/image\\\/\",\"url\":\"https:\\\/\\\/svpchem.eu\\\/wp-content\\\/uploads\\\/2025\\\/12\\\/logo_cropped_no_bg_20251217-1.png\",\"contentUrl\":\"https:\\\/\\\/svpchem.eu\\\/wp-content\\\/uploads\\\/2025\\\/12\\\/logo_cropped_no_bg_20251217-1.png\",\"width\":851,\"height\":430,\"caption\":\"svpchem.eu\"},\"image\":{\"@id\":\"https:\\\/\\\/svpchem.eu\\\/et\\\/#\\\/schema\\\/logo\\\/image\\\/\"}}]}<\/script>\n<!-- \/ Yoast SEO plugin. -->","yoast_head_json":{"title":"SVP korrosioonivastased v\u00e4rvid, erinevad v\u00e4rvid - svpchem.eu","description":"SVP korrosioonivastased v\u00e4rvid - usaldusv\u00e4\u00e4rne kaitse metallpindadele rooste ja keskkonnam\u00f5jude eest. Kiire kuivamine, hea katvus ja vastupidav, kauakestev kate sise- ja v\u00e4listingimustes kasutamiseks.","robots":{"index":"index","follow":"follow","max-snippet":"max-snippet:-1","max-image-preview":"max-image-preview:large","max-video-preview":"max-video-preview:-1"},"canonical":"https:\/\/svpchem.eu\/et\/produktas\/svp-korrosioonivastased-varvid-erinevad-varvid\/","og_locale":"et_EE","og_type":"article","og_title":"SVP korrosioonivastased v\u00e4rvid, erinevad v\u00e4rvid - svpchem.eu","og_description":"SVP korrosioonivastased v\u00e4rvid - usaldusv\u00e4\u00e4rne kaitse metallpindadele rooste ja keskkonnam\u00f5jude eest. Kiire kuivamine, hea katvus ja vastupidav, kauakestev kate sise- ja v\u00e4listingimustes kasutamiseks.","og_url":"https:\/\/svpchem.eu\/et\/produktas\/svp-korrosioonivastased-varvid-erinevad-varvid\/","og_site_name":"svpchem.eu","article_modified_time":"2026-04-10T09:59:19+00:00","og_image":[{"width":1300,"height":1300,"url":"https:\/\/svpchem.eu\/wp-content\/uploads\/2025\/12\/Antikoroziniai-dazai.jpg","type":"image\/jpeg"}],"twitter_card":"summary_large_image","schema":{"@context":"https:\/\/schema.org","@graph":[{"@type":"WebPage","@id":"https:\/\/svpchem.eu\/et\/produktas\/svp-korrosioonivastased-varvid-erinevad-varvid\/","url":"https:\/\/svpchem.eu\/et\/produktas\/svp-korrosioonivastased-varvid-erinevad-varvid\/","name":"SVP korrosioonivastased v\u00e4rvid, erinevad v\u00e4rvid - svpchem.eu","isPartOf":{"@id":"https:\/\/svpchem.eu\/et\/#website"},"primaryImageOfPage":{"@id":"https:\/\/svpchem.eu\/et\/produktas\/svp-korrosioonivastased-varvid-erinevad-varvid\/#primaryimage"},"image":{"@id":"https:\/\/svpchem.eu\/et\/produktas\/svp-korrosioonivastased-varvid-erinevad-varvid\/#primaryimage"},"thumbnailUrl":"https:\/\/svpchem.eu\/wp-content\/uploads\/2025\/12\/Antikoroziniai-dazai.jpg","datePublished":"2025-12-19T13:31:54+00:00","dateModified":"2026-04-10T09:59:19+00:00","description":"SVP korrosioonivastased v\u00e4rvid - usaldusv\u00e4\u00e4rne kaitse metallpindadele rooste ja keskkonnam\u00f5jude eest. Kiire kuivamine, hea katvus ja vastupidav, kauakestev kate sise- ja v\u00e4listingimustes kasutamiseks.","breadcrumb":{"@id":"https:\/\/svpchem.eu\/et\/produktas\/svp-korrosioonivastased-varvid-erinevad-varvid\/#breadcrumb"},"inLanguage":"et","potentialAction":[{"@type":"ReadAction","target":["https:\/\/svpchem.eu\/et\/produktas\/svp-korrosioonivastased-varvid-erinevad-varvid\/"]}]},{"@type":"ImageObject","inLanguage":"et","@id":"https:\/\/svpchem.eu\/et\/produktas\/svp-korrosioonivastased-varvid-erinevad-varvid\/#primaryimage","url":"https:\/\/svpchem.eu\/wp-content\/uploads\/2025\/12\/Antikoroziniai-dazai.jpg","contentUrl":"https:\/\/svpchem.eu\/wp-content\/uploads\/2025\/12\/Antikoroziniai-dazai.jpg","width":1300,"height":1300},{"@type":"BreadcrumbList","@id":"https:\/\/svpchem.eu\/et\/produktas\/svp-korrosioonivastased-varvid-erinevad-varvid\/#breadcrumb","itemListElement":[{"@type":"ListItem","position":1,"name":"Kodu","item":"https:\/\/svpchem.eu\/et\/meie-kohta\/"},{"@type":"ListItem","position":2,"name":"Pood","item":"https:\/\/svpchem.eu\/et\/pood\/"},{"@type":"ListItem","position":3,"name":"SVP korrosioonivastased v\u00e4rvid, erinevad v\u00e4rvid"}]},{"@type":"WebSite","@id":"https:\/\/svpchem.eu\/et\/#website","url":"https:\/\/svpchem.eu\/et\/","name":"svpchem.eu","description":"","publisher":{"@id":"https:\/\/svpchem.eu\/et\/#organization"},"potentialAction":[{"@type":"SearchAction","target":{"@type":"EntryPoint","urlTemplate":"https:\/\/svpchem.eu\/et\/?s={search_term_string}"},"query-input":{"@type":"PropertyValueSpecification","valueRequired":true,"valueName":"search_term_string"}}],"inLanguage":"et"},{"@type":"Organization","@id":"https:\/\/svpchem.eu\/et\/#organization","name":"svpchem.eu","url":"https:\/\/svpchem.eu\/et\/","logo":{"@type":"ImageObject","inLanguage":"et","@id":"https:\/\/svpchem.eu\/et\/#\/schema\/logo\/image\/","url":"https:\/\/svpchem.eu\/wp-content\/uploads\/2025\/12\/logo_cropped_no_bg_20251217-1.png","contentUrl":"https:\/\/svpchem.eu\/wp-content\/uploads\/2025\/12\/logo_cropped_no_bg_20251217-1.png","width":851,"height":430,"caption":"svpchem.eu"},"image":{"@id":"https:\/\/svpchem.eu\/et\/#\/schema\/logo\/image\/"}}]}},"_links":{"self":[{"href":"https:\/\/svpchem.eu\/et\/wp-json\/wp\/v2\/product\/2873","targetHints":{"allow":["GET"]}}],"collection":[{"href":"https:\/\/svpchem.eu\/et\/wp-json\/wp\/v2\/product"}],"about":[{"href":"https:\/\/svpchem.eu\/et\/wp-json\/wp\/v2\/types\/product"}],"wp:featuredmedia":[{"embeddable":true,"href":"https:\/\/svpchem.eu\/et\/wp-json\/wp\/v2\/media\/2875"}],"wp:attachment":[{"href":"https:\/\/svpchem.eu\/et\/wp-json\/wp\/v2\/media?parent=2873"}],"wp:term":[{"taxonomy":"product_brand","embeddable":true,"href":"https:\/\/svpchem.eu\/et\/wp-json\/wp\/v2\/product_brand?post=2873"},{"taxonomy":"product_cat","embeddable":true,"href":"https:\/\/svpchem.eu\/et\/wp-json\/wp\/v2\/product_cat?post=2873"},{"taxonomy":"product_tag","embeddable":true,"href":"https:\/\/svpchem.eu\/et\/wp-json\/wp\/v2\/product_tag?post=2873"}],"curies":[{"name":"wp","href":"https:\/\/api.w.org\/{rel}","templated":true}]}}