{"id":3003,"date":"2025-12-19T13:31:51","date_gmt":"2025-12-19T13:31:51","guid":{"rendered":"https:\/\/svpchem.eu\/produktas\/svp-talvine-aknapesuvahend-20%e2%81%b0-c-etanool\/"},"modified":"2026-04-10T10:00:09","modified_gmt":"2026-04-10T10:00:09","slug":"svp-talvine-aknapesuvahend-20%e2%81%b0-c-etanool","status":"publish","type":"product","link":"https:\/\/svpchem.eu\/et\/produktas\/svp-talvine-aknapesuvahend-20%e2%81%b0-c-etanool\/","title":{"rendered":"SVP talvine aknapesuvahend -20\u2070 C (etanool)"},"content":{"rendered":"","protected":false},"excerpt":{"rendered":"<p><strong>Kirjeldus:<br \/>\n<\/strong><br \/>\n Etanoolil p\u00f5hinev talvine aknapesuvedelik, mis on m\u00f5eldud suurep\u00e4rase n\u00e4htavuse tagamiseks k\u00fclma ilmaga. T\u00f5husalt takistab pesus\u00fcsteemi j\u00e4\u00e4tumist ja eemaldab kiiresti maanteel tekkiva mustuse, soola ja rasvakile tuuleklaasilt.<br \/>\n<strong><br \/>\nPeamised omadused:<br \/>\n<\/strong><br \/>\n &#8211; Puhastusv\u00f5ime &#8211; eemaldab kiiresti teekatte, soola ja rasvakihi.<br \/>\n&#8211; Etanooli eelis &#8211; aurustub kiiresti klaasidelt, ei j\u00e4ta triipe ega k\u00fclma klaasipuhasti.<br \/>\n&#8211; Kaitse &#8211; koostisesse lisatud lisandid kaitsevad klaasipuhasti labasid pragunemise eest.<br \/>\n&#8211; Ohutus &#8211; ohutu v\u00e4rvitud pindadele, kummi- ja plastosadele.<br \/>\n<strong><br \/>\nKasutamine:<br \/>\n<\/strong><br \/>\n Vala vedelik otse auto aknapesuri paaki. Valmis kasutamiseks kuni etten\u00e4htud temperatuurini.<br \/>\n<strong><br \/>\nEelised:<br \/>\n<\/strong><br \/>\n &#8211; Garanteeritud kaitse pesuris\u00fcsteemi j\u00e4\u00e4tumise eest talvel.<br \/>\n&#8211; Suurep\u00e4rane n\u00e4htavus m\u00f5\u00f5dukatel talvetemperatuuridel.<br \/>\n&#8211; Ei k\u00fclma klaasipuhastid.<br \/>\n<strong><br \/>\nTehniline teave:<br \/>\n<\/strong><br \/>\n &#8211; Alus: etanool.<br \/>\n&#8211; K\u00fclmakindlus: kuni -20\u2218C.<br \/>\n&#8211; Mahutavus: 5000 ml (etanool).<br \/>\n&#8211; Eesm\u00e4rk: autoakende pesu.<\/p>\n","protected":false},"featured_media":3005,"template":"","meta":[],"product_brand":[],"product_cat":[311],"product_tag":[],"class_list":{"0":"post-3003","1":"product","2":"type-product","3":"status-publish","4":"has-post-thumbnail","6":"product_cat-talvised-aknapuhastusvedelikud","7":"pa_brand-svp","8":"pa_ean-4779032960168-0","9":"pa_kiekis_dz-193","10":"pa_kiekis_pk-164","11":"pa_talpa-5000ml","13":"first","14":"instock","15":"shipping-taxable","16":"product-type-simple"},"yoast_head":"<!-- This site is optimized with the Yoast SEO plugin v27.3 - https:\/\/yoast.com\/product\/yoast-seo-wordpress\/ -->\n<title>SVP talvine aknapesuvahend -20\u2070 C (etanool) - svpchem.eu<\/title>\n<meta name=\"description\" content=\"SVP Winter Window Cleaner -20 \u00b0C (etanoolil p\u00f5hinev) - eemaldab t\u00f5husalt mustuse, soolad ja teekatte, ei j\u00e4\u00e4tu madalatel temperatuuridel. Tagab hea n\u00e4htavuse ja ohutu s\u00f5idu talvistes tingimustes.\" \/>\n<meta name=\"robots\" content=\"index, follow, max-snippet:-1, max-image-preview:large, max-video-preview:-1\" \/>\n<link rel=\"canonical\" href=\"https:\/\/svpchem.eu\/et\/produktas\/svp-talvine-aknapesuvahend-20%e2%81%b0-c-etanool\/\" \/>\n<meta property=\"og:locale\" content=\"et_EE\" \/>\n<meta property=\"og:type\" content=\"article\" \/>\n<meta property=\"og:title\" content=\"SVP talvine aknapesuvahend -20\u2070 C (etanool) - svpchem.eu\" \/>\n<meta property=\"og:description\" content=\"SVP Winter Window Cleaner -20 \u00b0C (etanoolil p\u00f5hinev) - eemaldab t\u00f5husalt mustuse, soolad ja teekatte, ei j\u00e4\u00e4tu madalatel temperatuuridel. Tagab hea n\u00e4htavuse ja ohutu s\u00f5idu talvistes tingimustes.\" \/>\n<meta property=\"og:url\" content=\"https:\/\/svpchem.eu\/et\/produktas\/svp-talvine-aknapesuvahend-20%e2%81%b0-c-etanool\/\" \/>\n<meta property=\"og:site_name\" content=\"svpchem.eu\" \/>\n<meta property=\"article:modified_time\" content=\"2026-04-10T10:00:09+00:00\" \/>\n<meta property=\"og:image\" content=\"https:\/\/svpchem.eu\/wp-content\/uploads\/2025\/12\/SVP_Zieminis_langu_ploviklis_-20__C__etanolis_-removebg-preview.jpg\" \/>\n\t<meta property=\"og:image:width\" content=\"1300\" \/>\n\t<meta property=\"og:image:height\" content=\"1300\" \/>\n\t<meta property=\"og:image:type\" content=\"image\/jpeg\" \/>\n<meta name=\"twitter:card\" content=\"summary_large_image\" \/>\n<script type=\"application\/ld+json\" class=\"yoast-schema-graph\">{\"@context\":\"https:\\\/\\\/schema.org\",\"@graph\":[{\"@type\":\"WebPage\",\"@id\":\"https:\\\/\\\/svpchem.eu\\\/et\\\/produktas\\\/svp-talvine-aknapesuvahend-20%e2%81%b0-c-etanool\\\/\",\"url\":\"https:\\\/\\\/svpchem.eu\\\/et\\\/produktas\\\/svp-talvine-aknapesuvahend-20%e2%81%b0-c-etanool\\\/\",\"name\":\"SVP talvine aknapesuvahend -20\u2070 C (etanool) - svpchem.eu\",\"isPartOf\":{\"@id\":\"https:\\\/\\\/svpchem.eu\\\/et\\\/#website\"},\"primaryImageOfPage\":{\"@id\":\"https:\\\/\\\/svpchem.eu\\\/et\\\/produktas\\\/svp-talvine-aknapesuvahend-20%e2%81%b0-c-etanool\\\/#primaryimage\"},\"image\":{\"@id\":\"https:\\\/\\\/svpchem.eu\\\/et\\\/produktas\\\/svp-talvine-aknapesuvahend-20%e2%81%b0-c-etanool\\\/#primaryimage\"},\"thumbnailUrl\":\"https:\\\/\\\/svpchem.eu\\\/wp-content\\\/uploads\\\/2025\\\/12\\\/SVP_Zieminis_langu_ploviklis_-20__C__etanolis_-removebg-preview.jpg\",\"datePublished\":\"2025-12-19T13:31:51+00:00\",\"dateModified\":\"2026-04-10T10:00:09+00:00\",\"description\":\"SVP Winter Window Cleaner -20 \u00b0C (etanoolil p\u00f5hinev) - eemaldab t\u00f5husalt mustuse, soolad ja teekatte, ei j\u00e4\u00e4tu madalatel temperatuuridel. Tagab hea n\u00e4htavuse ja ohutu s\u00f5idu talvistes tingimustes.\",\"breadcrumb\":{\"@id\":\"https:\\\/\\\/svpchem.eu\\\/et\\\/produktas\\\/svp-talvine-aknapesuvahend-20%e2%81%b0-c-etanool\\\/#breadcrumb\"},\"inLanguage\":\"et\",\"potentialAction\":[{\"@type\":\"ReadAction\",\"target\":[\"https:\\\/\\\/svpchem.eu\\\/et\\\/produktas\\\/svp-talvine-aknapesuvahend-20%e2%81%b0-c-etanool\\\/\"]}]},{\"@type\":\"ImageObject\",\"inLanguage\":\"et\",\"@id\":\"https:\\\/\\\/svpchem.eu\\\/et\\\/produktas\\\/svp-talvine-aknapesuvahend-20%e2%81%b0-c-etanool\\\/#primaryimage\",\"url\":\"https:\\\/\\\/svpchem.eu\\\/wp-content\\\/uploads\\\/2025\\\/12\\\/SVP_Zieminis_langu_ploviklis_-20__C__etanolis_-removebg-preview.jpg\",\"contentUrl\":\"https:\\\/\\\/svpchem.eu\\\/wp-content\\\/uploads\\\/2025\\\/12\\\/SVP_Zieminis_langu_ploviklis_-20__C__etanolis_-removebg-preview.jpg\",\"width\":1300,\"height\":1300},{\"@type\":\"BreadcrumbList\",\"@id\":\"https:\\\/\\\/svpchem.eu\\\/et\\\/produktas\\\/svp-talvine-aknapesuvahend-20%e2%81%b0-c-etanool\\\/#breadcrumb\",\"itemListElement\":[{\"@type\":\"ListItem\",\"position\":1,\"name\":\"Kodu\",\"item\":\"https:\\\/\\\/svpchem.eu\\\/et\\\/meie-kohta\\\/\"},{\"@type\":\"ListItem\",\"position\":2,\"name\":\"Pood\",\"item\":\"https:\\\/\\\/svpchem.eu\\\/et\\\/pood\\\/\"},{\"@type\":\"ListItem\",\"position\":3,\"name\":\"SVP talvine aknapesuvahend -20\u2070 C (etanool)\"}]},{\"@type\":\"WebSite\",\"@id\":\"https:\\\/\\\/svpchem.eu\\\/et\\\/#website\",\"url\":\"https:\\\/\\\/svpchem.eu\\\/et\\\/\",\"name\":\"svpchem.eu\",\"description\":\"\",\"publisher\":{\"@id\":\"https:\\\/\\\/svpchem.eu\\\/et\\\/#organization\"},\"potentialAction\":[{\"@type\":\"SearchAction\",\"target\":{\"@type\":\"EntryPoint\",\"urlTemplate\":\"https:\\\/\\\/svpchem.eu\\\/et\\\/?s={search_term_string}\"},\"query-input\":{\"@type\":\"PropertyValueSpecification\",\"valueRequired\":true,\"valueName\":\"search_term_string\"}}],\"inLanguage\":\"et\"},{\"@type\":\"Organization\",\"@id\":\"https:\\\/\\\/svpchem.eu\\\/et\\\/#organization\",\"name\":\"svpchem.eu\",\"url\":\"https:\\\/\\\/svpchem.eu\\\/et\\\/\",\"logo\":{\"@type\":\"ImageObject\",\"inLanguage\":\"et\",\"@id\":\"https:\\\/\\\/svpchem.eu\\\/et\\\/#\\\/schema\\\/logo\\\/image\\\/\",\"url\":\"https:\\\/\\\/svpchem.eu\\\/wp-content\\\/uploads\\\/2025\\\/12\\\/logo_cropped_no_bg_20251217-1.png\",\"contentUrl\":\"https:\\\/\\\/svpchem.eu\\\/wp-content\\\/uploads\\\/2025\\\/12\\\/logo_cropped_no_bg_20251217-1.png\",\"width\":851,\"height\":430,\"caption\":\"svpchem.eu\"},\"image\":{\"@id\":\"https:\\\/\\\/svpchem.eu\\\/et\\\/#\\\/schema\\\/logo\\\/image\\\/\"}}]}<\/script>\n<!-- \/ Yoast SEO plugin. -->","yoast_head_json":{"title":"SVP talvine aknapesuvahend -20\u2070 C (etanool) - svpchem.eu","description":"SVP Winter Window Cleaner -20 \u00b0C (etanoolil p\u00f5hinev) - eemaldab t\u00f5husalt mustuse, soolad ja teekatte, ei j\u00e4\u00e4tu madalatel temperatuuridel. Tagab hea n\u00e4htavuse ja ohutu s\u00f5idu talvistes tingimustes.","robots":{"index":"index","follow":"follow","max-snippet":"max-snippet:-1","max-image-preview":"max-image-preview:large","max-video-preview":"max-video-preview:-1"},"canonical":"https:\/\/svpchem.eu\/et\/produktas\/svp-talvine-aknapesuvahend-20%e2%81%b0-c-etanool\/","og_locale":"et_EE","og_type":"article","og_title":"SVP talvine aknapesuvahend -20\u2070 C (etanool) - svpchem.eu","og_description":"SVP Winter Window Cleaner -20 \u00b0C (etanoolil p\u00f5hinev) - eemaldab t\u00f5husalt mustuse, soolad ja teekatte, ei j\u00e4\u00e4tu madalatel temperatuuridel. Tagab hea n\u00e4htavuse ja ohutu s\u00f5idu talvistes tingimustes.","og_url":"https:\/\/svpchem.eu\/et\/produktas\/svp-talvine-aknapesuvahend-20%e2%81%b0-c-etanool\/","og_site_name":"svpchem.eu","article_modified_time":"2026-04-10T10:00:09+00:00","og_image":[{"width":1300,"height":1300,"url":"https:\/\/svpchem.eu\/wp-content\/uploads\/2025\/12\/SVP_Zieminis_langu_ploviklis_-20__C__etanolis_-removebg-preview.jpg","type":"image\/jpeg"}],"twitter_card":"summary_large_image","schema":{"@context":"https:\/\/schema.org","@graph":[{"@type":"WebPage","@id":"https:\/\/svpchem.eu\/et\/produktas\/svp-talvine-aknapesuvahend-20%e2%81%b0-c-etanool\/","url":"https:\/\/svpchem.eu\/et\/produktas\/svp-talvine-aknapesuvahend-20%e2%81%b0-c-etanool\/","name":"SVP talvine aknapesuvahend -20\u2070 C (etanool) - svpchem.eu","isPartOf":{"@id":"https:\/\/svpchem.eu\/et\/#website"},"primaryImageOfPage":{"@id":"https:\/\/svpchem.eu\/et\/produktas\/svp-talvine-aknapesuvahend-20%e2%81%b0-c-etanool\/#primaryimage"},"image":{"@id":"https:\/\/svpchem.eu\/et\/produktas\/svp-talvine-aknapesuvahend-20%e2%81%b0-c-etanool\/#primaryimage"},"thumbnailUrl":"https:\/\/svpchem.eu\/wp-content\/uploads\/2025\/12\/SVP_Zieminis_langu_ploviklis_-20__C__etanolis_-removebg-preview.jpg","datePublished":"2025-12-19T13:31:51+00:00","dateModified":"2026-04-10T10:00:09+00:00","description":"SVP Winter Window Cleaner -20 \u00b0C (etanoolil p\u00f5hinev) - eemaldab t\u00f5husalt mustuse, soolad ja teekatte, ei j\u00e4\u00e4tu madalatel temperatuuridel. Tagab hea n\u00e4htavuse ja ohutu s\u00f5idu talvistes tingimustes.","breadcrumb":{"@id":"https:\/\/svpchem.eu\/et\/produktas\/svp-talvine-aknapesuvahend-20%e2%81%b0-c-etanool\/#breadcrumb"},"inLanguage":"et","potentialAction":[{"@type":"ReadAction","target":["https:\/\/svpchem.eu\/et\/produktas\/svp-talvine-aknapesuvahend-20%e2%81%b0-c-etanool\/"]}]},{"@type":"ImageObject","inLanguage":"et","@id":"https:\/\/svpchem.eu\/et\/produktas\/svp-talvine-aknapesuvahend-20%e2%81%b0-c-etanool\/#primaryimage","url":"https:\/\/svpchem.eu\/wp-content\/uploads\/2025\/12\/SVP_Zieminis_langu_ploviklis_-20__C__etanolis_-removebg-preview.jpg","contentUrl":"https:\/\/svpchem.eu\/wp-content\/uploads\/2025\/12\/SVP_Zieminis_langu_ploviklis_-20__C__etanolis_-removebg-preview.jpg","width":1300,"height":1300},{"@type":"BreadcrumbList","@id":"https:\/\/svpchem.eu\/et\/produktas\/svp-talvine-aknapesuvahend-20%e2%81%b0-c-etanool\/#breadcrumb","itemListElement":[{"@type":"ListItem","position":1,"name":"Kodu","item":"https:\/\/svpchem.eu\/et\/meie-kohta\/"},{"@type":"ListItem","position":2,"name":"Pood","item":"https:\/\/svpchem.eu\/et\/pood\/"},{"@type":"ListItem","position":3,"name":"SVP talvine aknapesuvahend -20\u2070 C (etanool)"}]},{"@type":"WebSite","@id":"https:\/\/svpchem.eu\/et\/#website","url":"https:\/\/svpchem.eu\/et\/","name":"svpchem.eu","description":"","publisher":{"@id":"https:\/\/svpchem.eu\/et\/#organization"},"potentialAction":[{"@type":"SearchAction","target":{"@type":"EntryPoint","urlTemplate":"https:\/\/svpchem.eu\/et\/?s={search_term_string}"},"query-input":{"@type":"PropertyValueSpecification","valueRequired":true,"valueName":"search_term_string"}}],"inLanguage":"et"},{"@type":"Organization","@id":"https:\/\/svpchem.eu\/et\/#organization","name":"svpchem.eu","url":"https:\/\/svpchem.eu\/et\/","logo":{"@type":"ImageObject","inLanguage":"et","@id":"https:\/\/svpchem.eu\/et\/#\/schema\/logo\/image\/","url":"https:\/\/svpchem.eu\/wp-content\/uploads\/2025\/12\/logo_cropped_no_bg_20251217-1.png","contentUrl":"https:\/\/svpchem.eu\/wp-content\/uploads\/2025\/12\/logo_cropped_no_bg_20251217-1.png","width":851,"height":430,"caption":"svpchem.eu"},"image":{"@id":"https:\/\/svpchem.eu\/et\/#\/schema\/logo\/image\/"}}]}},"_links":{"self":[{"href":"https:\/\/svpchem.eu\/et\/wp-json\/wp\/v2\/product\/3003","targetHints":{"allow":["GET"]}}],"collection":[{"href":"https:\/\/svpchem.eu\/et\/wp-json\/wp\/v2\/product"}],"about":[{"href":"https:\/\/svpchem.eu\/et\/wp-json\/wp\/v2\/types\/product"}],"wp:featuredmedia":[{"embeddable":true,"href":"https:\/\/svpchem.eu\/et\/wp-json\/wp\/v2\/media\/3005"}],"wp:attachment":[{"href":"https:\/\/svpchem.eu\/et\/wp-json\/wp\/v2\/media?parent=3003"}],"wp:term":[{"taxonomy":"product_brand","embeddable":true,"href":"https:\/\/svpchem.eu\/et\/wp-json\/wp\/v2\/product_brand?post=3003"},{"taxonomy":"product_cat","embeddable":true,"href":"https:\/\/svpchem.eu\/et\/wp-json\/wp\/v2\/product_cat?post=3003"},{"taxonomy":"product_tag","embeddable":true,"href":"https:\/\/svpchem.eu\/et\/wp-json\/wp\/v2\/product_tag?post=3003"}],"curies":[{"name":"wp","href":"https:\/\/api.w.org\/{rel}","templated":true}]}}