{"id":3044,"date":"2025-12-19T13:31:51","date_gmt":"2025-12-19T13:31:51","guid":{"rendered":"https:\/\/svpchem.eu\/produktas\/svp-antifriis-35c-g11-roheline\/"},"modified":"2026-04-10T09:59:57","modified_gmt":"2026-04-10T09:59:57","slug":"svp-antifriis-35c-g11-roheline","status":"publish","type":"product","link":"https:\/\/svpchem.eu\/et\/produktas\/svp-antifriis-35c-g11-roheline\/","title":{"rendered":"SVP antifriis -35C G11+ roheline"},"content":{"rendered":"","protected":false},"excerpt":{"rendered":"<p><strong>Kirjeldus:<br \/>\n<\/strong><br \/>\n Silikaatidel p\u00f5hinev kasutusvalmis jahutusvedelik (IAT v\u00f5i h\u00fcbriidtehnoloogia). Valurauast, vasest v\u00f5i messingist komponentidega mootoritele. Pakub usaldusv\u00e4\u00e4rset kaitset korrosiooni ja k\u00fclma vastu kuni -35\u2218C.<br \/>\n<strong><br \/>\nPeamised omadused:<br \/>\n<\/strong><br \/>\n &#8211; Tehnoloogia: IAT\/Hybrid (silikaadip\u00f5hine) &#8211; loob kaitsekile.<br \/>\n&#8211; Kaitse: usaldusv\u00e4\u00e4rne kaitse temperatuuril kuni -35\u2218C.<br \/>\n&#8211; Eesm\u00e4rk: Vanemad mootorid (malmist, vasest ja messingist komponendid).<br \/>\n&#8211; T\u00f5husus: kaitseb k\u00f5iki jahutuss\u00fcsteemi sisepindu korrosiooni eest.<br \/>\n<strong><br \/>\nKasutamine:<br \/>\n<\/strong><br \/>\n Jahutusvedelik on kasutusvalmis. T\u00e4itke see jahutuss\u00fcsteemi tootja poolt m\u00e4\u00e4ratud tasemeni. Kui on vaja vahetada, tuleb jahutuss\u00fcsteem l\u00e4bi loputada.<br \/>\n<strong><br \/>\nEelised:<br \/>\n<\/strong><br \/>\n &#8211; Usaldusv\u00e4\u00e4rne korrosioonikaitse malmi\/vaskkomponentidega s\u00fcsteemides.<br \/>\n&#8211; Kasutusvalmis &#8211; ei vaja t\u00e4iendavat segamist veega.<br \/>\n&#8211; Stabiilne t\u00f6\u00f6 &#8211; tagab mootori stabiilse temperatuurire\u017eiimi.<br \/>\n<strong><br \/>\nTehniline teave:<br \/>\n<\/strong><br \/>\n &#8211; Mahutavus: 5000 ml.<br \/>\n&#8211; T\u00fc\u00fcp: G11 (IAT \/ h\u00fcbriid).<br \/>\n&#8211; V\u00e4rv: roheline.<br \/>\n&#8211; Kaitse: kuni -35\u2218C.<br \/>\n&#8211; T\u00c4HELEPANU: MITTE segada uuemate G12 v\u00f5i G12+ t\u00fc\u00fcpi vedelikega. Vahetada iga 2-3 aasta tagant. <\/p>\n","protected":false},"featured_media":3045,"template":"","meta":[],"product_brand":[],"product_cat":[324],"product_tag":[],"class_list":{"0":"post-3044","1":"product","2":"type-product","3":"status-publish","4":"has-post-thumbnail","6":"product_cat-jahutusvedelikud","7":"pa_brand-svp","8":"pa_kiekis_dz-325","9":"pa_kiekis_pk-164","10":"pa_talpa-5000ml","12":"first","13":"instock","14":"shipping-taxable","15":"product-type-simple"},"yoast_head":"<!-- This site is optimized with the Yoast SEO plugin v27.3 - https:\/\/yoast.com\/product\/yoast-seo-wordpress\/ -->\n<title>SVP antifriis -35C G11+ roheline - svpchem.eu<\/title>\n<meta name=\"description\" content=\"SVP antifriis -35 \u00b0C G11 (roheline) - usaldusv\u00e4\u00e4rne kaitse k\u00fclmumise, \u00fclekuumenemise ja korrosiooni vastu jahutuss\u00fcsteemides. Sobib bensiini- ja diiselmootoritele, tagab t\u00f5husa soojus\u00fclekande ja s\u00fcsteemi pikaajalise toimimise.\" \/>\n<meta name=\"robots\" content=\"index, follow, max-snippet:-1, max-image-preview:large, max-video-preview:-1\" \/>\n<link rel=\"canonical\" href=\"https:\/\/svpchem.eu\/et\/produktas\/svp-antifriis-35c-g11-roheline\/\" \/>\n<meta property=\"og:locale\" content=\"et_EE\" \/>\n<meta property=\"og:type\" content=\"article\" \/>\n<meta property=\"og:title\" content=\"SVP antifriis -35C G11+ roheline - svpchem.eu\" \/>\n<meta property=\"og:description\" content=\"SVP antifriis -35 \u00b0C G11 (roheline) - usaldusv\u00e4\u00e4rne kaitse k\u00fclmumise, \u00fclekuumenemise ja korrosiooni vastu jahutuss\u00fcsteemides. Sobib bensiini- ja diiselmootoritele, tagab t\u00f5husa soojus\u00fclekande ja s\u00fcsteemi pikaajalise toimimise.\" \/>\n<meta property=\"og:url\" content=\"https:\/\/svpchem.eu\/et\/produktas\/svp-antifriis-35c-g11-roheline\/\" \/>\n<meta property=\"og:site_name\" content=\"svpchem.eu\" \/>\n<meta property=\"article:modified_time\" content=\"2026-04-10T09:59:57+00:00\" \/>\n<meta property=\"og:image\" content=\"https:\/\/svpchem.eu\/wp-content\/uploads\/2025\/12\/SVP-Antifrizas-35C-G11-zalios-spalvos.jpg\" \/>\n\t<meta property=\"og:image:width\" content=\"1300\" \/>\n\t<meta property=\"og:image:height\" content=\"1300\" \/>\n\t<meta property=\"og:image:type\" content=\"image\/jpeg\" \/>\n<meta name=\"twitter:card\" content=\"summary_large_image\" \/>\n<script type=\"application\/ld+json\" class=\"yoast-schema-graph\">{\"@context\":\"https:\\\/\\\/schema.org\",\"@graph\":[{\"@type\":\"WebPage\",\"@id\":\"https:\\\/\\\/svpchem.eu\\\/et\\\/produktas\\\/svp-antifriis-35c-g11-roheline\\\/\",\"url\":\"https:\\\/\\\/svpchem.eu\\\/et\\\/produktas\\\/svp-antifriis-35c-g11-roheline\\\/\",\"name\":\"SVP antifriis -35C G11+ roheline - svpchem.eu\",\"isPartOf\":{\"@id\":\"https:\\\/\\\/svpchem.eu\\\/et\\\/#website\"},\"primaryImageOfPage\":{\"@id\":\"https:\\\/\\\/svpchem.eu\\\/et\\\/produktas\\\/svp-antifriis-35c-g11-roheline\\\/#primaryimage\"},\"image\":{\"@id\":\"https:\\\/\\\/svpchem.eu\\\/et\\\/produktas\\\/svp-antifriis-35c-g11-roheline\\\/#primaryimage\"},\"thumbnailUrl\":\"https:\\\/\\\/svpchem.eu\\\/wp-content\\\/uploads\\\/2025\\\/12\\\/SVP-Antifrizas-35C-G11-zalios-spalvos.jpg\",\"datePublished\":\"2025-12-19T13:31:51+00:00\",\"dateModified\":\"2026-04-10T09:59:57+00:00\",\"description\":\"SVP antifriis -35 \u00b0C G11 (roheline) - usaldusv\u00e4\u00e4rne kaitse k\u00fclmumise, \u00fclekuumenemise ja korrosiooni vastu jahutuss\u00fcsteemides. Sobib bensiini- ja diiselmootoritele, tagab t\u00f5husa soojus\u00fclekande ja s\u00fcsteemi pikaajalise toimimise.\",\"breadcrumb\":{\"@id\":\"https:\\\/\\\/svpchem.eu\\\/et\\\/produktas\\\/svp-antifriis-35c-g11-roheline\\\/#breadcrumb\"},\"inLanguage\":\"et\",\"potentialAction\":[{\"@type\":\"ReadAction\",\"target\":[\"https:\\\/\\\/svpchem.eu\\\/et\\\/produktas\\\/svp-antifriis-35c-g11-roheline\\\/\"]}]},{\"@type\":\"ImageObject\",\"inLanguage\":\"et\",\"@id\":\"https:\\\/\\\/svpchem.eu\\\/et\\\/produktas\\\/svp-antifriis-35c-g11-roheline\\\/#primaryimage\",\"url\":\"https:\\\/\\\/svpchem.eu\\\/wp-content\\\/uploads\\\/2025\\\/12\\\/SVP-Antifrizas-35C-G11-zalios-spalvos.jpg\",\"contentUrl\":\"https:\\\/\\\/svpchem.eu\\\/wp-content\\\/uploads\\\/2025\\\/12\\\/SVP-Antifrizas-35C-G11-zalios-spalvos.jpg\",\"width\":1300,\"height\":1300},{\"@type\":\"BreadcrumbList\",\"@id\":\"https:\\\/\\\/svpchem.eu\\\/et\\\/produktas\\\/svp-antifriis-35c-g11-roheline\\\/#breadcrumb\",\"itemListElement\":[{\"@type\":\"ListItem\",\"position\":1,\"name\":\"Kodu\",\"item\":\"https:\\\/\\\/svpchem.eu\\\/et\\\/meie-kohta\\\/\"},{\"@type\":\"ListItem\",\"position\":2,\"name\":\"Pood\",\"item\":\"https:\\\/\\\/svpchem.eu\\\/et\\\/pood\\\/\"},{\"@type\":\"ListItem\",\"position\":3,\"name\":\"SVP antifriis -35C G11+ roheline\"}]},{\"@type\":\"WebSite\",\"@id\":\"https:\\\/\\\/svpchem.eu\\\/et\\\/#website\",\"url\":\"https:\\\/\\\/svpchem.eu\\\/et\\\/\",\"name\":\"svpchem.eu\",\"description\":\"\",\"publisher\":{\"@id\":\"https:\\\/\\\/svpchem.eu\\\/et\\\/#organization\"},\"potentialAction\":[{\"@type\":\"SearchAction\",\"target\":{\"@type\":\"EntryPoint\",\"urlTemplate\":\"https:\\\/\\\/svpchem.eu\\\/et\\\/?s={search_term_string}\"},\"query-input\":{\"@type\":\"PropertyValueSpecification\",\"valueRequired\":true,\"valueName\":\"search_term_string\"}}],\"inLanguage\":\"et\"},{\"@type\":\"Organization\",\"@id\":\"https:\\\/\\\/svpchem.eu\\\/et\\\/#organization\",\"name\":\"svpchem.eu\",\"url\":\"https:\\\/\\\/svpchem.eu\\\/et\\\/\",\"logo\":{\"@type\":\"ImageObject\",\"inLanguage\":\"et\",\"@id\":\"https:\\\/\\\/svpchem.eu\\\/et\\\/#\\\/schema\\\/logo\\\/image\\\/\",\"url\":\"https:\\\/\\\/svpchem.eu\\\/wp-content\\\/uploads\\\/2025\\\/12\\\/logo_cropped_no_bg_20251217-1.png\",\"contentUrl\":\"https:\\\/\\\/svpchem.eu\\\/wp-content\\\/uploads\\\/2025\\\/12\\\/logo_cropped_no_bg_20251217-1.png\",\"width\":851,\"height\":430,\"caption\":\"svpchem.eu\"},\"image\":{\"@id\":\"https:\\\/\\\/svpchem.eu\\\/et\\\/#\\\/schema\\\/logo\\\/image\\\/\"}}]}<\/script>\n<!-- \/ Yoast SEO plugin. -->","yoast_head_json":{"title":"SVP antifriis -35C G11+ roheline - svpchem.eu","description":"SVP antifriis -35 \u00b0C G11 (roheline) - usaldusv\u00e4\u00e4rne kaitse k\u00fclmumise, \u00fclekuumenemise ja korrosiooni vastu jahutuss\u00fcsteemides. Sobib bensiini- ja diiselmootoritele, tagab t\u00f5husa soojus\u00fclekande ja s\u00fcsteemi pikaajalise toimimise.","robots":{"index":"index","follow":"follow","max-snippet":"max-snippet:-1","max-image-preview":"max-image-preview:large","max-video-preview":"max-video-preview:-1"},"canonical":"https:\/\/svpchem.eu\/et\/produktas\/svp-antifriis-35c-g11-roheline\/","og_locale":"et_EE","og_type":"article","og_title":"SVP antifriis -35C G11+ roheline - svpchem.eu","og_description":"SVP antifriis -35 \u00b0C G11 (roheline) - usaldusv\u00e4\u00e4rne kaitse k\u00fclmumise, \u00fclekuumenemise ja korrosiooni vastu jahutuss\u00fcsteemides. Sobib bensiini- ja diiselmootoritele, tagab t\u00f5husa soojus\u00fclekande ja s\u00fcsteemi pikaajalise toimimise.","og_url":"https:\/\/svpchem.eu\/et\/produktas\/svp-antifriis-35c-g11-roheline\/","og_site_name":"svpchem.eu","article_modified_time":"2026-04-10T09:59:57+00:00","og_image":[{"width":1300,"height":1300,"url":"https:\/\/svpchem.eu\/wp-content\/uploads\/2025\/12\/SVP-Antifrizas-35C-G11-zalios-spalvos.jpg","type":"image\/jpeg"}],"twitter_card":"summary_large_image","schema":{"@context":"https:\/\/schema.org","@graph":[{"@type":"WebPage","@id":"https:\/\/svpchem.eu\/et\/produktas\/svp-antifriis-35c-g11-roheline\/","url":"https:\/\/svpchem.eu\/et\/produktas\/svp-antifriis-35c-g11-roheline\/","name":"SVP antifriis -35C G11+ roheline - svpchem.eu","isPartOf":{"@id":"https:\/\/svpchem.eu\/et\/#website"},"primaryImageOfPage":{"@id":"https:\/\/svpchem.eu\/et\/produktas\/svp-antifriis-35c-g11-roheline\/#primaryimage"},"image":{"@id":"https:\/\/svpchem.eu\/et\/produktas\/svp-antifriis-35c-g11-roheline\/#primaryimage"},"thumbnailUrl":"https:\/\/svpchem.eu\/wp-content\/uploads\/2025\/12\/SVP-Antifrizas-35C-G11-zalios-spalvos.jpg","datePublished":"2025-12-19T13:31:51+00:00","dateModified":"2026-04-10T09:59:57+00:00","description":"SVP antifriis -35 \u00b0C G11 (roheline) - usaldusv\u00e4\u00e4rne kaitse k\u00fclmumise, \u00fclekuumenemise ja korrosiooni vastu jahutuss\u00fcsteemides. Sobib bensiini- ja diiselmootoritele, tagab t\u00f5husa soojus\u00fclekande ja s\u00fcsteemi pikaajalise toimimise.","breadcrumb":{"@id":"https:\/\/svpchem.eu\/et\/produktas\/svp-antifriis-35c-g11-roheline\/#breadcrumb"},"inLanguage":"et","potentialAction":[{"@type":"ReadAction","target":["https:\/\/svpchem.eu\/et\/produktas\/svp-antifriis-35c-g11-roheline\/"]}]},{"@type":"ImageObject","inLanguage":"et","@id":"https:\/\/svpchem.eu\/et\/produktas\/svp-antifriis-35c-g11-roheline\/#primaryimage","url":"https:\/\/svpchem.eu\/wp-content\/uploads\/2025\/12\/SVP-Antifrizas-35C-G11-zalios-spalvos.jpg","contentUrl":"https:\/\/svpchem.eu\/wp-content\/uploads\/2025\/12\/SVP-Antifrizas-35C-G11-zalios-spalvos.jpg","width":1300,"height":1300},{"@type":"BreadcrumbList","@id":"https:\/\/svpchem.eu\/et\/produktas\/svp-antifriis-35c-g11-roheline\/#breadcrumb","itemListElement":[{"@type":"ListItem","position":1,"name":"Kodu","item":"https:\/\/svpchem.eu\/et\/meie-kohta\/"},{"@type":"ListItem","position":2,"name":"Pood","item":"https:\/\/svpchem.eu\/et\/pood\/"},{"@type":"ListItem","position":3,"name":"SVP antifriis -35C G11+ roheline"}]},{"@type":"WebSite","@id":"https:\/\/svpchem.eu\/et\/#website","url":"https:\/\/svpchem.eu\/et\/","name":"svpchem.eu","description":"","publisher":{"@id":"https:\/\/svpchem.eu\/et\/#organization"},"potentialAction":[{"@type":"SearchAction","target":{"@type":"EntryPoint","urlTemplate":"https:\/\/svpchem.eu\/et\/?s={search_term_string}"},"query-input":{"@type":"PropertyValueSpecification","valueRequired":true,"valueName":"search_term_string"}}],"inLanguage":"et"},{"@type":"Organization","@id":"https:\/\/svpchem.eu\/et\/#organization","name":"svpchem.eu","url":"https:\/\/svpchem.eu\/et\/","logo":{"@type":"ImageObject","inLanguage":"et","@id":"https:\/\/svpchem.eu\/et\/#\/schema\/logo\/image\/","url":"https:\/\/svpchem.eu\/wp-content\/uploads\/2025\/12\/logo_cropped_no_bg_20251217-1.png","contentUrl":"https:\/\/svpchem.eu\/wp-content\/uploads\/2025\/12\/logo_cropped_no_bg_20251217-1.png","width":851,"height":430,"caption":"svpchem.eu"},"image":{"@id":"https:\/\/svpchem.eu\/et\/#\/schema\/logo\/image\/"}}]}},"_links":{"self":[{"href":"https:\/\/svpchem.eu\/et\/wp-json\/wp\/v2\/product\/3044","targetHints":{"allow":["GET"]}}],"collection":[{"href":"https:\/\/svpchem.eu\/et\/wp-json\/wp\/v2\/product"}],"about":[{"href":"https:\/\/svpchem.eu\/et\/wp-json\/wp\/v2\/types\/product"}],"wp:featuredmedia":[{"embeddable":true,"href":"https:\/\/svpchem.eu\/et\/wp-json\/wp\/v2\/media\/3045"}],"wp:attachment":[{"href":"https:\/\/svpchem.eu\/et\/wp-json\/wp\/v2\/media?parent=3044"}],"wp:term":[{"taxonomy":"product_brand","embeddable":true,"href":"https:\/\/svpchem.eu\/et\/wp-json\/wp\/v2\/product_brand?post=3044"},{"taxonomy":"product_cat","embeddable":true,"href":"https:\/\/svpchem.eu\/et\/wp-json\/wp\/v2\/product_cat?post=3044"},{"taxonomy":"product_tag","embeddable":true,"href":"https:\/\/svpchem.eu\/et\/wp-json\/wp\/v2\/product_tag?post=3044"}],"curies":[{"name":"wp","href":"https:\/\/api.w.org\/{rel}","templated":true}]}}