{"id":3052,"date":"2025-12-19T13:31:51","date_gmt":"2025-12-19T13:31:51","guid":{"rendered":"https:\/\/svpchem.eu\/produktas\/vepron-oil-5w40-sn-cf\/"},"modified":"2026-04-10T09:59:48","modified_gmt":"2026-04-10T09:59:48","slug":"vepron-oil-5w40-sn-cf","status":"publish","type":"product","link":"https:\/\/svpchem.eu\/et\/produktas\/vepron-oil-5w40-sn-cf\/","title":{"rendered":"VEPRON OIL 5w40 SN\/CF"},"content":{"rendered":"","protected":false},"excerpt":{"rendered":"<p><strong>Kirjeldus:<br \/>\n<\/strong><br \/>\n VEPRON OIL FS C3 SAE 5W-40 on t\u00e4ielikult s\u00fcnteetiline, madala tuhasusega (Low SAPS) ja v\u00e4hese h\u00f5\u00f5rdumisega mootori\u00f5li, mis vastab kaasaegsete mootorite \u00e4\u00e4rmiselt k\u00f5rgetele n\u00f5udmistele. Tagab maksimaalse kaitse ja mootori t\u00f5hususe pika kasutusaja jooksul.<br \/>\n<strong><br \/>\nPeamised omadused:<br \/>\n<\/strong><br \/>\n &#8211; T\u00e4iss\u00fcnteetiline alus &#8211; tagab k\u00f5rge j\u00f5udluse ja termilise stabiilsuse.<br \/>\n&#8211; Madal tuhasus (C3) &#8211; ideaalne DPF (diisli tahkete osakeste filtriga) mootoritele.<br \/>\n&#8211; Mitmek\u00fclgsus &#8211; sobib kasutamiseks nii koos turbolaaduriga kui ka ilma.<br \/>\n&#8211; Kohandatavus &#8211; sobib nii bensiini- kui ka diiselmootoritele (SN\/CF klassifikatsioon).<\/p>\n<p><strong>Kasutamine:<br \/>\n<\/strong><br \/>\n \u00d5li on m\u00f5eldud kasutamiseks kaubikutes ja autodes. T\u00e4nu oma Long Life ja Low SAPS valemile sobib see ideaalselt DPF-filtriga mootoritele. Vahetada vastavalt tootja soovitustele.<br \/>\n<strong><br \/>\nEelised:<br \/>\n<\/strong><br \/>\n &#8211; DPF kaitse &#8211; madal tuhasus aitab pikendada DPF-i eluiga.<br \/>\n&#8211; Pikk t\u00fchjendusintervall &#8211; sobib kasutamiseks Long Life s\u00fcsteemides.<br \/>\n&#8211; Mootori puhtus &#8211; v\u00f5itleb t\u00f5husalt sademe ja lakiga.<br \/>\n&#8211; Madal h\u00f5\u00f5rdumine &#8211; aitab kaasa madalamale k\u00fctusekulule.<br \/>\n<strong><br \/>\nTehniline teave:<br \/>\n<\/strong><br \/>\n &#8211; Mahud: 1000 ml ja 5000 ml<br \/>\n&#8211; SAE viskoossus: 5W-40.<br \/>\n&#8211; T\u00fc\u00fcp: T\u00e4iss\u00fcnteetiline, C3, SN\/CF.<br \/>\n&#8211; Eesm\u00e4rk: DPF-ga mootoritele, bensiini- ja diiselmootoritele.<br \/>\n&#8211; Ohutusn\u00f5uded: Kasutatud \u00f5li tuleb ringlusse v\u00f5tta. Materjalide ohutuskaardid on saadaval n\u00f5udmisel. <\/p>\n","protected":false},"featured_media":3404,"template":"","meta":[],"product_brand":[],"product_cat":[333],"product_tag":[],"class_list":{"0":"post-3052","1":"product","2":"type-product","3":"status-publish","4":"has-post-thumbnail","6":"product_cat-maardeained","7":"pa_brand-svp","8":"pa_ean-4779032961059-0","9":"pa_kiekis_dz-193","10":"pa_kiekis_pk-164","11":"pa_talpa-1000ml","13":"first","14":"instock","15":"shipping-taxable","16":"product-type-simple"},"yoast_head":"<!-- This site is optimized with the Yoast SEO plugin v27.3 - https:\/\/yoast.com\/product\/yoast-seo-wordpress\/ -->\n<title>VEPRON OIL 5w40 SN\/CF - svpchem.eu<\/title>\n<meta name=\"description\" content=\"VEPRON OIL 5W40 SN\/CF on t\u00e4iss\u00fcnteetiline mootori\u00f5li, mis pakub k\u00f5rget mootori kaitset ja stabiilset j\u00f5udlust nii madalatel kui ka k\u00f5rgetel temperatuuridel. Sobib bensiini- ja diiselmootoritele ning aitab v\u00e4hendada kulumist ja ladestumist.\" \/>\n<meta name=\"robots\" content=\"index, follow, max-snippet:-1, max-image-preview:large, max-video-preview:-1\" \/>\n<link rel=\"canonical\" href=\"https:\/\/svpchem.eu\/et\/produktas\/vepron-oil-5w40-sn-cf\/\" \/>\n<meta property=\"og:locale\" content=\"et_EE\" \/>\n<meta property=\"og:type\" content=\"article\" \/>\n<meta property=\"og:title\" content=\"VEPRON OIL 5w40 SN\/CF - svpchem.eu\" \/>\n<meta property=\"og:description\" content=\"VEPRON OIL 5W40 SN\/CF on t\u00e4iss\u00fcnteetiline mootori\u00f5li, mis pakub k\u00f5rget mootori kaitset ja stabiilset j\u00f5udlust nii madalatel kui ka k\u00f5rgetel temperatuuridel. Sobib bensiini- ja diiselmootoritele ning aitab v\u00e4hendada kulumist ja ladestumist.\" \/>\n<meta property=\"og:url\" content=\"https:\/\/svpchem.eu\/et\/produktas\/vepron-oil-5w40-sn-cf\/\" \/>\n<meta property=\"og:site_name\" content=\"svpchem.eu\" \/>\n<meta property=\"article:modified_time\" content=\"2026-04-10T09:59:48+00:00\" \/>\n<meta property=\"og:image\" content=\"https:\/\/svpchem.eu\/wp-content\/uploads\/2025\/12\/Vepron-tepalas-5w40-5-litrai-koreguotas.jpg\" \/>\n\t<meta property=\"og:image:width\" content=\"2048\" \/>\n\t<meta property=\"og:image:height\" content=\"2048\" \/>\n\t<meta property=\"og:image:type\" content=\"image\/jpeg\" \/>\n<meta name=\"twitter:card\" content=\"summary_large_image\" \/>\n<script type=\"application\/ld+json\" class=\"yoast-schema-graph\">{\"@context\":\"https:\\\/\\\/schema.org\",\"@graph\":[{\"@type\":\"WebPage\",\"@id\":\"https:\\\/\\\/svpchem.eu\\\/et\\\/produktas\\\/vepron-oil-5w40-sn-cf\\\/\",\"url\":\"https:\\\/\\\/svpchem.eu\\\/et\\\/produktas\\\/vepron-oil-5w40-sn-cf\\\/\",\"name\":\"VEPRON OIL 5w40 SN\\\/CF - svpchem.eu\",\"isPartOf\":{\"@id\":\"https:\\\/\\\/svpchem.eu\\\/et\\\/#website\"},\"primaryImageOfPage\":{\"@id\":\"https:\\\/\\\/svpchem.eu\\\/et\\\/produktas\\\/vepron-oil-5w40-sn-cf\\\/#primaryimage\"},\"image\":{\"@id\":\"https:\\\/\\\/svpchem.eu\\\/et\\\/produktas\\\/vepron-oil-5w40-sn-cf\\\/#primaryimage\"},\"thumbnailUrl\":\"https:\\\/\\\/svpchem.eu\\\/wp-content\\\/uploads\\\/2025\\\/12\\\/Vepron-tepalas-5w40-5-litrai-koreguotas.jpg\",\"datePublished\":\"2025-12-19T13:31:51+00:00\",\"dateModified\":\"2026-04-10T09:59:48+00:00\",\"description\":\"VEPRON OIL 5W40 SN\\\/CF on t\u00e4iss\u00fcnteetiline mootori\u00f5li, mis pakub k\u00f5rget mootori kaitset ja stabiilset j\u00f5udlust nii madalatel kui ka k\u00f5rgetel temperatuuridel. Sobib bensiini- ja diiselmootoritele ning aitab v\u00e4hendada kulumist ja ladestumist.\",\"breadcrumb\":{\"@id\":\"https:\\\/\\\/svpchem.eu\\\/et\\\/produktas\\\/vepron-oil-5w40-sn-cf\\\/#breadcrumb\"},\"inLanguage\":\"et\",\"potentialAction\":[{\"@type\":\"ReadAction\",\"target\":[\"https:\\\/\\\/svpchem.eu\\\/et\\\/produktas\\\/vepron-oil-5w40-sn-cf\\\/\"]}]},{\"@type\":\"ImageObject\",\"inLanguage\":\"et\",\"@id\":\"https:\\\/\\\/svpchem.eu\\\/et\\\/produktas\\\/vepron-oil-5w40-sn-cf\\\/#primaryimage\",\"url\":\"https:\\\/\\\/svpchem.eu\\\/wp-content\\\/uploads\\\/2025\\\/12\\\/Vepron-tepalas-5w40-5-litrai-koreguotas.jpg\",\"contentUrl\":\"https:\\\/\\\/svpchem.eu\\\/wp-content\\\/uploads\\\/2025\\\/12\\\/Vepron-tepalas-5w40-5-litrai-koreguotas.jpg\",\"width\":2048,\"height\":2048},{\"@type\":\"BreadcrumbList\",\"@id\":\"https:\\\/\\\/svpchem.eu\\\/et\\\/produktas\\\/vepron-oil-5w40-sn-cf\\\/#breadcrumb\",\"itemListElement\":[{\"@type\":\"ListItem\",\"position\":1,\"name\":\"Kodu\",\"item\":\"https:\\\/\\\/svpchem.eu\\\/et\\\/meie-kohta\\\/\"},{\"@type\":\"ListItem\",\"position\":2,\"name\":\"Pood\",\"item\":\"https:\\\/\\\/svpchem.eu\\\/et\\\/pood\\\/\"},{\"@type\":\"ListItem\",\"position\":3,\"name\":\"VEPRON OIL 5w40 SN\\\/CF\"}]},{\"@type\":\"WebSite\",\"@id\":\"https:\\\/\\\/svpchem.eu\\\/et\\\/#website\",\"url\":\"https:\\\/\\\/svpchem.eu\\\/et\\\/\",\"name\":\"svpchem.eu\",\"description\":\"\",\"publisher\":{\"@id\":\"https:\\\/\\\/svpchem.eu\\\/et\\\/#organization\"},\"potentialAction\":[{\"@type\":\"SearchAction\",\"target\":{\"@type\":\"EntryPoint\",\"urlTemplate\":\"https:\\\/\\\/svpchem.eu\\\/et\\\/?s={search_term_string}\"},\"query-input\":{\"@type\":\"PropertyValueSpecification\",\"valueRequired\":true,\"valueName\":\"search_term_string\"}}],\"inLanguage\":\"et\"},{\"@type\":\"Organization\",\"@id\":\"https:\\\/\\\/svpchem.eu\\\/et\\\/#organization\",\"name\":\"svpchem.eu\",\"url\":\"https:\\\/\\\/svpchem.eu\\\/et\\\/\",\"logo\":{\"@type\":\"ImageObject\",\"inLanguage\":\"et\",\"@id\":\"https:\\\/\\\/svpchem.eu\\\/et\\\/#\\\/schema\\\/logo\\\/image\\\/\",\"url\":\"https:\\\/\\\/svpchem.eu\\\/wp-content\\\/uploads\\\/2025\\\/12\\\/logo_cropped_no_bg_20251217-1.png\",\"contentUrl\":\"https:\\\/\\\/svpchem.eu\\\/wp-content\\\/uploads\\\/2025\\\/12\\\/logo_cropped_no_bg_20251217-1.png\",\"width\":851,\"height\":430,\"caption\":\"svpchem.eu\"},\"image\":{\"@id\":\"https:\\\/\\\/svpchem.eu\\\/et\\\/#\\\/schema\\\/logo\\\/image\\\/\"}}]}<\/script>\n<!-- \/ Yoast SEO plugin. -->","yoast_head_json":{"title":"VEPRON OIL 5w40 SN\/CF - svpchem.eu","description":"VEPRON OIL 5W40 SN\/CF on t\u00e4iss\u00fcnteetiline mootori\u00f5li, mis pakub k\u00f5rget mootori kaitset ja stabiilset j\u00f5udlust nii madalatel kui ka k\u00f5rgetel temperatuuridel. Sobib bensiini- ja diiselmootoritele ning aitab v\u00e4hendada kulumist ja ladestumist.","robots":{"index":"index","follow":"follow","max-snippet":"max-snippet:-1","max-image-preview":"max-image-preview:large","max-video-preview":"max-video-preview:-1"},"canonical":"https:\/\/svpchem.eu\/et\/produktas\/vepron-oil-5w40-sn-cf\/","og_locale":"et_EE","og_type":"article","og_title":"VEPRON OIL 5w40 SN\/CF - svpchem.eu","og_description":"VEPRON OIL 5W40 SN\/CF on t\u00e4iss\u00fcnteetiline mootori\u00f5li, mis pakub k\u00f5rget mootori kaitset ja stabiilset j\u00f5udlust nii madalatel kui ka k\u00f5rgetel temperatuuridel. Sobib bensiini- ja diiselmootoritele ning aitab v\u00e4hendada kulumist ja ladestumist.","og_url":"https:\/\/svpchem.eu\/et\/produktas\/vepron-oil-5w40-sn-cf\/","og_site_name":"svpchem.eu","article_modified_time":"2026-04-10T09:59:48+00:00","og_image":[{"width":2048,"height":2048,"url":"https:\/\/svpchem.eu\/wp-content\/uploads\/2025\/12\/Vepron-tepalas-5w40-5-litrai-koreguotas.jpg","type":"image\/jpeg"}],"twitter_card":"summary_large_image","schema":{"@context":"https:\/\/schema.org","@graph":[{"@type":"WebPage","@id":"https:\/\/svpchem.eu\/et\/produktas\/vepron-oil-5w40-sn-cf\/","url":"https:\/\/svpchem.eu\/et\/produktas\/vepron-oil-5w40-sn-cf\/","name":"VEPRON OIL 5w40 SN\/CF - svpchem.eu","isPartOf":{"@id":"https:\/\/svpchem.eu\/et\/#website"},"primaryImageOfPage":{"@id":"https:\/\/svpchem.eu\/et\/produktas\/vepron-oil-5w40-sn-cf\/#primaryimage"},"image":{"@id":"https:\/\/svpchem.eu\/et\/produktas\/vepron-oil-5w40-sn-cf\/#primaryimage"},"thumbnailUrl":"https:\/\/svpchem.eu\/wp-content\/uploads\/2025\/12\/Vepron-tepalas-5w40-5-litrai-koreguotas.jpg","datePublished":"2025-12-19T13:31:51+00:00","dateModified":"2026-04-10T09:59:48+00:00","description":"VEPRON OIL 5W40 SN\/CF on t\u00e4iss\u00fcnteetiline mootori\u00f5li, mis pakub k\u00f5rget mootori kaitset ja stabiilset j\u00f5udlust nii madalatel kui ka k\u00f5rgetel temperatuuridel. Sobib bensiini- ja diiselmootoritele ning aitab v\u00e4hendada kulumist ja ladestumist.","breadcrumb":{"@id":"https:\/\/svpchem.eu\/et\/produktas\/vepron-oil-5w40-sn-cf\/#breadcrumb"},"inLanguage":"et","potentialAction":[{"@type":"ReadAction","target":["https:\/\/svpchem.eu\/et\/produktas\/vepron-oil-5w40-sn-cf\/"]}]},{"@type":"ImageObject","inLanguage":"et","@id":"https:\/\/svpchem.eu\/et\/produktas\/vepron-oil-5w40-sn-cf\/#primaryimage","url":"https:\/\/svpchem.eu\/wp-content\/uploads\/2025\/12\/Vepron-tepalas-5w40-5-litrai-koreguotas.jpg","contentUrl":"https:\/\/svpchem.eu\/wp-content\/uploads\/2025\/12\/Vepron-tepalas-5w40-5-litrai-koreguotas.jpg","width":2048,"height":2048},{"@type":"BreadcrumbList","@id":"https:\/\/svpchem.eu\/et\/produktas\/vepron-oil-5w40-sn-cf\/#breadcrumb","itemListElement":[{"@type":"ListItem","position":1,"name":"Kodu","item":"https:\/\/svpchem.eu\/et\/meie-kohta\/"},{"@type":"ListItem","position":2,"name":"Pood","item":"https:\/\/svpchem.eu\/et\/pood\/"},{"@type":"ListItem","position":3,"name":"VEPRON OIL 5w40 SN\/CF"}]},{"@type":"WebSite","@id":"https:\/\/svpchem.eu\/et\/#website","url":"https:\/\/svpchem.eu\/et\/","name":"svpchem.eu","description":"","publisher":{"@id":"https:\/\/svpchem.eu\/et\/#organization"},"potentialAction":[{"@type":"SearchAction","target":{"@type":"EntryPoint","urlTemplate":"https:\/\/svpchem.eu\/et\/?s={search_term_string}"},"query-input":{"@type":"PropertyValueSpecification","valueRequired":true,"valueName":"search_term_string"}}],"inLanguage":"et"},{"@type":"Organization","@id":"https:\/\/svpchem.eu\/et\/#organization","name":"svpchem.eu","url":"https:\/\/svpchem.eu\/et\/","logo":{"@type":"ImageObject","inLanguage":"et","@id":"https:\/\/svpchem.eu\/et\/#\/schema\/logo\/image\/","url":"https:\/\/svpchem.eu\/wp-content\/uploads\/2025\/12\/logo_cropped_no_bg_20251217-1.png","contentUrl":"https:\/\/svpchem.eu\/wp-content\/uploads\/2025\/12\/logo_cropped_no_bg_20251217-1.png","width":851,"height":430,"caption":"svpchem.eu"},"image":{"@id":"https:\/\/svpchem.eu\/et\/#\/schema\/logo\/image\/"}}]}},"_links":{"self":[{"href":"https:\/\/svpchem.eu\/et\/wp-json\/wp\/v2\/product\/3052","targetHints":{"allow":["GET"]}}],"collection":[{"href":"https:\/\/svpchem.eu\/et\/wp-json\/wp\/v2\/product"}],"about":[{"href":"https:\/\/svpchem.eu\/et\/wp-json\/wp\/v2\/types\/product"}],"wp:featuredmedia":[{"embeddable":true,"href":"https:\/\/svpchem.eu\/et\/wp-json\/wp\/v2\/media\/3404"}],"wp:attachment":[{"href":"https:\/\/svpchem.eu\/et\/wp-json\/wp\/v2\/media?parent=3052"}],"wp:term":[{"taxonomy":"product_brand","embeddable":true,"href":"https:\/\/svpchem.eu\/et\/wp-json\/wp\/v2\/product_brand?post=3052"},{"taxonomy":"product_cat","embeddable":true,"href":"https:\/\/svpchem.eu\/et\/wp-json\/wp\/v2\/product_cat?post=3052"},{"taxonomy":"product_tag","embeddable":true,"href":"https:\/\/svpchem.eu\/et\/wp-json\/wp\/v2\/product_tag?post=3052"}],"curies":[{"name":"wp","href":"https:\/\/api.w.org\/{rel}","templated":true}]}}