{"id":3056,"date":"2025-12-19T13:31:51","date_gmt":"2025-12-19T13:31:51","guid":{"rendered":"https:\/\/svpchem.eu\/produktas\/vepron-oil-10w40-ss-sae\/"},"modified":"2026-04-10T09:59:54","modified_gmt":"2026-04-10T09:59:54","slug":"vepron-oil-10w40-ss-sae","status":"publish","type":"product","link":"https:\/\/svpchem.eu\/et\/produktas\/vepron-oil-10w40-ss-sae\/","title":{"rendered":"VEPRON OIL 10w40 SS SAE"},"content":{"rendered":"","protected":false},"excerpt":{"rendered":"<p><strong>Kirjeldus:<br \/>\n<\/strong><br \/>\n VEPRON OIL SS SAE 10W-40 on suure j\u00f5udlusega, pools\u00fcnteetiline, v\u00e4hese h\u00f5\u00f5rdumisega mootori\u00f5li. M\u00f5eldud tagama mootori t\u00f5husat m\u00e4\u00e4rimist ja kaitset, v\u00e4hendades samal ajal h\u00f5\u00f5rdumist ja kulumist.<br \/>\n<strong><br \/>\nPeamised omadused:<br \/>\n<\/strong><br \/>\n &#8211; Pools\u00fcnteetiline alus &#8211; tagab suurep\u00e4rase j\u00f5udluse ja stabiilsuse.<br \/>\n&#8211; Madal h\u00f5\u00f5rdumine &#8211; aitab v\u00e4hendada k\u00fctusekulu ja mootori kulumist.<br \/>\n&#8211; Mitmek\u00fclgsus &#8211; sobib kasutamiseks koos turbolaaduriga v\u00f5i ilma.<br \/>\n&#8211; Lai kasutusala &#8211; sobib bensiini-, diisel- ja veeldatud naftagaasi mootoritele.<br \/>\n<strong><br \/>\nKasutamine:<br \/>\n<\/strong><br \/>\n \u00d5li on m\u00f5eldud kasutamiseks kaubikutes ja autodes. Sobib katal\u00fcsaatoriga mootoritele. Vahetada vastavalt tootja soovitustele.<br \/>\n<strong><br \/>\nEelised:<br \/>\n<\/strong><br \/>\n &#8211; Kulut\u00f5husus &#8211; Madala h\u00f5\u00f5rdumise valem v\u00f5ib aidata kaasa k\u00fctusekulu v\u00e4hendamisele.<br \/>\n&#8211; Mootori kaitse &#8211; T\u00f5hus m\u00e4\u00e4rimine v\u00e4hendab mootoriosade kulumist.<br \/>\n&#8211; Sobivus &#8211; Sobib kaasaegsetele katal\u00fcsaatoritega mootoritele.<br \/>\n<strong><br \/>\nTehniline teave:<br \/>\n<\/strong><br \/>\n &#8211; Mahutavus: 1000 ml ja 5000 ml<br \/>\n&#8211; SAE viskoossus: 10W-40.<br \/>\n&#8211; T\u00fc\u00fcp: pools\u00fcnteetiline (SS).<br \/>\n&#8211; Kasutamine: bensiini-, diisel-, LPG-mootorid, turbolaadimisega\/mitteturbolaadimisega.<br \/>\n&#8211; Ohutusn\u00f5uded: kasutatud \u00f5li tuleb ringlusse v\u00f5tta. Ohutuskaardid on saadaval n\u00f5udmisel. <\/p>\n","protected":false},"featured_media":3057,"template":"","meta":[],"product_brand":[],"product_cat":[333],"product_tag":[],"class_list":{"0":"post-3056","1":"product","2":"type-product","3":"status-publish","4":"has-post-thumbnail","6":"product_cat-maardeained","7":"pa_brand-svp","8":"pa_ean-4779032961073-0","9":"pa_kiekis_dz-193","10":"pa_kiekis_pk-164","11":"pa_talpa-1000ml","13":"first","14":"instock","15":"shipping-taxable","16":"product-type-simple"},"yoast_head":"<!-- This site is optimized with the Yoast SEO plugin v27.3 - https:\/\/yoast.com\/product\/yoast-seo-wordpress\/ -->\n<title>VEPRON OIL 10w40 SS SAE - svpchem.eu<\/title>\n<meta name=\"description\" content=\"VEPRON OIL 10W40 SS SAE on suure j\u00f5udlusega pools\u00fcnteetiline mootori\u00f5li, mis kaitseb mootorit usaldusv\u00e4\u00e4rselt kulumise ja ladestumise eest. Sobib bensiini- ja diiselmootoritele ning aitab s\u00e4ilitada stabiilset j\u00f5udlust paljudes t\u00f6\u00f6tingimustes.\" \/>\n<meta name=\"robots\" content=\"index, follow, max-snippet:-1, max-image-preview:large, max-video-preview:-1\" \/>\n<link rel=\"canonical\" href=\"https:\/\/svpchem.eu\/et\/produktas\/vepron-oil-10w40-ss-sae\/\" \/>\n<meta property=\"og:locale\" content=\"et_EE\" \/>\n<meta property=\"og:type\" content=\"article\" \/>\n<meta property=\"og:title\" content=\"VEPRON OIL 10w40 SS SAE - svpchem.eu\" \/>\n<meta property=\"og:description\" content=\"VEPRON OIL 10W40 SS SAE on suure j\u00f5udlusega pools\u00fcnteetiline mootori\u00f5li, mis kaitseb mootorit usaldusv\u00e4\u00e4rselt kulumise ja ladestumise eest. Sobib bensiini- ja diiselmootoritele ning aitab s\u00e4ilitada stabiilset j\u00f5udlust paljudes t\u00f6\u00f6tingimustes.\" \/>\n<meta property=\"og:url\" content=\"https:\/\/svpchem.eu\/et\/produktas\/vepron-oil-10w40-ss-sae\/\" \/>\n<meta property=\"og:site_name\" content=\"svpchem.eu\" \/>\n<meta property=\"article:modified_time\" content=\"2026-04-10T09:59:54+00:00\" \/>\n<meta property=\"og:image\" content=\"https:\/\/svpchem.eu\/wp-content\/uploads\/2025\/12\/Vepron-10w40-5-litrai.jpg\" \/>\n\t<meta property=\"og:image:width\" content=\"1300\" \/>\n\t<meta property=\"og:image:height\" content=\"1300\" \/>\n\t<meta property=\"og:image:type\" content=\"image\/jpeg\" \/>\n<meta name=\"twitter:card\" content=\"summary_large_image\" \/>\n<script type=\"application\/ld+json\" class=\"yoast-schema-graph\">{\"@context\":\"https:\\\/\\\/schema.org\",\"@graph\":[{\"@type\":\"WebPage\",\"@id\":\"https:\\\/\\\/svpchem.eu\\\/et\\\/produktas\\\/vepron-oil-10w40-ss-sae\\\/\",\"url\":\"https:\\\/\\\/svpchem.eu\\\/et\\\/produktas\\\/vepron-oil-10w40-ss-sae\\\/\",\"name\":\"VEPRON OIL 10w40 SS SAE - svpchem.eu\",\"isPartOf\":{\"@id\":\"https:\\\/\\\/svpchem.eu\\\/et\\\/#website\"},\"primaryImageOfPage\":{\"@id\":\"https:\\\/\\\/svpchem.eu\\\/et\\\/produktas\\\/vepron-oil-10w40-ss-sae\\\/#primaryimage\"},\"image\":{\"@id\":\"https:\\\/\\\/svpchem.eu\\\/et\\\/produktas\\\/vepron-oil-10w40-ss-sae\\\/#primaryimage\"},\"thumbnailUrl\":\"https:\\\/\\\/svpchem.eu\\\/wp-content\\\/uploads\\\/2025\\\/12\\\/Vepron-10w40-5-litrai.jpg\",\"datePublished\":\"2025-12-19T13:31:51+00:00\",\"dateModified\":\"2026-04-10T09:59:54+00:00\",\"description\":\"VEPRON OIL 10W40 SS SAE on suure j\u00f5udlusega pools\u00fcnteetiline mootori\u00f5li, mis kaitseb mootorit usaldusv\u00e4\u00e4rselt kulumise ja ladestumise eest. Sobib bensiini- ja diiselmootoritele ning aitab s\u00e4ilitada stabiilset j\u00f5udlust paljudes t\u00f6\u00f6tingimustes.\",\"breadcrumb\":{\"@id\":\"https:\\\/\\\/svpchem.eu\\\/et\\\/produktas\\\/vepron-oil-10w40-ss-sae\\\/#breadcrumb\"},\"inLanguage\":\"et\",\"potentialAction\":[{\"@type\":\"ReadAction\",\"target\":[\"https:\\\/\\\/svpchem.eu\\\/et\\\/produktas\\\/vepron-oil-10w40-ss-sae\\\/\"]}]},{\"@type\":\"ImageObject\",\"inLanguage\":\"et\",\"@id\":\"https:\\\/\\\/svpchem.eu\\\/et\\\/produktas\\\/vepron-oil-10w40-ss-sae\\\/#primaryimage\",\"url\":\"https:\\\/\\\/svpchem.eu\\\/wp-content\\\/uploads\\\/2025\\\/12\\\/Vepron-10w40-5-litrai.jpg\",\"contentUrl\":\"https:\\\/\\\/svpchem.eu\\\/wp-content\\\/uploads\\\/2025\\\/12\\\/Vepron-10w40-5-litrai.jpg\",\"width\":1300,\"height\":1300},{\"@type\":\"BreadcrumbList\",\"@id\":\"https:\\\/\\\/svpchem.eu\\\/et\\\/produktas\\\/vepron-oil-10w40-ss-sae\\\/#breadcrumb\",\"itemListElement\":[{\"@type\":\"ListItem\",\"position\":1,\"name\":\"Kodu\",\"item\":\"https:\\\/\\\/svpchem.eu\\\/et\\\/meie-kohta\\\/\"},{\"@type\":\"ListItem\",\"position\":2,\"name\":\"Pood\",\"item\":\"https:\\\/\\\/svpchem.eu\\\/et\\\/pood\\\/\"},{\"@type\":\"ListItem\",\"position\":3,\"name\":\"VEPRON OIL 10w40 SS SAE\"}]},{\"@type\":\"WebSite\",\"@id\":\"https:\\\/\\\/svpchem.eu\\\/et\\\/#website\",\"url\":\"https:\\\/\\\/svpchem.eu\\\/et\\\/\",\"name\":\"svpchem.eu\",\"description\":\"\",\"publisher\":{\"@id\":\"https:\\\/\\\/svpchem.eu\\\/et\\\/#organization\"},\"potentialAction\":[{\"@type\":\"SearchAction\",\"target\":{\"@type\":\"EntryPoint\",\"urlTemplate\":\"https:\\\/\\\/svpchem.eu\\\/et\\\/?s={search_term_string}\"},\"query-input\":{\"@type\":\"PropertyValueSpecification\",\"valueRequired\":true,\"valueName\":\"search_term_string\"}}],\"inLanguage\":\"et\"},{\"@type\":\"Organization\",\"@id\":\"https:\\\/\\\/svpchem.eu\\\/et\\\/#organization\",\"name\":\"svpchem.eu\",\"url\":\"https:\\\/\\\/svpchem.eu\\\/et\\\/\",\"logo\":{\"@type\":\"ImageObject\",\"inLanguage\":\"et\",\"@id\":\"https:\\\/\\\/svpchem.eu\\\/et\\\/#\\\/schema\\\/logo\\\/image\\\/\",\"url\":\"https:\\\/\\\/svpchem.eu\\\/wp-content\\\/uploads\\\/2025\\\/12\\\/logo_cropped_no_bg_20251217-1.png\",\"contentUrl\":\"https:\\\/\\\/svpchem.eu\\\/wp-content\\\/uploads\\\/2025\\\/12\\\/logo_cropped_no_bg_20251217-1.png\",\"width\":851,\"height\":430,\"caption\":\"svpchem.eu\"},\"image\":{\"@id\":\"https:\\\/\\\/svpchem.eu\\\/et\\\/#\\\/schema\\\/logo\\\/image\\\/\"}}]}<\/script>\n<!-- \/ Yoast SEO plugin. -->","yoast_head_json":{"title":"VEPRON OIL 10w40 SS SAE - svpchem.eu","description":"VEPRON OIL 10W40 SS SAE on suure j\u00f5udlusega pools\u00fcnteetiline mootori\u00f5li, mis kaitseb mootorit usaldusv\u00e4\u00e4rselt kulumise ja ladestumise eest. Sobib bensiini- ja diiselmootoritele ning aitab s\u00e4ilitada stabiilset j\u00f5udlust paljudes t\u00f6\u00f6tingimustes.","robots":{"index":"index","follow":"follow","max-snippet":"max-snippet:-1","max-image-preview":"max-image-preview:large","max-video-preview":"max-video-preview:-1"},"canonical":"https:\/\/svpchem.eu\/et\/produktas\/vepron-oil-10w40-ss-sae\/","og_locale":"et_EE","og_type":"article","og_title":"VEPRON OIL 10w40 SS SAE - svpchem.eu","og_description":"VEPRON OIL 10W40 SS SAE on suure j\u00f5udlusega pools\u00fcnteetiline mootori\u00f5li, mis kaitseb mootorit usaldusv\u00e4\u00e4rselt kulumise ja ladestumise eest. Sobib bensiini- ja diiselmootoritele ning aitab s\u00e4ilitada stabiilset j\u00f5udlust paljudes t\u00f6\u00f6tingimustes.","og_url":"https:\/\/svpchem.eu\/et\/produktas\/vepron-oil-10w40-ss-sae\/","og_site_name":"svpchem.eu","article_modified_time":"2026-04-10T09:59:54+00:00","og_image":[{"width":1300,"height":1300,"url":"https:\/\/svpchem.eu\/wp-content\/uploads\/2025\/12\/Vepron-10w40-5-litrai.jpg","type":"image\/jpeg"}],"twitter_card":"summary_large_image","schema":{"@context":"https:\/\/schema.org","@graph":[{"@type":"WebPage","@id":"https:\/\/svpchem.eu\/et\/produktas\/vepron-oil-10w40-ss-sae\/","url":"https:\/\/svpchem.eu\/et\/produktas\/vepron-oil-10w40-ss-sae\/","name":"VEPRON OIL 10w40 SS SAE - svpchem.eu","isPartOf":{"@id":"https:\/\/svpchem.eu\/et\/#website"},"primaryImageOfPage":{"@id":"https:\/\/svpchem.eu\/et\/produktas\/vepron-oil-10w40-ss-sae\/#primaryimage"},"image":{"@id":"https:\/\/svpchem.eu\/et\/produktas\/vepron-oil-10w40-ss-sae\/#primaryimage"},"thumbnailUrl":"https:\/\/svpchem.eu\/wp-content\/uploads\/2025\/12\/Vepron-10w40-5-litrai.jpg","datePublished":"2025-12-19T13:31:51+00:00","dateModified":"2026-04-10T09:59:54+00:00","description":"VEPRON OIL 10W40 SS SAE on suure j\u00f5udlusega pools\u00fcnteetiline mootori\u00f5li, mis kaitseb mootorit usaldusv\u00e4\u00e4rselt kulumise ja ladestumise eest. Sobib bensiini- ja diiselmootoritele ning aitab s\u00e4ilitada stabiilset j\u00f5udlust paljudes t\u00f6\u00f6tingimustes.","breadcrumb":{"@id":"https:\/\/svpchem.eu\/et\/produktas\/vepron-oil-10w40-ss-sae\/#breadcrumb"},"inLanguage":"et","potentialAction":[{"@type":"ReadAction","target":["https:\/\/svpchem.eu\/et\/produktas\/vepron-oil-10w40-ss-sae\/"]}]},{"@type":"ImageObject","inLanguage":"et","@id":"https:\/\/svpchem.eu\/et\/produktas\/vepron-oil-10w40-ss-sae\/#primaryimage","url":"https:\/\/svpchem.eu\/wp-content\/uploads\/2025\/12\/Vepron-10w40-5-litrai.jpg","contentUrl":"https:\/\/svpchem.eu\/wp-content\/uploads\/2025\/12\/Vepron-10w40-5-litrai.jpg","width":1300,"height":1300},{"@type":"BreadcrumbList","@id":"https:\/\/svpchem.eu\/et\/produktas\/vepron-oil-10w40-ss-sae\/#breadcrumb","itemListElement":[{"@type":"ListItem","position":1,"name":"Kodu","item":"https:\/\/svpchem.eu\/et\/meie-kohta\/"},{"@type":"ListItem","position":2,"name":"Pood","item":"https:\/\/svpchem.eu\/et\/pood\/"},{"@type":"ListItem","position":3,"name":"VEPRON OIL 10w40 SS SAE"}]},{"@type":"WebSite","@id":"https:\/\/svpchem.eu\/et\/#website","url":"https:\/\/svpchem.eu\/et\/","name":"svpchem.eu","description":"","publisher":{"@id":"https:\/\/svpchem.eu\/et\/#organization"},"potentialAction":[{"@type":"SearchAction","target":{"@type":"EntryPoint","urlTemplate":"https:\/\/svpchem.eu\/et\/?s={search_term_string}"},"query-input":{"@type":"PropertyValueSpecification","valueRequired":true,"valueName":"search_term_string"}}],"inLanguage":"et"},{"@type":"Organization","@id":"https:\/\/svpchem.eu\/et\/#organization","name":"svpchem.eu","url":"https:\/\/svpchem.eu\/et\/","logo":{"@type":"ImageObject","inLanguage":"et","@id":"https:\/\/svpchem.eu\/et\/#\/schema\/logo\/image\/","url":"https:\/\/svpchem.eu\/wp-content\/uploads\/2025\/12\/logo_cropped_no_bg_20251217-1.png","contentUrl":"https:\/\/svpchem.eu\/wp-content\/uploads\/2025\/12\/logo_cropped_no_bg_20251217-1.png","width":851,"height":430,"caption":"svpchem.eu"},"image":{"@id":"https:\/\/svpchem.eu\/et\/#\/schema\/logo\/image\/"}}]}},"_links":{"self":[{"href":"https:\/\/svpchem.eu\/et\/wp-json\/wp\/v2\/product\/3056","targetHints":{"allow":["GET"]}}],"collection":[{"href":"https:\/\/svpchem.eu\/et\/wp-json\/wp\/v2\/product"}],"about":[{"href":"https:\/\/svpchem.eu\/et\/wp-json\/wp\/v2\/types\/product"}],"wp:featuredmedia":[{"embeddable":true,"href":"https:\/\/svpchem.eu\/et\/wp-json\/wp\/v2\/media\/3057"}],"wp:attachment":[{"href":"https:\/\/svpchem.eu\/et\/wp-json\/wp\/v2\/media?parent=3056"}],"wp:term":[{"taxonomy":"product_brand","embeddable":true,"href":"https:\/\/svpchem.eu\/et\/wp-json\/wp\/v2\/product_brand?post=3056"},{"taxonomy":"product_cat","embeddable":true,"href":"https:\/\/svpchem.eu\/et\/wp-json\/wp\/v2\/product_cat?post=3056"},{"taxonomy":"product_tag","embeddable":true,"href":"https:\/\/svpchem.eu\/et\/wp-json\/wp\/v2\/product_tag?post=3056"}],"curies":[{"name":"wp","href":"https:\/\/api.w.org\/{rel}","templated":true}]}}