{"id":3289,"date":"2026-02-23T15:10:46","date_gmt":"2026-02-23T15:10:46","guid":{"rendered":"https:\/\/svpchem.eu\/produktas\/svp-aerosoolne-korrosioonikaitse-modvilas\/"},"modified":"2026-02-23T15:10:46","modified_gmt":"2026-02-23T15:10:46","slug":"svp-aerosoolne-korrosioonikaitse-modvilas","status":"publish","type":"product","link":"https:\/\/svpchem.eu\/et\/produktas\/svp-aerosoolne-korrosioonikaitse-modvilas\/","title":{"rendered":"SVP Aerosoolne korrosioonikaitse MODVILAS"},"content":{"rendered":"","protected":false},"excerpt":{"rendered":"<p><strong>Kirjeldus:<\/strong><\/p>\n<p>See on m\u00f5eldud s\u00f5idukite \u00f5\u00f5nsuste t\u00f5husaks ja pikaajaliseks kaitseks niiskuse, soolade ja oks\u00fcdatsiooniprotsesside eest. Spetsiaalselt koostatud vahap\u00f5hisel \u00fchendil on suurep\u00e4rane tungivus, mis ulatub isegi k\u00f5ige kitsamatesse pragudesse, peatab korrosiooni ja takistab uute kuumade kohtade tekkimist. Loodud kiht j\u00e4\u00e4b elastseks, ei pragune ja tagab metalli usaldusv\u00e4\u00e4rse isolatsiooni keskkonnam\u00f5jude vastu.  <\/p>\n<p><strong>Peamised omadused:<\/strong><\/p>\n<ul>\n<li><strong>S\u00fcgav tungimine:<\/strong> j\u00f5uab kergesti sisemistesse struktuuridesse, \u00f5mblustesse ja keevis\u00f5mblustesse.<\/li>\n<li><strong>Pikaajaline kaitsebarj\u00e4\u00e4r:<\/strong> loob kaitsva kihi, mis t\u00f5rjub vett ja soolasid.<\/li>\n<li><strong>Korrosioonivastane toime:<\/strong> koostises olevad inhibiitorid p\u00e4rsivad aktiivselt roostetamisprotsesse.<\/li>\n<li><strong>Elastsus:<\/strong> kate ei kooru temperatuurik\u00f5ikumiste v\u00f5i keha vibratsiooni korral.<\/li>\n<\/ul>\n<p><strong>Kasutamine:<\/strong><\/p>\n<p>Enne kasutamist loksutage pudelit tugevalt umbes 2 minutit. Pind peab olema v\u00f5imalikult kuiv ja mustusest vaba. Pihustage toodet uste, l\u00e4vede, raamide v\u00f5i muude \u00f5\u00f5nsuste sisemusse, kasutades spetsiaalset pikendustoru (kui see on kaasas) v\u00f5i otsepihustuspihustit. P\u00e4rast kasutamist p\u00f6\u00f6rake pudel \u00fcmber ja pihustage l\u00fchidalt, et puhastada ventiil. <strong>V\u00e4ltige:<\/strong> \u00c4rge pihustage piduris\u00fcsteemi osadele, v\u00e4ljalaskes\u00fcsteemile v\u00f5i mootoriosadele.   <\/p>\n<p><strong>Eelised:<\/strong><\/p>\n<ul>\n<li><strong>V\u00e4\u00e4rtuse s\u00e4ilitamine:<\/strong> pikendage oma auto eluiga, kaitstes seda seestpoolt.<\/li>\n<li><strong>Tagatud j\u00f5udlus:<\/strong> aerosoolvorming v\u00f5imaldab j\u00f5uda aladele, mida tavap\u00e4raste meetoditega ei saa v\u00e4rvida.<\/li>\n<li><strong>M\u00f5tterahu teel:<\/strong> tunnete end turvaliselt, teades, et kere struktuurid on kaitstud talviste teesoolade agressiivse m\u00f5ju eest.<\/li>\n<li><strong>Lihtne kasutada:<\/strong> professionaalsed tulemused saavutatakse ilma spetsiaalsete pihustusseadmete v\u00f5i kompressorita.<\/li>\n<\/ul>\n<p><strong>Tehniline teave:<\/strong><\/p>\n<ul>\n<li><strong>Mahutavus:<\/strong> 650 ml<\/li>\n<li><strong>T\u00fc\u00fcp:<\/strong> aerosoolpihusti (vaha).<\/li>\n<li><strong>Kasutamine:<\/strong> kinnised kere\u00f5\u00f5nsused (piirded, sambad, uste sisek\u00fcljed).<\/li>\n<li><strong>Soovitus:<\/strong> t\u00f6\u00f6tada h\u00e4sti ventileeritud ruumides, optimaalne kasutustemperatuur on +15\u00b0C kuni +25\u00b0C.<\/li>\n<\/ul>\n","protected":false},"featured_media":3312,"template":"","meta":[],"product_brand":[],"product_cat":[195,356],"product_tag":[],"class_list":{"0":"post-3289","1":"product","2":"type-product","3":"status-publish","4":"has-post-thumbnail","6":"product_cat-autohooldustooted-ja-tarbekaubad","7":"product_cat-tellimuse-jargi-tootmine","9":"first","10":"instock","11":"shipping-taxable","12":"product-type-simple"},"yoast_head":"<!-- This site is optimized with the Yoast SEO plugin v27.3 - https:\/\/yoast.com\/product\/yoast-seo-wordpress\/ -->\n<title>SVP Aerosoolne korrosioonikaitse MODVILAS - svpchem.eu<\/title>\n<meta name=\"robots\" content=\"index, follow, max-snippet:-1, max-image-preview:large, max-video-preview:-1\" \/>\n<link rel=\"canonical\" href=\"https:\/\/svpchem.eu\/et\/produktas\/svp-aerosoolne-korrosioonikaitse-modvilas\/\" \/>\n<meta property=\"og:locale\" content=\"et_EE\" \/>\n<meta property=\"og:type\" content=\"article\" \/>\n<meta property=\"og:title\" content=\"SVP Aerosoolne korrosioonikaitse MODVILAS - svpchem.eu\" \/>\n<meta property=\"og:description\" content=\"Kirjeldus: See on m\u00f5eldud s\u00f5idukite \u00f5\u00f5nsuste t\u00f5husaks ja pikaajaliseks kaitseks niiskuse, soolade ja oks\u00fcdatsiooniprotsesside eest. Spetsiaalselt koostatud vahap\u00f5hisel \u00fchendil on suurep\u00e4rane tungivus, mis ulatub isegi k\u00f5ige kitsamatesse pragudesse, peatab korrosiooni ja takistab uute kuumade kohtade tekkimist. Loodud kiht j\u00e4\u00e4b elastseks, ei pragune ja tagab metalli usaldusv\u00e4\u00e4rse isolatsiooni keskkonnam\u00f5jude vastu.  Peamised omadused:  S\u00fcgav tungimine: j\u00f5uab kergesti sisemistesse struktuuridesse, \u00f5mblustesse ja keevis\u00f5mblustesse.  Pikaajaline kaitsebarj\u00e4\u00e4r: loob kaitsva kihi, mis t\u00f5rjub vett ja soolasid.  Korrosioonivastane toime: koostises olevad inhibiitorid p\u00e4rsivad aktiivselt roostetamisprotsesse.  Elastsus: kate ei kooru temperatuurik\u00f5ikumiste v\u00f5i keha vibratsiooni korral. Kasutamine: Enne kasutamist loksutage pudelit tugevalt umbes 2 minutit. Pind peab olema v\u00f5imalikult kuiv ja mustusest vaba. Pihustage toodet uste, l\u00e4vede, raamide v\u00f5i muude \u00f5\u00f5nsuste sisemusse, kasutades spetsiaalset pikendustoru (kui see on kaasas) v\u00f5i otsepihustuspihustit. P\u00e4rast kasutamist p\u00f6\u00f6rake pudel \u00fcmber ja pihustage l\u00fchidalt, et puhastada ventiil. V\u00e4ltige: \u00c4rge pihustage piduris\u00fcsteemi osadele, v\u00e4ljalaskes\u00fcsteemile v\u00f5i mootoriosadele.   Eelised:  V\u00e4\u00e4rtuse s\u00e4ilitamine: pikendage oma auto eluiga, kaitstes seda seestpoolt.  Tagatud j\u00f5udlus: aerosoolvorming v\u00f5imaldab j\u00f5uda aladele, mida tavap\u00e4raste meetoditega ei saa v\u00e4rvida.  M\u00f5tterahu teel: tunnete end turvaliselt, teades, et kere struktuurid on kaitstud talviste teesoolade agressiivse m\u00f5ju eest.  Lihtne kasutada: professionaalsed tulemused saavutatakse ilma spetsiaalsete pihustusseadmete v\u00f5i kompressorita. Tehniline teave:  Mahutavus: 650 ml  T\u00fc\u00fcp: aerosoolpihusti (vaha).  Kasutamine: kinnised kere\u00f5\u00f5nsused (piirded, sambad, uste sisek\u00fcljed).  Soovitus: t\u00f6\u00f6tada h\u00e4sti ventileeritud ruumides, optimaalne kasutustemperatuur on +15\u00b0C kuni +25\u00b0C.\" \/>\n<meta property=\"og:url\" content=\"https:\/\/svpchem.eu\/et\/produktas\/svp-aerosoolne-korrosioonikaitse-modvilas\/\" \/>\n<meta property=\"og:site_name\" content=\"svpchem.eu\" \/>\n<meta property=\"og:image\" content=\"https:\/\/svpchem.eu\/wp-content\/uploads\/2026\/02\/Aerozoline-apsauga-nuo-korozijos-modvilas.jpg\" \/>\n\t<meta property=\"og:image:width\" content=\"600\" \/>\n\t<meta property=\"og:image:height\" content=\"1584\" \/>\n\t<meta property=\"og:image:type\" content=\"image\/jpeg\" \/>\n<meta name=\"twitter:card\" content=\"summary_large_image\" \/>\n<script type=\"application\/ld+json\" class=\"yoast-schema-graph\">{\"@context\":\"https:\\\/\\\/schema.org\",\"@graph\":[{\"@type\":\"WebPage\",\"@id\":\"https:\\\/\\\/svpchem.eu\\\/et\\\/produktas\\\/svp-aerosoolne-korrosioonikaitse-modvilas\\\/\",\"url\":\"https:\\\/\\\/svpchem.eu\\\/et\\\/produktas\\\/svp-aerosoolne-korrosioonikaitse-modvilas\\\/\",\"name\":\"SVP Aerosoolne korrosioonikaitse MODVILAS - svpchem.eu\",\"isPartOf\":{\"@id\":\"https:\\\/\\\/svpchem.eu\\\/et\\\/#website\"},\"primaryImageOfPage\":{\"@id\":\"https:\\\/\\\/svpchem.eu\\\/et\\\/produktas\\\/svp-aerosoolne-korrosioonikaitse-modvilas\\\/#primaryimage\"},\"image\":{\"@id\":\"https:\\\/\\\/svpchem.eu\\\/et\\\/produktas\\\/svp-aerosoolne-korrosioonikaitse-modvilas\\\/#primaryimage\"},\"thumbnailUrl\":\"https:\\\/\\\/svpchem.eu\\\/wp-content\\\/uploads\\\/2026\\\/02\\\/Aerozoline-apsauga-nuo-korozijos-modvilas-koreguota.jpg\",\"datePublished\":\"2026-02-23T15:10:46+00:00\",\"breadcrumb\":{\"@id\":\"https:\\\/\\\/svpchem.eu\\\/et\\\/produktas\\\/svp-aerosoolne-korrosioonikaitse-modvilas\\\/#breadcrumb\"},\"inLanguage\":\"et\",\"potentialAction\":[{\"@type\":\"ReadAction\",\"target\":[\"https:\\\/\\\/svpchem.eu\\\/et\\\/produktas\\\/svp-aerosoolne-korrosioonikaitse-modvilas\\\/\"]}]},{\"@type\":\"ImageObject\",\"inLanguage\":\"et\",\"@id\":\"https:\\\/\\\/svpchem.eu\\\/et\\\/produktas\\\/svp-aerosoolne-korrosioonikaitse-modvilas\\\/#primaryimage\",\"url\":\"https:\\\/\\\/svpchem.eu\\\/wp-content\\\/uploads\\\/2026\\\/02\\\/Aerozoline-apsauga-nuo-korozijos-modvilas-koreguota.jpg\",\"contentUrl\":\"https:\\\/\\\/svpchem.eu\\\/wp-content\\\/uploads\\\/2026\\\/02\\\/Aerozoline-apsauga-nuo-korozijos-modvilas-koreguota.jpg\",\"width\":1024,\"height\":1024},{\"@type\":\"BreadcrumbList\",\"@id\":\"https:\\\/\\\/svpchem.eu\\\/et\\\/produktas\\\/svp-aerosoolne-korrosioonikaitse-modvilas\\\/#breadcrumb\",\"itemListElement\":[{\"@type\":\"ListItem\",\"position\":1,\"name\":\"Kodu\",\"item\":\"https:\\\/\\\/svpchem.eu\\\/et\\\/meie-kohta\\\/\"},{\"@type\":\"ListItem\",\"position\":2,\"name\":\"Pood\",\"item\":\"https:\\\/\\\/svpchem.eu\\\/et\\\/pood\\\/\"},{\"@type\":\"ListItem\",\"position\":3,\"name\":\"SVP Aerosoolne korrosioonikaitse MODVILAS\"}]},{\"@type\":\"WebSite\",\"@id\":\"https:\\\/\\\/svpchem.eu\\\/et\\\/#website\",\"url\":\"https:\\\/\\\/svpchem.eu\\\/et\\\/\",\"name\":\"svpchem.eu\",\"description\":\"\",\"publisher\":{\"@id\":\"https:\\\/\\\/svpchem.eu\\\/et\\\/#organization\"},\"potentialAction\":[{\"@type\":\"SearchAction\",\"target\":{\"@type\":\"EntryPoint\",\"urlTemplate\":\"https:\\\/\\\/svpchem.eu\\\/et\\\/?s={search_term_string}\"},\"query-input\":{\"@type\":\"PropertyValueSpecification\",\"valueRequired\":true,\"valueName\":\"search_term_string\"}}],\"inLanguage\":\"et\"},{\"@type\":\"Organization\",\"@id\":\"https:\\\/\\\/svpchem.eu\\\/et\\\/#organization\",\"name\":\"svpchem.eu\",\"url\":\"https:\\\/\\\/svpchem.eu\\\/et\\\/\",\"logo\":{\"@type\":\"ImageObject\",\"inLanguage\":\"et\",\"@id\":\"https:\\\/\\\/svpchem.eu\\\/et\\\/#\\\/schema\\\/logo\\\/image\\\/\",\"url\":\"https:\\\/\\\/svpchem.eu\\\/wp-content\\\/uploads\\\/2025\\\/12\\\/logo_cropped_no_bg_20251217-1.png\",\"contentUrl\":\"https:\\\/\\\/svpchem.eu\\\/wp-content\\\/uploads\\\/2025\\\/12\\\/logo_cropped_no_bg_20251217-1.png\",\"width\":851,\"height\":430,\"caption\":\"svpchem.eu\"},\"image\":{\"@id\":\"https:\\\/\\\/svpchem.eu\\\/et\\\/#\\\/schema\\\/logo\\\/image\\\/\"}}]}<\/script>\n<!-- \/ Yoast SEO plugin. -->","yoast_head_json":{"title":"SVP Aerosoolne korrosioonikaitse MODVILAS - svpchem.eu","robots":{"index":"index","follow":"follow","max-snippet":"max-snippet:-1","max-image-preview":"max-image-preview:large","max-video-preview":"max-video-preview:-1"},"canonical":"https:\/\/svpchem.eu\/et\/produktas\/svp-aerosoolne-korrosioonikaitse-modvilas\/","og_locale":"et_EE","og_type":"article","og_title":"SVP Aerosoolne korrosioonikaitse MODVILAS - svpchem.eu","og_description":"Kirjeldus: See on m\u00f5eldud s\u00f5idukite \u00f5\u00f5nsuste t\u00f5husaks ja pikaajaliseks kaitseks niiskuse, soolade ja oks\u00fcdatsiooniprotsesside eest. Spetsiaalselt koostatud vahap\u00f5hisel \u00fchendil on suurep\u00e4rane tungivus, mis ulatub isegi k\u00f5ige kitsamatesse pragudesse, peatab korrosiooni ja takistab uute kuumade kohtade tekkimist. Loodud kiht j\u00e4\u00e4b elastseks, ei pragune ja tagab metalli usaldusv\u00e4\u00e4rse isolatsiooni keskkonnam\u00f5jude vastu.  Peamised omadused:  S\u00fcgav tungimine: j\u00f5uab kergesti sisemistesse struktuuridesse, \u00f5mblustesse ja keevis\u00f5mblustesse.  Pikaajaline kaitsebarj\u00e4\u00e4r: loob kaitsva kihi, mis t\u00f5rjub vett ja soolasid.  Korrosioonivastane toime: koostises olevad inhibiitorid p\u00e4rsivad aktiivselt roostetamisprotsesse.  Elastsus: kate ei kooru temperatuurik\u00f5ikumiste v\u00f5i keha vibratsiooni korral. Kasutamine: Enne kasutamist loksutage pudelit tugevalt umbes 2 minutit. Pind peab olema v\u00f5imalikult kuiv ja mustusest vaba. Pihustage toodet uste, l\u00e4vede, raamide v\u00f5i muude \u00f5\u00f5nsuste sisemusse, kasutades spetsiaalset pikendustoru (kui see on kaasas) v\u00f5i otsepihustuspihustit. P\u00e4rast kasutamist p\u00f6\u00f6rake pudel \u00fcmber ja pihustage l\u00fchidalt, et puhastada ventiil. V\u00e4ltige: \u00c4rge pihustage piduris\u00fcsteemi osadele, v\u00e4ljalaskes\u00fcsteemile v\u00f5i mootoriosadele.   Eelised:  V\u00e4\u00e4rtuse s\u00e4ilitamine: pikendage oma auto eluiga, kaitstes seda seestpoolt.  Tagatud j\u00f5udlus: aerosoolvorming v\u00f5imaldab j\u00f5uda aladele, mida tavap\u00e4raste meetoditega ei saa v\u00e4rvida.  M\u00f5tterahu teel: tunnete end turvaliselt, teades, et kere struktuurid on kaitstud talviste teesoolade agressiivse m\u00f5ju eest.  Lihtne kasutada: professionaalsed tulemused saavutatakse ilma spetsiaalsete pihustusseadmete v\u00f5i kompressorita. Tehniline teave:  Mahutavus: 650 ml  T\u00fc\u00fcp: aerosoolpihusti (vaha).  Kasutamine: kinnised kere\u00f5\u00f5nsused (piirded, sambad, uste sisek\u00fcljed).  Soovitus: t\u00f6\u00f6tada h\u00e4sti ventileeritud ruumides, optimaalne kasutustemperatuur on +15\u00b0C kuni +25\u00b0C.","og_url":"https:\/\/svpchem.eu\/et\/produktas\/svp-aerosoolne-korrosioonikaitse-modvilas\/","og_site_name":"svpchem.eu","og_image":[{"width":600,"height":1584,"url":"https:\/\/svpchem.eu\/wp-content\/uploads\/2026\/02\/Aerozoline-apsauga-nuo-korozijos-modvilas.jpg","type":"image\/jpeg"}],"twitter_card":"summary_large_image","schema":{"@context":"https:\/\/schema.org","@graph":[{"@type":"WebPage","@id":"https:\/\/svpchem.eu\/et\/produktas\/svp-aerosoolne-korrosioonikaitse-modvilas\/","url":"https:\/\/svpchem.eu\/et\/produktas\/svp-aerosoolne-korrosioonikaitse-modvilas\/","name":"SVP Aerosoolne korrosioonikaitse MODVILAS - svpchem.eu","isPartOf":{"@id":"https:\/\/svpchem.eu\/et\/#website"},"primaryImageOfPage":{"@id":"https:\/\/svpchem.eu\/et\/produktas\/svp-aerosoolne-korrosioonikaitse-modvilas\/#primaryimage"},"image":{"@id":"https:\/\/svpchem.eu\/et\/produktas\/svp-aerosoolne-korrosioonikaitse-modvilas\/#primaryimage"},"thumbnailUrl":"https:\/\/svpchem.eu\/wp-content\/uploads\/2026\/02\/Aerozoline-apsauga-nuo-korozijos-modvilas-koreguota.jpg","datePublished":"2026-02-23T15:10:46+00:00","breadcrumb":{"@id":"https:\/\/svpchem.eu\/et\/produktas\/svp-aerosoolne-korrosioonikaitse-modvilas\/#breadcrumb"},"inLanguage":"et","potentialAction":[{"@type":"ReadAction","target":["https:\/\/svpchem.eu\/et\/produktas\/svp-aerosoolne-korrosioonikaitse-modvilas\/"]}]},{"@type":"ImageObject","inLanguage":"et","@id":"https:\/\/svpchem.eu\/et\/produktas\/svp-aerosoolne-korrosioonikaitse-modvilas\/#primaryimage","url":"https:\/\/svpchem.eu\/wp-content\/uploads\/2026\/02\/Aerozoline-apsauga-nuo-korozijos-modvilas-koreguota.jpg","contentUrl":"https:\/\/svpchem.eu\/wp-content\/uploads\/2026\/02\/Aerozoline-apsauga-nuo-korozijos-modvilas-koreguota.jpg","width":1024,"height":1024},{"@type":"BreadcrumbList","@id":"https:\/\/svpchem.eu\/et\/produktas\/svp-aerosoolne-korrosioonikaitse-modvilas\/#breadcrumb","itemListElement":[{"@type":"ListItem","position":1,"name":"Kodu","item":"https:\/\/svpchem.eu\/et\/meie-kohta\/"},{"@type":"ListItem","position":2,"name":"Pood","item":"https:\/\/svpchem.eu\/et\/pood\/"},{"@type":"ListItem","position":3,"name":"SVP Aerosoolne korrosioonikaitse MODVILAS"}]},{"@type":"WebSite","@id":"https:\/\/svpchem.eu\/et\/#website","url":"https:\/\/svpchem.eu\/et\/","name":"svpchem.eu","description":"","publisher":{"@id":"https:\/\/svpchem.eu\/et\/#organization"},"potentialAction":[{"@type":"SearchAction","target":{"@type":"EntryPoint","urlTemplate":"https:\/\/svpchem.eu\/et\/?s={search_term_string}"},"query-input":{"@type":"PropertyValueSpecification","valueRequired":true,"valueName":"search_term_string"}}],"inLanguage":"et"},{"@type":"Organization","@id":"https:\/\/svpchem.eu\/et\/#organization","name":"svpchem.eu","url":"https:\/\/svpchem.eu\/et\/","logo":{"@type":"ImageObject","inLanguage":"et","@id":"https:\/\/svpchem.eu\/et\/#\/schema\/logo\/image\/","url":"https:\/\/svpchem.eu\/wp-content\/uploads\/2025\/12\/logo_cropped_no_bg_20251217-1.png","contentUrl":"https:\/\/svpchem.eu\/wp-content\/uploads\/2025\/12\/logo_cropped_no_bg_20251217-1.png","width":851,"height":430,"caption":"svpchem.eu"},"image":{"@id":"https:\/\/svpchem.eu\/et\/#\/schema\/logo\/image\/"}}]}},"_links":{"self":[{"href":"https:\/\/svpchem.eu\/et\/wp-json\/wp\/v2\/product\/3289","targetHints":{"allow":["GET"]}}],"collection":[{"href":"https:\/\/svpchem.eu\/et\/wp-json\/wp\/v2\/product"}],"about":[{"href":"https:\/\/svpchem.eu\/et\/wp-json\/wp\/v2\/types\/product"}],"wp:featuredmedia":[{"embeddable":true,"href":"https:\/\/svpchem.eu\/et\/wp-json\/wp\/v2\/media\/3312"}],"wp:attachment":[{"href":"https:\/\/svpchem.eu\/et\/wp-json\/wp\/v2\/media?parent=3289"}],"wp:term":[{"taxonomy":"product_brand","embeddable":true,"href":"https:\/\/svpchem.eu\/et\/wp-json\/wp\/v2\/product_brand?post=3289"},{"taxonomy":"product_cat","embeddable":true,"href":"https:\/\/svpchem.eu\/et\/wp-json\/wp\/v2\/product_cat?post=3289"},{"taxonomy":"product_tag","embeddable":true,"href":"https:\/\/svpchem.eu\/et\/wp-json\/wp\/v2\/product_tag?post=3289"}],"curies":[{"name":"wp","href":"https:\/\/api.w.org\/{rel}","templated":true}]}}