{"id":3472,"date":"2026-02-23T21:05:11","date_gmt":"2026-02-23T21:05:11","guid":{"rendered":"https:\/\/svpchem.eu\/produktas\/svp-epoxy-kahekomponentne-plastiliin-liim-kulmkeevitus\/"},"modified":"2026-02-23T21:05:11","modified_gmt":"2026-02-23T21:05:11","slug":"svp-epoxy-kahekomponentne-plastiliin-liim-kulmkeevitus","status":"publish","type":"product","link":"https:\/\/svpchem.eu\/et\/produktas\/svp-epoxy-kahekomponentne-plastiliin-liim-kulmkeevitus\/","title":{"rendered":"SVP Epoxy kahekomponentne plastiliin (liim) &#8211; k\u00fclmkeevitus"},"content":{"rendered":"","protected":false},"excerpt":{"rendered":"<p><strong>Kirjeldus:<\/strong><\/p>\n<p>Mitmek\u00fclgne ja suure tugevusega kahekomponentne epoks\u00fcplastiin kiireks ja usaldusv\u00e4\u00e4rseks remondiks mitmesuguste materjalide puhul. See &#8220;k\u00fclmkeevitus\" sobib ideaalselt pragude t\u00e4itmiseks, aukude tihendamiseks v\u00f5i suure koormuse all olevate detailide \u00fchendamiseks. Tahkestunud mass muutub v\u00e4ga plastiliseks ja seda saab puurida, lihvida, keermestada v\u00f5i v\u00e4rvida, andes parandatavale objektile selle algse tugevuse.  <\/p>\n<p><strong>Peamised omadused:<\/strong><\/p>\n<ul>\n<li><strong>Mitmek\u00fclgsus:<\/strong> k\u00f5vastub m\u00e4rjadel pindadel ja isegi vee all.<\/li>\n<li><strong>Vastupidavus:<\/strong> loob \u00e4\u00e4rmiselt tugeva \u00fchenduse, mis on vastupidav l\u00f6\u00f6kidele ja vibratsioonile.<\/li>\n<li><strong>Vastupidavus:<\/strong> vastupidav veele, \u00f5lile, k\u00fctusele ja enamikule kemikaalidele.<\/li>\n<li><strong>Plastilisus:<\/strong> kergesti k\u00e4sitsi s\u00f5tkutav, mist\u00f5ttu on seda lihtne mis tahes kujuga vormida.<\/li>\n<li><strong>Termiline vastupidavus:<\/strong> s\u00e4ilitab oma omadused temperatuurik\u00f5ikumiste korral.<\/li>\n<li><strong>Kiiretoimeline:<\/strong> ravib minutite jooksul ja ravib t\u00e4ielikult l\u00fchikese aja jooksul.<\/li>\n<\/ul>\n<p><strong>Kasutamine:<\/strong> L\u00f5ika vajalik kogus plastiliini. S\u00f5tkuda s\u00f5rmedega, kuni kaks komponenti on segunenud \u00fchtlaseks ja mass on kergelt soe. Kandke puhastatud (soovitavalt lihvitud) pinnale ja vajutage tugevalt. Siledama pinna saamiseks v\u00f5ib vormida m\u00e4rgade s\u00f5rmedega v\u00f5i t\u00f6\u00f6riistaga. Laske enne t\u00f6\u00f6tlemist taheneda.    <\/p>\n<p><strong>Eelised:<\/strong><\/p>\n<ul>\n<li><strong>Lihtne kasutada:<\/strong> segamiseks ei ole vaja lisat\u00f6\u00f6riistu ega -n\u00f5usid.<\/li>\n<li><strong>Vastupidavus:<\/strong> parandatud aladel on metalli tugevus.<\/li>\n<li><strong>\u00d6konoomia:<\/strong> kasutage ainult konkreetse remondi jaoks vajalikku kogust.<\/li>\n<li><strong>Ohutus:<\/strong> ohutu koduses kasutuses ja professionaalsetes t\u00f6\u00f6kodades.<\/li>\n<\/ul>\n<p><strong>Tehniline teave:<\/strong><\/p>\n<ul>\n<li><strong>Kaal:<\/strong> 56,4 g<\/li>\n<li><strong>T\u00fc\u00fcp:<\/strong> kahekomponentne epoks\u00fcvaik (plastiliini kujul).<\/li>\n<li><strong>Kasutamise sagedus:<\/strong> \u00fchekordseks remondiks v\u00f5i vastavalt vajadusele.<\/li>\n<li><strong>Viimistlemine:<\/strong> v\u00f5ib lihvida, v\u00e4rvida, puurida p\u00e4rast t\u00e4ielikku k\u00f5venemist.<\/li>\n<\/ul>\n","protected":false},"featured_media":3357,"template":"","meta":[],"product_brand":[],"product_cat":[195,356],"product_tag":[],"class_list":{"0":"post-3472","1":"product","2":"type-product","3":"status-publish","4":"has-post-thumbnail","6":"product_cat-autohooldustooted-ja-tarbekaubad","7":"product_cat-tellimuse-jargi-tootmine","9":"first","10":"instock","11":"shipping-taxable","12":"product-type-simple"},"yoast_head":"<!-- This site is optimized with the Yoast SEO plugin v27.3 - https:\/\/yoast.com\/product\/yoast-seo-wordpress\/ -->\n<title>SVP Epoxy kahekomponentne plastiliin (liim) - k\u00fclmkeevitus - svpchem.eu<\/title>\n<meta name=\"description\" content=\"SVP epoks\u00fc kahekomponentne plastiliin (k\u00fclmkeevitus) - tugev vormitav liim metalli, plasti, keraamiliste ja muude pindade parandamiseks. Kiiresti k\u00f5venev, pragusid t\u00e4itev, vee- ja temperatuurikindel.\" \/>\n<meta name=\"robots\" content=\"index, follow, max-snippet:-1, max-image-preview:large, max-video-preview:-1\" \/>\n<link rel=\"canonical\" href=\"https:\/\/svpchem.eu\/et\/produktas\/svp-epoxy-kahekomponentne-plastiliin-liim-kulmkeevitus\/\" \/>\n<meta property=\"og:locale\" content=\"et_EE\" \/>\n<meta property=\"og:type\" content=\"article\" \/>\n<meta property=\"og:title\" content=\"SVP Epoxy kahekomponentne plastiliin (liim) - k\u00fclmkeevitus - svpchem.eu\" \/>\n<meta property=\"og:description\" content=\"SVP epoks\u00fc kahekomponentne plastiliin (k\u00fclmkeevitus) - tugev vormitav liim metalli, plasti, keraamiliste ja muude pindade parandamiseks. Kiiresti k\u00f5venev, pragusid t\u00e4itev, vee- ja temperatuurikindel.\" \/>\n<meta property=\"og:url\" content=\"https:\/\/svpchem.eu\/et\/produktas\/svp-epoxy-kahekomponentne-plastiliin-liim-kulmkeevitus\/\" \/>\n<meta property=\"og:site_name\" content=\"svpchem.eu\" \/>\n<meta property=\"og:image\" content=\"https:\/\/svpchem.eu\/wp-content\/uploads\/2026\/02\/Epoksidiniai-klijai-2-ju-komponentu-4-min-koteguotas.jpg\" \/>\n\t<meta property=\"og:image:width\" content=\"1024\" \/>\n\t<meta property=\"og:image:height\" content=\"1024\" \/>\n\t<meta property=\"og:image:type\" content=\"image\/jpeg\" \/>\n<meta name=\"twitter:card\" content=\"summary_large_image\" \/>\n<script type=\"application\/ld+json\" class=\"yoast-schema-graph\">{\"@context\":\"https:\\\/\\\/schema.org\",\"@graph\":[{\"@type\":\"WebPage\",\"@id\":\"https:\\\/\\\/svpchem.eu\\\/et\\\/produktas\\\/svp-epoxy-kahekomponentne-plastiliin-liim-kulmkeevitus\\\/\",\"url\":\"https:\\\/\\\/svpchem.eu\\\/et\\\/produktas\\\/svp-epoxy-kahekomponentne-plastiliin-liim-kulmkeevitus\\\/\",\"name\":\"SVP Epoxy kahekomponentne plastiliin (liim) - k\u00fclmkeevitus - svpchem.eu\",\"isPartOf\":{\"@id\":\"https:\\\/\\\/svpchem.eu\\\/et\\\/#website\"},\"primaryImageOfPage\":{\"@id\":\"https:\\\/\\\/svpchem.eu\\\/et\\\/produktas\\\/svp-epoxy-kahekomponentne-plastiliin-liim-kulmkeevitus\\\/#primaryimage\"},\"image\":{\"@id\":\"https:\\\/\\\/svpchem.eu\\\/et\\\/produktas\\\/svp-epoxy-kahekomponentne-plastiliin-liim-kulmkeevitus\\\/#primaryimage\"},\"thumbnailUrl\":\"https:\\\/\\\/svpchem.eu\\\/wp-content\\\/uploads\\\/2026\\\/02\\\/Epoksidiniai-klijai-2-ju-komponentu-4-min-koteguotas.jpg\",\"datePublished\":\"2026-02-23T21:05:11+00:00\",\"description\":\"SVP epoks\u00fc kahekomponentne plastiliin (k\u00fclmkeevitus) - tugev vormitav liim metalli, plasti, keraamiliste ja muude pindade parandamiseks. Kiiresti k\u00f5venev, pragusid t\u00e4itev, vee- ja temperatuurikindel.\",\"breadcrumb\":{\"@id\":\"https:\\\/\\\/svpchem.eu\\\/et\\\/produktas\\\/svp-epoxy-kahekomponentne-plastiliin-liim-kulmkeevitus\\\/#breadcrumb\"},\"inLanguage\":\"et\",\"potentialAction\":[{\"@type\":\"ReadAction\",\"target\":[\"https:\\\/\\\/svpchem.eu\\\/et\\\/produktas\\\/svp-epoxy-kahekomponentne-plastiliin-liim-kulmkeevitus\\\/\"]}]},{\"@type\":\"ImageObject\",\"inLanguage\":\"et\",\"@id\":\"https:\\\/\\\/svpchem.eu\\\/et\\\/produktas\\\/svp-epoxy-kahekomponentne-plastiliin-liim-kulmkeevitus\\\/#primaryimage\",\"url\":\"https:\\\/\\\/svpchem.eu\\\/wp-content\\\/uploads\\\/2026\\\/02\\\/Epoksidiniai-klijai-2-ju-komponentu-4-min-koteguotas.jpg\",\"contentUrl\":\"https:\\\/\\\/svpchem.eu\\\/wp-content\\\/uploads\\\/2026\\\/02\\\/Epoksidiniai-klijai-2-ju-komponentu-4-min-koteguotas.jpg\",\"width\":1024,\"height\":1024},{\"@type\":\"BreadcrumbList\",\"@id\":\"https:\\\/\\\/svpchem.eu\\\/et\\\/produktas\\\/svp-epoxy-kahekomponentne-plastiliin-liim-kulmkeevitus\\\/#breadcrumb\",\"itemListElement\":[{\"@type\":\"ListItem\",\"position\":1,\"name\":\"Kodu\",\"item\":\"https:\\\/\\\/svpchem.eu\\\/et\\\/meie-kohta\\\/\"},{\"@type\":\"ListItem\",\"position\":2,\"name\":\"Pood\",\"item\":\"https:\\\/\\\/svpchem.eu\\\/et\\\/pood\\\/\"},{\"@type\":\"ListItem\",\"position\":3,\"name\":\"SVP Epoxy kahekomponentne plastiliin (liim) &#8211; k\u00fclmkeevitus\"}]},{\"@type\":\"WebSite\",\"@id\":\"https:\\\/\\\/svpchem.eu\\\/et\\\/#website\",\"url\":\"https:\\\/\\\/svpchem.eu\\\/et\\\/\",\"name\":\"svpchem.eu\",\"description\":\"\",\"publisher\":{\"@id\":\"https:\\\/\\\/svpchem.eu\\\/et\\\/#organization\"},\"potentialAction\":[{\"@type\":\"SearchAction\",\"target\":{\"@type\":\"EntryPoint\",\"urlTemplate\":\"https:\\\/\\\/svpchem.eu\\\/et\\\/?s={search_term_string}\"},\"query-input\":{\"@type\":\"PropertyValueSpecification\",\"valueRequired\":true,\"valueName\":\"search_term_string\"}}],\"inLanguage\":\"et\"},{\"@type\":\"Organization\",\"@id\":\"https:\\\/\\\/svpchem.eu\\\/et\\\/#organization\",\"name\":\"svpchem.eu\",\"url\":\"https:\\\/\\\/svpchem.eu\\\/et\\\/\",\"logo\":{\"@type\":\"ImageObject\",\"inLanguage\":\"et\",\"@id\":\"https:\\\/\\\/svpchem.eu\\\/et\\\/#\\\/schema\\\/logo\\\/image\\\/\",\"url\":\"https:\\\/\\\/svpchem.eu\\\/wp-content\\\/uploads\\\/2025\\\/12\\\/logo_cropped_no_bg_20251217-1.png\",\"contentUrl\":\"https:\\\/\\\/svpchem.eu\\\/wp-content\\\/uploads\\\/2025\\\/12\\\/logo_cropped_no_bg_20251217-1.png\",\"width\":851,\"height\":430,\"caption\":\"svpchem.eu\"},\"image\":{\"@id\":\"https:\\\/\\\/svpchem.eu\\\/et\\\/#\\\/schema\\\/logo\\\/image\\\/\"}}]}<\/script>\n<!-- \/ Yoast SEO plugin. -->","yoast_head_json":{"title":"SVP Epoxy kahekomponentne plastiliin (liim) - k\u00fclmkeevitus - svpchem.eu","description":"SVP epoks\u00fc kahekomponentne plastiliin (k\u00fclmkeevitus) - tugev vormitav liim metalli, plasti, keraamiliste ja muude pindade parandamiseks. Kiiresti k\u00f5venev, pragusid t\u00e4itev, vee- ja temperatuurikindel.","robots":{"index":"index","follow":"follow","max-snippet":"max-snippet:-1","max-image-preview":"max-image-preview:large","max-video-preview":"max-video-preview:-1"},"canonical":"https:\/\/svpchem.eu\/et\/produktas\/svp-epoxy-kahekomponentne-plastiliin-liim-kulmkeevitus\/","og_locale":"et_EE","og_type":"article","og_title":"SVP Epoxy kahekomponentne plastiliin (liim) - k\u00fclmkeevitus - svpchem.eu","og_description":"SVP epoks\u00fc kahekomponentne plastiliin (k\u00fclmkeevitus) - tugev vormitav liim metalli, plasti, keraamiliste ja muude pindade parandamiseks. Kiiresti k\u00f5venev, pragusid t\u00e4itev, vee- ja temperatuurikindel.","og_url":"https:\/\/svpchem.eu\/et\/produktas\/svp-epoxy-kahekomponentne-plastiliin-liim-kulmkeevitus\/","og_site_name":"svpchem.eu","og_image":[{"width":1024,"height":1024,"url":"https:\/\/svpchem.eu\/wp-content\/uploads\/2026\/02\/Epoksidiniai-klijai-2-ju-komponentu-4-min-koteguotas.jpg","type":"image\/jpeg"}],"twitter_card":"summary_large_image","schema":{"@context":"https:\/\/schema.org","@graph":[{"@type":"WebPage","@id":"https:\/\/svpchem.eu\/et\/produktas\/svp-epoxy-kahekomponentne-plastiliin-liim-kulmkeevitus\/","url":"https:\/\/svpchem.eu\/et\/produktas\/svp-epoxy-kahekomponentne-plastiliin-liim-kulmkeevitus\/","name":"SVP Epoxy kahekomponentne plastiliin (liim) - k\u00fclmkeevitus - svpchem.eu","isPartOf":{"@id":"https:\/\/svpchem.eu\/et\/#website"},"primaryImageOfPage":{"@id":"https:\/\/svpchem.eu\/et\/produktas\/svp-epoxy-kahekomponentne-plastiliin-liim-kulmkeevitus\/#primaryimage"},"image":{"@id":"https:\/\/svpchem.eu\/et\/produktas\/svp-epoxy-kahekomponentne-plastiliin-liim-kulmkeevitus\/#primaryimage"},"thumbnailUrl":"https:\/\/svpchem.eu\/wp-content\/uploads\/2026\/02\/Epoksidiniai-klijai-2-ju-komponentu-4-min-koteguotas.jpg","datePublished":"2026-02-23T21:05:11+00:00","description":"SVP epoks\u00fc kahekomponentne plastiliin (k\u00fclmkeevitus) - tugev vormitav liim metalli, plasti, keraamiliste ja muude pindade parandamiseks. Kiiresti k\u00f5venev, pragusid t\u00e4itev, vee- ja temperatuurikindel.","breadcrumb":{"@id":"https:\/\/svpchem.eu\/et\/produktas\/svp-epoxy-kahekomponentne-plastiliin-liim-kulmkeevitus\/#breadcrumb"},"inLanguage":"et","potentialAction":[{"@type":"ReadAction","target":["https:\/\/svpchem.eu\/et\/produktas\/svp-epoxy-kahekomponentne-plastiliin-liim-kulmkeevitus\/"]}]},{"@type":"ImageObject","inLanguage":"et","@id":"https:\/\/svpchem.eu\/et\/produktas\/svp-epoxy-kahekomponentne-plastiliin-liim-kulmkeevitus\/#primaryimage","url":"https:\/\/svpchem.eu\/wp-content\/uploads\/2026\/02\/Epoksidiniai-klijai-2-ju-komponentu-4-min-koteguotas.jpg","contentUrl":"https:\/\/svpchem.eu\/wp-content\/uploads\/2026\/02\/Epoksidiniai-klijai-2-ju-komponentu-4-min-koteguotas.jpg","width":1024,"height":1024},{"@type":"BreadcrumbList","@id":"https:\/\/svpchem.eu\/et\/produktas\/svp-epoxy-kahekomponentne-plastiliin-liim-kulmkeevitus\/#breadcrumb","itemListElement":[{"@type":"ListItem","position":1,"name":"Kodu","item":"https:\/\/svpchem.eu\/et\/meie-kohta\/"},{"@type":"ListItem","position":2,"name":"Pood","item":"https:\/\/svpchem.eu\/et\/pood\/"},{"@type":"ListItem","position":3,"name":"SVP Epoxy kahekomponentne plastiliin (liim) &#8211; k\u00fclmkeevitus"}]},{"@type":"WebSite","@id":"https:\/\/svpchem.eu\/et\/#website","url":"https:\/\/svpchem.eu\/et\/","name":"svpchem.eu","description":"","publisher":{"@id":"https:\/\/svpchem.eu\/et\/#organization"},"potentialAction":[{"@type":"SearchAction","target":{"@type":"EntryPoint","urlTemplate":"https:\/\/svpchem.eu\/et\/?s={search_term_string}"},"query-input":{"@type":"PropertyValueSpecification","valueRequired":true,"valueName":"search_term_string"}}],"inLanguage":"et"},{"@type":"Organization","@id":"https:\/\/svpchem.eu\/et\/#organization","name":"svpchem.eu","url":"https:\/\/svpchem.eu\/et\/","logo":{"@type":"ImageObject","inLanguage":"et","@id":"https:\/\/svpchem.eu\/et\/#\/schema\/logo\/image\/","url":"https:\/\/svpchem.eu\/wp-content\/uploads\/2025\/12\/logo_cropped_no_bg_20251217-1.png","contentUrl":"https:\/\/svpchem.eu\/wp-content\/uploads\/2025\/12\/logo_cropped_no_bg_20251217-1.png","width":851,"height":430,"caption":"svpchem.eu"},"image":{"@id":"https:\/\/svpchem.eu\/et\/#\/schema\/logo\/image\/"}}]}},"_links":{"self":[{"href":"https:\/\/svpchem.eu\/et\/wp-json\/wp\/v2\/product\/3472","targetHints":{"allow":["GET"]}}],"collection":[{"href":"https:\/\/svpchem.eu\/et\/wp-json\/wp\/v2\/product"}],"about":[{"href":"https:\/\/svpchem.eu\/et\/wp-json\/wp\/v2\/types\/product"}],"wp:featuredmedia":[{"embeddable":true,"href":"https:\/\/svpchem.eu\/et\/wp-json\/wp\/v2\/media\/3357"}],"wp:attachment":[{"href":"https:\/\/svpchem.eu\/et\/wp-json\/wp\/v2\/media?parent=3472"}],"wp:term":[{"taxonomy":"product_brand","embeddable":true,"href":"https:\/\/svpchem.eu\/et\/wp-json\/wp\/v2\/product_brand?post=3472"},{"taxonomy":"product_cat","embeddable":true,"href":"https:\/\/svpchem.eu\/et\/wp-json\/wp\/v2\/product_cat?post=3472"},{"taxonomy":"product_tag","embeddable":true,"href":"https:\/\/svpchem.eu\/et\/wp-json\/wp\/v2\/product_tag?post=3472"}],"curies":[{"name":"wp","href":"https:\/\/api.w.org\/{rel}","templated":true}]}}