{"id":3547,"date":"2026-02-24T09:14:51","date_gmt":"2026-02-24T09:14:51","guid":{"rendered":"https:\/\/svpchem.eu\/produktas\/svp-abrasiivne-poleerimisvaha-rubbing-compound\/"},"modified":"2026-02-24T09:14:51","modified_gmt":"2026-02-24T09:14:51","slug":"svp-abrasiivne-poleerimisvaha-rubbing-compound","status":"publish","type":"product","link":"https:\/\/svpchem.eu\/et\/produktas\/svp-abrasiivne-poleerimisvaha-rubbing-compound\/","title":{"rendered":"SVP abrasiivne poleerimisvaha RUBBING COMPOUND"},"content":{"rendered":"","protected":false},"excerpt":{"rendered":"<p><strong>Kirjeldus:<\/strong><\/p>\n<p>See on t\u00f5hus abrasiivne pastavaha tugevalt oks\u00fcdeerunud, kriimustatud ja tuhmunud autov\u00e4rvipindade uuendamiseks. Peente abrasiivsete osakestega spetsiaalne koostis eemaldab t\u00f5husalt peened kriimustused, linnukesed ja k\u00f5vaks muutunud mustuse, millega tavalised puhastusvahendid ei saa hakkama. Taastab kere algse v\u00e4rvi ja valmistab selle ette l\u00f5plikuks vahatamiseks.  <\/p>\n<p><strong>Peamised omadused:<\/strong><\/p>\n<ul>\n<li><strong>Abrasiivne toime:<\/strong> silub t\u00f5husalt lakipinda, eemaldab pinnakriimustused ja &#8220;\u00e4mblikuv\u00f5rgu\" efekti.<\/li>\n<li><strong>V\u00e4rvi restaureerimine:<\/strong> eemaldatakse tuhmunud v\u00e4rvikiht, taastades pinnale rikkalikkuse ja s\u00fcgavuse.<\/li>\n<li><strong>Mitmek\u00fclgsus:<\/strong> sobib nii k\u00e4sitsi kui ka masinaga poleerimiseks.<\/li>\n<li><strong>Lakk-kindel:<\/strong> \u00f5igesti kasutatuna ei kahjusta <strong>lakki<\/strong>, vaid ainult silub seda.<\/li>\n<\/ul>\n<p><strong>Kasutamine:<\/strong><\/p>\n<p>Peske ja kuivatage auto p\u00f5hjalikult. Kasutades niisket aplikaatorit v\u00f5i puhast puuvillast lappi, h\u00f5\u00f5ruge kahjustatud piirkonda ringjate liigutustega v\u00e4ike kogus pastat. Poleerige keskmise survega, kuni plekid on eemaldatud v\u00f5i pind on sile. P\u00fchkige k\u00f5ik j\u00e4\u00e4gid maha puhta mikrokiudlapiga, enne kui pasta t\u00e4ielikult kuivab. <strong>V\u00e4ltida:<\/strong> \u00c4rge kasutage kuumadel pindadel, otsese p\u00e4ikesevalguse k\u00e4es ega plast- v\u00f5i kummist osadel.   <\/p>\n<p><strong>Eelised:<\/strong><\/p>\n<ul>\n<li><strong>Uuendage seda ise:<\/strong> s\u00e4\u00e4stke raha kallite poleerimisteenuste pealt &#8211; saavutage professionaalne tulemus oma k\u00e4tega.<\/li>\n<li><strong>Teine tuul auto jaoks:<\/strong> Isegi vana, matt kere v\u00f5ib taas s\u00e4ravad nagu uus.<\/li>\n<li><strong>Vastupidav ja \u00f6konoomne:<\/strong> 200 g pakend on v\u00e4ga kontsentreeritud, nii et seda piisab paljudeks kasutuskordadeks v\u00f5i kogu auto kere jaoks.<\/li>\n<li><strong>Ideaalne alus:<\/strong> valmistab pinna ideaalselt ette enne kaitsevaha (nt <em>SVP Car Wax<\/em>) pealekandmist.<\/li>\n<\/ul>\n<p><strong>Tehniline teave:<\/strong><\/p>\n<ul>\n<li><strong>Kaal:<\/strong> 200 g<\/li>\n<li><strong>T\u00fc\u00fcp:<\/strong> K\u00f5va abrasiivvaha (poleerimispasta).<\/li>\n<li><strong>Kasutamine:<\/strong> K\u00f5ik v\u00e4rvitud ja lakitud kerepinnad (v.a. mattv\u00e4rv).<\/li>\n<\/ul>\n<p><strong>Soovitus:<\/strong> p\u00e4rast <em>lihvimisvahendiga<\/em> poleerimist on soovitatav pinnale kanda kaitsevaha, et s\u00e4ilitada maksimaalne l\u00e4ige.<\/p>\n","protected":false},"featured_media":3370,"template":"","meta":[],"product_brand":[],"product_cat":[195,356],"product_tag":[],"class_list":{"0":"post-3547","1":"product","2":"type-product","3":"status-publish","4":"has-post-thumbnail","6":"product_cat-autohooldustooted-ja-tarbekaubad","7":"product_cat-tellimuse-jargi-tootmine","9":"first","10":"instock","11":"shipping-taxable","12":"product-type-simple"},"yoast_head":"<!-- This site is optimized with the Yoast SEO plugin v27.3 - https:\/\/yoast.com\/product\/yoast-seo-wordpress\/ -->\n<title>SVP abrasiivne poleerimisvaha RUBBING COMPOUND - svpchem.eu<\/title>\n<meta name=\"description\" content=\"SVP abrasiivne poleerimisvaha h\u00f5\u00f5rdekomponent - eemaldab t\u00f5husalt peened kriimustused, oks\u00fcdatsiooni ja v\u00e4rvimuutused. Taastab autokere l\u00e4ike, valmistab pinna ette l\u00f5plikuks poleerimiseks ja annab uuendatud v\u00e4limuse.\" \/>\n<meta name=\"robots\" content=\"index, follow, max-snippet:-1, max-image-preview:large, max-video-preview:-1\" \/>\n<link rel=\"canonical\" href=\"https:\/\/svpchem.eu\/et\/produktas\/svp-abrasiivne-poleerimisvaha-rubbing-compound\/\" \/>\n<meta property=\"og:locale\" content=\"et_EE\" \/>\n<meta property=\"og:type\" content=\"article\" \/>\n<meta property=\"og:title\" content=\"SVP abrasiivne poleerimisvaha RUBBING COMPOUND - svpchem.eu\" \/>\n<meta property=\"og:description\" content=\"SVP abrasiivne poleerimisvaha h\u00f5\u00f5rdekomponent - eemaldab t\u00f5husalt peened kriimustused, oks\u00fcdatsiooni ja v\u00e4rvimuutused. Taastab autokere l\u00e4ike, valmistab pinna ette l\u00f5plikuks poleerimiseks ja annab uuendatud v\u00e4limuse.\" \/>\n<meta property=\"og:url\" content=\"https:\/\/svpchem.eu\/et\/produktas\/svp-abrasiivne-poleerimisvaha-rubbing-compound\/\" \/>\n<meta property=\"og:site_name\" content=\"svpchem.eu\" \/>\n<meta property=\"og:image\" content=\"https:\/\/svpchem.eu\/wp-content\/uploads\/2026\/02\/Poliravimo-vaskas-Rubbing-compaund-koreguotas.jpg\" \/>\n\t<meta property=\"og:image:width\" content=\"1024\" \/>\n\t<meta property=\"og:image:height\" content=\"1024\" \/>\n\t<meta property=\"og:image:type\" content=\"image\/jpeg\" \/>\n<meta name=\"twitter:card\" content=\"summary_large_image\" \/>\n<script type=\"application\/ld+json\" class=\"yoast-schema-graph\">{\"@context\":\"https:\\\/\\\/schema.org\",\"@graph\":[{\"@type\":\"WebPage\",\"@id\":\"https:\\\/\\\/svpchem.eu\\\/et\\\/produktas\\\/svp-abrasiivne-poleerimisvaha-rubbing-compound\\\/\",\"url\":\"https:\\\/\\\/svpchem.eu\\\/et\\\/produktas\\\/svp-abrasiivne-poleerimisvaha-rubbing-compound\\\/\",\"name\":\"SVP abrasiivne poleerimisvaha RUBBING COMPOUND - svpchem.eu\",\"isPartOf\":{\"@id\":\"https:\\\/\\\/svpchem.eu\\\/et\\\/#website\"},\"primaryImageOfPage\":{\"@id\":\"https:\\\/\\\/svpchem.eu\\\/et\\\/produktas\\\/svp-abrasiivne-poleerimisvaha-rubbing-compound\\\/#primaryimage\"},\"image\":{\"@id\":\"https:\\\/\\\/svpchem.eu\\\/et\\\/produktas\\\/svp-abrasiivne-poleerimisvaha-rubbing-compound\\\/#primaryimage\"},\"thumbnailUrl\":\"https:\\\/\\\/svpchem.eu\\\/wp-content\\\/uploads\\\/2026\\\/02\\\/Poliravimo-vaskas-Rubbing-compaund-koreguotas.jpg\",\"datePublished\":\"2026-02-24T09:14:51+00:00\",\"description\":\"SVP abrasiivne poleerimisvaha h\u00f5\u00f5rdekomponent - eemaldab t\u00f5husalt peened kriimustused, oks\u00fcdatsiooni ja v\u00e4rvimuutused. Taastab autokere l\u00e4ike, valmistab pinna ette l\u00f5plikuks poleerimiseks ja annab uuendatud v\u00e4limuse.\",\"breadcrumb\":{\"@id\":\"https:\\\/\\\/svpchem.eu\\\/et\\\/produktas\\\/svp-abrasiivne-poleerimisvaha-rubbing-compound\\\/#breadcrumb\"},\"inLanguage\":\"et\",\"potentialAction\":[{\"@type\":\"ReadAction\",\"target\":[\"https:\\\/\\\/svpchem.eu\\\/et\\\/produktas\\\/svp-abrasiivne-poleerimisvaha-rubbing-compound\\\/\"]}]},{\"@type\":\"ImageObject\",\"inLanguage\":\"et\",\"@id\":\"https:\\\/\\\/svpchem.eu\\\/et\\\/produktas\\\/svp-abrasiivne-poleerimisvaha-rubbing-compound\\\/#primaryimage\",\"url\":\"https:\\\/\\\/svpchem.eu\\\/wp-content\\\/uploads\\\/2026\\\/02\\\/Poliravimo-vaskas-Rubbing-compaund-koreguotas.jpg\",\"contentUrl\":\"https:\\\/\\\/svpchem.eu\\\/wp-content\\\/uploads\\\/2026\\\/02\\\/Poliravimo-vaskas-Rubbing-compaund-koreguotas.jpg\",\"width\":1024,\"height\":1024},{\"@type\":\"BreadcrumbList\",\"@id\":\"https:\\\/\\\/svpchem.eu\\\/et\\\/produktas\\\/svp-abrasiivne-poleerimisvaha-rubbing-compound\\\/#breadcrumb\",\"itemListElement\":[{\"@type\":\"ListItem\",\"position\":1,\"name\":\"Kodu\",\"item\":\"https:\\\/\\\/svpchem.eu\\\/et\\\/meie-kohta\\\/\"},{\"@type\":\"ListItem\",\"position\":2,\"name\":\"Pood\",\"item\":\"https:\\\/\\\/svpchem.eu\\\/et\\\/pood\\\/\"},{\"@type\":\"ListItem\",\"position\":3,\"name\":\"SVP abrasiivne poleerimisvaha RUBBING COMPOUND\"}]},{\"@type\":\"WebSite\",\"@id\":\"https:\\\/\\\/svpchem.eu\\\/et\\\/#website\",\"url\":\"https:\\\/\\\/svpchem.eu\\\/et\\\/\",\"name\":\"svpchem.eu\",\"description\":\"\",\"publisher\":{\"@id\":\"https:\\\/\\\/svpchem.eu\\\/et\\\/#organization\"},\"potentialAction\":[{\"@type\":\"SearchAction\",\"target\":{\"@type\":\"EntryPoint\",\"urlTemplate\":\"https:\\\/\\\/svpchem.eu\\\/et\\\/?s={search_term_string}\"},\"query-input\":{\"@type\":\"PropertyValueSpecification\",\"valueRequired\":true,\"valueName\":\"search_term_string\"}}],\"inLanguage\":\"et\"},{\"@type\":\"Organization\",\"@id\":\"https:\\\/\\\/svpchem.eu\\\/et\\\/#organization\",\"name\":\"svpchem.eu\",\"url\":\"https:\\\/\\\/svpchem.eu\\\/et\\\/\",\"logo\":{\"@type\":\"ImageObject\",\"inLanguage\":\"et\",\"@id\":\"https:\\\/\\\/svpchem.eu\\\/et\\\/#\\\/schema\\\/logo\\\/image\\\/\",\"url\":\"https:\\\/\\\/svpchem.eu\\\/wp-content\\\/uploads\\\/2025\\\/12\\\/logo_cropped_no_bg_20251217-1.png\",\"contentUrl\":\"https:\\\/\\\/svpchem.eu\\\/wp-content\\\/uploads\\\/2025\\\/12\\\/logo_cropped_no_bg_20251217-1.png\",\"width\":851,\"height\":430,\"caption\":\"svpchem.eu\"},\"image\":{\"@id\":\"https:\\\/\\\/svpchem.eu\\\/et\\\/#\\\/schema\\\/logo\\\/image\\\/\"}}]}<\/script>\n<!-- \/ Yoast SEO plugin. -->","yoast_head_json":{"title":"SVP abrasiivne poleerimisvaha RUBBING COMPOUND - svpchem.eu","description":"SVP abrasiivne poleerimisvaha h\u00f5\u00f5rdekomponent - eemaldab t\u00f5husalt peened kriimustused, oks\u00fcdatsiooni ja v\u00e4rvimuutused. Taastab autokere l\u00e4ike, valmistab pinna ette l\u00f5plikuks poleerimiseks ja annab uuendatud v\u00e4limuse.","robots":{"index":"index","follow":"follow","max-snippet":"max-snippet:-1","max-image-preview":"max-image-preview:large","max-video-preview":"max-video-preview:-1"},"canonical":"https:\/\/svpchem.eu\/et\/produktas\/svp-abrasiivne-poleerimisvaha-rubbing-compound\/","og_locale":"et_EE","og_type":"article","og_title":"SVP abrasiivne poleerimisvaha RUBBING COMPOUND - svpchem.eu","og_description":"SVP abrasiivne poleerimisvaha h\u00f5\u00f5rdekomponent - eemaldab t\u00f5husalt peened kriimustused, oks\u00fcdatsiooni ja v\u00e4rvimuutused. Taastab autokere l\u00e4ike, valmistab pinna ette l\u00f5plikuks poleerimiseks ja annab uuendatud v\u00e4limuse.","og_url":"https:\/\/svpchem.eu\/et\/produktas\/svp-abrasiivne-poleerimisvaha-rubbing-compound\/","og_site_name":"svpchem.eu","og_image":[{"width":1024,"height":1024,"url":"https:\/\/svpchem.eu\/wp-content\/uploads\/2026\/02\/Poliravimo-vaskas-Rubbing-compaund-koreguotas.jpg","type":"image\/jpeg"}],"twitter_card":"summary_large_image","schema":{"@context":"https:\/\/schema.org","@graph":[{"@type":"WebPage","@id":"https:\/\/svpchem.eu\/et\/produktas\/svp-abrasiivne-poleerimisvaha-rubbing-compound\/","url":"https:\/\/svpchem.eu\/et\/produktas\/svp-abrasiivne-poleerimisvaha-rubbing-compound\/","name":"SVP abrasiivne poleerimisvaha RUBBING COMPOUND - svpchem.eu","isPartOf":{"@id":"https:\/\/svpchem.eu\/et\/#website"},"primaryImageOfPage":{"@id":"https:\/\/svpchem.eu\/et\/produktas\/svp-abrasiivne-poleerimisvaha-rubbing-compound\/#primaryimage"},"image":{"@id":"https:\/\/svpchem.eu\/et\/produktas\/svp-abrasiivne-poleerimisvaha-rubbing-compound\/#primaryimage"},"thumbnailUrl":"https:\/\/svpchem.eu\/wp-content\/uploads\/2026\/02\/Poliravimo-vaskas-Rubbing-compaund-koreguotas.jpg","datePublished":"2026-02-24T09:14:51+00:00","description":"SVP abrasiivne poleerimisvaha h\u00f5\u00f5rdekomponent - eemaldab t\u00f5husalt peened kriimustused, oks\u00fcdatsiooni ja v\u00e4rvimuutused. Taastab autokere l\u00e4ike, valmistab pinna ette l\u00f5plikuks poleerimiseks ja annab uuendatud v\u00e4limuse.","breadcrumb":{"@id":"https:\/\/svpchem.eu\/et\/produktas\/svp-abrasiivne-poleerimisvaha-rubbing-compound\/#breadcrumb"},"inLanguage":"et","potentialAction":[{"@type":"ReadAction","target":["https:\/\/svpchem.eu\/et\/produktas\/svp-abrasiivne-poleerimisvaha-rubbing-compound\/"]}]},{"@type":"ImageObject","inLanguage":"et","@id":"https:\/\/svpchem.eu\/et\/produktas\/svp-abrasiivne-poleerimisvaha-rubbing-compound\/#primaryimage","url":"https:\/\/svpchem.eu\/wp-content\/uploads\/2026\/02\/Poliravimo-vaskas-Rubbing-compaund-koreguotas.jpg","contentUrl":"https:\/\/svpchem.eu\/wp-content\/uploads\/2026\/02\/Poliravimo-vaskas-Rubbing-compaund-koreguotas.jpg","width":1024,"height":1024},{"@type":"BreadcrumbList","@id":"https:\/\/svpchem.eu\/et\/produktas\/svp-abrasiivne-poleerimisvaha-rubbing-compound\/#breadcrumb","itemListElement":[{"@type":"ListItem","position":1,"name":"Kodu","item":"https:\/\/svpchem.eu\/et\/meie-kohta\/"},{"@type":"ListItem","position":2,"name":"Pood","item":"https:\/\/svpchem.eu\/et\/pood\/"},{"@type":"ListItem","position":3,"name":"SVP abrasiivne poleerimisvaha RUBBING COMPOUND"}]},{"@type":"WebSite","@id":"https:\/\/svpchem.eu\/et\/#website","url":"https:\/\/svpchem.eu\/et\/","name":"svpchem.eu","description":"","publisher":{"@id":"https:\/\/svpchem.eu\/et\/#organization"},"potentialAction":[{"@type":"SearchAction","target":{"@type":"EntryPoint","urlTemplate":"https:\/\/svpchem.eu\/et\/?s={search_term_string}"},"query-input":{"@type":"PropertyValueSpecification","valueRequired":true,"valueName":"search_term_string"}}],"inLanguage":"et"},{"@type":"Organization","@id":"https:\/\/svpchem.eu\/et\/#organization","name":"svpchem.eu","url":"https:\/\/svpchem.eu\/et\/","logo":{"@type":"ImageObject","inLanguage":"et","@id":"https:\/\/svpchem.eu\/et\/#\/schema\/logo\/image\/","url":"https:\/\/svpchem.eu\/wp-content\/uploads\/2025\/12\/logo_cropped_no_bg_20251217-1.png","contentUrl":"https:\/\/svpchem.eu\/wp-content\/uploads\/2025\/12\/logo_cropped_no_bg_20251217-1.png","width":851,"height":430,"caption":"svpchem.eu"},"image":{"@id":"https:\/\/svpchem.eu\/et\/#\/schema\/logo\/image\/"}}]}},"_links":{"self":[{"href":"https:\/\/svpchem.eu\/et\/wp-json\/wp\/v2\/product\/3547","targetHints":{"allow":["GET"]}}],"collection":[{"href":"https:\/\/svpchem.eu\/et\/wp-json\/wp\/v2\/product"}],"about":[{"href":"https:\/\/svpchem.eu\/et\/wp-json\/wp\/v2\/types\/product"}],"wp:featuredmedia":[{"embeddable":true,"href":"https:\/\/svpchem.eu\/et\/wp-json\/wp\/v2\/media\/3370"}],"wp:attachment":[{"href":"https:\/\/svpchem.eu\/et\/wp-json\/wp\/v2\/media?parent=3547"}],"wp:term":[{"taxonomy":"product_brand","embeddable":true,"href":"https:\/\/svpchem.eu\/et\/wp-json\/wp\/v2\/product_brand?post=3547"},{"taxonomy":"product_cat","embeddable":true,"href":"https:\/\/svpchem.eu\/et\/wp-json\/wp\/v2\/product_cat?post=3547"},{"taxonomy":"product_tag","embeddable":true,"href":"https:\/\/svpchem.eu\/et\/wp-json\/wp\/v2\/product_tag?post=3547"}],"curies":[{"name":"wp","href":"https:\/\/api.w.org\/{rel}","templated":true}]}}