{"id":2297,"date":"2025-12-19T13:31:51","date_gmt":"2025-12-19T13:31:51","guid":{"rendered":"https:\/\/svpchem.eu\/produktas\/svp-feesto-aerosola-akrila-krasas-dazadas-krasas\/"},"modified":"2026-04-10T10:00:11","modified_gmt":"2026-04-10T10:00:11","slug":"svp-feesto-aerosola-akrila-krasas-dazadas-krasas","status":"publish","type":"product","link":"https:\/\/svpchem.eu\/lv\/produktas\/svp-feesto-aerosola-akrila-krasas-dazadas-krasas\/","title":{"rendered":"SVP Feesto aerosola akrila kr\u0101sas, da\u017e\u0101das kr\u0101sas"},"content":{"rendered":"","protected":false},"excerpt":{"rendered":"<p><strong>Apraksts:<br \/>\n<\/strong><br \/>\n Aerosola akrila kr\u0101sas uz sint\u0113tisko akrila polim\u0113ru b\u0101zes ir \u0113rts un efekt\u012bvs risin\u0101jums. T\u0101s ir paredz\u0113tas nelielu automobi\u013ca virsb\u016bves defektu nov\u0113r\u0161anai, deta\u013cu atjauno\u0161anai un dekor\u0113\u0161anai, garant\u0113jot kvalitat\u012bvu rezult\u0101tu bez nepiecie\u0161am\u012bbas izmantot speci\u0101lu apr\u012bkojumu.<br \/>\n<strong><br \/>\nGalven\u0101s iez\u012bmes:<br \/>\n<\/strong><br \/>\n &#8211; Izcila est\u0113tika &#8211; spilgta kr\u0101sa un augsts sp\u012bdums.<br \/>\n&#8211; Kr\u0101sas stabilit\u0101te &#8211; augsta UV iztur\u012bba, ilgnotur\u012bba un neizbal\u0113\u0161ana.<br \/>\n&#8211; \u0100tra \u017e\u016b\u0161ana &#8211; sa\u012bsina remonta laiku un samazina putek\u013cu sa\u0137eres iesp\u0113jam\u012bbu.<br \/>\n&#8211; Optim\u0101la sa\u0137ere &#8211; lieliska sa\u0137ere ar pareizi sagatavot\u0101m virsm\u0101m (gruntskr\u0101sa, met\u0101ls, plastmasa).<\/p>\n<p><strong>Lieto\u0161ana:<\/strong><\/p>\n<p>Vienk\u0101r\u0161a aerosola doz\u0113\u0161ana \u013cauj viegli un vienm\u0113r\u012bgi sadal\u012bt kr\u0101su. Lietojiet uz t\u012br\u0101m, sagatavot\u0101m virsm\u0101m. <\/p>\n<p><strong>Priek\u0161roc\u012bbas:<br \/>\n<\/strong><br \/>\n &#8211; Viegli lietojams &#8211; nav nepiecie\u0161amas speci\u0101las kr\u0101so\u0161anas iek\u0101rtas.<br \/>\n&#8211; Prec\u012bzai atjauno\u0161anai &#8211; ide\u0101li piem\u0113rots punktveida virsb\u016bves elementu atjauno\u0161anai.<br \/>\n&#8211; Samazin\u0101ts pies\u0101r\u0146ojums &#8211; minim\u0101ls vides pies\u0101r\u0146ojums, nav t\u012br\u012b\u0161anas atkritumu.<br \/>\n&#8211; Atbilst standartiem &#8211; ra\u017eots atbilsto\u0161i ES direkt\u012bv\u0101m par zemu GOS saturu.<\/p>\n<p><strong>Tehnisk\u0101 inform\u0101cija:<br \/>\n<\/strong><br \/>\n &#8211; Ietilp\u012bba: 400 ml<br \/>\n&#8211; B\u0101ze: Sint\u0113tisk\u0101 akrila polim\u0113ru b\u0101ze.<br \/>\n&#8211; M\u0113r\u0137is: S\u012bku defektu nov\u0113r\u0161ana, deta\u013cu atjauno\u0161ana (automobi\u013cu un dekorat\u012bvo priek\u0161metu).<br \/>\n&#8211; Virsmas efekts: Iesp\u0113jams augsts sp\u012bdums bez papildu lakas.<br \/>\n&#8211; Iztur\u012bba: pret UV stariem un izbal\u0113\u0161anu.<\/p>\n[svpral title=\"SVP Feesto aerosola akrila kr\u0101sa\" size=\"28\" items=\"SVP Feesto, baltos spalvos, Nr. 40|9010; SVP Feesto, baltos spalvos, matiniai, Nr. 1007|9010; SVP Feesto, juodos spalvos, blizgantys, Nr. 39|9005; SVP Feesto, juodos spalvos, matiniai, Nr. 4|9005; SVP Feesto, sidabro spalvos, Nr. 36|9006; SVP Feesto, aukso spalvos, Nr. 35|1036; SVP Feesto, bespalvis lakas|SK; SVP Feesto, bronzin\u0117s spalvos, Nr. 132|8029; SVP Feesto, ry\u0161kiai geltonos spalvos, Nr. 25|1003; SVP Feesto, \u0161iltos geltonos spalvos, Nr. 41|1018; SVP Feesto, tamsiai geltonos spalvos, Nr. 31|1028; SVP Feesto, geltonos kremin\u0117s spalvos, Nr. 33|1017; SVP Feesto, raudonos marso spalvos, Nr. 8|3013; SVP Feesto, raudonos spalvos, Nr. 14|2002; SVP Feesto, raudonos oran\u017ein\u0117s spalvos, Nr. 6|3000; SVP Feesto, raudonos purpurin\u0117s spalvos, Nr. 23|3003; SVP Feesto, tamsiai raudonos spalvos, Nr. 137|3004; SVP Feesto, \u0161viesiai rudos spalvos, Nr. 135|8017; SVP Feesto, deimantin\u0117s m\u0117lynos spalvos, Nr. 133|5015; SVP Feesto, tamsiai m\u0117lynos spalvos, Nr. 21|5010; SVP Feesto, m\u0117lynos Isuzu spalvos, Nr. 312|5005; SVP Feesto, ultramarinin\u0117s m\u0117lynos spalvos, Nr. 15|5002; SVP Feesto safyrin\u0117s m\u0117lynos Nr. 219|5003; SVP Feesto, pilkos spalvos, Nr. 301|7031; SVP Feesto, \u0161viesiai pilkos spalvos, Nr. 335|7000; SVP Feesto, \u017ealios kelinink\u0173 spalvos, Nr. 13|6024; SVP Feesto, ry\u0161kiai \u017ealios spalvos, Nr. 27|6018; SVP Feesto, sodriai \u017ealios spalvos, Nr. 37|6026; SVP Feesto, tamsiai \u017ealios spalvos, Nr. 77|6005; SVP Feesto, antracito pilkos spalvos|7016; SVP Feesto, grafito pilkos spalvos|7024\"]\n<p><strong><br \/>\nPiez\u012bme.<\/strong>  M\u0113s varam izgatavot jebkur\u0101 RAL kr\u0101s\u0101 p\u0113c j\u016bsu v\u0113lm\u0113m.<\/p>\n","protected":false},"featured_media":2344,"template":"","meta":[],"product_brand":[],"product_cat":[153],"product_tag":[],"class_list":{"0":"post-2297","1":"product","2":"type-product","3":"status-publish","4":"has-post-thumbnail","6":"product_cat-aerosola-akrila-krasas","7":"pa_brand-svp","8":"pa_kiekis_dz-165","9":"pa_kiekis_pk-167","10":"pa_talpa-400-ml","12":"first","13":"instock","14":"shipping-taxable","15":"product-type-variable"},"yoast_head":"<!-- This site is optimized with the Yoast SEO plugin v27.3 - https:\/\/yoast.com\/product\/yoast-seo-wordpress\/ -->\n<title>SVP Feesto aerosola akrila kr\u0101sas, da\u017e\u0101das kr\u0101sas - svpchem.eu<\/title>\n<meta name=\"description\" content=\"SVP FEESTO aerosola akrila kr\u0101sas - daudzkr\u0101sainas aerosola kr\u0101sas met\u0101lam, kokam, plastmasai un cit\u0101m virsm\u0101m. \u0100tra \u017e\u016b\u0161ana, labs p\u0101rkl\u0101jums un gluda, iztur\u012bga un est\u0113tiska apdare.\" \/>\n<meta name=\"robots\" content=\"index, follow, max-snippet:-1, max-image-preview:large, max-video-preview:-1\" \/>\n<link rel=\"canonical\" href=\"https:\/\/svpchem.eu\/lv\/produktas\/svp-feesto-aerosola-akrila-krasas-dazadas-krasas\/\" \/>\n<meta property=\"og:locale\" content=\"lv_LV\" \/>\n<meta property=\"og:type\" content=\"article\" \/>\n<meta property=\"og:title\" content=\"SVP Feesto aerosola akrila kr\u0101sas, da\u017e\u0101das kr\u0101sas - svpchem.eu\" \/>\n<meta property=\"og:description\" content=\"SVP FEESTO aerosola akrila kr\u0101sas - daudzkr\u0101sainas aerosola kr\u0101sas met\u0101lam, kokam, plastmasai un cit\u0101m virsm\u0101m. \u0100tra \u017e\u016b\u0161ana, labs p\u0101rkl\u0101jums un gluda, iztur\u012bga un est\u0113tiska apdare.\" \/>\n<meta property=\"og:url\" content=\"https:\/\/svpchem.eu\/lv\/produktas\/svp-feesto-aerosola-akrila-krasas-dazadas-krasas\/\" \/>\n<meta property=\"og:site_name\" content=\"svpchem.eu\" \/>\n<meta property=\"article:modified_time\" content=\"2026-04-10T10:00:11+00:00\" \/>\n<meta property=\"og:image\" content=\"https:\/\/svpchem.eu\/wp-content\/uploads\/2025\/12\/SVP-Feesto-raudonos-purpurines-spalvos-Nr.-23-N.jpg\" \/>\n\t<meta property=\"og:image:width\" content=\"1300\" \/>\n\t<meta property=\"og:image:height\" content=\"1300\" \/>\n\t<meta property=\"og:image:type\" content=\"image\/jpeg\" \/>\n<meta name=\"twitter:card\" content=\"summary_large_image\" \/>\n<script type=\"application\/ld+json\" class=\"yoast-schema-graph\">{\"@context\":\"https:\\\/\\\/schema.org\",\"@graph\":[{\"@type\":\"WebPage\",\"@id\":\"https:\\\/\\\/svpchem.eu\\\/lv\\\/produktas\\\/svp-feesto-aerosola-akrila-krasas-dazadas-krasas\\\/\",\"url\":\"https:\\\/\\\/svpchem.eu\\\/lv\\\/produktas\\\/svp-feesto-aerosola-akrila-krasas-dazadas-krasas\\\/\",\"name\":\"SVP Feesto aerosola akrila kr\u0101sas, da\u017e\u0101das kr\u0101sas - svpchem.eu\",\"isPartOf\":{\"@id\":\"https:\\\/\\\/svpchem.eu\\\/lv\\\/#website\"},\"primaryImageOfPage\":{\"@id\":\"https:\\\/\\\/svpchem.eu\\\/lv\\\/produktas\\\/svp-feesto-aerosola-akrila-krasas-dazadas-krasas\\\/#primaryimage\"},\"image\":{\"@id\":\"https:\\\/\\\/svpchem.eu\\\/lv\\\/produktas\\\/svp-feesto-aerosola-akrila-krasas-dazadas-krasas\\\/#primaryimage\"},\"thumbnailUrl\":\"https:\\\/\\\/svpchem.eu\\\/wp-content\\\/uploads\\\/2025\\\/12\\\/SVP-Feesto-raudonos-purpurines-spalvos-Nr.-23-N.jpg\",\"datePublished\":\"2025-12-19T13:31:51+00:00\",\"dateModified\":\"2026-04-10T10:00:11+00:00\",\"description\":\"SVP FEESTO aerosola akrila kr\u0101sas - daudzkr\u0101sainas aerosola kr\u0101sas met\u0101lam, kokam, plastmasai un cit\u0101m virsm\u0101m. \u0100tra \u017e\u016b\u0161ana, labs p\u0101rkl\u0101jums un gluda, iztur\u012bga un est\u0113tiska apdare.\",\"breadcrumb\":{\"@id\":\"https:\\\/\\\/svpchem.eu\\\/lv\\\/produktas\\\/svp-feesto-aerosola-akrila-krasas-dazadas-krasas\\\/#breadcrumb\"},\"inLanguage\":\"lv-LV\",\"potentialAction\":[{\"@type\":\"ReadAction\",\"target\":[\"https:\\\/\\\/svpchem.eu\\\/lv\\\/produktas\\\/svp-feesto-aerosola-akrila-krasas-dazadas-krasas\\\/\"]}]},{\"@type\":\"ImageObject\",\"inLanguage\":\"lv-LV\",\"@id\":\"https:\\\/\\\/svpchem.eu\\\/lv\\\/produktas\\\/svp-feesto-aerosola-akrila-krasas-dazadas-krasas\\\/#primaryimage\",\"url\":\"https:\\\/\\\/svpchem.eu\\\/wp-content\\\/uploads\\\/2025\\\/12\\\/SVP-Feesto-raudonos-purpurines-spalvos-Nr.-23-N.jpg\",\"contentUrl\":\"https:\\\/\\\/svpchem.eu\\\/wp-content\\\/uploads\\\/2025\\\/12\\\/SVP-Feesto-raudonos-purpurines-spalvos-Nr.-23-N.jpg\",\"width\":1300,\"height\":1300},{\"@type\":\"BreadcrumbList\",\"@id\":\"https:\\\/\\\/svpchem.eu\\\/lv\\\/produktas\\\/svp-feesto-aerosola-akrila-krasas-dazadas-krasas\\\/#breadcrumb\",\"itemListElement\":[{\"@type\":\"ListItem\",\"position\":1,\"name\":\"S\u0101kums\",\"item\":\"https:\\\/\\\/svpchem.eu\\\/lv\\\/par-mums\\\/\"},{\"@type\":\"ListItem\",\"position\":2,\"name\":\"Veikals\",\"item\":\"https:\\\/\\\/svpchem.eu\\\/lv\\\/veikals\\\/\"},{\"@type\":\"ListItem\",\"position\":3,\"name\":\"SVP Feesto aerosola akrila kr\u0101sas, da\u017e\u0101das kr\u0101sas\"}]},{\"@type\":\"WebSite\",\"@id\":\"https:\\\/\\\/svpchem.eu\\\/lv\\\/#website\",\"url\":\"https:\\\/\\\/svpchem.eu\\\/lv\\\/\",\"name\":\"svpchem.eu\",\"description\":\"\",\"publisher\":{\"@id\":\"https:\\\/\\\/svpchem.eu\\\/lv\\\/#organization\"},\"potentialAction\":[{\"@type\":\"SearchAction\",\"target\":{\"@type\":\"EntryPoint\",\"urlTemplate\":\"https:\\\/\\\/svpchem.eu\\\/lv\\\/?s={search_term_string}\"},\"query-input\":{\"@type\":\"PropertyValueSpecification\",\"valueRequired\":true,\"valueName\":\"search_term_string\"}}],\"inLanguage\":\"lv-LV\"},{\"@type\":\"Organization\",\"@id\":\"https:\\\/\\\/svpchem.eu\\\/lv\\\/#organization\",\"name\":\"svpchem.eu\",\"url\":\"https:\\\/\\\/svpchem.eu\\\/lv\\\/\",\"logo\":{\"@type\":\"ImageObject\",\"inLanguage\":\"lv-LV\",\"@id\":\"https:\\\/\\\/svpchem.eu\\\/lv\\\/#\\\/schema\\\/logo\\\/image\\\/\",\"url\":\"https:\\\/\\\/svpchem.eu\\\/wp-content\\\/uploads\\\/2025\\\/12\\\/logo_cropped_no_bg_20251217-1.png\",\"contentUrl\":\"https:\\\/\\\/svpchem.eu\\\/wp-content\\\/uploads\\\/2025\\\/12\\\/logo_cropped_no_bg_20251217-1.png\",\"width\":851,\"height\":430,\"caption\":\"svpchem.eu\"},\"image\":{\"@id\":\"https:\\\/\\\/svpchem.eu\\\/lv\\\/#\\\/schema\\\/logo\\\/image\\\/\"}}]}<\/script>\n<!-- \/ Yoast SEO plugin. -->","yoast_head_json":{"title":"SVP Feesto aerosola akrila kr\u0101sas, da\u017e\u0101das kr\u0101sas - svpchem.eu","description":"SVP FEESTO aerosola akrila kr\u0101sas - daudzkr\u0101sainas aerosola kr\u0101sas met\u0101lam, kokam, plastmasai un cit\u0101m virsm\u0101m. \u0100tra \u017e\u016b\u0161ana, labs p\u0101rkl\u0101jums un gluda, iztur\u012bga un est\u0113tiska apdare.","robots":{"index":"index","follow":"follow","max-snippet":"max-snippet:-1","max-image-preview":"max-image-preview:large","max-video-preview":"max-video-preview:-1"},"canonical":"https:\/\/svpchem.eu\/lv\/produktas\/svp-feesto-aerosola-akrila-krasas-dazadas-krasas\/","og_locale":"lv_LV","og_type":"article","og_title":"SVP Feesto aerosola akrila kr\u0101sas, da\u017e\u0101das kr\u0101sas - svpchem.eu","og_description":"SVP FEESTO aerosola akrila kr\u0101sas - daudzkr\u0101sainas aerosola kr\u0101sas met\u0101lam, kokam, plastmasai un cit\u0101m virsm\u0101m. \u0100tra \u017e\u016b\u0161ana, labs p\u0101rkl\u0101jums un gluda, iztur\u012bga un est\u0113tiska apdare.","og_url":"https:\/\/svpchem.eu\/lv\/produktas\/svp-feesto-aerosola-akrila-krasas-dazadas-krasas\/","og_site_name":"svpchem.eu","article_modified_time":"2026-04-10T10:00:11+00:00","og_image":[{"width":1300,"height":1300,"url":"https:\/\/svpchem.eu\/wp-content\/uploads\/2025\/12\/SVP-Feesto-raudonos-purpurines-spalvos-Nr.-23-N.jpg","type":"image\/jpeg"}],"twitter_card":"summary_large_image","schema":{"@context":"https:\/\/schema.org","@graph":[{"@type":"WebPage","@id":"https:\/\/svpchem.eu\/lv\/produktas\/svp-feesto-aerosola-akrila-krasas-dazadas-krasas\/","url":"https:\/\/svpchem.eu\/lv\/produktas\/svp-feesto-aerosola-akrila-krasas-dazadas-krasas\/","name":"SVP Feesto aerosola akrila kr\u0101sas, da\u017e\u0101das kr\u0101sas - svpchem.eu","isPartOf":{"@id":"https:\/\/svpchem.eu\/lv\/#website"},"primaryImageOfPage":{"@id":"https:\/\/svpchem.eu\/lv\/produktas\/svp-feesto-aerosola-akrila-krasas-dazadas-krasas\/#primaryimage"},"image":{"@id":"https:\/\/svpchem.eu\/lv\/produktas\/svp-feesto-aerosola-akrila-krasas-dazadas-krasas\/#primaryimage"},"thumbnailUrl":"https:\/\/svpchem.eu\/wp-content\/uploads\/2025\/12\/SVP-Feesto-raudonos-purpurines-spalvos-Nr.-23-N.jpg","datePublished":"2025-12-19T13:31:51+00:00","dateModified":"2026-04-10T10:00:11+00:00","description":"SVP FEESTO aerosola akrila kr\u0101sas - daudzkr\u0101sainas aerosola kr\u0101sas met\u0101lam, kokam, plastmasai un cit\u0101m virsm\u0101m. \u0100tra \u017e\u016b\u0161ana, labs p\u0101rkl\u0101jums un gluda, iztur\u012bga un est\u0113tiska apdare.","breadcrumb":{"@id":"https:\/\/svpchem.eu\/lv\/produktas\/svp-feesto-aerosola-akrila-krasas-dazadas-krasas\/#breadcrumb"},"inLanguage":"lv-LV","potentialAction":[{"@type":"ReadAction","target":["https:\/\/svpchem.eu\/lv\/produktas\/svp-feesto-aerosola-akrila-krasas-dazadas-krasas\/"]}]},{"@type":"ImageObject","inLanguage":"lv-LV","@id":"https:\/\/svpchem.eu\/lv\/produktas\/svp-feesto-aerosola-akrila-krasas-dazadas-krasas\/#primaryimage","url":"https:\/\/svpchem.eu\/wp-content\/uploads\/2025\/12\/SVP-Feesto-raudonos-purpurines-spalvos-Nr.-23-N.jpg","contentUrl":"https:\/\/svpchem.eu\/wp-content\/uploads\/2025\/12\/SVP-Feesto-raudonos-purpurines-spalvos-Nr.-23-N.jpg","width":1300,"height":1300},{"@type":"BreadcrumbList","@id":"https:\/\/svpchem.eu\/lv\/produktas\/svp-feesto-aerosola-akrila-krasas-dazadas-krasas\/#breadcrumb","itemListElement":[{"@type":"ListItem","position":1,"name":"S\u0101kums","item":"https:\/\/svpchem.eu\/lv\/par-mums\/"},{"@type":"ListItem","position":2,"name":"Veikals","item":"https:\/\/svpchem.eu\/lv\/veikals\/"},{"@type":"ListItem","position":3,"name":"SVP Feesto aerosola akrila kr\u0101sas, da\u017e\u0101das kr\u0101sas"}]},{"@type":"WebSite","@id":"https:\/\/svpchem.eu\/lv\/#website","url":"https:\/\/svpchem.eu\/lv\/","name":"svpchem.eu","description":"","publisher":{"@id":"https:\/\/svpchem.eu\/lv\/#organization"},"potentialAction":[{"@type":"SearchAction","target":{"@type":"EntryPoint","urlTemplate":"https:\/\/svpchem.eu\/lv\/?s={search_term_string}"},"query-input":{"@type":"PropertyValueSpecification","valueRequired":true,"valueName":"search_term_string"}}],"inLanguage":"lv-LV"},{"@type":"Organization","@id":"https:\/\/svpchem.eu\/lv\/#organization","name":"svpchem.eu","url":"https:\/\/svpchem.eu\/lv\/","logo":{"@type":"ImageObject","inLanguage":"lv-LV","@id":"https:\/\/svpchem.eu\/lv\/#\/schema\/logo\/image\/","url":"https:\/\/svpchem.eu\/wp-content\/uploads\/2025\/12\/logo_cropped_no_bg_20251217-1.png","contentUrl":"https:\/\/svpchem.eu\/wp-content\/uploads\/2025\/12\/logo_cropped_no_bg_20251217-1.png","width":851,"height":430,"caption":"svpchem.eu"},"image":{"@id":"https:\/\/svpchem.eu\/lv\/#\/schema\/logo\/image\/"}}]}},"_links":{"self":[{"href":"https:\/\/svpchem.eu\/lv\/wp-json\/wp\/v2\/product\/2297","targetHints":{"allow":["GET"]}}],"collection":[{"href":"https:\/\/svpchem.eu\/lv\/wp-json\/wp\/v2\/product"}],"about":[{"href":"https:\/\/svpchem.eu\/lv\/wp-json\/wp\/v2\/types\/product"}],"wp:featuredmedia":[{"embeddable":true,"href":"https:\/\/svpchem.eu\/lv\/wp-json\/wp\/v2\/media\/2344"}],"wp:attachment":[{"href":"https:\/\/svpchem.eu\/lv\/wp-json\/wp\/v2\/media?parent=2297"}],"wp:term":[{"taxonomy":"product_brand","embeddable":true,"href":"https:\/\/svpchem.eu\/lv\/wp-json\/wp\/v2\/product_brand?post=2297"},{"taxonomy":"product_cat","embeddable":true,"href":"https:\/\/svpchem.eu\/lv\/wp-json\/wp\/v2\/product_cat?post=2297"},{"taxonomy":"product_tag","embeddable":true,"href":"https:\/\/svpchem.eu\/lv\/wp-json\/wp\/v2\/product_tag?post=2297"}],"curies":[{"name":"wp","href":"https:\/\/api.w.org\/{rel}","templated":true}]}}