{"id":2520,"date":"2025-12-19T13:31:50","date_gmt":"2025-12-19T13:31:50","guid":{"rendered":"https:\/\/svpchem.eu\/produktas\/svp-automatiskas-transmisijas-ella-dexron-iii\/"},"modified":"2026-04-10T09:59:35","modified_gmt":"2026-04-10T09:59:35","slug":"svp-automatiskas-transmisijas-ella-dexron-iii","status":"publish","type":"product","link":"https:\/\/svpchem.eu\/lv\/produktas\/svp-automatiskas-transmisijas-ella-dexron-iii\/","title":{"rendered":"SVP Autom\u0101tisk\u0101s transmisijas e\u013c\u013ca DEXRON III"},"content":{"rendered":"","protected":false},"excerpt":{"rendered":"<p><strong>Apraksts:<br \/>\n<\/strong><br \/>\n DEXRON III ir univers\u0101la da\u013c\u0113ji sint\u0113tiska e\u013c\u013ca, kas piem\u0113rota visiem gadalaikiem. Tas ir augstas kvalit\u0101tes produkts, kas ieteicams autom\u0101tiskaj\u0101m p\u0101rnesumk\u0101rb\u0101m un hidrauliskajiem saj\u016bgiem, nodro\u0161inot transmisijas komponentu ilgm\u016b\u017e\u012bbu un stabilu e\u013c\u013cas viskozit\u0101ti.<br \/>\n<strong><br \/>\nGalven\u0101s iez\u012bmes:<br \/>\n<\/strong><br \/>\n &#8211; Da\u013c\u0113ji sint\u0113tiska b\u0101ze &#8211; nodro\u0161ina stabilit\u0101ti un iztur\u012bbu.<br \/>\n&#8211; Daudzpus\u012bba &#8211; piem\u0113rots lieto\u0161anai visos gadalaikos.<br \/>\n&#8211; Stabila viskozit\u0101te &#8211; saglab\u0101 optim\u0101lu e\u013c\u013co\u0161anu da\u017e\u0101d\u0101s temperat\u016br\u0101s.<br \/>\n&#8211; Iztur\u012bba &#8211; paildzina transmisijas sast\u0101vda\u013cu kalpo\u0161anas laiku.<br \/>\n<strong><br \/>\nLieto\u0161ana:<br \/>\n<\/strong><br \/>\n Izv\u0113loties transmisijas e\u013c\u013cu, ir svar\u012bgi stingri iev\u0113rot transportl\u012bdzek\u013ca \u012bpa\u0161nieka rokasgr\u0101matu. Uzpildiet e\u013c\u013cu l\u012bdz ra\u017eot\u0101ja nor\u0101d\u012btajam l\u012bmenim.<br \/>\n<strong><br \/>\nPriek\u0161roc\u012bbas:<br \/>\n<\/strong><br \/>\n &#8211; Augstas kvalit\u0101tes formula, kas atbilst stingriem standartiem.<br \/>\n&#8211; Piem\u0113rota autom\u0101tiskaj\u0101m transmisij\u0101m un hidrauliskajiem saj\u016bgiem.<br \/>\n&#8211; Piln\u012bb\u0101 atbilst GM Dexron III G, Ford Mercon, MB 236.5\/236.9 un cit\u0101m specifik\u0101cij\u0101m.<br \/>\n<strong><br \/>\nTehnisk\u0101 inform\u0101cija:<br \/>\n<\/strong><br \/>\n &#8211; Ietilp\u012bba: 1000 ml.<br \/>\n&#8211; Tips: DEXRON III (da\u013c\u0113ji sint\u0113tisks).<br \/>\n&#8211; Pielietojums: Autom\u0101tisk\u0101s transmisijas (ATF), hidrauliskie saj\u016bgi.<br \/>\n&#8211; Standarti: Savietojams ar GM Dexron III G, Ford Mercon, Allison C4.<br \/>\n&#8211; Dro\u0161\u012bba: Sarg\u0101t no b\u0113rnu rok\u0101m.<\/p>\n","protected":false},"featured_media":2522,"template":"","meta":[],"product_brand":[],"product_cat":[331],"product_tag":[],"class_list":{"0":"post-2520","1":"product","2":"type-product","3":"status-publish","4":"has-post-thumbnail","6":"product_cat-smervielas","7":"pa_brand-svp","8":"pa_ean-4779032960205-0","9":"pa_kiekis_dz-205","10":"pa_kiekis_pk-167","11":"pa_talpa-1000-ml","13":"first","14":"instock","15":"shipping-taxable","16":"product-type-simple"},"yoast_head":"<!-- This site is optimized with the Yoast SEO plugin v27.3 - https:\/\/yoast.com\/product\/yoast-seo-wordpress\/ -->\n<title>SVP Autom\u0101tisk\u0101s transmisijas e\u013c\u013ca DEXRON III - svpchem.eu<\/title>\n<meta name=\"description\" content=\"SVP Autom\u0101tisk\u0101s transmisijas e\u013c\u013ca DEXRON III - kvalitat\u012bva e\u013c\u013ca, kas nodro\u0161ina vienm\u0113r\u012bgu autom\u0101tisk\u0101s transmisijas darb\u012bbu, samazina nodilumu un aizsarg\u0101 transmisijas deta\u013cas. Piem\u0113rota da\u017e\u0101d\u0101m automobi\u013cu autom\u0101tiskaj\u0101m transmisij\u0101m.\" \/>\n<meta name=\"robots\" content=\"index, follow, max-snippet:-1, max-image-preview:large, max-video-preview:-1\" \/>\n<link rel=\"canonical\" href=\"https:\/\/svpchem.eu\/lv\/produktas\/svp-automatiskas-transmisijas-ella-dexron-iii\/\" \/>\n<meta property=\"og:locale\" content=\"lv_LV\" \/>\n<meta property=\"og:type\" content=\"article\" \/>\n<meta property=\"og:title\" content=\"SVP Autom\u0101tisk\u0101s transmisijas e\u013c\u013ca DEXRON III - svpchem.eu\" \/>\n<meta property=\"og:description\" content=\"SVP Autom\u0101tisk\u0101s transmisijas e\u013c\u013ca DEXRON III - kvalitat\u012bva e\u013c\u013ca, kas nodro\u0161ina vienm\u0113r\u012bgu autom\u0101tisk\u0101s transmisijas darb\u012bbu, samazina nodilumu un aizsarg\u0101 transmisijas deta\u013cas. Piem\u0113rota da\u017e\u0101d\u0101m automobi\u013cu autom\u0101tiskaj\u0101m transmisij\u0101m.\" \/>\n<meta property=\"og:url\" content=\"https:\/\/svpchem.eu\/lv\/produktas\/svp-automatiskas-transmisijas-ella-dexron-iii\/\" \/>\n<meta property=\"og:site_name\" content=\"svpchem.eu\" \/>\n<meta property=\"article:modified_time\" content=\"2026-04-10T09:59:35+00:00\" \/>\n<meta property=\"og:image\" content=\"https:\/\/svpchem.eu\/wp-content\/uploads\/2025\/12\/Dextron_III-removebg-preview.jpg\" \/>\n\t<meta property=\"og:image:width\" content=\"1300\" \/>\n\t<meta property=\"og:image:height\" content=\"1300\" \/>\n\t<meta property=\"og:image:type\" content=\"image\/jpeg\" \/>\n<meta name=\"twitter:card\" content=\"summary_large_image\" \/>\n<script type=\"application\/ld+json\" class=\"yoast-schema-graph\">{\"@context\":\"https:\\\/\\\/schema.org\",\"@graph\":[{\"@type\":\"WebPage\",\"@id\":\"https:\\\/\\\/svpchem.eu\\\/lv\\\/produktas\\\/svp-automatiskas-transmisijas-ella-dexron-iii\\\/\",\"url\":\"https:\\\/\\\/svpchem.eu\\\/lv\\\/produktas\\\/svp-automatiskas-transmisijas-ella-dexron-iii\\\/\",\"name\":\"SVP Autom\u0101tisk\u0101s transmisijas e\u013c\u013ca DEXRON III - svpchem.eu\",\"isPartOf\":{\"@id\":\"https:\\\/\\\/svpchem.eu\\\/lv\\\/#website\"},\"primaryImageOfPage\":{\"@id\":\"https:\\\/\\\/svpchem.eu\\\/lv\\\/produktas\\\/svp-automatiskas-transmisijas-ella-dexron-iii\\\/#primaryimage\"},\"image\":{\"@id\":\"https:\\\/\\\/svpchem.eu\\\/lv\\\/produktas\\\/svp-automatiskas-transmisijas-ella-dexron-iii\\\/#primaryimage\"},\"thumbnailUrl\":\"https:\\\/\\\/svpchem.eu\\\/wp-content\\\/uploads\\\/2025\\\/12\\\/Dextron_III-removebg-preview.jpg\",\"datePublished\":\"2025-12-19T13:31:50+00:00\",\"dateModified\":\"2026-04-10T09:59:35+00:00\",\"description\":\"SVP Autom\u0101tisk\u0101s transmisijas e\u013c\u013ca DEXRON III - kvalitat\u012bva e\u013c\u013ca, kas nodro\u0161ina vienm\u0113r\u012bgu autom\u0101tisk\u0101s transmisijas darb\u012bbu, samazina nodilumu un aizsarg\u0101 transmisijas deta\u013cas. Piem\u0113rota da\u017e\u0101d\u0101m automobi\u013cu autom\u0101tiskaj\u0101m transmisij\u0101m.\",\"breadcrumb\":{\"@id\":\"https:\\\/\\\/svpchem.eu\\\/lv\\\/produktas\\\/svp-automatiskas-transmisijas-ella-dexron-iii\\\/#breadcrumb\"},\"inLanguage\":\"lv-LV\",\"potentialAction\":[{\"@type\":\"ReadAction\",\"target\":[\"https:\\\/\\\/svpchem.eu\\\/lv\\\/produktas\\\/svp-automatiskas-transmisijas-ella-dexron-iii\\\/\"]}]},{\"@type\":\"ImageObject\",\"inLanguage\":\"lv-LV\",\"@id\":\"https:\\\/\\\/svpchem.eu\\\/lv\\\/produktas\\\/svp-automatiskas-transmisijas-ella-dexron-iii\\\/#primaryimage\",\"url\":\"https:\\\/\\\/svpchem.eu\\\/wp-content\\\/uploads\\\/2025\\\/12\\\/Dextron_III-removebg-preview.jpg\",\"contentUrl\":\"https:\\\/\\\/svpchem.eu\\\/wp-content\\\/uploads\\\/2025\\\/12\\\/Dextron_III-removebg-preview.jpg\",\"width\":1300,\"height\":1300},{\"@type\":\"BreadcrumbList\",\"@id\":\"https:\\\/\\\/svpchem.eu\\\/lv\\\/produktas\\\/svp-automatiskas-transmisijas-ella-dexron-iii\\\/#breadcrumb\",\"itemListElement\":[{\"@type\":\"ListItem\",\"position\":1,\"name\":\"S\u0101kums\",\"item\":\"https:\\\/\\\/svpchem.eu\\\/lv\\\/par-mums\\\/\"},{\"@type\":\"ListItem\",\"position\":2,\"name\":\"Veikals\",\"item\":\"https:\\\/\\\/svpchem.eu\\\/lv\\\/veikals\\\/\"},{\"@type\":\"ListItem\",\"position\":3,\"name\":\"SVP Autom\u0101tisk\u0101s transmisijas e\u013c\u013ca DEXRON III\"}]},{\"@type\":\"WebSite\",\"@id\":\"https:\\\/\\\/svpchem.eu\\\/lv\\\/#website\",\"url\":\"https:\\\/\\\/svpchem.eu\\\/lv\\\/\",\"name\":\"svpchem.eu\",\"description\":\"\",\"publisher\":{\"@id\":\"https:\\\/\\\/svpchem.eu\\\/lv\\\/#organization\"},\"potentialAction\":[{\"@type\":\"SearchAction\",\"target\":{\"@type\":\"EntryPoint\",\"urlTemplate\":\"https:\\\/\\\/svpchem.eu\\\/lv\\\/?s={search_term_string}\"},\"query-input\":{\"@type\":\"PropertyValueSpecification\",\"valueRequired\":true,\"valueName\":\"search_term_string\"}}],\"inLanguage\":\"lv-LV\"},{\"@type\":\"Organization\",\"@id\":\"https:\\\/\\\/svpchem.eu\\\/lv\\\/#organization\",\"name\":\"svpchem.eu\",\"url\":\"https:\\\/\\\/svpchem.eu\\\/lv\\\/\",\"logo\":{\"@type\":\"ImageObject\",\"inLanguage\":\"lv-LV\",\"@id\":\"https:\\\/\\\/svpchem.eu\\\/lv\\\/#\\\/schema\\\/logo\\\/image\\\/\",\"url\":\"https:\\\/\\\/svpchem.eu\\\/wp-content\\\/uploads\\\/2025\\\/12\\\/logo_cropped_no_bg_20251217-1.png\",\"contentUrl\":\"https:\\\/\\\/svpchem.eu\\\/wp-content\\\/uploads\\\/2025\\\/12\\\/logo_cropped_no_bg_20251217-1.png\",\"width\":851,\"height\":430,\"caption\":\"svpchem.eu\"},\"image\":{\"@id\":\"https:\\\/\\\/svpchem.eu\\\/lv\\\/#\\\/schema\\\/logo\\\/image\\\/\"}}]}<\/script>\n<!-- \/ Yoast SEO plugin. -->","yoast_head_json":{"title":"SVP Autom\u0101tisk\u0101s transmisijas e\u013c\u013ca DEXRON III - svpchem.eu","description":"SVP Autom\u0101tisk\u0101s transmisijas e\u013c\u013ca DEXRON III - kvalitat\u012bva e\u013c\u013ca, kas nodro\u0161ina vienm\u0113r\u012bgu autom\u0101tisk\u0101s transmisijas darb\u012bbu, samazina nodilumu un aizsarg\u0101 transmisijas deta\u013cas. Piem\u0113rota da\u017e\u0101d\u0101m automobi\u013cu autom\u0101tiskaj\u0101m transmisij\u0101m.","robots":{"index":"index","follow":"follow","max-snippet":"max-snippet:-1","max-image-preview":"max-image-preview:large","max-video-preview":"max-video-preview:-1"},"canonical":"https:\/\/svpchem.eu\/lv\/produktas\/svp-automatiskas-transmisijas-ella-dexron-iii\/","og_locale":"lv_LV","og_type":"article","og_title":"SVP Autom\u0101tisk\u0101s transmisijas e\u013c\u013ca DEXRON III - svpchem.eu","og_description":"SVP Autom\u0101tisk\u0101s transmisijas e\u013c\u013ca DEXRON III - kvalitat\u012bva e\u013c\u013ca, kas nodro\u0161ina vienm\u0113r\u012bgu autom\u0101tisk\u0101s transmisijas darb\u012bbu, samazina nodilumu un aizsarg\u0101 transmisijas deta\u013cas. Piem\u0113rota da\u017e\u0101d\u0101m automobi\u013cu autom\u0101tiskaj\u0101m transmisij\u0101m.","og_url":"https:\/\/svpchem.eu\/lv\/produktas\/svp-automatiskas-transmisijas-ella-dexron-iii\/","og_site_name":"svpchem.eu","article_modified_time":"2026-04-10T09:59:35+00:00","og_image":[{"width":1300,"height":1300,"url":"https:\/\/svpchem.eu\/wp-content\/uploads\/2025\/12\/Dextron_III-removebg-preview.jpg","type":"image\/jpeg"}],"twitter_card":"summary_large_image","schema":{"@context":"https:\/\/schema.org","@graph":[{"@type":"WebPage","@id":"https:\/\/svpchem.eu\/lv\/produktas\/svp-automatiskas-transmisijas-ella-dexron-iii\/","url":"https:\/\/svpchem.eu\/lv\/produktas\/svp-automatiskas-transmisijas-ella-dexron-iii\/","name":"SVP Autom\u0101tisk\u0101s transmisijas e\u013c\u013ca DEXRON III - svpchem.eu","isPartOf":{"@id":"https:\/\/svpchem.eu\/lv\/#website"},"primaryImageOfPage":{"@id":"https:\/\/svpchem.eu\/lv\/produktas\/svp-automatiskas-transmisijas-ella-dexron-iii\/#primaryimage"},"image":{"@id":"https:\/\/svpchem.eu\/lv\/produktas\/svp-automatiskas-transmisijas-ella-dexron-iii\/#primaryimage"},"thumbnailUrl":"https:\/\/svpchem.eu\/wp-content\/uploads\/2025\/12\/Dextron_III-removebg-preview.jpg","datePublished":"2025-12-19T13:31:50+00:00","dateModified":"2026-04-10T09:59:35+00:00","description":"SVP Autom\u0101tisk\u0101s transmisijas e\u013c\u013ca DEXRON III - kvalitat\u012bva e\u013c\u013ca, kas nodro\u0161ina vienm\u0113r\u012bgu autom\u0101tisk\u0101s transmisijas darb\u012bbu, samazina nodilumu un aizsarg\u0101 transmisijas deta\u013cas. Piem\u0113rota da\u017e\u0101d\u0101m automobi\u013cu autom\u0101tiskaj\u0101m transmisij\u0101m.","breadcrumb":{"@id":"https:\/\/svpchem.eu\/lv\/produktas\/svp-automatiskas-transmisijas-ella-dexron-iii\/#breadcrumb"},"inLanguage":"lv-LV","potentialAction":[{"@type":"ReadAction","target":["https:\/\/svpchem.eu\/lv\/produktas\/svp-automatiskas-transmisijas-ella-dexron-iii\/"]}]},{"@type":"ImageObject","inLanguage":"lv-LV","@id":"https:\/\/svpchem.eu\/lv\/produktas\/svp-automatiskas-transmisijas-ella-dexron-iii\/#primaryimage","url":"https:\/\/svpchem.eu\/wp-content\/uploads\/2025\/12\/Dextron_III-removebg-preview.jpg","contentUrl":"https:\/\/svpchem.eu\/wp-content\/uploads\/2025\/12\/Dextron_III-removebg-preview.jpg","width":1300,"height":1300},{"@type":"BreadcrumbList","@id":"https:\/\/svpchem.eu\/lv\/produktas\/svp-automatiskas-transmisijas-ella-dexron-iii\/#breadcrumb","itemListElement":[{"@type":"ListItem","position":1,"name":"S\u0101kums","item":"https:\/\/svpchem.eu\/lv\/par-mums\/"},{"@type":"ListItem","position":2,"name":"Veikals","item":"https:\/\/svpchem.eu\/lv\/veikals\/"},{"@type":"ListItem","position":3,"name":"SVP Autom\u0101tisk\u0101s transmisijas e\u013c\u013ca DEXRON III"}]},{"@type":"WebSite","@id":"https:\/\/svpchem.eu\/lv\/#website","url":"https:\/\/svpchem.eu\/lv\/","name":"svpchem.eu","description":"","publisher":{"@id":"https:\/\/svpchem.eu\/lv\/#organization"},"potentialAction":[{"@type":"SearchAction","target":{"@type":"EntryPoint","urlTemplate":"https:\/\/svpchem.eu\/lv\/?s={search_term_string}"},"query-input":{"@type":"PropertyValueSpecification","valueRequired":true,"valueName":"search_term_string"}}],"inLanguage":"lv-LV"},{"@type":"Organization","@id":"https:\/\/svpchem.eu\/lv\/#organization","name":"svpchem.eu","url":"https:\/\/svpchem.eu\/lv\/","logo":{"@type":"ImageObject","inLanguage":"lv-LV","@id":"https:\/\/svpchem.eu\/lv\/#\/schema\/logo\/image\/","url":"https:\/\/svpchem.eu\/wp-content\/uploads\/2025\/12\/logo_cropped_no_bg_20251217-1.png","contentUrl":"https:\/\/svpchem.eu\/wp-content\/uploads\/2025\/12\/logo_cropped_no_bg_20251217-1.png","width":851,"height":430,"caption":"svpchem.eu"},"image":{"@id":"https:\/\/svpchem.eu\/lv\/#\/schema\/logo\/image\/"}}]}},"_links":{"self":[{"href":"https:\/\/svpchem.eu\/lv\/wp-json\/wp\/v2\/product\/2520","targetHints":{"allow":["GET"]}}],"collection":[{"href":"https:\/\/svpchem.eu\/lv\/wp-json\/wp\/v2\/product"}],"about":[{"href":"https:\/\/svpchem.eu\/lv\/wp-json\/wp\/v2\/types\/product"}],"wp:featuredmedia":[{"embeddable":true,"href":"https:\/\/svpchem.eu\/lv\/wp-json\/wp\/v2\/media\/2522"}],"wp:attachment":[{"href":"https:\/\/svpchem.eu\/lv\/wp-json\/wp\/v2\/media?parent=2520"}],"wp:term":[{"taxonomy":"product_brand","embeddable":true,"href":"https:\/\/svpchem.eu\/lv\/wp-json\/wp\/v2\/product_brand?post=2520"},{"taxonomy":"product_cat","embeddable":true,"href":"https:\/\/svpchem.eu\/lv\/wp-json\/wp\/v2\/product_cat?post=2520"},{"taxonomy":"product_tag","embeddable":true,"href":"https:\/\/svpchem.eu\/lv\/wp-json\/wp\/v2\/product_tag?post=2520"}],"curies":[{"name":"wp","href":"https:\/\/api.w.org\/{rel}","templated":true}]}}