{"id":2531,"date":"2025-12-19T13:31:50","date_gmt":"2025-12-19T13:31:50","guid":{"rendered":"https:\/\/svpchem.eu\/produktas\/svp-benzina-dzineja-sprauslu-tiritajs\/"},"modified":"2026-04-10T09:59:38","modified_gmt":"2026-04-10T09:59:38","slug":"svp-benzina-dzineja-sprauslu-tiritajs","status":"publish","type":"product","link":"https:\/\/svpchem.eu\/lv\/produktas\/svp-benzina-dzineja-sprauslu-tiritajs\/","title":{"rendered":"SVP Benz\u012bna dzin\u0113ja sprauslu t\u012br\u012bt\u0101js"},"content":{"rendered":"","protected":false},"excerpt":{"rendered":"<p><strong>Apraksts:<\/strong><\/p>\n<p>\u013boti koncentr\u0113ta \u0137\u012bmiska piedeva benz\u012bna iesmidzin\u0101\u0161anas sist\u0113mas efekt\u012bvai t\u012br\u012b\u0161anai un atjauno\u0161anai. Sajaucot ar benz\u012bnu,<br \/>\ndarbojas, izt\u012brot visu degvielas padeves ce\u013cu &#8211; no degvielas tvertnes l\u012bdz sadeg\u0161anas kamerai &#8211; dzin\u0113ja darb\u012bbas laik\u0101.<br \/>\n<strong><br \/>\nGalven\u0101s funkcijas:<br \/>\n<\/strong><br \/>\n &#8211; No\u0146em nogulsnes &#8211; iz\u0161\u0137\u012bdina ciet\u0101s nogulsnes, darvas un lakas nogulsnes.<br \/>\n&#8211; Atjauno sprauslas &#8211; atjauno sprauslu kl\u012brensu un izsmidzin\u0101\u0161anas le\u0146\u0137i.<br \/>\n&#8211; Not\u012bra v\u0101rstus &#8211; atjauno iepl\u016bdes v\u0101rstu nopl\u016bdes un efekt\u012bvu darb\u012bbu.<br \/>\n&#8211; Samazina kv\u0113pus &#8211; pal\u012bdz samazin\u0101t oglek\u013ca nogulsnes sadeg\u0161anas kamer\u0101.<br \/>\n<strong><br \/>\nLieto\u0161ana:<br \/>\n<\/strong><br \/>\n Pirms degvielas uzpild\u012b\u0161anas ielejiet visu pudeles saturu degvielas tvertn\u0113. Periodiskai lieto\u0161anai (piem\u0113ram, ik p\u0113c 3000-5000 km), lai sist\u0113ma b\u016btu t\u012bra.<br \/>\n<strong><br \/>\nPriek\u0161roc\u012bbas:<br \/>\n<\/strong><br \/>\n &#8211; Atjauno dzin\u0113ja jaudu &#8211; uzlabo sadeg\u0161anu un atjauno jaudas parametrus.<br \/>\n&#8211; Samazina degvielas pat\u0113ri\u0146u &#8211; nodro\u0161ina prec\u012bzu degvielas izsmidzin\u0101\u0161anu un lab\u0101ku sadeg\u0161anu.<br \/>\n&#8211; Stabiliz\u0113 taktu &#8211; uzlabo dzin\u0113ja reakciju un stabiliz\u0113 tuk\u0161gaitas re\u017e\u012bmu.<br \/>\n&#8211; Samazina izme\u0161us &#8211; samazina kait\u012bgo izpl\u016bdes g\u0101zu daudzumu.<br \/>\n<strong><br \/>\nTehnisk\u0101 inform\u0101cija:<br \/>\n<\/strong><br \/>\n &#8211; Ietilp\u012bba: 354 ml.<br \/>\n&#8211; M\u0113r\u0137is: Benz\u012bna iesmidzin\u0101\u0161anas sist\u0113mas t\u012br\u012b\u0161ana.<br \/>\n&#8211; Savietojam\u012bba: Piln\u012bgi dro\u0161a lieto\u0161anai automa\u0161\u012bn\u0101s ar katal\u012btiskajiem p\u0101rveidot\u0101jiem un lambda sensoriem.<br \/>\n&#8211; Lieto\u0161anas bie\u017eums: periodiski (ik p\u0113c 3 000 l\u012bdz 5 000 km, atkar\u012bb\u0101 no nepiecie\u0161am\u012bbas).<br \/>\n&#8211; Koncentr\u0101cija: Augsti koncentr\u0113ta \u0137\u012bmisk\u0101 piedeva.<\/p>\n","protected":false},"featured_media":2533,"template":"","meta":[],"product_brand":[],"product_cat":[207,355],"product_tag":[],"class_list":{"0":"post-2531","1":"product","2":"type-product","3":"status-publish","4":"has-post-thumbnail","6":"product_cat-automasinu-kopsanas-lidzekli-un-paligmateriali","7":"product_cat-razosana-pec-pasutijuma","8":"pa_brand-svp","9":"pa_ean-4779032960106-0","10":"pa_kiekis_dz-205","11":"pa_kiekis_pk-167","12":"pa_talpa-354-ml","14":"first","15":"instock","16":"shipping-taxable","17":"product-type-simple"},"yoast_head":"<!-- This site is optimized with the Yoast SEO plugin v27.3 - https:\/\/yoast.com\/product\/yoast-seo-wordpress\/ -->\n<title>SVP Benz\u012bna dzin\u0113ja sprauslu t\u012br\u012bt\u0101js - svpchem.eu<\/title>\n<meta name=\"description\" content=\"SVP benz\u012bna dzin\u0113ju iesmidzin\u0101t\u0101ju t\u012br\u012b\u0161anas l\u012bdzeklis ir efekt\u012bvs l\u012bdzeklis net\u012brumu un nogul\u0161\u0146u no\u0146em\u0161anai no degvielas iesmidzin\u0101t\u0101jiem un iesmidzin\u0101\u0161anas sist\u0113m\u0101m. Uzlabo dzin\u0113ja veiktsp\u0113ju, samazina d\u016bmu daudzumu un pal\u012bdz atjaunot optim\u0101lu degvielas sadeg\u0161anu.\" \/>\n<meta name=\"robots\" content=\"index, follow, max-snippet:-1, max-image-preview:large, max-video-preview:-1\" \/>\n<link rel=\"canonical\" href=\"https:\/\/svpchem.eu\/lv\/produktas\/svp-benzina-dzineja-sprauslu-tiritajs\/\" \/>\n<meta property=\"og:locale\" content=\"lv_LV\" \/>\n<meta property=\"og:type\" content=\"article\" \/>\n<meta property=\"og:title\" content=\"SVP Benz\u012bna dzin\u0113ja sprauslu t\u012br\u012bt\u0101js - svpchem.eu\" \/>\n<meta property=\"og:description\" content=\"SVP benz\u012bna dzin\u0113ju iesmidzin\u0101t\u0101ju t\u012br\u012b\u0161anas l\u012bdzeklis ir efekt\u012bvs l\u012bdzeklis net\u012brumu un nogul\u0161\u0146u no\u0146em\u0161anai no degvielas iesmidzin\u0101t\u0101jiem un iesmidzin\u0101\u0161anas sist\u0113m\u0101m. Uzlabo dzin\u0113ja veiktsp\u0113ju, samazina d\u016bmu daudzumu un pal\u012bdz atjaunot optim\u0101lu degvielas sadeg\u0161anu.\" \/>\n<meta property=\"og:url\" content=\"https:\/\/svpchem.eu\/lv\/produktas\/svp-benzina-dzineja-sprauslu-tiritajs\/\" \/>\n<meta property=\"og:site_name\" content=\"svpchem.eu\" \/>\n<meta property=\"article:modified_time\" content=\"2026-04-10T09:59:38+00:00\" \/>\n<meta property=\"og:image\" content=\"https:\/\/svpchem.eu\/wp-content\/uploads\/2025\/12\/Benzininio_variklio_purkstuku_valiklis.jpg\" \/>\n\t<meta property=\"og:image:width\" content=\"1300\" \/>\n\t<meta property=\"og:image:height\" content=\"1300\" \/>\n\t<meta property=\"og:image:type\" content=\"image\/jpeg\" \/>\n<meta name=\"twitter:card\" content=\"summary_large_image\" \/>\n<script type=\"application\/ld+json\" class=\"yoast-schema-graph\">{\"@context\":\"https:\\\/\\\/schema.org\",\"@graph\":[{\"@type\":\"WebPage\",\"@id\":\"https:\\\/\\\/svpchem.eu\\\/lv\\\/produktas\\\/svp-benzina-dzineja-sprauslu-tiritajs\\\/\",\"url\":\"https:\\\/\\\/svpchem.eu\\\/lv\\\/produktas\\\/svp-benzina-dzineja-sprauslu-tiritajs\\\/\",\"name\":\"SVP Benz\u012bna dzin\u0113ja sprauslu t\u012br\u012bt\u0101js - svpchem.eu\",\"isPartOf\":{\"@id\":\"https:\\\/\\\/svpchem.eu\\\/lv\\\/#website\"},\"primaryImageOfPage\":{\"@id\":\"https:\\\/\\\/svpchem.eu\\\/lv\\\/produktas\\\/svp-benzina-dzineja-sprauslu-tiritajs\\\/#primaryimage\"},\"image\":{\"@id\":\"https:\\\/\\\/svpchem.eu\\\/lv\\\/produktas\\\/svp-benzina-dzineja-sprauslu-tiritajs\\\/#primaryimage\"},\"thumbnailUrl\":\"https:\\\/\\\/svpchem.eu\\\/wp-content\\\/uploads\\\/2025\\\/12\\\/Benzininio_variklio_purkstuku_valiklis.jpg\",\"datePublished\":\"2025-12-19T13:31:50+00:00\",\"dateModified\":\"2026-04-10T09:59:38+00:00\",\"description\":\"SVP benz\u012bna dzin\u0113ju iesmidzin\u0101t\u0101ju t\u012br\u012b\u0161anas l\u012bdzeklis ir efekt\u012bvs l\u012bdzeklis net\u012brumu un nogul\u0161\u0146u no\u0146em\u0161anai no degvielas iesmidzin\u0101t\u0101jiem un iesmidzin\u0101\u0161anas sist\u0113m\u0101m. Uzlabo dzin\u0113ja veiktsp\u0113ju, samazina d\u016bmu daudzumu un pal\u012bdz atjaunot optim\u0101lu degvielas sadeg\u0161anu.\",\"breadcrumb\":{\"@id\":\"https:\\\/\\\/svpchem.eu\\\/lv\\\/produktas\\\/svp-benzina-dzineja-sprauslu-tiritajs\\\/#breadcrumb\"},\"inLanguage\":\"lv-LV\",\"potentialAction\":[{\"@type\":\"ReadAction\",\"target\":[\"https:\\\/\\\/svpchem.eu\\\/lv\\\/produktas\\\/svp-benzina-dzineja-sprauslu-tiritajs\\\/\"]}]},{\"@type\":\"ImageObject\",\"inLanguage\":\"lv-LV\",\"@id\":\"https:\\\/\\\/svpchem.eu\\\/lv\\\/produktas\\\/svp-benzina-dzineja-sprauslu-tiritajs\\\/#primaryimage\",\"url\":\"https:\\\/\\\/svpchem.eu\\\/wp-content\\\/uploads\\\/2025\\\/12\\\/Benzininio_variklio_purkstuku_valiklis.jpg\",\"contentUrl\":\"https:\\\/\\\/svpchem.eu\\\/wp-content\\\/uploads\\\/2025\\\/12\\\/Benzininio_variklio_purkstuku_valiklis.jpg\",\"width\":1300,\"height\":1300},{\"@type\":\"BreadcrumbList\",\"@id\":\"https:\\\/\\\/svpchem.eu\\\/lv\\\/produktas\\\/svp-benzina-dzineja-sprauslu-tiritajs\\\/#breadcrumb\",\"itemListElement\":[{\"@type\":\"ListItem\",\"position\":1,\"name\":\"S\u0101kums\",\"item\":\"https:\\\/\\\/svpchem.eu\\\/lv\\\/par-mums\\\/\"},{\"@type\":\"ListItem\",\"position\":2,\"name\":\"Veikals\",\"item\":\"https:\\\/\\\/svpchem.eu\\\/lv\\\/veikals\\\/\"},{\"@type\":\"ListItem\",\"position\":3,\"name\":\"SVP Benz\u012bna dzin\u0113ja sprauslu t\u012br\u012bt\u0101js\"}]},{\"@type\":\"WebSite\",\"@id\":\"https:\\\/\\\/svpchem.eu\\\/lv\\\/#website\",\"url\":\"https:\\\/\\\/svpchem.eu\\\/lv\\\/\",\"name\":\"svpchem.eu\",\"description\":\"\",\"publisher\":{\"@id\":\"https:\\\/\\\/svpchem.eu\\\/lv\\\/#organization\"},\"potentialAction\":[{\"@type\":\"SearchAction\",\"target\":{\"@type\":\"EntryPoint\",\"urlTemplate\":\"https:\\\/\\\/svpchem.eu\\\/lv\\\/?s={search_term_string}\"},\"query-input\":{\"@type\":\"PropertyValueSpecification\",\"valueRequired\":true,\"valueName\":\"search_term_string\"}}],\"inLanguage\":\"lv-LV\"},{\"@type\":\"Organization\",\"@id\":\"https:\\\/\\\/svpchem.eu\\\/lv\\\/#organization\",\"name\":\"svpchem.eu\",\"url\":\"https:\\\/\\\/svpchem.eu\\\/lv\\\/\",\"logo\":{\"@type\":\"ImageObject\",\"inLanguage\":\"lv-LV\",\"@id\":\"https:\\\/\\\/svpchem.eu\\\/lv\\\/#\\\/schema\\\/logo\\\/image\\\/\",\"url\":\"https:\\\/\\\/svpchem.eu\\\/wp-content\\\/uploads\\\/2025\\\/12\\\/logo_cropped_no_bg_20251217-1.png\",\"contentUrl\":\"https:\\\/\\\/svpchem.eu\\\/wp-content\\\/uploads\\\/2025\\\/12\\\/logo_cropped_no_bg_20251217-1.png\",\"width\":851,\"height\":430,\"caption\":\"svpchem.eu\"},\"image\":{\"@id\":\"https:\\\/\\\/svpchem.eu\\\/lv\\\/#\\\/schema\\\/logo\\\/image\\\/\"}}]}<\/script>\n<!-- \/ Yoast SEO plugin. -->","yoast_head_json":{"title":"SVP Benz\u012bna dzin\u0113ja sprauslu t\u012br\u012bt\u0101js - svpchem.eu","description":"SVP benz\u012bna dzin\u0113ju iesmidzin\u0101t\u0101ju t\u012br\u012b\u0161anas l\u012bdzeklis ir efekt\u012bvs l\u012bdzeklis net\u012brumu un nogul\u0161\u0146u no\u0146em\u0161anai no degvielas iesmidzin\u0101t\u0101jiem un iesmidzin\u0101\u0161anas sist\u0113m\u0101m. Uzlabo dzin\u0113ja veiktsp\u0113ju, samazina d\u016bmu daudzumu un pal\u012bdz atjaunot optim\u0101lu degvielas sadeg\u0161anu.","robots":{"index":"index","follow":"follow","max-snippet":"max-snippet:-1","max-image-preview":"max-image-preview:large","max-video-preview":"max-video-preview:-1"},"canonical":"https:\/\/svpchem.eu\/lv\/produktas\/svp-benzina-dzineja-sprauslu-tiritajs\/","og_locale":"lv_LV","og_type":"article","og_title":"SVP Benz\u012bna dzin\u0113ja sprauslu t\u012br\u012bt\u0101js - svpchem.eu","og_description":"SVP benz\u012bna dzin\u0113ju iesmidzin\u0101t\u0101ju t\u012br\u012b\u0161anas l\u012bdzeklis ir efekt\u012bvs l\u012bdzeklis net\u012brumu un nogul\u0161\u0146u no\u0146em\u0161anai no degvielas iesmidzin\u0101t\u0101jiem un iesmidzin\u0101\u0161anas sist\u0113m\u0101m. Uzlabo dzin\u0113ja veiktsp\u0113ju, samazina d\u016bmu daudzumu un pal\u012bdz atjaunot optim\u0101lu degvielas sadeg\u0161anu.","og_url":"https:\/\/svpchem.eu\/lv\/produktas\/svp-benzina-dzineja-sprauslu-tiritajs\/","og_site_name":"svpchem.eu","article_modified_time":"2026-04-10T09:59:38+00:00","og_image":[{"width":1300,"height":1300,"url":"https:\/\/svpchem.eu\/wp-content\/uploads\/2025\/12\/Benzininio_variklio_purkstuku_valiklis.jpg","type":"image\/jpeg"}],"twitter_card":"summary_large_image","schema":{"@context":"https:\/\/schema.org","@graph":[{"@type":"WebPage","@id":"https:\/\/svpchem.eu\/lv\/produktas\/svp-benzina-dzineja-sprauslu-tiritajs\/","url":"https:\/\/svpchem.eu\/lv\/produktas\/svp-benzina-dzineja-sprauslu-tiritajs\/","name":"SVP Benz\u012bna dzin\u0113ja sprauslu t\u012br\u012bt\u0101js - svpchem.eu","isPartOf":{"@id":"https:\/\/svpchem.eu\/lv\/#website"},"primaryImageOfPage":{"@id":"https:\/\/svpchem.eu\/lv\/produktas\/svp-benzina-dzineja-sprauslu-tiritajs\/#primaryimage"},"image":{"@id":"https:\/\/svpchem.eu\/lv\/produktas\/svp-benzina-dzineja-sprauslu-tiritajs\/#primaryimage"},"thumbnailUrl":"https:\/\/svpchem.eu\/wp-content\/uploads\/2025\/12\/Benzininio_variklio_purkstuku_valiklis.jpg","datePublished":"2025-12-19T13:31:50+00:00","dateModified":"2026-04-10T09:59:38+00:00","description":"SVP benz\u012bna dzin\u0113ju iesmidzin\u0101t\u0101ju t\u012br\u012b\u0161anas l\u012bdzeklis ir efekt\u012bvs l\u012bdzeklis net\u012brumu un nogul\u0161\u0146u no\u0146em\u0161anai no degvielas iesmidzin\u0101t\u0101jiem un iesmidzin\u0101\u0161anas sist\u0113m\u0101m. Uzlabo dzin\u0113ja veiktsp\u0113ju, samazina d\u016bmu daudzumu un pal\u012bdz atjaunot optim\u0101lu degvielas sadeg\u0161anu.","breadcrumb":{"@id":"https:\/\/svpchem.eu\/lv\/produktas\/svp-benzina-dzineja-sprauslu-tiritajs\/#breadcrumb"},"inLanguage":"lv-LV","potentialAction":[{"@type":"ReadAction","target":["https:\/\/svpchem.eu\/lv\/produktas\/svp-benzina-dzineja-sprauslu-tiritajs\/"]}]},{"@type":"ImageObject","inLanguage":"lv-LV","@id":"https:\/\/svpchem.eu\/lv\/produktas\/svp-benzina-dzineja-sprauslu-tiritajs\/#primaryimage","url":"https:\/\/svpchem.eu\/wp-content\/uploads\/2025\/12\/Benzininio_variklio_purkstuku_valiklis.jpg","contentUrl":"https:\/\/svpchem.eu\/wp-content\/uploads\/2025\/12\/Benzininio_variklio_purkstuku_valiklis.jpg","width":1300,"height":1300},{"@type":"BreadcrumbList","@id":"https:\/\/svpchem.eu\/lv\/produktas\/svp-benzina-dzineja-sprauslu-tiritajs\/#breadcrumb","itemListElement":[{"@type":"ListItem","position":1,"name":"S\u0101kums","item":"https:\/\/svpchem.eu\/lv\/par-mums\/"},{"@type":"ListItem","position":2,"name":"Veikals","item":"https:\/\/svpchem.eu\/lv\/veikals\/"},{"@type":"ListItem","position":3,"name":"SVP Benz\u012bna dzin\u0113ja sprauslu t\u012br\u012bt\u0101js"}]},{"@type":"WebSite","@id":"https:\/\/svpchem.eu\/lv\/#website","url":"https:\/\/svpchem.eu\/lv\/","name":"svpchem.eu","description":"","publisher":{"@id":"https:\/\/svpchem.eu\/lv\/#organization"},"potentialAction":[{"@type":"SearchAction","target":{"@type":"EntryPoint","urlTemplate":"https:\/\/svpchem.eu\/lv\/?s={search_term_string}"},"query-input":{"@type":"PropertyValueSpecification","valueRequired":true,"valueName":"search_term_string"}}],"inLanguage":"lv-LV"},{"@type":"Organization","@id":"https:\/\/svpchem.eu\/lv\/#organization","name":"svpchem.eu","url":"https:\/\/svpchem.eu\/lv\/","logo":{"@type":"ImageObject","inLanguage":"lv-LV","@id":"https:\/\/svpchem.eu\/lv\/#\/schema\/logo\/image\/","url":"https:\/\/svpchem.eu\/wp-content\/uploads\/2025\/12\/logo_cropped_no_bg_20251217-1.png","contentUrl":"https:\/\/svpchem.eu\/wp-content\/uploads\/2025\/12\/logo_cropped_no_bg_20251217-1.png","width":851,"height":430,"caption":"svpchem.eu"},"image":{"@id":"https:\/\/svpchem.eu\/lv\/#\/schema\/logo\/image\/"}}]}},"_links":{"self":[{"href":"https:\/\/svpchem.eu\/lv\/wp-json\/wp\/v2\/product\/2531","targetHints":{"allow":["GET"]}}],"collection":[{"href":"https:\/\/svpchem.eu\/lv\/wp-json\/wp\/v2\/product"}],"about":[{"href":"https:\/\/svpchem.eu\/lv\/wp-json\/wp\/v2\/types\/product"}],"wp:featuredmedia":[{"embeddable":true,"href":"https:\/\/svpchem.eu\/lv\/wp-json\/wp\/v2\/media\/2533"}],"wp:attachment":[{"href":"https:\/\/svpchem.eu\/lv\/wp-json\/wp\/v2\/media?parent=2531"}],"wp:term":[{"taxonomy":"product_brand","embeddable":true,"href":"https:\/\/svpchem.eu\/lv\/wp-json\/wp\/v2\/product_brand?post=2531"},{"taxonomy":"product_cat","embeddable":true,"href":"https:\/\/svpchem.eu\/lv\/wp-json\/wp\/v2\/product_cat?post=2531"},{"taxonomy":"product_tag","embeddable":true,"href":"https:\/\/svpchem.eu\/lv\/wp-json\/wp\/v2\/product_tag?post=2531"}],"curies":[{"name":"wp","href":"https:\/\/api.w.org\/{rel}","templated":true}]}}