{"id":2544,"date":"2025-12-19T13:31:50","date_gmt":"2025-12-19T13:31:50","guid":{"rendered":"https:\/\/svpchem.eu\/produktas\/svp-aerosola-putu-tirisanas-lidzeklis-automasinu-logiem-windows-blic\/"},"modified":"2026-04-10T09:59:43","modified_gmt":"2026-04-10T09:59:43","slug":"svp-aerosola-putu-tirisanas-lidzeklis-automasinu-logiem-windows-blic","status":"publish","type":"product","link":"https:\/\/svpchem.eu\/lv\/produktas\/svp-aerosola-putu-tirisanas-lidzeklis-automasinu-logiem-windows-blic\/","title":{"rendered":"SVP Aerosola putu t\u012br\u012b\u0161anas l\u012bdzeklis automa\u0161\u012bnu logiem WINDOWS BLIC"},"content":{"rendered":"","protected":false},"excerpt":{"rendered":"<p><strong>Apraksts:<br \/>\n<\/strong><br \/>\n Aerosola putu t\u012br\u012b\u0161anas l\u012bdzeklis efekt\u012bvai un \u0101trai stikla, spogu\u013cu, stikla keramikas, glanc\u0113tas plastmasas un citu cietu, neporainu virsmu t\u012br\u012b\u0161anai. Putas lab\u0101k turas pie vertik\u0101l\u0101m virsm\u0101m, nesv\u012bst un \u013cauj net\u012brumiem ilg\u0101k iedarboties.<br \/>\n<strong><br \/>\nGalven\u0101s iez\u012bmes:<br \/>\n<\/strong><br \/>\n &#8211; Bez sv\u012btr\u0101m &#8211; sast\u0101v\u0101 eso\u0161ie gaisto\u0161ie \u0161\u0137\u012bdin\u0101t\u0101ji (izopropanols) nodro\u0161ina \u012bpa\u0161i \u0101tru \u017e\u016b\u0161anu.<br \/>\n&#8211; Putu efekts &#8211; nodro\u0161ina lab\u0101ku sa\u0137eri ar vertik\u0101l\u0101m virsm\u0101m.<br \/>\n&#8211; Efekt\u012bva t\u012br\u012b\u0161ana &#8211; no\u0146em tauku p\u0113das, pirkstu nospiedumus, putek\u013cus, kukai\u0146u atliekas un ce\u013ca net\u012brumus.<br \/>\n&#8211; vienm\u0113r\u012bga izklied\u0113\u0161ana &#8211; aerosola izsmidzin\u0101\u0161anas sist\u0113ma nodro\u0161ina vienm\u0113r\u012bgu izklied\u0113\u0161anu.<br \/>\n<strong><br \/>\nPielietojums:<br \/>\n<\/strong><br \/>\n Piem\u0113rots stikla, spogu\u013cu un sp\u012bd\u012bgu plastmasas virsmu kr\u0101so\u0161anai. T\u012br\u012bt\u0101ju uzsmidzina uz virsmas, \u013cauj k\u0101du laiku iedarboties un p\u0113c tam noslauka ar t\u012bru mikro\u0161\u0137iedras dr\u0101nu.<br \/>\n<strong><br \/>\nPriek\u0161roc\u012bbas:<br \/>\n<\/strong><br \/>\n &#8211; Maksim\u0101la t\u012br\u012bba &#8211; ide\u0101li piem\u0113rots profesion\u0101liem un \u0101triem rezult\u0101tiem.<br \/>\n&#8211; \u0100tra \u017e\u016b\u0161ana &#8211; nav nepiecie\u0161ama ilgsto\u0161a pul\u0113\u0161ana.<br \/>\n&#8211; Viegli lietojams &#8211; viegli sasniedz pat gr\u016bti aizsniedzamas vietas.<br \/>\n&#8211; No\u0146em organiskos pies\u0101r\u0146ojumus &#8211; efekt\u012bvi no\u0146em kukai\u0146u atl\u016bzas un citus ce\u013ca net\u012brumus.<br \/>\n<strong><br \/>\nTehnisk\u0101 inform\u0101cija:<br \/>\n<\/strong><br \/>\n &#8211; Ietilp\u012bba: 300 ml<br \/>\n&#8211; Pielietojums: stikls, spogu\u013ci, stikla keramika, sp\u012bd\u012bga plastmasa.<br \/>\n&#8211; \u0160\u0137\u012bdin\u0101t\u0101js: spirta atvasin\u0101jumi (izopropanols).<br \/>\n&#8211; Forma: putas (aerosols).<br \/>\n&#8211; Rezult\u0101ts: maksim\u0101li dzidrs bez sv\u012btr\u0101m.<\/p>\n","protected":false},"featured_media":2546,"template":"","meta":[],"product_brand":[],"product_cat":[207,355],"product_tag":[],"class_list":{"0":"post-2544","1":"product","2":"type-product","3":"status-publish","4":"has-post-thumbnail","6":"product_cat-automasinu-kopsanas-lidzekli-un-paligmateriali","7":"product_cat-razosana-pec-pasutijuma","8":"pa_brand-svp","9":"pa_ean-4779032960625-0","10":"pa_kiekis_dz-205","11":"pa_kiekis_pk-167","12":"pa_talpa-300-ml","14":"first","15":"instock","16":"shipping-taxable","17":"product-type-simple"},"yoast_head":"<!-- This site is optimized with the Yoast SEO plugin v27.3 - https:\/\/yoast.com\/product\/yoast-seo-wordpress\/ -->\n<title>SVP Aerosola putu t\u012br\u012b\u0161anas l\u012bdzeklis automa\u0161\u012bnu logiem WINDOWS BLIC - svpchem.eu<\/title>\n<meta name=\"description\" content=\"SVP aerosola putu t\u012br\u012b\u0161anas l\u012bdzeklis logiem WINDOWS BLIC - efekt\u012bvi no\u0146em net\u012brumus, taukus un putek\u013cus no logu virsm\u0101m. Nodro\u0161ina lab\u0101ku redzam\u012bbu, aizsarg\u0101 stiklu un atvieglo t\u012br\u012b\u0161anu.\" \/>\n<meta name=\"robots\" content=\"index, follow, max-snippet:-1, max-image-preview:large, max-video-preview:-1\" \/>\n<link rel=\"canonical\" href=\"https:\/\/svpchem.eu\/lv\/produktas\/svp-aerosola-putu-tirisanas-lidzeklis-automasinu-logiem-windows-blic\/\" \/>\n<meta property=\"og:locale\" content=\"lv_LV\" \/>\n<meta property=\"og:type\" content=\"article\" \/>\n<meta property=\"og:title\" content=\"SVP Aerosola putu t\u012br\u012b\u0161anas l\u012bdzeklis automa\u0161\u012bnu logiem WINDOWS BLIC - svpchem.eu\" \/>\n<meta property=\"og:description\" content=\"SVP aerosola putu t\u012br\u012b\u0161anas l\u012bdzeklis logiem WINDOWS BLIC - efekt\u012bvi no\u0146em net\u012brumus, taukus un putek\u013cus no logu virsm\u0101m. Nodro\u0161ina lab\u0101ku redzam\u012bbu, aizsarg\u0101 stiklu un atvieglo t\u012br\u012b\u0161anu.\" \/>\n<meta property=\"og:url\" content=\"https:\/\/svpchem.eu\/lv\/produktas\/svp-aerosola-putu-tirisanas-lidzeklis-automasinu-logiem-windows-blic\/\" \/>\n<meta property=\"og:site_name\" content=\"svpchem.eu\" \/>\n<meta property=\"article:modified_time\" content=\"2026-04-10T09:59:43+00:00\" \/>\n<meta property=\"og:image\" content=\"https:\/\/svpchem.eu\/wp-content\/uploads\/2025\/12\/SVP-Aerozolinis-putu-valiklis-automobilio-stiklams-WINDOWS-BLIC.jpg\" \/>\n\t<meta property=\"og:image:width\" content=\"1300\" \/>\n\t<meta property=\"og:image:height\" content=\"1300\" \/>\n\t<meta property=\"og:image:type\" content=\"image\/jpeg\" \/>\n<meta name=\"twitter:card\" content=\"summary_large_image\" \/>\n<script type=\"application\/ld+json\" class=\"yoast-schema-graph\">{\"@context\":\"https:\\\/\\\/schema.org\",\"@graph\":[{\"@type\":\"WebPage\",\"@id\":\"https:\\\/\\\/svpchem.eu\\\/lv\\\/produktas\\\/svp-aerosola-putu-tirisanas-lidzeklis-automasinu-logiem-windows-blic\\\/\",\"url\":\"https:\\\/\\\/svpchem.eu\\\/lv\\\/produktas\\\/svp-aerosola-putu-tirisanas-lidzeklis-automasinu-logiem-windows-blic\\\/\",\"name\":\"SVP Aerosola putu t\u012br\u012b\u0161anas l\u012bdzeklis automa\u0161\u012bnu logiem WINDOWS BLIC - svpchem.eu\",\"isPartOf\":{\"@id\":\"https:\\\/\\\/svpchem.eu\\\/lv\\\/#website\"},\"primaryImageOfPage\":{\"@id\":\"https:\\\/\\\/svpchem.eu\\\/lv\\\/produktas\\\/svp-aerosola-putu-tirisanas-lidzeklis-automasinu-logiem-windows-blic\\\/#primaryimage\"},\"image\":{\"@id\":\"https:\\\/\\\/svpchem.eu\\\/lv\\\/produktas\\\/svp-aerosola-putu-tirisanas-lidzeklis-automasinu-logiem-windows-blic\\\/#primaryimage\"},\"thumbnailUrl\":\"https:\\\/\\\/svpchem.eu\\\/wp-content\\\/uploads\\\/2025\\\/12\\\/SVP-Aerozolinis-putu-valiklis-automobilio-stiklams-WINDOWS-BLIC.jpg\",\"datePublished\":\"2025-12-19T13:31:50+00:00\",\"dateModified\":\"2026-04-10T09:59:43+00:00\",\"description\":\"SVP aerosola putu t\u012br\u012b\u0161anas l\u012bdzeklis logiem WINDOWS BLIC - efekt\u012bvi no\u0146em net\u012brumus, taukus un putek\u013cus no logu virsm\u0101m. Nodro\u0161ina lab\u0101ku redzam\u012bbu, aizsarg\u0101 stiklu un atvieglo t\u012br\u012b\u0161anu.\",\"breadcrumb\":{\"@id\":\"https:\\\/\\\/svpchem.eu\\\/lv\\\/produktas\\\/svp-aerosola-putu-tirisanas-lidzeklis-automasinu-logiem-windows-blic\\\/#breadcrumb\"},\"inLanguage\":\"lv-LV\",\"potentialAction\":[{\"@type\":\"ReadAction\",\"target\":[\"https:\\\/\\\/svpchem.eu\\\/lv\\\/produktas\\\/svp-aerosola-putu-tirisanas-lidzeklis-automasinu-logiem-windows-blic\\\/\"]}]},{\"@type\":\"ImageObject\",\"inLanguage\":\"lv-LV\",\"@id\":\"https:\\\/\\\/svpchem.eu\\\/lv\\\/produktas\\\/svp-aerosola-putu-tirisanas-lidzeklis-automasinu-logiem-windows-blic\\\/#primaryimage\",\"url\":\"https:\\\/\\\/svpchem.eu\\\/wp-content\\\/uploads\\\/2025\\\/12\\\/SVP-Aerozolinis-putu-valiklis-automobilio-stiklams-WINDOWS-BLIC.jpg\",\"contentUrl\":\"https:\\\/\\\/svpchem.eu\\\/wp-content\\\/uploads\\\/2025\\\/12\\\/SVP-Aerozolinis-putu-valiklis-automobilio-stiklams-WINDOWS-BLIC.jpg\",\"width\":1300,\"height\":1300},{\"@type\":\"BreadcrumbList\",\"@id\":\"https:\\\/\\\/svpchem.eu\\\/lv\\\/produktas\\\/svp-aerosola-putu-tirisanas-lidzeklis-automasinu-logiem-windows-blic\\\/#breadcrumb\",\"itemListElement\":[{\"@type\":\"ListItem\",\"position\":1,\"name\":\"S\u0101kums\",\"item\":\"https:\\\/\\\/svpchem.eu\\\/lv\\\/par-mums\\\/\"},{\"@type\":\"ListItem\",\"position\":2,\"name\":\"Veikals\",\"item\":\"https:\\\/\\\/svpchem.eu\\\/lv\\\/veikals\\\/\"},{\"@type\":\"ListItem\",\"position\":3,\"name\":\"SVP Aerosola putu t\u012br\u012b\u0161anas l\u012bdzeklis automa\u0161\u012bnu logiem WINDOWS BLIC\"}]},{\"@type\":\"WebSite\",\"@id\":\"https:\\\/\\\/svpchem.eu\\\/lv\\\/#website\",\"url\":\"https:\\\/\\\/svpchem.eu\\\/lv\\\/\",\"name\":\"svpchem.eu\",\"description\":\"\",\"publisher\":{\"@id\":\"https:\\\/\\\/svpchem.eu\\\/lv\\\/#organization\"},\"potentialAction\":[{\"@type\":\"SearchAction\",\"target\":{\"@type\":\"EntryPoint\",\"urlTemplate\":\"https:\\\/\\\/svpchem.eu\\\/lv\\\/?s={search_term_string}\"},\"query-input\":{\"@type\":\"PropertyValueSpecification\",\"valueRequired\":true,\"valueName\":\"search_term_string\"}}],\"inLanguage\":\"lv-LV\"},{\"@type\":\"Organization\",\"@id\":\"https:\\\/\\\/svpchem.eu\\\/lv\\\/#organization\",\"name\":\"svpchem.eu\",\"url\":\"https:\\\/\\\/svpchem.eu\\\/lv\\\/\",\"logo\":{\"@type\":\"ImageObject\",\"inLanguage\":\"lv-LV\",\"@id\":\"https:\\\/\\\/svpchem.eu\\\/lv\\\/#\\\/schema\\\/logo\\\/image\\\/\",\"url\":\"https:\\\/\\\/svpchem.eu\\\/wp-content\\\/uploads\\\/2025\\\/12\\\/logo_cropped_no_bg_20251217-1.png\",\"contentUrl\":\"https:\\\/\\\/svpchem.eu\\\/wp-content\\\/uploads\\\/2025\\\/12\\\/logo_cropped_no_bg_20251217-1.png\",\"width\":851,\"height\":430,\"caption\":\"svpchem.eu\"},\"image\":{\"@id\":\"https:\\\/\\\/svpchem.eu\\\/lv\\\/#\\\/schema\\\/logo\\\/image\\\/\"}}]}<\/script>\n<!-- \/ Yoast SEO plugin. -->","yoast_head_json":{"title":"SVP Aerosola putu t\u012br\u012b\u0161anas l\u012bdzeklis automa\u0161\u012bnu logiem WINDOWS BLIC - svpchem.eu","description":"SVP aerosola putu t\u012br\u012b\u0161anas l\u012bdzeklis logiem WINDOWS BLIC - efekt\u012bvi no\u0146em net\u012brumus, taukus un putek\u013cus no logu virsm\u0101m. Nodro\u0161ina lab\u0101ku redzam\u012bbu, aizsarg\u0101 stiklu un atvieglo t\u012br\u012b\u0161anu.","robots":{"index":"index","follow":"follow","max-snippet":"max-snippet:-1","max-image-preview":"max-image-preview:large","max-video-preview":"max-video-preview:-1"},"canonical":"https:\/\/svpchem.eu\/lv\/produktas\/svp-aerosola-putu-tirisanas-lidzeklis-automasinu-logiem-windows-blic\/","og_locale":"lv_LV","og_type":"article","og_title":"SVP Aerosola putu t\u012br\u012b\u0161anas l\u012bdzeklis automa\u0161\u012bnu logiem WINDOWS BLIC - svpchem.eu","og_description":"SVP aerosola putu t\u012br\u012b\u0161anas l\u012bdzeklis logiem WINDOWS BLIC - efekt\u012bvi no\u0146em net\u012brumus, taukus un putek\u013cus no logu virsm\u0101m. Nodro\u0161ina lab\u0101ku redzam\u012bbu, aizsarg\u0101 stiklu un atvieglo t\u012br\u012b\u0161anu.","og_url":"https:\/\/svpchem.eu\/lv\/produktas\/svp-aerosola-putu-tirisanas-lidzeklis-automasinu-logiem-windows-blic\/","og_site_name":"svpchem.eu","article_modified_time":"2026-04-10T09:59:43+00:00","og_image":[{"width":1300,"height":1300,"url":"https:\/\/svpchem.eu\/wp-content\/uploads\/2025\/12\/SVP-Aerozolinis-putu-valiklis-automobilio-stiklams-WINDOWS-BLIC.jpg","type":"image\/jpeg"}],"twitter_card":"summary_large_image","schema":{"@context":"https:\/\/schema.org","@graph":[{"@type":"WebPage","@id":"https:\/\/svpchem.eu\/lv\/produktas\/svp-aerosola-putu-tirisanas-lidzeklis-automasinu-logiem-windows-blic\/","url":"https:\/\/svpchem.eu\/lv\/produktas\/svp-aerosola-putu-tirisanas-lidzeklis-automasinu-logiem-windows-blic\/","name":"SVP Aerosola putu t\u012br\u012b\u0161anas l\u012bdzeklis automa\u0161\u012bnu logiem WINDOWS BLIC - svpchem.eu","isPartOf":{"@id":"https:\/\/svpchem.eu\/lv\/#website"},"primaryImageOfPage":{"@id":"https:\/\/svpchem.eu\/lv\/produktas\/svp-aerosola-putu-tirisanas-lidzeklis-automasinu-logiem-windows-blic\/#primaryimage"},"image":{"@id":"https:\/\/svpchem.eu\/lv\/produktas\/svp-aerosola-putu-tirisanas-lidzeklis-automasinu-logiem-windows-blic\/#primaryimage"},"thumbnailUrl":"https:\/\/svpchem.eu\/wp-content\/uploads\/2025\/12\/SVP-Aerozolinis-putu-valiklis-automobilio-stiklams-WINDOWS-BLIC.jpg","datePublished":"2025-12-19T13:31:50+00:00","dateModified":"2026-04-10T09:59:43+00:00","description":"SVP aerosola putu t\u012br\u012b\u0161anas l\u012bdzeklis logiem WINDOWS BLIC - efekt\u012bvi no\u0146em net\u012brumus, taukus un putek\u013cus no logu virsm\u0101m. Nodro\u0161ina lab\u0101ku redzam\u012bbu, aizsarg\u0101 stiklu un atvieglo t\u012br\u012b\u0161anu.","breadcrumb":{"@id":"https:\/\/svpchem.eu\/lv\/produktas\/svp-aerosola-putu-tirisanas-lidzeklis-automasinu-logiem-windows-blic\/#breadcrumb"},"inLanguage":"lv-LV","potentialAction":[{"@type":"ReadAction","target":["https:\/\/svpchem.eu\/lv\/produktas\/svp-aerosola-putu-tirisanas-lidzeklis-automasinu-logiem-windows-blic\/"]}]},{"@type":"ImageObject","inLanguage":"lv-LV","@id":"https:\/\/svpchem.eu\/lv\/produktas\/svp-aerosola-putu-tirisanas-lidzeklis-automasinu-logiem-windows-blic\/#primaryimage","url":"https:\/\/svpchem.eu\/wp-content\/uploads\/2025\/12\/SVP-Aerozolinis-putu-valiklis-automobilio-stiklams-WINDOWS-BLIC.jpg","contentUrl":"https:\/\/svpchem.eu\/wp-content\/uploads\/2025\/12\/SVP-Aerozolinis-putu-valiklis-automobilio-stiklams-WINDOWS-BLIC.jpg","width":1300,"height":1300},{"@type":"BreadcrumbList","@id":"https:\/\/svpchem.eu\/lv\/produktas\/svp-aerosola-putu-tirisanas-lidzeklis-automasinu-logiem-windows-blic\/#breadcrumb","itemListElement":[{"@type":"ListItem","position":1,"name":"S\u0101kums","item":"https:\/\/svpchem.eu\/lv\/par-mums\/"},{"@type":"ListItem","position":2,"name":"Veikals","item":"https:\/\/svpchem.eu\/lv\/veikals\/"},{"@type":"ListItem","position":3,"name":"SVP Aerosola putu t\u012br\u012b\u0161anas l\u012bdzeklis automa\u0161\u012bnu logiem WINDOWS BLIC"}]},{"@type":"WebSite","@id":"https:\/\/svpchem.eu\/lv\/#website","url":"https:\/\/svpchem.eu\/lv\/","name":"svpchem.eu","description":"","publisher":{"@id":"https:\/\/svpchem.eu\/lv\/#organization"},"potentialAction":[{"@type":"SearchAction","target":{"@type":"EntryPoint","urlTemplate":"https:\/\/svpchem.eu\/lv\/?s={search_term_string}"},"query-input":{"@type":"PropertyValueSpecification","valueRequired":true,"valueName":"search_term_string"}}],"inLanguage":"lv-LV"},{"@type":"Organization","@id":"https:\/\/svpchem.eu\/lv\/#organization","name":"svpchem.eu","url":"https:\/\/svpchem.eu\/lv\/","logo":{"@type":"ImageObject","inLanguage":"lv-LV","@id":"https:\/\/svpchem.eu\/lv\/#\/schema\/logo\/image\/","url":"https:\/\/svpchem.eu\/wp-content\/uploads\/2025\/12\/logo_cropped_no_bg_20251217-1.png","contentUrl":"https:\/\/svpchem.eu\/wp-content\/uploads\/2025\/12\/logo_cropped_no_bg_20251217-1.png","width":851,"height":430,"caption":"svpchem.eu"},"image":{"@id":"https:\/\/svpchem.eu\/lv\/#\/schema\/logo\/image\/"}}]}},"_links":{"self":[{"href":"https:\/\/svpchem.eu\/lv\/wp-json\/wp\/v2\/product\/2544","targetHints":{"allow":["GET"]}}],"collection":[{"href":"https:\/\/svpchem.eu\/lv\/wp-json\/wp\/v2\/product"}],"about":[{"href":"https:\/\/svpchem.eu\/lv\/wp-json\/wp\/v2\/types\/product"}],"wp:featuredmedia":[{"embeddable":true,"href":"https:\/\/svpchem.eu\/lv\/wp-json\/wp\/v2\/media\/2546"}],"wp:attachment":[{"href":"https:\/\/svpchem.eu\/lv\/wp-json\/wp\/v2\/media?parent=2544"}],"wp:term":[{"taxonomy":"product_brand","embeddable":true,"href":"https:\/\/svpchem.eu\/lv\/wp-json\/wp\/v2\/product_brand?post=2544"},{"taxonomy":"product_cat","embeddable":true,"href":"https:\/\/svpchem.eu\/lv\/wp-json\/wp\/v2\/product_cat?post=2544"},{"taxonomy":"product_tag","embeddable":true,"href":"https:\/\/svpchem.eu\/lv\/wp-json\/wp\/v2\/product_tag?post=2544"}],"curies":[{"name":"wp","href":"https:\/\/api.w.org\/{rel}","templated":true}]}}