{"id":2547,"date":"2025-12-19T13:31:50","date_gmt":"2025-12-19T13:31:50","guid":{"rendered":"https:\/\/svpchem.eu\/produktas\/svp-virsbuves-pulieris-skrapejumu-nonemsanai-rubrejosa-sastavju-sastavju\/"},"modified":"2026-04-10T09:59:44","modified_gmt":"2026-04-10T09:59:44","slug":"svp-virsbuves-pulieris-skrapejumu-nonemsanai-rubrejosa-sastavju-sastavju","status":"publish","type":"product","link":"https:\/\/svpchem.eu\/lv\/produktas\/svp-virsbuves-pulieris-skrapejumu-nonemsanai-rubrejosa-sastavju-sastavju\/","title":{"rendered":"SVP Virsb\u016bves pulieris skr\u0101p\u0113jumu no\u0146em\u0161anai RUBR\u0112JO\u0160A SAST\u0100VJU SAST\u0100VJU"},"content":{"rendered":"","protected":false},"excerpt":{"rendered":"<p><strong>Apraksts:<br \/>\n<\/strong><br \/>\n Rubber Rubbing Compound ir augstas stipr\u012bbas, agres\u012bvs abraz\u012bvs pul\u0113\u0161anas savienojums (abraz\u012bv\u0101 pasta), kas paredz\u0113ts lielu defektu labo\u0161anai automobi\u013ca virsb\u016bves kr\u0101sojum\u0101. Tas ir iev\u0113rojami abraz\u012bv\u0101ks nek\u0101 parast\u0101s pul\u0113\u0161anas vielas un darbojas, sl\u012bp\u0113jot pl\u0101no virs\u0113jo kr\u0101sojuma sl\u0101ni.<br \/>\n<strong><br \/>\nGalven\u0101s \u012bpa\u0161\u012bbas:<br \/>\n<\/strong><br \/>\n &#8211; Agres\u012bvs abraz\u012bvs &#8211; augsta mikroskopisku abraz\u012bvo da\u013ci\u0146u koncentr\u0101cija.<br \/>\n&#8211; No\u0146em dzi\u013cus defektus &#8211; skr\u0101p\u0113jumiem, kas neiek\u013c\u016bst lakas sl\u0101n\u012b.<br \/>\n&#8211; Kori\u0123\u0113 virsmu &#8211; no\u0146em smagu oksid\u0101ciju, darvas un apels\u012bna mizi\u0146u.<br \/>\n&#8211; \u0100tra iedarb\u012bba &#8211; \u0101tri izl\u012bdzina virsmu l\u012bdz defekta dzi\u013cumam.<br \/>\n<strong><br \/>\nLieto\u0161ana:<br \/>\n<\/strong><br \/>\n Vienm\u0113r lietojiet ar pul\u0113\u0161anas ma\u0161\u012bnu (rot\u0101cijas vai orbit\u0101lo) un cietu, grie\u0161anas s\u016bkli (grie\u0161anas spilventi\u0146u). Str\u0101d\u0101jiet uzman\u012bgi, lai nesaboj\u0101tu laku. P\u0113c lieto\u0161anas vienm\u0113r ir oblig\u0101ti j\u0101veic apdare ar m\u012bkst\u0101ku pul\u0113\u0161anas pastu.<br \/>\n<strong><br \/>\nPriek\u0161roc\u012bbas:<br \/>\n<\/strong><br \/>\n &#8211; Efekt\u012bvi no\u0146em pat lielus virsb\u016bves defektus.<br \/>\n&#8211; Atjauno kr\u0101sojuma sp\u012bdumu p\u0113c sp\u0113c\u012bgas mat\u0113\u0161anas.<br \/>\n&#8211; Ide\u0101li piem\u0113rots profesion\u0101lai virsb\u016bves sagatavo\u0161anai pirms apdares ar maig\u0101ku pastu.<br \/>\n<strong><br \/>\nTehnisk\u0101 inform\u0101cija:<br \/>\n<\/strong><br \/>\n &#8211; Ietilp\u012bba: 200 ml.<br \/>\n&#8211; M\u0113r\u0137is: Lielu skr\u0101p\u0113jumu, oksid\u0101cijas un defektu no\u0146em\u0161ana.<br \/>\n&#8211; Abrazivit\u0101te: \u013boti sp\u0113c\u012bga (agres\u012bva, grie\u0161anas pasta).<br \/>\n&#8211; Ieteikums: J\u0101izmanto kop\u0101 ar apdares pul\u0113\u0161anas pastu (maig\u0101ka pasta) apdares apstr\u0101dei.<br \/>\n&#8211; Br\u012bdin\u0101jums: Lieto\u0161anas laik\u0101 ir j\u0101iev\u0113ro piesardz\u012bba, jo ir \u013coti abraz\u012bva.<\/p>\n","protected":false},"featured_media":2550,"template":"","meta":[],"product_brand":[],"product_cat":[207,355],"product_tag":[],"class_list":{"0":"post-2547","1":"product","2":"type-product","3":"status-publish","4":"has-post-thumbnail","6":"product_cat-automasinu-kopsanas-lidzekli-un-paligmateriali","7":"product_cat-razosana-pec-pasutijuma","8":"pa_brand-svp","9":"pa_ean-4779019620320-0","10":"pa_kiekis_dz-205","11":"pa_kiekis_pk-167","12":"pa_talpa-200-ml","14":"first","15":"instock","16":"shipping-taxable","17":"product-type-simple"},"yoast_head":"<!-- This site is optimized with the Yoast SEO plugin v27.3 - https:\/\/yoast.com\/product\/yoast-seo-wordpress\/ -->\n<title>SVP Virsb\u016bves pulieris skr\u0101p\u0113jumu no\u0146em\u0161anai RUBR\u0112JO\u0160A SAST\u0100VJU SAST\u0100VJU - svpchem.eu<\/title>\n<meta name=\"description\" content=\"SVP Virsb\u016bves pul\u0113\u0161anas skr\u0101p\u0113jumu no\u0146em\u0161anas l\u012bdzeklis (berzes savienojums) - efekt\u012bvs l\u012bdzeklis vieglu skr\u0101p\u0113jumu un oksid\u0101cijas no\u0146em\u0161anai. Atjauno automa\u0161\u012bnas kr\u0101sas sp\u012bdumu, sagatavo virsmu gal\u012bgajai pul\u0113\u0161anai un nodro\u0161ina gludu, t\u012bru virsmu.\" \/>\n<meta name=\"robots\" content=\"index, follow, max-snippet:-1, max-image-preview:large, max-video-preview:-1\" \/>\n<link rel=\"canonical\" href=\"https:\/\/svpchem.eu\/lv\/produktas\/svp-virsbuves-pulieris-skrapejumu-nonemsanai-rubrejosa-sastavju-sastavju\/\" \/>\n<meta property=\"og:locale\" content=\"lv_LV\" \/>\n<meta property=\"og:type\" content=\"article\" \/>\n<meta property=\"og:title\" content=\"SVP Virsb\u016bves pulieris skr\u0101p\u0113jumu no\u0146em\u0161anai RUBR\u0112JO\u0160A SAST\u0100VJU SAST\u0100VJU - svpchem.eu\" \/>\n<meta property=\"og:description\" content=\"SVP Virsb\u016bves pul\u0113\u0161anas skr\u0101p\u0113jumu no\u0146em\u0161anas l\u012bdzeklis (berzes savienojums) - efekt\u012bvs l\u012bdzeklis vieglu skr\u0101p\u0113jumu un oksid\u0101cijas no\u0146em\u0161anai. Atjauno automa\u0161\u012bnas kr\u0101sas sp\u012bdumu, sagatavo virsmu gal\u012bgajai pul\u0113\u0161anai un nodro\u0161ina gludu, t\u012bru virsmu.\" \/>\n<meta property=\"og:url\" content=\"https:\/\/svpchem.eu\/lv\/produktas\/svp-virsbuves-pulieris-skrapejumu-nonemsanai-rubrejosa-sastavju-sastavju\/\" \/>\n<meta property=\"og:site_name\" content=\"svpchem.eu\" \/>\n<meta property=\"article:modified_time\" content=\"2026-04-10T09:59:44+00:00\" \/>\n<meta property=\"og:image\" content=\"https:\/\/svpchem.eu\/wp-content\/uploads\/2025\/12\/SVP-Kebulo-poliruoklis-ibrezimams-pasalinti-RUBBING-COMPOUND.jpg\" \/>\n\t<meta property=\"og:image:width\" content=\"1300\" \/>\n\t<meta property=\"og:image:height\" content=\"1300\" \/>\n\t<meta property=\"og:image:type\" content=\"image\/jpeg\" \/>\n<meta name=\"twitter:card\" content=\"summary_large_image\" \/>\n<script type=\"application\/ld+json\" class=\"yoast-schema-graph\">{\"@context\":\"https:\\\/\\\/schema.org\",\"@graph\":[{\"@type\":\"WebPage\",\"@id\":\"https:\\\/\\\/svpchem.eu\\\/lv\\\/produktas\\\/svp-virsbuves-pulieris-skrapejumu-nonemsanai-rubrejosa-sastavju-sastavju\\\/\",\"url\":\"https:\\\/\\\/svpchem.eu\\\/lv\\\/produktas\\\/svp-virsbuves-pulieris-skrapejumu-nonemsanai-rubrejosa-sastavju-sastavju\\\/\",\"name\":\"SVP Virsb\u016bves pulieris skr\u0101p\u0113jumu no\u0146em\u0161anai RUBR\u0112JO\u0160A SAST\u0100VJU SAST\u0100VJU - svpchem.eu\",\"isPartOf\":{\"@id\":\"https:\\\/\\\/svpchem.eu\\\/lv\\\/#website\"},\"primaryImageOfPage\":{\"@id\":\"https:\\\/\\\/svpchem.eu\\\/lv\\\/produktas\\\/svp-virsbuves-pulieris-skrapejumu-nonemsanai-rubrejosa-sastavju-sastavju\\\/#primaryimage\"},\"image\":{\"@id\":\"https:\\\/\\\/svpchem.eu\\\/lv\\\/produktas\\\/svp-virsbuves-pulieris-skrapejumu-nonemsanai-rubrejosa-sastavju-sastavju\\\/#primaryimage\"},\"thumbnailUrl\":\"https:\\\/\\\/svpchem.eu\\\/wp-content\\\/uploads\\\/2025\\\/12\\\/SVP-Kebulo-poliruoklis-ibrezimams-pasalinti-RUBBING-COMPOUND.jpg\",\"datePublished\":\"2025-12-19T13:31:50+00:00\",\"dateModified\":\"2026-04-10T09:59:44+00:00\",\"description\":\"SVP Virsb\u016bves pul\u0113\u0161anas skr\u0101p\u0113jumu no\u0146em\u0161anas l\u012bdzeklis (berzes savienojums) - efekt\u012bvs l\u012bdzeklis vieglu skr\u0101p\u0113jumu un oksid\u0101cijas no\u0146em\u0161anai. Atjauno automa\u0161\u012bnas kr\u0101sas sp\u012bdumu, sagatavo virsmu gal\u012bgajai pul\u0113\u0161anai un nodro\u0161ina gludu, t\u012bru virsmu.\",\"breadcrumb\":{\"@id\":\"https:\\\/\\\/svpchem.eu\\\/lv\\\/produktas\\\/svp-virsbuves-pulieris-skrapejumu-nonemsanai-rubrejosa-sastavju-sastavju\\\/#breadcrumb\"},\"inLanguage\":\"lv-LV\",\"potentialAction\":[{\"@type\":\"ReadAction\",\"target\":[\"https:\\\/\\\/svpchem.eu\\\/lv\\\/produktas\\\/svp-virsbuves-pulieris-skrapejumu-nonemsanai-rubrejosa-sastavju-sastavju\\\/\"]}]},{\"@type\":\"ImageObject\",\"inLanguage\":\"lv-LV\",\"@id\":\"https:\\\/\\\/svpchem.eu\\\/lv\\\/produktas\\\/svp-virsbuves-pulieris-skrapejumu-nonemsanai-rubrejosa-sastavju-sastavju\\\/#primaryimage\",\"url\":\"https:\\\/\\\/svpchem.eu\\\/wp-content\\\/uploads\\\/2025\\\/12\\\/SVP-Kebulo-poliruoklis-ibrezimams-pasalinti-RUBBING-COMPOUND.jpg\",\"contentUrl\":\"https:\\\/\\\/svpchem.eu\\\/wp-content\\\/uploads\\\/2025\\\/12\\\/SVP-Kebulo-poliruoklis-ibrezimams-pasalinti-RUBBING-COMPOUND.jpg\",\"width\":1300,\"height\":1300},{\"@type\":\"BreadcrumbList\",\"@id\":\"https:\\\/\\\/svpchem.eu\\\/lv\\\/produktas\\\/svp-virsbuves-pulieris-skrapejumu-nonemsanai-rubrejosa-sastavju-sastavju\\\/#breadcrumb\",\"itemListElement\":[{\"@type\":\"ListItem\",\"position\":1,\"name\":\"S\u0101kums\",\"item\":\"https:\\\/\\\/svpchem.eu\\\/lv\\\/par-mums\\\/\"},{\"@type\":\"ListItem\",\"position\":2,\"name\":\"Veikals\",\"item\":\"https:\\\/\\\/svpchem.eu\\\/lv\\\/veikals\\\/\"},{\"@type\":\"ListItem\",\"position\":3,\"name\":\"SVP Virsb\u016bves pulieris skr\u0101p\u0113jumu no\u0146em\u0161anai RUBR\u0112JO\u0160A SAST\u0100VJU SAST\u0100VJU\"}]},{\"@type\":\"WebSite\",\"@id\":\"https:\\\/\\\/svpchem.eu\\\/lv\\\/#website\",\"url\":\"https:\\\/\\\/svpchem.eu\\\/lv\\\/\",\"name\":\"svpchem.eu\",\"description\":\"\",\"publisher\":{\"@id\":\"https:\\\/\\\/svpchem.eu\\\/lv\\\/#organization\"},\"potentialAction\":[{\"@type\":\"SearchAction\",\"target\":{\"@type\":\"EntryPoint\",\"urlTemplate\":\"https:\\\/\\\/svpchem.eu\\\/lv\\\/?s={search_term_string}\"},\"query-input\":{\"@type\":\"PropertyValueSpecification\",\"valueRequired\":true,\"valueName\":\"search_term_string\"}}],\"inLanguage\":\"lv-LV\"},{\"@type\":\"Organization\",\"@id\":\"https:\\\/\\\/svpchem.eu\\\/lv\\\/#organization\",\"name\":\"svpchem.eu\",\"url\":\"https:\\\/\\\/svpchem.eu\\\/lv\\\/\",\"logo\":{\"@type\":\"ImageObject\",\"inLanguage\":\"lv-LV\",\"@id\":\"https:\\\/\\\/svpchem.eu\\\/lv\\\/#\\\/schema\\\/logo\\\/image\\\/\",\"url\":\"https:\\\/\\\/svpchem.eu\\\/wp-content\\\/uploads\\\/2025\\\/12\\\/logo_cropped_no_bg_20251217-1.png\",\"contentUrl\":\"https:\\\/\\\/svpchem.eu\\\/wp-content\\\/uploads\\\/2025\\\/12\\\/logo_cropped_no_bg_20251217-1.png\",\"width\":851,\"height\":430,\"caption\":\"svpchem.eu\"},\"image\":{\"@id\":\"https:\\\/\\\/svpchem.eu\\\/lv\\\/#\\\/schema\\\/logo\\\/image\\\/\"}}]}<\/script>\n<!-- \/ Yoast SEO plugin. -->","yoast_head_json":{"title":"SVP Virsb\u016bves pulieris skr\u0101p\u0113jumu no\u0146em\u0161anai RUBR\u0112JO\u0160A SAST\u0100VJU SAST\u0100VJU - svpchem.eu","description":"SVP Virsb\u016bves pul\u0113\u0161anas skr\u0101p\u0113jumu no\u0146em\u0161anas l\u012bdzeklis (berzes savienojums) - efekt\u012bvs l\u012bdzeklis vieglu skr\u0101p\u0113jumu un oksid\u0101cijas no\u0146em\u0161anai. Atjauno automa\u0161\u012bnas kr\u0101sas sp\u012bdumu, sagatavo virsmu gal\u012bgajai pul\u0113\u0161anai un nodro\u0161ina gludu, t\u012bru virsmu.","robots":{"index":"index","follow":"follow","max-snippet":"max-snippet:-1","max-image-preview":"max-image-preview:large","max-video-preview":"max-video-preview:-1"},"canonical":"https:\/\/svpchem.eu\/lv\/produktas\/svp-virsbuves-pulieris-skrapejumu-nonemsanai-rubrejosa-sastavju-sastavju\/","og_locale":"lv_LV","og_type":"article","og_title":"SVP Virsb\u016bves pulieris skr\u0101p\u0113jumu no\u0146em\u0161anai RUBR\u0112JO\u0160A SAST\u0100VJU SAST\u0100VJU - svpchem.eu","og_description":"SVP Virsb\u016bves pul\u0113\u0161anas skr\u0101p\u0113jumu no\u0146em\u0161anas l\u012bdzeklis (berzes savienojums) - efekt\u012bvs l\u012bdzeklis vieglu skr\u0101p\u0113jumu un oksid\u0101cijas no\u0146em\u0161anai. Atjauno automa\u0161\u012bnas kr\u0101sas sp\u012bdumu, sagatavo virsmu gal\u012bgajai pul\u0113\u0161anai un nodro\u0161ina gludu, t\u012bru virsmu.","og_url":"https:\/\/svpchem.eu\/lv\/produktas\/svp-virsbuves-pulieris-skrapejumu-nonemsanai-rubrejosa-sastavju-sastavju\/","og_site_name":"svpchem.eu","article_modified_time":"2026-04-10T09:59:44+00:00","og_image":[{"width":1300,"height":1300,"url":"https:\/\/svpchem.eu\/wp-content\/uploads\/2025\/12\/SVP-Kebulo-poliruoklis-ibrezimams-pasalinti-RUBBING-COMPOUND.jpg","type":"image\/jpeg"}],"twitter_card":"summary_large_image","schema":{"@context":"https:\/\/schema.org","@graph":[{"@type":"WebPage","@id":"https:\/\/svpchem.eu\/lv\/produktas\/svp-virsbuves-pulieris-skrapejumu-nonemsanai-rubrejosa-sastavju-sastavju\/","url":"https:\/\/svpchem.eu\/lv\/produktas\/svp-virsbuves-pulieris-skrapejumu-nonemsanai-rubrejosa-sastavju-sastavju\/","name":"SVP Virsb\u016bves pulieris skr\u0101p\u0113jumu no\u0146em\u0161anai RUBR\u0112JO\u0160A SAST\u0100VJU SAST\u0100VJU - svpchem.eu","isPartOf":{"@id":"https:\/\/svpchem.eu\/lv\/#website"},"primaryImageOfPage":{"@id":"https:\/\/svpchem.eu\/lv\/produktas\/svp-virsbuves-pulieris-skrapejumu-nonemsanai-rubrejosa-sastavju-sastavju\/#primaryimage"},"image":{"@id":"https:\/\/svpchem.eu\/lv\/produktas\/svp-virsbuves-pulieris-skrapejumu-nonemsanai-rubrejosa-sastavju-sastavju\/#primaryimage"},"thumbnailUrl":"https:\/\/svpchem.eu\/wp-content\/uploads\/2025\/12\/SVP-Kebulo-poliruoklis-ibrezimams-pasalinti-RUBBING-COMPOUND.jpg","datePublished":"2025-12-19T13:31:50+00:00","dateModified":"2026-04-10T09:59:44+00:00","description":"SVP Virsb\u016bves pul\u0113\u0161anas skr\u0101p\u0113jumu no\u0146em\u0161anas l\u012bdzeklis (berzes savienojums) - efekt\u012bvs l\u012bdzeklis vieglu skr\u0101p\u0113jumu un oksid\u0101cijas no\u0146em\u0161anai. Atjauno automa\u0161\u012bnas kr\u0101sas sp\u012bdumu, sagatavo virsmu gal\u012bgajai pul\u0113\u0161anai un nodro\u0161ina gludu, t\u012bru virsmu.","breadcrumb":{"@id":"https:\/\/svpchem.eu\/lv\/produktas\/svp-virsbuves-pulieris-skrapejumu-nonemsanai-rubrejosa-sastavju-sastavju\/#breadcrumb"},"inLanguage":"lv-LV","potentialAction":[{"@type":"ReadAction","target":["https:\/\/svpchem.eu\/lv\/produktas\/svp-virsbuves-pulieris-skrapejumu-nonemsanai-rubrejosa-sastavju-sastavju\/"]}]},{"@type":"ImageObject","inLanguage":"lv-LV","@id":"https:\/\/svpchem.eu\/lv\/produktas\/svp-virsbuves-pulieris-skrapejumu-nonemsanai-rubrejosa-sastavju-sastavju\/#primaryimage","url":"https:\/\/svpchem.eu\/wp-content\/uploads\/2025\/12\/SVP-Kebulo-poliruoklis-ibrezimams-pasalinti-RUBBING-COMPOUND.jpg","contentUrl":"https:\/\/svpchem.eu\/wp-content\/uploads\/2025\/12\/SVP-Kebulo-poliruoklis-ibrezimams-pasalinti-RUBBING-COMPOUND.jpg","width":1300,"height":1300},{"@type":"BreadcrumbList","@id":"https:\/\/svpchem.eu\/lv\/produktas\/svp-virsbuves-pulieris-skrapejumu-nonemsanai-rubrejosa-sastavju-sastavju\/#breadcrumb","itemListElement":[{"@type":"ListItem","position":1,"name":"S\u0101kums","item":"https:\/\/svpchem.eu\/lv\/par-mums\/"},{"@type":"ListItem","position":2,"name":"Veikals","item":"https:\/\/svpchem.eu\/lv\/veikals\/"},{"@type":"ListItem","position":3,"name":"SVP Virsb\u016bves pulieris skr\u0101p\u0113jumu no\u0146em\u0161anai RUBR\u0112JO\u0160A SAST\u0100VJU SAST\u0100VJU"}]},{"@type":"WebSite","@id":"https:\/\/svpchem.eu\/lv\/#website","url":"https:\/\/svpchem.eu\/lv\/","name":"svpchem.eu","description":"","publisher":{"@id":"https:\/\/svpchem.eu\/lv\/#organization"},"potentialAction":[{"@type":"SearchAction","target":{"@type":"EntryPoint","urlTemplate":"https:\/\/svpchem.eu\/lv\/?s={search_term_string}"},"query-input":{"@type":"PropertyValueSpecification","valueRequired":true,"valueName":"search_term_string"}}],"inLanguage":"lv-LV"},{"@type":"Organization","@id":"https:\/\/svpchem.eu\/lv\/#organization","name":"svpchem.eu","url":"https:\/\/svpchem.eu\/lv\/","logo":{"@type":"ImageObject","inLanguage":"lv-LV","@id":"https:\/\/svpchem.eu\/lv\/#\/schema\/logo\/image\/","url":"https:\/\/svpchem.eu\/wp-content\/uploads\/2025\/12\/logo_cropped_no_bg_20251217-1.png","contentUrl":"https:\/\/svpchem.eu\/wp-content\/uploads\/2025\/12\/logo_cropped_no_bg_20251217-1.png","width":851,"height":430,"caption":"svpchem.eu"},"image":{"@id":"https:\/\/svpchem.eu\/lv\/#\/schema\/logo\/image\/"}}]}},"_links":{"self":[{"href":"https:\/\/svpchem.eu\/lv\/wp-json\/wp\/v2\/product\/2547","targetHints":{"allow":["GET"]}}],"collection":[{"href":"https:\/\/svpchem.eu\/lv\/wp-json\/wp\/v2\/product"}],"about":[{"href":"https:\/\/svpchem.eu\/lv\/wp-json\/wp\/v2\/types\/product"}],"wp:featuredmedia":[{"embeddable":true,"href":"https:\/\/svpchem.eu\/lv\/wp-json\/wp\/v2\/media\/2550"}],"wp:attachment":[{"href":"https:\/\/svpchem.eu\/lv\/wp-json\/wp\/v2\/media?parent=2547"}],"wp:term":[{"taxonomy":"product_brand","embeddable":true,"href":"https:\/\/svpchem.eu\/lv\/wp-json\/wp\/v2\/product_brand?post=2547"},{"taxonomy":"product_cat","embeddable":true,"href":"https:\/\/svpchem.eu\/lv\/wp-json\/wp\/v2\/product_cat?post=2547"},{"taxonomy":"product_tag","embeddable":true,"href":"https:\/\/svpchem.eu\/lv\/wp-json\/wp\/v2\/product_tag?post=2547"}],"curies":[{"name":"wp","href":"https:\/\/api.w.org\/{rel}","templated":true}]}}