{"id":2555,"date":"2025-12-19T13:31:50","date_gmt":"2025-12-19T13:31:50","guid":{"rendered":"https:\/\/svpchem.eu\/produktas\/svp-aerosola-aizsargparklajums-antikorozin\/"},"modified":"2026-04-10T09:57:55","modified_gmt":"2026-04-10T09:57:55","slug":"svp-aerosola-aizsargparklajums-antikorozin","status":"publish","type":"product","link":"https:\/\/svpchem.eu\/lv\/produktas\/svp-aerosola-aizsargparklajums-antikorozin\/","title":{"rendered":"SVP Aerosola aizsargp\u0101rkl\u0101jums ANTIKOROZIN"},"content":{"rendered":"","protected":false},"excerpt":{"rendered":"<p><strong>Apraksts:<br \/>\n<\/strong><br \/>\n Pretkorozijas aerosola p\u0101rkl\u0101jums, kas aizsarg\u0101 virsb\u016bves apak\u0161\u0113jo da\u013cu, sliek\u0161\u0146us un \u0161asijas da\u013cas no r\u016bsas un meh\u0101niskas iedarb\u012bbas.<br \/>\n<strong><br \/>\nGalven\u0101s iez\u012bmes:<br \/>\n<\/strong><br \/>\n &#8211; Aizsargp\u0101rkl\u0101jums uz poliuret\u0101na b\u0101zes.<br \/>\n&#8211; Iztur\u012bgs pret mitrumu, s\u0101li, taukiem, triecieniem.<br \/>\n&#8211; Nodro\u0161ina ilgsto\u0161u pretkorozijas aizsardz\u012bbu.<br \/>\n&#8211; P\u0113c no\u017e\u016b\u0161anas var kr\u0101sot.<br \/>\n<strong><br \/>\nLieto\u0161ana:<br \/>\n<\/strong><br \/>\n Virsmai j\u0101b\u016bt t\u012brai, sausai un bez r\u016bsas. Pirms lieto\u0161anas labi sakrat\u012bt. Izsmidzin\u0101t no 20-30 cm att\u0101luma. Izvair\u012bties no bieza p\u0101rkl\u0101juma. Iz\u017e\u016bst 1-2 stundu laik\u0101. Piln\u012bb\u0101 no\u017e\u016bst 24 stundu laik\u0101.<br \/>\n<strong><br \/>\nPriek\u0161roc\u012bbas:<br \/>\n<\/strong><br \/>\n &#8211; Aizsarg\u0101 met\u0101la virsmas pret koroziju.<br \/>\n&#8211; Ilgnotur\u012bgs elast\u012bgs p\u0101rkl\u0101jums &#8211; nesadal\u0101s.<br \/>\n&#8211; Var lietot da\u017e\u0101dos laika apst\u0101k\u013cos.<br \/>\n<strong><br \/>\nTehnisk\u0101 inform\u0101cija:<br \/>\n<\/strong><br \/>\n &#8211; Ietilp\u012bba: 600 ml.<br \/>\n&#8211; Kr\u0101sa: melna.<br \/>\n&#8211; Sast\u0101vs: polim\u0113ri, \u0161\u0137\u012bdin\u0101t\u0101ji, pretkorozijas piedevas.<br \/>\n&#8211; Darba temperat\u016bra: +10 \u00b0C l\u012bdz +35 \u00b0C.<\/p>\n","protected":false},"featured_media":3673,"template":"","meta":[],"product_brand":[],"product_cat":[207,351],"product_tag":[],"class_list":{"0":"post-2555","1":"product","2":"type-product","3":"status-publish","4":"has-post-thumbnail","6":"product_cat-automasinu-kopsanas-lidzekli-un-paligmateriali","7":"product_cat-standarta-sortiments","8":"pa_brand-svp","9":"pa_ean-2000013316493-0","10":"pa_kiekis_dz-205","11":"pa_kiekis_pk-167","12":"pa_talpa-600-ml","14":"first","15":"instock","16":"shipping-taxable","17":"product-type-simple"},"yoast_head":"<!-- This site is optimized with the Yoast SEO plugin v27.3 - https:\/\/yoast.com\/product\/yoast-seo-wordpress\/ -->\n<title>SVP Aerosola aizsargp\u0101rkl\u0101jums ANTIKOROZIN - svpchem.eu<\/title>\n<meta name=\"description\" content=\"SVP aerosola virsb\u016bvju aizsargp\u0101rkl\u0101jums Anticorrosin ir dro\u0161a aizsardz\u012bba pret r\u016bsu un meh\u0101niskiem boj\u0101jumiem automobi\u013cu virsb\u016bv\u0113s. Tas veido iztur\u012bgu, ilgnotur\u012bgu p\u0101rkl\u0101jumu, kas aizsarg\u0101 pret s\u0101li, smilt\u012bm un koroziju.\" \/>\n<meta name=\"robots\" content=\"index, follow, max-snippet:-1, max-image-preview:large, max-video-preview:-1\" \/>\n<link rel=\"canonical\" href=\"https:\/\/svpchem.eu\/lv\/produktas\/svp-aerosola-aizsargparklajums-antikorozin\/\" \/>\n<meta property=\"og:locale\" content=\"lv_LV\" \/>\n<meta property=\"og:type\" content=\"article\" \/>\n<meta property=\"og:title\" content=\"SVP Aerosola aizsargp\u0101rkl\u0101jums ANTIKOROZIN - svpchem.eu\" \/>\n<meta property=\"og:description\" content=\"SVP aerosola virsb\u016bvju aizsargp\u0101rkl\u0101jums Anticorrosin ir dro\u0161a aizsardz\u012bba pret r\u016bsu un meh\u0101niskiem boj\u0101jumiem automobi\u013cu virsb\u016bv\u0113s. Tas veido iztur\u012bgu, ilgnotur\u012bgu p\u0101rkl\u0101jumu, kas aizsarg\u0101 pret s\u0101li, smilt\u012bm un koroziju.\" \/>\n<meta property=\"og:url\" content=\"https:\/\/svpchem.eu\/lv\/produktas\/svp-aerosola-aizsargparklajums-antikorozin\/\" \/>\n<meta property=\"og:site_name\" content=\"svpchem.eu\" \/>\n<meta property=\"article:modified_time\" content=\"2026-04-10T09:57:55+00:00\" \/>\n<meta property=\"og:image\" content=\"https:\/\/svpchem.eu\/wp-content\/uploads\/2025\/12\/SVP-Aerozoline-apsaugine-kebulo-danga-ANTIKOROZIN.png\" \/>\n\t<meta property=\"og:image:width\" content=\"1024\" \/>\n\t<meta property=\"og:image:height\" content=\"1024\" \/>\n\t<meta property=\"og:image:type\" content=\"image\/png\" \/>\n<meta name=\"twitter:card\" content=\"summary_large_image\" \/>\n<script type=\"application\/ld+json\" class=\"yoast-schema-graph\">{\"@context\":\"https:\\\/\\\/schema.org\",\"@graph\":[{\"@type\":\"WebPage\",\"@id\":\"https:\\\/\\\/svpchem.eu\\\/lv\\\/produktas\\\/svp-aerosola-aizsargparklajums-antikorozin\\\/\",\"url\":\"https:\\\/\\\/svpchem.eu\\\/lv\\\/produktas\\\/svp-aerosola-aizsargparklajums-antikorozin\\\/\",\"name\":\"SVP Aerosola aizsargp\u0101rkl\u0101jums ANTIKOROZIN - svpchem.eu\",\"isPartOf\":{\"@id\":\"https:\\\/\\\/svpchem.eu\\\/lv\\\/#website\"},\"primaryImageOfPage\":{\"@id\":\"https:\\\/\\\/svpchem.eu\\\/lv\\\/produktas\\\/svp-aerosola-aizsargparklajums-antikorozin\\\/#primaryimage\"},\"image\":{\"@id\":\"https:\\\/\\\/svpchem.eu\\\/lv\\\/produktas\\\/svp-aerosola-aizsargparklajums-antikorozin\\\/#primaryimage\"},\"thumbnailUrl\":\"https:\\\/\\\/svpchem.eu\\\/wp-content\\\/uploads\\\/2025\\\/12\\\/SVP-Aerozoline-apsaugine-kebulo-danga-ANTIKOROZIN-1.jpg\",\"datePublished\":\"2025-12-19T13:31:50+00:00\",\"dateModified\":\"2026-04-10T09:57:55+00:00\",\"description\":\"SVP aerosola virsb\u016bvju aizsargp\u0101rkl\u0101jums Anticorrosin ir dro\u0161a aizsardz\u012bba pret r\u016bsu un meh\u0101niskiem boj\u0101jumiem automobi\u013cu virsb\u016bv\u0113s. Tas veido iztur\u012bgu, ilgnotur\u012bgu p\u0101rkl\u0101jumu, kas aizsarg\u0101 pret s\u0101li, smilt\u012bm un koroziju.\",\"breadcrumb\":{\"@id\":\"https:\\\/\\\/svpchem.eu\\\/lv\\\/produktas\\\/svp-aerosola-aizsargparklajums-antikorozin\\\/#breadcrumb\"},\"inLanguage\":\"lv-LV\",\"potentialAction\":[{\"@type\":\"ReadAction\",\"target\":[\"https:\\\/\\\/svpchem.eu\\\/lv\\\/produktas\\\/svp-aerosola-aizsargparklajums-antikorozin\\\/\"]}]},{\"@type\":\"ImageObject\",\"inLanguage\":\"lv-LV\",\"@id\":\"https:\\\/\\\/svpchem.eu\\\/lv\\\/produktas\\\/svp-aerosola-aizsargparklajums-antikorozin\\\/#primaryimage\",\"url\":\"https:\\\/\\\/svpchem.eu\\\/wp-content\\\/uploads\\\/2025\\\/12\\\/SVP-Aerozoline-apsaugine-kebulo-danga-ANTIKOROZIN-1.jpg\",\"contentUrl\":\"https:\\\/\\\/svpchem.eu\\\/wp-content\\\/uploads\\\/2025\\\/12\\\/SVP-Aerozoline-apsaugine-kebulo-danga-ANTIKOROZIN-1.jpg\",\"width\":1300,\"height\":1300},{\"@type\":\"BreadcrumbList\",\"@id\":\"https:\\\/\\\/svpchem.eu\\\/lv\\\/produktas\\\/svp-aerosola-aizsargparklajums-antikorozin\\\/#breadcrumb\",\"itemListElement\":[{\"@type\":\"ListItem\",\"position\":1,\"name\":\"S\u0101kums\",\"item\":\"https:\\\/\\\/svpchem.eu\\\/lv\\\/par-mums\\\/\"},{\"@type\":\"ListItem\",\"position\":2,\"name\":\"Veikals\",\"item\":\"https:\\\/\\\/svpchem.eu\\\/lv\\\/veikals\\\/\"},{\"@type\":\"ListItem\",\"position\":3,\"name\":\"SVP Aerosola aizsargp\u0101rkl\u0101jums ANTIKOROZIN\"}]},{\"@type\":\"WebSite\",\"@id\":\"https:\\\/\\\/svpchem.eu\\\/lv\\\/#website\",\"url\":\"https:\\\/\\\/svpchem.eu\\\/lv\\\/\",\"name\":\"svpchem.eu\",\"description\":\"\",\"publisher\":{\"@id\":\"https:\\\/\\\/svpchem.eu\\\/lv\\\/#organization\"},\"potentialAction\":[{\"@type\":\"SearchAction\",\"target\":{\"@type\":\"EntryPoint\",\"urlTemplate\":\"https:\\\/\\\/svpchem.eu\\\/lv\\\/?s={search_term_string}\"},\"query-input\":{\"@type\":\"PropertyValueSpecification\",\"valueRequired\":true,\"valueName\":\"search_term_string\"}}],\"inLanguage\":\"lv-LV\"},{\"@type\":\"Organization\",\"@id\":\"https:\\\/\\\/svpchem.eu\\\/lv\\\/#organization\",\"name\":\"svpchem.eu\",\"url\":\"https:\\\/\\\/svpchem.eu\\\/lv\\\/\",\"logo\":{\"@type\":\"ImageObject\",\"inLanguage\":\"lv-LV\",\"@id\":\"https:\\\/\\\/svpchem.eu\\\/lv\\\/#\\\/schema\\\/logo\\\/image\\\/\",\"url\":\"https:\\\/\\\/svpchem.eu\\\/wp-content\\\/uploads\\\/2025\\\/12\\\/logo_cropped_no_bg_20251217-1.png\",\"contentUrl\":\"https:\\\/\\\/svpchem.eu\\\/wp-content\\\/uploads\\\/2025\\\/12\\\/logo_cropped_no_bg_20251217-1.png\",\"width\":851,\"height\":430,\"caption\":\"svpchem.eu\"},\"image\":{\"@id\":\"https:\\\/\\\/svpchem.eu\\\/lv\\\/#\\\/schema\\\/logo\\\/image\\\/\"}}]}<\/script>\n<!-- \/ Yoast SEO plugin. -->","yoast_head_json":{"title":"SVP Aerosola aizsargp\u0101rkl\u0101jums ANTIKOROZIN - svpchem.eu","description":"SVP aerosola virsb\u016bvju aizsargp\u0101rkl\u0101jums Anticorrosin ir dro\u0161a aizsardz\u012bba pret r\u016bsu un meh\u0101niskiem boj\u0101jumiem automobi\u013cu virsb\u016bv\u0113s. Tas veido iztur\u012bgu, ilgnotur\u012bgu p\u0101rkl\u0101jumu, kas aizsarg\u0101 pret s\u0101li, smilt\u012bm un koroziju.","robots":{"index":"index","follow":"follow","max-snippet":"max-snippet:-1","max-image-preview":"max-image-preview:large","max-video-preview":"max-video-preview:-1"},"canonical":"https:\/\/svpchem.eu\/lv\/produktas\/svp-aerosola-aizsargparklajums-antikorozin\/","og_locale":"lv_LV","og_type":"article","og_title":"SVP Aerosola aizsargp\u0101rkl\u0101jums ANTIKOROZIN - svpchem.eu","og_description":"SVP aerosola virsb\u016bvju aizsargp\u0101rkl\u0101jums Anticorrosin ir dro\u0161a aizsardz\u012bba pret r\u016bsu un meh\u0101niskiem boj\u0101jumiem automobi\u013cu virsb\u016bv\u0113s. Tas veido iztur\u012bgu, ilgnotur\u012bgu p\u0101rkl\u0101jumu, kas aizsarg\u0101 pret s\u0101li, smilt\u012bm un koroziju.","og_url":"https:\/\/svpchem.eu\/lv\/produktas\/svp-aerosola-aizsargparklajums-antikorozin\/","og_site_name":"svpchem.eu","article_modified_time":"2026-04-10T09:57:55+00:00","og_image":[{"width":1024,"height":1024,"url":"https:\/\/svpchem.eu\/wp-content\/uploads\/2025\/12\/SVP-Aerozoline-apsaugine-kebulo-danga-ANTIKOROZIN.png","type":"image\/png"}],"twitter_card":"summary_large_image","schema":{"@context":"https:\/\/schema.org","@graph":[{"@type":"WebPage","@id":"https:\/\/svpchem.eu\/lv\/produktas\/svp-aerosola-aizsargparklajums-antikorozin\/","url":"https:\/\/svpchem.eu\/lv\/produktas\/svp-aerosola-aizsargparklajums-antikorozin\/","name":"SVP Aerosola aizsargp\u0101rkl\u0101jums ANTIKOROZIN - svpchem.eu","isPartOf":{"@id":"https:\/\/svpchem.eu\/lv\/#website"},"primaryImageOfPage":{"@id":"https:\/\/svpchem.eu\/lv\/produktas\/svp-aerosola-aizsargparklajums-antikorozin\/#primaryimage"},"image":{"@id":"https:\/\/svpchem.eu\/lv\/produktas\/svp-aerosola-aizsargparklajums-antikorozin\/#primaryimage"},"thumbnailUrl":"https:\/\/svpchem.eu\/wp-content\/uploads\/2025\/12\/SVP-Aerozoline-apsaugine-kebulo-danga-ANTIKOROZIN-1.jpg","datePublished":"2025-12-19T13:31:50+00:00","dateModified":"2026-04-10T09:57:55+00:00","description":"SVP aerosola virsb\u016bvju aizsargp\u0101rkl\u0101jums Anticorrosin ir dro\u0161a aizsardz\u012bba pret r\u016bsu un meh\u0101niskiem boj\u0101jumiem automobi\u013cu virsb\u016bv\u0113s. Tas veido iztur\u012bgu, ilgnotur\u012bgu p\u0101rkl\u0101jumu, kas aizsarg\u0101 pret s\u0101li, smilt\u012bm un koroziju.","breadcrumb":{"@id":"https:\/\/svpchem.eu\/lv\/produktas\/svp-aerosola-aizsargparklajums-antikorozin\/#breadcrumb"},"inLanguage":"lv-LV","potentialAction":[{"@type":"ReadAction","target":["https:\/\/svpchem.eu\/lv\/produktas\/svp-aerosola-aizsargparklajums-antikorozin\/"]}]},{"@type":"ImageObject","inLanguage":"lv-LV","@id":"https:\/\/svpchem.eu\/lv\/produktas\/svp-aerosola-aizsargparklajums-antikorozin\/#primaryimage","url":"https:\/\/svpchem.eu\/wp-content\/uploads\/2025\/12\/SVP-Aerozoline-apsaugine-kebulo-danga-ANTIKOROZIN-1.jpg","contentUrl":"https:\/\/svpchem.eu\/wp-content\/uploads\/2025\/12\/SVP-Aerozoline-apsaugine-kebulo-danga-ANTIKOROZIN-1.jpg","width":1300,"height":1300},{"@type":"BreadcrumbList","@id":"https:\/\/svpchem.eu\/lv\/produktas\/svp-aerosola-aizsargparklajums-antikorozin\/#breadcrumb","itemListElement":[{"@type":"ListItem","position":1,"name":"S\u0101kums","item":"https:\/\/svpchem.eu\/lv\/par-mums\/"},{"@type":"ListItem","position":2,"name":"Veikals","item":"https:\/\/svpchem.eu\/lv\/veikals\/"},{"@type":"ListItem","position":3,"name":"SVP Aerosola aizsargp\u0101rkl\u0101jums ANTIKOROZIN"}]},{"@type":"WebSite","@id":"https:\/\/svpchem.eu\/lv\/#website","url":"https:\/\/svpchem.eu\/lv\/","name":"svpchem.eu","description":"","publisher":{"@id":"https:\/\/svpchem.eu\/lv\/#organization"},"potentialAction":[{"@type":"SearchAction","target":{"@type":"EntryPoint","urlTemplate":"https:\/\/svpchem.eu\/lv\/?s={search_term_string}"},"query-input":{"@type":"PropertyValueSpecification","valueRequired":true,"valueName":"search_term_string"}}],"inLanguage":"lv-LV"},{"@type":"Organization","@id":"https:\/\/svpchem.eu\/lv\/#organization","name":"svpchem.eu","url":"https:\/\/svpchem.eu\/lv\/","logo":{"@type":"ImageObject","inLanguage":"lv-LV","@id":"https:\/\/svpchem.eu\/lv\/#\/schema\/logo\/image\/","url":"https:\/\/svpchem.eu\/wp-content\/uploads\/2025\/12\/logo_cropped_no_bg_20251217-1.png","contentUrl":"https:\/\/svpchem.eu\/wp-content\/uploads\/2025\/12\/logo_cropped_no_bg_20251217-1.png","width":851,"height":430,"caption":"svpchem.eu"},"image":{"@id":"https:\/\/svpchem.eu\/lv\/#\/schema\/logo\/image\/"}}]}},"_links":{"self":[{"href":"https:\/\/svpchem.eu\/lv\/wp-json\/wp\/v2\/product\/2555","targetHints":{"allow":["GET"]}}],"collection":[{"href":"https:\/\/svpchem.eu\/lv\/wp-json\/wp\/v2\/product"}],"about":[{"href":"https:\/\/svpchem.eu\/lv\/wp-json\/wp\/v2\/types\/product"}],"wp:featuredmedia":[{"embeddable":true,"href":"https:\/\/svpchem.eu\/lv\/wp-json\/wp\/v2\/media\/3673"}],"wp:attachment":[{"href":"https:\/\/svpchem.eu\/lv\/wp-json\/wp\/v2\/media?parent=2555"}],"wp:term":[{"taxonomy":"product_brand","embeddable":true,"href":"https:\/\/svpchem.eu\/lv\/wp-json\/wp\/v2\/product_brand?post=2555"},{"taxonomy":"product_cat","embeddable":true,"href":"https:\/\/svpchem.eu\/lv\/wp-json\/wp\/v2\/product_cat?post=2555"},{"taxonomy":"product_tag","embeddable":true,"href":"https:\/\/svpchem.eu\/lv\/wp-json\/wp\/v2\/product_tag?post=2555"}],"curies":[{"name":"wp","href":"https:\/\/api.w.org\/{rel}","templated":true}]}}