{"id":2573,"date":"2025-12-19T13:31:50","date_gmt":"2025-12-19T13:31:50","guid":{"rendered":"https:\/\/svpchem.eu\/produktas\/svp-aerosola-bremzu-un-detalu-tirisanas-lidzeklis\/"},"modified":"2026-04-10T09:57:49","modified_gmt":"2026-04-10T09:57:49","slug":"svp-aerosola-bremzu-un-detalu-tirisanas-lidzeklis","status":"publish","type":"product","link":"https:\/\/svpchem.eu\/lv\/produktas\/svp-aerosola-bremzu-un-detalu-tirisanas-lidzeklis\/","title":{"rendered":"SVP Aerosola brem\u017eu un deta\u013cu t\u012br\u012b\u0161anas l\u012bdzeklis"},"content":{"rendered":"","protected":false},"excerpt":{"rendered":"<p><strong>Apraksts:<br \/>\n<\/strong><br \/>\n Jaud\u012bgs aerosola t\u012br\u012b\u0161anas l\u012bdzeklis tauku, e\u013c\u013cas, putek\u013cu un citu net\u012brumu no\u0146em\u0161anai no bremz\u0113m un da\u017e\u0101d\u0101m meh\u0101niskaj\u0101m deta\u013c\u0101m. Pal\u012bdz nodro\u0161in\u0101t t\u012bru, dro\u0161u un efekt\u012bvu sist\u0113mu.<br \/>\n<strong><br \/>\nGalven\u0101s \u012bpa\u0161\u012bbas:<br \/>\n<\/strong><br \/>\n &#8211; \u0100tri \u0161\u0137\u012bdina sm\u0113rvielas, e\u013c\u013cas, brem\u017eu \u0161\u0137idrumu.<br \/>\n&#8211; Nov\u0113r\u0161 atlikumu vai putek\u013cu veido\u0161anos.<br \/>\n&#8211; Neagres\u012bvs pret met\u0101liem, gumijas, plastmasas deta\u013c\u0101m.<br \/>\n&#8211; \u0100tri iztvaiko &#8211; p\u0113c lieto\u0161anas nav nepiecie\u0161ams t\u012br\u012bt virsmu.<\/p>\n<p><strong>Lieto\u0161ana:<\/strong><\/p>\n<p>Izsmidziniet tie\u0161i uz t\u012br\u0101m\u0101s virsmas. Ja nepiecie\u0161ams, izmantojiet birsti. \u013baujiet produktam iztvaikot. Nav nepiecie\u0161ama turpm\u0101ka skalo\u0161ana vai slauc\u012b\u0161ana.<br \/>\n<strong><br \/>\nPriek\u0161roc\u012bbas:<br \/>\n<\/strong><br \/>\n &#8211; Dro\u0161a un \u0101tra apkope gan profesion\u0101\u013ciem, gan amatieriem.<br \/>\n&#8211; Pagarina deta\u013cu kalpo\u0161anas laiku.<br \/>\n&#8211; Piem\u0113rots visu veidu brem\u017eu sist\u0113m\u0101m un meh\u0101niskiem savienojumiem.<br \/>\n<strong><br \/>\nTehnisk\u0101 inform\u0101cija:<br \/>\n<\/strong><br \/>\n &#8211; tilpums: 500 ml.<br \/>\n&#8211; forma: caursp\u012bd\u012bgs aerosola aerosols.<br \/>\n&#8211; iedarb\u012bbas laiks: iztvaiko 1-2 min\u016b\u0161u laik\u0101.<\/p>\n","protected":false},"featured_media":2575,"template":"","meta":[],"product_brand":[],"product_cat":[207,351],"product_tag":[],"class_list":{"0":"post-2573","1":"product","2":"type-product","3":"status-publish","4":"has-post-thumbnail","6":"product_cat-automasinu-kopsanas-lidzekli-un-paligmateriali","7":"product_cat-standarta-sortiments","8":"pa_brand-svp","9":"pa_ean-4779032961110-0","10":"pa_kiekis_dz-205","11":"pa_kiekis_pk-167","12":"pa_talpa-500-ml","14":"first","15":"instock","16":"shipping-taxable","17":"product-type-simple"},"yoast_head":"<!-- This site is optimized with the Yoast SEO plugin v27.3 - https:\/\/yoast.com\/product\/yoast-seo-wordpress\/ -->\n<title>SVP Aerosola brem\u017eu un deta\u013cu t\u012br\u012b\u0161anas l\u012bdzeklis - svpchem.eu<\/title>\n<meta name=\"description\" content=\"SVP aerosola brem\u017eu un deta\u013cu t\u012br\u012b\u0161anas l\u012bdzeklis ir profesion\u0101ls l\u012bdzeklis, kas efekt\u012bvi no\u0146em brem\u017eu putek\u013cus, sm\u0113rvielas, e\u013c\u013cu un citus net\u012brumus no brem\u017eu sist\u0113mas un cit\u0101m automa\u0161\u012bnas deta\u013c\u0101m. \u0100tri iedarbojas, dzi\u013ci att\u012bra un pal\u012bdz uztur\u0113t optim\u0101lu veiktsp\u0113ju.\" \/>\n<meta name=\"robots\" content=\"index, follow, max-snippet:-1, max-image-preview:large, max-video-preview:-1\" \/>\n<link rel=\"canonical\" href=\"https:\/\/svpchem.eu\/lv\/produktas\/svp-aerosola-bremzu-un-detalu-tirisanas-lidzeklis\/\" \/>\n<meta property=\"og:locale\" content=\"lv_LV\" \/>\n<meta property=\"og:type\" content=\"article\" \/>\n<meta property=\"og:title\" content=\"SVP Aerosola brem\u017eu un deta\u013cu t\u012br\u012b\u0161anas l\u012bdzeklis - svpchem.eu\" \/>\n<meta property=\"og:description\" content=\"SVP aerosola brem\u017eu un deta\u013cu t\u012br\u012b\u0161anas l\u012bdzeklis ir profesion\u0101ls l\u012bdzeklis, kas efekt\u012bvi no\u0146em brem\u017eu putek\u013cus, sm\u0113rvielas, e\u013c\u013cu un citus net\u012brumus no brem\u017eu sist\u0113mas un cit\u0101m automa\u0161\u012bnas deta\u013c\u0101m. \u0100tri iedarbojas, dzi\u013ci att\u012bra un pal\u012bdz uztur\u0113t optim\u0101lu veiktsp\u0113ju.\" \/>\n<meta property=\"og:url\" content=\"https:\/\/svpchem.eu\/lv\/produktas\/svp-aerosola-bremzu-un-detalu-tirisanas-lidzeklis\/\" \/>\n<meta property=\"og:site_name\" content=\"svpchem.eu\" \/>\n<meta property=\"article:modified_time\" content=\"2026-04-10T09:57:49+00:00\" \/>\n<meta property=\"og:image\" content=\"https:\/\/svpchem.eu\/wp-content\/uploads\/2025\/12\/SVP-Aerozolinis-stabdziu-ir-detaliu-valiklis-N2.png\" \/>\n\t<meta property=\"og:image:width\" content=\"1024\" \/>\n\t<meta property=\"og:image:height\" content=\"1024\" \/>\n\t<meta property=\"og:image:type\" content=\"image\/png\" \/>\n<meta name=\"twitter:card\" content=\"summary_large_image\" \/>\n<script type=\"application\/ld+json\" class=\"yoast-schema-graph\">{\"@context\":\"https:\\\/\\\/schema.org\",\"@graph\":[{\"@type\":\"WebPage\",\"@id\":\"https:\\\/\\\/svpchem.eu\\\/lv\\\/produktas\\\/svp-aerosola-bremzu-un-detalu-tirisanas-lidzeklis\\\/\",\"url\":\"https:\\\/\\\/svpchem.eu\\\/lv\\\/produktas\\\/svp-aerosola-bremzu-un-detalu-tirisanas-lidzeklis\\\/\",\"name\":\"SVP Aerosola brem\u017eu un deta\u013cu t\u012br\u012b\u0161anas l\u012bdzeklis - svpchem.eu\",\"isPartOf\":{\"@id\":\"https:\\\/\\\/svpchem.eu\\\/lv\\\/#website\"},\"primaryImageOfPage\":{\"@id\":\"https:\\\/\\\/svpchem.eu\\\/lv\\\/produktas\\\/svp-aerosola-bremzu-un-detalu-tirisanas-lidzeklis\\\/#primaryimage\"},\"image\":{\"@id\":\"https:\\\/\\\/svpchem.eu\\\/lv\\\/produktas\\\/svp-aerosola-bremzu-un-detalu-tirisanas-lidzeklis\\\/#primaryimage\"},\"thumbnailUrl\":\"https:\\\/\\\/svpchem.eu\\\/wp-content\\\/uploads\\\/2025\\\/12\\\/SVP-Aerozolinis-stabdziu-ir-detaliu-valiklis-N2.jpg\",\"datePublished\":\"2025-12-19T13:31:50+00:00\",\"dateModified\":\"2026-04-10T09:57:49+00:00\",\"description\":\"SVP aerosola brem\u017eu un deta\u013cu t\u012br\u012b\u0161anas l\u012bdzeklis ir profesion\u0101ls l\u012bdzeklis, kas efekt\u012bvi no\u0146em brem\u017eu putek\u013cus, sm\u0113rvielas, e\u013c\u013cu un citus net\u012brumus no brem\u017eu sist\u0113mas un cit\u0101m automa\u0161\u012bnas deta\u013c\u0101m. \u0100tri iedarbojas, dzi\u013ci att\u012bra un pal\u012bdz uztur\u0113t optim\u0101lu veiktsp\u0113ju.\",\"breadcrumb\":{\"@id\":\"https:\\\/\\\/svpchem.eu\\\/lv\\\/produktas\\\/svp-aerosola-bremzu-un-detalu-tirisanas-lidzeklis\\\/#breadcrumb\"},\"inLanguage\":\"lv-LV\",\"potentialAction\":[{\"@type\":\"ReadAction\",\"target\":[\"https:\\\/\\\/svpchem.eu\\\/lv\\\/produktas\\\/svp-aerosola-bremzu-un-detalu-tirisanas-lidzeklis\\\/\"]}]},{\"@type\":\"ImageObject\",\"inLanguage\":\"lv-LV\",\"@id\":\"https:\\\/\\\/svpchem.eu\\\/lv\\\/produktas\\\/svp-aerosola-bremzu-un-detalu-tirisanas-lidzeklis\\\/#primaryimage\",\"url\":\"https:\\\/\\\/svpchem.eu\\\/wp-content\\\/uploads\\\/2025\\\/12\\\/SVP-Aerozolinis-stabdziu-ir-detaliu-valiklis-N2.jpg\",\"contentUrl\":\"https:\\\/\\\/svpchem.eu\\\/wp-content\\\/uploads\\\/2025\\\/12\\\/SVP-Aerozolinis-stabdziu-ir-detaliu-valiklis-N2.jpg\",\"width\":1300,\"height\":1300},{\"@type\":\"BreadcrumbList\",\"@id\":\"https:\\\/\\\/svpchem.eu\\\/lv\\\/produktas\\\/svp-aerosola-bremzu-un-detalu-tirisanas-lidzeklis\\\/#breadcrumb\",\"itemListElement\":[{\"@type\":\"ListItem\",\"position\":1,\"name\":\"S\u0101kums\",\"item\":\"https:\\\/\\\/svpchem.eu\\\/lv\\\/par-mums\\\/\"},{\"@type\":\"ListItem\",\"position\":2,\"name\":\"Veikals\",\"item\":\"https:\\\/\\\/svpchem.eu\\\/lv\\\/veikals\\\/\"},{\"@type\":\"ListItem\",\"position\":3,\"name\":\"SVP Aerosola brem\u017eu un deta\u013cu t\u012br\u012b\u0161anas l\u012bdzeklis\"}]},{\"@type\":\"WebSite\",\"@id\":\"https:\\\/\\\/svpchem.eu\\\/lv\\\/#website\",\"url\":\"https:\\\/\\\/svpchem.eu\\\/lv\\\/\",\"name\":\"svpchem.eu\",\"description\":\"\",\"publisher\":{\"@id\":\"https:\\\/\\\/svpchem.eu\\\/lv\\\/#organization\"},\"potentialAction\":[{\"@type\":\"SearchAction\",\"target\":{\"@type\":\"EntryPoint\",\"urlTemplate\":\"https:\\\/\\\/svpchem.eu\\\/lv\\\/?s={search_term_string}\"},\"query-input\":{\"@type\":\"PropertyValueSpecification\",\"valueRequired\":true,\"valueName\":\"search_term_string\"}}],\"inLanguage\":\"lv-LV\"},{\"@type\":\"Organization\",\"@id\":\"https:\\\/\\\/svpchem.eu\\\/lv\\\/#organization\",\"name\":\"svpchem.eu\",\"url\":\"https:\\\/\\\/svpchem.eu\\\/lv\\\/\",\"logo\":{\"@type\":\"ImageObject\",\"inLanguage\":\"lv-LV\",\"@id\":\"https:\\\/\\\/svpchem.eu\\\/lv\\\/#\\\/schema\\\/logo\\\/image\\\/\",\"url\":\"https:\\\/\\\/svpchem.eu\\\/wp-content\\\/uploads\\\/2025\\\/12\\\/logo_cropped_no_bg_20251217-1.png\",\"contentUrl\":\"https:\\\/\\\/svpchem.eu\\\/wp-content\\\/uploads\\\/2025\\\/12\\\/logo_cropped_no_bg_20251217-1.png\",\"width\":851,\"height\":430,\"caption\":\"svpchem.eu\"},\"image\":{\"@id\":\"https:\\\/\\\/svpchem.eu\\\/lv\\\/#\\\/schema\\\/logo\\\/image\\\/\"}}]}<\/script>\n<!-- \/ Yoast SEO plugin. -->","yoast_head_json":{"title":"SVP Aerosola brem\u017eu un deta\u013cu t\u012br\u012b\u0161anas l\u012bdzeklis - svpchem.eu","description":"SVP aerosola brem\u017eu un deta\u013cu t\u012br\u012b\u0161anas l\u012bdzeklis ir profesion\u0101ls l\u012bdzeklis, kas efekt\u012bvi no\u0146em brem\u017eu putek\u013cus, sm\u0113rvielas, e\u013c\u013cu un citus net\u012brumus no brem\u017eu sist\u0113mas un cit\u0101m automa\u0161\u012bnas deta\u013c\u0101m. \u0100tri iedarbojas, dzi\u013ci att\u012bra un pal\u012bdz uztur\u0113t optim\u0101lu veiktsp\u0113ju.","robots":{"index":"index","follow":"follow","max-snippet":"max-snippet:-1","max-image-preview":"max-image-preview:large","max-video-preview":"max-video-preview:-1"},"canonical":"https:\/\/svpchem.eu\/lv\/produktas\/svp-aerosola-bremzu-un-detalu-tirisanas-lidzeklis\/","og_locale":"lv_LV","og_type":"article","og_title":"SVP Aerosola brem\u017eu un deta\u013cu t\u012br\u012b\u0161anas l\u012bdzeklis - svpchem.eu","og_description":"SVP aerosola brem\u017eu un deta\u013cu t\u012br\u012b\u0161anas l\u012bdzeklis ir profesion\u0101ls l\u012bdzeklis, kas efekt\u012bvi no\u0146em brem\u017eu putek\u013cus, sm\u0113rvielas, e\u013c\u013cu un citus net\u012brumus no brem\u017eu sist\u0113mas un cit\u0101m automa\u0161\u012bnas deta\u013c\u0101m. \u0100tri iedarbojas, dzi\u013ci att\u012bra un pal\u012bdz uztur\u0113t optim\u0101lu veiktsp\u0113ju.","og_url":"https:\/\/svpchem.eu\/lv\/produktas\/svp-aerosola-bremzu-un-detalu-tirisanas-lidzeklis\/","og_site_name":"svpchem.eu","article_modified_time":"2026-04-10T09:57:49+00:00","og_image":[{"width":1024,"height":1024,"url":"https:\/\/svpchem.eu\/wp-content\/uploads\/2025\/12\/SVP-Aerozolinis-stabdziu-ir-detaliu-valiklis-N2.png","type":"image\/png"}],"twitter_card":"summary_large_image","schema":{"@context":"https:\/\/schema.org","@graph":[{"@type":"WebPage","@id":"https:\/\/svpchem.eu\/lv\/produktas\/svp-aerosola-bremzu-un-detalu-tirisanas-lidzeklis\/","url":"https:\/\/svpchem.eu\/lv\/produktas\/svp-aerosola-bremzu-un-detalu-tirisanas-lidzeklis\/","name":"SVP Aerosola brem\u017eu un deta\u013cu t\u012br\u012b\u0161anas l\u012bdzeklis - svpchem.eu","isPartOf":{"@id":"https:\/\/svpchem.eu\/lv\/#website"},"primaryImageOfPage":{"@id":"https:\/\/svpchem.eu\/lv\/produktas\/svp-aerosola-bremzu-un-detalu-tirisanas-lidzeklis\/#primaryimage"},"image":{"@id":"https:\/\/svpchem.eu\/lv\/produktas\/svp-aerosola-bremzu-un-detalu-tirisanas-lidzeklis\/#primaryimage"},"thumbnailUrl":"https:\/\/svpchem.eu\/wp-content\/uploads\/2025\/12\/SVP-Aerozolinis-stabdziu-ir-detaliu-valiklis-N2.jpg","datePublished":"2025-12-19T13:31:50+00:00","dateModified":"2026-04-10T09:57:49+00:00","description":"SVP aerosola brem\u017eu un deta\u013cu t\u012br\u012b\u0161anas l\u012bdzeklis ir profesion\u0101ls l\u012bdzeklis, kas efekt\u012bvi no\u0146em brem\u017eu putek\u013cus, sm\u0113rvielas, e\u013c\u013cu un citus net\u012brumus no brem\u017eu sist\u0113mas un cit\u0101m automa\u0161\u012bnas deta\u013c\u0101m. \u0100tri iedarbojas, dzi\u013ci att\u012bra un pal\u012bdz uztur\u0113t optim\u0101lu veiktsp\u0113ju.","breadcrumb":{"@id":"https:\/\/svpchem.eu\/lv\/produktas\/svp-aerosola-bremzu-un-detalu-tirisanas-lidzeklis\/#breadcrumb"},"inLanguage":"lv-LV","potentialAction":[{"@type":"ReadAction","target":["https:\/\/svpchem.eu\/lv\/produktas\/svp-aerosola-bremzu-un-detalu-tirisanas-lidzeklis\/"]}]},{"@type":"ImageObject","inLanguage":"lv-LV","@id":"https:\/\/svpchem.eu\/lv\/produktas\/svp-aerosola-bremzu-un-detalu-tirisanas-lidzeklis\/#primaryimage","url":"https:\/\/svpchem.eu\/wp-content\/uploads\/2025\/12\/SVP-Aerozolinis-stabdziu-ir-detaliu-valiklis-N2.jpg","contentUrl":"https:\/\/svpchem.eu\/wp-content\/uploads\/2025\/12\/SVP-Aerozolinis-stabdziu-ir-detaliu-valiklis-N2.jpg","width":1300,"height":1300},{"@type":"BreadcrumbList","@id":"https:\/\/svpchem.eu\/lv\/produktas\/svp-aerosola-bremzu-un-detalu-tirisanas-lidzeklis\/#breadcrumb","itemListElement":[{"@type":"ListItem","position":1,"name":"S\u0101kums","item":"https:\/\/svpchem.eu\/lv\/par-mums\/"},{"@type":"ListItem","position":2,"name":"Veikals","item":"https:\/\/svpchem.eu\/lv\/veikals\/"},{"@type":"ListItem","position":3,"name":"SVP Aerosola brem\u017eu un deta\u013cu t\u012br\u012b\u0161anas l\u012bdzeklis"}]},{"@type":"WebSite","@id":"https:\/\/svpchem.eu\/lv\/#website","url":"https:\/\/svpchem.eu\/lv\/","name":"svpchem.eu","description":"","publisher":{"@id":"https:\/\/svpchem.eu\/lv\/#organization"},"potentialAction":[{"@type":"SearchAction","target":{"@type":"EntryPoint","urlTemplate":"https:\/\/svpchem.eu\/lv\/?s={search_term_string}"},"query-input":{"@type":"PropertyValueSpecification","valueRequired":true,"valueName":"search_term_string"}}],"inLanguage":"lv-LV"},{"@type":"Organization","@id":"https:\/\/svpchem.eu\/lv\/#organization","name":"svpchem.eu","url":"https:\/\/svpchem.eu\/lv\/","logo":{"@type":"ImageObject","inLanguage":"lv-LV","@id":"https:\/\/svpchem.eu\/lv\/#\/schema\/logo\/image\/","url":"https:\/\/svpchem.eu\/wp-content\/uploads\/2025\/12\/logo_cropped_no_bg_20251217-1.png","contentUrl":"https:\/\/svpchem.eu\/wp-content\/uploads\/2025\/12\/logo_cropped_no_bg_20251217-1.png","width":851,"height":430,"caption":"svpchem.eu"},"image":{"@id":"https:\/\/svpchem.eu\/lv\/#\/schema\/logo\/image\/"}}]}},"_links":{"self":[{"href":"https:\/\/svpchem.eu\/lv\/wp-json\/wp\/v2\/product\/2573","targetHints":{"allow":["GET"]}}],"collection":[{"href":"https:\/\/svpchem.eu\/lv\/wp-json\/wp\/v2\/product"}],"about":[{"href":"https:\/\/svpchem.eu\/lv\/wp-json\/wp\/v2\/types\/product"}],"wp:featuredmedia":[{"embeddable":true,"href":"https:\/\/svpchem.eu\/lv\/wp-json\/wp\/v2\/media\/2575"}],"wp:attachment":[{"href":"https:\/\/svpchem.eu\/lv\/wp-json\/wp\/v2\/media?parent=2573"}],"wp:term":[{"taxonomy":"product_brand","embeddable":true,"href":"https:\/\/svpchem.eu\/lv\/wp-json\/wp\/v2\/product_brand?post=2573"},{"taxonomy":"product_cat","embeddable":true,"href":"https:\/\/svpchem.eu\/lv\/wp-json\/wp\/v2\/product_cat?post=2573"},{"taxonomy":"product_tag","embeddable":true,"href":"https:\/\/svpchem.eu\/lv\/wp-json\/wp\/v2\/product_tag?post=2573"}],"curies":[{"name":"wp","href":"https:\/\/api.w.org\/{rel}","templated":true}]}}