{"id":2597,"date":"2025-12-19T13:31:50","date_gmt":"2025-12-19T13:31:50","guid":{"rendered":"https:\/\/svpchem.eu\/produktas\/svp-mikstas-apdares-sedeklu-paklaju-tirisanas-lidzeklis-clean-all-ar-birsti\/"},"modified":"2026-04-10T09:57:44","modified_gmt":"2026-04-10T09:57:44","slug":"svp-mikstas-apdares-sedeklu-paklaju-tirisanas-lidzeklis-clean-all-ar-birsti","status":"publish","type":"product","link":"https:\/\/svpchem.eu\/lv\/produktas\/svp-mikstas-apdares-sedeklu-paklaju-tirisanas-lidzeklis-clean-all-ar-birsti\/","title":{"rendered":"SVP M\u012bkst\u0101s apdares, s\u0113dek\u013cu, pakl\u0101ju t\u012br\u012b\u0161anas l\u012bdzeklis CLEAN ALL (ar birsti)"},"content":{"rendered":"","protected":false},"excerpt":{"rendered":"<p><strong>Apraksts:<br \/>\n<\/strong><br \/>\n Daudzfunkcion\u0101ls aerosola t\u012br\u012b\u0161anas l\u012bdzeklis ar ieb\u016bv\u0113tu birsti tekstilizstr\u0101d\u0101jumu, pakl\u0101ju un s\u0113dek\u013cu t\u012br\u012b\u0161anai automa\u0161\u012bn\u0101 un m\u0101j\u0101s.<\/p>\n<p><strong>Galven\u0101s funkcijas:<br \/>\n<\/strong><br \/>\n &#8211; no\u0146em e\u013c\u013cas, \u0113diena, dz\u0113rienu, net\u012brumu un citus traipus.<br \/>\n&#8211; Dzi\u013ci ies\u016bcas audum\u0101 un no\u0146em net\u012brumus.<br \/>\n&#8211; Neitraliz\u0113 nepat\u012bkamas smakas.<br \/>\n&#8211; Piem\u0113rots auduma, mikro\u0161\u0137iedras un \u0101das aizst\u0101j\u0113jiem.<\/p>\n<p><strong>Nor\u0101d\u012bjumi<\/strong>: <strong><br \/>\n<\/strong><br \/>\n Uzsmidzin\u0101t uz traipa vai sukas, viegli ieberz\u0113t. \u013baujiet iedarboties 2-3 min\u016btes, noslaukiet ar mitru dr\u0101nu. Smagu traipu gad\u012bjum\u0101 atk\u0101rtojiet. P\u0101rbaudiet uz neredzamas vietas.<br \/>\n<strong><br \/>\nPriek\u0161roc\u012bbas:<br \/>\n<\/strong><br \/>\n &#8211; Viegli lietojams &#8211; birst\u012bte \u013cauj prec\u012bzi iedarboties uz traipu.<br \/>\n&#8211; \u0100tra iedarb\u012bba bez as\u0101m \u0137imik\u0101lij\u0101m.<br \/>\n&#8211; Piem\u0113rots gan automa\u0161\u012bnas, gan m\u0101jas tekstilizstr\u0101d\u0101jumiem.<\/p>\n<p><strong>Tehnisk\u0101 inform\u0101cija:<\/strong><\/p>\n<p>&#8211; Ietilp\u012bba: 650 ml.<br \/>\n&#8211; Smar\u017ea: svaiga\/neitr\u0101la.<br \/>\n&#8211; Formula: nesatur fosf\u0101tus, videi draudz\u012bga.<\/p>\n","protected":false},"featured_media":2601,"template":"","meta":[],"product_brand":[],"product_cat":[207,351],"product_tag":[],"class_list":{"0":"post-2597","1":"product","2":"type-product","3":"status-publish","4":"has-post-thumbnail","6":"product_cat-automasinu-kopsanas-lidzekli-un-paligmateriali","7":"product_cat-standarta-sortiments","8":"pa_brand-svp","9":"pa_ean-4779019620115-0","10":"pa_kiekis_dz-205","11":"pa_kiekis_pk-167","12":"pa_talpa-650-ml","14":"first","15":"instock","16":"shipping-taxable","17":"product-type-simple"},"yoast_head":"<!-- This site is optimized with the Yoast SEO plugin v27.3 - https:\/\/yoast.com\/product\/yoast-seo-wordpress\/ -->\n<title>SVP M\u012bkst\u0101s apdares, s\u0113dek\u013cu, pakl\u0101ju t\u012br\u012b\u0161anas l\u012bdzeklis CLEAN ALL (ar birsti) - svpchem.eu<\/title>\n<meta name=\"description\" content=\"SVP Upholstery Clean-All ar birsti - efekt\u012bvi no\u0146em traipus, net\u012brumus un net\u012brumus no s\u0113dek\u013ciem, pakl\u0101jiem un auduma. Akt\u012bv\u0101s putas dzi\u013ci att\u012bra tekstilmateri\u0101lus, neboj\u0101jot audumus, un atst\u0101j t\u012bru, svaigu virsmu.\" \/>\n<meta name=\"robots\" content=\"index, follow, max-snippet:-1, max-image-preview:large, max-video-preview:-1\" \/>\n<link rel=\"canonical\" href=\"https:\/\/svpchem.eu\/lv\/produktas\/svp-mikstas-apdares-sedeklu-paklaju-tirisanas-lidzeklis-clean-all-ar-birsti\/\" \/>\n<meta property=\"og:locale\" content=\"lv_LV\" \/>\n<meta property=\"og:type\" content=\"article\" \/>\n<meta property=\"og:title\" content=\"SVP M\u012bkst\u0101s apdares, s\u0113dek\u013cu, pakl\u0101ju t\u012br\u012b\u0161anas l\u012bdzeklis CLEAN ALL (ar birsti) - svpchem.eu\" \/>\n<meta property=\"og:description\" content=\"SVP Upholstery Clean-All ar birsti - efekt\u012bvi no\u0146em traipus, net\u012brumus un net\u012brumus no s\u0113dek\u013ciem, pakl\u0101jiem un auduma. Akt\u012bv\u0101s putas dzi\u013ci att\u012bra tekstilmateri\u0101lus, neboj\u0101jot audumus, un atst\u0101j t\u012bru, svaigu virsmu.\" \/>\n<meta property=\"og:url\" content=\"https:\/\/svpchem.eu\/lv\/produktas\/svp-mikstas-apdares-sedeklu-paklaju-tirisanas-lidzeklis-clean-all-ar-birsti\/\" \/>\n<meta property=\"og:site_name\" content=\"svpchem.eu\" \/>\n<meta property=\"article:modified_time\" content=\"2026-04-10T09:57:44+00:00\" \/>\n<meta property=\"og:image\" content=\"https:\/\/svpchem.eu\/wp-content\/uploads\/2025\/12\/SVP-Apmusalu-valiklis-sedynems-kilimeliams-CLEAN-ALL-su-sepeteliu-N.png\" \/>\n\t<meta property=\"og:image:width\" content=\"1024\" \/>\n\t<meta property=\"og:image:height\" content=\"1024\" \/>\n\t<meta property=\"og:image:type\" content=\"image\/png\" \/>\n<meta name=\"twitter:card\" content=\"summary_large_image\" \/>\n<script type=\"application\/ld+json\" class=\"yoast-schema-graph\">{\"@context\":\"https:\\\/\\\/schema.org\",\"@graph\":[{\"@type\":\"WebPage\",\"@id\":\"https:\\\/\\\/svpchem.eu\\\/lv\\\/produktas\\\/svp-mikstas-apdares-sedeklu-paklaju-tirisanas-lidzeklis-clean-all-ar-birsti\\\/\",\"url\":\"https:\\\/\\\/svpchem.eu\\\/lv\\\/produktas\\\/svp-mikstas-apdares-sedeklu-paklaju-tirisanas-lidzeklis-clean-all-ar-birsti\\\/\",\"name\":\"SVP M\u012bkst\u0101s apdares, s\u0113dek\u013cu, pakl\u0101ju t\u012br\u012b\u0161anas l\u012bdzeklis CLEAN ALL (ar birsti) - svpchem.eu\",\"isPartOf\":{\"@id\":\"https:\\\/\\\/svpchem.eu\\\/lv\\\/#website\"},\"primaryImageOfPage\":{\"@id\":\"https:\\\/\\\/svpchem.eu\\\/lv\\\/produktas\\\/svp-mikstas-apdares-sedeklu-paklaju-tirisanas-lidzeklis-clean-all-ar-birsti\\\/#primaryimage\"},\"image\":{\"@id\":\"https:\\\/\\\/svpchem.eu\\\/lv\\\/produktas\\\/svp-mikstas-apdares-sedeklu-paklaju-tirisanas-lidzeklis-clean-all-ar-birsti\\\/#primaryimage\"},\"thumbnailUrl\":\"https:\\\/\\\/svpchem.eu\\\/wp-content\\\/uploads\\\/2025\\\/12\\\/SVP-Apmusalu-valiklis-sedynems-kilimeliams-CLEAN-ALL-su-sepeteliu-N.jpg\",\"datePublished\":\"2025-12-19T13:31:50+00:00\",\"dateModified\":\"2026-04-10T09:57:44+00:00\",\"description\":\"SVP Upholstery Clean-All ar birsti - efekt\u012bvi no\u0146em traipus, net\u012brumus un net\u012brumus no s\u0113dek\u013ciem, pakl\u0101jiem un auduma. Akt\u012bv\u0101s putas dzi\u013ci att\u012bra tekstilmateri\u0101lus, neboj\u0101jot audumus, un atst\u0101j t\u012bru, svaigu virsmu.\",\"breadcrumb\":{\"@id\":\"https:\\\/\\\/svpchem.eu\\\/lv\\\/produktas\\\/svp-mikstas-apdares-sedeklu-paklaju-tirisanas-lidzeklis-clean-all-ar-birsti\\\/#breadcrumb\"},\"inLanguage\":\"lv-LV\",\"potentialAction\":[{\"@type\":\"ReadAction\",\"target\":[\"https:\\\/\\\/svpchem.eu\\\/lv\\\/produktas\\\/svp-mikstas-apdares-sedeklu-paklaju-tirisanas-lidzeklis-clean-all-ar-birsti\\\/\"]}]},{\"@type\":\"ImageObject\",\"inLanguage\":\"lv-LV\",\"@id\":\"https:\\\/\\\/svpchem.eu\\\/lv\\\/produktas\\\/svp-mikstas-apdares-sedeklu-paklaju-tirisanas-lidzeklis-clean-all-ar-birsti\\\/#primaryimage\",\"url\":\"https:\\\/\\\/svpchem.eu\\\/wp-content\\\/uploads\\\/2025\\\/12\\\/SVP-Apmusalu-valiklis-sedynems-kilimeliams-CLEAN-ALL-su-sepeteliu-N.jpg\",\"contentUrl\":\"https:\\\/\\\/svpchem.eu\\\/wp-content\\\/uploads\\\/2025\\\/12\\\/SVP-Apmusalu-valiklis-sedynems-kilimeliams-CLEAN-ALL-su-sepeteliu-N.jpg\",\"width\":1300,\"height\":1300},{\"@type\":\"BreadcrumbList\",\"@id\":\"https:\\\/\\\/svpchem.eu\\\/lv\\\/produktas\\\/svp-mikstas-apdares-sedeklu-paklaju-tirisanas-lidzeklis-clean-all-ar-birsti\\\/#breadcrumb\",\"itemListElement\":[{\"@type\":\"ListItem\",\"position\":1,\"name\":\"S\u0101kums\",\"item\":\"https:\\\/\\\/svpchem.eu\\\/lv\\\/par-mums\\\/\"},{\"@type\":\"ListItem\",\"position\":2,\"name\":\"Veikals\",\"item\":\"https:\\\/\\\/svpchem.eu\\\/lv\\\/veikals\\\/\"},{\"@type\":\"ListItem\",\"position\":3,\"name\":\"SVP M\u012bkst\u0101s apdares, s\u0113dek\u013cu, pakl\u0101ju t\u012br\u012b\u0161anas l\u012bdzeklis CLEAN ALL (ar birsti)\"}]},{\"@type\":\"WebSite\",\"@id\":\"https:\\\/\\\/svpchem.eu\\\/lv\\\/#website\",\"url\":\"https:\\\/\\\/svpchem.eu\\\/lv\\\/\",\"name\":\"svpchem.eu\",\"description\":\"\",\"publisher\":{\"@id\":\"https:\\\/\\\/svpchem.eu\\\/lv\\\/#organization\"},\"potentialAction\":[{\"@type\":\"SearchAction\",\"target\":{\"@type\":\"EntryPoint\",\"urlTemplate\":\"https:\\\/\\\/svpchem.eu\\\/lv\\\/?s={search_term_string}\"},\"query-input\":{\"@type\":\"PropertyValueSpecification\",\"valueRequired\":true,\"valueName\":\"search_term_string\"}}],\"inLanguage\":\"lv-LV\"},{\"@type\":\"Organization\",\"@id\":\"https:\\\/\\\/svpchem.eu\\\/lv\\\/#organization\",\"name\":\"svpchem.eu\",\"url\":\"https:\\\/\\\/svpchem.eu\\\/lv\\\/\",\"logo\":{\"@type\":\"ImageObject\",\"inLanguage\":\"lv-LV\",\"@id\":\"https:\\\/\\\/svpchem.eu\\\/lv\\\/#\\\/schema\\\/logo\\\/image\\\/\",\"url\":\"https:\\\/\\\/svpchem.eu\\\/wp-content\\\/uploads\\\/2025\\\/12\\\/logo_cropped_no_bg_20251217-1.png\",\"contentUrl\":\"https:\\\/\\\/svpchem.eu\\\/wp-content\\\/uploads\\\/2025\\\/12\\\/logo_cropped_no_bg_20251217-1.png\",\"width\":851,\"height\":430,\"caption\":\"svpchem.eu\"},\"image\":{\"@id\":\"https:\\\/\\\/svpchem.eu\\\/lv\\\/#\\\/schema\\\/logo\\\/image\\\/\"}}]}<\/script>\n<!-- \/ Yoast SEO plugin. -->","yoast_head_json":{"title":"SVP M\u012bkst\u0101s apdares, s\u0113dek\u013cu, pakl\u0101ju t\u012br\u012b\u0161anas l\u012bdzeklis CLEAN ALL (ar birsti) - svpchem.eu","description":"SVP Upholstery Clean-All ar birsti - efekt\u012bvi no\u0146em traipus, net\u012brumus un net\u012brumus no s\u0113dek\u013ciem, pakl\u0101jiem un auduma. Akt\u012bv\u0101s putas dzi\u013ci att\u012bra tekstilmateri\u0101lus, neboj\u0101jot audumus, un atst\u0101j t\u012bru, svaigu virsmu.","robots":{"index":"index","follow":"follow","max-snippet":"max-snippet:-1","max-image-preview":"max-image-preview:large","max-video-preview":"max-video-preview:-1"},"canonical":"https:\/\/svpchem.eu\/lv\/produktas\/svp-mikstas-apdares-sedeklu-paklaju-tirisanas-lidzeklis-clean-all-ar-birsti\/","og_locale":"lv_LV","og_type":"article","og_title":"SVP M\u012bkst\u0101s apdares, s\u0113dek\u013cu, pakl\u0101ju t\u012br\u012b\u0161anas l\u012bdzeklis CLEAN ALL (ar birsti) - svpchem.eu","og_description":"SVP Upholstery Clean-All ar birsti - efekt\u012bvi no\u0146em traipus, net\u012brumus un net\u012brumus no s\u0113dek\u013ciem, pakl\u0101jiem un auduma. Akt\u012bv\u0101s putas dzi\u013ci att\u012bra tekstilmateri\u0101lus, neboj\u0101jot audumus, un atst\u0101j t\u012bru, svaigu virsmu.","og_url":"https:\/\/svpchem.eu\/lv\/produktas\/svp-mikstas-apdares-sedeklu-paklaju-tirisanas-lidzeklis-clean-all-ar-birsti\/","og_site_name":"svpchem.eu","article_modified_time":"2026-04-10T09:57:44+00:00","og_image":[{"width":1024,"height":1024,"url":"https:\/\/svpchem.eu\/wp-content\/uploads\/2025\/12\/SVP-Apmusalu-valiklis-sedynems-kilimeliams-CLEAN-ALL-su-sepeteliu-N.png","type":"image\/png"}],"twitter_card":"summary_large_image","schema":{"@context":"https:\/\/schema.org","@graph":[{"@type":"WebPage","@id":"https:\/\/svpchem.eu\/lv\/produktas\/svp-mikstas-apdares-sedeklu-paklaju-tirisanas-lidzeklis-clean-all-ar-birsti\/","url":"https:\/\/svpchem.eu\/lv\/produktas\/svp-mikstas-apdares-sedeklu-paklaju-tirisanas-lidzeklis-clean-all-ar-birsti\/","name":"SVP M\u012bkst\u0101s apdares, s\u0113dek\u013cu, pakl\u0101ju t\u012br\u012b\u0161anas l\u012bdzeklis CLEAN ALL (ar birsti) - svpchem.eu","isPartOf":{"@id":"https:\/\/svpchem.eu\/lv\/#website"},"primaryImageOfPage":{"@id":"https:\/\/svpchem.eu\/lv\/produktas\/svp-mikstas-apdares-sedeklu-paklaju-tirisanas-lidzeklis-clean-all-ar-birsti\/#primaryimage"},"image":{"@id":"https:\/\/svpchem.eu\/lv\/produktas\/svp-mikstas-apdares-sedeklu-paklaju-tirisanas-lidzeklis-clean-all-ar-birsti\/#primaryimage"},"thumbnailUrl":"https:\/\/svpchem.eu\/wp-content\/uploads\/2025\/12\/SVP-Apmusalu-valiklis-sedynems-kilimeliams-CLEAN-ALL-su-sepeteliu-N.jpg","datePublished":"2025-12-19T13:31:50+00:00","dateModified":"2026-04-10T09:57:44+00:00","description":"SVP Upholstery Clean-All ar birsti - efekt\u012bvi no\u0146em traipus, net\u012brumus un net\u012brumus no s\u0113dek\u013ciem, pakl\u0101jiem un auduma. Akt\u012bv\u0101s putas dzi\u013ci att\u012bra tekstilmateri\u0101lus, neboj\u0101jot audumus, un atst\u0101j t\u012bru, svaigu virsmu.","breadcrumb":{"@id":"https:\/\/svpchem.eu\/lv\/produktas\/svp-mikstas-apdares-sedeklu-paklaju-tirisanas-lidzeklis-clean-all-ar-birsti\/#breadcrumb"},"inLanguage":"lv-LV","potentialAction":[{"@type":"ReadAction","target":["https:\/\/svpchem.eu\/lv\/produktas\/svp-mikstas-apdares-sedeklu-paklaju-tirisanas-lidzeklis-clean-all-ar-birsti\/"]}]},{"@type":"ImageObject","inLanguage":"lv-LV","@id":"https:\/\/svpchem.eu\/lv\/produktas\/svp-mikstas-apdares-sedeklu-paklaju-tirisanas-lidzeklis-clean-all-ar-birsti\/#primaryimage","url":"https:\/\/svpchem.eu\/wp-content\/uploads\/2025\/12\/SVP-Apmusalu-valiklis-sedynems-kilimeliams-CLEAN-ALL-su-sepeteliu-N.jpg","contentUrl":"https:\/\/svpchem.eu\/wp-content\/uploads\/2025\/12\/SVP-Apmusalu-valiklis-sedynems-kilimeliams-CLEAN-ALL-su-sepeteliu-N.jpg","width":1300,"height":1300},{"@type":"BreadcrumbList","@id":"https:\/\/svpchem.eu\/lv\/produktas\/svp-mikstas-apdares-sedeklu-paklaju-tirisanas-lidzeklis-clean-all-ar-birsti\/#breadcrumb","itemListElement":[{"@type":"ListItem","position":1,"name":"S\u0101kums","item":"https:\/\/svpchem.eu\/lv\/par-mums\/"},{"@type":"ListItem","position":2,"name":"Veikals","item":"https:\/\/svpchem.eu\/lv\/veikals\/"},{"@type":"ListItem","position":3,"name":"SVP M\u012bkst\u0101s apdares, s\u0113dek\u013cu, pakl\u0101ju t\u012br\u012b\u0161anas l\u012bdzeklis CLEAN ALL (ar birsti)"}]},{"@type":"WebSite","@id":"https:\/\/svpchem.eu\/lv\/#website","url":"https:\/\/svpchem.eu\/lv\/","name":"svpchem.eu","description":"","publisher":{"@id":"https:\/\/svpchem.eu\/lv\/#organization"},"potentialAction":[{"@type":"SearchAction","target":{"@type":"EntryPoint","urlTemplate":"https:\/\/svpchem.eu\/lv\/?s={search_term_string}"},"query-input":{"@type":"PropertyValueSpecification","valueRequired":true,"valueName":"search_term_string"}}],"inLanguage":"lv-LV"},{"@type":"Organization","@id":"https:\/\/svpchem.eu\/lv\/#organization","name":"svpchem.eu","url":"https:\/\/svpchem.eu\/lv\/","logo":{"@type":"ImageObject","inLanguage":"lv-LV","@id":"https:\/\/svpchem.eu\/lv\/#\/schema\/logo\/image\/","url":"https:\/\/svpchem.eu\/wp-content\/uploads\/2025\/12\/logo_cropped_no_bg_20251217-1.png","contentUrl":"https:\/\/svpchem.eu\/wp-content\/uploads\/2025\/12\/logo_cropped_no_bg_20251217-1.png","width":851,"height":430,"caption":"svpchem.eu"},"image":{"@id":"https:\/\/svpchem.eu\/lv\/#\/schema\/logo\/image\/"}}]}},"_links":{"self":[{"href":"https:\/\/svpchem.eu\/lv\/wp-json\/wp\/v2\/product\/2597","targetHints":{"allow":["GET"]}}],"collection":[{"href":"https:\/\/svpchem.eu\/lv\/wp-json\/wp\/v2\/product"}],"about":[{"href":"https:\/\/svpchem.eu\/lv\/wp-json\/wp\/v2\/types\/product"}],"wp:featuredmedia":[{"embeddable":true,"href":"https:\/\/svpchem.eu\/lv\/wp-json\/wp\/v2\/media\/2601"}],"wp:attachment":[{"href":"https:\/\/svpchem.eu\/lv\/wp-json\/wp\/v2\/media?parent=2597"}],"wp:term":[{"taxonomy":"product_brand","embeddable":true,"href":"https:\/\/svpchem.eu\/lv\/wp-json\/wp\/v2\/product_brand?post=2597"},{"taxonomy":"product_cat","embeddable":true,"href":"https:\/\/svpchem.eu\/lv\/wp-json\/wp\/v2\/product_cat?post=2597"},{"taxonomy":"product_tag","embeddable":true,"href":"https:\/\/svpchem.eu\/lv\/wp-json\/wp\/v2\/product_tag?post=2597"}],"curies":[{"name":"wp","href":"https:\/\/api.w.org\/{rel}","templated":true}]}}