{"id":2868,"date":"2025-12-19T13:31:54","date_gmt":"2025-12-19T13:31:54","guid":{"rendered":"https:\/\/svpchem.eu\/produktas\/svp-pretkorozijas-krasas-dazadas-krasas\/"},"modified":"2026-04-10T09:59:18","modified_gmt":"2026-04-10T09:59:18","slug":"svp-pretkorozijas-krasas-dazadas-krasas","status":"publish","type":"product","link":"https:\/\/svpchem.eu\/lv\/produktas\/svp-pretkorozijas-krasas-dazadas-krasas\/","title":{"rendered":"SVP Pretkorozijas kr\u0101sas, da\u017e\u0101das kr\u0101sas"},"content":{"rendered":"<p data-start=\"0\" data-end=\"19\">\ud83c\udfa8 Pieejam\u0101s kr\u0101sas:<\/p>\n<p data-start=\"21\" data-end=\"99\" data-is-last-node=\"\" data-is-only-node=\"\">\u25b8 Sudraba kr\u0101sa<br data-start=\"39\" data-end=\"42\">\u25b8 Melna mat\u0113ta kr\u0101sa<br data-start=\"63\" data-end=\"66\">\u25b8 Melna kr\u0101sa<br data-start=\"80\" data-end=\"83\">\u25b8 Balta kr\u0101sa<\/p>\n","protected":false},"excerpt":{"rendered":"<p><strong>Apraksts:<br \/>\n<\/strong><br \/>\n Specializ\u0113tas aerosola kr\u0101sas met\u0101la virsmu ilgtermi\u0146a aizsardz\u012bbai pret koroziju. Ide\u0101li piem\u0113rotas automobi\u013cu virsb\u016bves deta\u013c\u0101m, \u017eogiem, instrumentiem u. c.<br \/>\n<strong><br \/>\nGalven\u0101s funkcijas:<\/strong><\/p>\n<p>&#8211; Elast\u012bgs, nepielip\u012bgs p\u0101rkl\u0101jums uz poliuret\u0101na b\u0101zes.<br \/>\n&#8211; Mitrumiztur\u012bgs, iztur\u012bgs pret mitrumu, s\u0101li, taukiem un UV starojumu.<br \/>\n&#8211; \u0100tri \u017e\u016bsto\u0161a, piem\u0113rota gan iek\u0161telp\u0101m, gan \u0101ra telp\u0101m.<br \/>\n&#8211; Sp\u0113c\u012bga sa\u0137ere pat uz nedaudz mitras virsmas.<br \/>\n<strong><br \/>\nLieto\u0161ana:<br \/>\n<\/strong><br \/>\n Izsmidzin\u0101t 20-30 cm att\u0101lum\u0101. Ieteicams izsmidzin\u0101t 2 k\u0101rt\u0101s. P\u0113c piln\u012bgas iz\u017e\u016b\u0161anas (nepiecie\u0161amas ~ 24 stundas) var uzkl\u0101t papildu kr\u0101su.  <\/p>\n<p><strong>Priek\u0161roc\u012bbas:<br \/>\n<\/strong><br \/>\n &#8211; Piem\u0113rots ekstr\u0113miem apst\u0101k\u013ciem (no -30\u00b0C l\u012bdz +120\u00b0C).<br \/>\n&#8211; Pieejams vair\u0101kos to\u0146os &#8211; glanc\u0113ts, mat\u0113ts, sudraba.<br \/>\n&#8211; Veido herm\u0113tisku aizsargpl\u0113vi pret laikapst\u0101k\u013ciem.<\/p>\n<p><strong>Tehnisk\u0101 inform\u0101cija:<br \/>\n<\/strong><br \/>\n &#8211; \u017d\u016b\u0161anas laiks: 15-30 min.<br \/>\n&#8211; Ietilp\u012bba: 400 ml.<br \/>\n&#8211; P\u0113c \u017e\u0101v\u0113\u0161anas sader\u012bgs ar cit\u0101m kr\u0101s\u0101m.<\/p>\n","protected":false},"featured_media":2869,"template":"","meta":[],"product_brand":[],"product_cat":[284],"product_tag":[],"class_list":{"0":"post-2868","1":"product","2":"type-product","3":"status-publish","4":"has-post-thumbnail","6":"product_cat-aerosola-pretkorozijas-krasas","7":"pa_brand-svp","8":"pa_kiekis_dz-165","9":"pa_kiekis_pk-167","10":"pa_talpa-400-ml","12":"first","13":"instock","14":"shipping-taxable","15":"product-type-simple"},"yoast_head":"<!-- This site is optimized with the Yoast SEO plugin v27.3 - https:\/\/yoast.com\/product\/yoast-seo-wordpress\/ -->\n<title>SVP Pretkorozijas kr\u0101sas, da\u017e\u0101das kr\u0101sas - svpchem.eu<\/title>\n<meta name=\"description\" content=\"SVP pretkorozijas kr\u0101sas - dro\u0161a met\u0101la virsmu aizsardz\u012bba pret r\u016bsu un vides ietekmi. \u0100tra \u017e\u016b\u0161ana, labs p\u0101rkl\u0101jums un iztur\u012bgs, ilgnotur\u012bgs p\u0101rkl\u0101jums iek\u0161telp\u0101s un \u0101rpus telp\u0101m.\" \/>\n<meta name=\"robots\" content=\"index, follow, max-snippet:-1, max-image-preview:large, max-video-preview:-1\" \/>\n<link rel=\"canonical\" href=\"https:\/\/svpchem.eu\/lv\/produktas\/svp-pretkorozijas-krasas-dazadas-krasas\/\" \/>\n<meta property=\"og:locale\" content=\"lv_LV\" \/>\n<meta property=\"og:type\" content=\"article\" \/>\n<meta property=\"og:title\" content=\"SVP Pretkorozijas kr\u0101sas, da\u017e\u0101das kr\u0101sas - svpchem.eu\" \/>\n<meta property=\"og:description\" content=\"SVP pretkorozijas kr\u0101sas - dro\u0161a met\u0101la virsmu aizsardz\u012bba pret r\u016bsu un vides ietekmi. \u0100tra \u017e\u016b\u0161ana, labs p\u0101rkl\u0101jums un iztur\u012bgs, ilgnotur\u012bgs p\u0101rkl\u0101jums iek\u0161telp\u0101s un \u0101rpus telp\u0101m.\" \/>\n<meta property=\"og:url\" content=\"https:\/\/svpchem.eu\/lv\/produktas\/svp-pretkorozijas-krasas-dazadas-krasas\/\" \/>\n<meta property=\"og:site_name\" content=\"svpchem.eu\" \/>\n<meta property=\"article:modified_time\" content=\"2026-04-10T09:59:18+00:00\" \/>\n<meta property=\"og:image\" content=\"https:\/\/svpchem.eu\/wp-content\/uploads\/2025\/12\/Antikoroziniai-dazai.jpg\" \/>\n\t<meta property=\"og:image:width\" content=\"1300\" \/>\n\t<meta property=\"og:image:height\" content=\"1300\" \/>\n\t<meta property=\"og:image:type\" content=\"image\/jpeg\" \/>\n<meta name=\"twitter:card\" content=\"summary_large_image\" \/>\n<script type=\"application\/ld+json\" class=\"yoast-schema-graph\">{\"@context\":\"https:\\\/\\\/schema.org\",\"@graph\":[{\"@type\":\"WebPage\",\"@id\":\"https:\\\/\\\/svpchem.eu\\\/lv\\\/produktas\\\/svp-pretkorozijas-krasas-dazadas-krasas\\\/\",\"url\":\"https:\\\/\\\/svpchem.eu\\\/lv\\\/produktas\\\/svp-pretkorozijas-krasas-dazadas-krasas\\\/\",\"name\":\"SVP Pretkorozijas kr\u0101sas, da\u017e\u0101das kr\u0101sas - svpchem.eu\",\"isPartOf\":{\"@id\":\"https:\\\/\\\/svpchem.eu\\\/lv\\\/#website\"},\"primaryImageOfPage\":{\"@id\":\"https:\\\/\\\/svpchem.eu\\\/lv\\\/produktas\\\/svp-pretkorozijas-krasas-dazadas-krasas\\\/#primaryimage\"},\"image\":{\"@id\":\"https:\\\/\\\/svpchem.eu\\\/lv\\\/produktas\\\/svp-pretkorozijas-krasas-dazadas-krasas\\\/#primaryimage\"},\"thumbnailUrl\":\"https:\\\/\\\/svpchem.eu\\\/wp-content\\\/uploads\\\/2025\\\/12\\\/Antikoroziniai-dazai.jpg\",\"datePublished\":\"2025-12-19T13:31:54+00:00\",\"dateModified\":\"2026-04-10T09:59:18+00:00\",\"description\":\"SVP pretkorozijas kr\u0101sas - dro\u0161a met\u0101la virsmu aizsardz\u012bba pret r\u016bsu un vides ietekmi. \u0100tra \u017e\u016b\u0161ana, labs p\u0101rkl\u0101jums un iztur\u012bgs, ilgnotur\u012bgs p\u0101rkl\u0101jums iek\u0161telp\u0101s un \u0101rpus telp\u0101m.\",\"breadcrumb\":{\"@id\":\"https:\\\/\\\/svpchem.eu\\\/lv\\\/produktas\\\/svp-pretkorozijas-krasas-dazadas-krasas\\\/#breadcrumb\"},\"inLanguage\":\"lv-LV\",\"potentialAction\":[{\"@type\":\"ReadAction\",\"target\":[\"https:\\\/\\\/svpchem.eu\\\/lv\\\/produktas\\\/svp-pretkorozijas-krasas-dazadas-krasas\\\/\"]}]},{\"@type\":\"ImageObject\",\"inLanguage\":\"lv-LV\",\"@id\":\"https:\\\/\\\/svpchem.eu\\\/lv\\\/produktas\\\/svp-pretkorozijas-krasas-dazadas-krasas\\\/#primaryimage\",\"url\":\"https:\\\/\\\/svpchem.eu\\\/wp-content\\\/uploads\\\/2025\\\/12\\\/Antikoroziniai-dazai.jpg\",\"contentUrl\":\"https:\\\/\\\/svpchem.eu\\\/wp-content\\\/uploads\\\/2025\\\/12\\\/Antikoroziniai-dazai.jpg\",\"width\":1300,\"height\":1300},{\"@type\":\"BreadcrumbList\",\"@id\":\"https:\\\/\\\/svpchem.eu\\\/lv\\\/produktas\\\/svp-pretkorozijas-krasas-dazadas-krasas\\\/#breadcrumb\",\"itemListElement\":[{\"@type\":\"ListItem\",\"position\":1,\"name\":\"S\u0101kums\",\"item\":\"https:\\\/\\\/svpchem.eu\\\/lv\\\/par-mums\\\/\"},{\"@type\":\"ListItem\",\"position\":2,\"name\":\"Veikals\",\"item\":\"https:\\\/\\\/svpchem.eu\\\/lv\\\/veikals\\\/\"},{\"@type\":\"ListItem\",\"position\":3,\"name\":\"SVP Pretkorozijas kr\u0101sas, da\u017e\u0101das kr\u0101sas\"}]},{\"@type\":\"WebSite\",\"@id\":\"https:\\\/\\\/svpchem.eu\\\/lv\\\/#website\",\"url\":\"https:\\\/\\\/svpchem.eu\\\/lv\\\/\",\"name\":\"svpchem.eu\",\"description\":\"\",\"publisher\":{\"@id\":\"https:\\\/\\\/svpchem.eu\\\/lv\\\/#organization\"},\"potentialAction\":[{\"@type\":\"SearchAction\",\"target\":{\"@type\":\"EntryPoint\",\"urlTemplate\":\"https:\\\/\\\/svpchem.eu\\\/lv\\\/?s={search_term_string}\"},\"query-input\":{\"@type\":\"PropertyValueSpecification\",\"valueRequired\":true,\"valueName\":\"search_term_string\"}}],\"inLanguage\":\"lv-LV\"},{\"@type\":\"Organization\",\"@id\":\"https:\\\/\\\/svpchem.eu\\\/lv\\\/#organization\",\"name\":\"svpchem.eu\",\"url\":\"https:\\\/\\\/svpchem.eu\\\/lv\\\/\",\"logo\":{\"@type\":\"ImageObject\",\"inLanguage\":\"lv-LV\",\"@id\":\"https:\\\/\\\/svpchem.eu\\\/lv\\\/#\\\/schema\\\/logo\\\/image\\\/\",\"url\":\"https:\\\/\\\/svpchem.eu\\\/wp-content\\\/uploads\\\/2025\\\/12\\\/logo_cropped_no_bg_20251217-1.png\",\"contentUrl\":\"https:\\\/\\\/svpchem.eu\\\/wp-content\\\/uploads\\\/2025\\\/12\\\/logo_cropped_no_bg_20251217-1.png\",\"width\":851,\"height\":430,\"caption\":\"svpchem.eu\"},\"image\":{\"@id\":\"https:\\\/\\\/svpchem.eu\\\/lv\\\/#\\\/schema\\\/logo\\\/image\\\/\"}}]}<\/script>\n<!-- \/ Yoast SEO plugin. -->","yoast_head_json":{"title":"SVP Pretkorozijas kr\u0101sas, da\u017e\u0101das kr\u0101sas - svpchem.eu","description":"SVP pretkorozijas kr\u0101sas - dro\u0161a met\u0101la virsmu aizsardz\u012bba pret r\u016bsu un vides ietekmi. \u0100tra \u017e\u016b\u0161ana, labs p\u0101rkl\u0101jums un iztur\u012bgs, ilgnotur\u012bgs p\u0101rkl\u0101jums iek\u0161telp\u0101s un \u0101rpus telp\u0101m.","robots":{"index":"index","follow":"follow","max-snippet":"max-snippet:-1","max-image-preview":"max-image-preview:large","max-video-preview":"max-video-preview:-1"},"canonical":"https:\/\/svpchem.eu\/lv\/produktas\/svp-pretkorozijas-krasas-dazadas-krasas\/","og_locale":"lv_LV","og_type":"article","og_title":"SVP Pretkorozijas kr\u0101sas, da\u017e\u0101das kr\u0101sas - svpchem.eu","og_description":"SVP pretkorozijas kr\u0101sas - dro\u0161a met\u0101la virsmu aizsardz\u012bba pret r\u016bsu un vides ietekmi. \u0100tra \u017e\u016b\u0161ana, labs p\u0101rkl\u0101jums un iztur\u012bgs, ilgnotur\u012bgs p\u0101rkl\u0101jums iek\u0161telp\u0101s un \u0101rpus telp\u0101m.","og_url":"https:\/\/svpchem.eu\/lv\/produktas\/svp-pretkorozijas-krasas-dazadas-krasas\/","og_site_name":"svpchem.eu","article_modified_time":"2026-04-10T09:59:18+00:00","og_image":[{"width":1300,"height":1300,"url":"https:\/\/svpchem.eu\/wp-content\/uploads\/2025\/12\/Antikoroziniai-dazai.jpg","type":"image\/jpeg"}],"twitter_card":"summary_large_image","schema":{"@context":"https:\/\/schema.org","@graph":[{"@type":"WebPage","@id":"https:\/\/svpchem.eu\/lv\/produktas\/svp-pretkorozijas-krasas-dazadas-krasas\/","url":"https:\/\/svpchem.eu\/lv\/produktas\/svp-pretkorozijas-krasas-dazadas-krasas\/","name":"SVP Pretkorozijas kr\u0101sas, da\u017e\u0101das kr\u0101sas - svpchem.eu","isPartOf":{"@id":"https:\/\/svpchem.eu\/lv\/#website"},"primaryImageOfPage":{"@id":"https:\/\/svpchem.eu\/lv\/produktas\/svp-pretkorozijas-krasas-dazadas-krasas\/#primaryimage"},"image":{"@id":"https:\/\/svpchem.eu\/lv\/produktas\/svp-pretkorozijas-krasas-dazadas-krasas\/#primaryimage"},"thumbnailUrl":"https:\/\/svpchem.eu\/wp-content\/uploads\/2025\/12\/Antikoroziniai-dazai.jpg","datePublished":"2025-12-19T13:31:54+00:00","dateModified":"2026-04-10T09:59:18+00:00","description":"SVP pretkorozijas kr\u0101sas - dro\u0161a met\u0101la virsmu aizsardz\u012bba pret r\u016bsu un vides ietekmi. \u0100tra \u017e\u016b\u0161ana, labs p\u0101rkl\u0101jums un iztur\u012bgs, ilgnotur\u012bgs p\u0101rkl\u0101jums iek\u0161telp\u0101s un \u0101rpus telp\u0101m.","breadcrumb":{"@id":"https:\/\/svpchem.eu\/lv\/produktas\/svp-pretkorozijas-krasas-dazadas-krasas\/#breadcrumb"},"inLanguage":"lv-LV","potentialAction":[{"@type":"ReadAction","target":["https:\/\/svpchem.eu\/lv\/produktas\/svp-pretkorozijas-krasas-dazadas-krasas\/"]}]},{"@type":"ImageObject","inLanguage":"lv-LV","@id":"https:\/\/svpchem.eu\/lv\/produktas\/svp-pretkorozijas-krasas-dazadas-krasas\/#primaryimage","url":"https:\/\/svpchem.eu\/wp-content\/uploads\/2025\/12\/Antikoroziniai-dazai.jpg","contentUrl":"https:\/\/svpchem.eu\/wp-content\/uploads\/2025\/12\/Antikoroziniai-dazai.jpg","width":1300,"height":1300},{"@type":"BreadcrumbList","@id":"https:\/\/svpchem.eu\/lv\/produktas\/svp-pretkorozijas-krasas-dazadas-krasas\/#breadcrumb","itemListElement":[{"@type":"ListItem","position":1,"name":"S\u0101kums","item":"https:\/\/svpchem.eu\/lv\/par-mums\/"},{"@type":"ListItem","position":2,"name":"Veikals","item":"https:\/\/svpchem.eu\/lv\/veikals\/"},{"@type":"ListItem","position":3,"name":"SVP Pretkorozijas kr\u0101sas, da\u017e\u0101das kr\u0101sas"}]},{"@type":"WebSite","@id":"https:\/\/svpchem.eu\/lv\/#website","url":"https:\/\/svpchem.eu\/lv\/","name":"svpchem.eu","description":"","publisher":{"@id":"https:\/\/svpchem.eu\/lv\/#organization"},"potentialAction":[{"@type":"SearchAction","target":{"@type":"EntryPoint","urlTemplate":"https:\/\/svpchem.eu\/lv\/?s={search_term_string}"},"query-input":{"@type":"PropertyValueSpecification","valueRequired":true,"valueName":"search_term_string"}}],"inLanguage":"lv-LV"},{"@type":"Organization","@id":"https:\/\/svpchem.eu\/lv\/#organization","name":"svpchem.eu","url":"https:\/\/svpchem.eu\/lv\/","logo":{"@type":"ImageObject","inLanguage":"lv-LV","@id":"https:\/\/svpchem.eu\/lv\/#\/schema\/logo\/image\/","url":"https:\/\/svpchem.eu\/wp-content\/uploads\/2025\/12\/logo_cropped_no_bg_20251217-1.png","contentUrl":"https:\/\/svpchem.eu\/wp-content\/uploads\/2025\/12\/logo_cropped_no_bg_20251217-1.png","width":851,"height":430,"caption":"svpchem.eu"},"image":{"@id":"https:\/\/svpchem.eu\/lv\/#\/schema\/logo\/image\/"}}]}},"_links":{"self":[{"href":"https:\/\/svpchem.eu\/lv\/wp-json\/wp\/v2\/product\/2868","targetHints":{"allow":["GET"]}}],"collection":[{"href":"https:\/\/svpchem.eu\/lv\/wp-json\/wp\/v2\/product"}],"about":[{"href":"https:\/\/svpchem.eu\/lv\/wp-json\/wp\/v2\/types\/product"}],"wp:featuredmedia":[{"embeddable":true,"href":"https:\/\/svpchem.eu\/lv\/wp-json\/wp\/v2\/media\/2869"}],"wp:attachment":[{"href":"https:\/\/svpchem.eu\/lv\/wp-json\/wp\/v2\/media?parent=2868"}],"wp:term":[{"taxonomy":"product_brand","embeddable":true,"href":"https:\/\/svpchem.eu\/lv\/wp-json\/wp\/v2\/product_brand?post=2868"},{"taxonomy":"product_cat","embeddable":true,"href":"https:\/\/svpchem.eu\/lv\/wp-json\/wp\/v2\/product_cat?post=2868"},{"taxonomy":"product_tag","embeddable":true,"href":"https:\/\/svpchem.eu\/lv\/wp-json\/wp\/v2\/product_tag?post=2868"}],"curies":[{"name":"wp","href":"https:\/\/api.w.org\/{rel}","templated":true}]}}