{"id":3036,"date":"2025-12-19T13:31:51","date_gmt":"2025-12-19T13:31:51","guid":{"rendered":"https:\/\/svpchem.eu\/produktas\/svp-antifrizs-35c-g12-sarkans\/"},"modified":"2026-04-10T09:59:57","modified_gmt":"2026-04-10T09:59:57","slug":"svp-antifrizs-35c-g12-sarkans","status":"publish","type":"product","link":"https:\/\/svpchem.eu\/lv\/produktas\/svp-antifrizs-35c-g12-sarkans\/","title":{"rendered":"SVP Antifr\u012bzs -35C G12+ sarkans"},"content":{"rendered":"","protected":false},"excerpt":{"rendered":"<p><strong>Apraksts:<br \/>\n<\/strong><br \/>\n Gatavs lieto\u0161anai dzes\u0113\u0161anas \u0161\u0137idrums (OAT tehnolo\u0123ija) modern\u0101m alum\u012bnija dzin\u0113ju dzes\u0113\u0161anas sist\u0113m\u0101m. Nodro\u0161ina uzticamu un ilgsto\u0161u aizsardz\u012bbu pret koroziju, aukstumu un p\u0101rkar\u0161anu l\u012bdz -35\u2218C.<br \/>\n<strong><br \/>\nGalven\u0101s iez\u012bmes:<br \/>\n<\/strong><br \/>\n &#8211; Tehnolo\u0123ija: OAT (Organic Acid Technology) &#8211; ilgs kalpo\u0161anas laiks.<br \/>\n&#8211; Aizsardz\u012bba: Nodro\u0161ina maksim\u0101lu aizsardz\u012bbu temperat\u016br\u0101 l\u012bdz -35\u2218C.<br \/>\n&#8211; M\u0113r\u0137is: Ide\u0101li piem\u0113rots m\u016bsdien\u012bgiem dzin\u0113jiem ar alum\u012bnija komponentiem.<br \/>\n&#8211; Vides aizsardz\u012bba: Nesatur nitr\u012btus, am\u012bnus, fosf\u0101tus, bor\u0101tus un silikon\u0101tus.<br \/>\n<strong><br \/>\nLieto\u0161ana:<\/strong><\/p>\n<p>Dzes\u0113\u0161anas \u0161\u0137idrums ir gatavs lieto\u0161anai. Uzpildiet dzes\u0113\u0161anas sist\u0113mu l\u012bdz ra\u017eot\u0101ja nor\u0101d\u012btajam l\u012bmenim. Ja ra\u017eot\u0101js to ir paredz\u0113jis, atgaisiniet sist\u0113mu.<br \/>\n<strong><br \/>\nIeguvumi:<\/strong><\/p>\n<p>&#8211; Pagarin\u0101ts nomai\u0146as interv\u0101ls &#8211; efekt\u012bva aizsardz\u012bba ilgu laiku.<br \/>\n&#8211; Efekt\u012bva aizsardz\u012bba &#8211; uzticama aizsardz\u012bba pret p\u0101rkar\u0161anu un koroziju.<br \/>\n&#8211; Savietojam\u012bba &#8211; sader\u012bgs ar G12 un G12++ \u0161\u0137idrumiem.<br \/>\n<strong><br \/>\nTehnisk\u0101 inform\u0101cija:<br \/>\n<\/strong><br \/>\n &#8211; Ietilp\u012bba: 1000 ml, 5000 ml.<br \/>\n&#8211; Tips: G12+ (OAT).<br \/>\n&#8211; Kr\u0101sa: Sarkana.<br \/>\n&#8211; Aizsardz\u012bba: L\u012bdz -35\u2218C.<br \/>\n&#8211; SVAR\u012aGI: NEMais\u012bt ar vec\u0101kas paaudzes G11 tipa \u0161\u0137idrumiem.<\/p>\n","protected":false},"featured_media":3039,"template":"","meta":[],"product_brand":[],"product_cat":[321],"product_tag":[],"class_list":{"0":"post-3036","1":"product","2":"type-product","3":"status-publish","4":"has-post-thumbnail","6":"product_cat-dzesesanas-skidrumi","7":"pa_brand-svp","8":"pa_kiekis_dz-205","9":"pa_kiekis_pk-167","10":"pa_talpa-1000-ml","12":"first","13":"instock","14":"shipping-taxable","15":"product-type-simple"},"yoast_head":"<!-- This site is optimized with the Yoast SEO plugin v27.3 - https:\/\/yoast.com\/product\/yoast-seo-wordpress\/ -->\n<title>SVP Antifr\u012bzs -35C G12+ sarkans - svpchem.eu<\/title>\n<meta name=\"description\" content=\"SVP Antifr\u012bzs -35 \u00b0C G12 (sarkans) - Ilgtermi\u0146a aizsardz\u012bba pret sasal\u0161anu, p\u0101rkar\u0161anu un koroziju dzes\u0113\u0161anas sist\u0113m\u0101s. Paredz\u0113ts m\u016bsdien\u012bgiem dzin\u0113jiem, nodro\u0161ina efekt\u012bvu siltuma p\u0101rnesi un uzticamu darb\u012bbu da\u017e\u0101dos apst\u0101k\u013cos.\" \/>\n<meta name=\"robots\" content=\"index, follow, max-snippet:-1, max-image-preview:large, max-video-preview:-1\" \/>\n<link rel=\"canonical\" href=\"https:\/\/svpchem.eu\/lv\/produktas\/svp-antifrizs-35c-g12-sarkans\/\" \/>\n<meta property=\"og:locale\" content=\"lv_LV\" \/>\n<meta property=\"og:type\" content=\"article\" \/>\n<meta property=\"og:title\" content=\"SVP Antifr\u012bzs -35C G12+ sarkans - svpchem.eu\" \/>\n<meta property=\"og:description\" content=\"SVP Antifr\u012bzs -35 \u00b0C G12 (sarkans) - Ilgtermi\u0146a aizsardz\u012bba pret sasal\u0161anu, p\u0101rkar\u0161anu un koroziju dzes\u0113\u0161anas sist\u0113m\u0101s. Paredz\u0113ts m\u016bsdien\u012bgiem dzin\u0113jiem, nodro\u0161ina efekt\u012bvu siltuma p\u0101rnesi un uzticamu darb\u012bbu da\u017e\u0101dos apst\u0101k\u013cos.\" \/>\n<meta property=\"og:url\" content=\"https:\/\/svpchem.eu\/lv\/produktas\/svp-antifrizs-35c-g12-sarkans\/\" \/>\n<meta property=\"og:site_name\" content=\"svpchem.eu\" \/>\n<meta property=\"article:modified_time\" content=\"2026-04-10T09:59:57+00:00\" \/>\n<meta property=\"og:image\" content=\"https:\/\/svpchem.eu\/wp-content\/uploads\/2025\/12\/SVP-Antifrizas-35C-G12-raudonos-spalvos.jpg\" \/>\n\t<meta property=\"og:image:width\" content=\"1300\" \/>\n\t<meta property=\"og:image:height\" content=\"1300\" \/>\n\t<meta property=\"og:image:type\" content=\"image\/jpeg\" \/>\n<meta name=\"twitter:card\" content=\"summary_large_image\" \/>\n<script type=\"application\/ld+json\" class=\"yoast-schema-graph\">{\"@context\":\"https:\\\/\\\/schema.org\",\"@graph\":[{\"@type\":\"WebPage\",\"@id\":\"https:\\\/\\\/svpchem.eu\\\/lv\\\/produktas\\\/svp-antifrizs-35c-g12-sarkans\\\/\",\"url\":\"https:\\\/\\\/svpchem.eu\\\/lv\\\/produktas\\\/svp-antifrizs-35c-g12-sarkans\\\/\",\"name\":\"SVP Antifr\u012bzs -35C G12+ sarkans - svpchem.eu\",\"isPartOf\":{\"@id\":\"https:\\\/\\\/svpchem.eu\\\/lv\\\/#website\"},\"primaryImageOfPage\":{\"@id\":\"https:\\\/\\\/svpchem.eu\\\/lv\\\/produktas\\\/svp-antifrizs-35c-g12-sarkans\\\/#primaryimage\"},\"image\":{\"@id\":\"https:\\\/\\\/svpchem.eu\\\/lv\\\/produktas\\\/svp-antifrizs-35c-g12-sarkans\\\/#primaryimage\"},\"thumbnailUrl\":\"https:\\\/\\\/svpchem.eu\\\/wp-content\\\/uploads\\\/2025\\\/12\\\/SVP-Antifrizas-35C-G12-raudonos-spalvos.jpg\",\"datePublished\":\"2025-12-19T13:31:51+00:00\",\"dateModified\":\"2026-04-10T09:59:57+00:00\",\"description\":\"SVP Antifr\u012bzs -35 \u00b0C G12 (sarkans) - Ilgtermi\u0146a aizsardz\u012bba pret sasal\u0161anu, p\u0101rkar\u0161anu un koroziju dzes\u0113\u0161anas sist\u0113m\u0101s. Paredz\u0113ts m\u016bsdien\u012bgiem dzin\u0113jiem, nodro\u0161ina efekt\u012bvu siltuma p\u0101rnesi un uzticamu darb\u012bbu da\u017e\u0101dos apst\u0101k\u013cos.\",\"breadcrumb\":{\"@id\":\"https:\\\/\\\/svpchem.eu\\\/lv\\\/produktas\\\/svp-antifrizs-35c-g12-sarkans\\\/#breadcrumb\"},\"inLanguage\":\"lv-LV\",\"potentialAction\":[{\"@type\":\"ReadAction\",\"target\":[\"https:\\\/\\\/svpchem.eu\\\/lv\\\/produktas\\\/svp-antifrizs-35c-g12-sarkans\\\/\"]}]},{\"@type\":\"ImageObject\",\"inLanguage\":\"lv-LV\",\"@id\":\"https:\\\/\\\/svpchem.eu\\\/lv\\\/produktas\\\/svp-antifrizs-35c-g12-sarkans\\\/#primaryimage\",\"url\":\"https:\\\/\\\/svpchem.eu\\\/wp-content\\\/uploads\\\/2025\\\/12\\\/SVP-Antifrizas-35C-G12-raudonos-spalvos.jpg\",\"contentUrl\":\"https:\\\/\\\/svpchem.eu\\\/wp-content\\\/uploads\\\/2025\\\/12\\\/SVP-Antifrizas-35C-G12-raudonos-spalvos.jpg\",\"width\":1300,\"height\":1300},{\"@type\":\"BreadcrumbList\",\"@id\":\"https:\\\/\\\/svpchem.eu\\\/lv\\\/produktas\\\/svp-antifrizs-35c-g12-sarkans\\\/#breadcrumb\",\"itemListElement\":[{\"@type\":\"ListItem\",\"position\":1,\"name\":\"S\u0101kums\",\"item\":\"https:\\\/\\\/svpchem.eu\\\/lv\\\/par-mums\\\/\"},{\"@type\":\"ListItem\",\"position\":2,\"name\":\"Veikals\",\"item\":\"https:\\\/\\\/svpchem.eu\\\/lv\\\/veikals\\\/\"},{\"@type\":\"ListItem\",\"position\":3,\"name\":\"SVP Antifr\u012bzs -35C G12+ sarkans\"}]},{\"@type\":\"WebSite\",\"@id\":\"https:\\\/\\\/svpchem.eu\\\/lv\\\/#website\",\"url\":\"https:\\\/\\\/svpchem.eu\\\/lv\\\/\",\"name\":\"svpchem.eu\",\"description\":\"\",\"publisher\":{\"@id\":\"https:\\\/\\\/svpchem.eu\\\/lv\\\/#organization\"},\"potentialAction\":[{\"@type\":\"SearchAction\",\"target\":{\"@type\":\"EntryPoint\",\"urlTemplate\":\"https:\\\/\\\/svpchem.eu\\\/lv\\\/?s={search_term_string}\"},\"query-input\":{\"@type\":\"PropertyValueSpecification\",\"valueRequired\":true,\"valueName\":\"search_term_string\"}}],\"inLanguage\":\"lv-LV\"},{\"@type\":\"Organization\",\"@id\":\"https:\\\/\\\/svpchem.eu\\\/lv\\\/#organization\",\"name\":\"svpchem.eu\",\"url\":\"https:\\\/\\\/svpchem.eu\\\/lv\\\/\",\"logo\":{\"@type\":\"ImageObject\",\"inLanguage\":\"lv-LV\",\"@id\":\"https:\\\/\\\/svpchem.eu\\\/lv\\\/#\\\/schema\\\/logo\\\/image\\\/\",\"url\":\"https:\\\/\\\/svpchem.eu\\\/wp-content\\\/uploads\\\/2025\\\/12\\\/logo_cropped_no_bg_20251217-1.png\",\"contentUrl\":\"https:\\\/\\\/svpchem.eu\\\/wp-content\\\/uploads\\\/2025\\\/12\\\/logo_cropped_no_bg_20251217-1.png\",\"width\":851,\"height\":430,\"caption\":\"svpchem.eu\"},\"image\":{\"@id\":\"https:\\\/\\\/svpchem.eu\\\/lv\\\/#\\\/schema\\\/logo\\\/image\\\/\"}}]}<\/script>\n<!-- \/ Yoast SEO plugin. -->","yoast_head_json":{"title":"SVP Antifr\u012bzs -35C G12+ sarkans - svpchem.eu","description":"SVP Antifr\u012bzs -35 \u00b0C G12 (sarkans) - Ilgtermi\u0146a aizsardz\u012bba pret sasal\u0161anu, p\u0101rkar\u0161anu un koroziju dzes\u0113\u0161anas sist\u0113m\u0101s. Paredz\u0113ts m\u016bsdien\u012bgiem dzin\u0113jiem, nodro\u0161ina efekt\u012bvu siltuma p\u0101rnesi un uzticamu darb\u012bbu da\u017e\u0101dos apst\u0101k\u013cos.","robots":{"index":"index","follow":"follow","max-snippet":"max-snippet:-1","max-image-preview":"max-image-preview:large","max-video-preview":"max-video-preview:-1"},"canonical":"https:\/\/svpchem.eu\/lv\/produktas\/svp-antifrizs-35c-g12-sarkans\/","og_locale":"lv_LV","og_type":"article","og_title":"SVP Antifr\u012bzs -35C G12+ sarkans - svpchem.eu","og_description":"SVP Antifr\u012bzs -35 \u00b0C G12 (sarkans) - Ilgtermi\u0146a aizsardz\u012bba pret sasal\u0161anu, p\u0101rkar\u0161anu un koroziju dzes\u0113\u0161anas sist\u0113m\u0101s. Paredz\u0113ts m\u016bsdien\u012bgiem dzin\u0113jiem, nodro\u0161ina efekt\u012bvu siltuma p\u0101rnesi un uzticamu darb\u012bbu da\u017e\u0101dos apst\u0101k\u013cos.","og_url":"https:\/\/svpchem.eu\/lv\/produktas\/svp-antifrizs-35c-g12-sarkans\/","og_site_name":"svpchem.eu","article_modified_time":"2026-04-10T09:59:57+00:00","og_image":[{"width":1300,"height":1300,"url":"https:\/\/svpchem.eu\/wp-content\/uploads\/2025\/12\/SVP-Antifrizas-35C-G12-raudonos-spalvos.jpg","type":"image\/jpeg"}],"twitter_card":"summary_large_image","schema":{"@context":"https:\/\/schema.org","@graph":[{"@type":"WebPage","@id":"https:\/\/svpchem.eu\/lv\/produktas\/svp-antifrizs-35c-g12-sarkans\/","url":"https:\/\/svpchem.eu\/lv\/produktas\/svp-antifrizs-35c-g12-sarkans\/","name":"SVP Antifr\u012bzs -35C G12+ sarkans - svpchem.eu","isPartOf":{"@id":"https:\/\/svpchem.eu\/lv\/#website"},"primaryImageOfPage":{"@id":"https:\/\/svpchem.eu\/lv\/produktas\/svp-antifrizs-35c-g12-sarkans\/#primaryimage"},"image":{"@id":"https:\/\/svpchem.eu\/lv\/produktas\/svp-antifrizs-35c-g12-sarkans\/#primaryimage"},"thumbnailUrl":"https:\/\/svpchem.eu\/wp-content\/uploads\/2025\/12\/SVP-Antifrizas-35C-G12-raudonos-spalvos.jpg","datePublished":"2025-12-19T13:31:51+00:00","dateModified":"2026-04-10T09:59:57+00:00","description":"SVP Antifr\u012bzs -35 \u00b0C G12 (sarkans) - Ilgtermi\u0146a aizsardz\u012bba pret sasal\u0161anu, p\u0101rkar\u0161anu un koroziju dzes\u0113\u0161anas sist\u0113m\u0101s. Paredz\u0113ts m\u016bsdien\u012bgiem dzin\u0113jiem, nodro\u0161ina efekt\u012bvu siltuma p\u0101rnesi un uzticamu darb\u012bbu da\u017e\u0101dos apst\u0101k\u013cos.","breadcrumb":{"@id":"https:\/\/svpchem.eu\/lv\/produktas\/svp-antifrizs-35c-g12-sarkans\/#breadcrumb"},"inLanguage":"lv-LV","potentialAction":[{"@type":"ReadAction","target":["https:\/\/svpchem.eu\/lv\/produktas\/svp-antifrizs-35c-g12-sarkans\/"]}]},{"@type":"ImageObject","inLanguage":"lv-LV","@id":"https:\/\/svpchem.eu\/lv\/produktas\/svp-antifrizs-35c-g12-sarkans\/#primaryimage","url":"https:\/\/svpchem.eu\/wp-content\/uploads\/2025\/12\/SVP-Antifrizas-35C-G12-raudonos-spalvos.jpg","contentUrl":"https:\/\/svpchem.eu\/wp-content\/uploads\/2025\/12\/SVP-Antifrizas-35C-G12-raudonos-spalvos.jpg","width":1300,"height":1300},{"@type":"BreadcrumbList","@id":"https:\/\/svpchem.eu\/lv\/produktas\/svp-antifrizs-35c-g12-sarkans\/#breadcrumb","itemListElement":[{"@type":"ListItem","position":1,"name":"S\u0101kums","item":"https:\/\/svpchem.eu\/lv\/par-mums\/"},{"@type":"ListItem","position":2,"name":"Veikals","item":"https:\/\/svpchem.eu\/lv\/veikals\/"},{"@type":"ListItem","position":3,"name":"SVP Antifr\u012bzs -35C G12+ sarkans"}]},{"@type":"WebSite","@id":"https:\/\/svpchem.eu\/lv\/#website","url":"https:\/\/svpchem.eu\/lv\/","name":"svpchem.eu","description":"","publisher":{"@id":"https:\/\/svpchem.eu\/lv\/#organization"},"potentialAction":[{"@type":"SearchAction","target":{"@type":"EntryPoint","urlTemplate":"https:\/\/svpchem.eu\/lv\/?s={search_term_string}"},"query-input":{"@type":"PropertyValueSpecification","valueRequired":true,"valueName":"search_term_string"}}],"inLanguage":"lv-LV"},{"@type":"Organization","@id":"https:\/\/svpchem.eu\/lv\/#organization","name":"svpchem.eu","url":"https:\/\/svpchem.eu\/lv\/","logo":{"@type":"ImageObject","inLanguage":"lv-LV","@id":"https:\/\/svpchem.eu\/lv\/#\/schema\/logo\/image\/","url":"https:\/\/svpchem.eu\/wp-content\/uploads\/2025\/12\/logo_cropped_no_bg_20251217-1.png","contentUrl":"https:\/\/svpchem.eu\/wp-content\/uploads\/2025\/12\/logo_cropped_no_bg_20251217-1.png","width":851,"height":430,"caption":"svpchem.eu"},"image":{"@id":"https:\/\/svpchem.eu\/lv\/#\/schema\/logo\/image\/"}}]}},"_links":{"self":[{"href":"https:\/\/svpchem.eu\/lv\/wp-json\/wp\/v2\/product\/3036","targetHints":{"allow":["GET"]}}],"collection":[{"href":"https:\/\/svpchem.eu\/lv\/wp-json\/wp\/v2\/product"}],"about":[{"href":"https:\/\/svpchem.eu\/lv\/wp-json\/wp\/v2\/types\/product"}],"wp:featuredmedia":[{"embeddable":true,"href":"https:\/\/svpchem.eu\/lv\/wp-json\/wp\/v2\/media\/3039"}],"wp:attachment":[{"href":"https:\/\/svpchem.eu\/lv\/wp-json\/wp\/v2\/media?parent=3036"}],"wp:term":[{"taxonomy":"product_brand","embeddable":true,"href":"https:\/\/svpchem.eu\/lv\/wp-json\/wp\/v2\/product_brand?post=3036"},{"taxonomy":"product_cat","embeddable":true,"href":"https:\/\/svpchem.eu\/lv\/wp-json\/wp\/v2\/product_cat?post=3036"},{"taxonomy":"product_tag","embeddable":true,"href":"https:\/\/svpchem.eu\/lv\/wp-json\/wp\/v2\/product_tag?post=3036"}],"curies":[{"name":"wp","href":"https:\/\/api.w.org\/{rel}","templated":true}]}}