{"id":3053,"date":"2025-12-19T13:31:51","date_gmt":"2025-12-19T13:31:51","guid":{"rendered":"https:\/\/svpchem.eu\/produktas\/vepron-oil-10w40-ss-sae\/"},"modified":"2026-04-10T09:59:51","modified_gmt":"2026-04-10T09:59:51","slug":"vepron-oil-10w40-ss-sae","status":"publish","type":"product","link":"https:\/\/svpchem.eu\/lv\/produktas\/vepron-oil-10w40-ss-sae\/","title":{"rendered":"VEPRON OIL 10w40 SS SAE"},"content":{"rendered":"","protected":false},"excerpt":{"rendered":"<p><strong>Apraksts:<br \/>\n<\/strong><br \/>\n VEPRON OIL SS SAE 10W-40 ir augstas veiktsp\u0113jas, da\u013c\u0113ji sint\u0113tiska, zemas berzes motore\u013c\u013ca. Izstr\u0101d\u0101ta, lai nodro\u0161in\u0101tu efekt\u012bvu dzin\u0113ja e\u013c\u013co\u0161anu un aizsardz\u012bbu, vienlaikus samazinot berzi un nodilumu.<br \/>\n<strong><br \/>\nGalven\u0101s iez\u012bmes:<br \/>\n<\/strong><br \/>\n &#8211; Da\u013c\u0113ji sint\u0113tiska b\u0101ze &#8211; nodro\u0161ina izcilu veiktsp\u0113ju un stabilit\u0101ti.<br \/>\n&#8211; Zema berze &#8211; pal\u012bdz samazin\u0101t degvielas pat\u0113ri\u0146u un dzin\u0113ja nodilumu.<br \/>\n&#8211; Daudzpus\u012bba &#8211; piem\u0113rots lieto\u0161anai ar vai bez turbokompresora.<br \/>\n&#8211; Pla\u0161s pielietojuma spektrs &#8211; piem\u0113rots benz\u012bna, d\u012bze\u013cdegvielas un sa\u0161\u0137idrin\u0101t\u0101s naftas g\u0101zes dzin\u0113jiem.<br \/>\n<strong><br \/>\nLieto\u0161ana:<br \/>\n<\/strong><br \/>\n E\u013c\u013ca ir paredz\u0113ta lieto\u0161anai mikroautobusos un vieglajos automobi\u013cos. Piem\u0113rota dzin\u0113jiem ar katal\u012btiskajiem p\u0101rveidot\u0101jiem. Nomai\u0146a saska\u0146\u0101 ar ra\u017eot\u0101ja ieteikumiem.<br \/>\n<strong><br \/>\nPriek\u0161roc\u012bbas:<br \/>\n<\/strong><br \/>\n &#8211; Rentabilit\u0101te &#8211; Formula ar zemu berzes koeficientu var samazin\u0101t degvielas pat\u0113ri\u0146u.<br \/>\n&#8211; Dzin\u0113ja aizsardz\u012bba &#8211; Efekt\u012bva e\u013c\u013co\u0161ana samazina dzin\u0113ja deta\u013cu nodilumu.<br \/>\n&#8211; Savietojam\u012bba &#8211; Piem\u0113rota m\u016bsdien\u012bgiem dzin\u0113jiem ar katal\u012btiskajiem p\u0101rveidot\u0101jiem.<br \/>\n<strong><br \/>\nTehnisk\u0101 inform\u0101cija:<br \/>\n<\/strong><br \/>\n &#8211; Iepakojums: 1000 ml un 5000 ml<br \/>\n&#8211; SAE viskozit\u0101te: 10W-40.<br \/>\n&#8211; Tips: da\u013c\u0113ji sint\u0113tisks (SS).<br \/>\n&#8211; Pielietojums: benz\u012bna, d\u012bze\u013cdegvielas, sa\u0161\u0137idrin\u0101t\u0101s naftas g\u0101zes dzin\u0113ji, ar\/bez turbokompresora.<br \/>\n&#8211; Dro\u0161\u012bbas pras\u012bbas: izlietot\u0101 e\u013c\u013ca ir p\u0101rstr\u0101d\u0101jama. Dro\u0161\u012bbas datu lapas ir pieejamas p\u0113c piepras\u012bjuma. <\/p>\n","protected":false},"featured_media":3054,"template":"","meta":[],"product_brand":[],"product_cat":[331],"product_tag":[],"class_list":{"0":"post-3053","1":"product","2":"type-product","3":"status-publish","4":"has-post-thumbnail","6":"product_cat-smervielas","7":"pa_brand-svp","8":"pa_ean-4779032961073-0","9":"pa_kiekis_dz-205","10":"pa_kiekis_pk-167","11":"pa_talpa-1000-ml","13":"first","14":"instock","15":"shipping-taxable","16":"product-type-simple"},"yoast_head":"<!-- This site is optimized with the Yoast SEO plugin v27.3 - https:\/\/yoast.com\/product\/yoast-seo-wordpress\/ -->\n<title>VEPRON OIL 10w40 SS SAE - svpchem.eu<\/title>\n<meta name=\"description\" content=\"VEPRON OIL 10W40 SS SAE ir augstas veiktsp\u0113jas da\u013c\u0113ji sint\u0113tiska motore\u013c\u013ca, kas nodro\u0161ina uzticamu dzin\u0113ja aizsardz\u012bbu pret nodilumu un nogulsn\u0113m. T\u0101 ir piem\u0113rota benz\u012bna un d\u012bze\u013cdegvielas dzin\u0113jiem un pal\u012bdz saglab\u0101t stabilu veiktsp\u0113ju da\u017e\u0101dos ekspluat\u0101cijas apst\u0101k\u013cos.\" \/>\n<meta name=\"robots\" content=\"index, follow, max-snippet:-1, max-image-preview:large, max-video-preview:-1\" \/>\n<link rel=\"canonical\" href=\"https:\/\/svpchem.eu\/lv\/produktas\/vepron-oil-10w40-ss-sae\/\" \/>\n<meta property=\"og:locale\" content=\"lv_LV\" \/>\n<meta property=\"og:type\" content=\"article\" \/>\n<meta property=\"og:title\" content=\"VEPRON OIL 10w40 SS SAE - svpchem.eu\" \/>\n<meta property=\"og:description\" content=\"VEPRON OIL 10W40 SS SAE ir augstas veiktsp\u0113jas da\u013c\u0113ji sint\u0113tiska motore\u013c\u013ca, kas nodro\u0161ina uzticamu dzin\u0113ja aizsardz\u012bbu pret nodilumu un nogulsn\u0113m. T\u0101 ir piem\u0113rota benz\u012bna un d\u012bze\u013cdegvielas dzin\u0113jiem un pal\u012bdz saglab\u0101t stabilu veiktsp\u0113ju da\u017e\u0101dos ekspluat\u0101cijas apst\u0101k\u013cos.\" \/>\n<meta property=\"og:url\" content=\"https:\/\/svpchem.eu\/lv\/produktas\/vepron-oil-10w40-ss-sae\/\" \/>\n<meta property=\"og:site_name\" content=\"svpchem.eu\" \/>\n<meta property=\"article:modified_time\" content=\"2026-04-10T09:59:51+00:00\" \/>\n<meta property=\"og:image\" content=\"https:\/\/svpchem.eu\/wp-content\/uploads\/2025\/12\/Vepron-10w40-5-litrai.jpg\" \/>\n\t<meta property=\"og:image:width\" content=\"1300\" \/>\n\t<meta property=\"og:image:height\" content=\"1300\" \/>\n\t<meta property=\"og:image:type\" content=\"image\/jpeg\" \/>\n<meta name=\"twitter:card\" content=\"summary_large_image\" \/>\n<script type=\"application\/ld+json\" class=\"yoast-schema-graph\">{\"@context\":\"https:\\\/\\\/schema.org\",\"@graph\":[{\"@type\":\"WebPage\",\"@id\":\"https:\\\/\\\/svpchem.eu\\\/lv\\\/produktas\\\/vepron-oil-10w40-ss-sae\\\/\",\"url\":\"https:\\\/\\\/svpchem.eu\\\/lv\\\/produktas\\\/vepron-oil-10w40-ss-sae\\\/\",\"name\":\"VEPRON OIL 10w40 SS SAE - svpchem.eu\",\"isPartOf\":{\"@id\":\"https:\\\/\\\/svpchem.eu\\\/lv\\\/#website\"},\"primaryImageOfPage\":{\"@id\":\"https:\\\/\\\/svpchem.eu\\\/lv\\\/produktas\\\/vepron-oil-10w40-ss-sae\\\/#primaryimage\"},\"image\":{\"@id\":\"https:\\\/\\\/svpchem.eu\\\/lv\\\/produktas\\\/vepron-oil-10w40-ss-sae\\\/#primaryimage\"},\"thumbnailUrl\":\"https:\\\/\\\/svpchem.eu\\\/wp-content\\\/uploads\\\/2025\\\/12\\\/Vepron-10w40-5-litrai.jpg\",\"datePublished\":\"2025-12-19T13:31:51+00:00\",\"dateModified\":\"2026-04-10T09:59:51+00:00\",\"description\":\"VEPRON OIL 10W40 SS SAE ir augstas veiktsp\u0113jas da\u013c\u0113ji sint\u0113tiska motore\u013c\u013ca, kas nodro\u0161ina uzticamu dzin\u0113ja aizsardz\u012bbu pret nodilumu un nogulsn\u0113m. T\u0101 ir piem\u0113rota benz\u012bna un d\u012bze\u013cdegvielas dzin\u0113jiem un pal\u012bdz saglab\u0101t stabilu veiktsp\u0113ju da\u017e\u0101dos ekspluat\u0101cijas apst\u0101k\u013cos.\",\"breadcrumb\":{\"@id\":\"https:\\\/\\\/svpchem.eu\\\/lv\\\/produktas\\\/vepron-oil-10w40-ss-sae\\\/#breadcrumb\"},\"inLanguage\":\"lv-LV\",\"potentialAction\":[{\"@type\":\"ReadAction\",\"target\":[\"https:\\\/\\\/svpchem.eu\\\/lv\\\/produktas\\\/vepron-oil-10w40-ss-sae\\\/\"]}]},{\"@type\":\"ImageObject\",\"inLanguage\":\"lv-LV\",\"@id\":\"https:\\\/\\\/svpchem.eu\\\/lv\\\/produktas\\\/vepron-oil-10w40-ss-sae\\\/#primaryimage\",\"url\":\"https:\\\/\\\/svpchem.eu\\\/wp-content\\\/uploads\\\/2025\\\/12\\\/Vepron-10w40-5-litrai.jpg\",\"contentUrl\":\"https:\\\/\\\/svpchem.eu\\\/wp-content\\\/uploads\\\/2025\\\/12\\\/Vepron-10w40-5-litrai.jpg\",\"width\":1300,\"height\":1300},{\"@type\":\"BreadcrumbList\",\"@id\":\"https:\\\/\\\/svpchem.eu\\\/lv\\\/produktas\\\/vepron-oil-10w40-ss-sae\\\/#breadcrumb\",\"itemListElement\":[{\"@type\":\"ListItem\",\"position\":1,\"name\":\"S\u0101kums\",\"item\":\"https:\\\/\\\/svpchem.eu\\\/lv\\\/par-mums\\\/\"},{\"@type\":\"ListItem\",\"position\":2,\"name\":\"Veikals\",\"item\":\"https:\\\/\\\/svpchem.eu\\\/lv\\\/veikals\\\/\"},{\"@type\":\"ListItem\",\"position\":3,\"name\":\"VEPRON OIL 10w40 SS SAE\"}]},{\"@type\":\"WebSite\",\"@id\":\"https:\\\/\\\/svpchem.eu\\\/lv\\\/#website\",\"url\":\"https:\\\/\\\/svpchem.eu\\\/lv\\\/\",\"name\":\"svpchem.eu\",\"description\":\"\",\"publisher\":{\"@id\":\"https:\\\/\\\/svpchem.eu\\\/lv\\\/#organization\"},\"potentialAction\":[{\"@type\":\"SearchAction\",\"target\":{\"@type\":\"EntryPoint\",\"urlTemplate\":\"https:\\\/\\\/svpchem.eu\\\/lv\\\/?s={search_term_string}\"},\"query-input\":{\"@type\":\"PropertyValueSpecification\",\"valueRequired\":true,\"valueName\":\"search_term_string\"}}],\"inLanguage\":\"lv-LV\"},{\"@type\":\"Organization\",\"@id\":\"https:\\\/\\\/svpchem.eu\\\/lv\\\/#organization\",\"name\":\"svpchem.eu\",\"url\":\"https:\\\/\\\/svpchem.eu\\\/lv\\\/\",\"logo\":{\"@type\":\"ImageObject\",\"inLanguage\":\"lv-LV\",\"@id\":\"https:\\\/\\\/svpchem.eu\\\/lv\\\/#\\\/schema\\\/logo\\\/image\\\/\",\"url\":\"https:\\\/\\\/svpchem.eu\\\/wp-content\\\/uploads\\\/2025\\\/12\\\/logo_cropped_no_bg_20251217-1.png\",\"contentUrl\":\"https:\\\/\\\/svpchem.eu\\\/wp-content\\\/uploads\\\/2025\\\/12\\\/logo_cropped_no_bg_20251217-1.png\",\"width\":851,\"height\":430,\"caption\":\"svpchem.eu\"},\"image\":{\"@id\":\"https:\\\/\\\/svpchem.eu\\\/lv\\\/#\\\/schema\\\/logo\\\/image\\\/\"}}]}<\/script>\n<!-- \/ Yoast SEO plugin. -->","yoast_head_json":{"title":"VEPRON OIL 10w40 SS SAE - svpchem.eu","description":"VEPRON OIL 10W40 SS SAE ir augstas veiktsp\u0113jas da\u013c\u0113ji sint\u0113tiska motore\u013c\u013ca, kas nodro\u0161ina uzticamu dzin\u0113ja aizsardz\u012bbu pret nodilumu un nogulsn\u0113m. T\u0101 ir piem\u0113rota benz\u012bna un d\u012bze\u013cdegvielas dzin\u0113jiem un pal\u012bdz saglab\u0101t stabilu veiktsp\u0113ju da\u017e\u0101dos ekspluat\u0101cijas apst\u0101k\u013cos.","robots":{"index":"index","follow":"follow","max-snippet":"max-snippet:-1","max-image-preview":"max-image-preview:large","max-video-preview":"max-video-preview:-1"},"canonical":"https:\/\/svpchem.eu\/lv\/produktas\/vepron-oil-10w40-ss-sae\/","og_locale":"lv_LV","og_type":"article","og_title":"VEPRON OIL 10w40 SS SAE - svpchem.eu","og_description":"VEPRON OIL 10W40 SS SAE ir augstas veiktsp\u0113jas da\u013c\u0113ji sint\u0113tiska motore\u013c\u013ca, kas nodro\u0161ina uzticamu dzin\u0113ja aizsardz\u012bbu pret nodilumu un nogulsn\u0113m. T\u0101 ir piem\u0113rota benz\u012bna un d\u012bze\u013cdegvielas dzin\u0113jiem un pal\u012bdz saglab\u0101t stabilu veiktsp\u0113ju da\u017e\u0101dos ekspluat\u0101cijas apst\u0101k\u013cos.","og_url":"https:\/\/svpchem.eu\/lv\/produktas\/vepron-oil-10w40-ss-sae\/","og_site_name":"svpchem.eu","article_modified_time":"2026-04-10T09:59:51+00:00","og_image":[{"width":1300,"height":1300,"url":"https:\/\/svpchem.eu\/wp-content\/uploads\/2025\/12\/Vepron-10w40-5-litrai.jpg","type":"image\/jpeg"}],"twitter_card":"summary_large_image","schema":{"@context":"https:\/\/schema.org","@graph":[{"@type":"WebPage","@id":"https:\/\/svpchem.eu\/lv\/produktas\/vepron-oil-10w40-ss-sae\/","url":"https:\/\/svpchem.eu\/lv\/produktas\/vepron-oil-10w40-ss-sae\/","name":"VEPRON OIL 10w40 SS SAE - svpchem.eu","isPartOf":{"@id":"https:\/\/svpchem.eu\/lv\/#website"},"primaryImageOfPage":{"@id":"https:\/\/svpchem.eu\/lv\/produktas\/vepron-oil-10w40-ss-sae\/#primaryimage"},"image":{"@id":"https:\/\/svpchem.eu\/lv\/produktas\/vepron-oil-10w40-ss-sae\/#primaryimage"},"thumbnailUrl":"https:\/\/svpchem.eu\/wp-content\/uploads\/2025\/12\/Vepron-10w40-5-litrai.jpg","datePublished":"2025-12-19T13:31:51+00:00","dateModified":"2026-04-10T09:59:51+00:00","description":"VEPRON OIL 10W40 SS SAE ir augstas veiktsp\u0113jas da\u013c\u0113ji sint\u0113tiska motore\u013c\u013ca, kas nodro\u0161ina uzticamu dzin\u0113ja aizsardz\u012bbu pret nodilumu un nogulsn\u0113m. T\u0101 ir piem\u0113rota benz\u012bna un d\u012bze\u013cdegvielas dzin\u0113jiem un pal\u012bdz saglab\u0101t stabilu veiktsp\u0113ju da\u017e\u0101dos ekspluat\u0101cijas apst\u0101k\u013cos.","breadcrumb":{"@id":"https:\/\/svpchem.eu\/lv\/produktas\/vepron-oil-10w40-ss-sae\/#breadcrumb"},"inLanguage":"lv-LV","potentialAction":[{"@type":"ReadAction","target":["https:\/\/svpchem.eu\/lv\/produktas\/vepron-oil-10w40-ss-sae\/"]}]},{"@type":"ImageObject","inLanguage":"lv-LV","@id":"https:\/\/svpchem.eu\/lv\/produktas\/vepron-oil-10w40-ss-sae\/#primaryimage","url":"https:\/\/svpchem.eu\/wp-content\/uploads\/2025\/12\/Vepron-10w40-5-litrai.jpg","contentUrl":"https:\/\/svpchem.eu\/wp-content\/uploads\/2025\/12\/Vepron-10w40-5-litrai.jpg","width":1300,"height":1300},{"@type":"BreadcrumbList","@id":"https:\/\/svpchem.eu\/lv\/produktas\/vepron-oil-10w40-ss-sae\/#breadcrumb","itemListElement":[{"@type":"ListItem","position":1,"name":"S\u0101kums","item":"https:\/\/svpchem.eu\/lv\/par-mums\/"},{"@type":"ListItem","position":2,"name":"Veikals","item":"https:\/\/svpchem.eu\/lv\/veikals\/"},{"@type":"ListItem","position":3,"name":"VEPRON OIL 10w40 SS SAE"}]},{"@type":"WebSite","@id":"https:\/\/svpchem.eu\/lv\/#website","url":"https:\/\/svpchem.eu\/lv\/","name":"svpchem.eu","description":"","publisher":{"@id":"https:\/\/svpchem.eu\/lv\/#organization"},"potentialAction":[{"@type":"SearchAction","target":{"@type":"EntryPoint","urlTemplate":"https:\/\/svpchem.eu\/lv\/?s={search_term_string}"},"query-input":{"@type":"PropertyValueSpecification","valueRequired":true,"valueName":"search_term_string"}}],"inLanguage":"lv-LV"},{"@type":"Organization","@id":"https:\/\/svpchem.eu\/lv\/#organization","name":"svpchem.eu","url":"https:\/\/svpchem.eu\/lv\/","logo":{"@type":"ImageObject","inLanguage":"lv-LV","@id":"https:\/\/svpchem.eu\/lv\/#\/schema\/logo\/image\/","url":"https:\/\/svpchem.eu\/wp-content\/uploads\/2025\/12\/logo_cropped_no_bg_20251217-1.png","contentUrl":"https:\/\/svpchem.eu\/wp-content\/uploads\/2025\/12\/logo_cropped_no_bg_20251217-1.png","width":851,"height":430,"caption":"svpchem.eu"},"image":{"@id":"https:\/\/svpchem.eu\/lv\/#\/schema\/logo\/image\/"}}]}},"_links":{"self":[{"href":"https:\/\/svpchem.eu\/lv\/wp-json\/wp\/v2\/product\/3053","targetHints":{"allow":["GET"]}}],"collection":[{"href":"https:\/\/svpchem.eu\/lv\/wp-json\/wp\/v2\/product"}],"about":[{"href":"https:\/\/svpchem.eu\/lv\/wp-json\/wp\/v2\/types\/product"}],"wp:featuredmedia":[{"embeddable":true,"href":"https:\/\/svpchem.eu\/lv\/wp-json\/wp\/v2\/media\/3054"}],"wp:attachment":[{"href":"https:\/\/svpchem.eu\/lv\/wp-json\/wp\/v2\/media?parent=3053"}],"wp:term":[{"taxonomy":"product_brand","embeddable":true,"href":"https:\/\/svpchem.eu\/lv\/wp-json\/wp\/v2\/product_brand?post=3053"},{"taxonomy":"product_cat","embeddable":true,"href":"https:\/\/svpchem.eu\/lv\/wp-json\/wp\/v2\/product_cat?post=3053"},{"taxonomy":"product_tag","embeddable":true,"href":"https:\/\/svpchem.eu\/lv\/wp-json\/wp\/v2\/product_tag?post=3053"}],"curies":[{"name":"wp","href":"https:\/\/api.w.org\/{rel}","templated":true}]}}