{"id":3467,"date":"2026-02-23T21:05:11","date_gmt":"2026-02-23T21:05:11","guid":{"rendered":"https:\/\/svpchem.eu\/produktas\/svp-epoksidsveku-divkomponentu-plastilins-lime-auksta-metinasana\/"},"modified":"2026-02-23T21:05:11","modified_gmt":"2026-02-23T21:05:11","slug":"svp-epoksidsveku-divkomponentu-plastilins-lime-auksta-metinasana","status":"publish","type":"product","link":"https:\/\/svpchem.eu\/lv\/produktas\/svp-epoksidsveku-divkomponentu-plastilins-lime-auksta-metinasana\/","title":{"rendered":"SVP Epoks\u012bdsve\u0137u divkomponentu plastil\u012bns (l\u012bme) &#8211; aukst\u0101 metin\u0101\u0161ana"},"content":{"rendered":"","protected":false},"excerpt":{"rendered":"<p><strong>Apraksts:<\/strong><\/p>\n<p>Univers\u0101ls un augstas stipr\u012bbas divkomponentu epoks\u012bdsve\u0137u plastil\u012bns \u0101trai un uzticamai visda\u017e\u0101d\u0101ko materi\u0101lu labo\u0161anai. \u0160\u012b &#8220;aukst\u0101 \u0161uve\" ir ide\u0101li piem\u0113rota plaisu aizpild\u012b\u0161anai, caurumu bl\u012bv\u0113\u0161anai vai lielu slod\u017eu pak\u013cautu deta\u013cu savieno\u0161anai. Saciet\u0113jus\u012b masa k\u013c\u016bst \u013coti plastiska, un to var urbt, sl\u012bp\u0113t, v\u012bt\u0146ot vai kr\u0101sot, pie\u0161\u0137irot remont\u0113jamajam objektam s\u0101kotn\u0113jo iztur\u012bbu.  <\/p>\n<p><strong>Galven\u0101s funkcijas:<\/strong><\/p>\n<ul>\n<li><strong>Daudzpus\u012bba:<\/strong> p\u0101rkl\u0101j mitras virsmas un pat zem \u016bdens.<\/li>\n<li><strong>Iztur\u012bba:<\/strong> nodro\u0161ina \u012bpa\u0161i sp\u0113c\u012bgu savienojumu, kas ir iztur\u012bgs pret triecieniem un vibr\u0101cij\u0101m.<\/li>\n<li><strong>Iztur\u012bba:<\/strong> iztur\u012bgs pret \u016bdeni, e\u013c\u013cu, degvielu un liel\u0101ko da\u013cu \u0137\u012bmisko vielu.<\/li>\n<li><strong>Plastiskums:<\/strong> viegli m\u012bc\u0101ms ar rok\u0101m, t\u0101p\u0113c to ir viegli veidot jebkur\u0101 form\u0101.<\/li>\n<li><strong>Termisk\u0101 iztur\u012bba:<\/strong> saglab\u0101 savas \u012bpa\u0161\u012bbas temperat\u016bras sv\u0101rst\u012bbu laik\u0101.<\/li>\n<li><strong>\u0100tra iedarb\u012bba:<\/strong> iz\u0101rst\u0113 da\u017eu min\u016b\u0161u laik\u0101 un \u012bs\u0101 laik\u0101 piln\u012bb\u0101 iz\u0101rst\u0113.<\/li>\n<\/ul>\n<p><strong>Lieto\u0161ana:<\/strong> izgrieziet vajadz\u012bgo plastil\u012bna daudzumu. M\u012bc\u012bt ar pirkstiem, l\u012bdz abas sast\u0101vda\u013cas sajaucas viendab\u012bg\u0101 kr\u0101s\u0101 un masa ir nedaudz silta. Uzkl\u0101jiet uz not\u012br\u012btas (v\u0113lams sl\u012bp\u0113tas) virsmas un stingri piespiediet. Lai ieg\u016btu glud\u0101ku virsmu, form\u0113\u0161anu var veikt ar mitriem pirkstiem vai instrumentu. Pirms apstr\u0101des \u013caujiet nost\u0101v\u0113ties.    <\/p>\n<p><strong>Ieguvumi:<\/strong><\/p>\n<ul>\n<li><strong>Viegli lietojams:<\/strong> nav nepiecie\u0161ami papildu instrumenti vai piederumi sajauk\u0161anai.<\/li>\n<li><strong>Iztur\u012bba:<\/strong> salabotaj\u0101m viet\u0101m ir met\u0101la iztur\u012bba.<\/li>\n<li><strong>Ekonomija:<\/strong> izmantojiet tikai tik daudz, cik nepiecie\u0161ams konkr\u0113tajam remontam.<\/li>\n<li><strong>Dro\u0161\u012bba:<\/strong> dro\u0161a lieto\u0161anai m\u0101j\u0101s un profesion\u0101l\u0101s darbn\u012bc\u0101s.<\/li>\n<\/ul>\n<p><strong>Tehnisk\u0101 inform\u0101cija:<\/strong><\/p>\n<ul>\n<li><strong>Svars:<\/strong> 56,4 g<\/li>\n<li><strong>Tips:<\/strong> divkomponentu epoks\u012bdsve\u0137i (plastil\u012bna forma).<\/li>\n<li><strong>Lieto\u0161anas bie\u017eums:<\/strong> vienreiz\u0113jiem remontdarbiem vai p\u0113c vajadz\u012bbas.<\/li>\n<li><strong>Apdare:<\/strong> p\u0113c piln\u012bgas saciet\u0113\u0161anas var sl\u012bp\u0113t, kr\u0101sot, urbt.<\/li>\n<\/ul>\n","protected":false},"featured_media":3357,"template":"","meta":[],"product_brand":[],"product_cat":[207,355],"product_tag":[],"class_list":{"0":"post-3467","1":"product","2":"type-product","3":"status-publish","4":"has-post-thumbnail","6":"product_cat-automasinu-kopsanas-lidzekli-un-paligmateriali","7":"product_cat-razosana-pec-pasutijuma","9":"first","10":"instock","11":"shipping-taxable","12":"product-type-simple"},"yoast_head":"<!-- This site is optimized with the Yoast SEO plugin v27.3 - https:\/\/yoast.com\/product\/yoast-seo-wordpress\/ -->\n<title>SVP Epoks\u012bdsve\u0137u divkomponentu plastil\u012bns (l\u012bme) - aukst\u0101 metin\u0101\u0161ana - svpchem.eu<\/title>\n<meta name=\"description\" content=\"SVP epoks\u012bdsve\u0137u divkomponentu plastil\u012bns (aukst\u0101 metin\u0101\u0161ana) - sp\u0113c\u012bga form\u0113jama l\u012bme met\u0101la, plastmasas, keramikas un citu virsmu remontam. \u0100tri saciet\u0113, aizpilda plaisas, ir \u016bdens un temperat\u016bras iztur\u012bgs.\" \/>\n<meta name=\"robots\" content=\"index, follow, max-snippet:-1, max-image-preview:large, max-video-preview:-1\" \/>\n<link rel=\"canonical\" href=\"https:\/\/svpchem.eu\/lv\/produktas\/svp-epoksidsveku-divkomponentu-plastilins-lime-auksta-metinasana\/\" \/>\n<meta property=\"og:locale\" content=\"lv_LV\" \/>\n<meta property=\"og:type\" content=\"article\" \/>\n<meta property=\"og:title\" content=\"SVP Epoks\u012bdsve\u0137u divkomponentu plastil\u012bns (l\u012bme) - aukst\u0101 metin\u0101\u0161ana - svpchem.eu\" \/>\n<meta property=\"og:description\" content=\"SVP epoks\u012bdsve\u0137u divkomponentu plastil\u012bns (aukst\u0101 metin\u0101\u0161ana) - sp\u0113c\u012bga form\u0113jama l\u012bme met\u0101la, plastmasas, keramikas un citu virsmu remontam. \u0100tri saciet\u0113, aizpilda plaisas, ir \u016bdens un temperat\u016bras iztur\u012bgs.\" \/>\n<meta property=\"og:url\" content=\"https:\/\/svpchem.eu\/lv\/produktas\/svp-epoksidsveku-divkomponentu-plastilins-lime-auksta-metinasana\/\" \/>\n<meta property=\"og:site_name\" content=\"svpchem.eu\" \/>\n<meta property=\"og:image\" content=\"https:\/\/svpchem.eu\/wp-content\/uploads\/2026\/02\/Epoksidiniai-klijai-2-ju-komponentu-4-min-koteguotas.jpg\" \/>\n\t<meta property=\"og:image:width\" content=\"1024\" \/>\n\t<meta property=\"og:image:height\" content=\"1024\" \/>\n\t<meta property=\"og:image:type\" content=\"image\/jpeg\" \/>\n<meta name=\"twitter:card\" content=\"summary_large_image\" \/>\n<script type=\"application\/ld+json\" class=\"yoast-schema-graph\">{\"@context\":\"https:\\\/\\\/schema.org\",\"@graph\":[{\"@type\":\"WebPage\",\"@id\":\"https:\\\/\\\/svpchem.eu\\\/lv\\\/produktas\\\/svp-epoksidsveku-divkomponentu-plastilins-lime-auksta-metinasana\\\/\",\"url\":\"https:\\\/\\\/svpchem.eu\\\/lv\\\/produktas\\\/svp-epoksidsveku-divkomponentu-plastilins-lime-auksta-metinasana\\\/\",\"name\":\"SVP Epoks\u012bdsve\u0137u divkomponentu plastil\u012bns (l\u012bme) - aukst\u0101 metin\u0101\u0161ana - svpchem.eu\",\"isPartOf\":{\"@id\":\"https:\\\/\\\/svpchem.eu\\\/lv\\\/#website\"},\"primaryImageOfPage\":{\"@id\":\"https:\\\/\\\/svpchem.eu\\\/lv\\\/produktas\\\/svp-epoksidsveku-divkomponentu-plastilins-lime-auksta-metinasana\\\/#primaryimage\"},\"image\":{\"@id\":\"https:\\\/\\\/svpchem.eu\\\/lv\\\/produktas\\\/svp-epoksidsveku-divkomponentu-plastilins-lime-auksta-metinasana\\\/#primaryimage\"},\"thumbnailUrl\":\"https:\\\/\\\/svpchem.eu\\\/wp-content\\\/uploads\\\/2026\\\/02\\\/Epoksidiniai-klijai-2-ju-komponentu-4-min-koteguotas.jpg\",\"datePublished\":\"2026-02-23T21:05:11+00:00\",\"description\":\"SVP epoks\u012bdsve\u0137u divkomponentu plastil\u012bns (aukst\u0101 metin\u0101\u0161ana) - sp\u0113c\u012bga form\u0113jama l\u012bme met\u0101la, plastmasas, keramikas un citu virsmu remontam. \u0100tri saciet\u0113, aizpilda plaisas, ir \u016bdens un temperat\u016bras iztur\u012bgs.\",\"breadcrumb\":{\"@id\":\"https:\\\/\\\/svpchem.eu\\\/lv\\\/produktas\\\/svp-epoksidsveku-divkomponentu-plastilins-lime-auksta-metinasana\\\/#breadcrumb\"},\"inLanguage\":\"lv-LV\",\"potentialAction\":[{\"@type\":\"ReadAction\",\"target\":[\"https:\\\/\\\/svpchem.eu\\\/lv\\\/produktas\\\/svp-epoksidsveku-divkomponentu-plastilins-lime-auksta-metinasana\\\/\"]}]},{\"@type\":\"ImageObject\",\"inLanguage\":\"lv-LV\",\"@id\":\"https:\\\/\\\/svpchem.eu\\\/lv\\\/produktas\\\/svp-epoksidsveku-divkomponentu-plastilins-lime-auksta-metinasana\\\/#primaryimage\",\"url\":\"https:\\\/\\\/svpchem.eu\\\/wp-content\\\/uploads\\\/2026\\\/02\\\/Epoksidiniai-klijai-2-ju-komponentu-4-min-koteguotas.jpg\",\"contentUrl\":\"https:\\\/\\\/svpchem.eu\\\/wp-content\\\/uploads\\\/2026\\\/02\\\/Epoksidiniai-klijai-2-ju-komponentu-4-min-koteguotas.jpg\",\"width\":1024,\"height\":1024},{\"@type\":\"BreadcrumbList\",\"@id\":\"https:\\\/\\\/svpchem.eu\\\/lv\\\/produktas\\\/svp-epoksidsveku-divkomponentu-plastilins-lime-auksta-metinasana\\\/#breadcrumb\",\"itemListElement\":[{\"@type\":\"ListItem\",\"position\":1,\"name\":\"S\u0101kums\",\"item\":\"https:\\\/\\\/svpchem.eu\\\/lv\\\/par-mums\\\/\"},{\"@type\":\"ListItem\",\"position\":2,\"name\":\"Veikals\",\"item\":\"https:\\\/\\\/svpchem.eu\\\/lv\\\/veikals\\\/\"},{\"@type\":\"ListItem\",\"position\":3,\"name\":\"SVP Epoks\u012bdsve\u0137u divkomponentu plastil\u012bns (l\u012bme) &#8211; aukst\u0101 metin\u0101\u0161ana\"}]},{\"@type\":\"WebSite\",\"@id\":\"https:\\\/\\\/svpchem.eu\\\/lv\\\/#website\",\"url\":\"https:\\\/\\\/svpchem.eu\\\/lv\\\/\",\"name\":\"svpchem.eu\",\"description\":\"\",\"publisher\":{\"@id\":\"https:\\\/\\\/svpchem.eu\\\/lv\\\/#organization\"},\"potentialAction\":[{\"@type\":\"SearchAction\",\"target\":{\"@type\":\"EntryPoint\",\"urlTemplate\":\"https:\\\/\\\/svpchem.eu\\\/lv\\\/?s={search_term_string}\"},\"query-input\":{\"@type\":\"PropertyValueSpecification\",\"valueRequired\":true,\"valueName\":\"search_term_string\"}}],\"inLanguage\":\"lv-LV\"},{\"@type\":\"Organization\",\"@id\":\"https:\\\/\\\/svpchem.eu\\\/lv\\\/#organization\",\"name\":\"svpchem.eu\",\"url\":\"https:\\\/\\\/svpchem.eu\\\/lv\\\/\",\"logo\":{\"@type\":\"ImageObject\",\"inLanguage\":\"lv-LV\",\"@id\":\"https:\\\/\\\/svpchem.eu\\\/lv\\\/#\\\/schema\\\/logo\\\/image\\\/\",\"url\":\"https:\\\/\\\/svpchem.eu\\\/wp-content\\\/uploads\\\/2025\\\/12\\\/logo_cropped_no_bg_20251217-1.png\",\"contentUrl\":\"https:\\\/\\\/svpchem.eu\\\/wp-content\\\/uploads\\\/2025\\\/12\\\/logo_cropped_no_bg_20251217-1.png\",\"width\":851,\"height\":430,\"caption\":\"svpchem.eu\"},\"image\":{\"@id\":\"https:\\\/\\\/svpchem.eu\\\/lv\\\/#\\\/schema\\\/logo\\\/image\\\/\"}}]}<\/script>\n<!-- \/ Yoast SEO plugin. -->","yoast_head_json":{"title":"SVP Epoks\u012bdsve\u0137u divkomponentu plastil\u012bns (l\u012bme) - aukst\u0101 metin\u0101\u0161ana - svpchem.eu","description":"SVP epoks\u012bdsve\u0137u divkomponentu plastil\u012bns (aukst\u0101 metin\u0101\u0161ana) - sp\u0113c\u012bga form\u0113jama l\u012bme met\u0101la, plastmasas, keramikas un citu virsmu remontam. \u0100tri saciet\u0113, aizpilda plaisas, ir \u016bdens un temperat\u016bras iztur\u012bgs.","robots":{"index":"index","follow":"follow","max-snippet":"max-snippet:-1","max-image-preview":"max-image-preview:large","max-video-preview":"max-video-preview:-1"},"canonical":"https:\/\/svpchem.eu\/lv\/produktas\/svp-epoksidsveku-divkomponentu-plastilins-lime-auksta-metinasana\/","og_locale":"lv_LV","og_type":"article","og_title":"SVP Epoks\u012bdsve\u0137u divkomponentu plastil\u012bns (l\u012bme) - aukst\u0101 metin\u0101\u0161ana - svpchem.eu","og_description":"SVP epoks\u012bdsve\u0137u divkomponentu plastil\u012bns (aukst\u0101 metin\u0101\u0161ana) - sp\u0113c\u012bga form\u0113jama l\u012bme met\u0101la, plastmasas, keramikas un citu virsmu remontam. \u0100tri saciet\u0113, aizpilda plaisas, ir \u016bdens un temperat\u016bras iztur\u012bgs.","og_url":"https:\/\/svpchem.eu\/lv\/produktas\/svp-epoksidsveku-divkomponentu-plastilins-lime-auksta-metinasana\/","og_site_name":"svpchem.eu","og_image":[{"width":1024,"height":1024,"url":"https:\/\/svpchem.eu\/wp-content\/uploads\/2026\/02\/Epoksidiniai-klijai-2-ju-komponentu-4-min-koteguotas.jpg","type":"image\/jpeg"}],"twitter_card":"summary_large_image","schema":{"@context":"https:\/\/schema.org","@graph":[{"@type":"WebPage","@id":"https:\/\/svpchem.eu\/lv\/produktas\/svp-epoksidsveku-divkomponentu-plastilins-lime-auksta-metinasana\/","url":"https:\/\/svpchem.eu\/lv\/produktas\/svp-epoksidsveku-divkomponentu-plastilins-lime-auksta-metinasana\/","name":"SVP Epoks\u012bdsve\u0137u divkomponentu plastil\u012bns (l\u012bme) - aukst\u0101 metin\u0101\u0161ana - svpchem.eu","isPartOf":{"@id":"https:\/\/svpchem.eu\/lv\/#website"},"primaryImageOfPage":{"@id":"https:\/\/svpchem.eu\/lv\/produktas\/svp-epoksidsveku-divkomponentu-plastilins-lime-auksta-metinasana\/#primaryimage"},"image":{"@id":"https:\/\/svpchem.eu\/lv\/produktas\/svp-epoksidsveku-divkomponentu-plastilins-lime-auksta-metinasana\/#primaryimage"},"thumbnailUrl":"https:\/\/svpchem.eu\/wp-content\/uploads\/2026\/02\/Epoksidiniai-klijai-2-ju-komponentu-4-min-koteguotas.jpg","datePublished":"2026-02-23T21:05:11+00:00","description":"SVP epoks\u012bdsve\u0137u divkomponentu plastil\u012bns (aukst\u0101 metin\u0101\u0161ana) - sp\u0113c\u012bga form\u0113jama l\u012bme met\u0101la, plastmasas, keramikas un citu virsmu remontam. \u0100tri saciet\u0113, aizpilda plaisas, ir \u016bdens un temperat\u016bras iztur\u012bgs.","breadcrumb":{"@id":"https:\/\/svpchem.eu\/lv\/produktas\/svp-epoksidsveku-divkomponentu-plastilins-lime-auksta-metinasana\/#breadcrumb"},"inLanguage":"lv-LV","potentialAction":[{"@type":"ReadAction","target":["https:\/\/svpchem.eu\/lv\/produktas\/svp-epoksidsveku-divkomponentu-plastilins-lime-auksta-metinasana\/"]}]},{"@type":"ImageObject","inLanguage":"lv-LV","@id":"https:\/\/svpchem.eu\/lv\/produktas\/svp-epoksidsveku-divkomponentu-plastilins-lime-auksta-metinasana\/#primaryimage","url":"https:\/\/svpchem.eu\/wp-content\/uploads\/2026\/02\/Epoksidiniai-klijai-2-ju-komponentu-4-min-koteguotas.jpg","contentUrl":"https:\/\/svpchem.eu\/wp-content\/uploads\/2026\/02\/Epoksidiniai-klijai-2-ju-komponentu-4-min-koteguotas.jpg","width":1024,"height":1024},{"@type":"BreadcrumbList","@id":"https:\/\/svpchem.eu\/lv\/produktas\/svp-epoksidsveku-divkomponentu-plastilins-lime-auksta-metinasana\/#breadcrumb","itemListElement":[{"@type":"ListItem","position":1,"name":"S\u0101kums","item":"https:\/\/svpchem.eu\/lv\/par-mums\/"},{"@type":"ListItem","position":2,"name":"Veikals","item":"https:\/\/svpchem.eu\/lv\/veikals\/"},{"@type":"ListItem","position":3,"name":"SVP Epoks\u012bdsve\u0137u divkomponentu plastil\u012bns (l\u012bme) &#8211; aukst\u0101 metin\u0101\u0161ana"}]},{"@type":"WebSite","@id":"https:\/\/svpchem.eu\/lv\/#website","url":"https:\/\/svpchem.eu\/lv\/","name":"svpchem.eu","description":"","publisher":{"@id":"https:\/\/svpchem.eu\/lv\/#organization"},"potentialAction":[{"@type":"SearchAction","target":{"@type":"EntryPoint","urlTemplate":"https:\/\/svpchem.eu\/lv\/?s={search_term_string}"},"query-input":{"@type":"PropertyValueSpecification","valueRequired":true,"valueName":"search_term_string"}}],"inLanguage":"lv-LV"},{"@type":"Organization","@id":"https:\/\/svpchem.eu\/lv\/#organization","name":"svpchem.eu","url":"https:\/\/svpchem.eu\/lv\/","logo":{"@type":"ImageObject","inLanguage":"lv-LV","@id":"https:\/\/svpchem.eu\/lv\/#\/schema\/logo\/image\/","url":"https:\/\/svpchem.eu\/wp-content\/uploads\/2025\/12\/logo_cropped_no_bg_20251217-1.png","contentUrl":"https:\/\/svpchem.eu\/wp-content\/uploads\/2025\/12\/logo_cropped_no_bg_20251217-1.png","width":851,"height":430,"caption":"svpchem.eu"},"image":{"@id":"https:\/\/svpchem.eu\/lv\/#\/schema\/logo\/image\/"}}]}},"_links":{"self":[{"href":"https:\/\/svpchem.eu\/lv\/wp-json\/wp\/v2\/product\/3467","targetHints":{"allow":["GET"]}}],"collection":[{"href":"https:\/\/svpchem.eu\/lv\/wp-json\/wp\/v2\/product"}],"about":[{"href":"https:\/\/svpchem.eu\/lv\/wp-json\/wp\/v2\/types\/product"}],"wp:featuredmedia":[{"embeddable":true,"href":"https:\/\/svpchem.eu\/lv\/wp-json\/wp\/v2\/media\/3357"}],"wp:attachment":[{"href":"https:\/\/svpchem.eu\/lv\/wp-json\/wp\/v2\/media?parent=3467"}],"wp:term":[{"taxonomy":"product_brand","embeddable":true,"href":"https:\/\/svpchem.eu\/lv\/wp-json\/wp\/v2\/product_brand?post=3467"},{"taxonomy":"product_cat","embeddable":true,"href":"https:\/\/svpchem.eu\/lv\/wp-json\/wp\/v2\/product_cat?post=3467"},{"taxonomy":"product_tag","embeddable":true,"href":"https:\/\/svpchem.eu\/lv\/wp-json\/wp\/v2\/product_tag?post=3467"}],"curies":[{"name":"wp","href":"https:\/\/api.w.org\/{rel}","templated":true}]}}