{"id":3480,"date":"2026-02-24T08:36:56","date_gmt":"2026-02-24T08:36:56","guid":{"rendered":"https:\/\/svpchem.eu\/produktas\/svp-katalizatora-un-ddf-filtru-tiritajs\/"},"modified":"2026-02-24T08:36:56","modified_gmt":"2026-02-24T08:36:56","slug":"svp-katalizatora-un-ddf-filtru-tiritajs","status":"publish","type":"product","link":"https:\/\/svpchem.eu\/lv\/produktas\/svp-katalizatora-un-ddf-filtru-tiritajs\/","title":{"rendered":"SVP Katalizatora un DDF filtru t\u012br\u012bt\u0101js"},"content":{"rendered":"","protected":false},"excerpt":{"rendered":"<p><strong>Apraksts:<\/strong><\/p>\n<p>T\u0101 ir augstas kvalit\u0101tes piedeva d\u012bze\u013cdegvielas da\u013ci\u0146u filtru (DPF\/FAP) un katal\u012btisko p\u0101rveidot\u0101ju t\u012br\u012b\u0161anai un to darb\u012bbas efektivit\u0101tes atjauno\u0161anai. T\u0101 samazina kv\u0113pu sadeg\u0161anas temperat\u016bru, \u013caujot filtru izt\u012br\u012bt pat \u012bsos att\u0101lumos pils\u0113t\u0101 vai dzin\u0113jam darbojoties tuk\u0161gait\u0101. Regul\u0101ra lieto\u0161ana pasarg\u0101 d\u0101rgi izmaks\u0101jo\u0161\u0101s izpl\u016bdes sist\u0113mas sast\u0101vda\u013cas no aizs\u0113r\u0113\u0161anas un k\u013c\u016bdu zi\u0146ojumiem uz instrumentu pane\u013ca.  <\/p>\n<p><strong>Galven\u0101s funkcijas:<\/strong><\/p>\n<ul>\n<li><strong>Sodr\u0113ju oksid\u0113\u0161an\u0101s:<\/strong> \u013cauj da\u013ci\u0146\u0101m izpl\u016bdes sist\u0113m\u0101 sadegt zem\u0101k\u0101 temperat\u016br\u0101.<\/li>\n<li><strong>Sist\u0113mas atiestat\u012b\u0161ana:<\/strong> pal\u012bdz izt\u012br\u012bt jau da\u013c\u0113ji aizs\u0113r\u0113ju\u0161os filtrus bez meh\u0101niskas demont\u0101\u017eas.<\/li>\n<li><strong>Jauda un dinamika:<\/strong> nov\u0113r\u0161ot \u0161\u0137\u0113r\u0161\u013cus izpl\u016bdes trakt\u0101, tiek atjaunota dzin\u0113ja vilkme un samazin\u0101ts d\u016bmu daudzums.<\/li>\n<li><strong>Aizsardz\u012bbas funkcija:<\/strong> aizsarg\u0101 izpl\u016bdes sist\u0113mu no \u0101tras atk\u0101rtotas pies\u0101r\u0146o\u0161anas, \u012bpa\u0161i, ja tiek izmantota zem\u0101kas kvalit\u0101tes degviela.<\/li>\n<\/ul>\n<p><strong>Lieto\u0161ana:<\/strong><\/p>\n<p>Pirms d\u012bze\u013cdegvielas uzpild\u012b\u0161anas ielejiet visu iepakojuma saturu (356 ml) degvielas tvertn\u0113. \u0160\u012b deva ir paredz\u0113ta aptuveni <strong>80 litriem<\/strong> d\u012bze\u013cdegvielas. P\u0113c piedevas pievieno\u0161anas ieteicams nobraukt ilg\u0101ku att\u0101lumu (vismaz 20-30 min\u016btes) ar nemain\u012bgu \u0101trumu (aptuveni 2000-2500 apgr.\/min), lai aktiviz\u0113tu re\u0123ener\u0101cijas procesu. Profilaktiski ieteicams to lietot ik p\u0113c 3000-5000 km. <strong>Izvair\u012bties: Ne<\/strong> p\u0101rsniedziet ieteicamo devu un nelietojiet automa\u0161\u012bn\u0101m ar benz\u012bna dzin\u0113jiem.   <\/p>\n<p><strong>Ieguvumi:<\/strong><\/p>\n<ul>\n<li><strong>Izvairieties no d\u0101rgas apkopes:<\/strong> regul\u0101ri lietojot SVP t\u012br\u012b\u0161anas l\u012bdzekli, nav nepiecie\u0161ams mazg\u0101t vai nomain\u012bt DDF filtru, t\u0101d\u0113j\u0101di ietaupot simtiem eiro.<\/li>\n<li><strong>Viegla izbrauk\u0161ana caur TA:<\/strong> zem\u0101ks izme\u0161u l\u012bmenis un t\u012bra izpl\u016bdes sist\u0113ma nodro\u0161ina lieliskus d\u016bmu testa rezult\u0101tus TA.<\/li>\n<li><strong>Dzin\u0113ja ilgm\u016b\u017e\u012bba:<\/strong> samazin\u0101ts pretspiediens izpl\u016bdes sist\u0113m\u0101 saudz\u0113 turb\u012bnu un citas dzin\u0113ja sast\u0101vda\u013cas.<\/li>\n<li><strong>Uzticam\u012bba ce\u013cojumos:<\/strong> maz\u0101ka iesp\u0113ja, ka ilg\u0101 braucien\u0101 automa\u0161\u012bna iesl\u0113gs av\u0101rijas re\u017e\u012bmu aizs\u0113r\u0113ju\u0161a filtra d\u0113\u013c.<\/li>\n<\/ul>\n<p><strong>Tehnisk\u0101 inform\u0101cija:<\/strong><\/p>\n<ul>\n<li><strong>Tilpums:<\/strong> 356 ml<\/li>\n<li><strong>Tips:<\/strong> degvielas piedeva (izpl\u016bdes sist\u0113mas t\u012br\u012bt\u0101js).<\/li>\n<li><strong>Lieto\u0161ana:<\/strong> D\u012bze\u013cdzin\u0113ji ar d\u012bze\u013cdegvielas da\u013ci\u0146u filtriem (DPF\/FAP) un katal\u012btiskajiem p\u0101rveidot\u0101jiem.<\/li>\n<\/ul>\n<p><strong>Ieteikums:<\/strong> \u012bpa\u0161i ieteicams automa\u0161\u012bn\u0101m, kuras izmanto brauk\u0161anai pils\u0113t\u0101 ar apst\u0101\u0161an\u0101s un kust\u012bbas \u0101truma re\u017e\u012bm\u0101.<\/p>\n","protected":false},"featured_media":3361,"template":"","meta":[],"product_brand":[],"product_cat":[207,355],"product_tag":[],"class_list":{"0":"post-3480","1":"product","2":"type-product","3":"status-publish","4":"has-post-thumbnail","6":"product_cat-automasinu-kopsanas-lidzekli-un-paligmateriali","7":"product_cat-razosana-pec-pasutijuma","9":"first","10":"instock","11":"shipping-taxable","12":"product-type-simple"},"yoast_head":"<!-- This site is optimized with the Yoast SEO plugin v27.3 - https:\/\/yoast.com\/product\/yoast-seo-wordpress\/ -->\n<title>SVP Katalizatora un DDF filtru t\u012br\u012bt\u0101js - svpchem.eu<\/title>\n<meta name=\"description\" content=\"SVP katal\u012btisk\u0101 p\u0101rveidot\u0101ja un DPF t\u012br\u012bt\u0101js - efekt\u012bvs l\u012bdzeklis kv\u0113pu un nogul\u0161\u0146u no\u0146em\u0161anai. Pal\u012bdz atjaunot izpl\u016bdes sist\u0113mas darb\u012bbu, samazina d\u016bmu daudzumu, uzlabo dzin\u0113ja veiktsp\u0113ju un pagarina DPF un katal\u012btisk\u0101 neitralizatora kalpo\u0161anas laiku.\" \/>\n<meta name=\"robots\" content=\"index, follow, max-snippet:-1, max-image-preview:large, max-video-preview:-1\" \/>\n<link rel=\"canonical\" href=\"https:\/\/svpchem.eu\/lv\/produktas\/svp-katalizatora-un-ddf-filtru-tiritajs\/\" \/>\n<meta property=\"og:locale\" content=\"lv_LV\" \/>\n<meta property=\"og:type\" content=\"article\" \/>\n<meta property=\"og:title\" content=\"SVP Katalizatora un DDF filtru t\u012br\u012bt\u0101js - svpchem.eu\" \/>\n<meta property=\"og:description\" content=\"SVP katal\u012btisk\u0101 p\u0101rveidot\u0101ja un DPF t\u012br\u012bt\u0101js - efekt\u012bvs l\u012bdzeklis kv\u0113pu un nogul\u0161\u0146u no\u0146em\u0161anai. Pal\u012bdz atjaunot izpl\u016bdes sist\u0113mas darb\u012bbu, samazina d\u016bmu daudzumu, uzlabo dzin\u0113ja veiktsp\u0113ju un pagarina DPF un katal\u012btisk\u0101 neitralizatora kalpo\u0161anas laiku.\" \/>\n<meta property=\"og:url\" content=\"https:\/\/svpchem.eu\/lv\/produktas\/svp-katalizatora-un-ddf-filtru-tiritajs\/\" \/>\n<meta property=\"og:site_name\" content=\"svpchem.eu\" \/>\n<meta property=\"og:image\" content=\"https:\/\/svpchem.eu\/wp-content\/uploads\/2026\/02\/Katalizatoriu-DPF-filtru-valiklis.jpg\" \/>\n\t<meta property=\"og:image:width\" content=\"1509\" \/>\n\t<meta property=\"og:image:height\" content=\"1699\" \/>\n\t<meta property=\"og:image:type\" content=\"image\/jpeg\" \/>\n<meta name=\"twitter:card\" content=\"summary_large_image\" \/>\n<script type=\"application\/ld+json\" class=\"yoast-schema-graph\">{\"@context\":\"https:\\\/\\\/schema.org\",\"@graph\":[{\"@type\":\"WebPage\",\"@id\":\"https:\\\/\\\/svpchem.eu\\\/lv\\\/produktas\\\/svp-katalizatora-un-ddf-filtru-tiritajs\\\/\",\"url\":\"https:\\\/\\\/svpchem.eu\\\/lv\\\/produktas\\\/svp-katalizatora-un-ddf-filtru-tiritajs\\\/\",\"name\":\"SVP Katalizatora un DDF filtru t\u012br\u012bt\u0101js - svpchem.eu\",\"isPartOf\":{\"@id\":\"https:\\\/\\\/svpchem.eu\\\/lv\\\/#website\"},\"primaryImageOfPage\":{\"@id\":\"https:\\\/\\\/svpchem.eu\\\/lv\\\/produktas\\\/svp-katalizatora-un-ddf-filtru-tiritajs\\\/#primaryimage\"},\"image\":{\"@id\":\"https:\\\/\\\/svpchem.eu\\\/lv\\\/produktas\\\/svp-katalizatora-un-ddf-filtru-tiritajs\\\/#primaryimage\"},\"thumbnailUrl\":\"https:\\\/\\\/svpchem.eu\\\/wp-content\\\/uploads\\\/2026\\\/02\\\/Katalizatoriu-DPF-filtru-valiklis.jpg\",\"datePublished\":\"2026-02-24T08:36:56+00:00\",\"description\":\"SVP katal\u012btisk\u0101 p\u0101rveidot\u0101ja un DPF t\u012br\u012bt\u0101js - efekt\u012bvs l\u012bdzeklis kv\u0113pu un nogul\u0161\u0146u no\u0146em\u0161anai. Pal\u012bdz atjaunot izpl\u016bdes sist\u0113mas darb\u012bbu, samazina d\u016bmu daudzumu, uzlabo dzin\u0113ja veiktsp\u0113ju un pagarina DPF un katal\u012btisk\u0101 neitralizatora kalpo\u0161anas laiku.\",\"breadcrumb\":{\"@id\":\"https:\\\/\\\/svpchem.eu\\\/lv\\\/produktas\\\/svp-katalizatora-un-ddf-filtru-tiritajs\\\/#breadcrumb\"},\"inLanguage\":\"lv-LV\",\"potentialAction\":[{\"@type\":\"ReadAction\",\"target\":[\"https:\\\/\\\/svpchem.eu\\\/lv\\\/produktas\\\/svp-katalizatora-un-ddf-filtru-tiritajs\\\/\"]}]},{\"@type\":\"ImageObject\",\"inLanguage\":\"lv-LV\",\"@id\":\"https:\\\/\\\/svpchem.eu\\\/lv\\\/produktas\\\/svp-katalizatora-un-ddf-filtru-tiritajs\\\/#primaryimage\",\"url\":\"https:\\\/\\\/svpchem.eu\\\/wp-content\\\/uploads\\\/2026\\\/02\\\/Katalizatoriu-DPF-filtru-valiklis.jpg\",\"contentUrl\":\"https:\\\/\\\/svpchem.eu\\\/wp-content\\\/uploads\\\/2026\\\/02\\\/Katalizatoriu-DPF-filtru-valiklis.jpg\",\"width\":1509,\"height\":1699},{\"@type\":\"BreadcrumbList\",\"@id\":\"https:\\\/\\\/svpchem.eu\\\/lv\\\/produktas\\\/svp-katalizatora-un-ddf-filtru-tiritajs\\\/#breadcrumb\",\"itemListElement\":[{\"@type\":\"ListItem\",\"position\":1,\"name\":\"S\u0101kums\",\"item\":\"https:\\\/\\\/svpchem.eu\\\/lv\\\/par-mums\\\/\"},{\"@type\":\"ListItem\",\"position\":2,\"name\":\"Veikals\",\"item\":\"https:\\\/\\\/svpchem.eu\\\/lv\\\/veikals\\\/\"},{\"@type\":\"ListItem\",\"position\":3,\"name\":\"SVP Katalizatora un DDF filtru t\u012br\u012bt\u0101js\"}]},{\"@type\":\"WebSite\",\"@id\":\"https:\\\/\\\/svpchem.eu\\\/lv\\\/#website\",\"url\":\"https:\\\/\\\/svpchem.eu\\\/lv\\\/\",\"name\":\"svpchem.eu\",\"description\":\"\",\"publisher\":{\"@id\":\"https:\\\/\\\/svpchem.eu\\\/lv\\\/#organization\"},\"potentialAction\":[{\"@type\":\"SearchAction\",\"target\":{\"@type\":\"EntryPoint\",\"urlTemplate\":\"https:\\\/\\\/svpchem.eu\\\/lv\\\/?s={search_term_string}\"},\"query-input\":{\"@type\":\"PropertyValueSpecification\",\"valueRequired\":true,\"valueName\":\"search_term_string\"}}],\"inLanguage\":\"lv-LV\"},{\"@type\":\"Organization\",\"@id\":\"https:\\\/\\\/svpchem.eu\\\/lv\\\/#organization\",\"name\":\"svpchem.eu\",\"url\":\"https:\\\/\\\/svpchem.eu\\\/lv\\\/\",\"logo\":{\"@type\":\"ImageObject\",\"inLanguage\":\"lv-LV\",\"@id\":\"https:\\\/\\\/svpchem.eu\\\/lv\\\/#\\\/schema\\\/logo\\\/image\\\/\",\"url\":\"https:\\\/\\\/svpchem.eu\\\/wp-content\\\/uploads\\\/2025\\\/12\\\/logo_cropped_no_bg_20251217-1.png\",\"contentUrl\":\"https:\\\/\\\/svpchem.eu\\\/wp-content\\\/uploads\\\/2025\\\/12\\\/logo_cropped_no_bg_20251217-1.png\",\"width\":851,\"height\":430,\"caption\":\"svpchem.eu\"},\"image\":{\"@id\":\"https:\\\/\\\/svpchem.eu\\\/lv\\\/#\\\/schema\\\/logo\\\/image\\\/\"}}]}<\/script>\n<!-- \/ Yoast SEO plugin. -->","yoast_head_json":{"title":"SVP Katalizatora un DDF filtru t\u012br\u012bt\u0101js - svpchem.eu","description":"SVP katal\u012btisk\u0101 p\u0101rveidot\u0101ja un DPF t\u012br\u012bt\u0101js - efekt\u012bvs l\u012bdzeklis kv\u0113pu un nogul\u0161\u0146u no\u0146em\u0161anai. Pal\u012bdz atjaunot izpl\u016bdes sist\u0113mas darb\u012bbu, samazina d\u016bmu daudzumu, uzlabo dzin\u0113ja veiktsp\u0113ju un pagarina DPF un katal\u012btisk\u0101 neitralizatora kalpo\u0161anas laiku.","robots":{"index":"index","follow":"follow","max-snippet":"max-snippet:-1","max-image-preview":"max-image-preview:large","max-video-preview":"max-video-preview:-1"},"canonical":"https:\/\/svpchem.eu\/lv\/produktas\/svp-katalizatora-un-ddf-filtru-tiritajs\/","og_locale":"lv_LV","og_type":"article","og_title":"SVP Katalizatora un DDF filtru t\u012br\u012bt\u0101js - svpchem.eu","og_description":"SVP katal\u012btisk\u0101 p\u0101rveidot\u0101ja un DPF t\u012br\u012bt\u0101js - efekt\u012bvs l\u012bdzeklis kv\u0113pu un nogul\u0161\u0146u no\u0146em\u0161anai. Pal\u012bdz atjaunot izpl\u016bdes sist\u0113mas darb\u012bbu, samazina d\u016bmu daudzumu, uzlabo dzin\u0113ja veiktsp\u0113ju un pagarina DPF un katal\u012btisk\u0101 neitralizatora kalpo\u0161anas laiku.","og_url":"https:\/\/svpchem.eu\/lv\/produktas\/svp-katalizatora-un-ddf-filtru-tiritajs\/","og_site_name":"svpchem.eu","og_image":[{"width":1509,"height":1699,"url":"https:\/\/svpchem.eu\/wp-content\/uploads\/2026\/02\/Katalizatoriu-DPF-filtru-valiklis.jpg","type":"image\/jpeg"}],"twitter_card":"summary_large_image","schema":{"@context":"https:\/\/schema.org","@graph":[{"@type":"WebPage","@id":"https:\/\/svpchem.eu\/lv\/produktas\/svp-katalizatora-un-ddf-filtru-tiritajs\/","url":"https:\/\/svpchem.eu\/lv\/produktas\/svp-katalizatora-un-ddf-filtru-tiritajs\/","name":"SVP Katalizatora un DDF filtru t\u012br\u012bt\u0101js - svpchem.eu","isPartOf":{"@id":"https:\/\/svpchem.eu\/lv\/#website"},"primaryImageOfPage":{"@id":"https:\/\/svpchem.eu\/lv\/produktas\/svp-katalizatora-un-ddf-filtru-tiritajs\/#primaryimage"},"image":{"@id":"https:\/\/svpchem.eu\/lv\/produktas\/svp-katalizatora-un-ddf-filtru-tiritajs\/#primaryimage"},"thumbnailUrl":"https:\/\/svpchem.eu\/wp-content\/uploads\/2026\/02\/Katalizatoriu-DPF-filtru-valiklis.jpg","datePublished":"2026-02-24T08:36:56+00:00","description":"SVP katal\u012btisk\u0101 p\u0101rveidot\u0101ja un DPF t\u012br\u012bt\u0101js - efekt\u012bvs l\u012bdzeklis kv\u0113pu un nogul\u0161\u0146u no\u0146em\u0161anai. Pal\u012bdz atjaunot izpl\u016bdes sist\u0113mas darb\u012bbu, samazina d\u016bmu daudzumu, uzlabo dzin\u0113ja veiktsp\u0113ju un pagarina DPF un katal\u012btisk\u0101 neitralizatora kalpo\u0161anas laiku.","breadcrumb":{"@id":"https:\/\/svpchem.eu\/lv\/produktas\/svp-katalizatora-un-ddf-filtru-tiritajs\/#breadcrumb"},"inLanguage":"lv-LV","potentialAction":[{"@type":"ReadAction","target":["https:\/\/svpchem.eu\/lv\/produktas\/svp-katalizatora-un-ddf-filtru-tiritajs\/"]}]},{"@type":"ImageObject","inLanguage":"lv-LV","@id":"https:\/\/svpchem.eu\/lv\/produktas\/svp-katalizatora-un-ddf-filtru-tiritajs\/#primaryimage","url":"https:\/\/svpchem.eu\/wp-content\/uploads\/2026\/02\/Katalizatoriu-DPF-filtru-valiklis.jpg","contentUrl":"https:\/\/svpchem.eu\/wp-content\/uploads\/2026\/02\/Katalizatoriu-DPF-filtru-valiklis.jpg","width":1509,"height":1699},{"@type":"BreadcrumbList","@id":"https:\/\/svpchem.eu\/lv\/produktas\/svp-katalizatora-un-ddf-filtru-tiritajs\/#breadcrumb","itemListElement":[{"@type":"ListItem","position":1,"name":"S\u0101kums","item":"https:\/\/svpchem.eu\/lv\/par-mums\/"},{"@type":"ListItem","position":2,"name":"Veikals","item":"https:\/\/svpchem.eu\/lv\/veikals\/"},{"@type":"ListItem","position":3,"name":"SVP Katalizatora un DDF filtru t\u012br\u012bt\u0101js"}]},{"@type":"WebSite","@id":"https:\/\/svpchem.eu\/lv\/#website","url":"https:\/\/svpchem.eu\/lv\/","name":"svpchem.eu","description":"","publisher":{"@id":"https:\/\/svpchem.eu\/lv\/#organization"},"potentialAction":[{"@type":"SearchAction","target":{"@type":"EntryPoint","urlTemplate":"https:\/\/svpchem.eu\/lv\/?s={search_term_string}"},"query-input":{"@type":"PropertyValueSpecification","valueRequired":true,"valueName":"search_term_string"}}],"inLanguage":"lv-LV"},{"@type":"Organization","@id":"https:\/\/svpchem.eu\/lv\/#organization","name":"svpchem.eu","url":"https:\/\/svpchem.eu\/lv\/","logo":{"@type":"ImageObject","inLanguage":"lv-LV","@id":"https:\/\/svpchem.eu\/lv\/#\/schema\/logo\/image\/","url":"https:\/\/svpchem.eu\/wp-content\/uploads\/2025\/12\/logo_cropped_no_bg_20251217-1.png","contentUrl":"https:\/\/svpchem.eu\/wp-content\/uploads\/2025\/12\/logo_cropped_no_bg_20251217-1.png","width":851,"height":430,"caption":"svpchem.eu"},"image":{"@id":"https:\/\/svpchem.eu\/lv\/#\/schema\/logo\/image\/"}}]}},"_links":{"self":[{"href":"https:\/\/svpchem.eu\/lv\/wp-json\/wp\/v2\/product\/3480","targetHints":{"allow":["GET"]}}],"collection":[{"href":"https:\/\/svpchem.eu\/lv\/wp-json\/wp\/v2\/product"}],"about":[{"href":"https:\/\/svpchem.eu\/lv\/wp-json\/wp\/v2\/types\/product"}],"wp:featuredmedia":[{"embeddable":true,"href":"https:\/\/svpchem.eu\/lv\/wp-json\/wp\/v2\/media\/3361"}],"wp:attachment":[{"href":"https:\/\/svpchem.eu\/lv\/wp-json\/wp\/v2\/media?parent=3480"}],"wp:term":[{"taxonomy":"product_brand","embeddable":true,"href":"https:\/\/svpchem.eu\/lv\/wp-json\/wp\/v2\/product_brand?post=3480"},{"taxonomy":"product_cat","embeddable":true,"href":"https:\/\/svpchem.eu\/lv\/wp-json\/wp\/v2\/product_cat?post=3480"},{"taxonomy":"product_tag","embeddable":true,"href":"https:\/\/svpchem.eu\/lv\/wp-json\/wp\/v2\/product_tag?post=3480"}],"curies":[{"name":"wp","href":"https:\/\/api.w.org\/{rel}","templated":true}]}}