{"id":3574,"date":"2026-02-24T09:49:27","date_gmt":"2026-02-24T09:49:27","guid":{"rendered":"https:\/\/svpchem.eu\/produktas\/svp-instrumentu-panela-tirisanas-lidzeklis-dashboard-wax\/"},"modified":"2026-02-24T09:49:27","modified_gmt":"2026-02-24T09:49:27","slug":"svp-instrumentu-panela-tirisanas-lidzeklis-dashboard-wax","status":"publish","type":"product","link":"https:\/\/svpchem.eu\/lv\/produktas\/svp-instrumentu-panela-tirisanas-lidzeklis-dashboard-wax\/","title":{"rendered":"SVP instrumentu pane\u013ca t\u012br\u012b\u0161anas l\u012bdzeklis DASHBOARD WAX"},"content":{"rendered":"","protected":false},"excerpt":{"rendered":"<p><strong>Apraksts:<\/strong><\/p>\n<p>Tas ir augst\u0101k\u0101s kvalit\u0101tes aerosola vasks automa\u0161\u012bnas instrumentu panelim un cit\u0101m plastmasas un vinila da\u013c\u0101m. \u012apa\u0161\u0101 formula ne tikai efekt\u012bvi att\u012bra, bet ar\u012b pie\u0161\u0137ir virsm\u0101m intens\u012bvu, bag\u0101t\u012bgu sp\u012bdumu, kas atjauno pat izbal\u0113ju\u0161u plastmasu. T\u0101 izveido ilgnotur\u012bgu aizsargsl\u0101ni, kas nov\u0113r\u0161 putek\u013cu uzkr\u0101\u0161anos un aizsarg\u0101 pret tie\u0161iem saules stariem.  <\/p>\n<p><strong>Galven\u0101s funkcijas:<\/strong><\/p>\n<ul>\n<li><strong>Ekstr\u0113ms sp\u012bdums:<\/strong> pie\u0161\u0137ir virsm\u0101m spogu\u013cstiklam l\u012bdz\u012bgu sp\u012bdumu un jauna automobi\u013ca efektu.<\/li>\n<li><strong>Antistatiska aizsardz\u012bba:<\/strong> efekt\u012bvi atgr\u016b\u017e putek\u013cus, ilg\u0101k saglab\u0101jot iek\u0161pusi t\u012bru.<\/li>\n<li><strong>UV filtrs:<\/strong> aizsarg\u0101 plastmasas deta\u013cas no iz\u017e\u016b\u0161anas, plais\u0101\u0161anas un kr\u0101sas zuduma (izbal\u0113\u0161anas).<\/li>\n<li><strong>Atsvaidzino\u0161s arom\u0101ts:<\/strong> p\u0113c t\u012br\u012b\u0161anas atst\u0101j pat\u012bkamu un ilgnotur\u012bgu arom\u0101tu automa\u0161\u012bn\u0101.<\/li>\n<\/ul>\n<p><strong>Lieto\u0161ana:<\/strong><\/p>\n<p>Pirms lieto\u0161anas flakonu labi sakratiet. Izsmidziniet tie\u0161i uz t\u012br\u0101m\u0101s virsmas no aptuveni 20 cm att\u0101luma. Ar m\u012bkstu, t\u012bru dr\u0101nu vienm\u0113r\u012bgi izkl\u0101jiet vasku un pul\u0113jiet, l\u012bdz tiek pan\u0101kts v\u0113lamais sp\u012bdums.  <\/p>\n<p>Lai izvair\u012btos no traipu veido\u0161an\u0101s uz logiem, t\u012br\u012b\u0161anas laik\u0101 net\u0101lu no stikla uzsmidziniet l\u012bdzekli tie\u0161i uz lupati\u0146as. <strong>Izvair\u012bties:<\/strong> nelietot uz st\u016bres rite\u0146iem, ped\u0101\u013ciem, p\u0101rnesumu svir\u0101m un v\u0113jstikliem, jo virsma k\u013c\u016bst \u013coti slidena.<\/p>\n<p><strong>Ieguvumi:<\/strong><\/p>\n<ul>\n<li><strong>Izcila est\u0113tika<\/strong>: j\u016bsu automa\u0161\u012bnas salons izskat\u012bsies grezns un \u013coti sakopts.<\/li>\n<li><strong>\u0100tri rezult\u0101ti:<\/strong> aerosola sast\u0101vs \u013cauj nokl\u0101t lielas plat\u012bbas da\u017eu sekun\u017eu laik\u0101.<\/li>\n<li><strong>Praktiski:<\/strong> maz\u0101k laika, kas tiek pavad\u012bts putek\u013cu t\u012br\u012b\u0161anai, pateicoties sp\u0113c\u012bgajam antistatiskajam efektam.<\/li>\n<li><strong>Daudzpus\u012bba:<\/strong> lieliski piem\u0113rots vis\u0101m plastmasas, gumijas un vinila deta\u013c\u0101m ne tikai automa\u0161\u012bn\u0101, bet ar\u012b m\u0101j\u0101s.<\/li>\n<\/ul>\n<p><strong>Tehnisk\u0101 inform\u0101cija:<\/strong><\/p>\n<ul>\n<li><strong>Ietilp\u012bba:<\/strong> 400 ml<\/li>\n<li><strong>Tips:<\/strong> aerosola vasks (aerosols).<\/li>\n<li><strong>Lieto\u0161ana:<\/strong> Instrumentu panelis, durvju apdare, plastmasas elementi.<\/li>\n<li><strong>Ieteikums:<\/strong> regul\u0101ra lieto\u0161ana pal\u012bdz saglab\u0101t plastmasas deta\u013cu elast\u012bbu un s\u0101kotn\u0113jo izskatu.<\/li>\n<\/ul>\n","protected":false},"featured_media":3376,"template":"","meta":[],"product_brand":[],"product_cat":[207,355],"product_tag":[],"class_list":{"0":"post-3574","1":"product","2":"type-product","3":"status-publish","4":"has-post-thumbnail","6":"product_cat-automasinu-kopsanas-lidzekli-un-paligmateriali","7":"product_cat-razosana-pec-pasutijuma","9":"first","10":"instock","11":"shipping-taxable","12":"product-type-simple"},"yoast_head":"<!-- This site is optimized with the Yoast SEO plugin v27.3 - https:\/\/yoast.com\/product\/yoast-seo-wordpress\/ -->\n<title>SVP instrumentu pane\u013ca t\u012br\u012b\u0161anas l\u012bdzeklis DASHBOARD WAX - svpchem.eu<\/title>\n<meta name=\"description\" content=\"SVP Dashboard Wax Dashboard Cleaner - efekt\u012bvi att\u012bra, atsvaidzina un pie\u0161\u0137ir sp\u012bdumu j\u016bsu automa\u0161\u012bnas salona plastmasas virsm\u0101m. Aizsarg\u0101 pret putek\u013ciem, izbal\u0113\u0161anu un pie\u0161\u0137ir ilgnotur\u012bgu svaigu izskatu. Piem\u0113rots ikdienas apkopei.\" \/>\n<meta name=\"robots\" content=\"index, follow, max-snippet:-1, max-image-preview:large, max-video-preview:-1\" \/>\n<link rel=\"canonical\" href=\"https:\/\/svpchem.eu\/lv\/produktas\/svp-instrumentu-panela-tirisanas-lidzeklis-dashboard-wax\/\" \/>\n<meta property=\"og:locale\" content=\"lv_LV\" \/>\n<meta property=\"og:type\" content=\"article\" \/>\n<meta property=\"og:title\" content=\"SVP instrumentu pane\u013ca t\u012br\u012b\u0161anas l\u012bdzeklis DASHBOARD WAX - svpchem.eu\" \/>\n<meta property=\"og:description\" content=\"SVP Dashboard Wax Dashboard Cleaner - efekt\u012bvi att\u012bra, atsvaidzina un pie\u0161\u0137ir sp\u012bdumu j\u016bsu automa\u0161\u012bnas salona plastmasas virsm\u0101m. Aizsarg\u0101 pret putek\u013ciem, izbal\u0113\u0161anu un pie\u0161\u0137ir ilgnotur\u012bgu svaigu izskatu. Piem\u0113rots ikdienas apkopei.\" \/>\n<meta property=\"og:url\" content=\"https:\/\/svpchem.eu\/lv\/produktas\/svp-instrumentu-panela-tirisanas-lidzeklis-dashboard-wax\/\" \/>\n<meta property=\"og:site_name\" content=\"svpchem.eu\" \/>\n<meta property=\"og:image\" content=\"https:\/\/svpchem.eu\/wp-content\/uploads\/2026\/02\/Prietaisu-skydelio-vaskas-Dashboard-wax-SVP-koreguotas.jpg\" \/>\n\t<meta property=\"og:image:width\" content=\"1024\" \/>\n\t<meta property=\"og:image:height\" content=\"1024\" \/>\n\t<meta property=\"og:image:type\" content=\"image\/jpeg\" \/>\n<meta name=\"twitter:card\" content=\"summary_large_image\" \/>\n<script type=\"application\/ld+json\" class=\"yoast-schema-graph\">{\"@context\":\"https:\\\/\\\/schema.org\",\"@graph\":[{\"@type\":\"WebPage\",\"@id\":\"https:\\\/\\\/svpchem.eu\\\/lv\\\/produktas\\\/svp-instrumentu-panela-tirisanas-lidzeklis-dashboard-wax\\\/\",\"url\":\"https:\\\/\\\/svpchem.eu\\\/lv\\\/produktas\\\/svp-instrumentu-panela-tirisanas-lidzeklis-dashboard-wax\\\/\",\"name\":\"SVP instrumentu pane\u013ca t\u012br\u012b\u0161anas l\u012bdzeklis DASHBOARD WAX - svpchem.eu\",\"isPartOf\":{\"@id\":\"https:\\\/\\\/svpchem.eu\\\/lv\\\/#website\"},\"primaryImageOfPage\":{\"@id\":\"https:\\\/\\\/svpchem.eu\\\/lv\\\/produktas\\\/svp-instrumentu-panela-tirisanas-lidzeklis-dashboard-wax\\\/#primaryimage\"},\"image\":{\"@id\":\"https:\\\/\\\/svpchem.eu\\\/lv\\\/produktas\\\/svp-instrumentu-panela-tirisanas-lidzeklis-dashboard-wax\\\/#primaryimage\"},\"thumbnailUrl\":\"https:\\\/\\\/svpchem.eu\\\/wp-content\\\/uploads\\\/2026\\\/02\\\/Prietaisu-skydelio-vaskas-Dashboard-wax-SVP-koreguotas.jpg\",\"datePublished\":\"2026-02-24T09:49:27+00:00\",\"description\":\"SVP Dashboard Wax Dashboard Cleaner - efekt\u012bvi att\u012bra, atsvaidzina un pie\u0161\u0137ir sp\u012bdumu j\u016bsu automa\u0161\u012bnas salona plastmasas virsm\u0101m. Aizsarg\u0101 pret putek\u013ciem, izbal\u0113\u0161anu un pie\u0161\u0137ir ilgnotur\u012bgu svaigu izskatu. Piem\u0113rots ikdienas apkopei.\",\"breadcrumb\":{\"@id\":\"https:\\\/\\\/svpchem.eu\\\/lv\\\/produktas\\\/svp-instrumentu-panela-tirisanas-lidzeklis-dashboard-wax\\\/#breadcrumb\"},\"inLanguage\":\"lv-LV\",\"potentialAction\":[{\"@type\":\"ReadAction\",\"target\":[\"https:\\\/\\\/svpchem.eu\\\/lv\\\/produktas\\\/svp-instrumentu-panela-tirisanas-lidzeklis-dashboard-wax\\\/\"]}]},{\"@type\":\"ImageObject\",\"inLanguage\":\"lv-LV\",\"@id\":\"https:\\\/\\\/svpchem.eu\\\/lv\\\/produktas\\\/svp-instrumentu-panela-tirisanas-lidzeklis-dashboard-wax\\\/#primaryimage\",\"url\":\"https:\\\/\\\/svpchem.eu\\\/wp-content\\\/uploads\\\/2026\\\/02\\\/Prietaisu-skydelio-vaskas-Dashboard-wax-SVP-koreguotas.jpg\",\"contentUrl\":\"https:\\\/\\\/svpchem.eu\\\/wp-content\\\/uploads\\\/2026\\\/02\\\/Prietaisu-skydelio-vaskas-Dashboard-wax-SVP-koreguotas.jpg\",\"width\":1024,\"height\":1024},{\"@type\":\"BreadcrumbList\",\"@id\":\"https:\\\/\\\/svpchem.eu\\\/lv\\\/produktas\\\/svp-instrumentu-panela-tirisanas-lidzeklis-dashboard-wax\\\/#breadcrumb\",\"itemListElement\":[{\"@type\":\"ListItem\",\"position\":1,\"name\":\"S\u0101kums\",\"item\":\"https:\\\/\\\/svpchem.eu\\\/lv\\\/par-mums\\\/\"},{\"@type\":\"ListItem\",\"position\":2,\"name\":\"Veikals\",\"item\":\"https:\\\/\\\/svpchem.eu\\\/lv\\\/veikals\\\/\"},{\"@type\":\"ListItem\",\"position\":3,\"name\":\"SVP instrumentu pane\u013ca t\u012br\u012b\u0161anas l\u012bdzeklis DASHBOARD WAX\"}]},{\"@type\":\"WebSite\",\"@id\":\"https:\\\/\\\/svpchem.eu\\\/lv\\\/#website\",\"url\":\"https:\\\/\\\/svpchem.eu\\\/lv\\\/\",\"name\":\"svpchem.eu\",\"description\":\"\",\"publisher\":{\"@id\":\"https:\\\/\\\/svpchem.eu\\\/lv\\\/#organization\"},\"potentialAction\":[{\"@type\":\"SearchAction\",\"target\":{\"@type\":\"EntryPoint\",\"urlTemplate\":\"https:\\\/\\\/svpchem.eu\\\/lv\\\/?s={search_term_string}\"},\"query-input\":{\"@type\":\"PropertyValueSpecification\",\"valueRequired\":true,\"valueName\":\"search_term_string\"}}],\"inLanguage\":\"lv-LV\"},{\"@type\":\"Organization\",\"@id\":\"https:\\\/\\\/svpchem.eu\\\/lv\\\/#organization\",\"name\":\"svpchem.eu\",\"url\":\"https:\\\/\\\/svpchem.eu\\\/lv\\\/\",\"logo\":{\"@type\":\"ImageObject\",\"inLanguage\":\"lv-LV\",\"@id\":\"https:\\\/\\\/svpchem.eu\\\/lv\\\/#\\\/schema\\\/logo\\\/image\\\/\",\"url\":\"https:\\\/\\\/svpchem.eu\\\/wp-content\\\/uploads\\\/2025\\\/12\\\/logo_cropped_no_bg_20251217-1.png\",\"contentUrl\":\"https:\\\/\\\/svpchem.eu\\\/wp-content\\\/uploads\\\/2025\\\/12\\\/logo_cropped_no_bg_20251217-1.png\",\"width\":851,\"height\":430,\"caption\":\"svpchem.eu\"},\"image\":{\"@id\":\"https:\\\/\\\/svpchem.eu\\\/lv\\\/#\\\/schema\\\/logo\\\/image\\\/\"}}]}<\/script>\n<!-- \/ Yoast SEO plugin. -->","yoast_head_json":{"title":"SVP instrumentu pane\u013ca t\u012br\u012b\u0161anas l\u012bdzeklis DASHBOARD WAX - svpchem.eu","description":"SVP Dashboard Wax Dashboard Cleaner - efekt\u012bvi att\u012bra, atsvaidzina un pie\u0161\u0137ir sp\u012bdumu j\u016bsu automa\u0161\u012bnas salona plastmasas virsm\u0101m. Aizsarg\u0101 pret putek\u013ciem, izbal\u0113\u0161anu un pie\u0161\u0137ir ilgnotur\u012bgu svaigu izskatu. Piem\u0113rots ikdienas apkopei.","robots":{"index":"index","follow":"follow","max-snippet":"max-snippet:-1","max-image-preview":"max-image-preview:large","max-video-preview":"max-video-preview:-1"},"canonical":"https:\/\/svpchem.eu\/lv\/produktas\/svp-instrumentu-panela-tirisanas-lidzeklis-dashboard-wax\/","og_locale":"lv_LV","og_type":"article","og_title":"SVP instrumentu pane\u013ca t\u012br\u012b\u0161anas l\u012bdzeklis DASHBOARD WAX - svpchem.eu","og_description":"SVP Dashboard Wax Dashboard Cleaner - efekt\u012bvi att\u012bra, atsvaidzina un pie\u0161\u0137ir sp\u012bdumu j\u016bsu automa\u0161\u012bnas salona plastmasas virsm\u0101m. Aizsarg\u0101 pret putek\u013ciem, izbal\u0113\u0161anu un pie\u0161\u0137ir ilgnotur\u012bgu svaigu izskatu. Piem\u0113rots ikdienas apkopei.","og_url":"https:\/\/svpchem.eu\/lv\/produktas\/svp-instrumentu-panela-tirisanas-lidzeklis-dashboard-wax\/","og_site_name":"svpchem.eu","og_image":[{"width":1024,"height":1024,"url":"https:\/\/svpchem.eu\/wp-content\/uploads\/2026\/02\/Prietaisu-skydelio-vaskas-Dashboard-wax-SVP-koreguotas.jpg","type":"image\/jpeg"}],"twitter_card":"summary_large_image","schema":{"@context":"https:\/\/schema.org","@graph":[{"@type":"WebPage","@id":"https:\/\/svpchem.eu\/lv\/produktas\/svp-instrumentu-panela-tirisanas-lidzeklis-dashboard-wax\/","url":"https:\/\/svpchem.eu\/lv\/produktas\/svp-instrumentu-panela-tirisanas-lidzeklis-dashboard-wax\/","name":"SVP instrumentu pane\u013ca t\u012br\u012b\u0161anas l\u012bdzeklis DASHBOARD WAX - svpchem.eu","isPartOf":{"@id":"https:\/\/svpchem.eu\/lv\/#website"},"primaryImageOfPage":{"@id":"https:\/\/svpchem.eu\/lv\/produktas\/svp-instrumentu-panela-tirisanas-lidzeklis-dashboard-wax\/#primaryimage"},"image":{"@id":"https:\/\/svpchem.eu\/lv\/produktas\/svp-instrumentu-panela-tirisanas-lidzeklis-dashboard-wax\/#primaryimage"},"thumbnailUrl":"https:\/\/svpchem.eu\/wp-content\/uploads\/2026\/02\/Prietaisu-skydelio-vaskas-Dashboard-wax-SVP-koreguotas.jpg","datePublished":"2026-02-24T09:49:27+00:00","description":"SVP Dashboard Wax Dashboard Cleaner - efekt\u012bvi att\u012bra, atsvaidzina un pie\u0161\u0137ir sp\u012bdumu j\u016bsu automa\u0161\u012bnas salona plastmasas virsm\u0101m. Aizsarg\u0101 pret putek\u013ciem, izbal\u0113\u0161anu un pie\u0161\u0137ir ilgnotur\u012bgu svaigu izskatu. Piem\u0113rots ikdienas apkopei.","breadcrumb":{"@id":"https:\/\/svpchem.eu\/lv\/produktas\/svp-instrumentu-panela-tirisanas-lidzeklis-dashboard-wax\/#breadcrumb"},"inLanguage":"lv-LV","potentialAction":[{"@type":"ReadAction","target":["https:\/\/svpchem.eu\/lv\/produktas\/svp-instrumentu-panela-tirisanas-lidzeklis-dashboard-wax\/"]}]},{"@type":"ImageObject","inLanguage":"lv-LV","@id":"https:\/\/svpchem.eu\/lv\/produktas\/svp-instrumentu-panela-tirisanas-lidzeklis-dashboard-wax\/#primaryimage","url":"https:\/\/svpchem.eu\/wp-content\/uploads\/2026\/02\/Prietaisu-skydelio-vaskas-Dashboard-wax-SVP-koreguotas.jpg","contentUrl":"https:\/\/svpchem.eu\/wp-content\/uploads\/2026\/02\/Prietaisu-skydelio-vaskas-Dashboard-wax-SVP-koreguotas.jpg","width":1024,"height":1024},{"@type":"BreadcrumbList","@id":"https:\/\/svpchem.eu\/lv\/produktas\/svp-instrumentu-panela-tirisanas-lidzeklis-dashboard-wax\/#breadcrumb","itemListElement":[{"@type":"ListItem","position":1,"name":"S\u0101kums","item":"https:\/\/svpchem.eu\/lv\/par-mums\/"},{"@type":"ListItem","position":2,"name":"Veikals","item":"https:\/\/svpchem.eu\/lv\/veikals\/"},{"@type":"ListItem","position":3,"name":"SVP instrumentu pane\u013ca t\u012br\u012b\u0161anas l\u012bdzeklis DASHBOARD WAX"}]},{"@type":"WebSite","@id":"https:\/\/svpchem.eu\/lv\/#website","url":"https:\/\/svpchem.eu\/lv\/","name":"svpchem.eu","description":"","publisher":{"@id":"https:\/\/svpchem.eu\/lv\/#organization"},"potentialAction":[{"@type":"SearchAction","target":{"@type":"EntryPoint","urlTemplate":"https:\/\/svpchem.eu\/lv\/?s={search_term_string}"},"query-input":{"@type":"PropertyValueSpecification","valueRequired":true,"valueName":"search_term_string"}}],"inLanguage":"lv-LV"},{"@type":"Organization","@id":"https:\/\/svpchem.eu\/lv\/#organization","name":"svpchem.eu","url":"https:\/\/svpchem.eu\/lv\/","logo":{"@type":"ImageObject","inLanguage":"lv-LV","@id":"https:\/\/svpchem.eu\/lv\/#\/schema\/logo\/image\/","url":"https:\/\/svpchem.eu\/wp-content\/uploads\/2025\/12\/logo_cropped_no_bg_20251217-1.png","contentUrl":"https:\/\/svpchem.eu\/wp-content\/uploads\/2025\/12\/logo_cropped_no_bg_20251217-1.png","width":851,"height":430,"caption":"svpchem.eu"},"image":{"@id":"https:\/\/svpchem.eu\/lv\/#\/schema\/logo\/image\/"}}]}},"_links":{"self":[{"href":"https:\/\/svpchem.eu\/lv\/wp-json\/wp\/v2\/product\/3574","targetHints":{"allow":["GET"]}}],"collection":[{"href":"https:\/\/svpchem.eu\/lv\/wp-json\/wp\/v2\/product"}],"about":[{"href":"https:\/\/svpchem.eu\/lv\/wp-json\/wp\/v2\/types\/product"}],"wp:featuredmedia":[{"embeddable":true,"href":"https:\/\/svpchem.eu\/lv\/wp-json\/wp\/v2\/media\/3376"}],"wp:attachment":[{"href":"https:\/\/svpchem.eu\/lv\/wp-json\/wp\/v2\/media?parent=3574"}],"wp:term":[{"taxonomy":"product_brand","embeddable":true,"href":"https:\/\/svpchem.eu\/lv\/wp-json\/wp\/v2\/product_brand?post=3574"},{"taxonomy":"product_cat","embeddable":true,"href":"https:\/\/svpchem.eu\/lv\/wp-json\/wp\/v2\/product_cat?post=3574"},{"taxonomy":"product_tag","embeddable":true,"href":"https:\/\/svpchem.eu\/lv\/wp-json\/wp\/v2\/product_tag?post=3574"}],"curies":[{"name":"wp","href":"https:\/\/api.w.org\/{rel}","templated":true}]}}