{"id":2714,"date":"2026-02-02T19:34:40","date_gmt":"2026-02-02T19:34:40","guid":{"rendered":"https:\/\/svpchem.eu\/produkcja-indywidualna\/"},"modified":"2026-03-03T21:12:17","modified_gmt":"2026-03-03T21:12:17","slug":"produkcja-indywidualna","status":"publish","type":"page","link":"https:\/\/svpchem.eu\/pl\/produkcja-indywidualna\/","title":{"rendered":"Produkcja indywidualna"},"content":{"rendered":"\n<div style=\"height:100px\" aria-hidden=\"true\" class=\"wp-block-spacer\"><\/div>\n\n<div class=\"wp-block-columns is-layout-flex wp-container-core-columns-is-layout-28f84493 wp-block-columns-is-layout-flex\">\n<div class=\"wp-block-column is-layout-flow wp-block-column-is-layout-flow\" style=\"flex-basis:66.66%\">\n<figure class=\"wp-block-image size-full is-resized\"><img fetchpriority=\"high\" decoding=\"async\" width=\"575\" height=\"323\" src=\"https:\/\/svpchem.eu\/wp-content\/uploads\/2026\/02\/Aerosol-filling-line-4-edited.jpg\" alt=\"\" class=\"wp-image-3113\" style=\"aspect-ratio:1.7802627900475259;width:841px;height:auto\" srcset=\"https:\/\/svpchem.eu\/wp-content\/uploads\/2026\/02\/Aerosol-filling-line-4-edited.jpg 575w, https:\/\/svpchem.eu\/wp-content\/uploads\/2026\/02\/Aerosol-filling-line-4-edited-300x169.jpg 300w\" sizes=\"(max-width: 575px) 100vw, 575px\" \/><\/figure>\n<\/div>\n\n\n\n<div class=\"wp-block-column is-layout-flow wp-container-core-column-is-layout-0fa98692 wp-block-column-is-layout-flow\" style=\"padding-top:var(--wp--preset--spacing--80);padding-bottom:var(--wp--preset--spacing--80);flex-basis:33.33%\">\n<h1 class=\"wp-block-heading\">Produkcja indywidualna<\/h1>\n\n\n\n<p>Opr\u00f3cz szerokiej gamy standardowych produkt\u00f3w, oferujemy naszym klientom kompleksowe rozwi\u0105zania Private Label. Od wyboru unikalnego koloru po dostosowanie opakowania do marki, nasze mo\u017cliwo\u015bci techniczne pozwalaj\u0105 nam stworzy\u0107 produkt, kt\u00f3ry dok\u0142adnie spe\u0142nia potrzeby rynku. <\/p>\n<\/div>\n<\/div>\n\n<div class=\"wp-block-columns is-layout-flex wp-container-core-columns-is-layout-28f84493 wp-block-columns-is-layout-flex\">\n<div class=\"wp-block-column is-layout-flow wp-block-column-is-layout-flow\">\n<h5 class=\"wp-block-heading\">Wyb\u00f3r kolor\u00f3w (paleta RAL)<\/h5>\n\n\n\n<p><strong>Zakres kolor\u00f3w i odcieni<\/strong><\/p>\n\n\n\n<p>Wytwarzamy produkty w szerokiej gamie kolor\u00f3w RAL. Mo\u017cemy zaoferowa\u0107 standardowe powierzchnie matowe lub b\u0142yszcz\u0105ce, a tak\u017ce specyficzne odcienie motoryzacyjne i przemys\u0142owe. <\/p>\n<\/div>\n<\/div>\n\n<div class=\"wp-block-columns is-layout-flex wp-container-core-columns-is-layout-28f84493 wp-block-columns-is-layout-flex\">\n<div class=\"wp-block-column is-layout-flow wp-block-column-is-layout-flow\">\n<figure class=\"wp-block-image size-large\"><img decoding=\"async\" width=\"1024\" height=\"724\" src=\"https:\/\/svpchem.eu\/wp-content\/uploads\/2026\/02\/SVP-Color-card-2023_Page_1-1024x724.jpg\" alt=\"\" class=\"wp-image-1956\" srcset=\"https:\/\/svpchem.eu\/wp-content\/uploads\/2026\/02\/SVP-Color-card-2023_Page_1-1024x724.jpg 1024w, https:\/\/svpchem.eu\/wp-content\/uploads\/2026\/02\/SVP-Color-card-2023_Page_1-300x212.jpg 300w, https:\/\/svpchem.eu\/wp-content\/uploads\/2026\/02\/SVP-Color-card-2023_Page_1-768x543.jpg 768w, https:\/\/svpchem.eu\/wp-content\/uploads\/2026\/02\/SVP-Color-card-2023_Page_1-1536x1086.jpg 1536w, https:\/\/svpchem.eu\/wp-content\/uploads\/2026\/02\/SVP-Color-card-2023_Page_1-2048x1448.jpg 2048w, https:\/\/svpchem.eu\/wp-content\/uploads\/2026\/02\/SVP-Color-card-2023_Page_1-600x424.jpg 600w\" sizes=\"(max-width: 1024px) 100vw, 1024px\" \/><\/figure>\n<\/div>\n\n\n\n<div class=\"wp-block-column is-layout-flow wp-block-column-is-layout-flow\">\n<figure class=\"wp-block-image size-large\"><img decoding=\"async\" width=\"1024\" height=\"724\" src=\"https:\/\/svpchem.eu\/wp-content\/uploads\/2026\/02\/SVP-Color-card-2023_Page_3-1024x724.jpg\" alt=\"\" class=\"wp-image-1957\" srcset=\"https:\/\/svpchem.eu\/wp-content\/uploads\/2026\/02\/SVP-Color-card-2023_Page_3-1024x724.jpg 1024w, https:\/\/svpchem.eu\/wp-content\/uploads\/2026\/02\/SVP-Color-card-2023_Page_3-300x212.jpg 300w, https:\/\/svpchem.eu\/wp-content\/uploads\/2026\/02\/SVP-Color-card-2023_Page_3-768x543.jpg 768w, https:\/\/svpchem.eu\/wp-content\/uploads\/2026\/02\/SVP-Color-card-2023_Page_3-1536x1086.jpg 1536w, https:\/\/svpchem.eu\/wp-content\/uploads\/2026\/02\/SVP-Color-card-2023_Page_3-2048x1448.jpg 2048w, https:\/\/svpchem.eu\/wp-content\/uploads\/2026\/02\/SVP-Color-card-2023_Page_3-600x424.jpg 600w\" sizes=\"(max-width: 1024px) 100vw, 1024px\" \/><\/figure>\n<\/div>\n<\/div>\n<h5>Rodzaje i wymiary opakowa\u0144<\/h5>\n<p><b>Parametry techniczne opakowania<\/b><\/p>\n<p>W zale\u017cno\u015bci od przeznaczenia produktu oferujemy pojemniki aerozolowe o r\u00f3\u017cnych \u015brednicach (\u00d852, \u00d857, \u00d865) i wysoko\u015bciach. Dost\u0119pne pojemno\u015bci nape\u0142niania wahaj\u0105 si\u0119 od 150 ml do 750 ml. <\/p>\n<p><img loading=\"lazy\" decoding=\"async\" class=\"aligncenter\" src=\"https:\/\/svpchem.eu\/wp-content\/uploads\/2026\/02\/Aerosol-Dimensions-917x1024.png\" sizes=\"(max-width: 917px) 100vw, 917px\" srcset=\"https:\/\/svpchem.eu\/wp-content\/uploads\/2026\/02\/Aerosol-Dimensions-917x1024.png 917w, https:\/\/svpchem.eu\/wp-content\/uploads\/2026\/02\/Aerosol-Dimensions-269x300.png 269w, https:\/\/svpchem.eu\/wp-content\/uploads\/2026\/02\/Aerosol-Dimensions-768x858.png 768w, https:\/\/svpchem.eu\/wp-content\/uploads\/2026\/02\/Aerosol-Dimensions-600x670.png 600w, https:\/\/svpchem.eu\/wp-content\/uploads\/2026\/02\/Aerosol-Dimensions.png 1352w\" alt=\"\" width=\"917\" height=\"1024\"><\/p>\n<h5>Projekt i obszar etykiety<\/h5>\n<p><b>Dostosowanie wygl\u0105du i sposobu dzia\u0142ania marki<\/b><\/p>\n<p>Zapewniamy, \u017ce etykieta jest dok\u0142adnie zaprojektowana do wymiar\u00f3w fiolki. Na przyk\u0142ad opakowanie o pojemno\u015bci 400 ml ma obszar nadruku o wymiarach 204,2 mm x 162 mm, co zapewnia maksymaln\u0105 widoczno\u015b\u0107 i profesjonalny wygl\u0105d. <\/p>\n<p><img loading=\"lazy\" decoding=\"async\" class=\"aligncenter\" src=\"https:\/\/svpchem.eu\/wp-content\/uploads\/2026\/02\/SVP-etiketes-dydis-can-size-65158mm-400ml-1024x607.jpg\" sizes=\"(max-width: 1024px) 100vw, 1024px\" srcset=\"https:\/\/svpchem.eu\/wp-content\/uploads\/2026\/02\/SVP-etiketes-dydis-can-size-65158mm-400ml-1024x607.jpg 1024w, https:\/\/svpchem.eu\/wp-content\/uploads\/2026\/02\/SVP-etiketes-dydis-can-size-65158mm-400ml-300x178.jpg 300w, https:\/\/svpchem.eu\/wp-content\/uploads\/2026\/02\/SVP-etiketes-dydis-can-size-65158mm-400ml-768x455.jpg 768w, https:\/\/svpchem.eu\/wp-content\/uploads\/2026\/02\/SVP-etiketes-dydis-can-size-65158mm-400ml-1536x910.jpg 1536w, https:\/\/svpchem.eu\/wp-content\/uploads\/2026\/02\/SVP-etiketes-dydis-can-size-65158mm-400ml-2048x1214.jpg 2048w, https:\/\/svpchem.eu\/wp-content\/uploads\/2026\/02\/SVP-etiketes-dydis-can-size-65158mm-400ml-600x356.jpg 600w\" alt=\"\" width=\"1156\" height=\"685\"><\/p>\n<h5>Produkcja bez aerozoli (kanistry)<\/h5>\n<p><b>Pakowanie produkt\u00f3w p\u0142ynnych<\/b><\/p>\n<p>Opr\u00f3cz produkt\u00f3w w aerozolu, produkujemy i pakujemy r\u00f3wnie\u017c chemikalia samochodowe (np. p\u0142yny do spryskiwaczy) w wi\u0119kszych pojemnikach, takich jak kanistry 5L.<\/p>\n\n<div class=\"wp-block-columns is-layout-flex wp-container-core-columns-is-layout-28f84493 wp-block-columns-is-layout-flex\">\n<div class=\"wp-block-column is-layout-flow wp-block-column-is-layout-flow\">\n<figure class=\"wp-block-image size-large\"><img loading=\"lazy\" decoding=\"async\" width=\"1024\" height=\"362\" src=\"https:\/\/svpchem.eu\/wp-content\/uploads\/2026\/03\/Ispilstymo-linija-1-1024x362.jpg\" alt=\"\" class=\"wp-image-3408\" srcset=\"https:\/\/svpchem.eu\/wp-content\/uploads\/2026\/03\/Ispilstymo-linija-1-1024x362.jpg 1024w, https:\/\/svpchem.eu\/wp-content\/uploads\/2026\/03\/Ispilstymo-linija-1-300x106.jpg 300w, https:\/\/svpchem.eu\/wp-content\/uploads\/2026\/03\/Ispilstymo-linija-1-768x272.jpg 768w, https:\/\/svpchem.eu\/wp-content\/uploads\/2026\/03\/Ispilstymo-linija-1-600x212.jpg 600w, https:\/\/svpchem.eu\/wp-content\/uploads\/2026\/03\/Ispilstymo-linija-1.jpg 1280w\" sizes=\"(max-width: 1024px) 100vw, 1024px\" \/><\/figure>\n<\/div>\n\n\n\n<div class=\"wp-block-column is-layout-flow wp-block-column-is-layout-flow\">\n<figure class=\"wp-block-image size-large\"><img loading=\"lazy\" decoding=\"async\" width=\"1024\" height=\"486\" src=\"https:\/\/svpchem.eu\/wp-content\/uploads\/2026\/03\/ispilstymo-linija-2-1024x486.jpg\" alt=\"\" class=\"wp-image-3410\" srcset=\"https:\/\/svpchem.eu\/wp-content\/uploads\/2026\/03\/ispilstymo-linija-2-1024x486.jpg 1024w, https:\/\/svpchem.eu\/wp-content\/uploads\/2026\/03\/ispilstymo-linija-2-300x142.jpg 300w, https:\/\/svpchem.eu\/wp-content\/uploads\/2026\/03\/ispilstymo-linija-2-768x364.jpg 768w, https:\/\/svpchem.eu\/wp-content\/uploads\/2026\/03\/ispilstymo-linija-2-600x285.jpg 600w, https:\/\/svpchem.eu\/wp-content\/uploads\/2026\/03\/ispilstymo-linija-2.jpg 1140w\" sizes=\"(max-width: 1024px) 100vw, 1024px\" \/><\/figure>\n<\/div>\n<\/div>\n\n<div style=\"height:100px\" aria-hidden=\"true\" class=\"wp-block-spacer\"><\/div>\n","protected":false},"excerpt":{"rendered":"<p>Velturpis nunc eget lorem dolor sedviverra ipsum malesuada fames ac turpis egestas maecenas pharetra amet facilisis magna etiam tempor.<\/p>\n","protected":false},"author":1,"featured_media":0,"parent":0,"menu_order":0,"comment_status":"closed","ping_status":"closed","template":"","meta":{"footnotes":""},"class_list":["post-2714","page","type-page","status-publish","hentry"],"blocksy_meta":{"page_title_panel":"","has_hero_section":"disabled","e109233f0e0b2c81add7cf16284261eb":"","hero_section":"type-2","hero_alignment1":"left","hero_alignment2":"center","hero_height":{"0":"500px","1":"500px","2":"500px","3":"500px","4":"500px","desktop":"600px","tablet":"500px","mobile":"400px","__changed":["tablet","tablet","tablet","tablet","mobile","mobile"]},"page_title_bg_type":"color","custom_hero_background":{"attachment_id":null},"parallax":{"desktop":false,"tablet":false,"mobile":false},"bd21b7000e30554c5f77004561de41fc":"","single_meta_elements":{"author":false,"date":false,"categories":false,"comments":false,"updated":false,"tags":false},"has_meta_label":"yes","has_meta_avatar":"yes","date_format_source":"custom","single_meta_date_format":"M j, Y","b5723b9fe8d41ebcc6e3ef40d12c20f9":"","page_excerpt_visibility":{"desktop":true,"tablet":true,"mobile":true},"pageTitleFont":{"family":"Default","variation":"n9","size":{"desktop":"55px","tablet":"40px","mobile":"30px","__changed":["tablet","tablet","mobile","mobile","mobile"]},"line-height":"1.3","letter-spacing":"CT_CSS_SKIP_RULE","text-transform":"CT_CSS_SKIP_RULE","text-decoration":"CT_CSS_SKIP_RULE"},"pageTitleFontColor":{"default":{"color":"CT_CSS_SKIP_RULEDEFAULT"}},"pageMetaFont":{"family":"Default","variation":"n6","size":{"desktop":"12px","tablet":"12px","mobile":"12px"},"line-height":"1.3","letter-spacing":"CT_CSS_SKIP_RULE","text-transform":"uppercase","text-decoration":"CT_CSS_SKIP_RULE"},"pageMetaFontColor":{"default":{"color":"CT_CSS_SKIP_RULEDEFAULT"},"hover":{"color":"CT_CSS_SKIP_RULEDEFAULT"}},"pageExcerptFont":{"family":"Default","variation":"n5","size":"CT_CSS_SKIP_RULE","line-height":"CT_CSS_SKIP_RULE","letter-spacing":"CT_CSS_SKIP_RULE","text-transform":"CT_CSS_SKIP_RULE","text-decoration":"CT_CSS_SKIP_RULE"},"pageExcerptColor":{"default":{"color":"CT_CSS_SKIP_RULEDEFAULT"}},"pageTitleOverlay":{"default":{"color":"rgba(41, 51, 60, 0.2)"}},"pageTitleBackground":{"background_type":"color","background_pattern":"type-1","background_image":{"attachment_id":null,"x":0,"y":0},"background_repeat":"no-repeat","background_size":"auto","background_attachment":"scroll","patternColor":{"default":{"color":"#e5e7ea"}},"backgroundColor":{"default":{"color":"#EDEFF2"}},"default":{"color":"#EDEFF2"}},"c02e8a9fcb1846364c2c3705ff448710":"","page_structure_type":"default","page_enable_vertical_spacing":"yes","1b21ba9a06180308d5dfe03281965293":"","disable_featured_image":"no","61cae17fe7e918118ffc1299da410106":"","1e59f09538656de6f56116fd92e80992":"","b1e9c19c0c9d4abb40badad5875e3489":"","56414a18e08b4becfcff3884e0afed0d":"","391ca6defd219aee8dfb411c421173e5":"","1d08c1df98c93de6937617ddaa6acc39":"","hero_elements":[{"id":"custom_title","enabled":true,"heading_tag":"h1","title":"Home"},{"id":"custom_description","enabled":true,"description_visibility":{"desktop":true,"tablet":true,"mobile":false}},{"id":"custom_meta","enabled":false,"meta_elements":[{"id":"author","enabled":true,"label":"By","has_author_avatar":"yes","avatar_size":25},{"id":"post_date","enabled":true,"label":"On","date_format_source":"default","date_format":"M j, Y"},{"id":"comments","enabled":true}],"page_meta_elements":{"joined":true,"articles_count":true,"comments":true}},{"id":"breadcrumbs","enabled":false}],"0c98504e4c2d1a3f96c5934ef1589743":"","hero_vertical_alignment":"center","hero_structure":"narrow","breadcrumbsFont":{"family":"Default","variation":"n6","size":"12px","line-height":"CT_CSS_SKIP_RULE","letter-spacing":"CT_CSS_SKIP_RULE","text-transform":"uppercase","text-decoration":"CT_CSS_SKIP_RULE"},"breadcrumbsFontColor":{"default":{"color":"CT_CSS_SKIP_RULEDEFAULT"},"initial":{"color":"CT_CSS_SKIP_RULEDEFAULT"},"hover":{"color":"CT_CSS_SKIP_RULEDEFAULT"}},"5b8699c14d9617af2381ba28c7f213c1":"","content_style":"inherit","vertical_spacing_source":"custom","content_area_spacing":"none","background":{"background_type":"color","background_pattern":"type-1","background_image":{"attachment_id":null,"x":0,"y":0},"background_repeat":"no-repeat","background_size":"auto","background_attachment":"scroll","patternColor":{"default":{"color":"#e5e7ea"}},"backgroundColor":{"default":{"color":"CT_CSS_SKIP_RULE"}}},"content_background":{"background_type":"color","background_pattern":"type-1","background_image":{"attachment_id":null,"x":0,"y":0},"background_repeat":"no-repeat","background_size":"auto","background_attachment":"scroll","patternColor":{"default":{"color":"#e5e7ea"}},"backgroundColor":{"default":{"color":"#ffffff"}}},"content_boxed_spacing":{"desktop":"40px","tablet":"35px","mobile":"20px"},"content_boxed_radius":{"top":"3px","bottom":"3px","left":"3px","right":"3px","linked":true},"content_boxed_shadow":{"blur":18,"spread":-6,"v_offset":12,"h_offset":0,"inset":false,"enable":true,"color":{"color":"rgba(34, 56, 101, 0.04)"}},"f995a9d2ca1d84f5acf3f2d9e480804c":"","7059d2bcae5432d18d80de45fe97eafe":"","b6b310332787d3d9bd246d564b568a5b":"","2d79010eccdd92552c4357c6711260b3":"","72c3d7dc8873036f99db2ef59ff4f36e":"","styles_descriptor":{"styles":{"desktop":"","tablet":"","mobile":""},"google_fonts":[],"version":6}},"yoast_head":"<!-- This site is optimized with the Yoast SEO plugin v27.3 - https:\/\/yoast.com\/product\/yoast-seo-wordpress\/ -->\n<title>Produkcja indywidualna - svpchem.eu<\/title>\n<meta name=\"robots\" content=\"index, follow, max-snippet:-1, max-image-preview:large, max-video-preview:-1\" \/>\n<link rel=\"canonical\" href=\"https:\/\/svpchem.eu\/pl\/produkcja-indywidualna\/\" \/>\n<meta property=\"og:locale\" content=\"pl_PL\" \/>\n<meta property=\"og:type\" content=\"article\" \/>\n<meta property=\"og:title\" content=\"Produkcja indywidualna - svpchem.eu\" \/>\n<meta property=\"og:description\" content=\"Velturpis nunc eget lorem dolor sedviverra ipsum malesuada fames ac turpis egestas maecenas pharetra amet facilisis magna etiam tempor.\" \/>\n<meta property=\"og:url\" content=\"https:\/\/svpchem.eu\/pl\/produkcja-indywidualna\/\" \/>\n<meta property=\"og:site_name\" content=\"svpchem.eu\" \/>\n<meta property=\"article:modified_time\" content=\"2026-03-03T21:12:17+00:00\" \/>\n<meta property=\"og:image\" content=\"https:\/\/svpchem.eu\/wp-content\/uploads\/2026\/02\/Aerosol-filling-line-4-edited.jpg\" \/>\n\t<meta property=\"og:image:width\" content=\"575\" \/>\n\t<meta property=\"og:image:height\" content=\"323\" \/>\n\t<meta property=\"og:image:type\" content=\"image\/jpeg\" \/>\n<meta name=\"twitter:card\" content=\"summary_large_image\" \/>\n<meta name=\"twitter:label1\" content=\"Szacowany czas czytania\" \/>\n\t<meta name=\"twitter:data1\" content=\"1 minuta\" \/>\n<script type=\"application\/ld+json\" class=\"yoast-schema-graph\">{\"@context\":\"https:\\\/\\\/schema.org\",\"@graph\":[{\"@type\":\"WebPage\",\"@id\":\"https:\\\/\\\/svpchem.eu\\\/pl\\\/produkcja-indywidualna\\\/\",\"url\":\"https:\\\/\\\/svpchem.eu\\\/pl\\\/produkcja-indywidualna\\\/\",\"name\":\"Produkcja indywidualna - svpchem.eu\",\"isPartOf\":{\"@id\":\"https:\\\/\\\/svpchem.eu\\\/pl\\\/#website\"},\"primaryImageOfPage\":{\"@id\":\"https:\\\/\\\/svpchem.eu\\\/pl\\\/produkcja-indywidualna\\\/#primaryimage\"},\"image\":{\"@id\":\"https:\\\/\\\/svpchem.eu\\\/pl\\\/produkcja-indywidualna\\\/#primaryimage\"},\"thumbnailUrl\":\"https:\\\/\\\/svpchem.eu\\\/wp-content\\\/uploads\\\/2026\\\/02\\\/Aerosol-filling-line-4-edited.jpg\",\"datePublished\":\"2026-02-02T19:34:40+00:00\",\"dateModified\":\"2026-03-03T21:12:17+00:00\",\"breadcrumb\":{\"@id\":\"https:\\\/\\\/svpchem.eu\\\/pl\\\/produkcja-indywidualna\\\/#breadcrumb\"},\"inLanguage\":\"pl-PL\",\"potentialAction\":[{\"@type\":\"ReadAction\",\"target\":[\"https:\\\/\\\/svpchem.eu\\\/pl\\\/produkcja-indywidualna\\\/\"]}]},{\"@type\":\"ImageObject\",\"inLanguage\":\"pl-PL\",\"@id\":\"https:\\\/\\\/svpchem.eu\\\/pl\\\/produkcja-indywidualna\\\/#primaryimage\",\"url\":\"https:\\\/\\\/svpchem.eu\\\/wp-content\\\/uploads\\\/2026\\\/02\\\/Aerosol-filling-line-4-edited.jpg\",\"contentUrl\":\"https:\\\/\\\/svpchem.eu\\\/wp-content\\\/uploads\\\/2026\\\/02\\\/Aerosol-filling-line-4-edited.jpg\"},{\"@type\":\"BreadcrumbList\",\"@id\":\"https:\\\/\\\/svpchem.eu\\\/pl\\\/produkcja-indywidualna\\\/#breadcrumb\",\"itemListElement\":[{\"@type\":\"ListItem\",\"position\":1,\"name\":\"Strona g\u0142\u00f3wna\",\"item\":\"https:\\\/\\\/svpchem.eu\\\/pl\\\/o-nas\\\/\"},{\"@type\":\"ListItem\",\"position\":2,\"name\":\"Produkcja indywidualna\"}]},{\"@type\":\"WebSite\",\"@id\":\"https:\\\/\\\/svpchem.eu\\\/pl\\\/#website\",\"url\":\"https:\\\/\\\/svpchem.eu\\\/pl\\\/\",\"name\":\"svpchem.eu\",\"description\":\"\",\"publisher\":{\"@id\":\"https:\\\/\\\/svpchem.eu\\\/pl\\\/#organization\"},\"potentialAction\":[{\"@type\":\"SearchAction\",\"target\":{\"@type\":\"EntryPoint\",\"urlTemplate\":\"https:\\\/\\\/svpchem.eu\\\/pl\\\/?s={search_term_string}\"},\"query-input\":{\"@type\":\"PropertyValueSpecification\",\"valueRequired\":true,\"valueName\":\"search_term_string\"}}],\"inLanguage\":\"pl-PL\"},{\"@type\":\"Organization\",\"@id\":\"https:\\\/\\\/svpchem.eu\\\/pl\\\/#organization\",\"name\":\"svpchem.eu\",\"url\":\"https:\\\/\\\/svpchem.eu\\\/pl\\\/\",\"logo\":{\"@type\":\"ImageObject\",\"inLanguage\":\"pl-PL\",\"@id\":\"https:\\\/\\\/svpchem.eu\\\/pl\\\/#\\\/schema\\\/logo\\\/image\\\/\",\"url\":\"https:\\\/\\\/svpchem.eu\\\/wp-content\\\/uploads\\\/2025\\\/12\\\/logo_cropped_no_bg_20251217-1.png\",\"contentUrl\":\"https:\\\/\\\/svpchem.eu\\\/wp-content\\\/uploads\\\/2025\\\/12\\\/logo_cropped_no_bg_20251217-1.png\",\"width\":851,\"height\":430,\"caption\":\"svpchem.eu\"},\"image\":{\"@id\":\"https:\\\/\\\/svpchem.eu\\\/pl\\\/#\\\/schema\\\/logo\\\/image\\\/\"}}]}<\/script>\n<!-- \/ Yoast SEO plugin. -->","yoast_head_json":{"title":"Produkcja indywidualna - svpchem.eu","robots":{"index":"index","follow":"follow","max-snippet":"max-snippet:-1","max-image-preview":"max-image-preview:large","max-video-preview":"max-video-preview:-1"},"canonical":"https:\/\/svpchem.eu\/pl\/produkcja-indywidualna\/","og_locale":"pl_PL","og_type":"article","og_title":"Produkcja indywidualna - svpchem.eu","og_description":"Velturpis nunc eget lorem dolor sedviverra ipsum malesuada fames ac turpis egestas maecenas pharetra amet facilisis magna etiam tempor.","og_url":"https:\/\/svpchem.eu\/pl\/produkcja-indywidualna\/","og_site_name":"svpchem.eu","article_modified_time":"2026-03-03T21:12:17+00:00","og_image":[{"width":575,"height":323,"url":"https:\/\/svpchem.eu\/wp-content\/uploads\/2026\/02\/Aerosol-filling-line-4-edited.jpg","type":"image\/jpeg"}],"twitter_card":"summary_large_image","twitter_misc":{"Szacowany czas czytania":"1 minuta"},"schema":{"@context":"https:\/\/schema.org","@graph":[{"@type":"WebPage","@id":"https:\/\/svpchem.eu\/pl\/produkcja-indywidualna\/","url":"https:\/\/svpchem.eu\/pl\/produkcja-indywidualna\/","name":"Produkcja indywidualna - svpchem.eu","isPartOf":{"@id":"https:\/\/svpchem.eu\/pl\/#website"},"primaryImageOfPage":{"@id":"https:\/\/svpchem.eu\/pl\/produkcja-indywidualna\/#primaryimage"},"image":{"@id":"https:\/\/svpchem.eu\/pl\/produkcja-indywidualna\/#primaryimage"},"thumbnailUrl":"https:\/\/svpchem.eu\/wp-content\/uploads\/2026\/02\/Aerosol-filling-line-4-edited.jpg","datePublished":"2026-02-02T19:34:40+00:00","dateModified":"2026-03-03T21:12:17+00:00","breadcrumb":{"@id":"https:\/\/svpchem.eu\/pl\/produkcja-indywidualna\/#breadcrumb"},"inLanguage":"pl-PL","potentialAction":[{"@type":"ReadAction","target":["https:\/\/svpchem.eu\/pl\/produkcja-indywidualna\/"]}]},{"@type":"ImageObject","inLanguage":"pl-PL","@id":"https:\/\/svpchem.eu\/pl\/produkcja-indywidualna\/#primaryimage","url":"https:\/\/svpchem.eu\/wp-content\/uploads\/2026\/02\/Aerosol-filling-line-4-edited.jpg","contentUrl":"https:\/\/svpchem.eu\/wp-content\/uploads\/2026\/02\/Aerosol-filling-line-4-edited.jpg"},{"@type":"BreadcrumbList","@id":"https:\/\/svpchem.eu\/pl\/produkcja-indywidualna\/#breadcrumb","itemListElement":[{"@type":"ListItem","position":1,"name":"Strona g\u0142\u00f3wna","item":"https:\/\/svpchem.eu\/pl\/o-nas\/"},{"@type":"ListItem","position":2,"name":"Produkcja indywidualna"}]},{"@type":"WebSite","@id":"https:\/\/svpchem.eu\/pl\/#website","url":"https:\/\/svpchem.eu\/pl\/","name":"svpchem.eu","description":"","publisher":{"@id":"https:\/\/svpchem.eu\/pl\/#organization"},"potentialAction":[{"@type":"SearchAction","target":{"@type":"EntryPoint","urlTemplate":"https:\/\/svpchem.eu\/pl\/?s={search_term_string}"},"query-input":{"@type":"PropertyValueSpecification","valueRequired":true,"valueName":"search_term_string"}}],"inLanguage":"pl-PL"},{"@type":"Organization","@id":"https:\/\/svpchem.eu\/pl\/#organization","name":"svpchem.eu","url":"https:\/\/svpchem.eu\/pl\/","logo":{"@type":"ImageObject","inLanguage":"pl-PL","@id":"https:\/\/svpchem.eu\/pl\/#\/schema\/logo\/image\/","url":"https:\/\/svpchem.eu\/wp-content\/uploads\/2025\/12\/logo_cropped_no_bg_20251217-1.png","contentUrl":"https:\/\/svpchem.eu\/wp-content\/uploads\/2025\/12\/logo_cropped_no_bg_20251217-1.png","width":851,"height":430,"caption":"svpchem.eu"},"image":{"@id":"https:\/\/svpchem.eu\/pl\/#\/schema\/logo\/image\/"}}]}},"_hostinger_reach_plugin_has_subscription_block":false,"_hostinger_reach_plugin_is_elementor":false,"_links":{"self":[{"href":"https:\/\/svpchem.eu\/pl\/wp-json\/wp\/v2\/pages\/2714","targetHints":{"allow":["GET"]}}],"collection":[{"href":"https:\/\/svpchem.eu\/pl\/wp-json\/wp\/v2\/pages"}],"about":[{"href":"https:\/\/svpchem.eu\/pl\/wp-json\/wp\/v2\/types\/page"}],"author":[{"embeddable":true,"href":"https:\/\/svpchem.eu\/pl\/wp-json\/wp\/v2\/users\/1"}],"replies":[{"embeddable":true,"href":"https:\/\/svpchem.eu\/pl\/wp-json\/wp\/v2\/comments?post=2714"}],"version-history":[{"count":11,"href":"https:\/\/svpchem.eu\/pl\/wp-json\/wp\/v2\/pages\/2714\/revisions"}],"predecessor-version":[{"id":3412,"href":"https:\/\/svpchem.eu\/pl\/wp-json\/wp\/v2\/pages\/2714\/revisions\/3412"}],"wp:attachment":[{"href":"https:\/\/svpchem.eu\/pl\/wp-json\/wp\/v2\/media?parent=2714"}],"curies":[{"name":"wp","href":"https:\/\/api.w.org\/{rel}","templated":true}]}}