{"id":2210,"date":"2025-12-19T13:31:55","date_gmt":"2025-12-19T13:31:55","guid":{"rendered":"https:\/\/svpchem.eu\/produktas\/farby-fluorescencyjne-w-aerozolu-svp-feesto-rozne-kolory\/"},"modified":"2026-04-10T09:59:05","modified_gmt":"2026-04-10T09:59:05","slug":"farby-fluorescencyjne-w-aerozolu-svp-feesto-rozne-kolory","status":"publish","type":"product","link":"https:\/\/svpchem.eu\/pl\/produktas\/farby-fluorescencyjne-w-aerozolu-svp-feesto-rozne-kolory\/","title":{"rendered":"Farby fluorescencyjne w aerozolu SVP Feesto, r\u00f3\u017cne kolory"},"content":{"rendered":"<p>Dost\u0119pne kolory:<\/p>\n<p>\u25b8 Pomara\u0144czowy<br \/>\n\u25b8 \u017b\u00f3\u0142ty<\/p>\n","protected":false},"excerpt":{"rendered":"<p><strong>Opis:<br \/>\n<\/strong><br \/>\n Niezwykle jasny tusz o kolorach widocznych nawet przy s\u0142abym o\u015bwietleniu. Do oznacze\u0144 bezpiecze\u0144stwa, a tak\u017ce do projekt\u00f3w dekoracyjnych lub artystycznych. <\/p>\n<p><strong>Kluczowe cechy:<br \/>\n<\/strong><br \/>\n &#8211; Intensywne, \u015bwietliste kolory.<br \/>\n&#8211; Aktywowany promieniami UV, widoczny w ciemno\u015bci.<br \/>\n&#8211; Szybkoschn\u0105cy i \u0142atwy do rozpylania.<br \/>\n&#8211; Odporny na czynniki \u015brodowiskowe.<\/p>\n<p><strong>Spos\u00f3b u\u017cycia:<br \/>\n<\/strong><br \/>\n Stosowa\u0107 na czyste, zagruntowane powierzchnie. Rozpyla\u0107 z odleg\u0142o\u015bci 25 cm cienkimi warstwami. Aby uzyska\u0107 ja\u015bniejszy efekt, zaleca si\u0119 u\u017cycie bia\u0142ej bazy.<br \/>\n<strong><br \/>\nZalety:<br \/>\n<\/strong><br \/>\n &#8211; Dobra widoczno\u015b\u0107 w nocy lub w sytuacjach awaryjnych.<br \/>\n&#8211; Nadaje si\u0119 do samochod\u00f3w, rower\u00f3w, sprz\u0119tu sportowego, dekoracji.<br \/>\n&#8211; Trwa\u0142e &#8211; odporne na zu\u017cycie i blakni\u0119cie.<\/p>\n<p><strong>Informacje techniczne:<\/strong><\/p>\n<p>&#8211; Pojemno\u015b\u0107: 400 ml.<br \/>\n&#8211; Czas schni\u0119cia: ~15 min.<br \/>\n&#8211; Zaleca si\u0119 na\u0142o\u017cenie lakieru ochronnego w celu d\u0142u\u017cszego utrzymania efektu.<\/p>\n","protected":false},"featured_media":2215,"template":"","meta":[],"product_brand":[],"product_cat":[160],"product_tag":[],"class_list":{"0":"post-2210","1":"product","2":"type-product","3":"status-publish","4":"has-post-thumbnail","6":"product_cat-farby-fluorescencyjne-w-aerozolu","7":"pa_brand-svp","8":"pa_kiekis_dz-157","9":"pa_kiekis_pk-158","10":"pa_talpa-400-ml","12":"first","13":"instock","14":"shipping-taxable","15":"product-type-simple"},"yoast_head":"<!-- This site is optimized with the Yoast SEO plugin v27.3 - https:\/\/yoast.com\/product\/yoast-seo-wordpress\/ -->\n<title>Farby fluorescencyjne w aerozolu SVP Feesto, r\u00f3\u017cne kolory - svpchem.eu<\/title>\n<meta name=\"description\" content=\"Fluorescencyjne farby w aerozolu SVP FEESTO to jaskrawe farby w sprayu o intensywnym, \u015bwietlistym efekcie. Szybko schn\u0105, dobrze kryj\u0105 i nadaj\u0105 si\u0119 do dekoracji, znakowania i kreatywnych projekt\u00f3w.\" \/>\n<meta name=\"robots\" content=\"index, follow, max-snippet:-1, max-image-preview:large, max-video-preview:-1\" \/>\n<link rel=\"canonical\" href=\"https:\/\/svpchem.eu\/pl\/produktas\/farby-fluorescencyjne-w-aerozolu-svp-feesto-rozne-kolory\/\" \/>\n<meta property=\"og:locale\" content=\"pl_PL\" \/>\n<meta property=\"og:type\" content=\"article\" \/>\n<meta property=\"og:title\" content=\"Farby fluorescencyjne w aerozolu SVP Feesto, r\u00f3\u017cne kolory - svpchem.eu\" \/>\n<meta property=\"og:description\" content=\"Fluorescencyjne farby w aerozolu SVP FEESTO to jaskrawe farby w sprayu o intensywnym, \u015bwietlistym efekcie. Szybko schn\u0105, dobrze kryj\u0105 i nadaj\u0105 si\u0119 do dekoracji, znakowania i kreatywnych projekt\u00f3w.\" \/>\n<meta property=\"og:url\" content=\"https:\/\/svpchem.eu\/pl\/produktas\/farby-fluorescencyjne-w-aerozolu-svp-feesto-rozne-kolory\/\" \/>\n<meta property=\"og:site_name\" content=\"svpchem.eu\" \/>\n<meta property=\"article:modified_time\" content=\"2026-04-10T09:59:05+00:00\" \/>\n<meta property=\"og:image\" content=\"https:\/\/svpchem.eu\/wp-content\/uploads\/2025\/12\/SVP-Feesto-fluorescenciniai-dazai-oranzines-spalvos-Nr.-1006-N.jpg\" \/>\n\t<meta property=\"og:image:width\" content=\"1300\" \/>\n\t<meta property=\"og:image:height\" content=\"1300\" \/>\n\t<meta property=\"og:image:type\" content=\"image\/jpeg\" \/>\n<meta name=\"twitter:card\" content=\"summary_large_image\" \/>\n<script type=\"application\/ld+json\" class=\"yoast-schema-graph\">{\"@context\":\"https:\\\/\\\/schema.org\",\"@graph\":[{\"@type\":\"WebPage\",\"@id\":\"https:\\\/\\\/svpchem.eu\\\/pl\\\/produktas\\\/farby-fluorescencyjne-w-aerozolu-svp-feesto-rozne-kolory\\\/\",\"url\":\"https:\\\/\\\/svpchem.eu\\\/pl\\\/produktas\\\/farby-fluorescencyjne-w-aerozolu-svp-feesto-rozne-kolory\\\/\",\"name\":\"Farby fluorescencyjne w aerozolu SVP Feesto, r\u00f3\u017cne kolory - svpchem.eu\",\"isPartOf\":{\"@id\":\"https:\\\/\\\/svpchem.eu\\\/pl\\\/#website\"},\"primaryImageOfPage\":{\"@id\":\"https:\\\/\\\/svpchem.eu\\\/pl\\\/produktas\\\/farby-fluorescencyjne-w-aerozolu-svp-feesto-rozne-kolory\\\/#primaryimage\"},\"image\":{\"@id\":\"https:\\\/\\\/svpchem.eu\\\/pl\\\/produktas\\\/farby-fluorescencyjne-w-aerozolu-svp-feesto-rozne-kolory\\\/#primaryimage\"},\"thumbnailUrl\":\"https:\\\/\\\/svpchem.eu\\\/wp-content\\\/uploads\\\/2025\\\/12\\\/SVP-Feesto-fluorescenciniai-dazai-oranzines-spalvos-Nr.-1006-N.jpg\",\"datePublished\":\"2025-12-19T13:31:55+00:00\",\"dateModified\":\"2026-04-10T09:59:05+00:00\",\"description\":\"Fluorescencyjne farby w aerozolu SVP FEESTO to jaskrawe farby w sprayu o intensywnym, \u015bwietlistym efekcie. Szybko schn\u0105, dobrze kryj\u0105 i nadaj\u0105 si\u0119 do dekoracji, znakowania i kreatywnych projekt\u00f3w.\",\"breadcrumb\":{\"@id\":\"https:\\\/\\\/svpchem.eu\\\/pl\\\/produktas\\\/farby-fluorescencyjne-w-aerozolu-svp-feesto-rozne-kolory\\\/#breadcrumb\"},\"inLanguage\":\"pl-PL\",\"potentialAction\":[{\"@type\":\"ReadAction\",\"target\":[\"https:\\\/\\\/svpchem.eu\\\/pl\\\/produktas\\\/farby-fluorescencyjne-w-aerozolu-svp-feesto-rozne-kolory\\\/\"]}]},{\"@type\":\"ImageObject\",\"inLanguage\":\"pl-PL\",\"@id\":\"https:\\\/\\\/svpchem.eu\\\/pl\\\/produktas\\\/farby-fluorescencyjne-w-aerozolu-svp-feesto-rozne-kolory\\\/#primaryimage\",\"url\":\"https:\\\/\\\/svpchem.eu\\\/wp-content\\\/uploads\\\/2025\\\/12\\\/SVP-Feesto-fluorescenciniai-dazai-oranzines-spalvos-Nr.-1006-N.jpg\",\"contentUrl\":\"https:\\\/\\\/svpchem.eu\\\/wp-content\\\/uploads\\\/2025\\\/12\\\/SVP-Feesto-fluorescenciniai-dazai-oranzines-spalvos-Nr.-1006-N.jpg\",\"width\":1300,\"height\":1300},{\"@type\":\"BreadcrumbList\",\"@id\":\"https:\\\/\\\/svpchem.eu\\\/pl\\\/produktas\\\/farby-fluorescencyjne-w-aerozolu-svp-feesto-rozne-kolory\\\/#breadcrumb\",\"itemListElement\":[{\"@type\":\"ListItem\",\"position\":1,\"name\":\"Strona g\u0142\u00f3wna\",\"item\":\"https:\\\/\\\/svpchem.eu\\\/pl\\\/o-nas\\\/\"},{\"@type\":\"ListItem\",\"position\":2,\"name\":\"Sklep\",\"item\":\"https:\\\/\\\/svpchem.eu\\\/pl\\\/sklep\\\/\"},{\"@type\":\"ListItem\",\"position\":3,\"name\":\"Farby fluorescencyjne w aerozolu SVP Feesto, r\u00f3\u017cne kolory\"}]},{\"@type\":\"WebSite\",\"@id\":\"https:\\\/\\\/svpchem.eu\\\/pl\\\/#website\",\"url\":\"https:\\\/\\\/svpchem.eu\\\/pl\\\/\",\"name\":\"svpchem.eu\",\"description\":\"\",\"publisher\":{\"@id\":\"https:\\\/\\\/svpchem.eu\\\/pl\\\/#organization\"},\"potentialAction\":[{\"@type\":\"SearchAction\",\"target\":{\"@type\":\"EntryPoint\",\"urlTemplate\":\"https:\\\/\\\/svpchem.eu\\\/pl\\\/?s={search_term_string}\"},\"query-input\":{\"@type\":\"PropertyValueSpecification\",\"valueRequired\":true,\"valueName\":\"search_term_string\"}}],\"inLanguage\":\"pl-PL\"},{\"@type\":\"Organization\",\"@id\":\"https:\\\/\\\/svpchem.eu\\\/pl\\\/#organization\",\"name\":\"svpchem.eu\",\"url\":\"https:\\\/\\\/svpchem.eu\\\/pl\\\/\",\"logo\":{\"@type\":\"ImageObject\",\"inLanguage\":\"pl-PL\",\"@id\":\"https:\\\/\\\/svpchem.eu\\\/pl\\\/#\\\/schema\\\/logo\\\/image\\\/\",\"url\":\"https:\\\/\\\/svpchem.eu\\\/wp-content\\\/uploads\\\/2025\\\/12\\\/logo_cropped_no_bg_20251217-1.png\",\"contentUrl\":\"https:\\\/\\\/svpchem.eu\\\/wp-content\\\/uploads\\\/2025\\\/12\\\/logo_cropped_no_bg_20251217-1.png\",\"width\":851,\"height\":430,\"caption\":\"svpchem.eu\"},\"image\":{\"@id\":\"https:\\\/\\\/svpchem.eu\\\/pl\\\/#\\\/schema\\\/logo\\\/image\\\/\"}}]}<\/script>\n<!-- \/ Yoast SEO plugin. -->","yoast_head_json":{"title":"Farby fluorescencyjne w aerozolu SVP Feesto, r\u00f3\u017cne kolory - svpchem.eu","description":"Fluorescencyjne farby w aerozolu SVP FEESTO to jaskrawe farby w sprayu o intensywnym, \u015bwietlistym efekcie. Szybko schn\u0105, dobrze kryj\u0105 i nadaj\u0105 si\u0119 do dekoracji, znakowania i kreatywnych projekt\u00f3w.","robots":{"index":"index","follow":"follow","max-snippet":"max-snippet:-1","max-image-preview":"max-image-preview:large","max-video-preview":"max-video-preview:-1"},"canonical":"https:\/\/svpchem.eu\/pl\/produktas\/farby-fluorescencyjne-w-aerozolu-svp-feesto-rozne-kolory\/","og_locale":"pl_PL","og_type":"article","og_title":"Farby fluorescencyjne w aerozolu SVP Feesto, r\u00f3\u017cne kolory - svpchem.eu","og_description":"Fluorescencyjne farby w aerozolu SVP FEESTO to jaskrawe farby w sprayu o intensywnym, \u015bwietlistym efekcie. Szybko schn\u0105, dobrze kryj\u0105 i nadaj\u0105 si\u0119 do dekoracji, znakowania i kreatywnych projekt\u00f3w.","og_url":"https:\/\/svpchem.eu\/pl\/produktas\/farby-fluorescencyjne-w-aerozolu-svp-feesto-rozne-kolory\/","og_site_name":"svpchem.eu","article_modified_time":"2026-04-10T09:59:05+00:00","og_image":[{"width":1300,"height":1300,"url":"https:\/\/svpchem.eu\/wp-content\/uploads\/2025\/12\/SVP-Feesto-fluorescenciniai-dazai-oranzines-spalvos-Nr.-1006-N.jpg","type":"image\/jpeg"}],"twitter_card":"summary_large_image","schema":{"@context":"https:\/\/schema.org","@graph":[{"@type":"WebPage","@id":"https:\/\/svpchem.eu\/pl\/produktas\/farby-fluorescencyjne-w-aerozolu-svp-feesto-rozne-kolory\/","url":"https:\/\/svpchem.eu\/pl\/produktas\/farby-fluorescencyjne-w-aerozolu-svp-feesto-rozne-kolory\/","name":"Farby fluorescencyjne w aerozolu SVP Feesto, r\u00f3\u017cne kolory - svpchem.eu","isPartOf":{"@id":"https:\/\/svpchem.eu\/pl\/#website"},"primaryImageOfPage":{"@id":"https:\/\/svpchem.eu\/pl\/produktas\/farby-fluorescencyjne-w-aerozolu-svp-feesto-rozne-kolory\/#primaryimage"},"image":{"@id":"https:\/\/svpchem.eu\/pl\/produktas\/farby-fluorescencyjne-w-aerozolu-svp-feesto-rozne-kolory\/#primaryimage"},"thumbnailUrl":"https:\/\/svpchem.eu\/wp-content\/uploads\/2025\/12\/SVP-Feesto-fluorescenciniai-dazai-oranzines-spalvos-Nr.-1006-N.jpg","datePublished":"2025-12-19T13:31:55+00:00","dateModified":"2026-04-10T09:59:05+00:00","description":"Fluorescencyjne farby w aerozolu SVP FEESTO to jaskrawe farby w sprayu o intensywnym, \u015bwietlistym efekcie. Szybko schn\u0105, dobrze kryj\u0105 i nadaj\u0105 si\u0119 do dekoracji, znakowania i kreatywnych projekt\u00f3w.","breadcrumb":{"@id":"https:\/\/svpchem.eu\/pl\/produktas\/farby-fluorescencyjne-w-aerozolu-svp-feesto-rozne-kolory\/#breadcrumb"},"inLanguage":"pl-PL","potentialAction":[{"@type":"ReadAction","target":["https:\/\/svpchem.eu\/pl\/produktas\/farby-fluorescencyjne-w-aerozolu-svp-feesto-rozne-kolory\/"]}]},{"@type":"ImageObject","inLanguage":"pl-PL","@id":"https:\/\/svpchem.eu\/pl\/produktas\/farby-fluorescencyjne-w-aerozolu-svp-feesto-rozne-kolory\/#primaryimage","url":"https:\/\/svpchem.eu\/wp-content\/uploads\/2025\/12\/SVP-Feesto-fluorescenciniai-dazai-oranzines-spalvos-Nr.-1006-N.jpg","contentUrl":"https:\/\/svpchem.eu\/wp-content\/uploads\/2025\/12\/SVP-Feesto-fluorescenciniai-dazai-oranzines-spalvos-Nr.-1006-N.jpg","width":1300,"height":1300},{"@type":"BreadcrumbList","@id":"https:\/\/svpchem.eu\/pl\/produktas\/farby-fluorescencyjne-w-aerozolu-svp-feesto-rozne-kolory\/#breadcrumb","itemListElement":[{"@type":"ListItem","position":1,"name":"Strona g\u0142\u00f3wna","item":"https:\/\/svpchem.eu\/pl\/o-nas\/"},{"@type":"ListItem","position":2,"name":"Sklep","item":"https:\/\/svpchem.eu\/pl\/sklep\/"},{"@type":"ListItem","position":3,"name":"Farby fluorescencyjne w aerozolu SVP Feesto, r\u00f3\u017cne kolory"}]},{"@type":"WebSite","@id":"https:\/\/svpchem.eu\/pl\/#website","url":"https:\/\/svpchem.eu\/pl\/","name":"svpchem.eu","description":"","publisher":{"@id":"https:\/\/svpchem.eu\/pl\/#organization"},"potentialAction":[{"@type":"SearchAction","target":{"@type":"EntryPoint","urlTemplate":"https:\/\/svpchem.eu\/pl\/?s={search_term_string}"},"query-input":{"@type":"PropertyValueSpecification","valueRequired":true,"valueName":"search_term_string"}}],"inLanguage":"pl-PL"},{"@type":"Organization","@id":"https:\/\/svpchem.eu\/pl\/#organization","name":"svpchem.eu","url":"https:\/\/svpchem.eu\/pl\/","logo":{"@type":"ImageObject","inLanguage":"pl-PL","@id":"https:\/\/svpchem.eu\/pl\/#\/schema\/logo\/image\/","url":"https:\/\/svpchem.eu\/wp-content\/uploads\/2025\/12\/logo_cropped_no_bg_20251217-1.png","contentUrl":"https:\/\/svpchem.eu\/wp-content\/uploads\/2025\/12\/logo_cropped_no_bg_20251217-1.png","width":851,"height":430,"caption":"svpchem.eu"},"image":{"@id":"https:\/\/svpchem.eu\/pl\/#\/schema\/logo\/image\/"}}]}},"_links":{"self":[{"href":"https:\/\/svpchem.eu\/pl\/wp-json\/wp\/v2\/product\/2210","targetHints":{"allow":["GET"]}}],"collection":[{"href":"https:\/\/svpchem.eu\/pl\/wp-json\/wp\/v2\/product"}],"about":[{"href":"https:\/\/svpchem.eu\/pl\/wp-json\/wp\/v2\/types\/product"}],"wp:featuredmedia":[{"embeddable":true,"href":"https:\/\/svpchem.eu\/pl\/wp-json\/wp\/v2\/media\/2215"}],"wp:attachment":[{"href":"https:\/\/svpchem.eu\/pl\/wp-json\/wp\/v2\/media?parent=2210"}],"wp:term":[{"taxonomy":"product_brand","embeddable":true,"href":"https:\/\/svpchem.eu\/pl\/wp-json\/wp\/v2\/product_brand?post=2210"},{"taxonomy":"product_cat","embeddable":true,"href":"https:\/\/svpchem.eu\/pl\/wp-json\/wp\/v2\/product_cat?post=2210"},{"taxonomy":"product_tag","embeddable":true,"href":"https:\/\/svpchem.eu\/pl\/wp-json\/wp\/v2\/product_tag?post=2210"}],"curies":[{"name":"wp","href":"https:\/\/api.w.org\/{rel}","templated":true}]}}