{"id":2253,"date":"2025-12-19T13:31:55","date_gmt":"2025-12-19T13:31:55","guid":{"rendered":"https:\/\/svpchem.eu\/produktas\/svp-feesto-farba-w-aerozolu-z-efektem-chromu\/"},"modified":"2026-04-10T09:59:05","modified_gmt":"2026-04-10T09:59:05","slug":"svp-feesto-farba-w-aerozolu-z-efektem-chromu","status":"publish","type":"product","link":"https:\/\/svpchem.eu\/pl\/produktas\/svp-feesto-farba-w-aerozolu-z-efektem-chromu\/","title":{"rendered":"SVP Feesto farba w aerozolu z efektem chromu"},"content":{"rendered":"<p>Dost\u0119pne kolory:<\/p>\n<p>\u25b8 Efekt chromowanego z\u0142ota 18K<br \/>\n\u25b8 Efekt chromu<\/p>\n","protected":false},"excerpt":{"rendered":"<p><strong>Opis:<\/strong><\/p>\n<p>Specjalnie opracowana pow\u0142oka na bazie akrylu zaprojektowana w celu uzyskania wysokiego stopnia odbicia lustrzanego. Produkt ten stanowi szybk\u0105 i ekonomiczn\u0105 alternatyw\u0119 dla skomplikowanych proces\u00f3w galwanicznych wykorzystuj\u0105cych ultradrobne, polerowane pigmenty aluminiowe. <\/p>\n<p><strong>Kluczowe cechy:<br \/>\n<\/strong><br \/>\n &#8211; Efekt lustra &#8211; tworzy silne odbicie przypominaj\u0105ce chrom.<br \/>\n&#8211; Orientacja pigmentu &#8211; cz\u0105steczki aluminium s\u0105 prawie ca\u0142kowicie poziome podczas suszenia, co zapewnia maksymalne odbicie \u015bwiat\u0142a.<br \/>\n&#8211; Ekonomiczna alternatywa &#8211; szybki spos\u00f3b na przywr\u00f3cenie po\u0142ysku chromu bez galwanizacji.<br \/>\n&#8211; Uniwersalne zastosowanie &#8211; nadaje si\u0119 do metali, tworzyw sztucznych, drewna i innych cz\u0119\u015bci.<\/p>\n<p><strong>Zastosowanie:<\/strong><\/p>\n<p>Rozpyla\u0107 na czyst\u0105, such\u0105 powierzchni\u0119. Aby uzyska\u0107 najlepsze rezultaty, maluj na czarnej, ultra g\u0142adkiej, b\u0142yszcz\u0105cej bazie podk\u0142adowej. <\/p>\n<p><strong>Korzy\u015bci:<\/strong><\/p>\n<p>&#8211; Szybkie rezultaty &#8211; nie wymaga specjalnego sprz\u0119tu ani demonta\u017cu.<br \/>\n&#8211; Wysoki poziom odbicia \u015bwiat\u0142a &#8211; wystarczaj\u0105cy do uzyskania dekoracyjnego efektu lustra.<br \/>\n&#8211; Nadaje si\u0119 do renowacji felg lub wyko\u0144cze\u0144.<\/p>\n<p><strong>Informacje techniczne:<\/strong><\/p>\n<p>&#8211; Pojemno\u015b\u0107: 400 ml<br \/>\n&#8211; Baza: akrylowy lakier bazowy.<br \/>\n&#8211; Element efektowy: ultradrobne pigmenty aluminiowe.<br \/>\n&#8211; Trwa\u0142o\u015b\u0107: pow\u0142oka dekoracyjna, nie zaleca si\u0119 lakierowania w celu zachowania efektu lustra.<br \/>\n&#8211; Ostrze\u017cenie: w przypadku stosowania z lakierem bezbarwnym po\u0142ysk lustra jest zmniejszony.<\/p>\n","protected":false},"featured_media":2258,"template":"","meta":[],"product_brand":[],"product_cat":[179],"product_tag":[],"class_list":{"0":"post-2253","1":"product","2":"type-product","3":"status-publish","4":"has-post-thumbnail","6":"product_cat-farby-w-aerozolu-z-efektem-chromu","7":"pa_brand-svp","8":"pa_kiekis_dz-157","9":"pa_kiekis_pk-158","10":"pa_talpa-400-ml","12":"first","13":"instock","14":"shipping-taxable","15":"product-type-simple"},"yoast_head":"<!-- This site is optimized with the Yoast SEO plugin v27.3 - https:\/\/yoast.com\/product\/yoast-seo-wordpress\/ -->\n<title>SVP Feesto farba w aerozolu z efektem chromu - svpchem.eu<\/title>\n<meta name=\"description\" content=\"Farba z efektem chromu w aerozolu SVP FEESTO to dekoracyjna farba w sprayu, kt\u00f3ra zapewnia b\u0142yszcz\u0105c\u0105, metaliczn\u0105 imitacj\u0119 powierzchni. Idealna do metalu, plastiku i innych powierzchni, szybko schnie i tworzy charakterystyczny efekt chromu.\" \/>\n<meta name=\"robots\" content=\"index, follow, max-snippet:-1, max-image-preview:large, max-video-preview:-1\" \/>\n<link rel=\"canonical\" href=\"https:\/\/svpchem.eu\/pl\/produktas\/svp-feesto-farba-w-aerozolu-z-efektem-chromu\/\" \/>\n<meta property=\"og:locale\" content=\"pl_PL\" \/>\n<meta property=\"og:type\" content=\"article\" \/>\n<meta property=\"og:title\" content=\"SVP Feesto farba w aerozolu z efektem chromu - svpchem.eu\" \/>\n<meta property=\"og:description\" content=\"Farba z efektem chromu w aerozolu SVP FEESTO to dekoracyjna farba w sprayu, kt\u00f3ra zapewnia b\u0142yszcz\u0105c\u0105, metaliczn\u0105 imitacj\u0119 powierzchni. Idealna do metalu, plastiku i innych powierzchni, szybko schnie i tworzy charakterystyczny efekt chromu.\" \/>\n<meta property=\"og:url\" content=\"https:\/\/svpchem.eu\/pl\/produktas\/svp-feesto-farba-w-aerozolu-z-efektem-chromu\/\" \/>\n<meta property=\"og:site_name\" content=\"svpchem.eu\" \/>\n<meta property=\"article:modified_time\" content=\"2026-04-10T09:59:05+00:00\" \/>\n<meta property=\"og:image\" content=\"https:\/\/svpchem.eu\/wp-content\/uploads\/2025\/12\/SVP-Feesto-chromo-efektas-N.jpg\" \/>\n\t<meta property=\"og:image:width\" content=\"1300\" \/>\n\t<meta property=\"og:image:height\" content=\"1300\" \/>\n\t<meta property=\"og:image:type\" content=\"image\/jpeg\" \/>\n<meta name=\"twitter:card\" content=\"summary_large_image\" \/>\n<script type=\"application\/ld+json\" class=\"yoast-schema-graph\">{\"@context\":\"https:\\\/\\\/schema.org\",\"@graph\":[{\"@type\":\"WebPage\",\"@id\":\"https:\\\/\\\/svpchem.eu\\\/pl\\\/produktas\\\/svp-feesto-farba-w-aerozolu-z-efektem-chromu\\\/\",\"url\":\"https:\\\/\\\/svpchem.eu\\\/pl\\\/produktas\\\/svp-feesto-farba-w-aerozolu-z-efektem-chromu\\\/\",\"name\":\"SVP Feesto farba w aerozolu z efektem chromu - svpchem.eu\",\"isPartOf\":{\"@id\":\"https:\\\/\\\/svpchem.eu\\\/pl\\\/#website\"},\"primaryImageOfPage\":{\"@id\":\"https:\\\/\\\/svpchem.eu\\\/pl\\\/produktas\\\/svp-feesto-farba-w-aerozolu-z-efektem-chromu\\\/#primaryimage\"},\"image\":{\"@id\":\"https:\\\/\\\/svpchem.eu\\\/pl\\\/produktas\\\/svp-feesto-farba-w-aerozolu-z-efektem-chromu\\\/#primaryimage\"},\"thumbnailUrl\":\"https:\\\/\\\/svpchem.eu\\\/wp-content\\\/uploads\\\/2025\\\/12\\\/SVP-Feesto-chromo-efektas-N.jpg\",\"datePublished\":\"2025-12-19T13:31:55+00:00\",\"dateModified\":\"2026-04-10T09:59:05+00:00\",\"description\":\"Farba z efektem chromu w aerozolu SVP FEESTO to dekoracyjna farba w sprayu, kt\u00f3ra zapewnia b\u0142yszcz\u0105c\u0105, metaliczn\u0105 imitacj\u0119 powierzchni. Idealna do metalu, plastiku i innych powierzchni, szybko schnie i tworzy charakterystyczny efekt chromu.\",\"breadcrumb\":{\"@id\":\"https:\\\/\\\/svpchem.eu\\\/pl\\\/produktas\\\/svp-feesto-farba-w-aerozolu-z-efektem-chromu\\\/#breadcrumb\"},\"inLanguage\":\"pl-PL\",\"potentialAction\":[{\"@type\":\"ReadAction\",\"target\":[\"https:\\\/\\\/svpchem.eu\\\/pl\\\/produktas\\\/svp-feesto-farba-w-aerozolu-z-efektem-chromu\\\/\"]}]},{\"@type\":\"ImageObject\",\"inLanguage\":\"pl-PL\",\"@id\":\"https:\\\/\\\/svpchem.eu\\\/pl\\\/produktas\\\/svp-feesto-farba-w-aerozolu-z-efektem-chromu\\\/#primaryimage\",\"url\":\"https:\\\/\\\/svpchem.eu\\\/wp-content\\\/uploads\\\/2025\\\/12\\\/SVP-Feesto-chromo-efektas-N.jpg\",\"contentUrl\":\"https:\\\/\\\/svpchem.eu\\\/wp-content\\\/uploads\\\/2025\\\/12\\\/SVP-Feesto-chromo-efektas-N.jpg\",\"width\":1300,\"height\":1300},{\"@type\":\"BreadcrumbList\",\"@id\":\"https:\\\/\\\/svpchem.eu\\\/pl\\\/produktas\\\/svp-feesto-farba-w-aerozolu-z-efektem-chromu\\\/#breadcrumb\",\"itemListElement\":[{\"@type\":\"ListItem\",\"position\":1,\"name\":\"Strona g\u0142\u00f3wna\",\"item\":\"https:\\\/\\\/svpchem.eu\\\/pl\\\/o-nas\\\/\"},{\"@type\":\"ListItem\",\"position\":2,\"name\":\"Sklep\",\"item\":\"https:\\\/\\\/svpchem.eu\\\/pl\\\/sklep\\\/\"},{\"@type\":\"ListItem\",\"position\":3,\"name\":\"SVP Feesto farba w aerozolu z efektem chromu\"}]},{\"@type\":\"WebSite\",\"@id\":\"https:\\\/\\\/svpchem.eu\\\/pl\\\/#website\",\"url\":\"https:\\\/\\\/svpchem.eu\\\/pl\\\/\",\"name\":\"svpchem.eu\",\"description\":\"\",\"publisher\":{\"@id\":\"https:\\\/\\\/svpchem.eu\\\/pl\\\/#organization\"},\"potentialAction\":[{\"@type\":\"SearchAction\",\"target\":{\"@type\":\"EntryPoint\",\"urlTemplate\":\"https:\\\/\\\/svpchem.eu\\\/pl\\\/?s={search_term_string}\"},\"query-input\":{\"@type\":\"PropertyValueSpecification\",\"valueRequired\":true,\"valueName\":\"search_term_string\"}}],\"inLanguage\":\"pl-PL\"},{\"@type\":\"Organization\",\"@id\":\"https:\\\/\\\/svpchem.eu\\\/pl\\\/#organization\",\"name\":\"svpchem.eu\",\"url\":\"https:\\\/\\\/svpchem.eu\\\/pl\\\/\",\"logo\":{\"@type\":\"ImageObject\",\"inLanguage\":\"pl-PL\",\"@id\":\"https:\\\/\\\/svpchem.eu\\\/pl\\\/#\\\/schema\\\/logo\\\/image\\\/\",\"url\":\"https:\\\/\\\/svpchem.eu\\\/wp-content\\\/uploads\\\/2025\\\/12\\\/logo_cropped_no_bg_20251217-1.png\",\"contentUrl\":\"https:\\\/\\\/svpchem.eu\\\/wp-content\\\/uploads\\\/2025\\\/12\\\/logo_cropped_no_bg_20251217-1.png\",\"width\":851,\"height\":430,\"caption\":\"svpchem.eu\"},\"image\":{\"@id\":\"https:\\\/\\\/svpchem.eu\\\/pl\\\/#\\\/schema\\\/logo\\\/image\\\/\"}}]}<\/script>\n<!-- \/ Yoast SEO plugin. -->","yoast_head_json":{"title":"SVP Feesto farba w aerozolu z efektem chromu - svpchem.eu","description":"Farba z efektem chromu w aerozolu SVP FEESTO to dekoracyjna farba w sprayu, kt\u00f3ra zapewnia b\u0142yszcz\u0105c\u0105, metaliczn\u0105 imitacj\u0119 powierzchni. Idealna do metalu, plastiku i innych powierzchni, szybko schnie i tworzy charakterystyczny efekt chromu.","robots":{"index":"index","follow":"follow","max-snippet":"max-snippet:-1","max-image-preview":"max-image-preview:large","max-video-preview":"max-video-preview:-1"},"canonical":"https:\/\/svpchem.eu\/pl\/produktas\/svp-feesto-farba-w-aerozolu-z-efektem-chromu\/","og_locale":"pl_PL","og_type":"article","og_title":"SVP Feesto farba w aerozolu z efektem chromu - svpchem.eu","og_description":"Farba z efektem chromu w aerozolu SVP FEESTO to dekoracyjna farba w sprayu, kt\u00f3ra zapewnia b\u0142yszcz\u0105c\u0105, metaliczn\u0105 imitacj\u0119 powierzchni. Idealna do metalu, plastiku i innych powierzchni, szybko schnie i tworzy charakterystyczny efekt chromu.","og_url":"https:\/\/svpchem.eu\/pl\/produktas\/svp-feesto-farba-w-aerozolu-z-efektem-chromu\/","og_site_name":"svpchem.eu","article_modified_time":"2026-04-10T09:59:05+00:00","og_image":[{"width":1300,"height":1300,"url":"https:\/\/svpchem.eu\/wp-content\/uploads\/2025\/12\/SVP-Feesto-chromo-efektas-N.jpg","type":"image\/jpeg"}],"twitter_card":"summary_large_image","schema":{"@context":"https:\/\/schema.org","@graph":[{"@type":"WebPage","@id":"https:\/\/svpchem.eu\/pl\/produktas\/svp-feesto-farba-w-aerozolu-z-efektem-chromu\/","url":"https:\/\/svpchem.eu\/pl\/produktas\/svp-feesto-farba-w-aerozolu-z-efektem-chromu\/","name":"SVP Feesto farba w aerozolu z efektem chromu - svpchem.eu","isPartOf":{"@id":"https:\/\/svpchem.eu\/pl\/#website"},"primaryImageOfPage":{"@id":"https:\/\/svpchem.eu\/pl\/produktas\/svp-feesto-farba-w-aerozolu-z-efektem-chromu\/#primaryimage"},"image":{"@id":"https:\/\/svpchem.eu\/pl\/produktas\/svp-feesto-farba-w-aerozolu-z-efektem-chromu\/#primaryimage"},"thumbnailUrl":"https:\/\/svpchem.eu\/wp-content\/uploads\/2025\/12\/SVP-Feesto-chromo-efektas-N.jpg","datePublished":"2025-12-19T13:31:55+00:00","dateModified":"2026-04-10T09:59:05+00:00","description":"Farba z efektem chromu w aerozolu SVP FEESTO to dekoracyjna farba w sprayu, kt\u00f3ra zapewnia b\u0142yszcz\u0105c\u0105, metaliczn\u0105 imitacj\u0119 powierzchni. Idealna do metalu, plastiku i innych powierzchni, szybko schnie i tworzy charakterystyczny efekt chromu.","breadcrumb":{"@id":"https:\/\/svpchem.eu\/pl\/produktas\/svp-feesto-farba-w-aerozolu-z-efektem-chromu\/#breadcrumb"},"inLanguage":"pl-PL","potentialAction":[{"@type":"ReadAction","target":["https:\/\/svpchem.eu\/pl\/produktas\/svp-feesto-farba-w-aerozolu-z-efektem-chromu\/"]}]},{"@type":"ImageObject","inLanguage":"pl-PL","@id":"https:\/\/svpchem.eu\/pl\/produktas\/svp-feesto-farba-w-aerozolu-z-efektem-chromu\/#primaryimage","url":"https:\/\/svpchem.eu\/wp-content\/uploads\/2025\/12\/SVP-Feesto-chromo-efektas-N.jpg","contentUrl":"https:\/\/svpchem.eu\/wp-content\/uploads\/2025\/12\/SVP-Feesto-chromo-efektas-N.jpg","width":1300,"height":1300},{"@type":"BreadcrumbList","@id":"https:\/\/svpchem.eu\/pl\/produktas\/svp-feesto-farba-w-aerozolu-z-efektem-chromu\/#breadcrumb","itemListElement":[{"@type":"ListItem","position":1,"name":"Strona g\u0142\u00f3wna","item":"https:\/\/svpchem.eu\/pl\/o-nas\/"},{"@type":"ListItem","position":2,"name":"Sklep","item":"https:\/\/svpchem.eu\/pl\/sklep\/"},{"@type":"ListItem","position":3,"name":"SVP Feesto farba w aerozolu z efektem chromu"}]},{"@type":"WebSite","@id":"https:\/\/svpchem.eu\/pl\/#website","url":"https:\/\/svpchem.eu\/pl\/","name":"svpchem.eu","description":"","publisher":{"@id":"https:\/\/svpchem.eu\/pl\/#organization"},"potentialAction":[{"@type":"SearchAction","target":{"@type":"EntryPoint","urlTemplate":"https:\/\/svpchem.eu\/pl\/?s={search_term_string}"},"query-input":{"@type":"PropertyValueSpecification","valueRequired":true,"valueName":"search_term_string"}}],"inLanguage":"pl-PL"},{"@type":"Organization","@id":"https:\/\/svpchem.eu\/pl\/#organization","name":"svpchem.eu","url":"https:\/\/svpchem.eu\/pl\/","logo":{"@type":"ImageObject","inLanguage":"pl-PL","@id":"https:\/\/svpchem.eu\/pl\/#\/schema\/logo\/image\/","url":"https:\/\/svpchem.eu\/wp-content\/uploads\/2025\/12\/logo_cropped_no_bg_20251217-1.png","contentUrl":"https:\/\/svpchem.eu\/wp-content\/uploads\/2025\/12\/logo_cropped_no_bg_20251217-1.png","width":851,"height":430,"caption":"svpchem.eu"},"image":{"@id":"https:\/\/svpchem.eu\/pl\/#\/schema\/logo\/image\/"}}]}},"_links":{"self":[{"href":"https:\/\/svpchem.eu\/pl\/wp-json\/wp\/v2\/product\/2253","targetHints":{"allow":["GET"]}}],"collection":[{"href":"https:\/\/svpchem.eu\/pl\/wp-json\/wp\/v2\/product"}],"about":[{"href":"https:\/\/svpchem.eu\/pl\/wp-json\/wp\/v2\/types\/product"}],"wp:featuredmedia":[{"embeddable":true,"href":"https:\/\/svpchem.eu\/pl\/wp-json\/wp\/v2\/media\/2258"}],"wp:attachment":[{"href":"https:\/\/svpchem.eu\/pl\/wp-json\/wp\/v2\/media?parent=2253"}],"wp:term":[{"taxonomy":"product_brand","embeddable":true,"href":"https:\/\/svpchem.eu\/pl\/wp-json\/wp\/v2\/product_brand?post=2253"},{"taxonomy":"product_cat","embeddable":true,"href":"https:\/\/svpchem.eu\/pl\/wp-json\/wp\/v2\/product_cat?post=2253"},{"taxonomy":"product_tag","embeddable":true,"href":"https:\/\/svpchem.eu\/pl\/wp-json\/wp\/v2\/product_tag?post=2253"}],"curies":[{"name":"wp","href":"https:\/\/api.w.org\/{rel}","templated":true}]}}