{"id":2512,"date":"2025-12-19T13:31:50","date_gmt":"2025-12-19T13:31:50","guid":{"rendered":"https:\/\/svpchem.eu\/produktas\/svp-skoncentrowany-szampon-do-mycia-samochodow\/"},"modified":"2026-04-10T09:59:38","modified_gmt":"2026-04-10T09:59:38","slug":"svp-skoncentrowany-szampon-do-mycia-samochodow","status":"publish","type":"product","link":"https:\/\/svpchem.eu\/pl\/produktas\/svp-skoncentrowany-szampon-do-mycia-samochodow\/","title":{"rendered":"SVP Skoncentrowany szampon do mycia samochod\u00f3w"},"content":{"rendered":"","protected":false},"excerpt":{"rendered":"<p><strong>Opis:<br \/>\n<\/strong><br \/>\n Wysokiej jako\u015bci skoncentrowany szampon do skutecznego mycia samochodu. Szampon szybko tworzy obfit\u0105 pian\u0119 i skutecznie usuwa brud drogowy, kurz i brud, jednocze\u015bnie chroni\u0105c lakierowan\u0105 powierzchni\u0119.<br \/>\n<strong><br \/>\nNajwa\u017cniejsze cechy:<br \/>\n<\/strong><br \/>\n &#8211; Skoncentrowana formu\u0142a &#8211; do ekonomicznego stosowania.<br \/>\n&#8211; Neutralne pH (pH 7) &#8211; bezpieczny dla malowanej powierzchni i \u015brodowiska.<br \/>\n&#8211; Dodatki wosku &#8211; dla dodatkowego po\u0142ysku i ochrony.<br \/>\n&#8211; Skuteczne czyszczenie &#8211; zawiera anionowe \u015brodki powierzchniowo czynne (&lt;15%).<br \/>\n<strong><br \/>\nSpos\u00f3b u\u017cycia:<br \/>\n<\/strong><br \/>\n Wstrz\u0105sn\u0105\u0107 przed u\u017cyciem. Doda\u0107 2-3 nakr\u0119tki szamponu do 10 litr\u00f3w wody. Umy\u0107 samoch\u00f3d g\u0105bk\u0105 lub mi\u0119kk\u0105 szczotk\u0105, a nast\u0119pnie sp\u0142uka\u0107 du\u017c\u0105 ilo\u015bci\u0105 wody. My\u0107 w cieniu, aby zapobiec wysychaniu szamponu na powierzchni.   <\/p>\n<p><strong>Zalety:<br \/>\n<\/strong><br \/>\n &#8211; Ekonomiczny &#8211; wysoki stopie\u0144 rozcie\u0144czenia.<br \/>\n&#8211; Bezpieczny dla pow\u0142ok &#8211; neutralne pH nie uszkadza lakieru.<br \/>\n&#8211; Szybkie rezultaty &#8211; \u0142atwo si\u0119 zmywa, nie pozostawiaj\u0105c \u015blad\u00f3w.<\/p>\n<p><strong>Informacje techniczne:<br \/>\n<\/strong><br \/>\n &#8211; Pojemno\u015b\u0107: 500 ml<br \/>\n&#8211; Poziom pH: pH 7.<br \/>\n&#8211; Sk\u0142adniki: \u015brodki powierzchniowo czynne (anionowe &lt;15%), wosk, woda.<br \/>\n&#8211; Dozowanie: 2-3 nakr\u0119tki na 10 litr\u00f3w wody.<br \/>\n&#8211; Wymagania bezpiecze\u0144stwa (S2\/S25\/S26): Chroni\u0107 przed dzie\u0107mi. Unika\u0107 kontaktu z oczami. W przypadku kontaktu z oczami natychmiast przemy\u0107 wod\u0105 i zasi\u0119gn\u0105\u0107 porady lekarza. W razie po\u0142kni\u0119cia niezw\u0142ocznie zasi\u0119gnij porady lekarza i poka\u017c opakowanie\/etykiet\u0119.   <\/p>\n","protected":false},"featured_media":2513,"template":"","meta":[],"product_brand":[],"product_cat":[354,203],"product_tag":[],"class_list":{"0":"post-2512","1":"product","2":"type-product","3":"status-publish","4":"has-post-thumbnail","6":"product_cat-produkcja-na-zamowienie","7":"product_cat-produkty-do-pielegnacji-samochodow-i-materialy-eksploatacyjne","8":"pa_brand-svp","9":"pa_ean-4779032960144-0","10":"pa_kiekis_dz-201","11":"pa_kiekis_pk-158","12":"pa_talpa-500ml","14":"first","15":"instock","16":"shipping-taxable","17":"product-type-simple"},"yoast_head":"<!-- This site is optimized with the Yoast SEO plugin v27.3 - https:\/\/yoast.com\/product\/yoast-seo-wordpress\/ -->\n<title>SVP Skoncentrowany szampon do mycia samochod\u00f3w - svpchem.eu<\/title>\n<meta name=\"description\" content=\"SVP Concentrated Shampoo Car Wash to wydajny \u015brodek do mycia samochod\u00f3w, kt\u00f3ry skutecznie usuwa brud, t\u0142uszcz i zanieczyszczenia drogowe. Tworzy \u015bwie\u017c\u0105 pian\u0119 i pomaga utrzyma\u0107 czyst\u0105, l\u015bni\u0105c\u0105 karoseri\u0119.\" \/>\n<meta name=\"robots\" content=\"index, follow, max-snippet:-1, max-image-preview:large, max-video-preview:-1\" \/>\n<link rel=\"canonical\" href=\"https:\/\/svpchem.eu\/pl\/produktas\/svp-skoncentrowany-szampon-do-mycia-samochodow\/\" \/>\n<meta property=\"og:locale\" content=\"pl_PL\" \/>\n<meta property=\"og:type\" content=\"article\" \/>\n<meta property=\"og:title\" content=\"SVP Skoncentrowany szampon do mycia samochod\u00f3w - svpchem.eu\" \/>\n<meta property=\"og:description\" content=\"SVP Concentrated Shampoo Car Wash to wydajny \u015brodek do mycia samochod\u00f3w, kt\u00f3ry skutecznie usuwa brud, t\u0142uszcz i zanieczyszczenia drogowe. Tworzy \u015bwie\u017c\u0105 pian\u0119 i pomaga utrzyma\u0107 czyst\u0105, l\u015bni\u0105c\u0105 karoseri\u0119.\" \/>\n<meta property=\"og:url\" content=\"https:\/\/svpchem.eu\/pl\/produktas\/svp-skoncentrowany-szampon-do-mycia-samochodow\/\" \/>\n<meta property=\"og:site_name\" content=\"svpchem.eu\" \/>\n<meta property=\"article:modified_time\" content=\"2026-04-10T09:59:38+00:00\" \/>\n<meta property=\"og:image\" content=\"https:\/\/svpchem.eu\/wp-content\/uploads\/2025\/12\/SVP-Koncentruotas-sampunas-CAR-WASH.jpg\" \/>\n\t<meta property=\"og:image:width\" content=\"1300\" \/>\n\t<meta property=\"og:image:height\" content=\"1300\" \/>\n\t<meta property=\"og:image:type\" content=\"image\/jpeg\" \/>\n<meta name=\"twitter:card\" content=\"summary_large_image\" \/>\n<script type=\"application\/ld+json\" class=\"yoast-schema-graph\">{\"@context\":\"https:\\\/\\\/schema.org\",\"@graph\":[{\"@type\":\"WebPage\",\"@id\":\"https:\\\/\\\/svpchem.eu\\\/pl\\\/produktas\\\/svp-skoncentrowany-szampon-do-mycia-samochodow\\\/\",\"url\":\"https:\\\/\\\/svpchem.eu\\\/pl\\\/produktas\\\/svp-skoncentrowany-szampon-do-mycia-samochodow\\\/\",\"name\":\"SVP Skoncentrowany szampon do mycia samochod\u00f3w - svpchem.eu\",\"isPartOf\":{\"@id\":\"https:\\\/\\\/svpchem.eu\\\/pl\\\/#website\"},\"primaryImageOfPage\":{\"@id\":\"https:\\\/\\\/svpchem.eu\\\/pl\\\/produktas\\\/svp-skoncentrowany-szampon-do-mycia-samochodow\\\/#primaryimage\"},\"image\":{\"@id\":\"https:\\\/\\\/svpchem.eu\\\/pl\\\/produktas\\\/svp-skoncentrowany-szampon-do-mycia-samochodow\\\/#primaryimage\"},\"thumbnailUrl\":\"https:\\\/\\\/svpchem.eu\\\/wp-content\\\/uploads\\\/2025\\\/12\\\/SVP-Koncentruotas-sampunas-CAR-WASH.jpg\",\"datePublished\":\"2025-12-19T13:31:50+00:00\",\"dateModified\":\"2026-04-10T09:59:38+00:00\",\"description\":\"SVP Concentrated Shampoo Car Wash to wydajny \u015brodek do mycia samochod\u00f3w, kt\u00f3ry skutecznie usuwa brud, t\u0142uszcz i zanieczyszczenia drogowe. Tworzy \u015bwie\u017c\u0105 pian\u0119 i pomaga utrzyma\u0107 czyst\u0105, l\u015bni\u0105c\u0105 karoseri\u0119.\",\"breadcrumb\":{\"@id\":\"https:\\\/\\\/svpchem.eu\\\/pl\\\/produktas\\\/svp-skoncentrowany-szampon-do-mycia-samochodow\\\/#breadcrumb\"},\"inLanguage\":\"pl-PL\",\"potentialAction\":[{\"@type\":\"ReadAction\",\"target\":[\"https:\\\/\\\/svpchem.eu\\\/pl\\\/produktas\\\/svp-skoncentrowany-szampon-do-mycia-samochodow\\\/\"]}]},{\"@type\":\"ImageObject\",\"inLanguage\":\"pl-PL\",\"@id\":\"https:\\\/\\\/svpchem.eu\\\/pl\\\/produktas\\\/svp-skoncentrowany-szampon-do-mycia-samochodow\\\/#primaryimage\",\"url\":\"https:\\\/\\\/svpchem.eu\\\/wp-content\\\/uploads\\\/2025\\\/12\\\/SVP-Koncentruotas-sampunas-CAR-WASH.jpg\",\"contentUrl\":\"https:\\\/\\\/svpchem.eu\\\/wp-content\\\/uploads\\\/2025\\\/12\\\/SVP-Koncentruotas-sampunas-CAR-WASH.jpg\",\"width\":1300,\"height\":1300},{\"@type\":\"BreadcrumbList\",\"@id\":\"https:\\\/\\\/svpchem.eu\\\/pl\\\/produktas\\\/svp-skoncentrowany-szampon-do-mycia-samochodow\\\/#breadcrumb\",\"itemListElement\":[{\"@type\":\"ListItem\",\"position\":1,\"name\":\"Strona g\u0142\u00f3wna\",\"item\":\"https:\\\/\\\/svpchem.eu\\\/pl\\\/o-nas\\\/\"},{\"@type\":\"ListItem\",\"position\":2,\"name\":\"Sklep\",\"item\":\"https:\\\/\\\/svpchem.eu\\\/pl\\\/sklep\\\/\"},{\"@type\":\"ListItem\",\"position\":3,\"name\":\"SVP Skoncentrowany szampon do mycia samochod\u00f3w\"}]},{\"@type\":\"WebSite\",\"@id\":\"https:\\\/\\\/svpchem.eu\\\/pl\\\/#website\",\"url\":\"https:\\\/\\\/svpchem.eu\\\/pl\\\/\",\"name\":\"svpchem.eu\",\"description\":\"\",\"publisher\":{\"@id\":\"https:\\\/\\\/svpchem.eu\\\/pl\\\/#organization\"},\"potentialAction\":[{\"@type\":\"SearchAction\",\"target\":{\"@type\":\"EntryPoint\",\"urlTemplate\":\"https:\\\/\\\/svpchem.eu\\\/pl\\\/?s={search_term_string}\"},\"query-input\":{\"@type\":\"PropertyValueSpecification\",\"valueRequired\":true,\"valueName\":\"search_term_string\"}}],\"inLanguage\":\"pl-PL\"},{\"@type\":\"Organization\",\"@id\":\"https:\\\/\\\/svpchem.eu\\\/pl\\\/#organization\",\"name\":\"svpchem.eu\",\"url\":\"https:\\\/\\\/svpchem.eu\\\/pl\\\/\",\"logo\":{\"@type\":\"ImageObject\",\"inLanguage\":\"pl-PL\",\"@id\":\"https:\\\/\\\/svpchem.eu\\\/pl\\\/#\\\/schema\\\/logo\\\/image\\\/\",\"url\":\"https:\\\/\\\/svpchem.eu\\\/wp-content\\\/uploads\\\/2025\\\/12\\\/logo_cropped_no_bg_20251217-1.png\",\"contentUrl\":\"https:\\\/\\\/svpchem.eu\\\/wp-content\\\/uploads\\\/2025\\\/12\\\/logo_cropped_no_bg_20251217-1.png\",\"width\":851,\"height\":430,\"caption\":\"svpchem.eu\"},\"image\":{\"@id\":\"https:\\\/\\\/svpchem.eu\\\/pl\\\/#\\\/schema\\\/logo\\\/image\\\/\"}}]}<\/script>\n<!-- \/ Yoast SEO plugin. -->","yoast_head_json":{"title":"SVP Skoncentrowany szampon do mycia samochod\u00f3w - svpchem.eu","description":"SVP Concentrated Shampoo Car Wash to wydajny \u015brodek do mycia samochod\u00f3w, kt\u00f3ry skutecznie usuwa brud, t\u0142uszcz i zanieczyszczenia drogowe. Tworzy \u015bwie\u017c\u0105 pian\u0119 i pomaga utrzyma\u0107 czyst\u0105, l\u015bni\u0105c\u0105 karoseri\u0119.","robots":{"index":"index","follow":"follow","max-snippet":"max-snippet:-1","max-image-preview":"max-image-preview:large","max-video-preview":"max-video-preview:-1"},"canonical":"https:\/\/svpchem.eu\/pl\/produktas\/svp-skoncentrowany-szampon-do-mycia-samochodow\/","og_locale":"pl_PL","og_type":"article","og_title":"SVP Skoncentrowany szampon do mycia samochod\u00f3w - svpchem.eu","og_description":"SVP Concentrated Shampoo Car Wash to wydajny \u015brodek do mycia samochod\u00f3w, kt\u00f3ry skutecznie usuwa brud, t\u0142uszcz i zanieczyszczenia drogowe. Tworzy \u015bwie\u017c\u0105 pian\u0119 i pomaga utrzyma\u0107 czyst\u0105, l\u015bni\u0105c\u0105 karoseri\u0119.","og_url":"https:\/\/svpchem.eu\/pl\/produktas\/svp-skoncentrowany-szampon-do-mycia-samochodow\/","og_site_name":"svpchem.eu","article_modified_time":"2026-04-10T09:59:38+00:00","og_image":[{"width":1300,"height":1300,"url":"https:\/\/svpchem.eu\/wp-content\/uploads\/2025\/12\/SVP-Koncentruotas-sampunas-CAR-WASH.jpg","type":"image\/jpeg"}],"twitter_card":"summary_large_image","schema":{"@context":"https:\/\/schema.org","@graph":[{"@type":"WebPage","@id":"https:\/\/svpchem.eu\/pl\/produktas\/svp-skoncentrowany-szampon-do-mycia-samochodow\/","url":"https:\/\/svpchem.eu\/pl\/produktas\/svp-skoncentrowany-szampon-do-mycia-samochodow\/","name":"SVP Skoncentrowany szampon do mycia samochod\u00f3w - svpchem.eu","isPartOf":{"@id":"https:\/\/svpchem.eu\/pl\/#website"},"primaryImageOfPage":{"@id":"https:\/\/svpchem.eu\/pl\/produktas\/svp-skoncentrowany-szampon-do-mycia-samochodow\/#primaryimage"},"image":{"@id":"https:\/\/svpchem.eu\/pl\/produktas\/svp-skoncentrowany-szampon-do-mycia-samochodow\/#primaryimage"},"thumbnailUrl":"https:\/\/svpchem.eu\/wp-content\/uploads\/2025\/12\/SVP-Koncentruotas-sampunas-CAR-WASH.jpg","datePublished":"2025-12-19T13:31:50+00:00","dateModified":"2026-04-10T09:59:38+00:00","description":"SVP Concentrated Shampoo Car Wash to wydajny \u015brodek do mycia samochod\u00f3w, kt\u00f3ry skutecznie usuwa brud, t\u0142uszcz i zanieczyszczenia drogowe. Tworzy \u015bwie\u017c\u0105 pian\u0119 i pomaga utrzyma\u0107 czyst\u0105, l\u015bni\u0105c\u0105 karoseri\u0119.","breadcrumb":{"@id":"https:\/\/svpchem.eu\/pl\/produktas\/svp-skoncentrowany-szampon-do-mycia-samochodow\/#breadcrumb"},"inLanguage":"pl-PL","potentialAction":[{"@type":"ReadAction","target":["https:\/\/svpchem.eu\/pl\/produktas\/svp-skoncentrowany-szampon-do-mycia-samochodow\/"]}]},{"@type":"ImageObject","inLanguage":"pl-PL","@id":"https:\/\/svpchem.eu\/pl\/produktas\/svp-skoncentrowany-szampon-do-mycia-samochodow\/#primaryimage","url":"https:\/\/svpchem.eu\/wp-content\/uploads\/2025\/12\/SVP-Koncentruotas-sampunas-CAR-WASH.jpg","contentUrl":"https:\/\/svpchem.eu\/wp-content\/uploads\/2025\/12\/SVP-Koncentruotas-sampunas-CAR-WASH.jpg","width":1300,"height":1300},{"@type":"BreadcrumbList","@id":"https:\/\/svpchem.eu\/pl\/produktas\/svp-skoncentrowany-szampon-do-mycia-samochodow\/#breadcrumb","itemListElement":[{"@type":"ListItem","position":1,"name":"Strona g\u0142\u00f3wna","item":"https:\/\/svpchem.eu\/pl\/o-nas\/"},{"@type":"ListItem","position":2,"name":"Sklep","item":"https:\/\/svpchem.eu\/pl\/sklep\/"},{"@type":"ListItem","position":3,"name":"SVP Skoncentrowany szampon do mycia samochod\u00f3w"}]},{"@type":"WebSite","@id":"https:\/\/svpchem.eu\/pl\/#website","url":"https:\/\/svpchem.eu\/pl\/","name":"svpchem.eu","description":"","publisher":{"@id":"https:\/\/svpchem.eu\/pl\/#organization"},"potentialAction":[{"@type":"SearchAction","target":{"@type":"EntryPoint","urlTemplate":"https:\/\/svpchem.eu\/pl\/?s={search_term_string}"},"query-input":{"@type":"PropertyValueSpecification","valueRequired":true,"valueName":"search_term_string"}}],"inLanguage":"pl-PL"},{"@type":"Organization","@id":"https:\/\/svpchem.eu\/pl\/#organization","name":"svpchem.eu","url":"https:\/\/svpchem.eu\/pl\/","logo":{"@type":"ImageObject","inLanguage":"pl-PL","@id":"https:\/\/svpchem.eu\/pl\/#\/schema\/logo\/image\/","url":"https:\/\/svpchem.eu\/wp-content\/uploads\/2025\/12\/logo_cropped_no_bg_20251217-1.png","contentUrl":"https:\/\/svpchem.eu\/wp-content\/uploads\/2025\/12\/logo_cropped_no_bg_20251217-1.png","width":851,"height":430,"caption":"svpchem.eu"},"image":{"@id":"https:\/\/svpchem.eu\/pl\/#\/schema\/logo\/image\/"}}]}},"_links":{"self":[{"href":"https:\/\/svpchem.eu\/pl\/wp-json\/wp\/v2\/product\/2512","targetHints":{"allow":["GET"]}}],"collection":[{"href":"https:\/\/svpchem.eu\/pl\/wp-json\/wp\/v2\/product"}],"about":[{"href":"https:\/\/svpchem.eu\/pl\/wp-json\/wp\/v2\/types\/product"}],"wp:featuredmedia":[{"embeddable":true,"href":"https:\/\/svpchem.eu\/pl\/wp-json\/wp\/v2\/media\/2513"}],"wp:attachment":[{"href":"https:\/\/svpchem.eu\/pl\/wp-json\/wp\/v2\/media?parent=2512"}],"wp:term":[{"taxonomy":"product_brand","embeddable":true,"href":"https:\/\/svpchem.eu\/pl\/wp-json\/wp\/v2\/product_brand?post=2512"},{"taxonomy":"product_cat","embeddable":true,"href":"https:\/\/svpchem.eu\/pl\/wp-json\/wp\/v2\/product_cat?post=2512"},{"taxonomy":"product_tag","embeddable":true,"href":"https:\/\/svpchem.eu\/pl\/wp-json\/wp\/v2\/product_tag?post=2512"}],"curies":[{"name":"wp","href":"https:\/\/api.w.org\/{rel}","templated":true}]}}