{"id":2528,"date":"2025-12-19T13:31:50","date_gmt":"2025-12-19T13:31:50","guid":{"rendered":"https:\/\/svpchem.eu\/produktas\/svp-srodek-do-czyszczenia-dysz-silnikow-benzynowych\/"},"modified":"2026-04-10T09:59:37","modified_gmt":"2026-04-10T09:59:37","slug":"svp-srodek-do-czyszczenia-dysz-silnikow-benzynowych","status":"publish","type":"product","link":"https:\/\/svpchem.eu\/pl\/produktas\/svp-srodek-do-czyszczenia-dysz-silnikow-benzynowych\/","title":{"rendered":"SVP \u015arodek do czyszczenia dysz silnik\u00f3w benzynowych"},"content":{"rendered":"","protected":false},"excerpt":{"rendered":"<p><strong>Opis:<\/strong><\/p>\n<p>Wysoce skoncentrowany dodatek chemiczny przeznaczony do skutecznego czyszczenia i przywracania wydajno\u015bci uk\u0142ad\u00f3w wtrysku benzyny. Po zmieszaniu z benzyn\u0105,<br \/>\ndzia\u0142a poprzez czyszczenie ca\u0142ej \u015bcie\u017cki zasilania paliwem &#8211; od zbiornika paliwa do komory spalania &#8211; podczas pracy silnika.<br \/>\n<strong><br \/>\nKluczowe cechy:<br \/>\n<\/strong><br \/>\n &#8211; Usuwa osady &#8211; rozpuszcza twarde osady, smo\u0142\u0119 i pokosty.<br \/>\n&#8211; Regeneruje dysze &#8211; przywraca luz dysz i k\u0105t natrysku.<br \/>\n&#8211; Czy\u015bci zawory &#8211; przywraca szczelno\u015b\u0107 zawor\u00f3w dolotowych i wydajn\u0105 prac\u0119.<br \/>\n&#8211; Redukuje sadz\u0119 &#8211; pomaga redukowa\u0107 osady w\u0119glowe w komorze spalania.<br \/>\n<strong><br \/>\nSpos\u00f3b u\u017cycia:<br \/>\n<\/strong><br \/>\n Wla\u0107 ca\u0142\u0105 zawarto\u015b\u0107 butelki do zbiornika paliwa przed tankowaniem. Do okresowego stosowania (np. co 3000-5000 km) w celu utrzymania uk\u0142adu w czysto\u015bci.<br \/>\n<strong><br \/>\nKorzy\u015bci:<br \/>\n<\/strong><br \/>\n &#8211; Przywraca moc silnika &#8211; poprawia spalanie i przywraca parametry mocy.<br \/>\n&#8211; Zmniejsza zu\u017cycie paliwa &#8211; zapewnia precyzyjne rozpylanie paliwa i lepsze spalanie.<br \/>\n&#8211; Stabilizuje skok &#8211; poprawia reakcj\u0119 silnika i stabilizuje prac\u0119 na biegu ja\u0142owym.<br \/>\n&#8211; Zmniejsza emisj\u0119 &#8211; redukuje szkodliwe gazy spalinowe.<br \/>\n<strong><br \/>\nInformacje techniczne:<br \/>\n<\/strong><br \/>\n &#8211; Pojemno\u015b\u0107: 354 ml.<br \/>\n&#8211; Przeznaczenie: Czyszczenie uk\u0142adu wtrysku benzyny.<br \/>\n&#8211; Kompatybilno\u015b\u0107: Ca\u0142kowicie bezpieczny do stosowania w samochodach z katalizatorami i sondami lambda.<br \/>\n&#8211; Cz\u0119stotliwo\u015b\u0107 stosowania: okresowo (co 3000 do 5000 km, w zale\u017cno\u015bci od potrzeb).<br \/>\n&#8211; St\u0119\u017cenie: Wysoce skoncentrowany dodatek chemiczny.<\/p>\n","protected":false},"featured_media":2530,"template":"","meta":[],"product_brand":[],"product_cat":[354,203],"product_tag":[],"class_list":{"0":"post-2528","1":"product","2":"type-product","3":"status-publish","4":"has-post-thumbnail","6":"product_cat-produkcja-na-zamowienie","7":"product_cat-produkty-do-pielegnacji-samochodow-i-materialy-eksploatacyjne","8":"pa_brand-svp","9":"pa_ean-4779032960106-0","10":"pa_kiekis_dz-201","11":"pa_kiekis_pk-158","12":"pa_talpa-354-ml","14":"first","15":"instock","16":"shipping-taxable","17":"product-type-simple"},"yoast_head":"<!-- This site is optimized with the Yoast SEO plugin v27.3 - https:\/\/yoast.com\/product\/yoast-seo-wordpress\/ -->\n<title>SVP \u015arodek do czyszczenia dysz silnik\u00f3w benzynowych - svpchem.eu<\/title>\n<meta name=\"description\" content=\"SVP Petrol Engine Injector Cleaner to skuteczne narz\u0119dzie do usuwania zanieczyszcze\u0144 i osad\u00f3w z wtryskiwaczy paliwa i uk\u0142ad\u00f3w wtryskowych. Poprawia osi\u0105gi silnika, redukuje dymienie i pomaga przywr\u00f3ci\u0107 optymalne spalanie paliwa.\" \/>\n<meta name=\"robots\" content=\"index, follow, max-snippet:-1, max-image-preview:large, max-video-preview:-1\" \/>\n<link rel=\"canonical\" href=\"https:\/\/svpchem.eu\/pl\/produktas\/svp-srodek-do-czyszczenia-dysz-silnikow-benzynowych\/\" \/>\n<meta property=\"og:locale\" content=\"pl_PL\" \/>\n<meta property=\"og:type\" content=\"article\" \/>\n<meta property=\"og:title\" content=\"SVP \u015arodek do czyszczenia dysz silnik\u00f3w benzynowych - svpchem.eu\" \/>\n<meta property=\"og:description\" content=\"SVP Petrol Engine Injector Cleaner to skuteczne narz\u0119dzie do usuwania zanieczyszcze\u0144 i osad\u00f3w z wtryskiwaczy paliwa i uk\u0142ad\u00f3w wtryskowych. Poprawia osi\u0105gi silnika, redukuje dymienie i pomaga przywr\u00f3ci\u0107 optymalne spalanie paliwa.\" \/>\n<meta property=\"og:url\" content=\"https:\/\/svpchem.eu\/pl\/produktas\/svp-srodek-do-czyszczenia-dysz-silnikow-benzynowych\/\" \/>\n<meta property=\"og:site_name\" content=\"svpchem.eu\" \/>\n<meta property=\"article:modified_time\" content=\"2026-04-10T09:59:37+00:00\" \/>\n<meta property=\"og:image\" content=\"https:\/\/svpchem.eu\/wp-content\/uploads\/2025\/12\/Benzininio_variklio_purkstuku_valiklis.jpg\" \/>\n\t<meta property=\"og:image:width\" content=\"1300\" \/>\n\t<meta property=\"og:image:height\" content=\"1300\" \/>\n\t<meta property=\"og:image:type\" content=\"image\/jpeg\" \/>\n<meta name=\"twitter:card\" content=\"summary_large_image\" \/>\n<script type=\"application\/ld+json\" class=\"yoast-schema-graph\">{\"@context\":\"https:\\\/\\\/schema.org\",\"@graph\":[{\"@type\":\"WebPage\",\"@id\":\"https:\\\/\\\/svpchem.eu\\\/pl\\\/produktas\\\/svp-srodek-do-czyszczenia-dysz-silnikow-benzynowych\\\/\",\"url\":\"https:\\\/\\\/svpchem.eu\\\/pl\\\/produktas\\\/svp-srodek-do-czyszczenia-dysz-silnikow-benzynowych\\\/\",\"name\":\"SVP \u015arodek do czyszczenia dysz silnik\u00f3w benzynowych - svpchem.eu\",\"isPartOf\":{\"@id\":\"https:\\\/\\\/svpchem.eu\\\/pl\\\/#website\"},\"primaryImageOfPage\":{\"@id\":\"https:\\\/\\\/svpchem.eu\\\/pl\\\/produktas\\\/svp-srodek-do-czyszczenia-dysz-silnikow-benzynowych\\\/#primaryimage\"},\"image\":{\"@id\":\"https:\\\/\\\/svpchem.eu\\\/pl\\\/produktas\\\/svp-srodek-do-czyszczenia-dysz-silnikow-benzynowych\\\/#primaryimage\"},\"thumbnailUrl\":\"https:\\\/\\\/svpchem.eu\\\/wp-content\\\/uploads\\\/2025\\\/12\\\/Benzininio_variklio_purkstuku_valiklis.jpg\",\"datePublished\":\"2025-12-19T13:31:50+00:00\",\"dateModified\":\"2026-04-10T09:59:37+00:00\",\"description\":\"SVP Petrol Engine Injector Cleaner to skuteczne narz\u0119dzie do usuwania zanieczyszcze\u0144 i osad\u00f3w z wtryskiwaczy paliwa i uk\u0142ad\u00f3w wtryskowych. Poprawia osi\u0105gi silnika, redukuje dymienie i pomaga przywr\u00f3ci\u0107 optymalne spalanie paliwa.\",\"breadcrumb\":{\"@id\":\"https:\\\/\\\/svpchem.eu\\\/pl\\\/produktas\\\/svp-srodek-do-czyszczenia-dysz-silnikow-benzynowych\\\/#breadcrumb\"},\"inLanguage\":\"pl-PL\",\"potentialAction\":[{\"@type\":\"ReadAction\",\"target\":[\"https:\\\/\\\/svpchem.eu\\\/pl\\\/produktas\\\/svp-srodek-do-czyszczenia-dysz-silnikow-benzynowych\\\/\"]}]},{\"@type\":\"ImageObject\",\"inLanguage\":\"pl-PL\",\"@id\":\"https:\\\/\\\/svpchem.eu\\\/pl\\\/produktas\\\/svp-srodek-do-czyszczenia-dysz-silnikow-benzynowych\\\/#primaryimage\",\"url\":\"https:\\\/\\\/svpchem.eu\\\/wp-content\\\/uploads\\\/2025\\\/12\\\/Benzininio_variklio_purkstuku_valiklis.jpg\",\"contentUrl\":\"https:\\\/\\\/svpchem.eu\\\/wp-content\\\/uploads\\\/2025\\\/12\\\/Benzininio_variklio_purkstuku_valiklis.jpg\",\"width\":1300,\"height\":1300},{\"@type\":\"BreadcrumbList\",\"@id\":\"https:\\\/\\\/svpchem.eu\\\/pl\\\/produktas\\\/svp-srodek-do-czyszczenia-dysz-silnikow-benzynowych\\\/#breadcrumb\",\"itemListElement\":[{\"@type\":\"ListItem\",\"position\":1,\"name\":\"Strona g\u0142\u00f3wna\",\"item\":\"https:\\\/\\\/svpchem.eu\\\/pl\\\/o-nas\\\/\"},{\"@type\":\"ListItem\",\"position\":2,\"name\":\"Sklep\",\"item\":\"https:\\\/\\\/svpchem.eu\\\/pl\\\/sklep\\\/\"},{\"@type\":\"ListItem\",\"position\":3,\"name\":\"SVP \u015arodek do czyszczenia dysz silnik\u00f3w benzynowych\"}]},{\"@type\":\"WebSite\",\"@id\":\"https:\\\/\\\/svpchem.eu\\\/pl\\\/#website\",\"url\":\"https:\\\/\\\/svpchem.eu\\\/pl\\\/\",\"name\":\"svpchem.eu\",\"description\":\"\",\"publisher\":{\"@id\":\"https:\\\/\\\/svpchem.eu\\\/pl\\\/#organization\"},\"potentialAction\":[{\"@type\":\"SearchAction\",\"target\":{\"@type\":\"EntryPoint\",\"urlTemplate\":\"https:\\\/\\\/svpchem.eu\\\/pl\\\/?s={search_term_string}\"},\"query-input\":{\"@type\":\"PropertyValueSpecification\",\"valueRequired\":true,\"valueName\":\"search_term_string\"}}],\"inLanguage\":\"pl-PL\"},{\"@type\":\"Organization\",\"@id\":\"https:\\\/\\\/svpchem.eu\\\/pl\\\/#organization\",\"name\":\"svpchem.eu\",\"url\":\"https:\\\/\\\/svpchem.eu\\\/pl\\\/\",\"logo\":{\"@type\":\"ImageObject\",\"inLanguage\":\"pl-PL\",\"@id\":\"https:\\\/\\\/svpchem.eu\\\/pl\\\/#\\\/schema\\\/logo\\\/image\\\/\",\"url\":\"https:\\\/\\\/svpchem.eu\\\/wp-content\\\/uploads\\\/2025\\\/12\\\/logo_cropped_no_bg_20251217-1.png\",\"contentUrl\":\"https:\\\/\\\/svpchem.eu\\\/wp-content\\\/uploads\\\/2025\\\/12\\\/logo_cropped_no_bg_20251217-1.png\",\"width\":851,\"height\":430,\"caption\":\"svpchem.eu\"},\"image\":{\"@id\":\"https:\\\/\\\/svpchem.eu\\\/pl\\\/#\\\/schema\\\/logo\\\/image\\\/\"}}]}<\/script>\n<!-- \/ Yoast SEO plugin. -->","yoast_head_json":{"title":"SVP \u015arodek do czyszczenia dysz silnik\u00f3w benzynowych - svpchem.eu","description":"SVP Petrol Engine Injector Cleaner to skuteczne narz\u0119dzie do usuwania zanieczyszcze\u0144 i osad\u00f3w z wtryskiwaczy paliwa i uk\u0142ad\u00f3w wtryskowych. Poprawia osi\u0105gi silnika, redukuje dymienie i pomaga przywr\u00f3ci\u0107 optymalne spalanie paliwa.","robots":{"index":"index","follow":"follow","max-snippet":"max-snippet:-1","max-image-preview":"max-image-preview:large","max-video-preview":"max-video-preview:-1"},"canonical":"https:\/\/svpchem.eu\/pl\/produktas\/svp-srodek-do-czyszczenia-dysz-silnikow-benzynowych\/","og_locale":"pl_PL","og_type":"article","og_title":"SVP \u015arodek do czyszczenia dysz silnik\u00f3w benzynowych - svpchem.eu","og_description":"SVP Petrol Engine Injector Cleaner to skuteczne narz\u0119dzie do usuwania zanieczyszcze\u0144 i osad\u00f3w z wtryskiwaczy paliwa i uk\u0142ad\u00f3w wtryskowych. Poprawia osi\u0105gi silnika, redukuje dymienie i pomaga przywr\u00f3ci\u0107 optymalne spalanie paliwa.","og_url":"https:\/\/svpchem.eu\/pl\/produktas\/svp-srodek-do-czyszczenia-dysz-silnikow-benzynowych\/","og_site_name":"svpchem.eu","article_modified_time":"2026-04-10T09:59:37+00:00","og_image":[{"width":1300,"height":1300,"url":"https:\/\/svpchem.eu\/wp-content\/uploads\/2025\/12\/Benzininio_variklio_purkstuku_valiklis.jpg","type":"image\/jpeg"}],"twitter_card":"summary_large_image","schema":{"@context":"https:\/\/schema.org","@graph":[{"@type":"WebPage","@id":"https:\/\/svpchem.eu\/pl\/produktas\/svp-srodek-do-czyszczenia-dysz-silnikow-benzynowych\/","url":"https:\/\/svpchem.eu\/pl\/produktas\/svp-srodek-do-czyszczenia-dysz-silnikow-benzynowych\/","name":"SVP \u015arodek do czyszczenia dysz silnik\u00f3w benzynowych - svpchem.eu","isPartOf":{"@id":"https:\/\/svpchem.eu\/pl\/#website"},"primaryImageOfPage":{"@id":"https:\/\/svpchem.eu\/pl\/produktas\/svp-srodek-do-czyszczenia-dysz-silnikow-benzynowych\/#primaryimage"},"image":{"@id":"https:\/\/svpchem.eu\/pl\/produktas\/svp-srodek-do-czyszczenia-dysz-silnikow-benzynowych\/#primaryimage"},"thumbnailUrl":"https:\/\/svpchem.eu\/wp-content\/uploads\/2025\/12\/Benzininio_variklio_purkstuku_valiklis.jpg","datePublished":"2025-12-19T13:31:50+00:00","dateModified":"2026-04-10T09:59:37+00:00","description":"SVP Petrol Engine Injector Cleaner to skuteczne narz\u0119dzie do usuwania zanieczyszcze\u0144 i osad\u00f3w z wtryskiwaczy paliwa i uk\u0142ad\u00f3w wtryskowych. Poprawia osi\u0105gi silnika, redukuje dymienie i pomaga przywr\u00f3ci\u0107 optymalne spalanie paliwa.","breadcrumb":{"@id":"https:\/\/svpchem.eu\/pl\/produktas\/svp-srodek-do-czyszczenia-dysz-silnikow-benzynowych\/#breadcrumb"},"inLanguage":"pl-PL","potentialAction":[{"@type":"ReadAction","target":["https:\/\/svpchem.eu\/pl\/produktas\/svp-srodek-do-czyszczenia-dysz-silnikow-benzynowych\/"]}]},{"@type":"ImageObject","inLanguage":"pl-PL","@id":"https:\/\/svpchem.eu\/pl\/produktas\/svp-srodek-do-czyszczenia-dysz-silnikow-benzynowych\/#primaryimage","url":"https:\/\/svpchem.eu\/wp-content\/uploads\/2025\/12\/Benzininio_variklio_purkstuku_valiklis.jpg","contentUrl":"https:\/\/svpchem.eu\/wp-content\/uploads\/2025\/12\/Benzininio_variklio_purkstuku_valiklis.jpg","width":1300,"height":1300},{"@type":"BreadcrumbList","@id":"https:\/\/svpchem.eu\/pl\/produktas\/svp-srodek-do-czyszczenia-dysz-silnikow-benzynowych\/#breadcrumb","itemListElement":[{"@type":"ListItem","position":1,"name":"Strona g\u0142\u00f3wna","item":"https:\/\/svpchem.eu\/pl\/o-nas\/"},{"@type":"ListItem","position":2,"name":"Sklep","item":"https:\/\/svpchem.eu\/pl\/sklep\/"},{"@type":"ListItem","position":3,"name":"SVP \u015arodek do czyszczenia dysz silnik\u00f3w benzynowych"}]},{"@type":"WebSite","@id":"https:\/\/svpchem.eu\/pl\/#website","url":"https:\/\/svpchem.eu\/pl\/","name":"svpchem.eu","description":"","publisher":{"@id":"https:\/\/svpchem.eu\/pl\/#organization"},"potentialAction":[{"@type":"SearchAction","target":{"@type":"EntryPoint","urlTemplate":"https:\/\/svpchem.eu\/pl\/?s={search_term_string}"},"query-input":{"@type":"PropertyValueSpecification","valueRequired":true,"valueName":"search_term_string"}}],"inLanguage":"pl-PL"},{"@type":"Organization","@id":"https:\/\/svpchem.eu\/pl\/#organization","name":"svpchem.eu","url":"https:\/\/svpchem.eu\/pl\/","logo":{"@type":"ImageObject","inLanguage":"pl-PL","@id":"https:\/\/svpchem.eu\/pl\/#\/schema\/logo\/image\/","url":"https:\/\/svpchem.eu\/wp-content\/uploads\/2025\/12\/logo_cropped_no_bg_20251217-1.png","contentUrl":"https:\/\/svpchem.eu\/wp-content\/uploads\/2025\/12\/logo_cropped_no_bg_20251217-1.png","width":851,"height":430,"caption":"svpchem.eu"},"image":{"@id":"https:\/\/svpchem.eu\/pl\/#\/schema\/logo\/image\/"}}]}},"_links":{"self":[{"href":"https:\/\/svpchem.eu\/pl\/wp-json\/wp\/v2\/product\/2528","targetHints":{"allow":["GET"]}}],"collection":[{"href":"https:\/\/svpchem.eu\/pl\/wp-json\/wp\/v2\/product"}],"about":[{"href":"https:\/\/svpchem.eu\/pl\/wp-json\/wp\/v2\/types\/product"}],"wp:featuredmedia":[{"embeddable":true,"href":"https:\/\/svpchem.eu\/pl\/wp-json\/wp\/v2\/media\/2530"}],"wp:attachment":[{"href":"https:\/\/svpchem.eu\/pl\/wp-json\/wp\/v2\/media?parent=2528"}],"wp:term":[{"taxonomy":"product_brand","embeddable":true,"href":"https:\/\/svpchem.eu\/pl\/wp-json\/wp\/v2\/product_brand?post=2528"},{"taxonomy":"product_cat","embeddable":true,"href":"https:\/\/svpchem.eu\/pl\/wp-json\/wp\/v2\/product_cat?post=2528"},{"taxonomy":"product_tag","embeddable":true,"href":"https:\/\/svpchem.eu\/pl\/wp-json\/wp\/v2\/product_tag?post=2528"}],"curies":[{"name":"wp","href":"https:\/\/api.w.org\/{rel}","templated":true}]}}