{"id":2540,"date":"2025-12-19T13:31:50","date_gmt":"2025-12-19T13:31:50","guid":{"rendered":"https:\/\/svpchem.eu\/produktas\/svp-pianka-w-aerozolu-do-czyszczenia-szyb-samochodowych-windows-blic\/"},"modified":"2026-04-10T09:59:42","modified_gmt":"2026-04-10T09:59:42","slug":"svp-pianka-w-aerozolu-do-czyszczenia-szyb-samochodowych-windows-blic","status":"publish","type":"product","link":"https:\/\/svpchem.eu\/pl\/produktas\/svp-pianka-w-aerozolu-do-czyszczenia-szyb-samochodowych-windows-blic\/","title":{"rendered":"SVP Pianka w aerozolu do czyszczenia szyb samochodowych WINDOWS BLIC"},"content":{"rendered":"","protected":false},"excerpt":{"rendered":"<p><strong>Opis:<br \/>\n<\/strong><br \/>\n Pianka czyszcz\u0105ca w aerozolu do skutecznego i szybkiego czyszczenia szk\u0142a, luster, ceramiki szklanej, b\u0142yszcz\u0105cego plastiku i innych twardych, nieporowatych powierzchni. Pianka lepiej przylega do pionowych powierzchni, nie gotuje si\u0119 i pozwala brudowi d\u0142u\u017cej dzia\u0142a\u0107.<br \/>\n<strong><br \/>\nKluczowe cechy:<br \/>\n<\/strong><br \/>\n &#8211; Bez smug &#8211; lotne rozpuszczalniki (izopropanol) w sk\u0142adzie zapewniaj\u0105 wyj\u0105tkowo szybkie schni\u0119cie.<br \/>\n&#8211; Efekt pienienia &#8211; zapewnia lepsz\u0105 przyczepno\u015b\u0107 do powierzchni pionowych.<br \/>\n&#8211; Skuteczne czyszczenie &#8211; usuwa \u015blady t\u0142uszczu, odciski palc\u00f3w, kurz, pozosta\u0142o\u015bci owad\u00f3w i brud drogowy.<br \/>\n&#8211; R\u00f3wnomierna dyspersja &#8211; system rozpylania w aerozolu umo\u017cliwia r\u00f3wnomierne rozprowadzanie.<br \/>\n<strong><br \/>\nZastosowanie:<br \/>\n<\/strong><br \/>\n Odpowiedni do szk\u0142a, luster i b\u0142yszcz\u0105cych powierzchni plastikowych. \u015arodek czyszcz\u0105cy rozpyla si\u0119 na powierzchni\u0119, pozostawia na chwil\u0119, a nast\u0119pnie wyciera czyst\u0105 \u015bciereczk\u0105 z mikrofibry.<br \/>\n<strong><br \/>\nZalety:<br \/>\n<\/strong><br \/>\n &#8211; Maksymalna klarowno\u015b\u0107 &#8211; idealny do profesjonalnych i szybkich rezultat\u00f3w.<br \/>\n&#8211; Szybkie schni\u0119cie &#8211; nie wymaga d\u0142ugiego polerowania.<br \/>\n&#8211; \u0141atwy w u\u017cyciu &#8211; \u0142atwo dotrze\u0107 nawet do trudno dost\u0119pnych miejsc.<br \/>\n&#8211; Usuwa zanieczyszczenia organiczne &#8211; skuteczny na resztki owad\u00f3w i inne zabrudzenia drogowe.<br \/>\n<strong><br \/>\nInformacje techniczne:<br \/>\n<\/strong><br \/>\n &#8211; Pojemno\u015b\u0107: 300 ml<br \/>\n&#8211; Zastosowanie: szk\u0142o, lustra, ceramika szklana, b\u0142yszcz\u0105ce tworzywa sztuczne.<br \/>\n&#8211; Rozpuszczalnik: pochodne alkoholu (izopropanol).<br \/>\n&#8211; Kszta\u0142t: pianka (aerozol).<br \/>\n&#8211; Rezultat: maksymalna przejrzysto\u015b\u0107 bez smug.<\/p>\n","protected":false},"featured_media":2542,"template":"","meta":[],"product_brand":[],"product_cat":[354,203],"product_tag":[],"class_list":{"0":"post-2540","1":"product","2":"type-product","3":"status-publish","4":"has-post-thumbnail","6":"product_cat-produkcja-na-zamowienie","7":"product_cat-produkty-do-pielegnacji-samochodow-i-materialy-eksploatacyjne","8":"pa_brand-svp","9":"pa_ean-4779032960625-0","10":"pa_kiekis_dz-201","11":"pa_kiekis_pk-158","12":"pa_talpa-300-ml","14":"first","15":"instock","16":"shipping-taxable","17":"product-type-simple"},"yoast_head":"<!-- This site is optimized with the Yoast SEO plugin v27.3 - https:\/\/yoast.com\/product\/yoast-seo-wordpress\/ -->\n<title>SVP Pianka w aerozolu do czyszczenia szyb samochodowych WINDOWS BLIC - svpchem.eu<\/title>\n<meta name=\"description\" content=\"SVP pianka w aerozolu do mycia szyb samochodowych WINDOWS BLIC - skutecznie usuwa brud, t\u0142uszcz i kurz z powierzchni okien. Zapewnia lepsz\u0105 widoczno\u015b\u0107, chroni szk\u0142o i u\u0142atwia czyszczenie.\" \/>\n<meta name=\"robots\" content=\"index, follow, max-snippet:-1, max-image-preview:large, max-video-preview:-1\" \/>\n<link rel=\"canonical\" href=\"https:\/\/svpchem.eu\/pl\/produktas\/svp-pianka-w-aerozolu-do-czyszczenia-szyb-samochodowych-windows-blic\/\" \/>\n<meta property=\"og:locale\" content=\"pl_PL\" \/>\n<meta property=\"og:type\" content=\"article\" \/>\n<meta property=\"og:title\" content=\"SVP Pianka w aerozolu do czyszczenia szyb samochodowych WINDOWS BLIC - svpchem.eu\" \/>\n<meta property=\"og:description\" content=\"SVP pianka w aerozolu do mycia szyb samochodowych WINDOWS BLIC - skutecznie usuwa brud, t\u0142uszcz i kurz z powierzchni okien. Zapewnia lepsz\u0105 widoczno\u015b\u0107, chroni szk\u0142o i u\u0142atwia czyszczenie.\" \/>\n<meta property=\"og:url\" content=\"https:\/\/svpchem.eu\/pl\/produktas\/svp-pianka-w-aerozolu-do-czyszczenia-szyb-samochodowych-windows-blic\/\" \/>\n<meta property=\"og:site_name\" content=\"svpchem.eu\" \/>\n<meta property=\"article:modified_time\" content=\"2026-04-10T09:59:42+00:00\" \/>\n<meta property=\"og:image\" content=\"https:\/\/svpchem.eu\/wp-content\/uploads\/2025\/12\/SVP-Aerozolinis-putu-valiklis-automobilio-stiklams-WINDOWS-BLIC.jpg\" \/>\n\t<meta property=\"og:image:width\" content=\"1300\" \/>\n\t<meta property=\"og:image:height\" content=\"1300\" \/>\n\t<meta property=\"og:image:type\" content=\"image\/jpeg\" \/>\n<meta name=\"twitter:card\" content=\"summary_large_image\" \/>\n<script type=\"application\/ld+json\" class=\"yoast-schema-graph\">{\"@context\":\"https:\\\/\\\/schema.org\",\"@graph\":[{\"@type\":\"WebPage\",\"@id\":\"https:\\\/\\\/svpchem.eu\\\/pl\\\/produktas\\\/svp-pianka-w-aerozolu-do-czyszczenia-szyb-samochodowych-windows-blic\\\/\",\"url\":\"https:\\\/\\\/svpchem.eu\\\/pl\\\/produktas\\\/svp-pianka-w-aerozolu-do-czyszczenia-szyb-samochodowych-windows-blic\\\/\",\"name\":\"SVP Pianka w aerozolu do czyszczenia szyb samochodowych WINDOWS BLIC - svpchem.eu\",\"isPartOf\":{\"@id\":\"https:\\\/\\\/svpchem.eu\\\/pl\\\/#website\"},\"primaryImageOfPage\":{\"@id\":\"https:\\\/\\\/svpchem.eu\\\/pl\\\/produktas\\\/svp-pianka-w-aerozolu-do-czyszczenia-szyb-samochodowych-windows-blic\\\/#primaryimage\"},\"image\":{\"@id\":\"https:\\\/\\\/svpchem.eu\\\/pl\\\/produktas\\\/svp-pianka-w-aerozolu-do-czyszczenia-szyb-samochodowych-windows-blic\\\/#primaryimage\"},\"thumbnailUrl\":\"https:\\\/\\\/svpchem.eu\\\/wp-content\\\/uploads\\\/2025\\\/12\\\/SVP-Aerozolinis-putu-valiklis-automobilio-stiklams-WINDOWS-BLIC.jpg\",\"datePublished\":\"2025-12-19T13:31:50+00:00\",\"dateModified\":\"2026-04-10T09:59:42+00:00\",\"description\":\"SVP pianka w aerozolu do mycia szyb samochodowych WINDOWS BLIC - skutecznie usuwa brud, t\u0142uszcz i kurz z powierzchni okien. Zapewnia lepsz\u0105 widoczno\u015b\u0107, chroni szk\u0142o i u\u0142atwia czyszczenie.\",\"breadcrumb\":{\"@id\":\"https:\\\/\\\/svpchem.eu\\\/pl\\\/produktas\\\/svp-pianka-w-aerozolu-do-czyszczenia-szyb-samochodowych-windows-blic\\\/#breadcrumb\"},\"inLanguage\":\"pl-PL\",\"potentialAction\":[{\"@type\":\"ReadAction\",\"target\":[\"https:\\\/\\\/svpchem.eu\\\/pl\\\/produktas\\\/svp-pianka-w-aerozolu-do-czyszczenia-szyb-samochodowych-windows-blic\\\/\"]}]},{\"@type\":\"ImageObject\",\"inLanguage\":\"pl-PL\",\"@id\":\"https:\\\/\\\/svpchem.eu\\\/pl\\\/produktas\\\/svp-pianka-w-aerozolu-do-czyszczenia-szyb-samochodowych-windows-blic\\\/#primaryimage\",\"url\":\"https:\\\/\\\/svpchem.eu\\\/wp-content\\\/uploads\\\/2025\\\/12\\\/SVP-Aerozolinis-putu-valiklis-automobilio-stiklams-WINDOWS-BLIC.jpg\",\"contentUrl\":\"https:\\\/\\\/svpchem.eu\\\/wp-content\\\/uploads\\\/2025\\\/12\\\/SVP-Aerozolinis-putu-valiklis-automobilio-stiklams-WINDOWS-BLIC.jpg\",\"width\":1300,\"height\":1300},{\"@type\":\"BreadcrumbList\",\"@id\":\"https:\\\/\\\/svpchem.eu\\\/pl\\\/produktas\\\/svp-pianka-w-aerozolu-do-czyszczenia-szyb-samochodowych-windows-blic\\\/#breadcrumb\",\"itemListElement\":[{\"@type\":\"ListItem\",\"position\":1,\"name\":\"Strona g\u0142\u00f3wna\",\"item\":\"https:\\\/\\\/svpchem.eu\\\/pl\\\/o-nas\\\/\"},{\"@type\":\"ListItem\",\"position\":2,\"name\":\"Sklep\",\"item\":\"https:\\\/\\\/svpchem.eu\\\/pl\\\/sklep\\\/\"},{\"@type\":\"ListItem\",\"position\":3,\"name\":\"SVP Pianka w aerozolu do czyszczenia szyb samochodowych WINDOWS BLIC\"}]},{\"@type\":\"WebSite\",\"@id\":\"https:\\\/\\\/svpchem.eu\\\/pl\\\/#website\",\"url\":\"https:\\\/\\\/svpchem.eu\\\/pl\\\/\",\"name\":\"svpchem.eu\",\"description\":\"\",\"publisher\":{\"@id\":\"https:\\\/\\\/svpchem.eu\\\/pl\\\/#organization\"},\"potentialAction\":[{\"@type\":\"SearchAction\",\"target\":{\"@type\":\"EntryPoint\",\"urlTemplate\":\"https:\\\/\\\/svpchem.eu\\\/pl\\\/?s={search_term_string}\"},\"query-input\":{\"@type\":\"PropertyValueSpecification\",\"valueRequired\":true,\"valueName\":\"search_term_string\"}}],\"inLanguage\":\"pl-PL\"},{\"@type\":\"Organization\",\"@id\":\"https:\\\/\\\/svpchem.eu\\\/pl\\\/#organization\",\"name\":\"svpchem.eu\",\"url\":\"https:\\\/\\\/svpchem.eu\\\/pl\\\/\",\"logo\":{\"@type\":\"ImageObject\",\"inLanguage\":\"pl-PL\",\"@id\":\"https:\\\/\\\/svpchem.eu\\\/pl\\\/#\\\/schema\\\/logo\\\/image\\\/\",\"url\":\"https:\\\/\\\/svpchem.eu\\\/wp-content\\\/uploads\\\/2025\\\/12\\\/logo_cropped_no_bg_20251217-1.png\",\"contentUrl\":\"https:\\\/\\\/svpchem.eu\\\/wp-content\\\/uploads\\\/2025\\\/12\\\/logo_cropped_no_bg_20251217-1.png\",\"width\":851,\"height\":430,\"caption\":\"svpchem.eu\"},\"image\":{\"@id\":\"https:\\\/\\\/svpchem.eu\\\/pl\\\/#\\\/schema\\\/logo\\\/image\\\/\"}}]}<\/script>\n<!-- \/ Yoast SEO plugin. -->","yoast_head_json":{"title":"SVP Pianka w aerozolu do czyszczenia szyb samochodowych WINDOWS BLIC - svpchem.eu","description":"SVP pianka w aerozolu do mycia szyb samochodowych WINDOWS BLIC - skutecznie usuwa brud, t\u0142uszcz i kurz z powierzchni okien. Zapewnia lepsz\u0105 widoczno\u015b\u0107, chroni szk\u0142o i u\u0142atwia czyszczenie.","robots":{"index":"index","follow":"follow","max-snippet":"max-snippet:-1","max-image-preview":"max-image-preview:large","max-video-preview":"max-video-preview:-1"},"canonical":"https:\/\/svpchem.eu\/pl\/produktas\/svp-pianka-w-aerozolu-do-czyszczenia-szyb-samochodowych-windows-blic\/","og_locale":"pl_PL","og_type":"article","og_title":"SVP Pianka w aerozolu do czyszczenia szyb samochodowych WINDOWS BLIC - svpchem.eu","og_description":"SVP pianka w aerozolu do mycia szyb samochodowych WINDOWS BLIC - skutecznie usuwa brud, t\u0142uszcz i kurz z powierzchni okien. Zapewnia lepsz\u0105 widoczno\u015b\u0107, chroni szk\u0142o i u\u0142atwia czyszczenie.","og_url":"https:\/\/svpchem.eu\/pl\/produktas\/svp-pianka-w-aerozolu-do-czyszczenia-szyb-samochodowych-windows-blic\/","og_site_name":"svpchem.eu","article_modified_time":"2026-04-10T09:59:42+00:00","og_image":[{"width":1300,"height":1300,"url":"https:\/\/svpchem.eu\/wp-content\/uploads\/2025\/12\/SVP-Aerozolinis-putu-valiklis-automobilio-stiklams-WINDOWS-BLIC.jpg","type":"image\/jpeg"}],"twitter_card":"summary_large_image","schema":{"@context":"https:\/\/schema.org","@graph":[{"@type":"WebPage","@id":"https:\/\/svpchem.eu\/pl\/produktas\/svp-pianka-w-aerozolu-do-czyszczenia-szyb-samochodowych-windows-blic\/","url":"https:\/\/svpchem.eu\/pl\/produktas\/svp-pianka-w-aerozolu-do-czyszczenia-szyb-samochodowych-windows-blic\/","name":"SVP Pianka w aerozolu do czyszczenia szyb samochodowych WINDOWS BLIC - svpchem.eu","isPartOf":{"@id":"https:\/\/svpchem.eu\/pl\/#website"},"primaryImageOfPage":{"@id":"https:\/\/svpchem.eu\/pl\/produktas\/svp-pianka-w-aerozolu-do-czyszczenia-szyb-samochodowych-windows-blic\/#primaryimage"},"image":{"@id":"https:\/\/svpchem.eu\/pl\/produktas\/svp-pianka-w-aerozolu-do-czyszczenia-szyb-samochodowych-windows-blic\/#primaryimage"},"thumbnailUrl":"https:\/\/svpchem.eu\/wp-content\/uploads\/2025\/12\/SVP-Aerozolinis-putu-valiklis-automobilio-stiklams-WINDOWS-BLIC.jpg","datePublished":"2025-12-19T13:31:50+00:00","dateModified":"2026-04-10T09:59:42+00:00","description":"SVP pianka w aerozolu do mycia szyb samochodowych WINDOWS BLIC - skutecznie usuwa brud, t\u0142uszcz i kurz z powierzchni okien. Zapewnia lepsz\u0105 widoczno\u015b\u0107, chroni szk\u0142o i u\u0142atwia czyszczenie.","breadcrumb":{"@id":"https:\/\/svpchem.eu\/pl\/produktas\/svp-pianka-w-aerozolu-do-czyszczenia-szyb-samochodowych-windows-blic\/#breadcrumb"},"inLanguage":"pl-PL","potentialAction":[{"@type":"ReadAction","target":["https:\/\/svpchem.eu\/pl\/produktas\/svp-pianka-w-aerozolu-do-czyszczenia-szyb-samochodowych-windows-blic\/"]}]},{"@type":"ImageObject","inLanguage":"pl-PL","@id":"https:\/\/svpchem.eu\/pl\/produktas\/svp-pianka-w-aerozolu-do-czyszczenia-szyb-samochodowych-windows-blic\/#primaryimage","url":"https:\/\/svpchem.eu\/wp-content\/uploads\/2025\/12\/SVP-Aerozolinis-putu-valiklis-automobilio-stiklams-WINDOWS-BLIC.jpg","contentUrl":"https:\/\/svpchem.eu\/wp-content\/uploads\/2025\/12\/SVP-Aerozolinis-putu-valiklis-automobilio-stiklams-WINDOWS-BLIC.jpg","width":1300,"height":1300},{"@type":"BreadcrumbList","@id":"https:\/\/svpchem.eu\/pl\/produktas\/svp-pianka-w-aerozolu-do-czyszczenia-szyb-samochodowych-windows-blic\/#breadcrumb","itemListElement":[{"@type":"ListItem","position":1,"name":"Strona g\u0142\u00f3wna","item":"https:\/\/svpchem.eu\/pl\/o-nas\/"},{"@type":"ListItem","position":2,"name":"Sklep","item":"https:\/\/svpchem.eu\/pl\/sklep\/"},{"@type":"ListItem","position":3,"name":"SVP Pianka w aerozolu do czyszczenia szyb samochodowych WINDOWS BLIC"}]},{"@type":"WebSite","@id":"https:\/\/svpchem.eu\/pl\/#website","url":"https:\/\/svpchem.eu\/pl\/","name":"svpchem.eu","description":"","publisher":{"@id":"https:\/\/svpchem.eu\/pl\/#organization"},"potentialAction":[{"@type":"SearchAction","target":{"@type":"EntryPoint","urlTemplate":"https:\/\/svpchem.eu\/pl\/?s={search_term_string}"},"query-input":{"@type":"PropertyValueSpecification","valueRequired":true,"valueName":"search_term_string"}}],"inLanguage":"pl-PL"},{"@type":"Organization","@id":"https:\/\/svpchem.eu\/pl\/#organization","name":"svpchem.eu","url":"https:\/\/svpchem.eu\/pl\/","logo":{"@type":"ImageObject","inLanguage":"pl-PL","@id":"https:\/\/svpchem.eu\/pl\/#\/schema\/logo\/image\/","url":"https:\/\/svpchem.eu\/wp-content\/uploads\/2025\/12\/logo_cropped_no_bg_20251217-1.png","contentUrl":"https:\/\/svpchem.eu\/wp-content\/uploads\/2025\/12\/logo_cropped_no_bg_20251217-1.png","width":851,"height":430,"caption":"svpchem.eu"},"image":{"@id":"https:\/\/svpchem.eu\/pl\/#\/schema\/logo\/image\/"}}]}},"_links":{"self":[{"href":"https:\/\/svpchem.eu\/pl\/wp-json\/wp\/v2\/product\/2540","targetHints":{"allow":["GET"]}}],"collection":[{"href":"https:\/\/svpchem.eu\/pl\/wp-json\/wp\/v2\/product"}],"about":[{"href":"https:\/\/svpchem.eu\/pl\/wp-json\/wp\/v2\/types\/product"}],"wp:featuredmedia":[{"embeddable":true,"href":"https:\/\/svpchem.eu\/pl\/wp-json\/wp\/v2\/media\/2542"}],"wp:attachment":[{"href":"https:\/\/svpchem.eu\/pl\/wp-json\/wp\/v2\/media?parent=2540"}],"wp:term":[{"taxonomy":"product_brand","embeddable":true,"href":"https:\/\/svpchem.eu\/pl\/wp-json\/wp\/v2\/product_brand?post=2540"},{"taxonomy":"product_cat","embeddable":true,"href":"https:\/\/svpchem.eu\/pl\/wp-json\/wp\/v2\/product_cat?post=2540"},{"taxonomy":"product_tag","embeddable":true,"href":"https:\/\/svpchem.eu\/pl\/wp-json\/wp\/v2\/product_tag?post=2540"}],"curies":[{"name":"wp","href":"https:\/\/api.w.org\/{rel}","templated":true}]}}