{"id":2590,"date":"2025-12-19T13:31:50","date_gmt":"2025-12-19T13:31:50","guid":{"rendered":"https:\/\/svpchem.eu\/produktas\/svp-srodek-do-czyszczenia-tapicerki-siedzen-dywanow-clean-all-ze-szczotka\/"},"modified":"2026-04-10T09:57:43","modified_gmt":"2026-04-10T09:57:43","slug":"svp-srodek-do-czyszczenia-tapicerki-siedzen-dywanow-clean-all-ze-szczotka","status":"publish","type":"product","link":"https:\/\/svpchem.eu\/pl\/produktas\/svp-srodek-do-czyszczenia-tapicerki-siedzen-dywanow-clean-all-ze-szczotka\/","title":{"rendered":"SVP \u015arodek do czyszczenia tapicerki, siedze\u0144, dywan\u00f3w CLEAN ALL (ze szczotk\u0105)"},"content":{"rendered":"","protected":false},"excerpt":{"rendered":"<p><strong>Opis:<br \/>\n<\/strong><br \/>\n Uniwersalny \u015brodek czyszcz\u0105cy w aerozolu z wbudowan\u0105 szczotk\u0105 do czyszczenia tekstyli\u00f3w, dywan\u00f3w i siedze\u0144 w samochodzie i w domu.<\/p>\n<p><strong>Kluczowe cechy:<br \/>\n<\/strong><br \/>\n &#8211; Usuwa olej, jedzenie, napoje, brud i inne plamy.<br \/>\n&#8211; G\u0142\u0119boko wnika w tkanin\u0119 i usuwa brud.<br \/>\n&#8211; Neutralizuje nieprzyjemne zapachy.<br \/>\n&#8211; Nadaje si\u0119 do tkanin, mikrofibry i substytut\u00f3w sk\u00f3ry.<\/p>\n<p><strong>Spos\u00f3b u\u017cycia<\/strong>: <strong><br \/>\n<\/strong><br \/>\n Spryska\u0107 plam\u0119 lub szczotk\u0119, delikatnie wetrze\u0107. Pozostawi\u0107 na 2-3 minuty, wytrze\u0107 wilgotn\u0105 szmatk\u0105. Powt\u00f3rzy\u0107 w przypadku ci\u0119\u017ckich plam. Przetestowa\u0107 na niewidocznym obszarze.<br \/>\n<strong><br \/>\nZalety:<br \/>\n<\/strong><br \/>\n &#8211; \u0141atwy w u\u017cyciu &#8211; szczoteczka umo\u017cliwia precyzyjne dzia\u0142anie na plam\u0119.<br \/>\n&#8211; Szybkie dzia\u0142anie bez ostrych chemikali\u00f3w.<br \/>\n&#8211; Odpowiedni zar\u00f3wno do tekstyli\u00f3w samochodowych, jak i domowych.<\/p>\n<p><strong>Informacje techniczne:<\/strong><\/p>\n<p>&#8211; Pojemno\u015b\u0107: 650 ml.<br \/>\n&#8211; Zapach: \u015bwie\u017cy\/neutralny.<br \/>\n&#8211; Formu\u0142a: bez fosforan\u00f3w, przyjazna dla \u015brodowiska.<\/p>\n","protected":false},"featured_media":2595,"template":"","meta":[],"product_brand":[],"product_cat":[350,203],"product_tag":[],"class_list":{"0":"post-2590","1":"product","2":"type-product","3":"status-publish","4":"has-post-thumbnail","6":"product_cat-asortyment-standardowy","7":"product_cat-produkty-do-pielegnacji-samochodow-i-materialy-eksploatacyjne","8":"pa_brand-svp","9":"pa_ean-4779019620115-0","10":"pa_kiekis_dz-201","11":"pa_kiekis_pk-158","12":"pa_talpa-650-ml","14":"first","15":"instock","16":"shipping-taxable","17":"product-type-simple"},"yoast_head":"<!-- This site is optimized with the Yoast SEO plugin v27.3 - https:\/\/yoast.com\/product\/yoast-seo-wordpress\/ -->\n<title>SVP \u015arodek do czyszczenia tapicerki, siedze\u0144, dywan\u00f3w CLEAN ALL (ze szczotk\u0105) - svpchem.eu<\/title>\n<meta name=\"description\" content=\"SVP Upholstery Clean-All ze szczotk\u0105 - skutecznie usuwa plamy, brud i zanieczyszczenia z siedze\u0144, dywan\u00f3w i tkanin. Aktywna piana g\u0142\u0119boko czy\u015bci tekstylia bez uszkadzania tkanin i pozostawia czyst\u0105, \u015bwie\u017c\u0105 powierzchni\u0119.\" \/>\n<meta name=\"robots\" content=\"index, follow, max-snippet:-1, max-image-preview:large, max-video-preview:-1\" \/>\n<link rel=\"canonical\" href=\"https:\/\/svpchem.eu\/pl\/produktas\/svp-srodek-do-czyszczenia-tapicerki-siedzen-dywanow-clean-all-ze-szczotka\/\" \/>\n<meta property=\"og:locale\" content=\"pl_PL\" \/>\n<meta property=\"og:type\" content=\"article\" \/>\n<meta property=\"og:title\" content=\"SVP \u015arodek do czyszczenia tapicerki, siedze\u0144, dywan\u00f3w CLEAN ALL (ze szczotk\u0105) - svpchem.eu\" \/>\n<meta property=\"og:description\" content=\"SVP Upholstery Clean-All ze szczotk\u0105 - skutecznie usuwa plamy, brud i zanieczyszczenia z siedze\u0144, dywan\u00f3w i tkanin. Aktywna piana g\u0142\u0119boko czy\u015bci tekstylia bez uszkadzania tkanin i pozostawia czyst\u0105, \u015bwie\u017c\u0105 powierzchni\u0119.\" \/>\n<meta property=\"og:url\" content=\"https:\/\/svpchem.eu\/pl\/produktas\/svp-srodek-do-czyszczenia-tapicerki-siedzen-dywanow-clean-all-ze-szczotka\/\" \/>\n<meta property=\"og:site_name\" content=\"svpchem.eu\" \/>\n<meta property=\"article:modified_time\" content=\"2026-04-10T09:57:43+00:00\" \/>\n<meta property=\"og:image\" content=\"https:\/\/svpchem.eu\/wp-content\/uploads\/2025\/12\/SVP-Apmusalu-valiklis-sedynems-kilimeliams-CLEAN-ALL-su-sepeteliu-N.png\" \/>\n\t<meta property=\"og:image:width\" content=\"1024\" \/>\n\t<meta property=\"og:image:height\" content=\"1024\" \/>\n\t<meta property=\"og:image:type\" content=\"image\/png\" \/>\n<meta name=\"twitter:card\" content=\"summary_large_image\" \/>\n<script type=\"application\/ld+json\" class=\"yoast-schema-graph\">{\"@context\":\"https:\\\/\\\/schema.org\",\"@graph\":[{\"@type\":\"WebPage\",\"@id\":\"https:\\\/\\\/svpchem.eu\\\/pl\\\/produktas\\\/svp-srodek-do-czyszczenia-tapicerki-siedzen-dywanow-clean-all-ze-szczotka\\\/\",\"url\":\"https:\\\/\\\/svpchem.eu\\\/pl\\\/produktas\\\/svp-srodek-do-czyszczenia-tapicerki-siedzen-dywanow-clean-all-ze-szczotka\\\/\",\"name\":\"SVP \u015arodek do czyszczenia tapicerki, siedze\u0144, dywan\u00f3w CLEAN ALL (ze szczotk\u0105) - svpchem.eu\",\"isPartOf\":{\"@id\":\"https:\\\/\\\/svpchem.eu\\\/pl\\\/#website\"},\"primaryImageOfPage\":{\"@id\":\"https:\\\/\\\/svpchem.eu\\\/pl\\\/produktas\\\/svp-srodek-do-czyszczenia-tapicerki-siedzen-dywanow-clean-all-ze-szczotka\\\/#primaryimage\"},\"image\":{\"@id\":\"https:\\\/\\\/svpchem.eu\\\/pl\\\/produktas\\\/svp-srodek-do-czyszczenia-tapicerki-siedzen-dywanow-clean-all-ze-szczotka\\\/#primaryimage\"},\"thumbnailUrl\":\"https:\\\/\\\/svpchem.eu\\\/wp-content\\\/uploads\\\/2025\\\/12\\\/SVP-Apmusalu-valiklis-sedynems-kilimeliams-CLEAN-ALL-su-sepeteliu-N.jpg\",\"datePublished\":\"2025-12-19T13:31:50+00:00\",\"dateModified\":\"2026-04-10T09:57:43+00:00\",\"description\":\"SVP Upholstery Clean-All ze szczotk\u0105 - skutecznie usuwa plamy, brud i zanieczyszczenia z siedze\u0144, dywan\u00f3w i tkanin. Aktywna piana g\u0142\u0119boko czy\u015bci tekstylia bez uszkadzania tkanin i pozostawia czyst\u0105, \u015bwie\u017c\u0105 powierzchni\u0119.\",\"breadcrumb\":{\"@id\":\"https:\\\/\\\/svpchem.eu\\\/pl\\\/produktas\\\/svp-srodek-do-czyszczenia-tapicerki-siedzen-dywanow-clean-all-ze-szczotka\\\/#breadcrumb\"},\"inLanguage\":\"pl-PL\",\"potentialAction\":[{\"@type\":\"ReadAction\",\"target\":[\"https:\\\/\\\/svpchem.eu\\\/pl\\\/produktas\\\/svp-srodek-do-czyszczenia-tapicerki-siedzen-dywanow-clean-all-ze-szczotka\\\/\"]}]},{\"@type\":\"ImageObject\",\"inLanguage\":\"pl-PL\",\"@id\":\"https:\\\/\\\/svpchem.eu\\\/pl\\\/produktas\\\/svp-srodek-do-czyszczenia-tapicerki-siedzen-dywanow-clean-all-ze-szczotka\\\/#primaryimage\",\"url\":\"https:\\\/\\\/svpchem.eu\\\/wp-content\\\/uploads\\\/2025\\\/12\\\/SVP-Apmusalu-valiklis-sedynems-kilimeliams-CLEAN-ALL-su-sepeteliu-N.jpg\",\"contentUrl\":\"https:\\\/\\\/svpchem.eu\\\/wp-content\\\/uploads\\\/2025\\\/12\\\/SVP-Apmusalu-valiklis-sedynems-kilimeliams-CLEAN-ALL-su-sepeteliu-N.jpg\",\"width\":1300,\"height\":1300},{\"@type\":\"BreadcrumbList\",\"@id\":\"https:\\\/\\\/svpchem.eu\\\/pl\\\/produktas\\\/svp-srodek-do-czyszczenia-tapicerki-siedzen-dywanow-clean-all-ze-szczotka\\\/#breadcrumb\",\"itemListElement\":[{\"@type\":\"ListItem\",\"position\":1,\"name\":\"Strona g\u0142\u00f3wna\",\"item\":\"https:\\\/\\\/svpchem.eu\\\/pl\\\/o-nas\\\/\"},{\"@type\":\"ListItem\",\"position\":2,\"name\":\"Sklep\",\"item\":\"https:\\\/\\\/svpchem.eu\\\/pl\\\/sklep\\\/\"},{\"@type\":\"ListItem\",\"position\":3,\"name\":\"SVP \u015arodek do czyszczenia tapicerki, siedze\u0144, dywan\u00f3w CLEAN ALL (ze szczotk\u0105)\"}]},{\"@type\":\"WebSite\",\"@id\":\"https:\\\/\\\/svpchem.eu\\\/pl\\\/#website\",\"url\":\"https:\\\/\\\/svpchem.eu\\\/pl\\\/\",\"name\":\"svpchem.eu\",\"description\":\"\",\"publisher\":{\"@id\":\"https:\\\/\\\/svpchem.eu\\\/pl\\\/#organization\"},\"potentialAction\":[{\"@type\":\"SearchAction\",\"target\":{\"@type\":\"EntryPoint\",\"urlTemplate\":\"https:\\\/\\\/svpchem.eu\\\/pl\\\/?s={search_term_string}\"},\"query-input\":{\"@type\":\"PropertyValueSpecification\",\"valueRequired\":true,\"valueName\":\"search_term_string\"}}],\"inLanguage\":\"pl-PL\"},{\"@type\":\"Organization\",\"@id\":\"https:\\\/\\\/svpchem.eu\\\/pl\\\/#organization\",\"name\":\"svpchem.eu\",\"url\":\"https:\\\/\\\/svpchem.eu\\\/pl\\\/\",\"logo\":{\"@type\":\"ImageObject\",\"inLanguage\":\"pl-PL\",\"@id\":\"https:\\\/\\\/svpchem.eu\\\/pl\\\/#\\\/schema\\\/logo\\\/image\\\/\",\"url\":\"https:\\\/\\\/svpchem.eu\\\/wp-content\\\/uploads\\\/2025\\\/12\\\/logo_cropped_no_bg_20251217-1.png\",\"contentUrl\":\"https:\\\/\\\/svpchem.eu\\\/wp-content\\\/uploads\\\/2025\\\/12\\\/logo_cropped_no_bg_20251217-1.png\",\"width\":851,\"height\":430,\"caption\":\"svpchem.eu\"},\"image\":{\"@id\":\"https:\\\/\\\/svpchem.eu\\\/pl\\\/#\\\/schema\\\/logo\\\/image\\\/\"}}]}<\/script>\n<!-- \/ Yoast SEO plugin. -->","yoast_head_json":{"title":"SVP \u015arodek do czyszczenia tapicerki, siedze\u0144, dywan\u00f3w CLEAN ALL (ze szczotk\u0105) - svpchem.eu","description":"SVP Upholstery Clean-All ze szczotk\u0105 - skutecznie usuwa plamy, brud i zanieczyszczenia z siedze\u0144, dywan\u00f3w i tkanin. Aktywna piana g\u0142\u0119boko czy\u015bci tekstylia bez uszkadzania tkanin i pozostawia czyst\u0105, \u015bwie\u017c\u0105 powierzchni\u0119.","robots":{"index":"index","follow":"follow","max-snippet":"max-snippet:-1","max-image-preview":"max-image-preview:large","max-video-preview":"max-video-preview:-1"},"canonical":"https:\/\/svpchem.eu\/pl\/produktas\/svp-srodek-do-czyszczenia-tapicerki-siedzen-dywanow-clean-all-ze-szczotka\/","og_locale":"pl_PL","og_type":"article","og_title":"SVP \u015arodek do czyszczenia tapicerki, siedze\u0144, dywan\u00f3w CLEAN ALL (ze szczotk\u0105) - svpchem.eu","og_description":"SVP Upholstery Clean-All ze szczotk\u0105 - skutecznie usuwa plamy, brud i zanieczyszczenia z siedze\u0144, dywan\u00f3w i tkanin. Aktywna piana g\u0142\u0119boko czy\u015bci tekstylia bez uszkadzania tkanin i pozostawia czyst\u0105, \u015bwie\u017c\u0105 powierzchni\u0119.","og_url":"https:\/\/svpchem.eu\/pl\/produktas\/svp-srodek-do-czyszczenia-tapicerki-siedzen-dywanow-clean-all-ze-szczotka\/","og_site_name":"svpchem.eu","article_modified_time":"2026-04-10T09:57:43+00:00","og_image":[{"width":1024,"height":1024,"url":"https:\/\/svpchem.eu\/wp-content\/uploads\/2025\/12\/SVP-Apmusalu-valiklis-sedynems-kilimeliams-CLEAN-ALL-su-sepeteliu-N.png","type":"image\/png"}],"twitter_card":"summary_large_image","schema":{"@context":"https:\/\/schema.org","@graph":[{"@type":"WebPage","@id":"https:\/\/svpchem.eu\/pl\/produktas\/svp-srodek-do-czyszczenia-tapicerki-siedzen-dywanow-clean-all-ze-szczotka\/","url":"https:\/\/svpchem.eu\/pl\/produktas\/svp-srodek-do-czyszczenia-tapicerki-siedzen-dywanow-clean-all-ze-szczotka\/","name":"SVP \u015arodek do czyszczenia tapicerki, siedze\u0144, dywan\u00f3w CLEAN ALL (ze szczotk\u0105) - svpchem.eu","isPartOf":{"@id":"https:\/\/svpchem.eu\/pl\/#website"},"primaryImageOfPage":{"@id":"https:\/\/svpchem.eu\/pl\/produktas\/svp-srodek-do-czyszczenia-tapicerki-siedzen-dywanow-clean-all-ze-szczotka\/#primaryimage"},"image":{"@id":"https:\/\/svpchem.eu\/pl\/produktas\/svp-srodek-do-czyszczenia-tapicerki-siedzen-dywanow-clean-all-ze-szczotka\/#primaryimage"},"thumbnailUrl":"https:\/\/svpchem.eu\/wp-content\/uploads\/2025\/12\/SVP-Apmusalu-valiklis-sedynems-kilimeliams-CLEAN-ALL-su-sepeteliu-N.jpg","datePublished":"2025-12-19T13:31:50+00:00","dateModified":"2026-04-10T09:57:43+00:00","description":"SVP Upholstery Clean-All ze szczotk\u0105 - skutecznie usuwa plamy, brud i zanieczyszczenia z siedze\u0144, dywan\u00f3w i tkanin. Aktywna piana g\u0142\u0119boko czy\u015bci tekstylia bez uszkadzania tkanin i pozostawia czyst\u0105, \u015bwie\u017c\u0105 powierzchni\u0119.","breadcrumb":{"@id":"https:\/\/svpchem.eu\/pl\/produktas\/svp-srodek-do-czyszczenia-tapicerki-siedzen-dywanow-clean-all-ze-szczotka\/#breadcrumb"},"inLanguage":"pl-PL","potentialAction":[{"@type":"ReadAction","target":["https:\/\/svpchem.eu\/pl\/produktas\/svp-srodek-do-czyszczenia-tapicerki-siedzen-dywanow-clean-all-ze-szczotka\/"]}]},{"@type":"ImageObject","inLanguage":"pl-PL","@id":"https:\/\/svpchem.eu\/pl\/produktas\/svp-srodek-do-czyszczenia-tapicerki-siedzen-dywanow-clean-all-ze-szczotka\/#primaryimage","url":"https:\/\/svpchem.eu\/wp-content\/uploads\/2025\/12\/SVP-Apmusalu-valiklis-sedynems-kilimeliams-CLEAN-ALL-su-sepeteliu-N.jpg","contentUrl":"https:\/\/svpchem.eu\/wp-content\/uploads\/2025\/12\/SVP-Apmusalu-valiklis-sedynems-kilimeliams-CLEAN-ALL-su-sepeteliu-N.jpg","width":1300,"height":1300},{"@type":"BreadcrumbList","@id":"https:\/\/svpchem.eu\/pl\/produktas\/svp-srodek-do-czyszczenia-tapicerki-siedzen-dywanow-clean-all-ze-szczotka\/#breadcrumb","itemListElement":[{"@type":"ListItem","position":1,"name":"Strona g\u0142\u00f3wna","item":"https:\/\/svpchem.eu\/pl\/o-nas\/"},{"@type":"ListItem","position":2,"name":"Sklep","item":"https:\/\/svpchem.eu\/pl\/sklep\/"},{"@type":"ListItem","position":3,"name":"SVP \u015arodek do czyszczenia tapicerki, siedze\u0144, dywan\u00f3w CLEAN ALL (ze szczotk\u0105)"}]},{"@type":"WebSite","@id":"https:\/\/svpchem.eu\/pl\/#website","url":"https:\/\/svpchem.eu\/pl\/","name":"svpchem.eu","description":"","publisher":{"@id":"https:\/\/svpchem.eu\/pl\/#organization"},"potentialAction":[{"@type":"SearchAction","target":{"@type":"EntryPoint","urlTemplate":"https:\/\/svpchem.eu\/pl\/?s={search_term_string}"},"query-input":{"@type":"PropertyValueSpecification","valueRequired":true,"valueName":"search_term_string"}}],"inLanguage":"pl-PL"},{"@type":"Organization","@id":"https:\/\/svpchem.eu\/pl\/#organization","name":"svpchem.eu","url":"https:\/\/svpchem.eu\/pl\/","logo":{"@type":"ImageObject","inLanguage":"pl-PL","@id":"https:\/\/svpchem.eu\/pl\/#\/schema\/logo\/image\/","url":"https:\/\/svpchem.eu\/wp-content\/uploads\/2025\/12\/logo_cropped_no_bg_20251217-1.png","contentUrl":"https:\/\/svpchem.eu\/wp-content\/uploads\/2025\/12\/logo_cropped_no_bg_20251217-1.png","width":851,"height":430,"caption":"svpchem.eu"},"image":{"@id":"https:\/\/svpchem.eu\/pl\/#\/schema\/logo\/image\/"}}]}},"_links":{"self":[{"href":"https:\/\/svpchem.eu\/pl\/wp-json\/wp\/v2\/product\/2590","targetHints":{"allow":["GET"]}}],"collection":[{"href":"https:\/\/svpchem.eu\/pl\/wp-json\/wp\/v2\/product"}],"about":[{"href":"https:\/\/svpchem.eu\/pl\/wp-json\/wp\/v2\/types\/product"}],"wp:featuredmedia":[{"embeddable":true,"href":"https:\/\/svpchem.eu\/pl\/wp-json\/wp\/v2\/media\/2595"}],"wp:attachment":[{"href":"https:\/\/svpchem.eu\/pl\/wp-json\/wp\/v2\/media?parent=2590"}],"wp:term":[{"taxonomy":"product_brand","embeddable":true,"href":"https:\/\/svpchem.eu\/pl\/wp-json\/wp\/v2\/product_brand?post=2590"},{"taxonomy":"product_cat","embeddable":true,"href":"https:\/\/svpchem.eu\/pl\/wp-json\/wp\/v2\/product_cat?post=2590"},{"taxonomy":"product_tag","embeddable":true,"href":"https:\/\/svpchem.eu\/pl\/wp-json\/wp\/v2\/product_tag?post=2590"}],"curies":[{"name":"wp","href":"https:\/\/api.w.org\/{rel}","templated":true}]}}