{"id":2603,"date":"2025-12-19T13:31:50","date_gmt":"2025-12-19T13:31:50","guid":{"rendered":"https:\/\/svpchem.eu\/produktas\/svp-dashboard-cleaner-gloss-o-zapachu-cytryna-wisnia-wanilia-cockpit\/"},"modified":"2026-04-10T09:57:57","modified_gmt":"2026-04-10T09:57:57","slug":"svp-dashboard-cleaner-gloss-o-zapachu-cytryna-wisnia-wanilia-cockpit","status":"publish","type":"product","link":"https:\/\/svpchem.eu\/pl\/produktas\/svp-dashboard-cleaner-gloss-o-zapachu-cytryna-wisnia-wanilia-cockpit\/","title":{"rendered":"SVP Dashboard Cleaner Gloss o zapachu (cytryna, wi\u015bnia, wanilia) COCKPIT"},"content":{"rendered":"","protected":false},"excerpt":{"rendered":"<p><strong>Opis:<br \/>\n<\/strong><br \/>\n Uniwersalny \u015brodek do piel\u0119gnacji wewn\u0119trznych i zewn\u0119trznych powierzchni plastikowych i gumowych. Skutecznie usuwa kurz, brud, odciski palc\u00f3w i nadaje d\u0142ugotrwa\u0142y po\u0142ysk, sprawiaj\u0105c, \u017ce powierzchnia wygl\u0105da jak dopiero co wyprodukowana. Nadaje si\u0119 do stosowania na pow\u0142okach winylowych, r\u00f3\u017cnych elementach plastikowych (listwy, zderzaki, skrzynki filtr\u00f3w powietrza itp.).<br \/>\n<strong><br \/>\nKluczowe cechy:<br \/>\n<\/strong><br \/>\n &#8211; Szybko i skutecznie usuwa kurz, t\u0142uszcz i inne zabrudzenia.<br \/>\n&#8211; Przywraca powierzchni bogactwo kolor\u00f3w, nadaj\u0105c jej \u015bwie\u017cy wygl\u0105d.<br \/>\n&#8211; Antystatyczna formu\u0142a ogranicza osadzanie si\u0119 kurzu.<br \/>\n&#8211; Chroni przed promieniowaniem UV i blakni\u0119ciem.<br \/>\n&#8211; Odpowiedni zar\u00f3wno do wn\u0119trza, jak i na zewn\u0105trz samochod\u00f3w, element\u00f3w plastikowych i gumowych.<br \/>\n&#8211; Zapewnia przyjemny, \u015bwie\u017cy zapach.<br \/>\n<strong><br \/>\nSpos\u00f3b u\u017cycia:<br \/>\n<\/strong><br \/>\n Rozpyli\u0107 bezpo\u015brednio na powierzchni\u0119 lub na szmatk\u0119. Rozprowadzi\u0107 r\u00f3wnomiernie i wytrze\u0107 such\u0105, czyst\u0105 szmatk\u0105. Nie wymaga dodatkowego polerowania. Unika\u0107 powierzchni szklanych i ekran\u00f3w.<br \/>\n<strong><br \/>\nZalety:<br \/>\n<\/strong><br \/>\n &#8211; Powierzchnie wygl\u0105daj\u0105 jak nowe &#8211; b\u0142yszcz\u0105ce i \u015bwie\u017ce.<br \/>\n&#8211; Odpowiedni do powierzchni winylowych, plastikowych, gumowych.<br \/>\n&#8211; Wygodny w u\u017cyciu &#8211; szybkie rezultaty.<br \/>\n&#8211; Dost\u0119pny w trzech przyjemnych zapachach: cytrynowym, wi\u015bniowym, waniliowym.<br \/>\n<strong><br \/>\nInformacje techniczne:<br \/>\n<\/strong><br \/>\n &#8211; Pojemno\u015b\u0107: 750 ml<br \/>\n&#8211; Zapachy: Lemon, Cherry, Vanilla<br \/>\n&#8211; Cz\u0119stotliwo\u015b\u0107 stosowania: wed\u0142ug potrzeb, zalecane co kilka tygodni<\/p>\n","protected":false},"featured_media":3451,"template":"","meta":[],"product_brand":[],"product_cat":[350,203],"product_tag":[],"class_list":{"0":"post-2603","1":"product","2":"type-product","3":"status-publish","4":"has-post-thumbnail","6":"product_cat-asortyment-standardowy","7":"product_cat-produkty-do-pielegnacji-samochodow-i-materialy-eksploatacyjne","8":"pa_brand-svp","9":"pa_ean-2000013316516-0","10":"pa_kiekis_dz-201","11":"pa_kiekis_pk-158","12":"pa_talpa-750-ml","14":"first","15":"instock","16":"shipping-taxable","17":"product-type-simple"},"yoast_head":"<!-- This site is optimized with the Yoast SEO plugin v27.3 - https:\/\/yoast.com\/product\/yoast-seo-wordpress\/ -->\n<title>SVP Dashboard Cleaner Gloss o zapachu (cytryna, wi\u015bnia, wanilia) COCKPIT - svpchem.eu<\/title>\n<meta name=\"description\" content=\"SVP Dashboard Cleaner-Flasher with Scent (Lemon\/Cherry\/Vanilla) - Skutecznie czy\u015bci, konserwuje i nadaje \u015bwie\u017cy zapach plastikowym powierzchniom wn\u0119trza samochodu. Usuwa kurz i odciski palc\u00f3w oraz pozostawia subtelny, przyjemny zapach.\" \/>\n<meta name=\"robots\" content=\"index, follow, max-snippet:-1, max-image-preview:large, max-video-preview:-1\" \/>\n<link rel=\"canonical\" href=\"https:\/\/svpchem.eu\/pl\/produktas\/svp-dashboard-cleaner-gloss-o-zapachu-cytryna-wisnia-wanilia-cockpit\/\" \/>\n<meta property=\"og:locale\" content=\"pl_PL\" \/>\n<meta property=\"og:type\" content=\"article\" \/>\n<meta property=\"og:title\" content=\"SVP Dashboard Cleaner Gloss o zapachu (cytryna, wi\u015bnia, wanilia) COCKPIT - svpchem.eu\" \/>\n<meta property=\"og:description\" content=\"SVP Dashboard Cleaner-Flasher with Scent (Lemon\/Cherry\/Vanilla) - Skutecznie czy\u015bci, konserwuje i nadaje \u015bwie\u017cy zapach plastikowym powierzchniom wn\u0119trza samochodu. Usuwa kurz i odciski palc\u00f3w oraz pozostawia subtelny, przyjemny zapach.\" \/>\n<meta property=\"og:url\" content=\"https:\/\/svpchem.eu\/pl\/produktas\/svp-dashboard-cleaner-gloss-o-zapachu-cytryna-wisnia-wanilia-cockpit\/\" \/>\n<meta property=\"og:site_name\" content=\"svpchem.eu\" \/>\n<meta property=\"article:modified_time\" content=\"2026-04-10T09:57:57+00:00\" \/>\n<meta property=\"og:image\" content=\"https:\/\/svpchem.eu\/wp-content\/uploads\/2025\/12\/SVP-Prietaisu-skydelio-valiklis-blizgiklis-su-kvapu-citrinos-vysnios-vaniles-COCKPIT-N2.png\" \/>\n\t<meta property=\"og:image:width\" content=\"1024\" \/>\n\t<meta property=\"og:image:height\" content=\"1024\" \/>\n\t<meta property=\"og:image:type\" content=\"image\/png\" \/>\n<meta name=\"twitter:card\" content=\"summary_large_image\" \/>\n<script type=\"application\/ld+json\" class=\"yoast-schema-graph\">{\"@context\":\"https:\\\/\\\/schema.org\",\"@graph\":[{\"@type\":\"WebPage\",\"@id\":\"https:\\\/\\\/svpchem.eu\\\/pl\\\/produktas\\\/svp-dashboard-cleaner-gloss-o-zapachu-cytryna-wisnia-wanilia-cockpit\\\/\",\"url\":\"https:\\\/\\\/svpchem.eu\\\/pl\\\/produktas\\\/svp-dashboard-cleaner-gloss-o-zapachu-cytryna-wisnia-wanilia-cockpit\\\/\",\"name\":\"SVP Dashboard Cleaner Gloss o zapachu (cytryna, wi\u015bnia, wanilia) COCKPIT - svpchem.eu\",\"isPartOf\":{\"@id\":\"https:\\\/\\\/svpchem.eu\\\/pl\\\/#website\"},\"primaryImageOfPage\":{\"@id\":\"https:\\\/\\\/svpchem.eu\\\/pl\\\/produktas\\\/svp-dashboard-cleaner-gloss-o-zapachu-cytryna-wisnia-wanilia-cockpit\\\/#primaryimage\"},\"image\":{\"@id\":\"https:\\\/\\\/svpchem.eu\\\/pl\\\/produktas\\\/svp-dashboard-cleaner-gloss-o-zapachu-cytryna-wisnia-wanilia-cockpit\\\/#primaryimage\"},\"thumbnailUrl\":\"https:\\\/\\\/svpchem.eu\\\/wp-content\\\/uploads\\\/2025\\\/12\\\/SVP-Prietaisu-skydelio-valiklis-blizgiklis-su-kvapu-citrinos-vysnios-vaniles-COCKPIT-N2.png\",\"datePublished\":\"2025-12-19T13:31:50+00:00\",\"dateModified\":\"2026-04-10T09:57:57+00:00\",\"description\":\"SVP Dashboard Cleaner-Flasher with Scent (Lemon\\\/Cherry\\\/Vanilla) - Skutecznie czy\u015bci, konserwuje i nadaje \u015bwie\u017cy zapach plastikowym powierzchniom wn\u0119trza samochodu. Usuwa kurz i odciski palc\u00f3w oraz pozostawia subtelny, przyjemny zapach.\",\"breadcrumb\":{\"@id\":\"https:\\\/\\\/svpchem.eu\\\/pl\\\/produktas\\\/svp-dashboard-cleaner-gloss-o-zapachu-cytryna-wisnia-wanilia-cockpit\\\/#breadcrumb\"},\"inLanguage\":\"pl-PL\",\"potentialAction\":[{\"@type\":\"ReadAction\",\"target\":[\"https:\\\/\\\/svpchem.eu\\\/pl\\\/produktas\\\/svp-dashboard-cleaner-gloss-o-zapachu-cytryna-wisnia-wanilia-cockpit\\\/\"]}]},{\"@type\":\"ImageObject\",\"inLanguage\":\"pl-PL\",\"@id\":\"https:\\\/\\\/svpchem.eu\\\/pl\\\/produktas\\\/svp-dashboard-cleaner-gloss-o-zapachu-cytryna-wisnia-wanilia-cockpit\\\/#primaryimage\",\"url\":\"https:\\\/\\\/svpchem.eu\\\/wp-content\\\/uploads\\\/2025\\\/12\\\/SVP-Prietaisu-skydelio-valiklis-blizgiklis-su-kvapu-citrinos-vysnios-vaniles-COCKPIT-N2.png\",\"contentUrl\":\"https:\\\/\\\/svpchem.eu\\\/wp-content\\\/uploads\\\/2025\\\/12\\\/SVP-Prietaisu-skydelio-valiklis-blizgiklis-su-kvapu-citrinos-vysnios-vaniles-COCKPIT-N2.png\",\"width\":1024,\"height\":1024},{\"@type\":\"BreadcrumbList\",\"@id\":\"https:\\\/\\\/svpchem.eu\\\/pl\\\/produktas\\\/svp-dashboard-cleaner-gloss-o-zapachu-cytryna-wisnia-wanilia-cockpit\\\/#breadcrumb\",\"itemListElement\":[{\"@type\":\"ListItem\",\"position\":1,\"name\":\"Strona g\u0142\u00f3wna\",\"item\":\"https:\\\/\\\/svpchem.eu\\\/pl\\\/o-nas\\\/\"},{\"@type\":\"ListItem\",\"position\":2,\"name\":\"Sklep\",\"item\":\"https:\\\/\\\/svpchem.eu\\\/pl\\\/sklep\\\/\"},{\"@type\":\"ListItem\",\"position\":3,\"name\":\"SVP Dashboard Cleaner Gloss o zapachu (cytryna, wi\u015bnia, wanilia) COCKPIT\"}]},{\"@type\":\"WebSite\",\"@id\":\"https:\\\/\\\/svpchem.eu\\\/pl\\\/#website\",\"url\":\"https:\\\/\\\/svpchem.eu\\\/pl\\\/\",\"name\":\"svpchem.eu\",\"description\":\"\",\"publisher\":{\"@id\":\"https:\\\/\\\/svpchem.eu\\\/pl\\\/#organization\"},\"potentialAction\":[{\"@type\":\"SearchAction\",\"target\":{\"@type\":\"EntryPoint\",\"urlTemplate\":\"https:\\\/\\\/svpchem.eu\\\/pl\\\/?s={search_term_string}\"},\"query-input\":{\"@type\":\"PropertyValueSpecification\",\"valueRequired\":true,\"valueName\":\"search_term_string\"}}],\"inLanguage\":\"pl-PL\"},{\"@type\":\"Organization\",\"@id\":\"https:\\\/\\\/svpchem.eu\\\/pl\\\/#organization\",\"name\":\"svpchem.eu\",\"url\":\"https:\\\/\\\/svpchem.eu\\\/pl\\\/\",\"logo\":{\"@type\":\"ImageObject\",\"inLanguage\":\"pl-PL\",\"@id\":\"https:\\\/\\\/svpchem.eu\\\/pl\\\/#\\\/schema\\\/logo\\\/image\\\/\",\"url\":\"https:\\\/\\\/svpchem.eu\\\/wp-content\\\/uploads\\\/2025\\\/12\\\/logo_cropped_no_bg_20251217-1.png\",\"contentUrl\":\"https:\\\/\\\/svpchem.eu\\\/wp-content\\\/uploads\\\/2025\\\/12\\\/logo_cropped_no_bg_20251217-1.png\",\"width\":851,\"height\":430,\"caption\":\"svpchem.eu\"},\"image\":{\"@id\":\"https:\\\/\\\/svpchem.eu\\\/pl\\\/#\\\/schema\\\/logo\\\/image\\\/\"}}]}<\/script>\n<!-- \/ Yoast SEO plugin. -->","yoast_head_json":{"title":"SVP Dashboard Cleaner Gloss o zapachu (cytryna, wi\u015bnia, wanilia) COCKPIT - svpchem.eu","description":"SVP Dashboard Cleaner-Flasher with Scent (Lemon\/Cherry\/Vanilla) - Skutecznie czy\u015bci, konserwuje i nadaje \u015bwie\u017cy zapach plastikowym powierzchniom wn\u0119trza samochodu. Usuwa kurz i odciski palc\u00f3w oraz pozostawia subtelny, przyjemny zapach.","robots":{"index":"index","follow":"follow","max-snippet":"max-snippet:-1","max-image-preview":"max-image-preview:large","max-video-preview":"max-video-preview:-1"},"canonical":"https:\/\/svpchem.eu\/pl\/produktas\/svp-dashboard-cleaner-gloss-o-zapachu-cytryna-wisnia-wanilia-cockpit\/","og_locale":"pl_PL","og_type":"article","og_title":"SVP Dashboard Cleaner Gloss o zapachu (cytryna, wi\u015bnia, wanilia) COCKPIT - svpchem.eu","og_description":"SVP Dashboard Cleaner-Flasher with Scent (Lemon\/Cherry\/Vanilla) - Skutecznie czy\u015bci, konserwuje i nadaje \u015bwie\u017cy zapach plastikowym powierzchniom wn\u0119trza samochodu. Usuwa kurz i odciski palc\u00f3w oraz pozostawia subtelny, przyjemny zapach.","og_url":"https:\/\/svpchem.eu\/pl\/produktas\/svp-dashboard-cleaner-gloss-o-zapachu-cytryna-wisnia-wanilia-cockpit\/","og_site_name":"svpchem.eu","article_modified_time":"2026-04-10T09:57:57+00:00","og_image":[{"width":1024,"height":1024,"url":"https:\/\/svpchem.eu\/wp-content\/uploads\/2025\/12\/SVP-Prietaisu-skydelio-valiklis-blizgiklis-su-kvapu-citrinos-vysnios-vaniles-COCKPIT-N2.png","type":"image\/png"}],"twitter_card":"summary_large_image","schema":{"@context":"https:\/\/schema.org","@graph":[{"@type":"WebPage","@id":"https:\/\/svpchem.eu\/pl\/produktas\/svp-dashboard-cleaner-gloss-o-zapachu-cytryna-wisnia-wanilia-cockpit\/","url":"https:\/\/svpchem.eu\/pl\/produktas\/svp-dashboard-cleaner-gloss-o-zapachu-cytryna-wisnia-wanilia-cockpit\/","name":"SVP Dashboard Cleaner Gloss o zapachu (cytryna, wi\u015bnia, wanilia) COCKPIT - svpchem.eu","isPartOf":{"@id":"https:\/\/svpchem.eu\/pl\/#website"},"primaryImageOfPage":{"@id":"https:\/\/svpchem.eu\/pl\/produktas\/svp-dashboard-cleaner-gloss-o-zapachu-cytryna-wisnia-wanilia-cockpit\/#primaryimage"},"image":{"@id":"https:\/\/svpchem.eu\/pl\/produktas\/svp-dashboard-cleaner-gloss-o-zapachu-cytryna-wisnia-wanilia-cockpit\/#primaryimage"},"thumbnailUrl":"https:\/\/svpchem.eu\/wp-content\/uploads\/2025\/12\/SVP-Prietaisu-skydelio-valiklis-blizgiklis-su-kvapu-citrinos-vysnios-vaniles-COCKPIT-N2.png","datePublished":"2025-12-19T13:31:50+00:00","dateModified":"2026-04-10T09:57:57+00:00","description":"SVP Dashboard Cleaner-Flasher with Scent (Lemon\/Cherry\/Vanilla) - Skutecznie czy\u015bci, konserwuje i nadaje \u015bwie\u017cy zapach plastikowym powierzchniom wn\u0119trza samochodu. Usuwa kurz i odciski palc\u00f3w oraz pozostawia subtelny, przyjemny zapach.","breadcrumb":{"@id":"https:\/\/svpchem.eu\/pl\/produktas\/svp-dashboard-cleaner-gloss-o-zapachu-cytryna-wisnia-wanilia-cockpit\/#breadcrumb"},"inLanguage":"pl-PL","potentialAction":[{"@type":"ReadAction","target":["https:\/\/svpchem.eu\/pl\/produktas\/svp-dashboard-cleaner-gloss-o-zapachu-cytryna-wisnia-wanilia-cockpit\/"]}]},{"@type":"ImageObject","inLanguage":"pl-PL","@id":"https:\/\/svpchem.eu\/pl\/produktas\/svp-dashboard-cleaner-gloss-o-zapachu-cytryna-wisnia-wanilia-cockpit\/#primaryimage","url":"https:\/\/svpchem.eu\/wp-content\/uploads\/2025\/12\/SVP-Prietaisu-skydelio-valiklis-blizgiklis-su-kvapu-citrinos-vysnios-vaniles-COCKPIT-N2.png","contentUrl":"https:\/\/svpchem.eu\/wp-content\/uploads\/2025\/12\/SVP-Prietaisu-skydelio-valiklis-blizgiklis-su-kvapu-citrinos-vysnios-vaniles-COCKPIT-N2.png","width":1024,"height":1024},{"@type":"BreadcrumbList","@id":"https:\/\/svpchem.eu\/pl\/produktas\/svp-dashboard-cleaner-gloss-o-zapachu-cytryna-wisnia-wanilia-cockpit\/#breadcrumb","itemListElement":[{"@type":"ListItem","position":1,"name":"Strona g\u0142\u00f3wna","item":"https:\/\/svpchem.eu\/pl\/o-nas\/"},{"@type":"ListItem","position":2,"name":"Sklep","item":"https:\/\/svpchem.eu\/pl\/sklep\/"},{"@type":"ListItem","position":3,"name":"SVP Dashboard Cleaner Gloss o zapachu (cytryna, wi\u015bnia, wanilia) COCKPIT"}]},{"@type":"WebSite","@id":"https:\/\/svpchem.eu\/pl\/#website","url":"https:\/\/svpchem.eu\/pl\/","name":"svpchem.eu","description":"","publisher":{"@id":"https:\/\/svpchem.eu\/pl\/#organization"},"potentialAction":[{"@type":"SearchAction","target":{"@type":"EntryPoint","urlTemplate":"https:\/\/svpchem.eu\/pl\/?s={search_term_string}"},"query-input":{"@type":"PropertyValueSpecification","valueRequired":true,"valueName":"search_term_string"}}],"inLanguage":"pl-PL"},{"@type":"Organization","@id":"https:\/\/svpchem.eu\/pl\/#organization","name":"svpchem.eu","url":"https:\/\/svpchem.eu\/pl\/","logo":{"@type":"ImageObject","inLanguage":"pl-PL","@id":"https:\/\/svpchem.eu\/pl\/#\/schema\/logo\/image\/","url":"https:\/\/svpchem.eu\/wp-content\/uploads\/2025\/12\/logo_cropped_no_bg_20251217-1.png","contentUrl":"https:\/\/svpchem.eu\/wp-content\/uploads\/2025\/12\/logo_cropped_no_bg_20251217-1.png","width":851,"height":430,"caption":"svpchem.eu"},"image":{"@id":"https:\/\/svpchem.eu\/pl\/#\/schema\/logo\/image\/"}}]}},"_links":{"self":[{"href":"https:\/\/svpchem.eu\/pl\/wp-json\/wp\/v2\/product\/2603","targetHints":{"allow":["GET"]}}],"collection":[{"href":"https:\/\/svpchem.eu\/pl\/wp-json\/wp\/v2\/product"}],"about":[{"href":"https:\/\/svpchem.eu\/pl\/wp-json\/wp\/v2\/types\/product"}],"wp:featuredmedia":[{"embeddable":true,"href":"https:\/\/svpchem.eu\/pl\/wp-json\/wp\/v2\/media\/3451"}],"wp:attachment":[{"href":"https:\/\/svpchem.eu\/pl\/wp-json\/wp\/v2\/media?parent=2603"}],"wp:term":[{"taxonomy":"product_brand","embeddable":true,"href":"https:\/\/svpchem.eu\/pl\/wp-json\/wp\/v2\/product_brand?post=2603"},{"taxonomy":"product_cat","embeddable":true,"href":"https:\/\/svpchem.eu\/pl\/wp-json\/wp\/v2\/product_cat?post=2603"},{"taxonomy":"product_tag","embeddable":true,"href":"https:\/\/svpchem.eu\/pl\/wp-json\/wp\/v2\/product_tag?post=2603"}],"curies":[{"name":"wp","href":"https:\/\/api.w.org\/{rel}","templated":true}]}}