{"id":2608,"date":"2025-12-19T13:31:50","date_gmt":"2025-12-19T13:31:50","guid":{"rendered":"https:\/\/svpchem.eu\/produktas\/svp-smar-silikonowy-w-aerozolu-olej-silikonowy\/"},"modified":"2026-04-10T09:57:48","modified_gmt":"2026-04-10T09:57:48","slug":"svp-smar-silikonowy-w-aerozolu-olej-silikonowy","status":"publish","type":"product","link":"https:\/\/svpchem.eu\/pl\/produktas\/svp-smar-silikonowy-w-aerozolu-olej-silikonowy\/","title":{"rendered":"SVP Smar silikonowy w aerozolu OLEJ SILIKONOWY"},"content":{"rendered":"","protected":false},"excerpt":{"rendered":"<p><strong>Opis:<br \/>\n<\/strong><br \/>\n Uniwersalny smar silikonowy w aerozolu do smarowania i ochrony r\u00f3\u017cnych powierzchni przed korozj\u0105, wilgoci\u0105 i kurzem. Zapewnia cich\u0105 prac\u0119 i trwa\u0142o\u015b\u0107 mechanizm\u00f3w.<br \/>\n<strong><br \/>\nKluczowe cechy:<br \/>\n<\/strong><br \/>\n &#8211; Nadaje si\u0119 do metalu, gumy, plastiku i sk\u00f3ry.<br \/>\n&#8211; Zapewnia wodoodporn\u0105, py\u0142oszczeln\u0105 i odporn\u0105 na zabrudzenia warstw\u0119.<br \/>\n&#8211; Nie przyci\u0105ga brudu &#8211; pozostawia such\u0105 powierzchni\u0119.<br \/>\n&#8211; Zapewnia skuteczny po\u015blizg i zmniejsza tarcie.<br \/>\n<strong><br \/>\nSpos\u00f3b u\u017cycia:<br \/>\n<\/strong><br \/>\n Dobrze wstrz\u0105sn\u0105\u0107. Rozpyli\u0107 w odleg\u0142o\u015bci 15-20 cm na czyst\u0105, such\u0105 powierzchni\u0119. Pozostawi\u0107 do wyschni\u0119cia na 5-10 minut. Zetrze\u0107 nadmiar pozosta\u0142o\u015bci czyst\u0105 szmatk\u0105.<br \/>\n<strong><br \/>\nZalety:<br \/>\n<\/strong><br \/>\n &#8211; Eliminuje skrzypienie i ha\u0142as.<br \/>\n&#8211; Odpowiedni do ekstremalnych temperatur od -30 \u00b0C do +200 \u00b0C.<br \/>\n&#8211; Bezpieczny do stosowania na wra\u017cliwych powierzchniach (sk\u00f3ra, cz\u0119\u015bci plastikowe).<br \/>\n<strong><br \/>\nInformacje techniczne:<br \/>\n<\/strong><br \/>\n &#8211; Pojemno\u015b\u0107: 400 ml.<br \/>\n&#8211; Posta\u0107: suchy aerozol.<br \/>\n&#8211; Zgodno\u015b\u0107: ISO 6743-9, DIN 51502.<\/p>\n","protected":false},"featured_media":2610,"template":"","meta":[],"product_brand":[],"product_cat":[350,203],"product_tag":[],"class_list":{"0":"post-2608","1":"product","2":"type-product","3":"status-publish","4":"has-post-thumbnail","6":"product_cat-asortyment-standardowy","7":"product_cat-produkty-do-pielegnacji-samochodow-i-materialy-eksploatacyjne","8":"pa_brand-svp","9":"pa_ean-4779019620276-0","10":"pa_kiekis_dz-201","11":"pa_kiekis_pk-158","12":"pa_talpa-400-ml","14":"first","15":"instock","16":"shipping-taxable","17":"product-type-simple"},"yoast_head":"<!-- This site is optimized with the Yoast SEO plugin v27.3 - https:\/\/yoast.com\/product\/yoast-seo-wordpress\/ -->\n<title>SVP Smar silikonowy w aerozolu OLEJ SILIKONOWY - svpchem.eu<\/title>\n<meta name=\"description\" content=\"SVP Aerosol Silicone Oil to wielozadaniowy smar w sprayu, kt\u00f3ry zapewnia d\u0142ugotrwa\u0142\u0105 ochron\u0119 przed po\u015blizgiem i korozj\u0105. Nadaje si\u0119 do cz\u0119\u015bci metalowych i niemetalowych, zmniejsza tarcie, przyczynia si\u0119 do cichszej pracy mechanizm\u00f3w i lepszego ruchu.\" \/>\n<meta name=\"robots\" content=\"index, follow, max-snippet:-1, max-image-preview:large, max-video-preview:-1\" \/>\n<link rel=\"canonical\" href=\"https:\/\/svpchem.eu\/pl\/produktas\/svp-smar-silikonowy-w-aerozolu-olej-silikonowy\/\" \/>\n<meta property=\"og:locale\" content=\"pl_PL\" \/>\n<meta property=\"og:type\" content=\"article\" \/>\n<meta property=\"og:title\" content=\"SVP Smar silikonowy w aerozolu OLEJ SILIKONOWY - svpchem.eu\" \/>\n<meta property=\"og:description\" content=\"SVP Aerosol Silicone Oil to wielozadaniowy smar w sprayu, kt\u00f3ry zapewnia d\u0142ugotrwa\u0142\u0105 ochron\u0119 przed po\u015blizgiem i korozj\u0105. Nadaje si\u0119 do cz\u0119\u015bci metalowych i niemetalowych, zmniejsza tarcie, przyczynia si\u0119 do cichszej pracy mechanizm\u00f3w i lepszego ruchu.\" \/>\n<meta property=\"og:url\" content=\"https:\/\/svpchem.eu\/pl\/produktas\/svp-smar-silikonowy-w-aerozolu-olej-silikonowy\/\" \/>\n<meta property=\"og:site_name\" content=\"svpchem.eu\" \/>\n<meta property=\"article:modified_time\" content=\"2026-04-10T09:57:48+00:00\" \/>\n<meta property=\"og:image\" content=\"https:\/\/svpchem.eu\/wp-content\/uploads\/2025\/12\/SVP-Aerozolinis-silikoninis-tepalas-SILICON-OIL-N2.png\" \/>\n\t<meta property=\"og:image:width\" content=\"1024\" \/>\n\t<meta property=\"og:image:height\" content=\"1024\" \/>\n\t<meta property=\"og:image:type\" content=\"image\/png\" \/>\n<meta name=\"twitter:card\" content=\"summary_large_image\" \/>\n<script type=\"application\/ld+json\" class=\"yoast-schema-graph\">{\"@context\":\"https:\\\/\\\/schema.org\",\"@graph\":[{\"@type\":\"WebPage\",\"@id\":\"https:\\\/\\\/svpchem.eu\\\/pl\\\/produktas\\\/svp-smar-silikonowy-w-aerozolu-olej-silikonowy\\\/\",\"url\":\"https:\\\/\\\/svpchem.eu\\\/pl\\\/produktas\\\/svp-smar-silikonowy-w-aerozolu-olej-silikonowy\\\/\",\"name\":\"SVP Smar silikonowy w aerozolu OLEJ SILIKONOWY - svpchem.eu\",\"isPartOf\":{\"@id\":\"https:\\\/\\\/svpchem.eu\\\/pl\\\/#website\"},\"primaryImageOfPage\":{\"@id\":\"https:\\\/\\\/svpchem.eu\\\/pl\\\/produktas\\\/svp-smar-silikonowy-w-aerozolu-olej-silikonowy\\\/#primaryimage\"},\"image\":{\"@id\":\"https:\\\/\\\/svpchem.eu\\\/pl\\\/produktas\\\/svp-smar-silikonowy-w-aerozolu-olej-silikonowy\\\/#primaryimage\"},\"thumbnailUrl\":\"https:\\\/\\\/svpchem.eu\\\/wp-content\\\/uploads\\\/2025\\\/12\\\/SVP-Aerozolinis-silikoninis-tepalas-SILICON-OIL.jpg\",\"datePublished\":\"2025-12-19T13:31:50+00:00\",\"dateModified\":\"2026-04-10T09:57:48+00:00\",\"description\":\"SVP Aerosol Silicone Oil to wielozadaniowy smar w sprayu, kt\u00f3ry zapewnia d\u0142ugotrwa\u0142\u0105 ochron\u0119 przed po\u015blizgiem i korozj\u0105. Nadaje si\u0119 do cz\u0119\u015bci metalowych i niemetalowych, zmniejsza tarcie, przyczynia si\u0119 do cichszej pracy mechanizm\u00f3w i lepszego ruchu.\",\"breadcrumb\":{\"@id\":\"https:\\\/\\\/svpchem.eu\\\/pl\\\/produktas\\\/svp-smar-silikonowy-w-aerozolu-olej-silikonowy\\\/#breadcrumb\"},\"inLanguage\":\"pl-PL\",\"potentialAction\":[{\"@type\":\"ReadAction\",\"target\":[\"https:\\\/\\\/svpchem.eu\\\/pl\\\/produktas\\\/svp-smar-silikonowy-w-aerozolu-olej-silikonowy\\\/\"]}]},{\"@type\":\"ImageObject\",\"inLanguage\":\"pl-PL\",\"@id\":\"https:\\\/\\\/svpchem.eu\\\/pl\\\/produktas\\\/svp-smar-silikonowy-w-aerozolu-olej-silikonowy\\\/#primaryimage\",\"url\":\"https:\\\/\\\/svpchem.eu\\\/wp-content\\\/uploads\\\/2025\\\/12\\\/SVP-Aerozolinis-silikoninis-tepalas-SILICON-OIL.jpg\",\"contentUrl\":\"https:\\\/\\\/svpchem.eu\\\/wp-content\\\/uploads\\\/2025\\\/12\\\/SVP-Aerozolinis-silikoninis-tepalas-SILICON-OIL.jpg\",\"width\":1300,\"height\":1300},{\"@type\":\"BreadcrumbList\",\"@id\":\"https:\\\/\\\/svpchem.eu\\\/pl\\\/produktas\\\/svp-smar-silikonowy-w-aerozolu-olej-silikonowy\\\/#breadcrumb\",\"itemListElement\":[{\"@type\":\"ListItem\",\"position\":1,\"name\":\"Strona g\u0142\u00f3wna\",\"item\":\"https:\\\/\\\/svpchem.eu\\\/pl\\\/o-nas\\\/\"},{\"@type\":\"ListItem\",\"position\":2,\"name\":\"Sklep\",\"item\":\"https:\\\/\\\/svpchem.eu\\\/pl\\\/sklep\\\/\"},{\"@type\":\"ListItem\",\"position\":3,\"name\":\"SVP Smar silikonowy w aerozolu OLEJ SILIKONOWY\"}]},{\"@type\":\"WebSite\",\"@id\":\"https:\\\/\\\/svpchem.eu\\\/pl\\\/#website\",\"url\":\"https:\\\/\\\/svpchem.eu\\\/pl\\\/\",\"name\":\"svpchem.eu\",\"description\":\"\",\"publisher\":{\"@id\":\"https:\\\/\\\/svpchem.eu\\\/pl\\\/#organization\"},\"potentialAction\":[{\"@type\":\"SearchAction\",\"target\":{\"@type\":\"EntryPoint\",\"urlTemplate\":\"https:\\\/\\\/svpchem.eu\\\/pl\\\/?s={search_term_string}\"},\"query-input\":{\"@type\":\"PropertyValueSpecification\",\"valueRequired\":true,\"valueName\":\"search_term_string\"}}],\"inLanguage\":\"pl-PL\"},{\"@type\":\"Organization\",\"@id\":\"https:\\\/\\\/svpchem.eu\\\/pl\\\/#organization\",\"name\":\"svpchem.eu\",\"url\":\"https:\\\/\\\/svpchem.eu\\\/pl\\\/\",\"logo\":{\"@type\":\"ImageObject\",\"inLanguage\":\"pl-PL\",\"@id\":\"https:\\\/\\\/svpchem.eu\\\/pl\\\/#\\\/schema\\\/logo\\\/image\\\/\",\"url\":\"https:\\\/\\\/svpchem.eu\\\/wp-content\\\/uploads\\\/2025\\\/12\\\/logo_cropped_no_bg_20251217-1.png\",\"contentUrl\":\"https:\\\/\\\/svpchem.eu\\\/wp-content\\\/uploads\\\/2025\\\/12\\\/logo_cropped_no_bg_20251217-1.png\",\"width\":851,\"height\":430,\"caption\":\"svpchem.eu\"},\"image\":{\"@id\":\"https:\\\/\\\/svpchem.eu\\\/pl\\\/#\\\/schema\\\/logo\\\/image\\\/\"}}]}<\/script>\n<!-- \/ Yoast SEO plugin. -->","yoast_head_json":{"title":"SVP Smar silikonowy w aerozolu OLEJ SILIKONOWY - svpchem.eu","description":"SVP Aerosol Silicone Oil to wielozadaniowy smar w sprayu, kt\u00f3ry zapewnia d\u0142ugotrwa\u0142\u0105 ochron\u0119 przed po\u015blizgiem i korozj\u0105. Nadaje si\u0119 do cz\u0119\u015bci metalowych i niemetalowych, zmniejsza tarcie, przyczynia si\u0119 do cichszej pracy mechanizm\u00f3w i lepszego ruchu.","robots":{"index":"index","follow":"follow","max-snippet":"max-snippet:-1","max-image-preview":"max-image-preview:large","max-video-preview":"max-video-preview:-1"},"canonical":"https:\/\/svpchem.eu\/pl\/produktas\/svp-smar-silikonowy-w-aerozolu-olej-silikonowy\/","og_locale":"pl_PL","og_type":"article","og_title":"SVP Smar silikonowy w aerozolu OLEJ SILIKONOWY - svpchem.eu","og_description":"SVP Aerosol Silicone Oil to wielozadaniowy smar w sprayu, kt\u00f3ry zapewnia d\u0142ugotrwa\u0142\u0105 ochron\u0119 przed po\u015blizgiem i korozj\u0105. Nadaje si\u0119 do cz\u0119\u015bci metalowych i niemetalowych, zmniejsza tarcie, przyczynia si\u0119 do cichszej pracy mechanizm\u00f3w i lepszego ruchu.","og_url":"https:\/\/svpchem.eu\/pl\/produktas\/svp-smar-silikonowy-w-aerozolu-olej-silikonowy\/","og_site_name":"svpchem.eu","article_modified_time":"2026-04-10T09:57:48+00:00","og_image":[{"width":1024,"height":1024,"url":"https:\/\/svpchem.eu\/wp-content\/uploads\/2025\/12\/SVP-Aerozolinis-silikoninis-tepalas-SILICON-OIL-N2.png","type":"image\/png"}],"twitter_card":"summary_large_image","schema":{"@context":"https:\/\/schema.org","@graph":[{"@type":"WebPage","@id":"https:\/\/svpchem.eu\/pl\/produktas\/svp-smar-silikonowy-w-aerozolu-olej-silikonowy\/","url":"https:\/\/svpchem.eu\/pl\/produktas\/svp-smar-silikonowy-w-aerozolu-olej-silikonowy\/","name":"SVP Smar silikonowy w aerozolu OLEJ SILIKONOWY - svpchem.eu","isPartOf":{"@id":"https:\/\/svpchem.eu\/pl\/#website"},"primaryImageOfPage":{"@id":"https:\/\/svpchem.eu\/pl\/produktas\/svp-smar-silikonowy-w-aerozolu-olej-silikonowy\/#primaryimage"},"image":{"@id":"https:\/\/svpchem.eu\/pl\/produktas\/svp-smar-silikonowy-w-aerozolu-olej-silikonowy\/#primaryimage"},"thumbnailUrl":"https:\/\/svpchem.eu\/wp-content\/uploads\/2025\/12\/SVP-Aerozolinis-silikoninis-tepalas-SILICON-OIL.jpg","datePublished":"2025-12-19T13:31:50+00:00","dateModified":"2026-04-10T09:57:48+00:00","description":"SVP Aerosol Silicone Oil to wielozadaniowy smar w sprayu, kt\u00f3ry zapewnia d\u0142ugotrwa\u0142\u0105 ochron\u0119 przed po\u015blizgiem i korozj\u0105. Nadaje si\u0119 do cz\u0119\u015bci metalowych i niemetalowych, zmniejsza tarcie, przyczynia si\u0119 do cichszej pracy mechanizm\u00f3w i lepszego ruchu.","breadcrumb":{"@id":"https:\/\/svpchem.eu\/pl\/produktas\/svp-smar-silikonowy-w-aerozolu-olej-silikonowy\/#breadcrumb"},"inLanguage":"pl-PL","potentialAction":[{"@type":"ReadAction","target":["https:\/\/svpchem.eu\/pl\/produktas\/svp-smar-silikonowy-w-aerozolu-olej-silikonowy\/"]}]},{"@type":"ImageObject","inLanguage":"pl-PL","@id":"https:\/\/svpchem.eu\/pl\/produktas\/svp-smar-silikonowy-w-aerozolu-olej-silikonowy\/#primaryimage","url":"https:\/\/svpchem.eu\/wp-content\/uploads\/2025\/12\/SVP-Aerozolinis-silikoninis-tepalas-SILICON-OIL.jpg","contentUrl":"https:\/\/svpchem.eu\/wp-content\/uploads\/2025\/12\/SVP-Aerozolinis-silikoninis-tepalas-SILICON-OIL.jpg","width":1300,"height":1300},{"@type":"BreadcrumbList","@id":"https:\/\/svpchem.eu\/pl\/produktas\/svp-smar-silikonowy-w-aerozolu-olej-silikonowy\/#breadcrumb","itemListElement":[{"@type":"ListItem","position":1,"name":"Strona g\u0142\u00f3wna","item":"https:\/\/svpchem.eu\/pl\/o-nas\/"},{"@type":"ListItem","position":2,"name":"Sklep","item":"https:\/\/svpchem.eu\/pl\/sklep\/"},{"@type":"ListItem","position":3,"name":"SVP Smar silikonowy w aerozolu OLEJ SILIKONOWY"}]},{"@type":"WebSite","@id":"https:\/\/svpchem.eu\/pl\/#website","url":"https:\/\/svpchem.eu\/pl\/","name":"svpchem.eu","description":"","publisher":{"@id":"https:\/\/svpchem.eu\/pl\/#organization"},"potentialAction":[{"@type":"SearchAction","target":{"@type":"EntryPoint","urlTemplate":"https:\/\/svpchem.eu\/pl\/?s={search_term_string}"},"query-input":{"@type":"PropertyValueSpecification","valueRequired":true,"valueName":"search_term_string"}}],"inLanguage":"pl-PL"},{"@type":"Organization","@id":"https:\/\/svpchem.eu\/pl\/#organization","name":"svpchem.eu","url":"https:\/\/svpchem.eu\/pl\/","logo":{"@type":"ImageObject","inLanguage":"pl-PL","@id":"https:\/\/svpchem.eu\/pl\/#\/schema\/logo\/image\/","url":"https:\/\/svpchem.eu\/wp-content\/uploads\/2025\/12\/logo_cropped_no_bg_20251217-1.png","contentUrl":"https:\/\/svpchem.eu\/wp-content\/uploads\/2025\/12\/logo_cropped_no_bg_20251217-1.png","width":851,"height":430,"caption":"svpchem.eu"},"image":{"@id":"https:\/\/svpchem.eu\/pl\/#\/schema\/logo\/image\/"}}]}},"_links":{"self":[{"href":"https:\/\/svpchem.eu\/pl\/wp-json\/wp\/v2\/product\/2608","targetHints":{"allow":["GET"]}}],"collection":[{"href":"https:\/\/svpchem.eu\/pl\/wp-json\/wp\/v2\/product"}],"about":[{"href":"https:\/\/svpchem.eu\/pl\/wp-json\/wp\/v2\/types\/product"}],"wp:featuredmedia":[{"embeddable":true,"href":"https:\/\/svpchem.eu\/pl\/wp-json\/wp\/v2\/media\/2610"}],"wp:attachment":[{"href":"https:\/\/svpchem.eu\/pl\/wp-json\/wp\/v2\/media?parent=2608"}],"wp:term":[{"taxonomy":"product_brand","embeddable":true,"href":"https:\/\/svpchem.eu\/pl\/wp-json\/wp\/v2\/product_brand?post=2608"},{"taxonomy":"product_cat","embeddable":true,"href":"https:\/\/svpchem.eu\/pl\/wp-json\/wp\/v2\/product_cat?post=2608"},{"taxonomy":"product_tag","embeddable":true,"href":"https:\/\/svpchem.eu\/pl\/wp-json\/wp\/v2\/product_tag?post=2608"}],"curies":[{"name":"wp","href":"https:\/\/api.w.org\/{rel}","templated":true}]}}