{"id":2921,"date":"2025-12-19T13:31:52","date_gmt":"2025-12-19T13:31:52","guid":{"rendered":"https:\/\/svpchem.eu\/produktas\/farba-zaroodporna-svp-feesto-w-aerozolu-czarna-srebrna\/"},"modified":"2026-04-10T09:59:19","modified_gmt":"2026-04-10T09:59:19","slug":"farba-zaroodporna-svp-feesto-w-aerozolu-czarna-srebrna","status":"publish","type":"product","link":"https:\/\/svpchem.eu\/pl\/produktas\/farba-zaroodporna-svp-feesto-w-aerozolu-czarna-srebrna\/","title":{"rendered":"Farba \u017caroodporna SVP Feesto w aerozolu, czarna, srebrna"},"content":{"rendered":"<p data-start=\"0\" data-end=\"19\">Dost\u0119pne kolory:<\/p>\n<p data-start=\"21\" data-end=\"85\" data-is-last-node=\"\" data-is-only-node=\"\">Kolor srebrny<br data-start=\"35\" data-end=\"38\">\u25b8 Kolor czarny<\/p>\n","protected":false},"excerpt":{"rendered":"<p><strong>Opis:<br \/>\n<\/strong><br \/>\n Wysokotemperaturowe farby w aerozolu s\u0105 przeznaczone do powierzchni nara\u017conych na ekstremalne warunki termiczne do 650 \u00b0C i wi\u0119cej. Idealne do ochrony i dekoracji cz\u0119\u015bci w motoryzacji, sprz\u0119cie AGD lub urz\u0105dzeniach przemys\u0142owych.<br \/>\n<strong><br \/>\nKluczowe cechy:<br \/>\n<\/strong><br \/>\n &#8211; Odporny na temperatur\u0119 do 650\u00b0C.<br \/>\n&#8211; Chroni przed rdz\u0105, korozj\u0105 i dzia\u0142aniem chemikali\u00f3w.<br \/>\n&#8211; Szybko schnie, umo\u017cliwiaj\u0105c wydajn\u0105 prac\u0119.<br \/>\n&#8211; Dost\u0119pny w r\u00f3\u017cnych efektach powierzchniowych &#8211; matowych lub b\u0142yszcz\u0105cych.<br \/>\n&#8211; Kompatybilny z powierzchniami metalowymi, ceramicznymi i kamiennymi.<\/p>\n<p><strong>Zastosowanie:<\/strong><\/p>\n<p>Stosowa\u0107 na czystych, suchych powierzchniach, najlepiej przeszlifowanych i odt\u0142uszczonych. Dobrze wstrz\u0105sn\u0105\u0107 przed u\u017cyciem. Nak\u0142ada\u0107 z odleg\u0142o\u015bci 20-30 cm r\u00f3wnoleg\u0142ymi ruchami. Mo\u017cliwe jest na\u0142o\u017cenie kilku warstw &#8211; pozostawi\u0107 do wyschni\u0119cia pomi\u0119dzy warstwami.   <\/p>\n<p><strong>Zalety:<br \/>\n<\/strong><br \/>\n &#8211; Trwa\u0142o\u015b\u0107 &#8211; kolor i po\u0142ysk s\u0105 zachowane nawet po d\u0142ugotrwa\u0142ym ogrzewaniu.<br \/>\n&#8211; Wszechstronno\u015b\u0107 &#8211; nadaje si\u0119 zar\u00f3wno do u\u017cytku wewn\u0119trznego, jak i zewn\u0119trznego.<br \/>\n&#8211; Bezpieczniejsza formu\u0142a o ni\u017cszej zawarto\u015bci LZO.<\/p>\n<p><strong>Informacje techniczne:<br \/>\n<\/strong><br \/>\n &#8211; Odporno\u015b\u0107 na temperatur\u0119: do 650 \u00b0C.<br \/>\n&#8211; Czas schni\u0119cia: ok. 15-30 min.<br \/>\n&#8211; Dost\u0119pny w wersji matowej, p\u00f3\u0142po\u0142ysk, po\u0142ysk.<br \/>\n&#8211; Pojemno\u015b\u0107: 400 ml.<\/p>\n","protected":false},"featured_media":2929,"template":"","meta":[],"product_brand":[],"product_cat":[301],"product_tag":[],"class_list":{"0":"post-2921","1":"product","2":"type-product","3":"status-publish","4":"has-post-thumbnail","6":"product_cat-farby-zaroodporne-w-aerozolu","7":"pa_brand-svp","8":"pa_kiekis_dz-157","9":"pa_kiekis_pk-158","10":"pa_talpa-400-ml","12":"first","13":"instock","14":"shipping-taxable","15":"product-type-simple"},"yoast_head":"<!-- This site is optimized with the Yoast SEO plugin v27.3 - https:\/\/yoast.com\/product\/yoast-seo-wordpress\/ -->\n<title>Farba \u017caroodporna SVP Feesto w aerozolu, czarna, srebrna - svpchem.eu<\/title>\n<meta name=\"description\" content=\"\u017baroodporna farba w aerozolu SVP FEESTO (czarno-srebrna) - do powierzchni nara\u017conych na dzia\u0142anie wysokich temperatur. Zapewnia trwa\u0142\u0105, odporn\u0105 na wysok\u0105 temperatur\u0119 pow\u0142ok\u0119 odpowiedni\u0105 do uk\u0142ad\u00f3w wydechowych, cz\u0119\u015bci silnika i innych powierzchni metalowych.\" \/>\n<meta name=\"robots\" content=\"index, follow, max-snippet:-1, max-image-preview:large, max-video-preview:-1\" \/>\n<link rel=\"canonical\" href=\"https:\/\/svpchem.eu\/pl\/produktas\/farba-zaroodporna-svp-feesto-w-aerozolu-czarna-srebrna\/\" \/>\n<meta property=\"og:locale\" content=\"pl_PL\" \/>\n<meta property=\"og:type\" content=\"article\" \/>\n<meta property=\"og:title\" content=\"Farba \u017caroodporna SVP Feesto w aerozolu, czarna, srebrna - svpchem.eu\" \/>\n<meta property=\"og:description\" content=\"\u017baroodporna farba w aerozolu SVP FEESTO (czarno-srebrna) - do powierzchni nara\u017conych na dzia\u0142anie wysokich temperatur. Zapewnia trwa\u0142\u0105, odporn\u0105 na wysok\u0105 temperatur\u0119 pow\u0142ok\u0119 odpowiedni\u0105 do uk\u0142ad\u00f3w wydechowych, cz\u0119\u015bci silnika i innych powierzchni metalowych.\" \/>\n<meta property=\"og:url\" content=\"https:\/\/svpchem.eu\/pl\/produktas\/farba-zaroodporna-svp-feesto-w-aerozolu-czarna-srebrna\/\" \/>\n<meta property=\"og:site_name\" content=\"svpchem.eu\" \/>\n<meta property=\"article:modified_time\" content=\"2026-04-10T09:59:19+00:00\" \/>\n<meta property=\"og:image\" content=\"https:\/\/svpchem.eu\/wp-content\/uploads\/2025\/12\/SVP-Feesto-aukstai-temperaturai-juodos-spalvos-N.jpg\" \/>\n\t<meta property=\"og:image:width\" content=\"1300\" \/>\n\t<meta property=\"og:image:height\" content=\"1300\" \/>\n\t<meta property=\"og:image:type\" content=\"image\/jpeg\" \/>\n<meta name=\"twitter:card\" content=\"summary_large_image\" \/>\n<script type=\"application\/ld+json\" class=\"yoast-schema-graph\">{\"@context\":\"https:\\\/\\\/schema.org\",\"@graph\":[{\"@type\":\"WebPage\",\"@id\":\"https:\\\/\\\/svpchem.eu\\\/pl\\\/produktas\\\/farba-zaroodporna-svp-feesto-w-aerozolu-czarna-srebrna\\\/\",\"url\":\"https:\\\/\\\/svpchem.eu\\\/pl\\\/produktas\\\/farba-zaroodporna-svp-feesto-w-aerozolu-czarna-srebrna\\\/\",\"name\":\"Farba \u017caroodporna SVP Feesto w aerozolu, czarna, srebrna - svpchem.eu\",\"isPartOf\":{\"@id\":\"https:\\\/\\\/svpchem.eu\\\/pl\\\/#website\"},\"primaryImageOfPage\":{\"@id\":\"https:\\\/\\\/svpchem.eu\\\/pl\\\/produktas\\\/farba-zaroodporna-svp-feesto-w-aerozolu-czarna-srebrna\\\/#primaryimage\"},\"image\":{\"@id\":\"https:\\\/\\\/svpchem.eu\\\/pl\\\/produktas\\\/farba-zaroodporna-svp-feesto-w-aerozolu-czarna-srebrna\\\/#primaryimage\"},\"thumbnailUrl\":\"https:\\\/\\\/svpchem.eu\\\/wp-content\\\/uploads\\\/2025\\\/12\\\/SVP-Feesto-aukstai-temperaturai-juodos-spalvos-N.jpg\",\"datePublished\":\"2025-12-19T13:31:52+00:00\",\"dateModified\":\"2026-04-10T09:59:19+00:00\",\"description\":\"\u017baroodporna farba w aerozolu SVP FEESTO (czarno-srebrna) - do powierzchni nara\u017conych na dzia\u0142anie wysokich temperatur. Zapewnia trwa\u0142\u0105, odporn\u0105 na wysok\u0105 temperatur\u0119 pow\u0142ok\u0119 odpowiedni\u0105 do uk\u0142ad\u00f3w wydechowych, cz\u0119\u015bci silnika i innych powierzchni metalowych.\",\"breadcrumb\":{\"@id\":\"https:\\\/\\\/svpchem.eu\\\/pl\\\/produktas\\\/farba-zaroodporna-svp-feesto-w-aerozolu-czarna-srebrna\\\/#breadcrumb\"},\"inLanguage\":\"pl-PL\",\"potentialAction\":[{\"@type\":\"ReadAction\",\"target\":[\"https:\\\/\\\/svpchem.eu\\\/pl\\\/produktas\\\/farba-zaroodporna-svp-feesto-w-aerozolu-czarna-srebrna\\\/\"]}]},{\"@type\":\"ImageObject\",\"inLanguage\":\"pl-PL\",\"@id\":\"https:\\\/\\\/svpchem.eu\\\/pl\\\/produktas\\\/farba-zaroodporna-svp-feesto-w-aerozolu-czarna-srebrna\\\/#primaryimage\",\"url\":\"https:\\\/\\\/svpchem.eu\\\/wp-content\\\/uploads\\\/2025\\\/12\\\/SVP-Feesto-aukstai-temperaturai-juodos-spalvos-N.jpg\",\"contentUrl\":\"https:\\\/\\\/svpchem.eu\\\/wp-content\\\/uploads\\\/2025\\\/12\\\/SVP-Feesto-aukstai-temperaturai-juodos-spalvos-N.jpg\",\"width\":1300,\"height\":1300},{\"@type\":\"BreadcrumbList\",\"@id\":\"https:\\\/\\\/svpchem.eu\\\/pl\\\/produktas\\\/farba-zaroodporna-svp-feesto-w-aerozolu-czarna-srebrna\\\/#breadcrumb\",\"itemListElement\":[{\"@type\":\"ListItem\",\"position\":1,\"name\":\"Strona g\u0142\u00f3wna\",\"item\":\"https:\\\/\\\/svpchem.eu\\\/pl\\\/o-nas\\\/\"},{\"@type\":\"ListItem\",\"position\":2,\"name\":\"Sklep\",\"item\":\"https:\\\/\\\/svpchem.eu\\\/pl\\\/sklep\\\/\"},{\"@type\":\"ListItem\",\"position\":3,\"name\":\"Farba \u017caroodporna SVP Feesto w aerozolu, czarna, srebrna\"}]},{\"@type\":\"WebSite\",\"@id\":\"https:\\\/\\\/svpchem.eu\\\/pl\\\/#website\",\"url\":\"https:\\\/\\\/svpchem.eu\\\/pl\\\/\",\"name\":\"svpchem.eu\",\"description\":\"\",\"publisher\":{\"@id\":\"https:\\\/\\\/svpchem.eu\\\/pl\\\/#organization\"},\"potentialAction\":[{\"@type\":\"SearchAction\",\"target\":{\"@type\":\"EntryPoint\",\"urlTemplate\":\"https:\\\/\\\/svpchem.eu\\\/pl\\\/?s={search_term_string}\"},\"query-input\":{\"@type\":\"PropertyValueSpecification\",\"valueRequired\":true,\"valueName\":\"search_term_string\"}}],\"inLanguage\":\"pl-PL\"},{\"@type\":\"Organization\",\"@id\":\"https:\\\/\\\/svpchem.eu\\\/pl\\\/#organization\",\"name\":\"svpchem.eu\",\"url\":\"https:\\\/\\\/svpchem.eu\\\/pl\\\/\",\"logo\":{\"@type\":\"ImageObject\",\"inLanguage\":\"pl-PL\",\"@id\":\"https:\\\/\\\/svpchem.eu\\\/pl\\\/#\\\/schema\\\/logo\\\/image\\\/\",\"url\":\"https:\\\/\\\/svpchem.eu\\\/wp-content\\\/uploads\\\/2025\\\/12\\\/logo_cropped_no_bg_20251217-1.png\",\"contentUrl\":\"https:\\\/\\\/svpchem.eu\\\/wp-content\\\/uploads\\\/2025\\\/12\\\/logo_cropped_no_bg_20251217-1.png\",\"width\":851,\"height\":430,\"caption\":\"svpchem.eu\"},\"image\":{\"@id\":\"https:\\\/\\\/svpchem.eu\\\/pl\\\/#\\\/schema\\\/logo\\\/image\\\/\"}}]}<\/script>\n<!-- \/ Yoast SEO plugin. -->","yoast_head_json":{"title":"Farba \u017caroodporna SVP Feesto w aerozolu, czarna, srebrna - svpchem.eu","description":"\u017baroodporna farba w aerozolu SVP FEESTO (czarno-srebrna) - do powierzchni nara\u017conych na dzia\u0142anie wysokich temperatur. Zapewnia trwa\u0142\u0105, odporn\u0105 na wysok\u0105 temperatur\u0119 pow\u0142ok\u0119 odpowiedni\u0105 do uk\u0142ad\u00f3w wydechowych, cz\u0119\u015bci silnika i innych powierzchni metalowych.","robots":{"index":"index","follow":"follow","max-snippet":"max-snippet:-1","max-image-preview":"max-image-preview:large","max-video-preview":"max-video-preview:-1"},"canonical":"https:\/\/svpchem.eu\/pl\/produktas\/farba-zaroodporna-svp-feesto-w-aerozolu-czarna-srebrna\/","og_locale":"pl_PL","og_type":"article","og_title":"Farba \u017caroodporna SVP Feesto w aerozolu, czarna, srebrna - svpchem.eu","og_description":"\u017baroodporna farba w aerozolu SVP FEESTO (czarno-srebrna) - do powierzchni nara\u017conych na dzia\u0142anie wysokich temperatur. Zapewnia trwa\u0142\u0105, odporn\u0105 na wysok\u0105 temperatur\u0119 pow\u0142ok\u0119 odpowiedni\u0105 do uk\u0142ad\u00f3w wydechowych, cz\u0119\u015bci silnika i innych powierzchni metalowych.","og_url":"https:\/\/svpchem.eu\/pl\/produktas\/farba-zaroodporna-svp-feesto-w-aerozolu-czarna-srebrna\/","og_site_name":"svpchem.eu","article_modified_time":"2026-04-10T09:59:19+00:00","og_image":[{"width":1300,"height":1300,"url":"https:\/\/svpchem.eu\/wp-content\/uploads\/2025\/12\/SVP-Feesto-aukstai-temperaturai-juodos-spalvos-N.jpg","type":"image\/jpeg"}],"twitter_card":"summary_large_image","schema":{"@context":"https:\/\/schema.org","@graph":[{"@type":"WebPage","@id":"https:\/\/svpchem.eu\/pl\/produktas\/farba-zaroodporna-svp-feesto-w-aerozolu-czarna-srebrna\/","url":"https:\/\/svpchem.eu\/pl\/produktas\/farba-zaroodporna-svp-feesto-w-aerozolu-czarna-srebrna\/","name":"Farba \u017caroodporna SVP Feesto w aerozolu, czarna, srebrna - svpchem.eu","isPartOf":{"@id":"https:\/\/svpchem.eu\/pl\/#website"},"primaryImageOfPage":{"@id":"https:\/\/svpchem.eu\/pl\/produktas\/farba-zaroodporna-svp-feesto-w-aerozolu-czarna-srebrna\/#primaryimage"},"image":{"@id":"https:\/\/svpchem.eu\/pl\/produktas\/farba-zaroodporna-svp-feesto-w-aerozolu-czarna-srebrna\/#primaryimage"},"thumbnailUrl":"https:\/\/svpchem.eu\/wp-content\/uploads\/2025\/12\/SVP-Feesto-aukstai-temperaturai-juodos-spalvos-N.jpg","datePublished":"2025-12-19T13:31:52+00:00","dateModified":"2026-04-10T09:59:19+00:00","description":"\u017baroodporna farba w aerozolu SVP FEESTO (czarno-srebrna) - do powierzchni nara\u017conych na dzia\u0142anie wysokich temperatur. Zapewnia trwa\u0142\u0105, odporn\u0105 na wysok\u0105 temperatur\u0119 pow\u0142ok\u0119 odpowiedni\u0105 do uk\u0142ad\u00f3w wydechowych, cz\u0119\u015bci silnika i innych powierzchni metalowych.","breadcrumb":{"@id":"https:\/\/svpchem.eu\/pl\/produktas\/farba-zaroodporna-svp-feesto-w-aerozolu-czarna-srebrna\/#breadcrumb"},"inLanguage":"pl-PL","potentialAction":[{"@type":"ReadAction","target":["https:\/\/svpchem.eu\/pl\/produktas\/farba-zaroodporna-svp-feesto-w-aerozolu-czarna-srebrna\/"]}]},{"@type":"ImageObject","inLanguage":"pl-PL","@id":"https:\/\/svpchem.eu\/pl\/produktas\/farba-zaroodporna-svp-feesto-w-aerozolu-czarna-srebrna\/#primaryimage","url":"https:\/\/svpchem.eu\/wp-content\/uploads\/2025\/12\/SVP-Feesto-aukstai-temperaturai-juodos-spalvos-N.jpg","contentUrl":"https:\/\/svpchem.eu\/wp-content\/uploads\/2025\/12\/SVP-Feesto-aukstai-temperaturai-juodos-spalvos-N.jpg","width":1300,"height":1300},{"@type":"BreadcrumbList","@id":"https:\/\/svpchem.eu\/pl\/produktas\/farba-zaroodporna-svp-feesto-w-aerozolu-czarna-srebrna\/#breadcrumb","itemListElement":[{"@type":"ListItem","position":1,"name":"Strona g\u0142\u00f3wna","item":"https:\/\/svpchem.eu\/pl\/o-nas\/"},{"@type":"ListItem","position":2,"name":"Sklep","item":"https:\/\/svpchem.eu\/pl\/sklep\/"},{"@type":"ListItem","position":3,"name":"Farba \u017caroodporna SVP Feesto w aerozolu, czarna, srebrna"}]},{"@type":"WebSite","@id":"https:\/\/svpchem.eu\/pl\/#website","url":"https:\/\/svpchem.eu\/pl\/","name":"svpchem.eu","description":"","publisher":{"@id":"https:\/\/svpchem.eu\/pl\/#organization"},"potentialAction":[{"@type":"SearchAction","target":{"@type":"EntryPoint","urlTemplate":"https:\/\/svpchem.eu\/pl\/?s={search_term_string}"},"query-input":{"@type":"PropertyValueSpecification","valueRequired":true,"valueName":"search_term_string"}}],"inLanguage":"pl-PL"},{"@type":"Organization","@id":"https:\/\/svpchem.eu\/pl\/#organization","name":"svpchem.eu","url":"https:\/\/svpchem.eu\/pl\/","logo":{"@type":"ImageObject","inLanguage":"pl-PL","@id":"https:\/\/svpchem.eu\/pl\/#\/schema\/logo\/image\/","url":"https:\/\/svpchem.eu\/wp-content\/uploads\/2025\/12\/logo_cropped_no_bg_20251217-1.png","contentUrl":"https:\/\/svpchem.eu\/wp-content\/uploads\/2025\/12\/logo_cropped_no_bg_20251217-1.png","width":851,"height":430,"caption":"svpchem.eu"},"image":{"@id":"https:\/\/svpchem.eu\/pl\/#\/schema\/logo\/image\/"}}]}},"_links":{"self":[{"href":"https:\/\/svpchem.eu\/pl\/wp-json\/wp\/v2\/product\/2921","targetHints":{"allow":["GET"]}}],"collection":[{"href":"https:\/\/svpchem.eu\/pl\/wp-json\/wp\/v2\/product"}],"about":[{"href":"https:\/\/svpchem.eu\/pl\/wp-json\/wp\/v2\/types\/product"}],"wp:featuredmedia":[{"embeddable":true,"href":"https:\/\/svpchem.eu\/pl\/wp-json\/wp\/v2\/media\/2929"}],"wp:attachment":[{"href":"https:\/\/svpchem.eu\/pl\/wp-json\/wp\/v2\/media?parent=2921"}],"wp:term":[{"taxonomy":"product_brand","embeddable":true,"href":"https:\/\/svpchem.eu\/pl\/wp-json\/wp\/v2\/product_brand?post=2921"},{"taxonomy":"product_cat","embeddable":true,"href":"https:\/\/svpchem.eu\/pl\/wp-json\/wp\/v2\/product_cat?post=2921"},{"taxonomy":"product_tag","embeddable":true,"href":"https:\/\/svpchem.eu\/pl\/wp-json\/wp\/v2\/product_tag?post=2921"}],"curies":[{"name":"wp","href":"https:\/\/api.w.org\/{rel}","templated":true}]}}