{"id":2935,"date":"2025-12-19T13:31:51","date_gmt":"2025-12-19T13:31:51","guid":{"rendered":"https:\/\/svpchem.eu\/produktas\/farby-akrylowe-w-aerozolu-svp-feesto-rozne-kolory\/"},"modified":"2026-04-10T09:59:28","modified_gmt":"2026-04-10T09:59:28","slug":"farby-akrylowe-w-aerozolu-svp-feesto-rozne-kolory","status":"publish","type":"product","link":"https:\/\/svpchem.eu\/pl\/produktas\/farby-akrylowe-w-aerozolu-svp-feesto-rozne-kolory\/","title":{"rendered":"Farby akrylowe w aerozolu SVP Feesto, r\u00f3\u017cne kolory"},"content":{"rendered":"","protected":false},"excerpt":{"rendered":"<p><strong>Opis:<br \/>\n<\/strong><br \/>\n Farby akrylowe w aerozolu, oparte na syntetycznych polimerach akrylowych, to wygodne i skuteczne rozwi\u0105zanie. Przeznaczone s\u0105 do usuwania drobnych defekt\u00f3w karoserii, renowacji i dekoracji cz\u0119\u015bci, gwarantuj\u0105c wysokiej jako\u015bci rezultat bez konieczno\u015bci stosowania specjalistycznego sprz\u0119tu.<br \/>\n<strong><br \/>\nKluczowe cechy:<br \/>\n<\/strong><br \/>\n &#8211; Najwy\u017csza estetyka &#8211; jasny kolor i wysoki po\u0142ysk.<br \/>\n&#8211; Stabilno\u015b\u0107 koloru &#8211; wysoce odporny na promieniowanie UV, d\u0142ugotrwa\u0142y i nie blakn\u0105cy.<br \/>\n&#8211; Szybkie schni\u0119cie &#8211; skraca czas naprawy i zmniejsza prawdopodobie\u0144stwo przywierania kurzu.<br \/>\n&#8211; Optymalna przyczepno\u015b\u0107 &#8211; doskona\u0142a przyczepno\u015b\u0107 do odpowiednio przygotowanych powierzchni (podk\u0142ad, metal, plastik).<\/p>\n<p><strong>Zastosowanie:<\/strong><\/p>\n<p>Proste dozowanie aerozolu umo\u017cliwia \u0142atwe i r\u00f3wnomierne rozprowadzanie farby. Stosowa\u0107 na czystych, przygotowanych powierzchniach. <\/p>\n<p><strong>Zalety:<br \/>\n<\/strong><br \/>\n &#8211; \u0141atwy w u\u017cyciu &#8211; nie wymaga specjalnego sprz\u0119tu do malowania.<br \/>\n&#8211; Do precyzyjnego lakierowania &#8211; idealny do punktowego odnawiania element\u00f3w karoserii.<br \/>\n&#8211; Zmniejsza zanieczyszczenie &#8211; minimalne zanieczyszczenie \u015brodowiska, brak odpad\u00f3w po czyszczeniu.<br \/>\n&#8211; Zgodny z normami &#8211; wyprodukowany zgodnie z dyrektywami UE dotycz\u0105cymi niskiej zawarto\u015bci LZO.<\/p>\n<p><strong>Informacje techniczne:<br \/>\n<\/strong><br \/>\n &#8211; Pojemno\u015b\u0107: 400 ml<br \/>\n&#8211; Baza: syntetyczny polimer akrylowy.<br \/>\n&#8211; Przeznaczenie: usuwanie drobnych defekt\u00f3w, renowacja cz\u0119\u015bci (samochodowych i dekoracyjnych).<br \/>\n&#8211; Efekt powierzchniowy: wysoki po\u0142ysk jest mo\u017cliwy bez dodatkowego lakieru.<br \/>\n&#8211; Odporno\u015b\u0107: na promienie UV i blakni\u0119cie.<\/p>\n[svpral title=\"Farba akrylowa w aerozolu SVP Feesto\" size=\"28\" items=\"SVP Feesto, baltos spalvos, Nr. 40|9010; SVP Feesto, baltos spalvos, matiniai, Nr. 1007|9010; SVP Feesto, juodos spalvos, blizgantys, Nr. 39|9005; SVP Feesto, juodos spalvos, matiniai, Nr. 4|9005; SVP Feesto, sidabro spalvos, Nr. 36|9006; SVP Feesto, aukso spalvos, Nr. 35|1036; SVP Feesto, bespalvis lakas|SK; SVP Feesto, bronzin\u0117s spalvos, Nr. 132|8029; SVP Feesto, ry\u0161kiai geltonos spalvos, Nr. 25|1003; SVP Feesto, \u0161iltos geltonos spalvos, Nr. 41|1018; SVP Feesto, tamsiai geltonos spalvos, Nr. 31|1028; SVP Feesto, geltonos kremin\u0117s spalvos, Nr. 33|1017; SVP Feesto, raudonos marso spalvos, Nr. 8|3013; SVP Feesto, raudonos spalvos, Nr. 14|2002; SVP Feesto, raudonos oran\u017ein\u0117s spalvos, Nr. 6|3000; SVP Feesto, raudonos purpurin\u0117s spalvos, Nr. 23|3003; SVP Feesto, tamsiai raudonos spalvos, Nr. 137|3004; SVP Feesto, \u0161viesiai rudos spalvos, Nr. 135|8017; SVP Feesto, deimantin\u0117s m\u0117lynos spalvos, Nr. 133|5015; SVP Feesto, tamsiai m\u0117lynos spalvos, Nr. 21|5010; SVP Feesto, m\u0117lynos Isuzu spalvos, Nr. 312|5005; SVP Feesto, ultramarinin\u0117s m\u0117lynos spalvos, Nr. 15|5002; SVP Feesto safyrin\u0117s m\u0117lynos Nr. 219|5003; SVP Feesto, pilkos spalvos, Nr. 301|7031; SVP Feesto, \u0161viesiai pilkos spalvos, Nr. 335|7000; SVP Feesto, \u017ealios kelinink\u0173 spalvos, Nr. 13|6024; SVP Feesto, ry\u0161kiai \u017ealios spalvos, Nr. 27|6018; SVP Feesto, sodriai \u017ealios spalvos, Nr. 37|6026; SVP Feesto, tamsiai \u017ealios spalvos, Nr. 77|6005; SVP Feesto, antracito pilkos spalvos|7016; SVP Feesto, grafito pilkos spalvos|7024\"]\n<p><strong><br \/>\nUwaga.<\/strong>  Mo\u017cemy wyprodukowa\u0107 dowolny kolor z palety RAL.<\/p>\n","protected":false},"featured_media":2988,"template":"","meta":[],"product_brand":[],"product_cat":[152],"product_tag":[],"class_list":{"0":"post-2935","1":"product","2":"type-product","3":"status-publish","4":"has-post-thumbnail","6":"product_cat-farby-akrylowe-w-aerozolu","7":"pa_brand-svp","8":"pa_kiekis_dz-157","9":"pa_kiekis_pk-158","10":"pa_talpa-400-ml","12":"first","13":"instock","14":"shipping-taxable","15":"product-type-variable"},"yoast_head":"<!-- This site is optimized with the Yoast SEO plugin v27.3 - https:\/\/yoast.com\/product\/yoast-seo-wordpress\/ -->\n<title>Farby akrylowe w aerozolu SVP Feesto, r\u00f3\u017cne kolory - svpchem.eu<\/title>\n<meta name=\"description\" content=\"Farby akrylowe w aerozolu SVP FEESTO - wielokolorowe farby w sprayu do metalu, drewna, plastiku i innych powierzchni. Szybkie schni\u0119cie, dobre krycie oraz g\u0142adkie, trwa\u0142e i estetyczne wyko\u0144czenie.\" \/>\n<meta name=\"robots\" content=\"index, follow, max-snippet:-1, max-image-preview:large, max-video-preview:-1\" \/>\n<link rel=\"canonical\" href=\"https:\/\/svpchem.eu\/pl\/produktas\/farby-akrylowe-w-aerozolu-svp-feesto-rozne-kolory\/\" \/>\n<meta property=\"og:locale\" content=\"pl_PL\" \/>\n<meta property=\"og:type\" content=\"article\" \/>\n<meta property=\"og:title\" content=\"Farby akrylowe w aerozolu SVP Feesto, r\u00f3\u017cne kolory - svpchem.eu\" \/>\n<meta property=\"og:description\" content=\"Farby akrylowe w aerozolu SVP FEESTO - wielokolorowe farby w sprayu do metalu, drewna, plastiku i innych powierzchni. Szybkie schni\u0119cie, dobre krycie oraz g\u0142adkie, trwa\u0142e i estetyczne wyko\u0144czenie.\" \/>\n<meta property=\"og:url\" content=\"https:\/\/svpchem.eu\/pl\/produktas\/farby-akrylowe-w-aerozolu-svp-feesto-rozne-kolory\/\" \/>\n<meta property=\"og:site_name\" content=\"svpchem.eu\" \/>\n<meta property=\"article:modified_time\" content=\"2026-04-10T09:59:28+00:00\" \/>\n<meta property=\"og:image\" content=\"https:\/\/svpchem.eu\/wp-content\/uploads\/2025\/12\/SVP-Feesto-raudonos-purpurines-spalvos-Nr.-23-N.jpg\" \/>\n\t<meta property=\"og:image:width\" content=\"1300\" \/>\n\t<meta property=\"og:image:height\" content=\"1300\" \/>\n\t<meta property=\"og:image:type\" content=\"image\/jpeg\" \/>\n<meta name=\"twitter:card\" content=\"summary_large_image\" \/>\n<script type=\"application\/ld+json\" class=\"yoast-schema-graph\">{\"@context\":\"https:\\\/\\\/schema.org\",\"@graph\":[{\"@type\":\"WebPage\",\"@id\":\"https:\\\/\\\/svpchem.eu\\\/pl\\\/produktas\\\/farby-akrylowe-w-aerozolu-svp-feesto-rozne-kolory\\\/\",\"url\":\"https:\\\/\\\/svpchem.eu\\\/pl\\\/produktas\\\/farby-akrylowe-w-aerozolu-svp-feesto-rozne-kolory\\\/\",\"name\":\"Farby akrylowe w aerozolu SVP Feesto, r\u00f3\u017cne kolory - svpchem.eu\",\"isPartOf\":{\"@id\":\"https:\\\/\\\/svpchem.eu\\\/pl\\\/#website\"},\"primaryImageOfPage\":{\"@id\":\"https:\\\/\\\/svpchem.eu\\\/pl\\\/produktas\\\/farby-akrylowe-w-aerozolu-svp-feesto-rozne-kolory\\\/#primaryimage\"},\"image\":{\"@id\":\"https:\\\/\\\/svpchem.eu\\\/pl\\\/produktas\\\/farby-akrylowe-w-aerozolu-svp-feesto-rozne-kolory\\\/#primaryimage\"},\"thumbnailUrl\":\"https:\\\/\\\/svpchem.eu\\\/wp-content\\\/uploads\\\/2025\\\/12\\\/SVP-Feesto-raudonos-purpurines-spalvos-Nr.-23-N.jpg\",\"datePublished\":\"2025-12-19T13:31:51+00:00\",\"dateModified\":\"2026-04-10T09:59:28+00:00\",\"description\":\"Farby akrylowe w aerozolu SVP FEESTO - wielokolorowe farby w sprayu do metalu, drewna, plastiku i innych powierzchni. Szybkie schni\u0119cie, dobre krycie oraz g\u0142adkie, trwa\u0142e i estetyczne wyko\u0144czenie.\",\"breadcrumb\":{\"@id\":\"https:\\\/\\\/svpchem.eu\\\/pl\\\/produktas\\\/farby-akrylowe-w-aerozolu-svp-feesto-rozne-kolory\\\/#breadcrumb\"},\"inLanguage\":\"pl-PL\",\"potentialAction\":[{\"@type\":\"ReadAction\",\"target\":[\"https:\\\/\\\/svpchem.eu\\\/pl\\\/produktas\\\/farby-akrylowe-w-aerozolu-svp-feesto-rozne-kolory\\\/\"]}]},{\"@type\":\"ImageObject\",\"inLanguage\":\"pl-PL\",\"@id\":\"https:\\\/\\\/svpchem.eu\\\/pl\\\/produktas\\\/farby-akrylowe-w-aerozolu-svp-feesto-rozne-kolory\\\/#primaryimage\",\"url\":\"https:\\\/\\\/svpchem.eu\\\/wp-content\\\/uploads\\\/2025\\\/12\\\/SVP-Feesto-raudonos-purpurines-spalvos-Nr.-23-N.jpg\",\"contentUrl\":\"https:\\\/\\\/svpchem.eu\\\/wp-content\\\/uploads\\\/2025\\\/12\\\/SVP-Feesto-raudonos-purpurines-spalvos-Nr.-23-N.jpg\",\"width\":1300,\"height\":1300},{\"@type\":\"BreadcrumbList\",\"@id\":\"https:\\\/\\\/svpchem.eu\\\/pl\\\/produktas\\\/farby-akrylowe-w-aerozolu-svp-feesto-rozne-kolory\\\/#breadcrumb\",\"itemListElement\":[{\"@type\":\"ListItem\",\"position\":1,\"name\":\"Strona g\u0142\u00f3wna\",\"item\":\"https:\\\/\\\/svpchem.eu\\\/pl\\\/o-nas\\\/\"},{\"@type\":\"ListItem\",\"position\":2,\"name\":\"Sklep\",\"item\":\"https:\\\/\\\/svpchem.eu\\\/pl\\\/sklep\\\/\"},{\"@type\":\"ListItem\",\"position\":3,\"name\":\"Farby akrylowe w aerozolu SVP Feesto, r\u00f3\u017cne kolory\"}]},{\"@type\":\"WebSite\",\"@id\":\"https:\\\/\\\/svpchem.eu\\\/pl\\\/#website\",\"url\":\"https:\\\/\\\/svpchem.eu\\\/pl\\\/\",\"name\":\"svpchem.eu\",\"description\":\"\",\"publisher\":{\"@id\":\"https:\\\/\\\/svpchem.eu\\\/pl\\\/#organization\"},\"potentialAction\":[{\"@type\":\"SearchAction\",\"target\":{\"@type\":\"EntryPoint\",\"urlTemplate\":\"https:\\\/\\\/svpchem.eu\\\/pl\\\/?s={search_term_string}\"},\"query-input\":{\"@type\":\"PropertyValueSpecification\",\"valueRequired\":true,\"valueName\":\"search_term_string\"}}],\"inLanguage\":\"pl-PL\"},{\"@type\":\"Organization\",\"@id\":\"https:\\\/\\\/svpchem.eu\\\/pl\\\/#organization\",\"name\":\"svpchem.eu\",\"url\":\"https:\\\/\\\/svpchem.eu\\\/pl\\\/\",\"logo\":{\"@type\":\"ImageObject\",\"inLanguage\":\"pl-PL\",\"@id\":\"https:\\\/\\\/svpchem.eu\\\/pl\\\/#\\\/schema\\\/logo\\\/image\\\/\",\"url\":\"https:\\\/\\\/svpchem.eu\\\/wp-content\\\/uploads\\\/2025\\\/12\\\/logo_cropped_no_bg_20251217-1.png\",\"contentUrl\":\"https:\\\/\\\/svpchem.eu\\\/wp-content\\\/uploads\\\/2025\\\/12\\\/logo_cropped_no_bg_20251217-1.png\",\"width\":851,\"height\":430,\"caption\":\"svpchem.eu\"},\"image\":{\"@id\":\"https:\\\/\\\/svpchem.eu\\\/pl\\\/#\\\/schema\\\/logo\\\/image\\\/\"}}]}<\/script>\n<!-- \/ Yoast SEO plugin. -->","yoast_head_json":{"title":"Farby akrylowe w aerozolu SVP Feesto, r\u00f3\u017cne kolory - svpchem.eu","description":"Farby akrylowe w aerozolu SVP FEESTO - wielokolorowe farby w sprayu do metalu, drewna, plastiku i innych powierzchni. Szybkie schni\u0119cie, dobre krycie oraz g\u0142adkie, trwa\u0142e i estetyczne wyko\u0144czenie.","robots":{"index":"index","follow":"follow","max-snippet":"max-snippet:-1","max-image-preview":"max-image-preview:large","max-video-preview":"max-video-preview:-1"},"canonical":"https:\/\/svpchem.eu\/pl\/produktas\/farby-akrylowe-w-aerozolu-svp-feesto-rozne-kolory\/","og_locale":"pl_PL","og_type":"article","og_title":"Farby akrylowe w aerozolu SVP Feesto, r\u00f3\u017cne kolory - svpchem.eu","og_description":"Farby akrylowe w aerozolu SVP FEESTO - wielokolorowe farby w sprayu do metalu, drewna, plastiku i innych powierzchni. Szybkie schni\u0119cie, dobre krycie oraz g\u0142adkie, trwa\u0142e i estetyczne wyko\u0144czenie.","og_url":"https:\/\/svpchem.eu\/pl\/produktas\/farby-akrylowe-w-aerozolu-svp-feesto-rozne-kolory\/","og_site_name":"svpchem.eu","article_modified_time":"2026-04-10T09:59:28+00:00","og_image":[{"width":1300,"height":1300,"url":"https:\/\/svpchem.eu\/wp-content\/uploads\/2025\/12\/SVP-Feesto-raudonos-purpurines-spalvos-Nr.-23-N.jpg","type":"image\/jpeg"}],"twitter_card":"summary_large_image","schema":{"@context":"https:\/\/schema.org","@graph":[{"@type":"WebPage","@id":"https:\/\/svpchem.eu\/pl\/produktas\/farby-akrylowe-w-aerozolu-svp-feesto-rozne-kolory\/","url":"https:\/\/svpchem.eu\/pl\/produktas\/farby-akrylowe-w-aerozolu-svp-feesto-rozne-kolory\/","name":"Farby akrylowe w aerozolu SVP Feesto, r\u00f3\u017cne kolory - svpchem.eu","isPartOf":{"@id":"https:\/\/svpchem.eu\/pl\/#website"},"primaryImageOfPage":{"@id":"https:\/\/svpchem.eu\/pl\/produktas\/farby-akrylowe-w-aerozolu-svp-feesto-rozne-kolory\/#primaryimage"},"image":{"@id":"https:\/\/svpchem.eu\/pl\/produktas\/farby-akrylowe-w-aerozolu-svp-feesto-rozne-kolory\/#primaryimage"},"thumbnailUrl":"https:\/\/svpchem.eu\/wp-content\/uploads\/2025\/12\/SVP-Feesto-raudonos-purpurines-spalvos-Nr.-23-N.jpg","datePublished":"2025-12-19T13:31:51+00:00","dateModified":"2026-04-10T09:59:28+00:00","description":"Farby akrylowe w aerozolu SVP FEESTO - wielokolorowe farby w sprayu do metalu, drewna, plastiku i innych powierzchni. Szybkie schni\u0119cie, dobre krycie oraz g\u0142adkie, trwa\u0142e i estetyczne wyko\u0144czenie.","breadcrumb":{"@id":"https:\/\/svpchem.eu\/pl\/produktas\/farby-akrylowe-w-aerozolu-svp-feesto-rozne-kolory\/#breadcrumb"},"inLanguage":"pl-PL","potentialAction":[{"@type":"ReadAction","target":["https:\/\/svpchem.eu\/pl\/produktas\/farby-akrylowe-w-aerozolu-svp-feesto-rozne-kolory\/"]}]},{"@type":"ImageObject","inLanguage":"pl-PL","@id":"https:\/\/svpchem.eu\/pl\/produktas\/farby-akrylowe-w-aerozolu-svp-feesto-rozne-kolory\/#primaryimage","url":"https:\/\/svpchem.eu\/wp-content\/uploads\/2025\/12\/SVP-Feesto-raudonos-purpurines-spalvos-Nr.-23-N.jpg","contentUrl":"https:\/\/svpchem.eu\/wp-content\/uploads\/2025\/12\/SVP-Feesto-raudonos-purpurines-spalvos-Nr.-23-N.jpg","width":1300,"height":1300},{"@type":"BreadcrumbList","@id":"https:\/\/svpchem.eu\/pl\/produktas\/farby-akrylowe-w-aerozolu-svp-feesto-rozne-kolory\/#breadcrumb","itemListElement":[{"@type":"ListItem","position":1,"name":"Strona g\u0142\u00f3wna","item":"https:\/\/svpchem.eu\/pl\/o-nas\/"},{"@type":"ListItem","position":2,"name":"Sklep","item":"https:\/\/svpchem.eu\/pl\/sklep\/"},{"@type":"ListItem","position":3,"name":"Farby akrylowe w aerozolu SVP Feesto, r\u00f3\u017cne kolory"}]},{"@type":"WebSite","@id":"https:\/\/svpchem.eu\/pl\/#website","url":"https:\/\/svpchem.eu\/pl\/","name":"svpchem.eu","description":"","publisher":{"@id":"https:\/\/svpchem.eu\/pl\/#organization"},"potentialAction":[{"@type":"SearchAction","target":{"@type":"EntryPoint","urlTemplate":"https:\/\/svpchem.eu\/pl\/?s={search_term_string}"},"query-input":{"@type":"PropertyValueSpecification","valueRequired":true,"valueName":"search_term_string"}}],"inLanguage":"pl-PL"},{"@type":"Organization","@id":"https:\/\/svpchem.eu\/pl\/#organization","name":"svpchem.eu","url":"https:\/\/svpchem.eu\/pl\/","logo":{"@type":"ImageObject","inLanguage":"pl-PL","@id":"https:\/\/svpchem.eu\/pl\/#\/schema\/logo\/image\/","url":"https:\/\/svpchem.eu\/wp-content\/uploads\/2025\/12\/logo_cropped_no_bg_20251217-1.png","contentUrl":"https:\/\/svpchem.eu\/wp-content\/uploads\/2025\/12\/logo_cropped_no_bg_20251217-1.png","width":851,"height":430,"caption":"svpchem.eu"},"image":{"@id":"https:\/\/svpchem.eu\/pl\/#\/schema\/logo\/image\/"}}]}},"_links":{"self":[{"href":"https:\/\/svpchem.eu\/pl\/wp-json\/wp\/v2\/product\/2935","targetHints":{"allow":["GET"]}}],"collection":[{"href":"https:\/\/svpchem.eu\/pl\/wp-json\/wp\/v2\/product"}],"about":[{"href":"https:\/\/svpchem.eu\/pl\/wp-json\/wp\/v2\/types\/product"}],"wp:featuredmedia":[{"embeddable":true,"href":"https:\/\/svpchem.eu\/pl\/wp-json\/wp\/v2\/media\/2988"}],"wp:attachment":[{"href":"https:\/\/svpchem.eu\/pl\/wp-json\/wp\/v2\/media?parent=2935"}],"wp:term":[{"taxonomy":"product_brand","embeddable":true,"href":"https:\/\/svpchem.eu\/pl\/wp-json\/wp\/v2\/product_brand?post=2935"},{"taxonomy":"product_cat","embeddable":true,"href":"https:\/\/svpchem.eu\/pl\/wp-json\/wp\/v2\/product_cat?post=2935"},{"taxonomy":"product_tag","embeddable":true,"href":"https:\/\/svpchem.eu\/pl\/wp-json\/wp\/v2\/product_tag?post=2935"}],"curies":[{"name":"wp","href":"https:\/\/api.w.org\/{rel}","templated":true}]}}