{"id":2994,"date":"2025-12-19T13:31:51","date_gmt":"2025-12-19T13:31:51","guid":{"rendered":"https:\/\/svpchem.eu\/produktas\/svp-zimowy-plyn-do-mycia-szyb-20%e2%81%b0-c-etanol\/"},"modified":"2026-04-10T10:00:04","modified_gmt":"2026-04-10T10:00:04","slug":"svp-zimowy-plyn-do-mycia-szyb-20%e2%81%b0-c-etanol","status":"publish","type":"product","link":"https:\/\/svpchem.eu\/pl\/produktas\/svp-zimowy-plyn-do-mycia-szyb-20%e2%81%b0-c-etanol\/","title":{"rendered":"SVP Zimowy p\u0142yn do mycia szyb -20\u2070 C (etanol)"},"content":{"rendered":"","protected":false},"excerpt":{"rendered":"<p><strong>Opis:<br \/>\n<\/strong><br \/>\n Zimowy p\u0142yn do spryskiwaczy to p\u0142yn na bazie etanolu, kt\u00f3ry zapewnia doskona\u0142\u0105 widoczno\u015b\u0107 w niskich temperaturach. Skutecznie zapobiega zamarzaniu uk\u0142adu spryskiwania i szybko usuwa brud drogowy, s\u00f3l i t\u0142ust\u0105 pow\u0142ok\u0119 z przedniej szyby.<br \/>\n<strong><br \/>\nKluczowe cechy:<br \/>\n<\/strong><br \/>\n &#8211; Skuteczno\u015b\u0107 czyszczenia &#8211; szybko usuwa brud drogowy, s\u00f3l i t\u0142uszcz.<br \/>\n&#8211; Przewaga etanolu &#8211; szybko odparowuje z szyb, nie pozostawia smug i nie zamra\u017ca wycieraczek.<br \/>\n&#8211; Ochrona &#8211; dodatki w sk\u0142adzie chroni\u0105 pi\u00f3ra wycieraczek przed p\u0119kaniem.<br \/>\n&#8211; Bezpiecze\u0144stwo &#8211; bezpieczny dla powierzchni lakierowanych, element\u00f3w gumowych i plastikowych.<br \/>\n<strong><br \/>\nSpos\u00f3b u\u017cycia:<br \/>\n<\/strong><br \/>\n Wla\u0107 p\u0142yn bezpo\u015brednio do zbiornika spryskiwacza samochodu. Gotowy do u\u017cycia do okre\u015blonej temperatury.<br \/>\n<strong><br \/>\nZalety:<br \/>\n<\/strong><br \/>\n &#8211; Gwarantowana ochrona przed zamarzaniem spryskiwaczy w zimie.<br \/>\n&#8211; Doskona\u0142a widoczno\u015b\u0107 w umiarkowanych temperaturach zimowych.<br \/>\n&#8211; Nie zamra\u017ca wycieraczek.<br \/>\n<strong><br \/>\nInformacje techniczne:<br \/>\n<\/strong><br \/>\n &#8211; Baza: etanol.<br \/>\n&#8211; Odporno\u015b\u0107 na zimno: do -20\u2218C.<br \/>\n&#8211; Pojemno\u015b\u0107: 5000 ml (etanol).<br \/>\n&#8211; Przeznaczenie: system mycia szyb samochodowych.<\/p>\n","protected":false},"featured_media":2995,"template":"","meta":[],"product_brand":[],"product_cat":[306],"product_tag":[],"class_list":{"0":"post-2994","1":"product","2":"type-product","3":"status-publish","4":"has-post-thumbnail","6":"product_cat-zimowe-plyny-do-mycia-okien","7":"pa_brand-svp","8":"pa_ean-4779032960168-0","9":"pa_kiekis_dz-201","10":"pa_kiekis_pk-158","11":"pa_talpa-5000-ml","13":"first","14":"instock","15":"shipping-taxable","16":"product-type-simple"},"yoast_head":"<!-- This site is optimized with the Yoast SEO plugin v27.3 - https:\/\/yoast.com\/product\/yoast-seo-wordpress\/ -->\n<title>SVP Zimowy p\u0142yn do mycia szyb -20\u2070 C (etanol) - svpchem.eu<\/title>\n<meta name=\"description\" content=\"SVP Winter Window Cleaner -20 \u00b0C (na bazie etanolu) - skutecznie usuwa brud, s\u00f3l i zanieczyszczenia drogowe, nie zamarza w niskich temperaturach. Zapewnia dobr\u0105 widoczno\u015b\u0107 i bezpieczn\u0105 jazd\u0119 w warunkach zimowych.\" \/>\n<meta name=\"robots\" content=\"index, follow, max-snippet:-1, max-image-preview:large, max-video-preview:-1\" \/>\n<link rel=\"canonical\" href=\"https:\/\/svpchem.eu\/pl\/produktas\/svp-zimowy-plyn-do-mycia-szyb-20%e2%81%b0-c-etanol\/\" \/>\n<meta property=\"og:locale\" content=\"pl_PL\" \/>\n<meta property=\"og:type\" content=\"article\" \/>\n<meta property=\"og:title\" content=\"SVP Zimowy p\u0142yn do mycia szyb -20\u2070 C (etanol) - svpchem.eu\" \/>\n<meta property=\"og:description\" content=\"SVP Winter Window Cleaner -20 \u00b0C (na bazie etanolu) - skutecznie usuwa brud, s\u00f3l i zanieczyszczenia drogowe, nie zamarza w niskich temperaturach. Zapewnia dobr\u0105 widoczno\u015b\u0107 i bezpieczn\u0105 jazd\u0119 w warunkach zimowych.\" \/>\n<meta property=\"og:url\" content=\"https:\/\/svpchem.eu\/pl\/produktas\/svp-zimowy-plyn-do-mycia-szyb-20%e2%81%b0-c-etanol\/\" \/>\n<meta property=\"og:site_name\" content=\"svpchem.eu\" \/>\n<meta property=\"article:modified_time\" content=\"2026-04-10T10:00:04+00:00\" \/>\n<meta property=\"og:image\" content=\"https:\/\/svpchem.eu\/wp-content\/uploads\/2025\/12\/SVP_Zieminis_langu_ploviklis_-20__C__etanolis_-removebg-preview.jpg\" \/>\n\t<meta property=\"og:image:width\" content=\"1300\" \/>\n\t<meta property=\"og:image:height\" content=\"1300\" \/>\n\t<meta property=\"og:image:type\" content=\"image\/jpeg\" \/>\n<meta name=\"twitter:card\" content=\"summary_large_image\" \/>\n<script type=\"application\/ld+json\" class=\"yoast-schema-graph\">{\"@context\":\"https:\\\/\\\/schema.org\",\"@graph\":[{\"@type\":\"WebPage\",\"@id\":\"https:\\\/\\\/svpchem.eu\\\/pl\\\/produktas\\\/svp-zimowy-plyn-do-mycia-szyb-20%e2%81%b0-c-etanol\\\/\",\"url\":\"https:\\\/\\\/svpchem.eu\\\/pl\\\/produktas\\\/svp-zimowy-plyn-do-mycia-szyb-20%e2%81%b0-c-etanol\\\/\",\"name\":\"SVP Zimowy p\u0142yn do mycia szyb -20\u2070 C (etanol) - svpchem.eu\",\"isPartOf\":{\"@id\":\"https:\\\/\\\/svpchem.eu\\\/pl\\\/#website\"},\"primaryImageOfPage\":{\"@id\":\"https:\\\/\\\/svpchem.eu\\\/pl\\\/produktas\\\/svp-zimowy-plyn-do-mycia-szyb-20%e2%81%b0-c-etanol\\\/#primaryimage\"},\"image\":{\"@id\":\"https:\\\/\\\/svpchem.eu\\\/pl\\\/produktas\\\/svp-zimowy-plyn-do-mycia-szyb-20%e2%81%b0-c-etanol\\\/#primaryimage\"},\"thumbnailUrl\":\"https:\\\/\\\/svpchem.eu\\\/wp-content\\\/uploads\\\/2025\\\/12\\\/SVP_Zieminis_langu_ploviklis_-20__C__etanolis_-removebg-preview.jpg\",\"datePublished\":\"2025-12-19T13:31:51+00:00\",\"dateModified\":\"2026-04-10T10:00:04+00:00\",\"description\":\"SVP Winter Window Cleaner -20 \u00b0C (na bazie etanolu) - skutecznie usuwa brud, s\u00f3l i zanieczyszczenia drogowe, nie zamarza w niskich temperaturach. Zapewnia dobr\u0105 widoczno\u015b\u0107 i bezpieczn\u0105 jazd\u0119 w warunkach zimowych.\",\"breadcrumb\":{\"@id\":\"https:\\\/\\\/svpchem.eu\\\/pl\\\/produktas\\\/svp-zimowy-plyn-do-mycia-szyb-20%e2%81%b0-c-etanol\\\/#breadcrumb\"},\"inLanguage\":\"pl-PL\",\"potentialAction\":[{\"@type\":\"ReadAction\",\"target\":[\"https:\\\/\\\/svpchem.eu\\\/pl\\\/produktas\\\/svp-zimowy-plyn-do-mycia-szyb-20%e2%81%b0-c-etanol\\\/\"]}]},{\"@type\":\"ImageObject\",\"inLanguage\":\"pl-PL\",\"@id\":\"https:\\\/\\\/svpchem.eu\\\/pl\\\/produktas\\\/svp-zimowy-plyn-do-mycia-szyb-20%e2%81%b0-c-etanol\\\/#primaryimage\",\"url\":\"https:\\\/\\\/svpchem.eu\\\/wp-content\\\/uploads\\\/2025\\\/12\\\/SVP_Zieminis_langu_ploviklis_-20__C__etanolis_-removebg-preview.jpg\",\"contentUrl\":\"https:\\\/\\\/svpchem.eu\\\/wp-content\\\/uploads\\\/2025\\\/12\\\/SVP_Zieminis_langu_ploviklis_-20__C__etanolis_-removebg-preview.jpg\",\"width\":1300,\"height\":1300},{\"@type\":\"BreadcrumbList\",\"@id\":\"https:\\\/\\\/svpchem.eu\\\/pl\\\/produktas\\\/svp-zimowy-plyn-do-mycia-szyb-20%e2%81%b0-c-etanol\\\/#breadcrumb\",\"itemListElement\":[{\"@type\":\"ListItem\",\"position\":1,\"name\":\"Strona g\u0142\u00f3wna\",\"item\":\"https:\\\/\\\/svpchem.eu\\\/pl\\\/o-nas\\\/\"},{\"@type\":\"ListItem\",\"position\":2,\"name\":\"Sklep\",\"item\":\"https:\\\/\\\/svpchem.eu\\\/pl\\\/sklep\\\/\"},{\"@type\":\"ListItem\",\"position\":3,\"name\":\"SVP Zimowy p\u0142yn do mycia szyb -20\u2070 C (etanol)\"}]},{\"@type\":\"WebSite\",\"@id\":\"https:\\\/\\\/svpchem.eu\\\/pl\\\/#website\",\"url\":\"https:\\\/\\\/svpchem.eu\\\/pl\\\/\",\"name\":\"svpchem.eu\",\"description\":\"\",\"publisher\":{\"@id\":\"https:\\\/\\\/svpchem.eu\\\/pl\\\/#organization\"},\"potentialAction\":[{\"@type\":\"SearchAction\",\"target\":{\"@type\":\"EntryPoint\",\"urlTemplate\":\"https:\\\/\\\/svpchem.eu\\\/pl\\\/?s={search_term_string}\"},\"query-input\":{\"@type\":\"PropertyValueSpecification\",\"valueRequired\":true,\"valueName\":\"search_term_string\"}}],\"inLanguage\":\"pl-PL\"},{\"@type\":\"Organization\",\"@id\":\"https:\\\/\\\/svpchem.eu\\\/pl\\\/#organization\",\"name\":\"svpchem.eu\",\"url\":\"https:\\\/\\\/svpchem.eu\\\/pl\\\/\",\"logo\":{\"@type\":\"ImageObject\",\"inLanguage\":\"pl-PL\",\"@id\":\"https:\\\/\\\/svpchem.eu\\\/pl\\\/#\\\/schema\\\/logo\\\/image\\\/\",\"url\":\"https:\\\/\\\/svpchem.eu\\\/wp-content\\\/uploads\\\/2025\\\/12\\\/logo_cropped_no_bg_20251217-1.png\",\"contentUrl\":\"https:\\\/\\\/svpchem.eu\\\/wp-content\\\/uploads\\\/2025\\\/12\\\/logo_cropped_no_bg_20251217-1.png\",\"width\":851,\"height\":430,\"caption\":\"svpchem.eu\"},\"image\":{\"@id\":\"https:\\\/\\\/svpchem.eu\\\/pl\\\/#\\\/schema\\\/logo\\\/image\\\/\"}}]}<\/script>\n<!-- \/ Yoast SEO plugin. -->","yoast_head_json":{"title":"SVP Zimowy p\u0142yn do mycia szyb -20\u2070 C (etanol) - svpchem.eu","description":"SVP Winter Window Cleaner -20 \u00b0C (na bazie etanolu) - skutecznie usuwa brud, s\u00f3l i zanieczyszczenia drogowe, nie zamarza w niskich temperaturach. Zapewnia dobr\u0105 widoczno\u015b\u0107 i bezpieczn\u0105 jazd\u0119 w warunkach zimowych.","robots":{"index":"index","follow":"follow","max-snippet":"max-snippet:-1","max-image-preview":"max-image-preview:large","max-video-preview":"max-video-preview:-1"},"canonical":"https:\/\/svpchem.eu\/pl\/produktas\/svp-zimowy-plyn-do-mycia-szyb-20%e2%81%b0-c-etanol\/","og_locale":"pl_PL","og_type":"article","og_title":"SVP Zimowy p\u0142yn do mycia szyb -20\u2070 C (etanol) - svpchem.eu","og_description":"SVP Winter Window Cleaner -20 \u00b0C (na bazie etanolu) - skutecznie usuwa brud, s\u00f3l i zanieczyszczenia drogowe, nie zamarza w niskich temperaturach. Zapewnia dobr\u0105 widoczno\u015b\u0107 i bezpieczn\u0105 jazd\u0119 w warunkach zimowych.","og_url":"https:\/\/svpchem.eu\/pl\/produktas\/svp-zimowy-plyn-do-mycia-szyb-20%e2%81%b0-c-etanol\/","og_site_name":"svpchem.eu","article_modified_time":"2026-04-10T10:00:04+00:00","og_image":[{"width":1300,"height":1300,"url":"https:\/\/svpchem.eu\/wp-content\/uploads\/2025\/12\/SVP_Zieminis_langu_ploviklis_-20__C__etanolis_-removebg-preview.jpg","type":"image\/jpeg"}],"twitter_card":"summary_large_image","schema":{"@context":"https:\/\/schema.org","@graph":[{"@type":"WebPage","@id":"https:\/\/svpchem.eu\/pl\/produktas\/svp-zimowy-plyn-do-mycia-szyb-20%e2%81%b0-c-etanol\/","url":"https:\/\/svpchem.eu\/pl\/produktas\/svp-zimowy-plyn-do-mycia-szyb-20%e2%81%b0-c-etanol\/","name":"SVP Zimowy p\u0142yn do mycia szyb -20\u2070 C (etanol) - svpchem.eu","isPartOf":{"@id":"https:\/\/svpchem.eu\/pl\/#website"},"primaryImageOfPage":{"@id":"https:\/\/svpchem.eu\/pl\/produktas\/svp-zimowy-plyn-do-mycia-szyb-20%e2%81%b0-c-etanol\/#primaryimage"},"image":{"@id":"https:\/\/svpchem.eu\/pl\/produktas\/svp-zimowy-plyn-do-mycia-szyb-20%e2%81%b0-c-etanol\/#primaryimage"},"thumbnailUrl":"https:\/\/svpchem.eu\/wp-content\/uploads\/2025\/12\/SVP_Zieminis_langu_ploviklis_-20__C__etanolis_-removebg-preview.jpg","datePublished":"2025-12-19T13:31:51+00:00","dateModified":"2026-04-10T10:00:04+00:00","description":"SVP Winter Window Cleaner -20 \u00b0C (na bazie etanolu) - skutecznie usuwa brud, s\u00f3l i zanieczyszczenia drogowe, nie zamarza w niskich temperaturach. Zapewnia dobr\u0105 widoczno\u015b\u0107 i bezpieczn\u0105 jazd\u0119 w warunkach zimowych.","breadcrumb":{"@id":"https:\/\/svpchem.eu\/pl\/produktas\/svp-zimowy-plyn-do-mycia-szyb-20%e2%81%b0-c-etanol\/#breadcrumb"},"inLanguage":"pl-PL","potentialAction":[{"@type":"ReadAction","target":["https:\/\/svpchem.eu\/pl\/produktas\/svp-zimowy-plyn-do-mycia-szyb-20%e2%81%b0-c-etanol\/"]}]},{"@type":"ImageObject","inLanguage":"pl-PL","@id":"https:\/\/svpchem.eu\/pl\/produktas\/svp-zimowy-plyn-do-mycia-szyb-20%e2%81%b0-c-etanol\/#primaryimage","url":"https:\/\/svpchem.eu\/wp-content\/uploads\/2025\/12\/SVP_Zieminis_langu_ploviklis_-20__C__etanolis_-removebg-preview.jpg","contentUrl":"https:\/\/svpchem.eu\/wp-content\/uploads\/2025\/12\/SVP_Zieminis_langu_ploviklis_-20__C__etanolis_-removebg-preview.jpg","width":1300,"height":1300},{"@type":"BreadcrumbList","@id":"https:\/\/svpchem.eu\/pl\/produktas\/svp-zimowy-plyn-do-mycia-szyb-20%e2%81%b0-c-etanol\/#breadcrumb","itemListElement":[{"@type":"ListItem","position":1,"name":"Strona g\u0142\u00f3wna","item":"https:\/\/svpchem.eu\/pl\/o-nas\/"},{"@type":"ListItem","position":2,"name":"Sklep","item":"https:\/\/svpchem.eu\/pl\/sklep\/"},{"@type":"ListItem","position":3,"name":"SVP Zimowy p\u0142yn do mycia szyb -20\u2070 C (etanol)"}]},{"@type":"WebSite","@id":"https:\/\/svpchem.eu\/pl\/#website","url":"https:\/\/svpchem.eu\/pl\/","name":"svpchem.eu","description":"","publisher":{"@id":"https:\/\/svpchem.eu\/pl\/#organization"},"potentialAction":[{"@type":"SearchAction","target":{"@type":"EntryPoint","urlTemplate":"https:\/\/svpchem.eu\/pl\/?s={search_term_string}"},"query-input":{"@type":"PropertyValueSpecification","valueRequired":true,"valueName":"search_term_string"}}],"inLanguage":"pl-PL"},{"@type":"Organization","@id":"https:\/\/svpchem.eu\/pl\/#organization","name":"svpchem.eu","url":"https:\/\/svpchem.eu\/pl\/","logo":{"@type":"ImageObject","inLanguage":"pl-PL","@id":"https:\/\/svpchem.eu\/pl\/#\/schema\/logo\/image\/","url":"https:\/\/svpchem.eu\/wp-content\/uploads\/2025\/12\/logo_cropped_no_bg_20251217-1.png","contentUrl":"https:\/\/svpchem.eu\/wp-content\/uploads\/2025\/12\/logo_cropped_no_bg_20251217-1.png","width":851,"height":430,"caption":"svpchem.eu"},"image":{"@id":"https:\/\/svpchem.eu\/pl\/#\/schema\/logo\/image\/"}}]}},"_links":{"self":[{"href":"https:\/\/svpchem.eu\/pl\/wp-json\/wp\/v2\/product\/2994","targetHints":{"allow":["GET"]}}],"collection":[{"href":"https:\/\/svpchem.eu\/pl\/wp-json\/wp\/v2\/product"}],"about":[{"href":"https:\/\/svpchem.eu\/pl\/wp-json\/wp\/v2\/types\/product"}],"wp:featuredmedia":[{"embeddable":true,"href":"https:\/\/svpchem.eu\/pl\/wp-json\/wp\/v2\/media\/2995"}],"wp:attachment":[{"href":"https:\/\/svpchem.eu\/pl\/wp-json\/wp\/v2\/media?parent=2994"}],"wp:term":[{"taxonomy":"product_brand","embeddable":true,"href":"https:\/\/svpchem.eu\/pl\/wp-json\/wp\/v2\/product_brand?post=2994"},{"taxonomy":"product_cat","embeddable":true,"href":"https:\/\/svpchem.eu\/pl\/wp-json\/wp\/v2\/product_cat?post=2994"},{"taxonomy":"product_tag","embeddable":true,"href":"https:\/\/svpchem.eu\/pl\/wp-json\/wp\/v2\/product_tag?post=2994"}],"curies":[{"name":"wp","href":"https:\/\/api.w.org\/{rel}","templated":true}]}}