{"id":3012,"date":"2025-12-19T13:31:51","date_gmt":"2025-12-19T13:31:51","guid":{"rendered":"https:\/\/svpchem.eu\/produktas\/svp-winter-window-cleaner-21%e2%81%b0-c-dozowany-w-pojemnikach-stojacych\/"},"modified":"2026-04-10T10:00:01","modified_gmt":"2026-04-10T10:00:01","slug":"svp-winter-window-cleaner-21%e2%81%b0-c-dozowany-w-pojemnikach-stojacych","status":"publish","type":"product","link":"https:\/\/svpchem.eu\/pl\/produktas\/svp-winter-window-cleaner-21%e2%81%b0-c-dozowany-w-pojemnikach-stojacych\/","title":{"rendered":"SVP Winter Window Cleaner -21\u2070 C (dozowany w pojemnikach stoj\u0105cych)"},"content":{"rendered":"","protected":false},"excerpt":{"rendered":"<p><strong>Opis:<br \/>\n<\/strong><br \/>\n Zimowy p\u0142yn do spryskiwaczy to p\u0142yn na bazie etanolu, kt\u00f3ry zapewnia doskona\u0142\u0105 widoczno\u015b\u0107 w niskich temperaturach. Skutecznie zapobiega zamarzaniu uk\u0142adu spryskiwania i szybko usuwa brud drogowy, s\u00f3l i t\u0142ust\u0105 pow\u0142ok\u0119 z przedniej szyby. <\/p>\n<p><strong>Kluczowe cechy:<br \/>\n<\/strong><br \/>\n &#8211; Skuteczno\u015b\u0107 czyszczenia &#8211; szybko usuwa brud drogowy, s\u00f3l i t\u0142uszcz.<br \/>\n&#8211; Przewaga etanolu &#8211; szybko odparowuje z szyb, nie pozostawia smug i nie zamra\u017ca wycieraczek.<br \/>\n&#8211; Ochrona &#8211; dodatki w sk\u0142adzie chroni\u0105 pi\u00f3ra wycieraczek przed p\u0119kaniem.<br \/>\n&#8211; Bezpiecze\u0144stwo &#8211; bezpieczny dla powierzchni lakierowanych, element\u00f3w gumowych i plastikowych.<\/p>\n<p><strong>Spos\u00f3b u\u017cycia:<br \/>\n<\/strong><br \/>\n Wla\u0107 p\u0142yn bezpo\u015brednio do zbiornika spryskiwacza samochodu. Gotowy do u\u017cycia do okre\u015blonej temperatury. <\/p>\n<p><strong>Zalety:<br \/>\n<\/strong><br \/>\n &#8211; Gwarantowana ochrona przed zamarzaniem spryskiwaczy w zimie.<br \/>\n&#8211; Doskona\u0142a widoczno\u015b\u0107 w umiarkowanych temperaturach zimowych.<br \/>\n&#8211; Nie zamra\u017ca wycieraczek.<\/p>\n<p><strong>Informacje techniczne:<\/strong><\/p>\n<p>&#8211; Baza: etanol.<br \/>\n&#8211; Odporno\u015b\u0107 na zimno: do -21\u2218C.<br \/>\n&#8211; Pojemno\u015b\u0107: 3750 ml (opakowanie &#8222;stoj\u0105ce\").<br \/>\n&#8211; Przeznaczenie: System czyszczenia szyb samochodowych.<\/p>\n","protected":false},"featured_media":3014,"template":"","meta":[],"product_brand":[],"product_cat":[306],"product_tag":[],"class_list":{"0":"post-3012","1":"product","2":"type-product","3":"status-publish","4":"has-post-thumbnail","6":"product_cat-zimowe-plyny-do-mycia-okien","7":"pa_brand-svp","8":"pa_kiekis_dz-201","9":"pa_kiekis_pk-158","10":"pa_talpa-3750-ml","12":"first","13":"instock","14":"shipping-taxable","15":"product-type-simple"},"yoast_head":"<!-- This site is optimized with the Yoast SEO plugin v27.3 - https:\/\/yoast.com\/product\/yoast-seo-wordpress\/ -->\n<title>SVP Winter Window Cleaner -21\u2070 C (dozowany w pojemnikach stoj\u0105cych) - svpchem.eu<\/title>\n<meta name=\"description\" content=\"SVP Winter Window Cleaner -21 \u00b0C (Stand-Up) - skutecznie usuwa brud i osady z soli, nie zamarza w niskich temperaturach. Wygodne, zajmuj\u0105ce niewiele miejsca opakowanie zapewnia \u0142atwe przechowywanie i u\u017cytkowanie w sezonie zimowym.\" \/>\n<meta name=\"robots\" content=\"index, follow, max-snippet:-1, max-image-preview:large, max-video-preview:-1\" \/>\n<link rel=\"canonical\" href=\"https:\/\/svpchem.eu\/pl\/produktas\/svp-winter-window-cleaner-21%e2%81%b0-c-dozowany-w-pojemnikach-stojacych\/\" \/>\n<meta property=\"og:locale\" content=\"pl_PL\" \/>\n<meta property=\"og:type\" content=\"article\" \/>\n<meta property=\"og:title\" content=\"SVP Winter Window Cleaner -21\u2070 C (dozowany w pojemnikach stoj\u0105cych) - svpchem.eu\" \/>\n<meta property=\"og:description\" content=\"SVP Winter Window Cleaner -21 \u00b0C (Stand-Up) - skutecznie usuwa brud i osady z soli, nie zamarza w niskich temperaturach. Wygodne, zajmuj\u0105ce niewiele miejsca opakowanie zapewnia \u0142atwe przechowywanie i u\u017cytkowanie w sezonie zimowym.\" \/>\n<meta property=\"og:url\" content=\"https:\/\/svpchem.eu\/pl\/produktas\/svp-winter-window-cleaner-21%e2%81%b0-c-dozowany-w-pojemnikach-stojacych\/\" \/>\n<meta property=\"og:site_name\" content=\"svpchem.eu\" \/>\n<meta property=\"article:modified_time\" content=\"2026-04-10T10:00:01+00:00\" \/>\n<meta property=\"og:image\" content=\"https:\/\/svpchem.eu\/wp-content\/uploads\/2025\/12\/SVP-Zieminis-langu-ploviklis-21\u2070-C-ispilstyta-i-\u201estand-up-tipo-pakuotes.png\" \/>\n\t<meta property=\"og:image:width\" content=\"433\" \/>\n\t<meta property=\"og:image:height\" content=\"577\" \/>\n\t<meta property=\"og:image:type\" content=\"image\/png\" \/>\n<meta name=\"twitter:card\" content=\"summary_large_image\" \/>\n<script type=\"application\/ld+json\" class=\"yoast-schema-graph\">{\"@context\":\"https:\\\/\\\/schema.org\",\"@graph\":[{\"@type\":\"WebPage\",\"@id\":\"https:\\\/\\\/svpchem.eu\\\/pl\\\/produktas\\\/svp-winter-window-cleaner-21%e2%81%b0-c-dozowany-w-pojemnikach-stojacych\\\/\",\"url\":\"https:\\\/\\\/svpchem.eu\\\/pl\\\/produktas\\\/svp-winter-window-cleaner-21%e2%81%b0-c-dozowany-w-pojemnikach-stojacych\\\/\",\"name\":\"SVP Winter Window Cleaner -21\u2070 C (dozowany w pojemnikach stoj\u0105cych) - svpchem.eu\",\"isPartOf\":{\"@id\":\"https:\\\/\\\/svpchem.eu\\\/pl\\\/#website\"},\"primaryImageOfPage\":{\"@id\":\"https:\\\/\\\/svpchem.eu\\\/pl\\\/produktas\\\/svp-winter-window-cleaner-21%e2%81%b0-c-dozowany-w-pojemnikach-stojacych\\\/#primaryimage\"},\"image\":{\"@id\":\"https:\\\/\\\/svpchem.eu\\\/pl\\\/produktas\\\/svp-winter-window-cleaner-21%e2%81%b0-c-dozowany-w-pojemnikach-stojacych\\\/#primaryimage\"},\"thumbnailUrl\":\"https:\\\/\\\/svpchem.eu\\\/wp-content\\\/uploads\\\/2025\\\/12\\\/SVP-Zieminis-langu-ploviklis-21\u2070-C-ispilstyta-i-\u201estand-up-tipo-pakuotes.png\",\"datePublished\":\"2025-12-19T13:31:51+00:00\",\"dateModified\":\"2026-04-10T10:00:01+00:00\",\"description\":\"SVP Winter Window Cleaner -21 \u00b0C (Stand-Up) - skutecznie usuwa brud i osady z soli, nie zamarza w niskich temperaturach. Wygodne, zajmuj\u0105ce niewiele miejsca opakowanie zapewnia \u0142atwe przechowywanie i u\u017cytkowanie w sezonie zimowym.\",\"breadcrumb\":{\"@id\":\"https:\\\/\\\/svpchem.eu\\\/pl\\\/produktas\\\/svp-winter-window-cleaner-21%e2%81%b0-c-dozowany-w-pojemnikach-stojacych\\\/#breadcrumb\"},\"inLanguage\":\"pl-PL\",\"potentialAction\":[{\"@type\":\"ReadAction\",\"target\":[\"https:\\\/\\\/svpchem.eu\\\/pl\\\/produktas\\\/svp-winter-window-cleaner-21%e2%81%b0-c-dozowany-w-pojemnikach-stojacych\\\/\"]}]},{\"@type\":\"ImageObject\",\"inLanguage\":\"pl-PL\",\"@id\":\"https:\\\/\\\/svpchem.eu\\\/pl\\\/produktas\\\/svp-winter-window-cleaner-21%e2%81%b0-c-dozowany-w-pojemnikach-stojacych\\\/#primaryimage\",\"url\":\"https:\\\/\\\/svpchem.eu\\\/wp-content\\\/uploads\\\/2025\\\/12\\\/SVP-Zieminis-langu-ploviklis-21\u2070-C-ispilstyta-i-\u201estand-up-tipo-pakuotes.png\",\"contentUrl\":\"https:\\\/\\\/svpchem.eu\\\/wp-content\\\/uploads\\\/2025\\\/12\\\/SVP-Zieminis-langu-ploviklis-21\u2070-C-ispilstyta-i-\u201estand-up-tipo-pakuotes.png\",\"width\":433,\"height\":577},{\"@type\":\"BreadcrumbList\",\"@id\":\"https:\\\/\\\/svpchem.eu\\\/pl\\\/produktas\\\/svp-winter-window-cleaner-21%e2%81%b0-c-dozowany-w-pojemnikach-stojacych\\\/#breadcrumb\",\"itemListElement\":[{\"@type\":\"ListItem\",\"position\":1,\"name\":\"Strona g\u0142\u00f3wna\",\"item\":\"https:\\\/\\\/svpchem.eu\\\/pl\\\/o-nas\\\/\"},{\"@type\":\"ListItem\",\"position\":2,\"name\":\"Sklep\",\"item\":\"https:\\\/\\\/svpchem.eu\\\/pl\\\/sklep\\\/\"},{\"@type\":\"ListItem\",\"position\":3,\"name\":\"SVP Winter Window Cleaner -21\u2070 C (dozowany w pojemnikach stoj\u0105cych)\"}]},{\"@type\":\"WebSite\",\"@id\":\"https:\\\/\\\/svpchem.eu\\\/pl\\\/#website\",\"url\":\"https:\\\/\\\/svpchem.eu\\\/pl\\\/\",\"name\":\"svpchem.eu\",\"description\":\"\",\"publisher\":{\"@id\":\"https:\\\/\\\/svpchem.eu\\\/pl\\\/#organization\"},\"potentialAction\":[{\"@type\":\"SearchAction\",\"target\":{\"@type\":\"EntryPoint\",\"urlTemplate\":\"https:\\\/\\\/svpchem.eu\\\/pl\\\/?s={search_term_string}\"},\"query-input\":{\"@type\":\"PropertyValueSpecification\",\"valueRequired\":true,\"valueName\":\"search_term_string\"}}],\"inLanguage\":\"pl-PL\"},{\"@type\":\"Organization\",\"@id\":\"https:\\\/\\\/svpchem.eu\\\/pl\\\/#organization\",\"name\":\"svpchem.eu\",\"url\":\"https:\\\/\\\/svpchem.eu\\\/pl\\\/\",\"logo\":{\"@type\":\"ImageObject\",\"inLanguage\":\"pl-PL\",\"@id\":\"https:\\\/\\\/svpchem.eu\\\/pl\\\/#\\\/schema\\\/logo\\\/image\\\/\",\"url\":\"https:\\\/\\\/svpchem.eu\\\/wp-content\\\/uploads\\\/2025\\\/12\\\/logo_cropped_no_bg_20251217-1.png\",\"contentUrl\":\"https:\\\/\\\/svpchem.eu\\\/wp-content\\\/uploads\\\/2025\\\/12\\\/logo_cropped_no_bg_20251217-1.png\",\"width\":851,\"height\":430,\"caption\":\"svpchem.eu\"},\"image\":{\"@id\":\"https:\\\/\\\/svpchem.eu\\\/pl\\\/#\\\/schema\\\/logo\\\/image\\\/\"}}]}<\/script>\n<!-- \/ Yoast SEO plugin. -->","yoast_head_json":{"title":"SVP Winter Window Cleaner -21\u2070 C (dozowany w pojemnikach stoj\u0105cych) - svpchem.eu","description":"SVP Winter Window Cleaner -21 \u00b0C (Stand-Up) - skutecznie usuwa brud i osady z soli, nie zamarza w niskich temperaturach. Wygodne, zajmuj\u0105ce niewiele miejsca opakowanie zapewnia \u0142atwe przechowywanie i u\u017cytkowanie w sezonie zimowym.","robots":{"index":"index","follow":"follow","max-snippet":"max-snippet:-1","max-image-preview":"max-image-preview:large","max-video-preview":"max-video-preview:-1"},"canonical":"https:\/\/svpchem.eu\/pl\/produktas\/svp-winter-window-cleaner-21%e2%81%b0-c-dozowany-w-pojemnikach-stojacych\/","og_locale":"pl_PL","og_type":"article","og_title":"SVP Winter Window Cleaner -21\u2070 C (dozowany w pojemnikach stoj\u0105cych) - svpchem.eu","og_description":"SVP Winter Window Cleaner -21 \u00b0C (Stand-Up) - skutecznie usuwa brud i osady z soli, nie zamarza w niskich temperaturach. Wygodne, zajmuj\u0105ce niewiele miejsca opakowanie zapewnia \u0142atwe przechowywanie i u\u017cytkowanie w sezonie zimowym.","og_url":"https:\/\/svpchem.eu\/pl\/produktas\/svp-winter-window-cleaner-21%e2%81%b0-c-dozowany-w-pojemnikach-stojacych\/","og_site_name":"svpchem.eu","article_modified_time":"2026-04-10T10:00:01+00:00","og_image":[{"width":433,"height":577,"url":"https:\/\/svpchem.eu\/wp-content\/uploads\/2025\/12\/SVP-Zieminis-langu-ploviklis-21\u2070-C-ispilstyta-i-\u201estand-up-tipo-pakuotes.png","type":"image\/png"}],"twitter_card":"summary_large_image","schema":{"@context":"https:\/\/schema.org","@graph":[{"@type":"WebPage","@id":"https:\/\/svpchem.eu\/pl\/produktas\/svp-winter-window-cleaner-21%e2%81%b0-c-dozowany-w-pojemnikach-stojacych\/","url":"https:\/\/svpchem.eu\/pl\/produktas\/svp-winter-window-cleaner-21%e2%81%b0-c-dozowany-w-pojemnikach-stojacych\/","name":"SVP Winter Window Cleaner -21\u2070 C (dozowany w pojemnikach stoj\u0105cych) - svpchem.eu","isPartOf":{"@id":"https:\/\/svpchem.eu\/pl\/#website"},"primaryImageOfPage":{"@id":"https:\/\/svpchem.eu\/pl\/produktas\/svp-winter-window-cleaner-21%e2%81%b0-c-dozowany-w-pojemnikach-stojacych\/#primaryimage"},"image":{"@id":"https:\/\/svpchem.eu\/pl\/produktas\/svp-winter-window-cleaner-21%e2%81%b0-c-dozowany-w-pojemnikach-stojacych\/#primaryimage"},"thumbnailUrl":"https:\/\/svpchem.eu\/wp-content\/uploads\/2025\/12\/SVP-Zieminis-langu-ploviklis-21\u2070-C-ispilstyta-i-\u201estand-up-tipo-pakuotes.png","datePublished":"2025-12-19T13:31:51+00:00","dateModified":"2026-04-10T10:00:01+00:00","description":"SVP Winter Window Cleaner -21 \u00b0C (Stand-Up) - skutecznie usuwa brud i osady z soli, nie zamarza w niskich temperaturach. Wygodne, zajmuj\u0105ce niewiele miejsca opakowanie zapewnia \u0142atwe przechowywanie i u\u017cytkowanie w sezonie zimowym.","breadcrumb":{"@id":"https:\/\/svpchem.eu\/pl\/produktas\/svp-winter-window-cleaner-21%e2%81%b0-c-dozowany-w-pojemnikach-stojacych\/#breadcrumb"},"inLanguage":"pl-PL","potentialAction":[{"@type":"ReadAction","target":["https:\/\/svpchem.eu\/pl\/produktas\/svp-winter-window-cleaner-21%e2%81%b0-c-dozowany-w-pojemnikach-stojacych\/"]}]},{"@type":"ImageObject","inLanguage":"pl-PL","@id":"https:\/\/svpchem.eu\/pl\/produktas\/svp-winter-window-cleaner-21%e2%81%b0-c-dozowany-w-pojemnikach-stojacych\/#primaryimage","url":"https:\/\/svpchem.eu\/wp-content\/uploads\/2025\/12\/SVP-Zieminis-langu-ploviklis-21\u2070-C-ispilstyta-i-\u201estand-up-tipo-pakuotes.png","contentUrl":"https:\/\/svpchem.eu\/wp-content\/uploads\/2025\/12\/SVP-Zieminis-langu-ploviklis-21\u2070-C-ispilstyta-i-\u201estand-up-tipo-pakuotes.png","width":433,"height":577},{"@type":"BreadcrumbList","@id":"https:\/\/svpchem.eu\/pl\/produktas\/svp-winter-window-cleaner-21%e2%81%b0-c-dozowany-w-pojemnikach-stojacych\/#breadcrumb","itemListElement":[{"@type":"ListItem","position":1,"name":"Strona g\u0142\u00f3wna","item":"https:\/\/svpchem.eu\/pl\/o-nas\/"},{"@type":"ListItem","position":2,"name":"Sklep","item":"https:\/\/svpchem.eu\/pl\/sklep\/"},{"@type":"ListItem","position":3,"name":"SVP Winter Window Cleaner -21\u2070 C (dozowany w pojemnikach stoj\u0105cych)"}]},{"@type":"WebSite","@id":"https:\/\/svpchem.eu\/pl\/#website","url":"https:\/\/svpchem.eu\/pl\/","name":"svpchem.eu","description":"","publisher":{"@id":"https:\/\/svpchem.eu\/pl\/#organization"},"potentialAction":[{"@type":"SearchAction","target":{"@type":"EntryPoint","urlTemplate":"https:\/\/svpchem.eu\/pl\/?s={search_term_string}"},"query-input":{"@type":"PropertyValueSpecification","valueRequired":true,"valueName":"search_term_string"}}],"inLanguage":"pl-PL"},{"@type":"Organization","@id":"https:\/\/svpchem.eu\/pl\/#organization","name":"svpchem.eu","url":"https:\/\/svpchem.eu\/pl\/","logo":{"@type":"ImageObject","inLanguage":"pl-PL","@id":"https:\/\/svpchem.eu\/pl\/#\/schema\/logo\/image\/","url":"https:\/\/svpchem.eu\/wp-content\/uploads\/2025\/12\/logo_cropped_no_bg_20251217-1.png","contentUrl":"https:\/\/svpchem.eu\/wp-content\/uploads\/2025\/12\/logo_cropped_no_bg_20251217-1.png","width":851,"height":430,"caption":"svpchem.eu"},"image":{"@id":"https:\/\/svpchem.eu\/pl\/#\/schema\/logo\/image\/"}}]}},"_links":{"self":[{"href":"https:\/\/svpchem.eu\/pl\/wp-json\/wp\/v2\/product\/3012","targetHints":{"allow":["GET"]}}],"collection":[{"href":"https:\/\/svpchem.eu\/pl\/wp-json\/wp\/v2\/product"}],"about":[{"href":"https:\/\/svpchem.eu\/pl\/wp-json\/wp\/v2\/types\/product"}],"wp:featuredmedia":[{"embeddable":true,"href":"https:\/\/svpchem.eu\/pl\/wp-json\/wp\/v2\/media\/3014"}],"wp:attachment":[{"href":"https:\/\/svpchem.eu\/pl\/wp-json\/wp\/v2\/media?parent=3012"}],"wp:term":[{"taxonomy":"product_brand","embeddable":true,"href":"https:\/\/svpchem.eu\/pl\/wp-json\/wp\/v2\/product_brand?post=3012"},{"taxonomy":"product_cat","embeddable":true,"href":"https:\/\/svpchem.eu\/pl\/wp-json\/wp\/v2\/product_cat?post=3012"},{"taxonomy":"product_tag","embeddable":true,"href":"https:\/\/svpchem.eu\/pl\/wp-json\/wp\/v2\/product_tag?post=3012"}],"curies":[{"name":"wp","href":"https:\/\/api.w.org\/{rel}","templated":true}]}}