{"id":3031,"date":"2025-12-19T13:31:51","date_gmt":"2025-12-19T13:31:51","guid":{"rendered":"https:\/\/svpchem.eu\/produktas\/svp-antifreeze-35c-g12-czerwony\/"},"modified":"2026-04-10T09:59:56","modified_gmt":"2026-04-10T09:59:56","slug":"svp-antifreeze-35c-g12-czerwony","status":"publish","type":"product","link":"https:\/\/svpchem.eu\/pl\/produktas\/svp-antifreeze-35c-g12-czerwony\/","title":{"rendered":"SVP Antifreeze -35C G12+ czerwony"},"content":{"rendered":"","protected":false},"excerpt":{"rendered":"<p><strong>Opis:<br \/>\n<\/strong><br \/>\n Gotowy do u\u017cycia p\u0142yn ch\u0142odz\u0105cy (technologia OAT) do nowoczesnych aluminiowych uk\u0142ad\u00f3w ch\u0142odzenia silnika. Zapewnia niezawodn\u0105 i d\u0142ugotrwa\u0142\u0105 ochron\u0119 przed korozj\u0105, zimnem i przegrzaniem do -35\u2218C.<br \/>\n<strong><br \/>\nKluczowe cechy:<br \/>\n<\/strong><br \/>\n &#8211; Technologia: OAT (Organic Acid Technology) &#8211; d\u0142uga \u017cywotno\u015b\u0107.<br \/>\n&#8211; Ochrona: Zapewnia maksymaln\u0105 ochron\u0119 w temperaturach do -35\u2218C.<br \/>\n&#8211; Przeznaczenie: Idealny do nowoczesnych silnik\u00f3w z elementami aluminiowymi.<br \/>\n&#8211; \u015arodowisko: Nie zawiera azotyn\u00f3w, amin, fosforan\u00f3w, boran\u00f3w i krzemian\u00f3w.<br \/>\n<strong><br \/>\nZastosowanie:<\/strong><\/p>\n<p>P\u0142yn ch\u0142odz\u0105cy jest gotowy do u\u017cycia. Nape\u0142ni\u0107 uk\u0142ad ch\u0142odzenia do poziomu okre\u015blonego przez producenta. Odpowietrzy\u0107 uk\u0142ad, je\u015bli jest to przewidziane przez producenta.<br \/>\n<strong><br \/>\nKorzy\u015bci:<\/strong><\/p>\n<p>&#8211; Wyd\u0142u\u017cony okres mi\u0119dzy wymianami &#8211; skuteczna ochrona przez d\u0142ugi czas.<br \/>\n&#8211; Skuteczna ochrona &#8211; niezawodna ochrona przed przegrzaniem i korozj\u0105.<br \/>\n&#8211; Kompatybilno\u015b\u0107 &#8211; kompatybilny z p\u0142ynami G12 i G12++.<br \/>\n<strong><br \/>\nInformacje techniczne:<br \/>\n<\/strong><br \/>\n &#8211; Pojemno\u015b\u0107: 1000 ml, 5000 ml.<br \/>\n&#8211; Typ: G12+ (OAT).<br \/>\n&#8211; Kolor: Czerwony.<br \/>\n&#8211; Ochrona: Do -35\u2218C.<br \/>\n&#8211; WA\u017bNE: NIE miesza\u0107 z p\u0142ynami starszej generacji typu G11.<\/p>\n","protected":false},"featured_media":3033,"template":"","meta":[],"product_brand":[],"product_cat":[319],"product_tag":[],"class_list":{"0":"post-3031","1":"product","2":"type-product","3":"status-publish","4":"has-post-thumbnail","6":"product_cat-chlodziwa","7":"pa_brand-svp","8":"pa_kiekis_dz-201","9":"pa_kiekis_pk-158","10":"pa_talpa-1000ml","12":"first","13":"instock","14":"shipping-taxable","15":"product-type-simple"},"yoast_head":"<!-- This site is optimized with the Yoast SEO plugin v27.3 - https:\/\/yoast.com\/product\/yoast-seo-wordpress\/ -->\n<title>SVP Antifreeze -35C G12+ czerwony - svpchem.eu<\/title>\n<meta name=\"description\" content=\"SVP Antifreeze -35 \u00b0C G12 (czerwony) - D\u0142ugotrwa\u0142a ochrona przed zamarzaniem, przegrzaniem i korozj\u0105 w uk\u0142adach ch\u0142odzenia. Zaprojektowany z my\u015bl\u0105 o nowoczesnych silnikach, zapewnia wydajny transfer ciep\u0142a i niezawodne dzia\u0142anie w szerokim zakresie warunk\u00f3w.\" \/>\n<meta name=\"robots\" content=\"index, follow, max-snippet:-1, max-image-preview:large, max-video-preview:-1\" \/>\n<link rel=\"canonical\" href=\"https:\/\/svpchem.eu\/pl\/produktas\/svp-antifreeze-35c-g12-czerwony\/\" \/>\n<meta property=\"og:locale\" content=\"pl_PL\" \/>\n<meta property=\"og:type\" content=\"article\" \/>\n<meta property=\"og:title\" content=\"SVP Antifreeze -35C G12+ czerwony - svpchem.eu\" \/>\n<meta property=\"og:description\" content=\"SVP Antifreeze -35 \u00b0C G12 (czerwony) - D\u0142ugotrwa\u0142a ochrona przed zamarzaniem, przegrzaniem i korozj\u0105 w uk\u0142adach ch\u0142odzenia. Zaprojektowany z my\u015bl\u0105 o nowoczesnych silnikach, zapewnia wydajny transfer ciep\u0142a i niezawodne dzia\u0142anie w szerokim zakresie warunk\u00f3w.\" \/>\n<meta property=\"og:url\" content=\"https:\/\/svpchem.eu\/pl\/produktas\/svp-antifreeze-35c-g12-czerwony\/\" \/>\n<meta property=\"og:site_name\" content=\"svpchem.eu\" \/>\n<meta property=\"article:modified_time\" content=\"2026-04-10T09:59:56+00:00\" \/>\n<meta property=\"og:image\" content=\"https:\/\/svpchem.eu\/wp-content\/uploads\/2025\/12\/SVP-Antifrizas-35C-G12-raudonos-spalvos.jpg\" \/>\n\t<meta property=\"og:image:width\" content=\"1300\" \/>\n\t<meta property=\"og:image:height\" content=\"1300\" \/>\n\t<meta property=\"og:image:type\" content=\"image\/jpeg\" \/>\n<meta name=\"twitter:card\" content=\"summary_large_image\" \/>\n<script type=\"application\/ld+json\" class=\"yoast-schema-graph\">{\"@context\":\"https:\\\/\\\/schema.org\",\"@graph\":[{\"@type\":\"WebPage\",\"@id\":\"https:\\\/\\\/svpchem.eu\\\/pl\\\/produktas\\\/svp-antifreeze-35c-g12-czerwony\\\/\",\"url\":\"https:\\\/\\\/svpchem.eu\\\/pl\\\/produktas\\\/svp-antifreeze-35c-g12-czerwony\\\/\",\"name\":\"SVP Antifreeze -35C G12+ czerwony - svpchem.eu\",\"isPartOf\":{\"@id\":\"https:\\\/\\\/svpchem.eu\\\/pl\\\/#website\"},\"primaryImageOfPage\":{\"@id\":\"https:\\\/\\\/svpchem.eu\\\/pl\\\/produktas\\\/svp-antifreeze-35c-g12-czerwony\\\/#primaryimage\"},\"image\":{\"@id\":\"https:\\\/\\\/svpchem.eu\\\/pl\\\/produktas\\\/svp-antifreeze-35c-g12-czerwony\\\/#primaryimage\"},\"thumbnailUrl\":\"https:\\\/\\\/svpchem.eu\\\/wp-content\\\/uploads\\\/2025\\\/12\\\/SVP-Antifrizas-35C-G12-raudonos-spalvos.jpg\",\"datePublished\":\"2025-12-19T13:31:51+00:00\",\"dateModified\":\"2026-04-10T09:59:56+00:00\",\"description\":\"SVP Antifreeze -35 \u00b0C G12 (czerwony) - D\u0142ugotrwa\u0142a ochrona przed zamarzaniem, przegrzaniem i korozj\u0105 w uk\u0142adach ch\u0142odzenia. Zaprojektowany z my\u015bl\u0105 o nowoczesnych silnikach, zapewnia wydajny transfer ciep\u0142a i niezawodne dzia\u0142anie w szerokim zakresie warunk\u00f3w.\",\"breadcrumb\":{\"@id\":\"https:\\\/\\\/svpchem.eu\\\/pl\\\/produktas\\\/svp-antifreeze-35c-g12-czerwony\\\/#breadcrumb\"},\"inLanguage\":\"pl-PL\",\"potentialAction\":[{\"@type\":\"ReadAction\",\"target\":[\"https:\\\/\\\/svpchem.eu\\\/pl\\\/produktas\\\/svp-antifreeze-35c-g12-czerwony\\\/\"]}]},{\"@type\":\"ImageObject\",\"inLanguage\":\"pl-PL\",\"@id\":\"https:\\\/\\\/svpchem.eu\\\/pl\\\/produktas\\\/svp-antifreeze-35c-g12-czerwony\\\/#primaryimage\",\"url\":\"https:\\\/\\\/svpchem.eu\\\/wp-content\\\/uploads\\\/2025\\\/12\\\/SVP-Antifrizas-35C-G12-raudonos-spalvos.jpg\",\"contentUrl\":\"https:\\\/\\\/svpchem.eu\\\/wp-content\\\/uploads\\\/2025\\\/12\\\/SVP-Antifrizas-35C-G12-raudonos-spalvos.jpg\",\"width\":1300,\"height\":1300},{\"@type\":\"BreadcrumbList\",\"@id\":\"https:\\\/\\\/svpchem.eu\\\/pl\\\/produktas\\\/svp-antifreeze-35c-g12-czerwony\\\/#breadcrumb\",\"itemListElement\":[{\"@type\":\"ListItem\",\"position\":1,\"name\":\"Strona g\u0142\u00f3wna\",\"item\":\"https:\\\/\\\/svpchem.eu\\\/pl\\\/o-nas\\\/\"},{\"@type\":\"ListItem\",\"position\":2,\"name\":\"Sklep\",\"item\":\"https:\\\/\\\/svpchem.eu\\\/pl\\\/sklep\\\/\"},{\"@type\":\"ListItem\",\"position\":3,\"name\":\"SVP Antifreeze -35C G12+ czerwony\"}]},{\"@type\":\"WebSite\",\"@id\":\"https:\\\/\\\/svpchem.eu\\\/pl\\\/#website\",\"url\":\"https:\\\/\\\/svpchem.eu\\\/pl\\\/\",\"name\":\"svpchem.eu\",\"description\":\"\",\"publisher\":{\"@id\":\"https:\\\/\\\/svpchem.eu\\\/pl\\\/#organization\"},\"potentialAction\":[{\"@type\":\"SearchAction\",\"target\":{\"@type\":\"EntryPoint\",\"urlTemplate\":\"https:\\\/\\\/svpchem.eu\\\/pl\\\/?s={search_term_string}\"},\"query-input\":{\"@type\":\"PropertyValueSpecification\",\"valueRequired\":true,\"valueName\":\"search_term_string\"}}],\"inLanguage\":\"pl-PL\"},{\"@type\":\"Organization\",\"@id\":\"https:\\\/\\\/svpchem.eu\\\/pl\\\/#organization\",\"name\":\"svpchem.eu\",\"url\":\"https:\\\/\\\/svpchem.eu\\\/pl\\\/\",\"logo\":{\"@type\":\"ImageObject\",\"inLanguage\":\"pl-PL\",\"@id\":\"https:\\\/\\\/svpchem.eu\\\/pl\\\/#\\\/schema\\\/logo\\\/image\\\/\",\"url\":\"https:\\\/\\\/svpchem.eu\\\/wp-content\\\/uploads\\\/2025\\\/12\\\/logo_cropped_no_bg_20251217-1.png\",\"contentUrl\":\"https:\\\/\\\/svpchem.eu\\\/wp-content\\\/uploads\\\/2025\\\/12\\\/logo_cropped_no_bg_20251217-1.png\",\"width\":851,\"height\":430,\"caption\":\"svpchem.eu\"},\"image\":{\"@id\":\"https:\\\/\\\/svpchem.eu\\\/pl\\\/#\\\/schema\\\/logo\\\/image\\\/\"}}]}<\/script>\n<!-- \/ Yoast SEO plugin. -->","yoast_head_json":{"title":"SVP Antifreeze -35C G12+ czerwony - svpchem.eu","description":"SVP Antifreeze -35 \u00b0C G12 (czerwony) - D\u0142ugotrwa\u0142a ochrona przed zamarzaniem, przegrzaniem i korozj\u0105 w uk\u0142adach ch\u0142odzenia. Zaprojektowany z my\u015bl\u0105 o nowoczesnych silnikach, zapewnia wydajny transfer ciep\u0142a i niezawodne dzia\u0142anie w szerokim zakresie warunk\u00f3w.","robots":{"index":"index","follow":"follow","max-snippet":"max-snippet:-1","max-image-preview":"max-image-preview:large","max-video-preview":"max-video-preview:-1"},"canonical":"https:\/\/svpchem.eu\/pl\/produktas\/svp-antifreeze-35c-g12-czerwony\/","og_locale":"pl_PL","og_type":"article","og_title":"SVP Antifreeze -35C G12+ czerwony - svpchem.eu","og_description":"SVP Antifreeze -35 \u00b0C G12 (czerwony) - D\u0142ugotrwa\u0142a ochrona przed zamarzaniem, przegrzaniem i korozj\u0105 w uk\u0142adach ch\u0142odzenia. Zaprojektowany z my\u015bl\u0105 o nowoczesnych silnikach, zapewnia wydajny transfer ciep\u0142a i niezawodne dzia\u0142anie w szerokim zakresie warunk\u00f3w.","og_url":"https:\/\/svpchem.eu\/pl\/produktas\/svp-antifreeze-35c-g12-czerwony\/","og_site_name":"svpchem.eu","article_modified_time":"2026-04-10T09:59:56+00:00","og_image":[{"width":1300,"height":1300,"url":"https:\/\/svpchem.eu\/wp-content\/uploads\/2025\/12\/SVP-Antifrizas-35C-G12-raudonos-spalvos.jpg","type":"image\/jpeg"}],"twitter_card":"summary_large_image","schema":{"@context":"https:\/\/schema.org","@graph":[{"@type":"WebPage","@id":"https:\/\/svpchem.eu\/pl\/produktas\/svp-antifreeze-35c-g12-czerwony\/","url":"https:\/\/svpchem.eu\/pl\/produktas\/svp-antifreeze-35c-g12-czerwony\/","name":"SVP Antifreeze -35C G12+ czerwony - svpchem.eu","isPartOf":{"@id":"https:\/\/svpchem.eu\/pl\/#website"},"primaryImageOfPage":{"@id":"https:\/\/svpchem.eu\/pl\/produktas\/svp-antifreeze-35c-g12-czerwony\/#primaryimage"},"image":{"@id":"https:\/\/svpchem.eu\/pl\/produktas\/svp-antifreeze-35c-g12-czerwony\/#primaryimage"},"thumbnailUrl":"https:\/\/svpchem.eu\/wp-content\/uploads\/2025\/12\/SVP-Antifrizas-35C-G12-raudonos-spalvos.jpg","datePublished":"2025-12-19T13:31:51+00:00","dateModified":"2026-04-10T09:59:56+00:00","description":"SVP Antifreeze -35 \u00b0C G12 (czerwony) - D\u0142ugotrwa\u0142a ochrona przed zamarzaniem, przegrzaniem i korozj\u0105 w uk\u0142adach ch\u0142odzenia. Zaprojektowany z my\u015bl\u0105 o nowoczesnych silnikach, zapewnia wydajny transfer ciep\u0142a i niezawodne dzia\u0142anie w szerokim zakresie warunk\u00f3w.","breadcrumb":{"@id":"https:\/\/svpchem.eu\/pl\/produktas\/svp-antifreeze-35c-g12-czerwony\/#breadcrumb"},"inLanguage":"pl-PL","potentialAction":[{"@type":"ReadAction","target":["https:\/\/svpchem.eu\/pl\/produktas\/svp-antifreeze-35c-g12-czerwony\/"]}]},{"@type":"ImageObject","inLanguage":"pl-PL","@id":"https:\/\/svpchem.eu\/pl\/produktas\/svp-antifreeze-35c-g12-czerwony\/#primaryimage","url":"https:\/\/svpchem.eu\/wp-content\/uploads\/2025\/12\/SVP-Antifrizas-35C-G12-raudonos-spalvos.jpg","contentUrl":"https:\/\/svpchem.eu\/wp-content\/uploads\/2025\/12\/SVP-Antifrizas-35C-G12-raudonos-spalvos.jpg","width":1300,"height":1300},{"@type":"BreadcrumbList","@id":"https:\/\/svpchem.eu\/pl\/produktas\/svp-antifreeze-35c-g12-czerwony\/#breadcrumb","itemListElement":[{"@type":"ListItem","position":1,"name":"Strona g\u0142\u00f3wna","item":"https:\/\/svpchem.eu\/pl\/o-nas\/"},{"@type":"ListItem","position":2,"name":"Sklep","item":"https:\/\/svpchem.eu\/pl\/sklep\/"},{"@type":"ListItem","position":3,"name":"SVP Antifreeze -35C G12+ czerwony"}]},{"@type":"WebSite","@id":"https:\/\/svpchem.eu\/pl\/#website","url":"https:\/\/svpchem.eu\/pl\/","name":"svpchem.eu","description":"","publisher":{"@id":"https:\/\/svpchem.eu\/pl\/#organization"},"potentialAction":[{"@type":"SearchAction","target":{"@type":"EntryPoint","urlTemplate":"https:\/\/svpchem.eu\/pl\/?s={search_term_string}"},"query-input":{"@type":"PropertyValueSpecification","valueRequired":true,"valueName":"search_term_string"}}],"inLanguage":"pl-PL"},{"@type":"Organization","@id":"https:\/\/svpchem.eu\/pl\/#organization","name":"svpchem.eu","url":"https:\/\/svpchem.eu\/pl\/","logo":{"@type":"ImageObject","inLanguage":"pl-PL","@id":"https:\/\/svpchem.eu\/pl\/#\/schema\/logo\/image\/","url":"https:\/\/svpchem.eu\/wp-content\/uploads\/2025\/12\/logo_cropped_no_bg_20251217-1.png","contentUrl":"https:\/\/svpchem.eu\/wp-content\/uploads\/2025\/12\/logo_cropped_no_bg_20251217-1.png","width":851,"height":430,"caption":"svpchem.eu"},"image":{"@id":"https:\/\/svpchem.eu\/pl\/#\/schema\/logo\/image\/"}}]}},"_links":{"self":[{"href":"https:\/\/svpchem.eu\/pl\/wp-json\/wp\/v2\/product\/3031","targetHints":{"allow":["GET"]}}],"collection":[{"href":"https:\/\/svpchem.eu\/pl\/wp-json\/wp\/v2\/product"}],"about":[{"href":"https:\/\/svpchem.eu\/pl\/wp-json\/wp\/v2\/types\/product"}],"wp:featuredmedia":[{"embeddable":true,"href":"https:\/\/svpchem.eu\/pl\/wp-json\/wp\/v2\/media\/3033"}],"wp:attachment":[{"href":"https:\/\/svpchem.eu\/pl\/wp-json\/wp\/v2\/media?parent=3031"}],"wp:term":[{"taxonomy":"product_brand","embeddable":true,"href":"https:\/\/svpchem.eu\/pl\/wp-json\/wp\/v2\/product_brand?post=3031"},{"taxonomy":"product_cat","embeddable":true,"href":"https:\/\/svpchem.eu\/pl\/wp-json\/wp\/v2\/product_cat?post=3031"},{"taxonomy":"product_tag","embeddable":true,"href":"https:\/\/svpchem.eu\/pl\/wp-json\/wp\/v2\/product_tag?post=3031"}],"curies":[{"name":"wp","href":"https:\/\/api.w.org\/{rel}","templated":true}]}}