{"id":3050,"date":"2025-12-19T13:31:51","date_gmt":"2025-12-19T13:31:51","guid":{"rendered":"https:\/\/svpchem.eu\/produktas\/vepron-oil-10w40-ss-sae\/"},"modified":"2026-04-10T09:59:50","modified_gmt":"2026-04-10T09:59:50","slug":"vepron-oil-10w40-ss-sae","status":"publish","type":"product","link":"https:\/\/svpchem.eu\/pl\/produktas\/vepron-oil-10w40-ss-sae\/","title":{"rendered":"VEPRON OIL 10w40 SS SAE"},"content":{"rendered":"","protected":false},"excerpt":{"rendered":"<p><strong>Opis:<br \/>\n<\/strong><br \/>\n VEPRON OIL SS SAE 10W-40 to wysokowydajny, p\u00f3\u0142syntetyczny olej silnikowy o niskim wsp\u00f3\u0142czynniku tarcia. Zaprojektowany w celu zapewnienia skutecznego smarowania i ochrony silnika przy jednoczesnym zmniejszeniu tarcia i zu\u017cycia.<br \/>\n<strong><br \/>\nKluczowe cechy:<br \/>\n<\/strong><br \/>\n &#8211; P\u00f3\u0142syntetyczna baza &#8211; zapewnia doskona\u0142\u0105 wydajno\u015b\u0107 i stabilno\u015b\u0107.<br \/>\n&#8211; Niskie tarcie &#8211; pomaga zmniejszy\u0107 zu\u017cycie paliwa i zu\u017cycie silnika.<br \/>\n&#8211; Wszechstronno\u015b\u0107 &#8211; nadaje si\u0119 do stosowania z turbospr\u0119\u017cark\u0105 lub bez.<br \/>\n&#8211; Szeroki zakres zastosowa\u0144 &#8211; nadaje si\u0119 do silnik\u00f3w benzynowych, wysokopr\u0119\u017cnych i LPG.<br \/>\n<strong><br \/>\nZastosowanie:<br \/>\n<\/strong><br \/>\n Olej przeznaczony do stosowania w samochodach dostawczych i osobowych. Odpowiedni do silnik\u00f3w z katalizatorami. Wymienia\u0107 zgodnie z zaleceniami producenta.<br \/>\n<strong><br \/>\nKorzy\u015bci:<br \/>\n<\/strong><br \/>\n &#8211; Op\u0142acalno\u015b\u0107 &#8211; Formu\u0142a o niskim wsp\u00f3\u0142czynniku tarcia mo\u017ce przyczyni\u0107 si\u0119 do obni\u017cenia zu\u017cycia paliwa.<br \/>\n&#8211; Ochrona silnika &#8211; Skuteczne smarowanie zmniejsza zu\u017cycie cz\u0119\u015bci silnika.<br \/>\n&#8211; Kompatybilno\u015b\u0107 &#8211; Odpowiedni do nowoczesnych silnik\u00f3w z katalizatorami.<br \/>\n<strong><br \/>\nInformacje techniczne:<br \/>\n<\/strong><br \/>\n &#8211; Pojemno\u015bci: 1000 ml i 5000 ml<br \/>\n&#8211; Lepko\u015b\u0107 SAE: 10W-40.<br \/>\n&#8211; Typ: p\u00f3\u0142syntetyczny (SS).<br \/>\n&#8211; Zastosowanie: silniki benzynowe, wysokopr\u0119\u017cne, LPG, z turbodo\u0142adowaniem\/ bez turbodo\u0142adowania.<br \/>\n&#8211; Wymagania bezpiecze\u0144stwa: zu\u017cyty olej nale\u017cy podda\u0107 recyklingowi. Karty charakterystyki s\u0105 dost\u0119pne na \u017c\u0105danie. <\/p>\n","protected":false},"featured_media":3051,"template":"","meta":[],"product_brand":[],"product_cat":[329],"product_tag":[],"class_list":{"0":"post-3050","1":"product","2":"type-product","3":"status-publish","4":"has-post-thumbnail","6":"product_cat-smary","7":"pa_brand-svp","8":"pa_ean-4779032961073-0","9":"pa_kiekis_dz-201","10":"pa_kiekis_pk-158","11":"pa_talpa-1000ml","13":"first","14":"instock","15":"shipping-taxable","16":"product-type-simple"},"yoast_head":"<!-- This site is optimized with the Yoast SEO plugin v27.3 - https:\/\/yoast.com\/product\/yoast-seo-wordpress\/ -->\n<title>VEPRON OIL 10w40 SS SAE - svpchem.eu<\/title>\n<meta name=\"description\" content=\"VEPRON OIL 10W40 SS SAE to wysokiej jako\u015bci p\u00f3\u0142syntetyczny olej silnikowy, kt\u00f3ry zapewnia niezawodn\u0105 ochron\u0119 silnika przed zu\u017cyciem i osadami. Odpowiedni do silnik\u00f3w benzynowych i wysokopr\u0119\u017cnych, pomaga utrzyma\u0107 stabilne osi\u0105gi w szerokim zakresie warunk\u00f3w pracy.\" \/>\n<meta name=\"robots\" content=\"index, follow, max-snippet:-1, max-image-preview:large, max-video-preview:-1\" \/>\n<link rel=\"canonical\" href=\"https:\/\/svpchem.eu\/pl\/produktas\/vepron-oil-10w40-ss-sae\/\" \/>\n<meta property=\"og:locale\" content=\"pl_PL\" \/>\n<meta property=\"og:type\" content=\"article\" \/>\n<meta property=\"og:title\" content=\"VEPRON OIL 10w40 SS SAE - svpchem.eu\" \/>\n<meta property=\"og:description\" content=\"VEPRON OIL 10W40 SS SAE to wysokiej jako\u015bci p\u00f3\u0142syntetyczny olej silnikowy, kt\u00f3ry zapewnia niezawodn\u0105 ochron\u0119 silnika przed zu\u017cyciem i osadami. Odpowiedni do silnik\u00f3w benzynowych i wysokopr\u0119\u017cnych, pomaga utrzyma\u0107 stabilne osi\u0105gi w szerokim zakresie warunk\u00f3w pracy.\" \/>\n<meta property=\"og:url\" content=\"https:\/\/svpchem.eu\/pl\/produktas\/vepron-oil-10w40-ss-sae\/\" \/>\n<meta property=\"og:site_name\" content=\"svpchem.eu\" \/>\n<meta property=\"article:modified_time\" content=\"2026-04-10T09:59:50+00:00\" \/>\n<meta property=\"og:image\" content=\"https:\/\/svpchem.eu\/wp-content\/uploads\/2025\/12\/Vepron-10w40-5-litrai.jpg\" \/>\n\t<meta property=\"og:image:width\" content=\"1300\" \/>\n\t<meta property=\"og:image:height\" content=\"1300\" \/>\n\t<meta property=\"og:image:type\" content=\"image\/jpeg\" \/>\n<meta name=\"twitter:card\" content=\"summary_large_image\" \/>\n<script type=\"application\/ld+json\" class=\"yoast-schema-graph\">{\"@context\":\"https:\\\/\\\/schema.org\",\"@graph\":[{\"@type\":\"WebPage\",\"@id\":\"https:\\\/\\\/svpchem.eu\\\/pl\\\/produktas\\\/vepron-oil-10w40-ss-sae\\\/\",\"url\":\"https:\\\/\\\/svpchem.eu\\\/pl\\\/produktas\\\/vepron-oil-10w40-ss-sae\\\/\",\"name\":\"VEPRON OIL 10w40 SS SAE - svpchem.eu\",\"isPartOf\":{\"@id\":\"https:\\\/\\\/svpchem.eu\\\/pl\\\/#website\"},\"primaryImageOfPage\":{\"@id\":\"https:\\\/\\\/svpchem.eu\\\/pl\\\/produktas\\\/vepron-oil-10w40-ss-sae\\\/#primaryimage\"},\"image\":{\"@id\":\"https:\\\/\\\/svpchem.eu\\\/pl\\\/produktas\\\/vepron-oil-10w40-ss-sae\\\/#primaryimage\"},\"thumbnailUrl\":\"https:\\\/\\\/svpchem.eu\\\/wp-content\\\/uploads\\\/2025\\\/12\\\/Vepron-10w40-5-litrai.jpg\",\"datePublished\":\"2025-12-19T13:31:51+00:00\",\"dateModified\":\"2026-04-10T09:59:50+00:00\",\"description\":\"VEPRON OIL 10W40 SS SAE to wysokiej jako\u015bci p\u00f3\u0142syntetyczny olej silnikowy, kt\u00f3ry zapewnia niezawodn\u0105 ochron\u0119 silnika przed zu\u017cyciem i osadami. Odpowiedni do silnik\u00f3w benzynowych i wysokopr\u0119\u017cnych, pomaga utrzyma\u0107 stabilne osi\u0105gi w szerokim zakresie warunk\u00f3w pracy.\",\"breadcrumb\":{\"@id\":\"https:\\\/\\\/svpchem.eu\\\/pl\\\/produktas\\\/vepron-oil-10w40-ss-sae\\\/#breadcrumb\"},\"inLanguage\":\"pl-PL\",\"potentialAction\":[{\"@type\":\"ReadAction\",\"target\":[\"https:\\\/\\\/svpchem.eu\\\/pl\\\/produktas\\\/vepron-oil-10w40-ss-sae\\\/\"]}]},{\"@type\":\"ImageObject\",\"inLanguage\":\"pl-PL\",\"@id\":\"https:\\\/\\\/svpchem.eu\\\/pl\\\/produktas\\\/vepron-oil-10w40-ss-sae\\\/#primaryimage\",\"url\":\"https:\\\/\\\/svpchem.eu\\\/wp-content\\\/uploads\\\/2025\\\/12\\\/Vepron-10w40-5-litrai.jpg\",\"contentUrl\":\"https:\\\/\\\/svpchem.eu\\\/wp-content\\\/uploads\\\/2025\\\/12\\\/Vepron-10w40-5-litrai.jpg\",\"width\":1300,\"height\":1300},{\"@type\":\"BreadcrumbList\",\"@id\":\"https:\\\/\\\/svpchem.eu\\\/pl\\\/produktas\\\/vepron-oil-10w40-ss-sae\\\/#breadcrumb\",\"itemListElement\":[{\"@type\":\"ListItem\",\"position\":1,\"name\":\"Strona g\u0142\u00f3wna\",\"item\":\"https:\\\/\\\/svpchem.eu\\\/pl\\\/o-nas\\\/\"},{\"@type\":\"ListItem\",\"position\":2,\"name\":\"Sklep\",\"item\":\"https:\\\/\\\/svpchem.eu\\\/pl\\\/sklep\\\/\"},{\"@type\":\"ListItem\",\"position\":3,\"name\":\"VEPRON OIL 10w40 SS SAE\"}]},{\"@type\":\"WebSite\",\"@id\":\"https:\\\/\\\/svpchem.eu\\\/pl\\\/#website\",\"url\":\"https:\\\/\\\/svpchem.eu\\\/pl\\\/\",\"name\":\"svpchem.eu\",\"description\":\"\",\"publisher\":{\"@id\":\"https:\\\/\\\/svpchem.eu\\\/pl\\\/#organization\"},\"potentialAction\":[{\"@type\":\"SearchAction\",\"target\":{\"@type\":\"EntryPoint\",\"urlTemplate\":\"https:\\\/\\\/svpchem.eu\\\/pl\\\/?s={search_term_string}\"},\"query-input\":{\"@type\":\"PropertyValueSpecification\",\"valueRequired\":true,\"valueName\":\"search_term_string\"}}],\"inLanguage\":\"pl-PL\"},{\"@type\":\"Organization\",\"@id\":\"https:\\\/\\\/svpchem.eu\\\/pl\\\/#organization\",\"name\":\"svpchem.eu\",\"url\":\"https:\\\/\\\/svpchem.eu\\\/pl\\\/\",\"logo\":{\"@type\":\"ImageObject\",\"inLanguage\":\"pl-PL\",\"@id\":\"https:\\\/\\\/svpchem.eu\\\/pl\\\/#\\\/schema\\\/logo\\\/image\\\/\",\"url\":\"https:\\\/\\\/svpchem.eu\\\/wp-content\\\/uploads\\\/2025\\\/12\\\/logo_cropped_no_bg_20251217-1.png\",\"contentUrl\":\"https:\\\/\\\/svpchem.eu\\\/wp-content\\\/uploads\\\/2025\\\/12\\\/logo_cropped_no_bg_20251217-1.png\",\"width\":851,\"height\":430,\"caption\":\"svpchem.eu\"},\"image\":{\"@id\":\"https:\\\/\\\/svpchem.eu\\\/pl\\\/#\\\/schema\\\/logo\\\/image\\\/\"}}]}<\/script>\n<!-- \/ Yoast SEO plugin. -->","yoast_head_json":{"title":"VEPRON OIL 10w40 SS SAE - svpchem.eu","description":"VEPRON OIL 10W40 SS SAE to wysokiej jako\u015bci p\u00f3\u0142syntetyczny olej silnikowy, kt\u00f3ry zapewnia niezawodn\u0105 ochron\u0119 silnika przed zu\u017cyciem i osadami. Odpowiedni do silnik\u00f3w benzynowych i wysokopr\u0119\u017cnych, pomaga utrzyma\u0107 stabilne osi\u0105gi w szerokim zakresie warunk\u00f3w pracy.","robots":{"index":"index","follow":"follow","max-snippet":"max-snippet:-1","max-image-preview":"max-image-preview:large","max-video-preview":"max-video-preview:-1"},"canonical":"https:\/\/svpchem.eu\/pl\/produktas\/vepron-oil-10w40-ss-sae\/","og_locale":"pl_PL","og_type":"article","og_title":"VEPRON OIL 10w40 SS SAE - svpchem.eu","og_description":"VEPRON OIL 10W40 SS SAE to wysokiej jako\u015bci p\u00f3\u0142syntetyczny olej silnikowy, kt\u00f3ry zapewnia niezawodn\u0105 ochron\u0119 silnika przed zu\u017cyciem i osadami. Odpowiedni do silnik\u00f3w benzynowych i wysokopr\u0119\u017cnych, pomaga utrzyma\u0107 stabilne osi\u0105gi w szerokim zakresie warunk\u00f3w pracy.","og_url":"https:\/\/svpchem.eu\/pl\/produktas\/vepron-oil-10w40-ss-sae\/","og_site_name":"svpchem.eu","article_modified_time":"2026-04-10T09:59:50+00:00","og_image":[{"width":1300,"height":1300,"url":"https:\/\/svpchem.eu\/wp-content\/uploads\/2025\/12\/Vepron-10w40-5-litrai.jpg","type":"image\/jpeg"}],"twitter_card":"summary_large_image","schema":{"@context":"https:\/\/schema.org","@graph":[{"@type":"WebPage","@id":"https:\/\/svpchem.eu\/pl\/produktas\/vepron-oil-10w40-ss-sae\/","url":"https:\/\/svpchem.eu\/pl\/produktas\/vepron-oil-10w40-ss-sae\/","name":"VEPRON OIL 10w40 SS SAE - svpchem.eu","isPartOf":{"@id":"https:\/\/svpchem.eu\/pl\/#website"},"primaryImageOfPage":{"@id":"https:\/\/svpchem.eu\/pl\/produktas\/vepron-oil-10w40-ss-sae\/#primaryimage"},"image":{"@id":"https:\/\/svpchem.eu\/pl\/produktas\/vepron-oil-10w40-ss-sae\/#primaryimage"},"thumbnailUrl":"https:\/\/svpchem.eu\/wp-content\/uploads\/2025\/12\/Vepron-10w40-5-litrai.jpg","datePublished":"2025-12-19T13:31:51+00:00","dateModified":"2026-04-10T09:59:50+00:00","description":"VEPRON OIL 10W40 SS SAE to wysokiej jako\u015bci p\u00f3\u0142syntetyczny olej silnikowy, kt\u00f3ry zapewnia niezawodn\u0105 ochron\u0119 silnika przed zu\u017cyciem i osadami. Odpowiedni do silnik\u00f3w benzynowych i wysokopr\u0119\u017cnych, pomaga utrzyma\u0107 stabilne osi\u0105gi w szerokim zakresie warunk\u00f3w pracy.","breadcrumb":{"@id":"https:\/\/svpchem.eu\/pl\/produktas\/vepron-oil-10w40-ss-sae\/#breadcrumb"},"inLanguage":"pl-PL","potentialAction":[{"@type":"ReadAction","target":["https:\/\/svpchem.eu\/pl\/produktas\/vepron-oil-10w40-ss-sae\/"]}]},{"@type":"ImageObject","inLanguage":"pl-PL","@id":"https:\/\/svpchem.eu\/pl\/produktas\/vepron-oil-10w40-ss-sae\/#primaryimage","url":"https:\/\/svpchem.eu\/wp-content\/uploads\/2025\/12\/Vepron-10w40-5-litrai.jpg","contentUrl":"https:\/\/svpchem.eu\/wp-content\/uploads\/2025\/12\/Vepron-10w40-5-litrai.jpg","width":1300,"height":1300},{"@type":"BreadcrumbList","@id":"https:\/\/svpchem.eu\/pl\/produktas\/vepron-oil-10w40-ss-sae\/#breadcrumb","itemListElement":[{"@type":"ListItem","position":1,"name":"Strona g\u0142\u00f3wna","item":"https:\/\/svpchem.eu\/pl\/o-nas\/"},{"@type":"ListItem","position":2,"name":"Sklep","item":"https:\/\/svpchem.eu\/pl\/sklep\/"},{"@type":"ListItem","position":3,"name":"VEPRON OIL 10w40 SS SAE"}]},{"@type":"WebSite","@id":"https:\/\/svpchem.eu\/pl\/#website","url":"https:\/\/svpchem.eu\/pl\/","name":"svpchem.eu","description":"","publisher":{"@id":"https:\/\/svpchem.eu\/pl\/#organization"},"potentialAction":[{"@type":"SearchAction","target":{"@type":"EntryPoint","urlTemplate":"https:\/\/svpchem.eu\/pl\/?s={search_term_string}"},"query-input":{"@type":"PropertyValueSpecification","valueRequired":true,"valueName":"search_term_string"}}],"inLanguage":"pl-PL"},{"@type":"Organization","@id":"https:\/\/svpchem.eu\/pl\/#organization","name":"svpchem.eu","url":"https:\/\/svpchem.eu\/pl\/","logo":{"@type":"ImageObject","inLanguage":"pl-PL","@id":"https:\/\/svpchem.eu\/pl\/#\/schema\/logo\/image\/","url":"https:\/\/svpchem.eu\/wp-content\/uploads\/2025\/12\/logo_cropped_no_bg_20251217-1.png","contentUrl":"https:\/\/svpchem.eu\/wp-content\/uploads\/2025\/12\/logo_cropped_no_bg_20251217-1.png","width":851,"height":430,"caption":"svpchem.eu"},"image":{"@id":"https:\/\/svpchem.eu\/pl\/#\/schema\/logo\/image\/"}}]}},"_links":{"self":[{"href":"https:\/\/svpchem.eu\/pl\/wp-json\/wp\/v2\/product\/3050","targetHints":{"allow":["GET"]}}],"collection":[{"href":"https:\/\/svpchem.eu\/pl\/wp-json\/wp\/v2\/product"}],"about":[{"href":"https:\/\/svpchem.eu\/pl\/wp-json\/wp\/v2\/types\/product"}],"wp:featuredmedia":[{"embeddable":true,"href":"https:\/\/svpchem.eu\/pl\/wp-json\/wp\/v2\/media\/3051"}],"wp:attachment":[{"href":"https:\/\/svpchem.eu\/pl\/wp-json\/wp\/v2\/media?parent=3050"}],"wp:term":[{"taxonomy":"product_brand","embeddable":true,"href":"https:\/\/svpchem.eu\/pl\/wp-json\/wp\/v2\/product_brand?post=3050"},{"taxonomy":"product_cat","embeddable":true,"href":"https:\/\/svpchem.eu\/pl\/wp-json\/wp\/v2\/product_cat?post=3050"},{"taxonomy":"product_tag","embeddable":true,"href":"https:\/\/svpchem.eu\/pl\/wp-json\/wp\/v2\/product_tag?post=3050"}],"curies":[{"name":"wp","href":"https:\/\/api.w.org\/{rel}","templated":true}]}}