{"id":3063,"date":"2025-12-19T13:31:51","date_gmt":"2025-12-19T13:31:51","guid":{"rendered":"https:\/\/svpchem.eu\/produktas\/vepron-oil-5w40-sn-cf\/"},"modified":"2026-04-10T09:59:51","modified_gmt":"2026-04-10T09:59:51","slug":"vepron-oil-5w40-sn-cf","status":"publish","type":"product","link":"https:\/\/svpchem.eu\/pl\/produktas\/vepron-oil-5w40-sn-cf\/","title":{"rendered":"VEPRON OIL 5w40 SN\/CF"},"content":{"rendered":"","protected":false},"excerpt":{"rendered":"<p><strong>Opis:<br \/>\n<\/strong><br \/>\n VEPRON OIL FS C3 SAE 5W-40 to w pe\u0142ni syntetyczny, niskopopio\u0142owy (Low SAPS) olej silnikowy o niskim wsp\u00f3\u0142czynniku tarcia, kt\u00f3ry spe\u0142nia niezwykle wysokie wymagania nowoczesnych silnik\u00f3w. Zapewnia maksymaln\u0105 ochron\u0119 i wydajno\u015b\u0107 silnika przez d\u0142ugi okres eksploatacji.<br \/>\n<strong><br \/>\nKluczowe cechy:<br \/>\n<\/strong><br \/>\n &#8211; W pe\u0142ni syntetyczna baza &#8211; zapewnia wysok\u0105 wydajno\u015b\u0107 i stabilno\u015b\u0107 termiczn\u0105.<br \/>\n&#8211; Niska zawarto\u015b\u0107 popio\u0142\u00f3w (C3) &#8211; idealny do silnik\u00f3w z filtrem cz\u0105stek sta\u0142ych DPF (Diesel Particulate Filter).<br \/>\n&#8211; Wszechstronno\u015b\u0107 &#8211; nadaje si\u0119 do stosowania z turbospr\u0119\u017cark\u0105 lub bez.<br \/>\n&#8211; Mo\u017cliwo\u015b\u0107 dostosowania &#8211; nadaje si\u0119 zar\u00f3wno do silnik\u00f3w benzynowych, jak i wysokopr\u0119\u017cnych (klasyfikacja SN\/CF).<\/p>\n<p><strong>Zastosowanie:<br \/>\n<\/strong><br \/>\n Olej przeznaczony do stosowania w samochodach dostawczych i osobowych. Dzi\u0119ki formule Long Life i Low SAPS idealnie nadaje si\u0119 do silnik\u00f3w z filtrami DPF. Wymienia\u0107 zgodnie z zaleceniami producenta.<br \/>\n<strong><br \/>\nKorzy\u015bci:<br \/>\n<\/strong><br \/>\n &#8211; Ochrona DPF &#8211; niska zawarto\u015b\u0107 popio\u0142u pomaga wyd\u0142u\u017cy\u0107 \u017cywotno\u015b\u0107 DPF.<br \/>\n&#8211; D\u0142ugi okres mi\u0119dzy wymianami oleju &#8211; odpowiedni do stosowania w systemach Long Life.<br \/>\n&#8211; Czysto\u015b\u0107 silnika &#8211; skutecznie zwalcza osady i lakier.<br \/>\n&#8211; Niskie tarcie &#8211; przyczynia si\u0119 do ni\u017cszego zu\u017cycia paliwa.<br \/>\n<strong><br \/>\nInformacje techniczne:<br \/>\n<\/strong><br \/>\n &#8211; Pojemno\u015bci: 1000 ml i 5000 ml<br \/>\n&#8211; Lepko\u015b\u0107 SAE: 5W-40.<br \/>\n&#8211; Typ: w pe\u0142ni syntetyczny, C3, SN\/CF.<br \/>\n&#8211; Przeznaczenie: do silnik\u00f3w z filtrami DPF, benzynowych i wysokopr\u0119\u017cnych.<br \/>\n&#8211; Wymogi bezpiecze\u0144stwa: zu\u017cyty olej nale\u017cy podda\u0107 recyklingowi. Karty charakterystyki dost\u0119pne na \u017c\u0105danie. <\/p>\n","protected":false},"featured_media":3406,"template":"","meta":[],"product_brand":[],"product_cat":[329],"product_tag":[],"class_list":{"0":"post-3063","1":"product","2":"type-product","3":"status-publish","4":"has-post-thumbnail","6":"product_cat-smary","7":"pa_brand-svp","8":"pa_ean-4779032961059-0","9":"pa_kiekis_dz-201","10":"pa_kiekis_pk-158","11":"pa_talpa-1000ml","13":"first","14":"instock","15":"shipping-taxable","16":"product-type-simple"},"yoast_head":"<!-- This site is optimized with the Yoast SEO plugin v27.3 - https:\/\/yoast.com\/product\/yoast-seo-wordpress\/ -->\n<title>VEPRON OIL 5w40 SN\/CF - svpchem.eu<\/title>\n<meta name=\"description\" content=\"VEPRON OIL 5W40 SN\/CF to w pe\u0142ni syntetyczny olej silnikowy, kt\u00f3ry zapewnia wysok\u0105 ochron\u0119 silnika i stabilne dzia\u0142anie zar\u00f3wno w niskich, jak i wysokich temperaturach. Odpowiedni do silnik\u00f3w benzynowych i wysokopr\u0119\u017cnych, pomaga ograniczy\u0107 zu\u017cycie i powstawanie osad\u00f3w.\" \/>\n<meta name=\"robots\" content=\"index, follow, max-snippet:-1, max-image-preview:large, max-video-preview:-1\" \/>\n<link rel=\"canonical\" href=\"https:\/\/svpchem.eu\/pl\/produktas\/vepron-oil-5w40-sn-cf\/\" \/>\n<meta property=\"og:locale\" content=\"pl_PL\" \/>\n<meta property=\"og:type\" content=\"article\" \/>\n<meta property=\"og:title\" content=\"VEPRON OIL 5w40 SN\/CF - svpchem.eu\" \/>\n<meta property=\"og:description\" content=\"VEPRON OIL 5W40 SN\/CF to w pe\u0142ni syntetyczny olej silnikowy, kt\u00f3ry zapewnia wysok\u0105 ochron\u0119 silnika i stabilne dzia\u0142anie zar\u00f3wno w niskich, jak i wysokich temperaturach. Odpowiedni do silnik\u00f3w benzynowych i wysokopr\u0119\u017cnych, pomaga ograniczy\u0107 zu\u017cycie i powstawanie osad\u00f3w.\" \/>\n<meta property=\"og:url\" content=\"https:\/\/svpchem.eu\/pl\/produktas\/vepron-oil-5w40-sn-cf\/\" \/>\n<meta property=\"og:site_name\" content=\"svpchem.eu\" \/>\n<meta property=\"article:modified_time\" content=\"2026-04-10T09:59:51+00:00\" \/>\n<meta property=\"og:image\" content=\"https:\/\/svpchem.eu\/wp-content\/uploads\/2025\/12\/Vepron-tepalas-5w40-5-litrai-koreguotas.jpg\" \/>\n\t<meta property=\"og:image:width\" content=\"2048\" \/>\n\t<meta property=\"og:image:height\" content=\"2048\" \/>\n\t<meta property=\"og:image:type\" content=\"image\/jpeg\" \/>\n<meta name=\"twitter:card\" content=\"summary_large_image\" \/>\n<script type=\"application\/ld+json\" class=\"yoast-schema-graph\">{\"@context\":\"https:\\\/\\\/schema.org\",\"@graph\":[{\"@type\":\"WebPage\",\"@id\":\"https:\\\/\\\/svpchem.eu\\\/pl\\\/produktas\\\/vepron-oil-5w40-sn-cf\\\/\",\"url\":\"https:\\\/\\\/svpchem.eu\\\/pl\\\/produktas\\\/vepron-oil-5w40-sn-cf\\\/\",\"name\":\"VEPRON OIL 5w40 SN\\\/CF - svpchem.eu\",\"isPartOf\":{\"@id\":\"https:\\\/\\\/svpchem.eu\\\/pl\\\/#website\"},\"primaryImageOfPage\":{\"@id\":\"https:\\\/\\\/svpchem.eu\\\/pl\\\/produktas\\\/vepron-oil-5w40-sn-cf\\\/#primaryimage\"},\"image\":{\"@id\":\"https:\\\/\\\/svpchem.eu\\\/pl\\\/produktas\\\/vepron-oil-5w40-sn-cf\\\/#primaryimage\"},\"thumbnailUrl\":\"https:\\\/\\\/svpchem.eu\\\/wp-content\\\/uploads\\\/2025\\\/12\\\/Vepron-tepalas-5w40-5-litrai-koreguotas.jpg\",\"datePublished\":\"2025-12-19T13:31:51+00:00\",\"dateModified\":\"2026-04-10T09:59:51+00:00\",\"description\":\"VEPRON OIL 5W40 SN\\\/CF to w pe\u0142ni syntetyczny olej silnikowy, kt\u00f3ry zapewnia wysok\u0105 ochron\u0119 silnika i stabilne dzia\u0142anie zar\u00f3wno w niskich, jak i wysokich temperaturach. Odpowiedni do silnik\u00f3w benzynowych i wysokopr\u0119\u017cnych, pomaga ograniczy\u0107 zu\u017cycie i powstawanie osad\u00f3w.\",\"breadcrumb\":{\"@id\":\"https:\\\/\\\/svpchem.eu\\\/pl\\\/produktas\\\/vepron-oil-5w40-sn-cf\\\/#breadcrumb\"},\"inLanguage\":\"pl-PL\",\"potentialAction\":[{\"@type\":\"ReadAction\",\"target\":[\"https:\\\/\\\/svpchem.eu\\\/pl\\\/produktas\\\/vepron-oil-5w40-sn-cf\\\/\"]}]},{\"@type\":\"ImageObject\",\"inLanguage\":\"pl-PL\",\"@id\":\"https:\\\/\\\/svpchem.eu\\\/pl\\\/produktas\\\/vepron-oil-5w40-sn-cf\\\/#primaryimage\",\"url\":\"https:\\\/\\\/svpchem.eu\\\/wp-content\\\/uploads\\\/2025\\\/12\\\/Vepron-tepalas-5w40-5-litrai-koreguotas.jpg\",\"contentUrl\":\"https:\\\/\\\/svpchem.eu\\\/wp-content\\\/uploads\\\/2025\\\/12\\\/Vepron-tepalas-5w40-5-litrai-koreguotas.jpg\",\"width\":2048,\"height\":2048},{\"@type\":\"BreadcrumbList\",\"@id\":\"https:\\\/\\\/svpchem.eu\\\/pl\\\/produktas\\\/vepron-oil-5w40-sn-cf\\\/#breadcrumb\",\"itemListElement\":[{\"@type\":\"ListItem\",\"position\":1,\"name\":\"Strona g\u0142\u00f3wna\",\"item\":\"https:\\\/\\\/svpchem.eu\\\/pl\\\/o-nas\\\/\"},{\"@type\":\"ListItem\",\"position\":2,\"name\":\"Sklep\",\"item\":\"https:\\\/\\\/svpchem.eu\\\/pl\\\/sklep\\\/\"},{\"@type\":\"ListItem\",\"position\":3,\"name\":\"VEPRON OIL 5w40 SN\\\/CF\"}]},{\"@type\":\"WebSite\",\"@id\":\"https:\\\/\\\/svpchem.eu\\\/pl\\\/#website\",\"url\":\"https:\\\/\\\/svpchem.eu\\\/pl\\\/\",\"name\":\"svpchem.eu\",\"description\":\"\",\"publisher\":{\"@id\":\"https:\\\/\\\/svpchem.eu\\\/pl\\\/#organization\"},\"potentialAction\":[{\"@type\":\"SearchAction\",\"target\":{\"@type\":\"EntryPoint\",\"urlTemplate\":\"https:\\\/\\\/svpchem.eu\\\/pl\\\/?s={search_term_string}\"},\"query-input\":{\"@type\":\"PropertyValueSpecification\",\"valueRequired\":true,\"valueName\":\"search_term_string\"}}],\"inLanguage\":\"pl-PL\"},{\"@type\":\"Organization\",\"@id\":\"https:\\\/\\\/svpchem.eu\\\/pl\\\/#organization\",\"name\":\"svpchem.eu\",\"url\":\"https:\\\/\\\/svpchem.eu\\\/pl\\\/\",\"logo\":{\"@type\":\"ImageObject\",\"inLanguage\":\"pl-PL\",\"@id\":\"https:\\\/\\\/svpchem.eu\\\/pl\\\/#\\\/schema\\\/logo\\\/image\\\/\",\"url\":\"https:\\\/\\\/svpchem.eu\\\/wp-content\\\/uploads\\\/2025\\\/12\\\/logo_cropped_no_bg_20251217-1.png\",\"contentUrl\":\"https:\\\/\\\/svpchem.eu\\\/wp-content\\\/uploads\\\/2025\\\/12\\\/logo_cropped_no_bg_20251217-1.png\",\"width\":851,\"height\":430,\"caption\":\"svpchem.eu\"},\"image\":{\"@id\":\"https:\\\/\\\/svpchem.eu\\\/pl\\\/#\\\/schema\\\/logo\\\/image\\\/\"}}]}<\/script>\n<!-- \/ Yoast SEO plugin. -->","yoast_head_json":{"title":"VEPRON OIL 5w40 SN\/CF - svpchem.eu","description":"VEPRON OIL 5W40 SN\/CF to w pe\u0142ni syntetyczny olej silnikowy, kt\u00f3ry zapewnia wysok\u0105 ochron\u0119 silnika i stabilne dzia\u0142anie zar\u00f3wno w niskich, jak i wysokich temperaturach. Odpowiedni do silnik\u00f3w benzynowych i wysokopr\u0119\u017cnych, pomaga ograniczy\u0107 zu\u017cycie i powstawanie osad\u00f3w.","robots":{"index":"index","follow":"follow","max-snippet":"max-snippet:-1","max-image-preview":"max-image-preview:large","max-video-preview":"max-video-preview:-1"},"canonical":"https:\/\/svpchem.eu\/pl\/produktas\/vepron-oil-5w40-sn-cf\/","og_locale":"pl_PL","og_type":"article","og_title":"VEPRON OIL 5w40 SN\/CF - svpchem.eu","og_description":"VEPRON OIL 5W40 SN\/CF to w pe\u0142ni syntetyczny olej silnikowy, kt\u00f3ry zapewnia wysok\u0105 ochron\u0119 silnika i stabilne dzia\u0142anie zar\u00f3wno w niskich, jak i wysokich temperaturach. Odpowiedni do silnik\u00f3w benzynowych i wysokopr\u0119\u017cnych, pomaga ograniczy\u0107 zu\u017cycie i powstawanie osad\u00f3w.","og_url":"https:\/\/svpchem.eu\/pl\/produktas\/vepron-oil-5w40-sn-cf\/","og_site_name":"svpchem.eu","article_modified_time":"2026-04-10T09:59:51+00:00","og_image":[{"width":2048,"height":2048,"url":"https:\/\/svpchem.eu\/wp-content\/uploads\/2025\/12\/Vepron-tepalas-5w40-5-litrai-koreguotas.jpg","type":"image\/jpeg"}],"twitter_card":"summary_large_image","schema":{"@context":"https:\/\/schema.org","@graph":[{"@type":"WebPage","@id":"https:\/\/svpchem.eu\/pl\/produktas\/vepron-oil-5w40-sn-cf\/","url":"https:\/\/svpchem.eu\/pl\/produktas\/vepron-oil-5w40-sn-cf\/","name":"VEPRON OIL 5w40 SN\/CF - svpchem.eu","isPartOf":{"@id":"https:\/\/svpchem.eu\/pl\/#website"},"primaryImageOfPage":{"@id":"https:\/\/svpchem.eu\/pl\/produktas\/vepron-oil-5w40-sn-cf\/#primaryimage"},"image":{"@id":"https:\/\/svpchem.eu\/pl\/produktas\/vepron-oil-5w40-sn-cf\/#primaryimage"},"thumbnailUrl":"https:\/\/svpchem.eu\/wp-content\/uploads\/2025\/12\/Vepron-tepalas-5w40-5-litrai-koreguotas.jpg","datePublished":"2025-12-19T13:31:51+00:00","dateModified":"2026-04-10T09:59:51+00:00","description":"VEPRON OIL 5W40 SN\/CF to w pe\u0142ni syntetyczny olej silnikowy, kt\u00f3ry zapewnia wysok\u0105 ochron\u0119 silnika i stabilne dzia\u0142anie zar\u00f3wno w niskich, jak i wysokich temperaturach. Odpowiedni do silnik\u00f3w benzynowych i wysokopr\u0119\u017cnych, pomaga ograniczy\u0107 zu\u017cycie i powstawanie osad\u00f3w.","breadcrumb":{"@id":"https:\/\/svpchem.eu\/pl\/produktas\/vepron-oil-5w40-sn-cf\/#breadcrumb"},"inLanguage":"pl-PL","potentialAction":[{"@type":"ReadAction","target":["https:\/\/svpchem.eu\/pl\/produktas\/vepron-oil-5w40-sn-cf\/"]}]},{"@type":"ImageObject","inLanguage":"pl-PL","@id":"https:\/\/svpchem.eu\/pl\/produktas\/vepron-oil-5w40-sn-cf\/#primaryimage","url":"https:\/\/svpchem.eu\/wp-content\/uploads\/2025\/12\/Vepron-tepalas-5w40-5-litrai-koreguotas.jpg","contentUrl":"https:\/\/svpchem.eu\/wp-content\/uploads\/2025\/12\/Vepron-tepalas-5w40-5-litrai-koreguotas.jpg","width":2048,"height":2048},{"@type":"BreadcrumbList","@id":"https:\/\/svpchem.eu\/pl\/produktas\/vepron-oil-5w40-sn-cf\/#breadcrumb","itemListElement":[{"@type":"ListItem","position":1,"name":"Strona g\u0142\u00f3wna","item":"https:\/\/svpchem.eu\/pl\/o-nas\/"},{"@type":"ListItem","position":2,"name":"Sklep","item":"https:\/\/svpchem.eu\/pl\/sklep\/"},{"@type":"ListItem","position":3,"name":"VEPRON OIL 5w40 SN\/CF"}]},{"@type":"WebSite","@id":"https:\/\/svpchem.eu\/pl\/#website","url":"https:\/\/svpchem.eu\/pl\/","name":"svpchem.eu","description":"","publisher":{"@id":"https:\/\/svpchem.eu\/pl\/#organization"},"potentialAction":[{"@type":"SearchAction","target":{"@type":"EntryPoint","urlTemplate":"https:\/\/svpchem.eu\/pl\/?s={search_term_string}"},"query-input":{"@type":"PropertyValueSpecification","valueRequired":true,"valueName":"search_term_string"}}],"inLanguage":"pl-PL"},{"@type":"Organization","@id":"https:\/\/svpchem.eu\/pl\/#organization","name":"svpchem.eu","url":"https:\/\/svpchem.eu\/pl\/","logo":{"@type":"ImageObject","inLanguage":"pl-PL","@id":"https:\/\/svpchem.eu\/pl\/#\/schema\/logo\/image\/","url":"https:\/\/svpchem.eu\/wp-content\/uploads\/2025\/12\/logo_cropped_no_bg_20251217-1.png","contentUrl":"https:\/\/svpchem.eu\/wp-content\/uploads\/2025\/12\/logo_cropped_no_bg_20251217-1.png","width":851,"height":430,"caption":"svpchem.eu"},"image":{"@id":"https:\/\/svpchem.eu\/pl\/#\/schema\/logo\/image\/"}}]}},"_links":{"self":[{"href":"https:\/\/svpchem.eu\/pl\/wp-json\/wp\/v2\/product\/3063","targetHints":{"allow":["GET"]}}],"collection":[{"href":"https:\/\/svpchem.eu\/pl\/wp-json\/wp\/v2\/product"}],"about":[{"href":"https:\/\/svpchem.eu\/pl\/wp-json\/wp\/v2\/types\/product"}],"wp:featuredmedia":[{"embeddable":true,"href":"https:\/\/svpchem.eu\/pl\/wp-json\/wp\/v2\/media\/3406"}],"wp:attachment":[{"href":"https:\/\/svpchem.eu\/pl\/wp-json\/wp\/v2\/media?parent=3063"}],"wp:term":[{"taxonomy":"product_brand","embeddable":true,"href":"https:\/\/svpchem.eu\/pl\/wp-json\/wp\/v2\/product_brand?post=3063"},{"taxonomy":"product_cat","embeddable":true,"href":"https:\/\/svpchem.eu\/pl\/wp-json\/wp\/v2\/product_cat?post=3063"},{"taxonomy":"product_tag","embeddable":true,"href":"https:\/\/svpchem.eu\/pl\/wp-json\/wp\/v2\/product_tag?post=3063"}],"curies":[{"name":"wp","href":"https:\/\/api.w.org\/{rel}","templated":true}]}}