{"id":3074,"date":"2025-12-19T13:31:51","date_gmt":"2025-12-19T13:31:51","guid":{"rendered":"https:\/\/svpchem.eu\/produktas\/svp-plyn-do-wspomagania-ukladu-kierowniczego-dluga-zywotnosc\/"},"modified":"2026-04-10T09:59:25","modified_gmt":"2026-04-10T09:59:25","slug":"svp-plyn-do-wspomagania-ukladu-kierowniczego-dluga-zywotnosc","status":"publish","type":"product","link":"https:\/\/svpchem.eu\/pl\/produktas\/svp-plyn-do-wspomagania-ukladu-kierowniczego-dluga-zywotnosc\/","title":{"rendered":"SVP P\u0142yn do wspomagania uk\u0142adu kierowniczego D\u0141UGA \u017bYWOTNO\u015a\u0106"},"content":{"rendered":"","protected":false},"excerpt":{"rendered":"<p><strong>Opis:<br \/>\n<\/strong><br \/>\n Wysokiej jako\u015bci p\u0142yn hydrauliczny do konserwacji i ochrony uk\u0142ad\u00f3w wspomagania kierownicy. Zaprojektowany w celu przywr\u00f3cenia elastyczno\u015bci uszczelek, co pomaga zapobiega\u0107 wyciekom p\u0142ynu. Wyd\u0142u\u017ca \u017cywotno\u015b\u0107 ca\u0142ego uk\u0142adu, poprawia osi\u0105gi i redukuje ha\u0142as.<br \/>\n<strong><br \/>\nKluczowe cechy:<br \/>\n<\/strong><br \/>\n &#8211; Przywraca szczelno\u015b\u0107 &#8211; zapobiega wyciekom spowodowanym twardnieniem lub wysychaniem uszczelek.<br \/>\n&#8211; Ochrona przed przegrzaniem &#8211; skutecznie ch\u0142odzi uk\u0142ad i zmniejsza zu\u017cycie.<br \/>\n&#8211; W\u0142a\u015bciwo\u015bci antykorozyjne &#8211; zapewnia d\u0142ugotrwa\u0142\u0105 ochron\u0119 cz\u0119\u015bci metalowych.<br \/>\n&#8211; Wszechstronno\u015b\u0107 &#8211; mo\u017ce by\u0107 r\u00f3wnie\u017c stosowany jako g\u0142\u00f3wny p\u0142yn w uk\u0142adzie hydraulicznym.<br \/>\n<strong><br \/>\nSpos\u00f3b u\u017cycia:<br \/>\n<\/strong><br \/>\n Po wy\u0142\u0105czeniu silnika nale\u017cy dola\u0107 p\u0142ynu do uk\u0142adu wspomagania kierownicy do poziomu okre\u015blonego przez producenta.<br \/>\n<strong><br \/>\nZalety:<br \/>\n<\/strong><br \/>\n &#8211; Wyd\u0142u\u017ca \u017cywotno\u015b\u0107 mechanizm\u00f3w wspomagania uk\u0142adu kierowniczego.<br \/>\n&#8211; Zmniejsza ha\u0142as i tarcie.<br \/>\n&#8211; Kompatybilny ze wszystkimi p\u0142ynami hydraulicznymi do uk\u0142ad\u00f3w wspomagania.<br \/>\n&#8211; Zgodny z nowoczesnymi wymaganiami (GM, FORD, CHRYSLER itp.).<br \/>\n<strong><br \/>\nInformacje techniczne:<br \/>\n<\/strong><br \/>\n &#8211; Pojemno\u015b\u0107: 1000 ml.<br \/>\n&#8211; Przeznaczenie: Hydrauliczne uk\u0142ady wspomagania kierownicy.<br \/>\n&#8211; Kompatybilno\u015b\u0107: Kompatybilny ze wszystkimi p\u0142ynami hydraulicznymi.<br \/>\n&#8211; Bezpiecze\u0144stwo: Przechowywa\u0107 w miejscu niedost\u0119pnym dla dzieci.<\/p>\n","protected":false},"featured_media":3075,"template":"","meta":[],"product_brand":[],"product_cat":[329],"product_tag":[],"class_list":{"0":"post-3074","1":"product","2":"type-product","3":"status-publish","4":"has-post-thumbnail","6":"product_cat-smary","7":"pa_brand-svp","8":"pa_ean-4779032960212-0","9":"pa_kiekis_dz-201","10":"pa_kiekis_pk-158","11":"pa_talpa-356-ml","13":"first","14":"instock","15":"shipping-taxable","16":"product-type-simple"},"yoast_head":"<!-- This site is optimized with the Yoast SEO plugin v27.3 - https:\/\/yoast.com\/product\/yoast-seo-wordpress\/ -->\n<title>SVP P\u0142yn do wspomagania uk\u0142adu kierowniczego D\u0141UGA \u017bYWOTNO\u015a\u0106 - svpchem.eu<\/title>\n<meta name=\"description\" content=\"SVP Power Steering Fluid Long Life to wysokiej jako\u015bci p\u0142yn hydrauliczny, kt\u00f3ry zapewnia p\u0142ynn\u0105 prac\u0119 uk\u0142adu kierowniczego i d\u0142ugotrwa\u0142\u0105 ochron\u0119 przed zu\u017cyciem. Pomaga zapobiega\u0107 ha\u0142asowi i zapewnia niezawodne dzia\u0142anie w szerokim zakresie warunk\u00f3w pracy.\" \/>\n<meta name=\"robots\" content=\"index, follow, max-snippet:-1, max-image-preview:large, max-video-preview:-1\" \/>\n<link rel=\"canonical\" href=\"https:\/\/svpchem.eu\/pl\/produktas\/svp-plyn-do-wspomagania-ukladu-kierowniczego-dluga-zywotnosc\/\" \/>\n<meta property=\"og:locale\" content=\"pl_PL\" \/>\n<meta property=\"og:type\" content=\"article\" \/>\n<meta property=\"og:title\" content=\"SVP P\u0142yn do wspomagania uk\u0142adu kierowniczego D\u0141UGA \u017bYWOTNO\u015a\u0106 - svpchem.eu\" \/>\n<meta property=\"og:description\" content=\"SVP Power Steering Fluid Long Life to wysokiej jako\u015bci p\u0142yn hydrauliczny, kt\u00f3ry zapewnia p\u0142ynn\u0105 prac\u0119 uk\u0142adu kierowniczego i d\u0142ugotrwa\u0142\u0105 ochron\u0119 przed zu\u017cyciem. Pomaga zapobiega\u0107 ha\u0142asowi i zapewnia niezawodne dzia\u0142anie w szerokim zakresie warunk\u00f3w pracy.\" \/>\n<meta property=\"og:url\" content=\"https:\/\/svpchem.eu\/pl\/produktas\/svp-plyn-do-wspomagania-ukladu-kierowniczego-dluga-zywotnosc\/\" \/>\n<meta property=\"og:site_name\" content=\"svpchem.eu\" \/>\n<meta property=\"article:modified_time\" content=\"2026-04-10T09:59:25+00:00\" \/>\n<meta property=\"og:image\" content=\"https:\/\/svpchem.eu\/wp-content\/uploads\/2025\/12\/SVP-Vairo-stiprintuvo-skystis-LONG-LIFE-1L.jpg\" \/>\n\t<meta property=\"og:image:width\" content=\"1300\" \/>\n\t<meta property=\"og:image:height\" content=\"1300\" \/>\n\t<meta property=\"og:image:type\" content=\"image\/jpeg\" \/>\n<meta name=\"twitter:card\" content=\"summary_large_image\" \/>\n<script type=\"application\/ld+json\" class=\"yoast-schema-graph\">{\"@context\":\"https:\\\/\\\/schema.org\",\"@graph\":[{\"@type\":\"WebPage\",\"@id\":\"https:\\\/\\\/svpchem.eu\\\/pl\\\/produktas\\\/svp-plyn-do-wspomagania-ukladu-kierowniczego-dluga-zywotnosc\\\/\",\"url\":\"https:\\\/\\\/svpchem.eu\\\/pl\\\/produktas\\\/svp-plyn-do-wspomagania-ukladu-kierowniczego-dluga-zywotnosc\\\/\",\"name\":\"SVP P\u0142yn do wspomagania uk\u0142adu kierowniczego D\u0141UGA \u017bYWOTNO\u015a\u0106 - svpchem.eu\",\"isPartOf\":{\"@id\":\"https:\\\/\\\/svpchem.eu\\\/pl\\\/#website\"},\"primaryImageOfPage\":{\"@id\":\"https:\\\/\\\/svpchem.eu\\\/pl\\\/produktas\\\/svp-plyn-do-wspomagania-ukladu-kierowniczego-dluga-zywotnosc\\\/#primaryimage\"},\"image\":{\"@id\":\"https:\\\/\\\/svpchem.eu\\\/pl\\\/produktas\\\/svp-plyn-do-wspomagania-ukladu-kierowniczego-dluga-zywotnosc\\\/#primaryimage\"},\"thumbnailUrl\":\"https:\\\/\\\/svpchem.eu\\\/wp-content\\\/uploads\\\/2025\\\/12\\\/SVP-Vairo-stiprintuvo-skystis-LONG-LIFE-1L.jpg\",\"datePublished\":\"2025-12-19T13:31:51+00:00\",\"dateModified\":\"2026-04-10T09:59:25+00:00\",\"description\":\"SVP Power Steering Fluid Long Life to wysokiej jako\u015bci p\u0142yn hydrauliczny, kt\u00f3ry zapewnia p\u0142ynn\u0105 prac\u0119 uk\u0142adu kierowniczego i d\u0142ugotrwa\u0142\u0105 ochron\u0119 przed zu\u017cyciem. Pomaga zapobiega\u0107 ha\u0142asowi i zapewnia niezawodne dzia\u0142anie w szerokim zakresie warunk\u00f3w pracy.\",\"breadcrumb\":{\"@id\":\"https:\\\/\\\/svpchem.eu\\\/pl\\\/produktas\\\/svp-plyn-do-wspomagania-ukladu-kierowniczego-dluga-zywotnosc\\\/#breadcrumb\"},\"inLanguage\":\"pl-PL\",\"potentialAction\":[{\"@type\":\"ReadAction\",\"target\":[\"https:\\\/\\\/svpchem.eu\\\/pl\\\/produktas\\\/svp-plyn-do-wspomagania-ukladu-kierowniczego-dluga-zywotnosc\\\/\"]}]},{\"@type\":\"ImageObject\",\"inLanguage\":\"pl-PL\",\"@id\":\"https:\\\/\\\/svpchem.eu\\\/pl\\\/produktas\\\/svp-plyn-do-wspomagania-ukladu-kierowniczego-dluga-zywotnosc\\\/#primaryimage\",\"url\":\"https:\\\/\\\/svpchem.eu\\\/wp-content\\\/uploads\\\/2025\\\/12\\\/SVP-Vairo-stiprintuvo-skystis-LONG-LIFE-1L.jpg\",\"contentUrl\":\"https:\\\/\\\/svpchem.eu\\\/wp-content\\\/uploads\\\/2025\\\/12\\\/SVP-Vairo-stiprintuvo-skystis-LONG-LIFE-1L.jpg\",\"width\":1300,\"height\":1300},{\"@type\":\"BreadcrumbList\",\"@id\":\"https:\\\/\\\/svpchem.eu\\\/pl\\\/produktas\\\/svp-plyn-do-wspomagania-ukladu-kierowniczego-dluga-zywotnosc\\\/#breadcrumb\",\"itemListElement\":[{\"@type\":\"ListItem\",\"position\":1,\"name\":\"Strona g\u0142\u00f3wna\",\"item\":\"https:\\\/\\\/svpchem.eu\\\/pl\\\/o-nas\\\/\"},{\"@type\":\"ListItem\",\"position\":2,\"name\":\"Sklep\",\"item\":\"https:\\\/\\\/svpchem.eu\\\/pl\\\/sklep\\\/\"},{\"@type\":\"ListItem\",\"position\":3,\"name\":\"SVP P\u0142yn do wspomagania uk\u0142adu kierowniczego D\u0141UGA \u017bYWOTNO\u015a\u0106\"}]},{\"@type\":\"WebSite\",\"@id\":\"https:\\\/\\\/svpchem.eu\\\/pl\\\/#website\",\"url\":\"https:\\\/\\\/svpchem.eu\\\/pl\\\/\",\"name\":\"svpchem.eu\",\"description\":\"\",\"publisher\":{\"@id\":\"https:\\\/\\\/svpchem.eu\\\/pl\\\/#organization\"},\"potentialAction\":[{\"@type\":\"SearchAction\",\"target\":{\"@type\":\"EntryPoint\",\"urlTemplate\":\"https:\\\/\\\/svpchem.eu\\\/pl\\\/?s={search_term_string}\"},\"query-input\":{\"@type\":\"PropertyValueSpecification\",\"valueRequired\":true,\"valueName\":\"search_term_string\"}}],\"inLanguage\":\"pl-PL\"},{\"@type\":\"Organization\",\"@id\":\"https:\\\/\\\/svpchem.eu\\\/pl\\\/#organization\",\"name\":\"svpchem.eu\",\"url\":\"https:\\\/\\\/svpchem.eu\\\/pl\\\/\",\"logo\":{\"@type\":\"ImageObject\",\"inLanguage\":\"pl-PL\",\"@id\":\"https:\\\/\\\/svpchem.eu\\\/pl\\\/#\\\/schema\\\/logo\\\/image\\\/\",\"url\":\"https:\\\/\\\/svpchem.eu\\\/wp-content\\\/uploads\\\/2025\\\/12\\\/logo_cropped_no_bg_20251217-1.png\",\"contentUrl\":\"https:\\\/\\\/svpchem.eu\\\/wp-content\\\/uploads\\\/2025\\\/12\\\/logo_cropped_no_bg_20251217-1.png\",\"width\":851,\"height\":430,\"caption\":\"svpchem.eu\"},\"image\":{\"@id\":\"https:\\\/\\\/svpchem.eu\\\/pl\\\/#\\\/schema\\\/logo\\\/image\\\/\"}}]}<\/script>\n<!-- \/ Yoast SEO plugin. -->","yoast_head_json":{"title":"SVP P\u0142yn do wspomagania uk\u0142adu kierowniczego D\u0141UGA \u017bYWOTNO\u015a\u0106 - svpchem.eu","description":"SVP Power Steering Fluid Long Life to wysokiej jako\u015bci p\u0142yn hydrauliczny, kt\u00f3ry zapewnia p\u0142ynn\u0105 prac\u0119 uk\u0142adu kierowniczego i d\u0142ugotrwa\u0142\u0105 ochron\u0119 przed zu\u017cyciem. Pomaga zapobiega\u0107 ha\u0142asowi i zapewnia niezawodne dzia\u0142anie w szerokim zakresie warunk\u00f3w pracy.","robots":{"index":"index","follow":"follow","max-snippet":"max-snippet:-1","max-image-preview":"max-image-preview:large","max-video-preview":"max-video-preview:-1"},"canonical":"https:\/\/svpchem.eu\/pl\/produktas\/svp-plyn-do-wspomagania-ukladu-kierowniczego-dluga-zywotnosc\/","og_locale":"pl_PL","og_type":"article","og_title":"SVP P\u0142yn do wspomagania uk\u0142adu kierowniczego D\u0141UGA \u017bYWOTNO\u015a\u0106 - svpchem.eu","og_description":"SVP Power Steering Fluid Long Life to wysokiej jako\u015bci p\u0142yn hydrauliczny, kt\u00f3ry zapewnia p\u0142ynn\u0105 prac\u0119 uk\u0142adu kierowniczego i d\u0142ugotrwa\u0142\u0105 ochron\u0119 przed zu\u017cyciem. Pomaga zapobiega\u0107 ha\u0142asowi i zapewnia niezawodne dzia\u0142anie w szerokim zakresie warunk\u00f3w pracy.","og_url":"https:\/\/svpchem.eu\/pl\/produktas\/svp-plyn-do-wspomagania-ukladu-kierowniczego-dluga-zywotnosc\/","og_site_name":"svpchem.eu","article_modified_time":"2026-04-10T09:59:25+00:00","og_image":[{"width":1300,"height":1300,"url":"https:\/\/svpchem.eu\/wp-content\/uploads\/2025\/12\/SVP-Vairo-stiprintuvo-skystis-LONG-LIFE-1L.jpg","type":"image\/jpeg"}],"twitter_card":"summary_large_image","schema":{"@context":"https:\/\/schema.org","@graph":[{"@type":"WebPage","@id":"https:\/\/svpchem.eu\/pl\/produktas\/svp-plyn-do-wspomagania-ukladu-kierowniczego-dluga-zywotnosc\/","url":"https:\/\/svpchem.eu\/pl\/produktas\/svp-plyn-do-wspomagania-ukladu-kierowniczego-dluga-zywotnosc\/","name":"SVP P\u0142yn do wspomagania uk\u0142adu kierowniczego D\u0141UGA \u017bYWOTNO\u015a\u0106 - svpchem.eu","isPartOf":{"@id":"https:\/\/svpchem.eu\/pl\/#website"},"primaryImageOfPage":{"@id":"https:\/\/svpchem.eu\/pl\/produktas\/svp-plyn-do-wspomagania-ukladu-kierowniczego-dluga-zywotnosc\/#primaryimage"},"image":{"@id":"https:\/\/svpchem.eu\/pl\/produktas\/svp-plyn-do-wspomagania-ukladu-kierowniczego-dluga-zywotnosc\/#primaryimage"},"thumbnailUrl":"https:\/\/svpchem.eu\/wp-content\/uploads\/2025\/12\/SVP-Vairo-stiprintuvo-skystis-LONG-LIFE-1L.jpg","datePublished":"2025-12-19T13:31:51+00:00","dateModified":"2026-04-10T09:59:25+00:00","description":"SVP Power Steering Fluid Long Life to wysokiej jako\u015bci p\u0142yn hydrauliczny, kt\u00f3ry zapewnia p\u0142ynn\u0105 prac\u0119 uk\u0142adu kierowniczego i d\u0142ugotrwa\u0142\u0105 ochron\u0119 przed zu\u017cyciem. Pomaga zapobiega\u0107 ha\u0142asowi i zapewnia niezawodne dzia\u0142anie w szerokim zakresie warunk\u00f3w pracy.","breadcrumb":{"@id":"https:\/\/svpchem.eu\/pl\/produktas\/svp-plyn-do-wspomagania-ukladu-kierowniczego-dluga-zywotnosc\/#breadcrumb"},"inLanguage":"pl-PL","potentialAction":[{"@type":"ReadAction","target":["https:\/\/svpchem.eu\/pl\/produktas\/svp-plyn-do-wspomagania-ukladu-kierowniczego-dluga-zywotnosc\/"]}]},{"@type":"ImageObject","inLanguage":"pl-PL","@id":"https:\/\/svpchem.eu\/pl\/produktas\/svp-plyn-do-wspomagania-ukladu-kierowniczego-dluga-zywotnosc\/#primaryimage","url":"https:\/\/svpchem.eu\/wp-content\/uploads\/2025\/12\/SVP-Vairo-stiprintuvo-skystis-LONG-LIFE-1L.jpg","contentUrl":"https:\/\/svpchem.eu\/wp-content\/uploads\/2025\/12\/SVP-Vairo-stiprintuvo-skystis-LONG-LIFE-1L.jpg","width":1300,"height":1300},{"@type":"BreadcrumbList","@id":"https:\/\/svpchem.eu\/pl\/produktas\/svp-plyn-do-wspomagania-ukladu-kierowniczego-dluga-zywotnosc\/#breadcrumb","itemListElement":[{"@type":"ListItem","position":1,"name":"Strona g\u0142\u00f3wna","item":"https:\/\/svpchem.eu\/pl\/o-nas\/"},{"@type":"ListItem","position":2,"name":"Sklep","item":"https:\/\/svpchem.eu\/pl\/sklep\/"},{"@type":"ListItem","position":3,"name":"SVP P\u0142yn do wspomagania uk\u0142adu kierowniczego D\u0141UGA \u017bYWOTNO\u015a\u0106"}]},{"@type":"WebSite","@id":"https:\/\/svpchem.eu\/pl\/#website","url":"https:\/\/svpchem.eu\/pl\/","name":"svpchem.eu","description":"","publisher":{"@id":"https:\/\/svpchem.eu\/pl\/#organization"},"potentialAction":[{"@type":"SearchAction","target":{"@type":"EntryPoint","urlTemplate":"https:\/\/svpchem.eu\/pl\/?s={search_term_string}"},"query-input":{"@type":"PropertyValueSpecification","valueRequired":true,"valueName":"search_term_string"}}],"inLanguage":"pl-PL"},{"@type":"Organization","@id":"https:\/\/svpchem.eu\/pl\/#organization","name":"svpchem.eu","url":"https:\/\/svpchem.eu\/pl\/","logo":{"@type":"ImageObject","inLanguage":"pl-PL","@id":"https:\/\/svpchem.eu\/pl\/#\/schema\/logo\/image\/","url":"https:\/\/svpchem.eu\/wp-content\/uploads\/2025\/12\/logo_cropped_no_bg_20251217-1.png","contentUrl":"https:\/\/svpchem.eu\/wp-content\/uploads\/2025\/12\/logo_cropped_no_bg_20251217-1.png","width":851,"height":430,"caption":"svpchem.eu"},"image":{"@id":"https:\/\/svpchem.eu\/pl\/#\/schema\/logo\/image\/"}}]}},"_links":{"self":[{"href":"https:\/\/svpchem.eu\/pl\/wp-json\/wp\/v2\/product\/3074","targetHints":{"allow":["GET"]}}],"collection":[{"href":"https:\/\/svpchem.eu\/pl\/wp-json\/wp\/v2\/product"}],"about":[{"href":"https:\/\/svpchem.eu\/pl\/wp-json\/wp\/v2\/types\/product"}],"wp:featuredmedia":[{"embeddable":true,"href":"https:\/\/svpchem.eu\/pl\/wp-json\/wp\/v2\/media\/3075"}],"wp:attachment":[{"href":"https:\/\/svpchem.eu\/pl\/wp-json\/wp\/v2\/media?parent=3074"}],"wp:term":[{"taxonomy":"product_brand","embeddable":true,"href":"https:\/\/svpchem.eu\/pl\/wp-json\/wp\/v2\/product_brand?post=3074"},{"taxonomy":"product_cat","embeddable":true,"href":"https:\/\/svpchem.eu\/pl\/wp-json\/wp\/v2\/product_cat?post=3074"},{"taxonomy":"product_tag","embeddable":true,"href":"https:\/\/svpchem.eu\/pl\/wp-json\/wp\/v2\/product_tag?post=3074"}],"curies":[{"name":"wp","href":"https:\/\/api.w.org\/{rel}","templated":true}]}}