{"id":3464,"date":"2026-02-23T21:05:11","date_gmt":"2026-02-23T21:05:11","guid":{"rendered":"https:\/\/svpchem.eu\/produktas\/svp-epoksydowa-dwuskladnikowa-plastelina-klej-spawanie-na-zimno\/"},"modified":"2026-02-23T21:05:11","modified_gmt":"2026-02-23T21:05:11","slug":"svp-epoksydowa-dwuskladnikowa-plastelina-klej-spawanie-na-zimno","status":"publish","type":"product","link":"https:\/\/svpchem.eu\/pl\/produktas\/svp-epoksydowa-dwuskladnikowa-plastelina-klej-spawanie-na-zimno\/","title":{"rendered":"SVP Epoksydowa dwusk\u0142adnikowa plastelina (klej) &#8211; spawanie na zimno"},"content":{"rendered":"","protected":false},"excerpt":{"rendered":"<p><strong>Opis:<\/strong><\/p>\n<p>Wszechstronna i wysokowytrzyma\u0142a dwusk\u0142adnikowa plastelina epoksydowa do szybkich i niezawodnych napraw szerokiej gamy materia\u0142\u00f3w. Ten &#8222;zimny spaw\" jest idealny do wype\u0142niania p\u0119kni\u0119\u0107, uszczelniania otwor\u00f3w lub \u0142\u0105czenia cz\u0119\u015bci poddawanych du\u017cym obci\u0105\u017ceniom. Zestalona masa staje si\u0119 bardzo plastyczna i mo\u017ce by\u0107 wiercona, szlifowana, gwintowana lub malowana, nadaj\u0105c naprawianemu przedmiotowi pierwotn\u0105 wytrzyma\u0142o\u015b\u0107.  <\/p>\n<p><strong>Najwa\u017cniejsze cechy:<\/strong><\/p>\n<ul>\n<li><strong>Wszechstronno\u015b\u0107:<\/strong> utwardza si\u0119 na mokrych powierzchniach, a nawet pod wod\u0105.<\/li>\n<li><strong>Wytrzyma\u0142o\u015b\u0107:<\/strong> tworzy niezwykle mocne po\u0142\u0105czenie, kt\u00f3re jest odporne na wstrz\u0105sy i wibracje.<\/li>\n<li><strong>Odporno\u015b\u0107:<\/strong> odporny na wod\u0119, olej, paliwo i wi\u0119kszo\u015b\u0107 chemikali\u00f3w.<\/li>\n<li><strong>Plastyczno\u015b\u0107:<\/strong> \u0142atwa do r\u0119cznego ugniatania, dzi\u0119ki czemu mo\u017cna j\u0105 \u0142atwo uformowa\u0107 w dowolny kszta\u0142t.<\/li>\n<li><strong>Odporno\u015b\u0107 termiczna:<\/strong> zachowuje swoje w\u0142a\u015bciwo\u015bci przy wahaniach temperatury.<\/li>\n<li><strong>Szybkie dzia\u0142anie:<\/strong> utwardza si\u0119 w ci\u0105gu kilku minut, a ca\u0142kowite wyleczenie nast\u0119puje w kr\u00f3tkim czasie.<\/li>\n<\/ul>\n<p><strong>Spos\u00f3b u\u017cycia:<\/strong> Odetnij wymagan\u0105 ilo\u015b\u0107 plasteliny. Ugniata\u0107 palcami, a\u017c oba sk\u0142adniki zmieszaj\u0105 si\u0119 w jednolity kolor, a masa b\u0119dzie lekko ciep\u0142a. Na\u0142o\u017cy\u0107 na oczyszczon\u0105 (najlepiej wyszlifowan\u0105) powierzchni\u0119 i mocno docisn\u0105\u0107. Aby uzyska\u0107 g\u0142adsz\u0105 powierzchni\u0119, formowanie mo\u017cna wykona\u0107 mokrymi palcami lub narz\u0119dziem. Pozostawi\u0107 do zastygni\u0119cia przed obr\u00f3bk\u0105.    <\/p>\n<p><strong>Korzy\u015bci:<\/strong><\/p>\n<ul>\n<li><strong>\u0141atwy w u\u017cyciu:<\/strong> nie wymaga dodatkowych narz\u0119dzi ani przybor\u00f3w do mieszania.<\/li>\n<li><strong>Trwa\u0142o\u015b\u0107:<\/strong> naprawione obszary maj\u0105 wytrzyma\u0142o\u015b\u0107 metalu.<\/li>\n<li><strong>Oszcz\u0119dno\u015b\u0107:<\/strong> u\u017cywaj tylko ilo\u015bci potrzebnej do danej naprawy.<\/li>\n<li><strong>Bezpiecze\u0144stwo:<\/strong> bezpieczny do u\u017cytku domowego i w profesjonalnych warsztatach.<\/li>\n<\/ul>\n<p><strong>Informacje techniczne:<\/strong><\/p>\n<ul>\n<li><strong>Waga:<\/strong> 56,4 g<\/li>\n<li><strong>Typ:<\/strong> dwusk\u0142adnikowa \u017cywica epoksydowa (forma plasteliny).<\/li>\n<li><strong>Cz\u0119stotliwo\u015b\u0107 u\u017cytkowania:<\/strong> do jednorazowych napraw lub w razie potrzeby.<\/li>\n<li><strong>Wyko\u0144czenie:<\/strong> mo\u017cna szlifowa\u0107, malowa\u0107, wierci\u0107 po pe\u0142nym utwardzeniu.<\/li>\n<\/ul>\n","protected":false},"featured_media":3357,"template":"","meta":[],"product_brand":[],"product_cat":[354,203],"product_tag":[],"class_list":{"0":"post-3464","1":"product","2":"type-product","3":"status-publish","4":"has-post-thumbnail","6":"product_cat-produkcja-na-zamowienie","7":"product_cat-produkty-do-pielegnacji-samochodow-i-materialy-eksploatacyjne","9":"first","10":"instock","11":"shipping-taxable","12":"product-type-simple"},"yoast_head":"<!-- This site is optimized with the Yoast SEO plugin v27.3 - https:\/\/yoast.com\/product\/yoast-seo-wordpress\/ -->\n<title>SVP Epoksydowa dwusk\u0142adnikowa plastelina (klej) - spawanie na zimno - svpchem.eu<\/title>\n<meta name=\"description\" content=\"Dwusk\u0142adnikowa plastelina epoksydowa SVP (spawanie na zimno) - mocny, formowalny klej do naprawy powierzchni metalowych, plastikowych, ceramicznych i innych. Szybkie utwardzanie, wype\u0142nianie p\u0119kni\u0119\u0107, odporno\u015b\u0107 na wod\u0119 i temperatur\u0119.\" \/>\n<meta name=\"robots\" content=\"index, follow, max-snippet:-1, max-image-preview:large, max-video-preview:-1\" \/>\n<link rel=\"canonical\" href=\"https:\/\/svpchem.eu\/pl\/produktas\/svp-epoksydowa-dwuskladnikowa-plastelina-klej-spawanie-na-zimno\/\" \/>\n<meta property=\"og:locale\" content=\"pl_PL\" \/>\n<meta property=\"og:type\" content=\"article\" \/>\n<meta property=\"og:title\" content=\"SVP Epoksydowa dwusk\u0142adnikowa plastelina (klej) - spawanie na zimno - svpchem.eu\" \/>\n<meta property=\"og:description\" content=\"Dwusk\u0142adnikowa plastelina epoksydowa SVP (spawanie na zimno) - mocny, formowalny klej do naprawy powierzchni metalowych, plastikowych, ceramicznych i innych. Szybkie utwardzanie, wype\u0142nianie p\u0119kni\u0119\u0107, odporno\u015b\u0107 na wod\u0119 i temperatur\u0119.\" \/>\n<meta property=\"og:url\" content=\"https:\/\/svpchem.eu\/pl\/produktas\/svp-epoksydowa-dwuskladnikowa-plastelina-klej-spawanie-na-zimno\/\" \/>\n<meta property=\"og:site_name\" content=\"svpchem.eu\" \/>\n<meta property=\"og:image\" content=\"https:\/\/svpchem.eu\/wp-content\/uploads\/2026\/02\/Epoksidiniai-klijai-2-ju-komponentu-4-min-koteguotas.jpg\" \/>\n\t<meta property=\"og:image:width\" content=\"1024\" \/>\n\t<meta property=\"og:image:height\" content=\"1024\" \/>\n\t<meta property=\"og:image:type\" content=\"image\/jpeg\" \/>\n<meta name=\"twitter:card\" content=\"summary_large_image\" \/>\n<script type=\"application\/ld+json\" class=\"yoast-schema-graph\">{\"@context\":\"https:\\\/\\\/schema.org\",\"@graph\":[{\"@type\":\"WebPage\",\"@id\":\"https:\\\/\\\/svpchem.eu\\\/pl\\\/produktas\\\/svp-epoksydowa-dwuskladnikowa-plastelina-klej-spawanie-na-zimno\\\/\",\"url\":\"https:\\\/\\\/svpchem.eu\\\/pl\\\/produktas\\\/svp-epoksydowa-dwuskladnikowa-plastelina-klej-spawanie-na-zimno\\\/\",\"name\":\"SVP Epoksydowa dwusk\u0142adnikowa plastelina (klej) - spawanie na zimno - svpchem.eu\",\"isPartOf\":{\"@id\":\"https:\\\/\\\/svpchem.eu\\\/pl\\\/#website\"},\"primaryImageOfPage\":{\"@id\":\"https:\\\/\\\/svpchem.eu\\\/pl\\\/produktas\\\/svp-epoksydowa-dwuskladnikowa-plastelina-klej-spawanie-na-zimno\\\/#primaryimage\"},\"image\":{\"@id\":\"https:\\\/\\\/svpchem.eu\\\/pl\\\/produktas\\\/svp-epoksydowa-dwuskladnikowa-plastelina-klej-spawanie-na-zimno\\\/#primaryimage\"},\"thumbnailUrl\":\"https:\\\/\\\/svpchem.eu\\\/wp-content\\\/uploads\\\/2026\\\/02\\\/Epoksidiniai-klijai-2-ju-komponentu-4-min-koteguotas.jpg\",\"datePublished\":\"2026-02-23T21:05:11+00:00\",\"description\":\"Dwusk\u0142adnikowa plastelina epoksydowa SVP (spawanie na zimno) - mocny, formowalny klej do naprawy powierzchni metalowych, plastikowych, ceramicznych i innych. Szybkie utwardzanie, wype\u0142nianie p\u0119kni\u0119\u0107, odporno\u015b\u0107 na wod\u0119 i temperatur\u0119.\",\"breadcrumb\":{\"@id\":\"https:\\\/\\\/svpchem.eu\\\/pl\\\/produktas\\\/svp-epoksydowa-dwuskladnikowa-plastelina-klej-spawanie-na-zimno\\\/#breadcrumb\"},\"inLanguage\":\"pl-PL\",\"potentialAction\":[{\"@type\":\"ReadAction\",\"target\":[\"https:\\\/\\\/svpchem.eu\\\/pl\\\/produktas\\\/svp-epoksydowa-dwuskladnikowa-plastelina-klej-spawanie-na-zimno\\\/\"]}]},{\"@type\":\"ImageObject\",\"inLanguage\":\"pl-PL\",\"@id\":\"https:\\\/\\\/svpchem.eu\\\/pl\\\/produktas\\\/svp-epoksydowa-dwuskladnikowa-plastelina-klej-spawanie-na-zimno\\\/#primaryimage\",\"url\":\"https:\\\/\\\/svpchem.eu\\\/wp-content\\\/uploads\\\/2026\\\/02\\\/Epoksidiniai-klijai-2-ju-komponentu-4-min-koteguotas.jpg\",\"contentUrl\":\"https:\\\/\\\/svpchem.eu\\\/wp-content\\\/uploads\\\/2026\\\/02\\\/Epoksidiniai-klijai-2-ju-komponentu-4-min-koteguotas.jpg\",\"width\":1024,\"height\":1024},{\"@type\":\"BreadcrumbList\",\"@id\":\"https:\\\/\\\/svpchem.eu\\\/pl\\\/produktas\\\/svp-epoksydowa-dwuskladnikowa-plastelina-klej-spawanie-na-zimno\\\/#breadcrumb\",\"itemListElement\":[{\"@type\":\"ListItem\",\"position\":1,\"name\":\"Strona g\u0142\u00f3wna\",\"item\":\"https:\\\/\\\/svpchem.eu\\\/pl\\\/o-nas\\\/\"},{\"@type\":\"ListItem\",\"position\":2,\"name\":\"Sklep\",\"item\":\"https:\\\/\\\/svpchem.eu\\\/pl\\\/sklep\\\/\"},{\"@type\":\"ListItem\",\"position\":3,\"name\":\"SVP Epoksydowa dwusk\u0142adnikowa plastelina (klej) &#8211; spawanie na zimno\"}]},{\"@type\":\"WebSite\",\"@id\":\"https:\\\/\\\/svpchem.eu\\\/pl\\\/#website\",\"url\":\"https:\\\/\\\/svpchem.eu\\\/pl\\\/\",\"name\":\"svpchem.eu\",\"description\":\"\",\"publisher\":{\"@id\":\"https:\\\/\\\/svpchem.eu\\\/pl\\\/#organization\"},\"potentialAction\":[{\"@type\":\"SearchAction\",\"target\":{\"@type\":\"EntryPoint\",\"urlTemplate\":\"https:\\\/\\\/svpchem.eu\\\/pl\\\/?s={search_term_string}\"},\"query-input\":{\"@type\":\"PropertyValueSpecification\",\"valueRequired\":true,\"valueName\":\"search_term_string\"}}],\"inLanguage\":\"pl-PL\"},{\"@type\":\"Organization\",\"@id\":\"https:\\\/\\\/svpchem.eu\\\/pl\\\/#organization\",\"name\":\"svpchem.eu\",\"url\":\"https:\\\/\\\/svpchem.eu\\\/pl\\\/\",\"logo\":{\"@type\":\"ImageObject\",\"inLanguage\":\"pl-PL\",\"@id\":\"https:\\\/\\\/svpchem.eu\\\/pl\\\/#\\\/schema\\\/logo\\\/image\\\/\",\"url\":\"https:\\\/\\\/svpchem.eu\\\/wp-content\\\/uploads\\\/2025\\\/12\\\/logo_cropped_no_bg_20251217-1.png\",\"contentUrl\":\"https:\\\/\\\/svpchem.eu\\\/wp-content\\\/uploads\\\/2025\\\/12\\\/logo_cropped_no_bg_20251217-1.png\",\"width\":851,\"height\":430,\"caption\":\"svpchem.eu\"},\"image\":{\"@id\":\"https:\\\/\\\/svpchem.eu\\\/pl\\\/#\\\/schema\\\/logo\\\/image\\\/\"}}]}<\/script>\n<!-- \/ Yoast SEO plugin. -->","yoast_head_json":{"title":"SVP Epoksydowa dwusk\u0142adnikowa plastelina (klej) - spawanie na zimno - svpchem.eu","description":"Dwusk\u0142adnikowa plastelina epoksydowa SVP (spawanie na zimno) - mocny, formowalny klej do naprawy powierzchni metalowych, plastikowych, ceramicznych i innych. Szybkie utwardzanie, wype\u0142nianie p\u0119kni\u0119\u0107, odporno\u015b\u0107 na wod\u0119 i temperatur\u0119.","robots":{"index":"index","follow":"follow","max-snippet":"max-snippet:-1","max-image-preview":"max-image-preview:large","max-video-preview":"max-video-preview:-1"},"canonical":"https:\/\/svpchem.eu\/pl\/produktas\/svp-epoksydowa-dwuskladnikowa-plastelina-klej-spawanie-na-zimno\/","og_locale":"pl_PL","og_type":"article","og_title":"SVP Epoksydowa dwusk\u0142adnikowa plastelina (klej) - spawanie na zimno - svpchem.eu","og_description":"Dwusk\u0142adnikowa plastelina epoksydowa SVP (spawanie na zimno) - mocny, formowalny klej do naprawy powierzchni metalowych, plastikowych, ceramicznych i innych. Szybkie utwardzanie, wype\u0142nianie p\u0119kni\u0119\u0107, odporno\u015b\u0107 na wod\u0119 i temperatur\u0119.","og_url":"https:\/\/svpchem.eu\/pl\/produktas\/svp-epoksydowa-dwuskladnikowa-plastelina-klej-spawanie-na-zimno\/","og_site_name":"svpchem.eu","og_image":[{"width":1024,"height":1024,"url":"https:\/\/svpchem.eu\/wp-content\/uploads\/2026\/02\/Epoksidiniai-klijai-2-ju-komponentu-4-min-koteguotas.jpg","type":"image\/jpeg"}],"twitter_card":"summary_large_image","schema":{"@context":"https:\/\/schema.org","@graph":[{"@type":"WebPage","@id":"https:\/\/svpchem.eu\/pl\/produktas\/svp-epoksydowa-dwuskladnikowa-plastelina-klej-spawanie-na-zimno\/","url":"https:\/\/svpchem.eu\/pl\/produktas\/svp-epoksydowa-dwuskladnikowa-plastelina-klej-spawanie-na-zimno\/","name":"SVP Epoksydowa dwusk\u0142adnikowa plastelina (klej) - spawanie na zimno - svpchem.eu","isPartOf":{"@id":"https:\/\/svpchem.eu\/pl\/#website"},"primaryImageOfPage":{"@id":"https:\/\/svpchem.eu\/pl\/produktas\/svp-epoksydowa-dwuskladnikowa-plastelina-klej-spawanie-na-zimno\/#primaryimage"},"image":{"@id":"https:\/\/svpchem.eu\/pl\/produktas\/svp-epoksydowa-dwuskladnikowa-plastelina-klej-spawanie-na-zimno\/#primaryimage"},"thumbnailUrl":"https:\/\/svpchem.eu\/wp-content\/uploads\/2026\/02\/Epoksidiniai-klijai-2-ju-komponentu-4-min-koteguotas.jpg","datePublished":"2026-02-23T21:05:11+00:00","description":"Dwusk\u0142adnikowa plastelina epoksydowa SVP (spawanie na zimno) - mocny, formowalny klej do naprawy powierzchni metalowych, plastikowych, ceramicznych i innych. Szybkie utwardzanie, wype\u0142nianie p\u0119kni\u0119\u0107, odporno\u015b\u0107 na wod\u0119 i temperatur\u0119.","breadcrumb":{"@id":"https:\/\/svpchem.eu\/pl\/produktas\/svp-epoksydowa-dwuskladnikowa-plastelina-klej-spawanie-na-zimno\/#breadcrumb"},"inLanguage":"pl-PL","potentialAction":[{"@type":"ReadAction","target":["https:\/\/svpchem.eu\/pl\/produktas\/svp-epoksydowa-dwuskladnikowa-plastelina-klej-spawanie-na-zimno\/"]}]},{"@type":"ImageObject","inLanguage":"pl-PL","@id":"https:\/\/svpchem.eu\/pl\/produktas\/svp-epoksydowa-dwuskladnikowa-plastelina-klej-spawanie-na-zimno\/#primaryimage","url":"https:\/\/svpchem.eu\/wp-content\/uploads\/2026\/02\/Epoksidiniai-klijai-2-ju-komponentu-4-min-koteguotas.jpg","contentUrl":"https:\/\/svpchem.eu\/wp-content\/uploads\/2026\/02\/Epoksidiniai-klijai-2-ju-komponentu-4-min-koteguotas.jpg","width":1024,"height":1024},{"@type":"BreadcrumbList","@id":"https:\/\/svpchem.eu\/pl\/produktas\/svp-epoksydowa-dwuskladnikowa-plastelina-klej-spawanie-na-zimno\/#breadcrumb","itemListElement":[{"@type":"ListItem","position":1,"name":"Strona g\u0142\u00f3wna","item":"https:\/\/svpchem.eu\/pl\/o-nas\/"},{"@type":"ListItem","position":2,"name":"Sklep","item":"https:\/\/svpchem.eu\/pl\/sklep\/"},{"@type":"ListItem","position":3,"name":"SVP Epoksydowa dwusk\u0142adnikowa plastelina (klej) &#8211; spawanie na zimno"}]},{"@type":"WebSite","@id":"https:\/\/svpchem.eu\/pl\/#website","url":"https:\/\/svpchem.eu\/pl\/","name":"svpchem.eu","description":"","publisher":{"@id":"https:\/\/svpchem.eu\/pl\/#organization"},"potentialAction":[{"@type":"SearchAction","target":{"@type":"EntryPoint","urlTemplate":"https:\/\/svpchem.eu\/pl\/?s={search_term_string}"},"query-input":{"@type":"PropertyValueSpecification","valueRequired":true,"valueName":"search_term_string"}}],"inLanguage":"pl-PL"},{"@type":"Organization","@id":"https:\/\/svpchem.eu\/pl\/#organization","name":"svpchem.eu","url":"https:\/\/svpchem.eu\/pl\/","logo":{"@type":"ImageObject","inLanguage":"pl-PL","@id":"https:\/\/svpchem.eu\/pl\/#\/schema\/logo\/image\/","url":"https:\/\/svpchem.eu\/wp-content\/uploads\/2025\/12\/logo_cropped_no_bg_20251217-1.png","contentUrl":"https:\/\/svpchem.eu\/wp-content\/uploads\/2025\/12\/logo_cropped_no_bg_20251217-1.png","width":851,"height":430,"caption":"svpchem.eu"},"image":{"@id":"https:\/\/svpchem.eu\/pl\/#\/schema\/logo\/image\/"}}]}},"_links":{"self":[{"href":"https:\/\/svpchem.eu\/pl\/wp-json\/wp\/v2\/product\/3464","targetHints":{"allow":["GET"]}}],"collection":[{"href":"https:\/\/svpchem.eu\/pl\/wp-json\/wp\/v2\/product"}],"about":[{"href":"https:\/\/svpchem.eu\/pl\/wp-json\/wp\/v2\/types\/product"}],"wp:featuredmedia":[{"embeddable":true,"href":"https:\/\/svpchem.eu\/pl\/wp-json\/wp\/v2\/media\/3357"}],"wp:attachment":[{"href":"https:\/\/svpchem.eu\/pl\/wp-json\/wp\/v2\/media?parent=3464"}],"wp:term":[{"taxonomy":"product_brand","embeddable":true,"href":"https:\/\/svpchem.eu\/pl\/wp-json\/wp\/v2\/product_brand?post=3464"},{"taxonomy":"product_cat","embeddable":true,"href":"https:\/\/svpchem.eu\/pl\/wp-json\/wp\/v2\/product_cat?post=3464"},{"taxonomy":"product_tag","embeddable":true,"href":"https:\/\/svpchem.eu\/pl\/wp-json\/wp\/v2\/product_tag?post=3464"}],"curies":[{"name":"wp","href":"https:\/\/api.w.org\/{rel}","templated":true}]}}