{"id":3530,"date":"2026-02-24T08:54:29","date_gmt":"2026-02-24T08:54:29","guid":{"rendered":"https:\/\/svpchem.eu\/produktas\/wosk-samochodowy-w-plynie-svp\/"},"modified":"2026-02-24T08:54:29","modified_gmt":"2026-02-24T08:54:29","slug":"wosk-samochodowy-w-plynie-svp","status":"publish","type":"product","link":"https:\/\/svpchem.eu\/pl\/produktas\/wosk-samochodowy-w-plynie-svp\/","title":{"rendered":"Wosk samochodowy w p\u0142ynie SVP"},"content":{"rendered":"","protected":false},"excerpt":{"rendered":"<p><strong>Opis:<\/strong><\/p>\n<p>Jest to wysokiej jako\u015bci p\u0142ynny wosk do szybkiego i skutecznego polerowania oraz d\u0142ugotrwa\u0142ej ochrony karoserii samochodu. Specjalna formu\u0142a nie tylko nadaje lakierowanym powierzchniom g\u0142\u0119boki po\u0142ysk &#8222;na mokro\", ale tak\u017ce tworzy niewidoczn\u0105 warstw\u0119 ochronn\u0105 zabezpieczaj\u0105c\u0105 przed czynnikami \u015brodowiskowymi. Dzi\u0119ki p\u0142ynnej konsystencji produkt jest niezwykle \u0142atwy w aplikacji i nie wymaga du\u017cego wysi\u0142ku fizycznego, aby osi\u0105gn\u0105\u0107 profesjonalny efekt.  <\/p>\n<p><strong>Najwa\u017cniejsze cechy:<\/strong><\/p>\n<ul>\n<li><strong>D\u0142ugotrwa\u0142y po\u0142ysk:<\/strong> dodaje bogactwa i podkre\u015bla ka\u017cdy kolor samochodu.<\/li>\n<li><strong>Efekt hydrofobowy:<\/strong> tworzy siln\u0105 warstw\u0119 hydrofobow\u0105, dzi\u0119ki czemu woda i brud po prostu sp\u0142ywaj\u0105 z powierzchni.<\/li>\n<li><strong>Ochrona przed promieniowaniem UV:<\/strong> chroni lakier samochodu przed blakni\u0119ciem i negatywnym wp\u0142ywem \u015bwiat\u0142a s\u0142onecznego.<\/li>\n<li><strong>\u0141atwe czyszczenie:<\/strong> powlekana powierzchnia jest znacznie \u0142atwiejsza do p\u00f3\u017aniejszego czyszczenia, poniewa\u017c brud w mniejszym stopniu przywiera do karoserii.<\/li>\n<\/ul>\n<p><strong>Zastosowanie:<\/strong><\/p>\n<p>Dok\u0142adnie umy\u0107 i osuszy\u0107 samoch\u00f3d. Przed u\u017cyciem dobrze wstrz\u0105sn\u0105\u0107 opakowaniem. Wylej niewielk\u0105 ilo\u015b\u0107 wosku na mi\u0119kk\u0105 szmatk\u0119 lub aplikator i rozprowad\u017a r\u00f3wnomiernie na jednej cz\u0119\u015bci karoserii.  <\/p>\n<p>Poczekaj, a\u017c wosk lekko wyschnie (pojawi si\u0119 lekki bia\u0142y osad) i przetrzyj such\u0105, czyst\u0105 \u015bciereczk\u0105 z mikrofibry, a\u017c b\u0119dzie b\u0142yszcz\u0105ca. <strong>Unikaj:<\/strong> Nie woskuj gor\u0105cych karoserii ani nie pracuj w bezpo\u015brednim \u015bwietle s\u0142onecznym.<\/p>\n<p><strong>Korzy\u015bci:<\/strong><\/p>\n<ul>\n<li><strong>Wygl\u0105d na poziomie wn\u0119trza:<\/strong> Tw\u00f3j samoch\u00f3d b\u0119dzie wygl\u0105da\u0142 jak \u015bwie\u017co po wyj\u015bciu ze studia woskowania, ale za ni\u017csz\u0105 cen\u0119.<\/li>\n<li><strong>Maksymalna ochrona:<\/strong> chro\u0144 swoj\u0105 inwestycj\u0119 &#8211; wosk pomaga zapobiega\u0107 drobnym mikrozarysowaniom i nara\u017ceniu na dzia\u0142anie soli.<\/li>\n<li><strong>Szybkie dzia\u0142anie:<\/strong> p\u0142ynna formu\u0142a pozwala na pokrycie ca\u0142ego samochodu w bardzo kr\u00f3tkim czasie w por\u00f3wnaniu do wosku w postaci sta\u0142ej.<\/li>\n<li><strong>Przyjemny proces:<\/strong> \u0142atwo si\u0119 poleruje, nie pozostawiaj\u0105c t\u0142ustych plam ani smug.<\/li>\n<\/ul>\n<p><strong>Informacje techniczne<\/strong><\/p>\n<ul>\n<li><strong>Pojemno\u015b\u0107:<\/strong> 500 ml<\/li>\n<li><strong>Typ:<\/strong> Wosk w p\u0142ynie.<\/li>\n<li><strong>Zastosowanie:<\/strong> Wszystkie malowane i lakierowane powierzchnie zewn\u0119trzne samochodu.<\/li>\n<\/ul>\n<p><strong>Zalecenie:<\/strong> zaleca si\u0119 woskowanie co 3-4 mycia w celu utrzymania trwa\u0142ej ochrony.<\/p>\n","protected":false},"featured_media":3365,"template":"","meta":[],"product_brand":[],"product_cat":[354,203],"product_tag":[],"class_list":{"0":"post-3530","1":"product","2":"type-product","3":"status-publish","4":"has-post-thumbnail","6":"product_cat-produkcja-na-zamowienie","7":"product_cat-produkty-do-pielegnacji-samochodow-i-materialy-eksploatacyjne","9":"first","10":"instock","11":"shipping-taxable","12":"product-type-simple"},"yoast_head":"<!-- This site is optimized with the Yoast SEO plugin v27.3 - https:\/\/yoast.com\/product\/yoast-seo-wordpress\/ -->\n<title>Wosk samochodowy w p\u0142ynie SVP - svpchem.eu<\/title>\n<meta name=\"description\" content=\"SVP Liquid Body Wax CAR WAX - Nadaje lakierowi samochodowemu po\u0142ysk i d\u0142ugotrwa\u0142\u0105 ochron\u0119 przed wilgoci\u0105, brudem i wp\u0142ywami \u015brodowiska. \u0141atwy w aplikacji, od\u015bwie\u017ca kolor i pomaga utrzyma\u0107 czysty, zadbany wygl\u0105d.\" \/>\n<meta name=\"robots\" content=\"index, follow, max-snippet:-1, max-image-preview:large, max-video-preview:-1\" \/>\n<link rel=\"canonical\" href=\"https:\/\/svpchem.eu\/pl\/produktas\/wosk-samochodowy-w-plynie-svp\/\" \/>\n<meta property=\"og:locale\" content=\"pl_PL\" \/>\n<meta property=\"og:type\" content=\"article\" \/>\n<meta property=\"og:title\" content=\"Wosk samochodowy w p\u0142ynie SVP - svpchem.eu\" \/>\n<meta property=\"og:description\" content=\"SVP Liquid Body Wax CAR WAX - Nadaje lakierowi samochodowemu po\u0142ysk i d\u0142ugotrwa\u0142\u0105 ochron\u0119 przed wilgoci\u0105, brudem i wp\u0142ywami \u015brodowiska. \u0141atwy w aplikacji, od\u015bwie\u017ca kolor i pomaga utrzyma\u0107 czysty, zadbany wygl\u0105d.\" \/>\n<meta property=\"og:url\" content=\"https:\/\/svpchem.eu\/pl\/produktas\/wosk-samochodowy-w-plynie-svp\/\" \/>\n<meta property=\"og:site_name\" content=\"svpchem.eu\" \/>\n<meta property=\"og:image\" content=\"https:\/\/svpchem.eu\/wp-content\/uploads\/2026\/02\/Kebulo-vaskas-CAR-wax-koreguotas.jpg\" \/>\n\t<meta property=\"og:image:width\" content=\"1024\" \/>\n\t<meta property=\"og:image:height\" content=\"1024\" \/>\n\t<meta property=\"og:image:type\" content=\"image\/jpeg\" \/>\n<meta name=\"twitter:card\" content=\"summary_large_image\" \/>\n<script type=\"application\/ld+json\" class=\"yoast-schema-graph\">{\"@context\":\"https:\\\/\\\/schema.org\",\"@graph\":[{\"@type\":\"WebPage\",\"@id\":\"https:\\\/\\\/svpchem.eu\\\/pl\\\/produktas\\\/wosk-samochodowy-w-plynie-svp\\\/\",\"url\":\"https:\\\/\\\/svpchem.eu\\\/pl\\\/produktas\\\/wosk-samochodowy-w-plynie-svp\\\/\",\"name\":\"Wosk samochodowy w p\u0142ynie SVP - svpchem.eu\",\"isPartOf\":{\"@id\":\"https:\\\/\\\/svpchem.eu\\\/pl\\\/#website\"},\"primaryImageOfPage\":{\"@id\":\"https:\\\/\\\/svpchem.eu\\\/pl\\\/produktas\\\/wosk-samochodowy-w-plynie-svp\\\/#primaryimage\"},\"image\":{\"@id\":\"https:\\\/\\\/svpchem.eu\\\/pl\\\/produktas\\\/wosk-samochodowy-w-plynie-svp\\\/#primaryimage\"},\"thumbnailUrl\":\"https:\\\/\\\/svpchem.eu\\\/wp-content\\\/uploads\\\/2026\\\/02\\\/Kebulo-vaskas-CAR-wax-koreguotas.jpg\",\"datePublished\":\"2026-02-24T08:54:29+00:00\",\"description\":\"SVP Liquid Body Wax CAR WAX - Nadaje lakierowi samochodowemu po\u0142ysk i d\u0142ugotrwa\u0142\u0105 ochron\u0119 przed wilgoci\u0105, brudem i wp\u0142ywami \u015brodowiska. \u0141atwy w aplikacji, od\u015bwie\u017ca kolor i pomaga utrzyma\u0107 czysty, zadbany wygl\u0105d.\",\"breadcrumb\":{\"@id\":\"https:\\\/\\\/svpchem.eu\\\/pl\\\/produktas\\\/wosk-samochodowy-w-plynie-svp\\\/#breadcrumb\"},\"inLanguage\":\"pl-PL\",\"potentialAction\":[{\"@type\":\"ReadAction\",\"target\":[\"https:\\\/\\\/svpchem.eu\\\/pl\\\/produktas\\\/wosk-samochodowy-w-plynie-svp\\\/\"]}]},{\"@type\":\"ImageObject\",\"inLanguage\":\"pl-PL\",\"@id\":\"https:\\\/\\\/svpchem.eu\\\/pl\\\/produktas\\\/wosk-samochodowy-w-plynie-svp\\\/#primaryimage\",\"url\":\"https:\\\/\\\/svpchem.eu\\\/wp-content\\\/uploads\\\/2026\\\/02\\\/Kebulo-vaskas-CAR-wax-koreguotas.jpg\",\"contentUrl\":\"https:\\\/\\\/svpchem.eu\\\/wp-content\\\/uploads\\\/2026\\\/02\\\/Kebulo-vaskas-CAR-wax-koreguotas.jpg\",\"width\":1024,\"height\":1024},{\"@type\":\"BreadcrumbList\",\"@id\":\"https:\\\/\\\/svpchem.eu\\\/pl\\\/produktas\\\/wosk-samochodowy-w-plynie-svp\\\/#breadcrumb\",\"itemListElement\":[{\"@type\":\"ListItem\",\"position\":1,\"name\":\"Strona g\u0142\u00f3wna\",\"item\":\"https:\\\/\\\/svpchem.eu\\\/pl\\\/o-nas\\\/\"},{\"@type\":\"ListItem\",\"position\":2,\"name\":\"Sklep\",\"item\":\"https:\\\/\\\/svpchem.eu\\\/pl\\\/sklep\\\/\"},{\"@type\":\"ListItem\",\"position\":3,\"name\":\"Wosk samochodowy w p\u0142ynie SVP\"}]},{\"@type\":\"WebSite\",\"@id\":\"https:\\\/\\\/svpchem.eu\\\/pl\\\/#website\",\"url\":\"https:\\\/\\\/svpchem.eu\\\/pl\\\/\",\"name\":\"svpchem.eu\",\"description\":\"\",\"publisher\":{\"@id\":\"https:\\\/\\\/svpchem.eu\\\/pl\\\/#organization\"},\"potentialAction\":[{\"@type\":\"SearchAction\",\"target\":{\"@type\":\"EntryPoint\",\"urlTemplate\":\"https:\\\/\\\/svpchem.eu\\\/pl\\\/?s={search_term_string}\"},\"query-input\":{\"@type\":\"PropertyValueSpecification\",\"valueRequired\":true,\"valueName\":\"search_term_string\"}}],\"inLanguage\":\"pl-PL\"},{\"@type\":\"Organization\",\"@id\":\"https:\\\/\\\/svpchem.eu\\\/pl\\\/#organization\",\"name\":\"svpchem.eu\",\"url\":\"https:\\\/\\\/svpchem.eu\\\/pl\\\/\",\"logo\":{\"@type\":\"ImageObject\",\"inLanguage\":\"pl-PL\",\"@id\":\"https:\\\/\\\/svpchem.eu\\\/pl\\\/#\\\/schema\\\/logo\\\/image\\\/\",\"url\":\"https:\\\/\\\/svpchem.eu\\\/wp-content\\\/uploads\\\/2025\\\/12\\\/logo_cropped_no_bg_20251217-1.png\",\"contentUrl\":\"https:\\\/\\\/svpchem.eu\\\/wp-content\\\/uploads\\\/2025\\\/12\\\/logo_cropped_no_bg_20251217-1.png\",\"width\":851,\"height\":430,\"caption\":\"svpchem.eu\"},\"image\":{\"@id\":\"https:\\\/\\\/svpchem.eu\\\/pl\\\/#\\\/schema\\\/logo\\\/image\\\/\"}}]}<\/script>\n<!-- \/ Yoast SEO plugin. -->","yoast_head_json":{"title":"Wosk samochodowy w p\u0142ynie SVP - svpchem.eu","description":"SVP Liquid Body Wax CAR WAX - Nadaje lakierowi samochodowemu po\u0142ysk i d\u0142ugotrwa\u0142\u0105 ochron\u0119 przed wilgoci\u0105, brudem i wp\u0142ywami \u015brodowiska. \u0141atwy w aplikacji, od\u015bwie\u017ca kolor i pomaga utrzyma\u0107 czysty, zadbany wygl\u0105d.","robots":{"index":"index","follow":"follow","max-snippet":"max-snippet:-1","max-image-preview":"max-image-preview:large","max-video-preview":"max-video-preview:-1"},"canonical":"https:\/\/svpchem.eu\/pl\/produktas\/wosk-samochodowy-w-plynie-svp\/","og_locale":"pl_PL","og_type":"article","og_title":"Wosk samochodowy w p\u0142ynie SVP - svpchem.eu","og_description":"SVP Liquid Body Wax CAR WAX - Nadaje lakierowi samochodowemu po\u0142ysk i d\u0142ugotrwa\u0142\u0105 ochron\u0119 przed wilgoci\u0105, brudem i wp\u0142ywami \u015brodowiska. \u0141atwy w aplikacji, od\u015bwie\u017ca kolor i pomaga utrzyma\u0107 czysty, zadbany wygl\u0105d.","og_url":"https:\/\/svpchem.eu\/pl\/produktas\/wosk-samochodowy-w-plynie-svp\/","og_site_name":"svpchem.eu","og_image":[{"width":1024,"height":1024,"url":"https:\/\/svpchem.eu\/wp-content\/uploads\/2026\/02\/Kebulo-vaskas-CAR-wax-koreguotas.jpg","type":"image\/jpeg"}],"twitter_card":"summary_large_image","schema":{"@context":"https:\/\/schema.org","@graph":[{"@type":"WebPage","@id":"https:\/\/svpchem.eu\/pl\/produktas\/wosk-samochodowy-w-plynie-svp\/","url":"https:\/\/svpchem.eu\/pl\/produktas\/wosk-samochodowy-w-plynie-svp\/","name":"Wosk samochodowy w p\u0142ynie SVP - svpchem.eu","isPartOf":{"@id":"https:\/\/svpchem.eu\/pl\/#website"},"primaryImageOfPage":{"@id":"https:\/\/svpchem.eu\/pl\/produktas\/wosk-samochodowy-w-plynie-svp\/#primaryimage"},"image":{"@id":"https:\/\/svpchem.eu\/pl\/produktas\/wosk-samochodowy-w-plynie-svp\/#primaryimage"},"thumbnailUrl":"https:\/\/svpchem.eu\/wp-content\/uploads\/2026\/02\/Kebulo-vaskas-CAR-wax-koreguotas.jpg","datePublished":"2026-02-24T08:54:29+00:00","description":"SVP Liquid Body Wax CAR WAX - Nadaje lakierowi samochodowemu po\u0142ysk i d\u0142ugotrwa\u0142\u0105 ochron\u0119 przed wilgoci\u0105, brudem i wp\u0142ywami \u015brodowiska. \u0141atwy w aplikacji, od\u015bwie\u017ca kolor i pomaga utrzyma\u0107 czysty, zadbany wygl\u0105d.","breadcrumb":{"@id":"https:\/\/svpchem.eu\/pl\/produktas\/wosk-samochodowy-w-plynie-svp\/#breadcrumb"},"inLanguage":"pl-PL","potentialAction":[{"@type":"ReadAction","target":["https:\/\/svpchem.eu\/pl\/produktas\/wosk-samochodowy-w-plynie-svp\/"]}]},{"@type":"ImageObject","inLanguage":"pl-PL","@id":"https:\/\/svpchem.eu\/pl\/produktas\/wosk-samochodowy-w-plynie-svp\/#primaryimage","url":"https:\/\/svpchem.eu\/wp-content\/uploads\/2026\/02\/Kebulo-vaskas-CAR-wax-koreguotas.jpg","contentUrl":"https:\/\/svpchem.eu\/wp-content\/uploads\/2026\/02\/Kebulo-vaskas-CAR-wax-koreguotas.jpg","width":1024,"height":1024},{"@type":"BreadcrumbList","@id":"https:\/\/svpchem.eu\/pl\/produktas\/wosk-samochodowy-w-plynie-svp\/#breadcrumb","itemListElement":[{"@type":"ListItem","position":1,"name":"Strona g\u0142\u00f3wna","item":"https:\/\/svpchem.eu\/pl\/o-nas\/"},{"@type":"ListItem","position":2,"name":"Sklep","item":"https:\/\/svpchem.eu\/pl\/sklep\/"},{"@type":"ListItem","position":3,"name":"Wosk samochodowy w p\u0142ynie SVP"}]},{"@type":"WebSite","@id":"https:\/\/svpchem.eu\/pl\/#website","url":"https:\/\/svpchem.eu\/pl\/","name":"svpchem.eu","description":"","publisher":{"@id":"https:\/\/svpchem.eu\/pl\/#organization"},"potentialAction":[{"@type":"SearchAction","target":{"@type":"EntryPoint","urlTemplate":"https:\/\/svpchem.eu\/pl\/?s={search_term_string}"},"query-input":{"@type":"PropertyValueSpecification","valueRequired":true,"valueName":"search_term_string"}}],"inLanguage":"pl-PL"},{"@type":"Organization","@id":"https:\/\/svpchem.eu\/pl\/#organization","name":"svpchem.eu","url":"https:\/\/svpchem.eu\/pl\/","logo":{"@type":"ImageObject","inLanguage":"pl-PL","@id":"https:\/\/svpchem.eu\/pl\/#\/schema\/logo\/image\/","url":"https:\/\/svpchem.eu\/wp-content\/uploads\/2025\/12\/logo_cropped_no_bg_20251217-1.png","contentUrl":"https:\/\/svpchem.eu\/wp-content\/uploads\/2025\/12\/logo_cropped_no_bg_20251217-1.png","width":851,"height":430,"caption":"svpchem.eu"},"image":{"@id":"https:\/\/svpchem.eu\/pl\/#\/schema\/logo\/image\/"}}]}},"_links":{"self":[{"href":"https:\/\/svpchem.eu\/pl\/wp-json\/wp\/v2\/product\/3530","targetHints":{"allow":["GET"]}}],"collection":[{"href":"https:\/\/svpchem.eu\/pl\/wp-json\/wp\/v2\/product"}],"about":[{"href":"https:\/\/svpchem.eu\/pl\/wp-json\/wp\/v2\/types\/product"}],"wp:featuredmedia":[{"embeddable":true,"href":"https:\/\/svpchem.eu\/pl\/wp-json\/wp\/v2\/media\/3365"}],"wp:attachment":[{"href":"https:\/\/svpchem.eu\/pl\/wp-json\/wp\/v2\/media?parent=3530"}],"wp:term":[{"taxonomy":"product_brand","embeddable":true,"href":"https:\/\/svpchem.eu\/pl\/wp-json\/wp\/v2\/product_brand?post=3530"},{"taxonomy":"product_cat","embeddable":true,"href":"https:\/\/svpchem.eu\/pl\/wp-json\/wp\/v2\/product_cat?post=3530"},{"taxonomy":"product_tag","embeddable":true,"href":"https:\/\/svpchem.eu\/pl\/wp-json\/wp\/v2\/product_tag?post=3530"}],"curies":[{"name":"wp","href":"https:\/\/api.w.org\/{rel}","templated":true}]}}